{"id":2031,"date":"2022-07-30T21:16:50","date_gmt":"2022-07-30T19:16:50","guid":{"rendered":"https:\/\/staging1.waw.pl\/?post_type=product&#038;p=2031"},"modified":"2025-05-19T18:14:48","modified_gmt":"2025-05-19T16:14:48","slug":"jordan-6-retro-travis-scott-british-khaki","status":"publish","type":"product","link":"https:\/\/shezamme.com\/en\/sklep\/buty\/nike\/nike-travis-scott\/jordan-6-retro-travis-scott-british-khaki\/","title":{"rendered":"Air Jordan 6 Retro Travis Scott British Khaki"},"content":{"rendered":"<h2>Air Jordan 6 Retro Travis Scott &#8222;British Khaki&#8221; \u2013 Styl outdoorowy w wyj\u0105tkowej ods\u0142onie<\/h2>\n<p>Air Jordan 6 Retro &#8222;British Khaki&#8221; to limitowana kolaboracja z Travisem Scottem, kt\u00f3ra \u0142\u0105czy militarny styl z elegancj\u0105. Zamsz premium w odcieniu khaki, kontrastowe kremowe i czerwone detale oraz charakterystyczne kieszonki na cholewce tworz\u0105 surowy, wyrazisty look idealny do stylizacji inspirowanych natur\u0105.<\/p>\n<h2>Funkcjonalno\u015b\u0107 i unikalne detale<\/h2>\n<p>Gumowa podeszwa z technologi\u0105 Air gwarantuje wygod\u0119, a p\u00f3\u0142przezroczyste elementy, kt\u00f3re \u015bwiec\u0105 w ciemno\u015bci, dodaj\u0105 nowoczesnego akcentu. Z logo Cactus Jack i charakterystycznymi detalami Travisa Scotta, ten model idealnie pasuje do miejskich i outdoorowych stylizacji, dodaj\u0105c im odwa\u017cnego charakteru.<\/p>","protected":false},"excerpt":{"rendered":"<h2>Air Jordan 6 Travis Scott &#8222;British Khaki&#8221; \u2013 Militarny styl z nut\u0105 przygody<\/h2>\n<p>Air Jordan 6 &#8222;British Khaki&#8221; w kolaboracji z Travisem Scottem \u0142\u0105czy ziemisty odcie\u0144 khaki z kremowymi i czerwonymi akcentami, tworz\u0105c wyrazisty, outdoorowy styl. Zamszowa cholewka z funkcjonalnymi kieszonkami i \u015bwiec\u0105ce w ciemno\u015bci detale podkre\u015blaj\u0105 wyj\u0105tkowy charakter tego modelu, idealnego do streetwearowych i przygodowych stylizacji.<\/p>","protected":false},"featured_media":2061,"template":"","meta":{"_acf_changed":false,"_yoast_wpseo_focuskw":"Jordan 6 Retro Travis Scott British Khaki","_yoast_wpseo_title":"","_yoast_wpseo_metadesc":""},"pwb-brand":[749,756,1086],"product_brand":[],"product_cat":[16,17,335,93,1161,1163],"product_tag":[1008,1009],"class_list":{"0":"post-2031","1":"product","2":"type-product","3":"status-publish","4":"has-post-thumbnail","6":"pwb-brand-air-jordan","7":"pwb-brand-nike","8":"pwb-brand-travis-scott","9":"product_cat-buty","10":"product_cat-air-jordan","11":"product_cat-air-jordan-6","12":"product_cat-nike","13":"product_cat-nike-air-jordan-x-travis-scott","14":"product_cat-nike-travis-scott","15":"product_tag-kobieta","16":"product_tag-mezczyzna","18":"first","19":"instock","20":"taxable","21":"shipping-taxable","22":"purchasable","23":"product-type-variable","24":"has-default-attributes"},"acf":[],"yoast_head":"<!-- This site is optimized with the Yoast SEO plugin v27.3 - https:\/\/yoast.com\/product\/yoast-seo-wordpress\/ -->\n<title>Air Jordan 6 Retro Travis Scott British Khaki - SHEZAMME<\/title>\n<meta name=\"description\" content=\"Air Jordan 6 Retro Travis Scott British Khaki | Luksusowe i autentyczne przedmioty w jednym miejscu. B\u0105d\u017a na bie\u017c\u0105co i sprawd\u017a nasz\u0105 ofert\u0119 ju\u017c teraz\" \/>\n<meta name=\"robots\" content=\"index, follow, max-snippet:-1, max-image-preview:large, max-video-preview:-1\" \/>\n<link rel=\"canonical\" href=\"https:\/\/shezamme.com\/en\/sklep\/sneakers-2\/nike\/nike-travis-scott\/jordan-6-retro-travis-scott-british-khaki\/\" \/>\n<meta property=\"og:locale\" content=\"en_US\" \/>\n<meta property=\"og:type\" content=\"article\" \/>\n<meta property=\"og:title\" content=\"Air Jordan 6 Retro Travis Scott British Khaki - SHEZAMME\" \/>\n<meta property=\"og:description\" content=\"Air Jordan 6 Retro Travis Scott British Khaki | Luksusowe i autentyczne przedmioty w jednym miejscu. B\u0105d\u017a na bie\u017c\u0105co i sprawd\u017a nasz\u0105 ofert\u0119 ju\u017c teraz\" \/>\n<meta property=\"og:url\" content=\"https:\/\/shezamme.com\/en\/sklep\/sneakers-2\/nike\/nike-travis-scott\/jordan-6-retro-travis-scott-british-khaki\/\" \/>\n<meta property=\"og:site_name\" content=\"SHEZAMME - Yeezy, Jordan, Supreme i inne oryginalne rzeczy\" \/>\n<meta property=\"article:publisher\" content=\"https:\/\/www.facebook.com\/SHEZAMME\/\" \/>\n<meta property=\"article:modified_time\" content=\"2025-05-19T16:14:48+00:00\" \/>\n<meta property=\"og:image\" content=\"https:\/\/shezamme.com\/wp-content\/uploads\/2022\/07\/khaki3.jpg\" \/>\n\t<meta property=\"og:image:width\" content=\"1125\" \/>\n\t<meta property=\"og:image:height\" content=\"1051\" \/>\n\t<meta property=\"og:image:type\" content=\"image\/jpeg\" \/>\n<meta name=\"twitter:card\" content=\"summary_large_image\" \/>\n<meta name=\"twitter:site\" content=\"@SHEZAMME\" \/>\n<meta name=\"twitter:label1\" content=\"Est. reading time\" \/>\n\t<meta name=\"twitter:data1\" content=\"1 minute\" \/>\n<script type=\"application\/ld+json\" class=\"yoast-schema-graph\">{\"@context\":\"https:\\\/\\\/schema.org\",\"@graph\":[{\"@type\":\"WebPage\",\"@id\":\"https:\\\/\\\/shezamme.com\\\/sklep\\\/buty\\\/nike\\\/nike-travis-scott\\\/jordan-6-retro-travis-scott-british-khaki\\\/\",\"url\":\"https:\\\/\\\/shezamme.com\\\/sklep\\\/buty\\\/nike\\\/nike-travis-scott\\\/jordan-6-retro-travis-scott-british-khaki\\\/\",\"name\":\"Air Jordan 6 Retro Travis Scott British Khaki - SHEZAMME\",\"isPartOf\":{\"@id\":\"https:\\\/\\\/shezamme.com\\\/#website\"},\"primaryImageOfPage\":{\"@id\":\"https:\\\/\\\/shezamme.com\\\/sklep\\\/buty\\\/nike\\\/nike-travis-scott\\\/jordan-6-retro-travis-scott-british-khaki\\\/#primaryimage\"},\"image\":{\"@id\":\"https:\\\/\\\/shezamme.com\\\/sklep\\\/buty\\\/nike\\\/nike-travis-scott\\\/jordan-6-retro-travis-scott-british-khaki\\\/#primaryimage\"},\"thumbnailUrl\":\"https:\\\/\\\/shezamme.com\\\/wp-content\\\/uploads\\\/2022\\\/07\\\/khaki3.jpg\",\"datePublished\":\"2022-07-30T19:16:50+00:00\",\"dateModified\":\"2025-05-19T16:14:48+00:00\",\"description\":\"Air Jordan 6 Retro Travis Scott British Khaki | Luksusowe i autentyczne przedmioty w jednym miejscu. B\u0105d\u017a na bie\u017c\u0105co i sprawd\u017a nasz\u0105 ofert\u0119 ju\u017c teraz\",\"breadcrumb\":{\"@id\":\"https:\\\/\\\/shezamme.com\\\/sklep\\\/buty\\\/nike\\\/nike-travis-scott\\\/jordan-6-retro-travis-scott-british-khaki\\\/#breadcrumb\"},\"inLanguage\":\"en-US\",\"potentialAction\":[{\"@type\":\"ReadAction\",\"target\":[\"https:\\\/\\\/shezamme.com\\\/sklep\\\/buty\\\/nike\\\/nike-travis-scott\\\/jordan-6-retro-travis-scott-british-khaki\\\/\"]}]},{\"@type\":\"ImageObject\",\"inLanguage\":\"en-US\",\"@id\":\"https:\\\/\\\/shezamme.com\\\/sklep\\\/buty\\\/nike\\\/nike-travis-scott\\\/jordan-6-retro-travis-scott-british-khaki\\\/#primaryimage\",\"url\":\"https:\\\/\\\/shezamme.com\\\/wp-content\\\/uploads\\\/2022\\\/07\\\/khaki3.jpg\",\"contentUrl\":\"https:\\\/\\\/shezamme.com\\\/wp-content\\\/uploads\\\/2022\\\/07\\\/khaki3.jpg\",\"width\":1125,\"height\":1051,\"caption\":\"Jordan 6 Retro Travis Scott British Khaki\"},{\"@type\":\"BreadcrumbList\",\"@id\":\"https:\\\/\\\/shezamme.com\\\/sklep\\\/buty\\\/nike\\\/nike-travis-scott\\\/jordan-6-retro-travis-scott-british-khaki\\\/#breadcrumb\",\"itemListElement\":[{\"@type\":\"ListItem\",\"position\":1,\"name\":\"Strona g\u0142\u00f3wna\",\"item\":\"https:\\\/\\\/shezamme.com\\\/\"},{\"@type\":\"ListItem\",\"position\":2,\"name\":\"Sklep\",\"item\":\"https:\\\/\\\/shezamme.com\\\/en\\\/sklep\\\/\"},{\"@type\":\"ListItem\",\"position\":3,\"name\":\"Air Jordan 6 Retro Travis Scott British Khaki\"}]},{\"@type\":\"WebSite\",\"@id\":\"https:\\\/\\\/shezamme.com\\\/#website\",\"url\":\"https:\\\/\\\/shezamme.com\\\/\",\"name\":\"SHEZAMME - Sneakersy, Streetwear i luksusowe marki\",\"description\":\"Oryginalne i ekskluzywne przedmioty w jednym miejscu. Sprawd\u017a nasze produkty ju\u017c teraz i b\u0105d\u017a na bie\u017c\u0105co z wszystkimi premierami.\",\"publisher\":{\"@id\":\"https:\\\/\\\/shezamme.com\\\/#organization\"},\"potentialAction\":[{\"@type\":\"SearchAction\",\"target\":{\"@type\":\"EntryPoint\",\"urlTemplate\":\"https:\\\/\\\/shezamme.com\\\/?s={search_term_string}\"},\"query-input\":{\"@type\":\"PropertyValueSpecification\",\"valueRequired\":true,\"valueName\":\"search_term_string\"}}],\"inLanguage\":\"en-US\"},{\"@type\":\"Organization\",\"@id\":\"https:\\\/\\\/shezamme.com\\\/#organization\",\"name\":\"SHEZAMME - Sneakersy, Streetwear i luksusowe marki\",\"url\":\"https:\\\/\\\/shezamme.com\\\/\",\"logo\":{\"@type\":\"ImageObject\",\"inLanguage\":\"en-US\",\"@id\":\"https:\\\/\\\/shezamme.com\\\/#\\\/schema\\\/logo\\\/image\\\/\",\"url\":\"https:\\\/\\\/shezamme.com\\\/wp-content\\\/uploads\\\/2023\\\/02\\\/0x0.png\",\"contentUrl\":\"https:\\\/\\\/shezamme.com\\\/wp-content\\\/uploads\\\/2023\\\/02\\\/0x0.png\",\"width\":2000,\"height\":2000,\"caption\":\"SHEZAMME - Sneakersy, Streetwear i luksusowe marki\"},\"image\":{\"@id\":\"https:\\\/\\\/shezamme.com\\\/#\\\/schema\\\/logo\\\/image\\\/\"},\"sameAs\":[\"https:\\\/\\\/www.facebook.com\\\/SHEZAMME\\\/\",\"https:\\\/\\\/x.com\\\/SHEZAMME\",\"https:\\\/\\\/www.instagram.com\\\/shezamme\\\/\",\"https:\\\/\\\/www.youtube.com\\\/channel\\\/UCsTJxi_9fODHdO_1bmJbqvQ\",\"https:\\\/\\\/www.tiktok.com\\\/shezamme.com\"]}]}<\/script>\n<!-- \/ Yoast SEO plugin. -->","yoast_head_json":{"title":"Air Jordan 6 Retro Travis Scott British Khaki - SHEZAMME","description":"Air Jordan 6 Retro Travis Scott British Khaki | Luksusowe i autentyczne przedmioty w jednym miejscu. B\u0105d\u017a na bie\u017c\u0105co i sprawd\u017a nasz\u0105 ofert\u0119 ju\u017c teraz","robots":{"index":"index","follow":"follow","max-snippet":"max-snippet:-1","max-image-preview":"max-image-preview:large","max-video-preview":"max-video-preview:-1"},"canonical":"https:\/\/shezamme.com\/en\/sklep\/sneakers-2\/nike\/nike-travis-scott\/jordan-6-retro-travis-scott-british-khaki\/","og_locale":"en_US","og_type":"article","og_title":"Air Jordan 6 Retro Travis Scott British Khaki - SHEZAMME","og_description":"Air Jordan 6 Retro Travis Scott British Khaki | Luksusowe i autentyczne przedmioty w jednym miejscu. B\u0105d\u017a na bie\u017c\u0105co i sprawd\u017a nasz\u0105 ofert\u0119 ju\u017c teraz","og_url":"https:\/\/shezamme.com\/en\/sklep\/sneakers-2\/nike\/nike-travis-scott\/jordan-6-retro-travis-scott-british-khaki\/","og_site_name":"SHEZAMME - Yeezy, Jordan, Supreme i inne oryginalne rzeczy","article_publisher":"https:\/\/www.facebook.com\/SHEZAMME\/","article_modified_time":"2025-05-19T16:14:48+00:00","og_image":[{"width":1125,"height":1051,"url":"https:\/\/shezamme.com\/wp-content\/uploads\/2022\/07\/khaki3.jpg","type":"image\/jpeg"}],"twitter_card":"summary_large_image","twitter_site":"@SHEZAMME","twitter_misc":{"Est. reading time":"1 minute"},"schema":{"@context":"https:\/\/schema.org","@graph":[{"@type":"WebPage","@id":"https:\/\/shezamme.com\/sklep\/buty\/nike\/nike-travis-scott\/jordan-6-retro-travis-scott-british-khaki\/","url":"https:\/\/shezamme.com\/sklep\/buty\/nike\/nike-travis-scott\/jordan-6-retro-travis-scott-british-khaki\/","name":"Air Jordan 6 Retro Travis Scott British Khaki - SHEZAMME","isPartOf":{"@id":"https:\/\/shezamme.com\/#website"},"primaryImageOfPage":{"@id":"https:\/\/shezamme.com\/sklep\/buty\/nike\/nike-travis-scott\/jordan-6-retro-travis-scott-british-khaki\/#primaryimage"},"image":{"@id":"https:\/\/shezamme.com\/sklep\/buty\/nike\/nike-travis-scott\/jordan-6-retro-travis-scott-british-khaki\/#primaryimage"},"thumbnailUrl":"https:\/\/shezamme.com\/wp-content\/uploads\/2022\/07\/khaki3.jpg","datePublished":"2022-07-30T19:16:50+00:00","dateModified":"2025-05-19T16:14:48+00:00","description":"Air Jordan 6 Retro Travis Scott British Khaki | Luksusowe i autentyczne przedmioty w jednym miejscu. B\u0105d\u017a na bie\u017c\u0105co i sprawd\u017a nasz\u0105 ofert\u0119 ju\u017c teraz","breadcrumb":{"@id":"https:\/\/shezamme.com\/sklep\/buty\/nike\/nike-travis-scott\/jordan-6-retro-travis-scott-british-khaki\/#breadcrumb"},"inLanguage":"en-US","potentialAction":[{"@type":"ReadAction","target":["https:\/\/shezamme.com\/sklep\/buty\/nike\/nike-travis-scott\/jordan-6-retro-travis-scott-british-khaki\/"]}]},{"@type":"ImageObject","inLanguage":"en-US","@id":"https:\/\/shezamme.com\/sklep\/buty\/nike\/nike-travis-scott\/jordan-6-retro-travis-scott-british-khaki\/#primaryimage","url":"https:\/\/shezamme.com\/wp-content\/uploads\/2022\/07\/khaki3.jpg","contentUrl":"https:\/\/shezamme.com\/wp-content\/uploads\/2022\/07\/khaki3.jpg","width":1125,"height":1051,"caption":"Jordan 6 Retro Travis Scott British Khaki"},{"@type":"BreadcrumbList","@id":"https:\/\/shezamme.com\/sklep\/buty\/nike\/nike-travis-scott\/jordan-6-retro-travis-scott-british-khaki\/#breadcrumb","itemListElement":[{"@type":"ListItem","position":1,"name":"Strona g\u0142\u00f3wna","item":"https:\/\/shezamme.com\/"},{"@type":"ListItem","position":2,"name":"Sklep","item":"https:\/\/shezamme.com\/en\/sklep\/"},{"@type":"ListItem","position":3,"name":"Air Jordan 6 Retro Travis Scott British Khaki"}]},{"@type":"WebSite","@id":"https:\/\/shezamme.com\/#website","url":"https:\/\/shezamme.com\/","name":"SHEZAMME - Sneakers, Streetwear and luxury brands","description":"Original and exclusive items in one place. Check out our products now and stay up to date with all launches.","publisher":{"@id":"https:\/\/shezamme.com\/#organization"},"potentialAction":[{"@type":"SearchAction","target":{"@type":"EntryPoint","urlTemplate":"https:\/\/shezamme.com\/?s={search_term_string}"},"query-input":{"@type":"PropertyValueSpecification","valueRequired":true,"valueName":"search_term_string"}}],"inLanguage":"en-US"},{"@type":"Organization","@id":"https:\/\/shezamme.com\/#organization","name":"SHEZAMME - Sneakers, Streetwear and luxury brands","url":"https:\/\/shezamme.com\/","logo":{"@type":"ImageObject","inLanguage":"en-US","@id":"https:\/\/shezamme.com\/#\/schema\/logo\/image\/","url":"https:\/\/shezamme.com\/wp-content\/uploads\/2023\/02\/0x0.png","contentUrl":"https:\/\/shezamme.com\/wp-content\/uploads\/2023\/02\/0x0.png","width":2000,"height":2000,"caption":"SHEZAMME - Sneakersy, Streetwear i luksusowe marki"},"image":{"@id":"https:\/\/shezamme.com\/#\/schema\/logo\/image\/"},"sameAs":["https:\/\/www.facebook.com\/SHEZAMME\/","https:\/\/x.com\/SHEZAMME","https:\/\/www.instagram.com\/shezamme\/","https:\/\/www.youtube.com\/channel\/UCsTJxi_9fODHdO_1bmJbqvQ","https:\/\/www.tiktok.com\/shezamme.com"]}]}},"brands":[{"id":749,"name":"Jordan","slug":"air-jordan"},{"id":756,"name":"Nike","slug":"nike"},{"id":1086,"name":"Travis Scott","slug":"travis-scott"}],"_links":{"self":[{"href":"https:\/\/shezamme.com\/en\/wp-json\/wp\/v2\/product\/2031","targetHints":{"allow":["GET"]}}],"collection":[{"href":"https:\/\/shezamme.com\/en\/wp-json\/wp\/v2\/product"}],"about":[{"href":"https:\/\/shezamme.com\/en\/wp-json\/wp\/v2\/types\/product"}],"wp:featuredmedia":[{"embeddable":true,"href":"https:\/\/shezamme.com\/en\/wp-json\/wp\/v2\/media\/2061"}],"wp:attachment":[{"href":"https:\/\/shezamme.com\/en\/wp-json\/wp\/v2\/media?parent=2031"}],"wp:term":[{"taxonomy":"pwb-brand","embeddable":true,"href":"https:\/\/shezamme.com\/en\/wp-json\/wp\/v2\/pwb-brand?post=2031"},{"taxonomy":"product_brand","embeddable":true,"href":"https:\/\/shezamme.com\/en\/wp-json\/wp\/v2\/product_brand?post=2031"},{"taxonomy":"product_cat","embeddable":true,"href":"https:\/\/shezamme.com\/en\/wp-json\/wp\/v2\/product_cat?post=2031"},{"taxonomy":"product_tag","embeddable":true,"href":"https:\/\/shezamme.com\/en\/wp-json\/wp\/v2\/product_tag?post=2031"}],"curies":[{"name":"wp","href":"https:\/\/api.w.org\/{rel}","templated":true}]}}