{"id":201875,"date":"2025-07-28T17:35:45","date_gmt":"2025-07-28T15:35:45","guid":{"rendered":"https:\/\/shezamme.com\/?post_type=product&#038;p=201875"},"modified":"2025-07-28T17:35:46","modified_gmt":"2025-07-28T15:35:46","slug":"yeezy-eagles-vultures-box-tee-black","status":"publish","type":"product","link":"https:\/\/shezamme.com\/en\/sklep\/koszulki\/wszystkie-koszulki\/yeezy-eagles-vultures-box-tee-black\/","title":{"rendered":"Yeezy Eagles Vultures Box Tee Black"},"content":{"rendered":"<h2 data-start=\"0\" data-end=\"79\"><strong data-start=\"4\" data-end=\"79\">Yeezy Eagles Vultures Box Tee Black: Minimalizm z Artystycznym Akcentem<\/strong><\/h2>\n<p data-start=\"81\" data-end=\"487\"><strong data-start=\"81\" data-end=\"120\">Yeezy Eagles Vultures Box Tee Black<\/strong> to <strong data-start=\"124\" data-end=\"143\">czarna koszulka<\/strong> od <strong data-start=\"147\" data-end=\"156\">Yeezy<\/strong>, kt\u00f3ra \u0142\u0105czy <strong data-start=\"170\" data-end=\"198\">prosty, klasyczny design<\/strong> z <strong data-start=\"201\" data-end=\"227\">artystycznym nadrukiem<\/strong>. Koszulka wyr\u00f3\u017cnia si\u0119 <strong data-start=\"251\" data-end=\"278\">minimalistycznym krojem<\/strong> and <strong data-start=\"284\" data-end=\"304\">mocnym nadrukiem<\/strong> przedstawiaj\u0105cym <strong data-start=\"322\" data-end=\"330\">or\u0142y<\/strong>, kt\u00f3re nadaj\u0105 jej <strong data-start=\"360\" data-end=\"391\">niepowtarzalnego charakteru<\/strong>. To doskona\u0142a propozycja dla os\u00f3b ceni\u0105cych <strong data-start=\"436\" data-end=\"461\" data-is-only-node=\"\">nowoczesny streetwear<\/strong> i <strong data-start=\"464\" data-end=\"486\">grafik\u0119 na odzie\u017cy<\/strong>.<\/p>\n<h2 data-start=\"489\" data-end=\"558\"><strong data-start=\"493\" data-end=\"558\">Design: Artystyczny Nadruk w Kontrasto\u0301w z Czarno-bia\u0142ym T\u0142em<\/strong><\/h2>\n<p data-start=\"560\" data-end=\"934\">Na <strong data-start=\"563\" data-end=\"584\">przodzie koszulki<\/strong> znajduje si\u0119 <strong data-start=\"598\" data-end=\"632\">nadruk z grafik\u0105 or\u0142\u00f3w<\/strong>, kt\u00f3ry nadaje jej <strong data-start=\"651\" data-end=\"673\">mocnego charakteru<\/strong>. <strong data-start=\"675\" data-end=\"697\">Czarna kolorystyka<\/strong> stanowi <strong data-start=\"706\" data-end=\"723\">doskona\u0142e t\u0142o<\/strong> dla nadruku, co podkre\u015bla <strong data-start=\"750\" data-end=\"765\">jego detale<\/strong> i nadaje koszulce <strong data-start=\"784\" data-end=\"808\">nowoczesnego wygl\u0105du<\/strong>. Po\u0142\u0105czenie <strong data-start=\"821\" data-end=\"841\">subtelnej czerni<\/strong> z <strong data-start=\"844\" data-end=\"878\">silnym, artystycznym nadrukiem<\/strong> sprawia, \u017ce koszulka wyr\u00f3\u017cnia si\u0119 na tle innych modeli.<\/p>\n<h2 data-start=\"936\" data-end=\"977\"><strong data-start=\"940\" data-end=\"977\">Materia\u0142: Komfort i Wysoka Jako\u015b\u0107<\/strong><\/h2>\n<p data-start=\"979\" data-end=\"1373\"><strong data-start=\"979\" data-end=\"1018\">Yeezy Eagles Vultures Box Tee Black<\/strong> wykonana jest z <strong data-start=\"1035\" data-end=\"1063\">wysokiej jako\u015bci bawe\u0142ny<\/strong>, co zapewnia <strong data-start=\"1077\" data-end=\"1088\">komfort<\/strong> i <strong data-start=\"1091\" data-end=\"1107\">oddychalno\u015b\u0107<\/strong> przez ca\u0142y dzie\u0144. <strong data-start=\"1126\" data-end=\"1144\">Regularny kr\u00f3j<\/strong> sprawia, \u017ce koszulka jest <strong data-start=\"1171\" data-end=\"1186\">uniwersalna<\/strong> i <strong data-start=\"1189\" data-end=\"1213\">\u0142atwa do zestawienia<\/strong> z innymi elementami garderoby. Dzi\u0119ki <strong data-start=\"1252\" data-end=\"1281\">oddychaj\u0105cemu materia\u0142owi<\/strong>, jest to doskona\u0142y wyb\u00f3r na <strong data-start=\"1310\" data-end=\"1328\">cieplejsze dni<\/strong> lub jako element <strong data-start=\"1346\" data-end=\"1372\">warstwowych stylizacji<\/strong>.<\/p>\n<h2 data-start=\"1375\" data-end=\"1414\"><strong data-start=\"1379\" data-end=\"1414\">Yeezy: Po\u0142\u0105czenie Mody i Sztuki<\/strong><\/h2>\n<p data-start=\"1416\" data-end=\"1736\"><strong data-start=\"1416\" data-end=\"1425\">Yeezy<\/strong> to marka, kt\u00f3ra od lat wyznacza trendy w <strong data-start=\"1467\" data-end=\"1483\">streetwearze<\/strong>, oferuj\u0105c produkty, kt\u00f3re \u0142\u0105cz\u0105 <strong data-start=\"1516\" data-end=\"1526\">sztuk\u0119<\/strong> z <strong data-start=\"1529\" data-end=\"1549\">funkcjonalno\u015bci\u0105<\/strong>. <strong data-start=\"1551\" data-end=\"1578\">Eagles Vultures Box Tee<\/strong> to doskona\u0142y przyk\u0142ad tej filozofii, \u0142\u0105cz\u0105c <strong data-start=\"1623\" data-end=\"1649\">minimalistyczny design<\/strong> z <strong data-start=\"1652\" data-end=\"1678\">artystycznym nadrukiem<\/strong>, kt\u00f3ry staje si\u0119 <strong data-start=\"1696\" data-end=\"1715\">mocnym akcentem<\/strong> w ka\u017cdej stylizacji.<\/p>","protected":false},"excerpt":{"rendered":"<h2><strong data-start=\"1777\" data-end=\"1816\">Yeezy Eagles Vultures Box Tee Black<\/strong><\/h2>\n<p><strong data-start=\"1777\" data-end=\"1816\">Yeezy Eagles Vultures Box Tee Black<\/strong> to <strong data-start=\"1820\" data-end=\"1839\">czarna koszulka<\/strong> z <strong data-start=\"1842\" data-end=\"1882\">artystycznym nadrukiem or\u0142\u00f3w<\/strong>. <strong data-start=\"1884\" data-end=\"1909\">Wysoka jako\u015b\u0107 bawe\u0142ny<\/strong>, <strong data-start=\"1911\" data-end=\"1930\">komfortowy kr\u00f3j<\/strong> and <strong data-start=\"1936\" data-end=\"1952\">mocny design<\/strong> sprawiaj\u0105, \u017ce jest to idealny wyb\u00f3r dla fan\u00f3w <strong data-start=\"1999\" data-end=\"2014\">streetwearu<\/strong> i <strong data-start=\"2017\" data-end=\"2037\">modnych akcent\u00f3w<\/strong> w odzie\u017cy.<\/p>","protected":false},"featured_media":201880,"template":"","meta":{"_acf_changed":false},"pwb-brand":[750],"product_brand":[],"product_cat":[140,999,903],"product_tag":[1008,1009],"class_list":{"0":"post-201875","1":"product","2":"type-product","3":"status-publish","4":"has-post-thumbnail","6":"pwb-brand-yeezy","7":"product_cat-koszulki","8":"product_cat-koszulki-yeezy","9":"product_cat-wszystkie-koszulki","10":"product_tag-kobieta","11":"product_tag-mezczyzna","12":"pa_rozmiar-ubrania-1135","13":"pa_rozmiar-ubrania-1136","14":"pa_rozmiar-ubrania-1137","16":"first","17":"onbackorder","18":"taxable","19":"shipping-taxable","20":"purchasable","21":"product-type-variable"},"acf":[],"yoast_head":"<!-- This site is optimized with the Yoast SEO plugin v27.2 - https:\/\/yoast.com\/product\/yoast-seo-wordpress\/ -->\n<title>Yeezy Eagles Vultures Box Tee Black - SHEZAMME<\/title>\n<meta name=\"description\" content=\"Yeezy Eagles Vultures Box Tee Black | Luksusowe i autentyczne przedmioty w jednym miejscu. B\u0105d\u017a na bie\u017c\u0105co i sprawd\u017a nasz\u0105 ofert\u0119 ju\u017c teraz\" \/>\n<meta name=\"robots\" content=\"index, follow, max-snippet:-1, max-image-preview:large, max-video-preview:-1\" \/>\n<link rel=\"canonical\" href=\"https:\/\/shezamme.com\/en\/sklep\/tshirts-2\/all-tshirts\/yeezy-eagles-vultures-box-tee-black\/\" \/>\n<meta property=\"og:locale\" content=\"en_US\" \/>\n<meta property=\"og:type\" content=\"article\" \/>\n<meta property=\"og:title\" content=\"Yeezy Eagles Vultures Box Tee Black - SHEZAMME\" \/>\n<meta property=\"og:description\" content=\"Yeezy Eagles Vultures Box Tee Black | Luksusowe i autentyczne przedmioty w jednym miejscu. B\u0105d\u017a na bie\u017c\u0105co i sprawd\u017a nasz\u0105 ofert\u0119 ju\u017c teraz\" \/>\n<meta property=\"og:url\" content=\"https:\/\/shezamme.com\/en\/sklep\/tshirts-2\/all-tshirts\/yeezy-eagles-vultures-box-tee-black\/\" \/>\n<meta property=\"og:site_name\" content=\"SHEZAMME - Yeezy, Jordan, Supreme i inne oryginalne rzeczy\" \/>\n<meta property=\"article:publisher\" content=\"https:\/\/www.facebook.com\/SHEZAMME\/\" \/>\n<meta property=\"article:modified_time\" content=\"2025-07-28T15:35:46+00:00\" \/>\n<meta property=\"og:image\" content=\"https:\/\/shezamme.com\/wp-content\/uploads\/2025\/07\/Yeezy-Eagles-Vultures-Box-Tee-Black-2.webp\" \/>\n\t<meta property=\"og:image:width\" content=\"1080\" \/>\n\t<meta property=\"og:image:height\" content=\"1080\" \/>\n\t<meta property=\"og:image:type\" content=\"image\/webp\" \/>\n<meta name=\"twitter:card\" content=\"summary_large_image\" \/>\n<meta name=\"twitter:site\" content=\"@SHEZAMME\" \/>\n<meta name=\"twitter:label1\" content=\"Est. reading time\" \/>\n\t<meta name=\"twitter:data1\" content=\"1 minute\" \/>\n<script type=\"application\/ld+json\" class=\"yoast-schema-graph\">{\"@context\":\"https:\/\/schema.org\",\"@graph\":[{\"@type\":\"WebPage\",\"@id\":\"https:\/\/shezamme.com\/sklep\/koszulki\/wszystkie-koszulki\/yeezy-eagles-vultures-box-tee-black\/\",\"url\":\"https:\/\/shezamme.com\/sklep\/koszulki\/wszystkie-koszulki\/yeezy-eagles-vultures-box-tee-black\/\",\"name\":\"Yeezy Eagles Vultures Box Tee Black - SHEZAMME\",\"isPartOf\":{\"@id\":\"https:\/\/shezamme.com\/#website\"},\"primaryImageOfPage\":{\"@id\":\"https:\/\/shezamme.com\/sklep\/koszulki\/wszystkie-koszulki\/yeezy-eagles-vultures-box-tee-black\/#primaryimage\"},\"image\":{\"@id\":\"https:\/\/shezamme.com\/sklep\/koszulki\/wszystkie-koszulki\/yeezy-eagles-vultures-box-tee-black\/#primaryimage\"},\"thumbnailUrl\":\"https:\/\/shezamme.com\/wp-content\/uploads\/2025\/07\/Yeezy-Eagles-Vultures-Box-Tee-Black-2.webp\",\"datePublished\":\"2025-07-28T15:35:45+00:00\",\"dateModified\":\"2025-07-28T15:35:46+00:00\",\"description\":\"Yeezy Eagles Vultures Box Tee Black | Luksusowe i autentyczne przedmioty w jednym miejscu. B\u0105d\u017a na bie\u017c\u0105co i sprawd\u017a nasz\u0105 ofert\u0119 ju\u017c teraz\",\"breadcrumb\":{\"@id\":\"https:\/\/shezamme.com\/sklep\/koszulki\/wszystkie-koszulki\/yeezy-eagles-vultures-box-tee-black\/#breadcrumb\"},\"inLanguage\":\"en-US\",\"potentialAction\":[{\"@type\":\"ReadAction\",\"target\":[\"https:\/\/shezamme.com\/sklep\/koszulki\/wszystkie-koszulki\/yeezy-eagles-vultures-box-tee-black\/\"]}]},{\"@type\":\"ImageObject\",\"inLanguage\":\"en-US\",\"@id\":\"https:\/\/shezamme.com\/sklep\/koszulki\/wszystkie-koszulki\/yeezy-eagles-vultures-box-tee-black\/#primaryimage\",\"url\":\"https:\/\/shezamme.com\/wp-content\/uploads\/2025\/07\/Yeezy-Eagles-Vultures-Box-Tee-Black-2.webp\",\"contentUrl\":\"https:\/\/shezamme.com\/wp-content\/uploads\/2025\/07\/Yeezy-Eagles-Vultures-Box-Tee-Black-2.webp\",\"width\":1080,\"height\":1080,\"caption\":\"Yeezy Eagles Vultures Box Tee Black\"},{\"@type\":\"BreadcrumbList\",\"@id\":\"https:\/\/shezamme.com\/sklep\/koszulki\/wszystkie-koszulki\/yeezy-eagles-vultures-box-tee-black\/#breadcrumb\",\"itemListElement\":[{\"@type\":\"ListItem\",\"position\":1,\"name\":\"Strona g\u0142\u00f3wna\",\"item\":\"https:\/\/shezamme.com\/\"},{\"@type\":\"ListItem\",\"position\":2,\"name\":\"Sklep\",\"item\":\"https:\/\/shezamme.com\/sklep\/\"},{\"@type\":\"ListItem\",\"position\":3,\"name\":\"Yeezy Eagles Vultures Box Tee Black\"}]},{\"@type\":\"WebSite\",\"@id\":\"https:\/\/shezamme.com\/#website\",\"url\":\"https:\/\/shezamme.com\/\",\"name\":\"SHEZAMME - Sneakersy, Streetwear i luksusowe marki\",\"description\":\"Oryginalne i ekskluzywne przedmioty w jednym miejscu. Sprawd\u017a nasze produkty ju\u017c teraz i b\u0105d\u017a na bie\u017c\u0105co z wszystkimi premierami.\",\"publisher\":{\"@id\":\"https:\/\/shezamme.com\/#organization\"},\"potentialAction\":[{\"@type\":\"SearchAction\",\"target\":{\"@type\":\"EntryPoint\",\"urlTemplate\":\"https:\/\/shezamme.com\/?s={search_term_string}\"},\"query-input\":{\"@type\":\"PropertyValueSpecification\",\"valueRequired\":true,\"valueName\":\"search_term_string\"}}],\"inLanguage\":\"en-US\"},{\"@type\":\"Organization\",\"@id\":\"https:\/\/shezamme.com\/#organization\",\"name\":\"SHEZAMME - Sneakersy, Streetwear i luksusowe marki\",\"url\":\"https:\/\/shezamme.com\/\",\"logo\":{\"@type\":\"ImageObject\",\"inLanguage\":\"en-US\",\"@id\":\"https:\/\/shezamme.com\/#\/schema\/logo\/image\/\",\"url\":\"https:\/\/shezamme.com\/wp-content\/uploads\/2023\/02\/0x0.png\",\"contentUrl\":\"https:\/\/shezamme.com\/wp-content\/uploads\/2023\/02\/0x0.png\",\"width\":2000,\"height\":2000,\"caption\":\"SHEZAMME - Sneakersy, Streetwear i luksusowe marki\"},\"image\":{\"@id\":\"https:\/\/shezamme.com\/#\/schema\/logo\/image\/\"},\"sameAs\":[\"https:\/\/www.facebook.com\/SHEZAMME\/\",\"https:\/\/x.com\/SHEZAMME\",\"https:\/\/www.instagram.com\/shezamme\/\",\"https:\/\/www.youtube.com\/channel\/UCsTJxi_9fODHdO_1bmJbqvQ\",\"https:\/\/www.tiktok.com\/shezamme.com\"]}]}<\/script>\n<!-- \/ Yoast SEO plugin. -->","yoast_head_json":{"title":"Yeezy Eagles Vultures Box Tee Black - SHEZAMME","description":"Yeezy Eagles Vultures Box Tee Black | Luksusowe i autentyczne przedmioty w jednym miejscu. B\u0105d\u017a na bie\u017c\u0105co i sprawd\u017a nasz\u0105 ofert\u0119 ju\u017c teraz","robots":{"index":"index","follow":"follow","max-snippet":"max-snippet:-1","max-image-preview":"max-image-preview:large","max-video-preview":"max-video-preview:-1"},"canonical":"https:\/\/shezamme.com\/en\/sklep\/tshirts-2\/all-tshirts\/yeezy-eagles-vultures-box-tee-black\/","og_locale":"en_US","og_type":"article","og_title":"Yeezy Eagles Vultures Box Tee Black - SHEZAMME","og_description":"Yeezy Eagles Vultures Box Tee Black | Luksusowe i autentyczne przedmioty w jednym miejscu. B\u0105d\u017a na bie\u017c\u0105co i sprawd\u017a nasz\u0105 ofert\u0119 ju\u017c teraz","og_url":"https:\/\/shezamme.com\/en\/sklep\/tshirts-2\/all-tshirts\/yeezy-eagles-vultures-box-tee-black\/","og_site_name":"SHEZAMME - Yeezy, Jordan, Supreme i inne oryginalne rzeczy","article_publisher":"https:\/\/www.facebook.com\/SHEZAMME\/","article_modified_time":"2025-07-28T15:35:46+00:00","og_image":[{"width":1080,"height":1080,"url":"https:\/\/shezamme.com\/wp-content\/uploads\/2025\/07\/Yeezy-Eagles-Vultures-Box-Tee-Black-2.webp","type":"image\/webp"}],"twitter_card":"summary_large_image","twitter_site":"@SHEZAMME","twitter_misc":{"Est. reading time":"1 minute"},"schema":{"@context":"https:\/\/schema.org","@graph":[{"@type":"WebPage","@id":"https:\/\/shezamme.com\/sklep\/koszulki\/wszystkie-koszulki\/yeezy-eagles-vultures-box-tee-black\/","url":"https:\/\/shezamme.com\/sklep\/koszulki\/wszystkie-koszulki\/yeezy-eagles-vultures-box-tee-black\/","name":"Yeezy Eagles Vultures Box Tee Black - SHEZAMME","isPartOf":{"@id":"https:\/\/shezamme.com\/#website"},"primaryImageOfPage":{"@id":"https:\/\/shezamme.com\/sklep\/koszulki\/wszystkie-koszulki\/yeezy-eagles-vultures-box-tee-black\/#primaryimage"},"image":{"@id":"https:\/\/shezamme.com\/sklep\/koszulki\/wszystkie-koszulki\/yeezy-eagles-vultures-box-tee-black\/#primaryimage"},"thumbnailUrl":"https:\/\/shezamme.com\/wp-content\/uploads\/2025\/07\/Yeezy-Eagles-Vultures-Box-Tee-Black-2.webp","datePublished":"2025-07-28T15:35:45+00:00","dateModified":"2025-07-28T15:35:46+00:00","description":"Yeezy Eagles Vultures Box Tee Black | Luksusowe i autentyczne przedmioty w jednym miejscu. B\u0105d\u017a na bie\u017c\u0105co i sprawd\u017a nasz\u0105 ofert\u0119 ju\u017c teraz","breadcrumb":{"@id":"https:\/\/shezamme.com\/sklep\/koszulki\/wszystkie-koszulki\/yeezy-eagles-vultures-box-tee-black\/#breadcrumb"},"inLanguage":"en-US","potentialAction":[{"@type":"ReadAction","target":["https:\/\/shezamme.com\/sklep\/koszulki\/wszystkie-koszulki\/yeezy-eagles-vultures-box-tee-black\/"]}]},{"@type":"ImageObject","inLanguage":"en-US","@id":"https:\/\/shezamme.com\/sklep\/koszulki\/wszystkie-koszulki\/yeezy-eagles-vultures-box-tee-black\/#primaryimage","url":"https:\/\/shezamme.com\/wp-content\/uploads\/2025\/07\/Yeezy-Eagles-Vultures-Box-Tee-Black-2.webp","contentUrl":"https:\/\/shezamme.com\/wp-content\/uploads\/2025\/07\/Yeezy-Eagles-Vultures-Box-Tee-Black-2.webp","width":1080,"height":1080,"caption":"Yeezy Eagles Vultures Box Tee Black"},{"@type":"BreadcrumbList","@id":"https:\/\/shezamme.com\/sklep\/koszulki\/wszystkie-koszulki\/yeezy-eagles-vultures-box-tee-black\/#breadcrumb","itemListElement":[{"@type":"ListItem","position":1,"name":"Strona g\u0142\u00f3wna","item":"https:\/\/shezamme.com\/"},{"@type":"ListItem","position":2,"name":"Sklep","item":"https:\/\/shezamme.com\/sklep\/"},{"@type":"ListItem","position":3,"name":"Yeezy Eagles Vultures Box Tee Black"}]},{"@type":"WebSite","@id":"https:\/\/shezamme.com\/#website","url":"https:\/\/shezamme.com\/","name":"SHEZAMME - Sneakers, Streetwear and luxury brands","description":"Original and exclusive items in one place. Check out our products now and stay up to date with all launches.","publisher":{"@id":"https:\/\/shezamme.com\/#organization"},"potentialAction":[{"@type":"SearchAction","target":{"@type":"EntryPoint","urlTemplate":"https:\/\/shezamme.com\/?s={search_term_string}"},"query-input":{"@type":"PropertyValueSpecification","valueRequired":true,"valueName":"search_term_string"}}],"inLanguage":"en-US"},{"@type":"Organization","@id":"https:\/\/shezamme.com\/#organization","name":"SHEZAMME - Sneakers, Streetwear and luxury brands","url":"https:\/\/shezamme.com\/","logo":{"@type":"ImageObject","inLanguage":"en-US","@id":"https:\/\/shezamme.com\/#\/schema\/logo\/image\/","url":"https:\/\/shezamme.com\/wp-content\/uploads\/2023\/02\/0x0.png","contentUrl":"https:\/\/shezamme.com\/wp-content\/uploads\/2023\/02\/0x0.png","width":2000,"height":2000,"caption":"SHEZAMME - Sneakersy, Streetwear i luksusowe marki"},"image":{"@id":"https:\/\/shezamme.com\/#\/schema\/logo\/image\/"},"sameAs":["https:\/\/www.facebook.com\/SHEZAMME\/","https:\/\/x.com\/SHEZAMME","https:\/\/www.instagram.com\/shezamme\/","https:\/\/www.youtube.com\/channel\/UCsTJxi_9fODHdO_1bmJbqvQ","https:\/\/www.tiktok.com\/shezamme.com"]}]}},"brands":[{"id":750,"name":"Yeezy","slug":"yeezy"}],"_links":{"self":[{"href":"https:\/\/shezamme.com\/en\/wp-json\/wp\/v2\/product\/201875","targetHints":{"allow":["GET"]}}],"collection":[{"href":"https:\/\/shezamme.com\/en\/wp-json\/wp\/v2\/product"}],"about":[{"href":"https:\/\/shezamme.com\/en\/wp-json\/wp\/v2\/types\/product"}],"wp:featuredmedia":[{"embeddable":true,"href":"https:\/\/shezamme.com\/en\/wp-json\/wp\/v2\/media\/201880"}],"wp:attachment":[{"href":"https:\/\/shezamme.com\/en\/wp-json\/wp\/v2\/media?parent=201875"}],"wp:term":[{"taxonomy":"pwb-brand","embeddable":true,"href":"https:\/\/shezamme.com\/en\/wp-json\/wp\/v2\/pwb-brand?post=201875"},{"taxonomy":"product_brand","embeddable":true,"href":"https:\/\/shezamme.com\/en\/wp-json\/wp\/v2\/product_brand?post=201875"},{"taxonomy":"product_cat","embeddable":true,"href":"https:\/\/shezamme.com\/en\/wp-json\/wp\/v2\/product_cat?post=201875"},{"taxonomy":"product_tag","embeddable":true,"href":"https:\/\/shezamme.com\/en\/wp-json\/wp\/v2\/product_tag?post=201875"}],"curies":[{"name":"wp","href":"https:\/\/api.w.org\/{rel}","templated":true}]}}