{"id":200904,"date":"2025-07-24T14:55:37","date_gmt":"2025-07-24T12:55:37","guid":{"rendered":"https:\/\/shezamme.com\/?post_type=product&#038;p=200904"},"modified":"2025-07-24T14:55:39","modified_gmt":"2025-07-24T12:55:39","slug":"reebok-engine-a-washed-black-grey","status":"publish","type":"product","link":"https:\/\/shezamme.com\/en\/sklep\/buty\/inne\/reebok-engine-a-washed-black-grey\/","title":{"rendered":"Reebok Engine A Washed Black Grey"},"content":{"rendered":"<h2 data-start=\"0\" data-end=\"78\"><strong data-start=\"4\" data-end=\"78\">Reebok Engine A Washed Black Grey: Miejski Styl z Nowoczesnym Akcentem<\/strong><\/h2>\n<p data-start=\"80\" data-end=\"411\"><strong data-start=\"80\" data-end=\"117\">Reebok Engine A Washed Black Grey<\/strong> to <strong data-start=\"121\" data-end=\"134\">sneakersy<\/strong>, kt\u00f3re \u0142\u0105cz\u0105 <strong data-start=\"148\" data-end=\"172\">futurystyczny design<\/strong> z <strong data-start=\"175\" data-end=\"199\">subteln\u0105 kolorystyk\u0105<\/strong>. Zainspirowane <strong data-start=\"215\" data-end=\"240\">nowoczesnymi trendami<\/strong>, buty te oferuj\u0105 <strong data-start=\"258\" data-end=\"278\">wyj\u0105tkowy wygl\u0105d<\/strong>, kt\u00f3ry \u0142\u0105czy <strong data-start=\"292\" data-end=\"311\">ciemne odcienie<\/strong> z <strong data-start=\"314\" data-end=\"341\">minimalistycznym stylem<\/strong>, doskonale pasuj\u0105c do miejskiego streetwearu i aktywnego trybu \u017cycia.<\/p>\n<h2 data-start=\"413\" data-end=\"456\"><strong data-start=\"417\" data-end=\"456\">Design: Subtelno\u015b\u0107 Ciemnych Kolor\u00f3w<\/strong><\/h2>\n<p data-start=\"458\" data-end=\"917\">Sneakers <strong data-start=\"463\" data-end=\"500\">Reebok Engine A Washed Black Grey<\/strong> wyr\u00f3\u017cniaj\u0105 si\u0119 <strong data-start=\"516\" data-end=\"542\">odcieniem Washed Black<\/strong>, kt\u00f3ry nadaje im <strong data-start=\"560\" data-end=\"584\">lekko postrz\u0119pionego<\/strong>, <strong data-start=\"586\" data-end=\"598\">zu\u017cytego<\/strong> charakteru, podkre\u015blaj\u0105c <strong data-start=\"624\" data-end=\"643\">retro atmosfer\u0119<\/strong>. <strong data-start=\"645\" data-end=\"670\">Szaro-srebrne akcenty<\/strong> na detale takie jak logo Reebok i wk\u0142adki nadaj\u0105 butom nowoczesny sznyt, jednocze\u015bnie zachowuj\u0105c klasyczny, <strong data-start=\"779\" data-end=\"795\">mocny design<\/strong>. <strong data-start=\"797\" data-end=\"819\">Ciemna kolorystyka<\/strong> sprawia, \u017ce sneakersy pasuj\u0105 do niemal ka\u017cdego <strong data-start=\"867\" data-end=\"878\">outfitu<\/strong>, nadaj\u0105c mu <strong data-start=\"891\" data-end=\"916\">miejskiego charakteru<\/strong>.<\/p>\n<h2 data-start=\"919\" data-end=\"956\"><strong data-start=\"923\" data-end=\"956\">Materia\u0142: Komfort i Wydajno\u015b\u0107<\/strong><\/h2>\n<p data-start=\"958\" data-end=\"1380\"><strong data-start=\"958\" data-end=\"995\">Reebok Engine A Washed Black Grey<\/strong> zosta\u0142y wykonane z <strong data-start=\"1015\" data-end=\"1046\">wysokiej jako\u015bci materia\u0142\u00f3w<\/strong>, kt\u00f3re zapewniaj\u0105 <strong data-start=\"1065\" data-end=\"1077\">trwa\u0142o\u015b\u0107<\/strong> i <strong data-start=\"1080\" data-end=\"1096\">oddychalno\u015b\u0107<\/strong>. <strong data-start=\"1098\" data-end=\"1118\">Mi\u0119kka wy\u015bci\u00f3\u0142ka<\/strong> and <strong data-start=\"1124\" data-end=\"1147\">elastyczna podeszwa<\/strong> gwarantuj\u0105 <strong data-start=\"1159\" data-end=\"1170\">komfort<\/strong> na ka\u017cdym kroku, a <strong data-start=\"1190\" data-end=\"1217\">innowacyjna konstrukcja<\/strong> podeszwy zapewnia <strong data-start=\"1236\" data-end=\"1258\">lepsz\u0105 amortyzacj\u0119<\/strong> i <strong data-start=\"1261\" data-end=\"1275\">stabilno\u015b\u0107<\/strong>. Buty s\u0105 idealne do <strong data-start=\"1296\" data-end=\"1318\" data-is-only-node=\"\">codziennego u\u017cytku<\/strong>, oferuj\u0105c <strong data-start=\"1329\" data-end=\"1348\">wszechstronno\u015b\u0107<\/strong> i <strong data-start=\"1351\" data-end=\"1361\">wygod\u0119<\/strong> w ka\u017cdej sytuacji.<\/p>\n<h2 data-start=\"1382\" data-end=\"1440\"><strong data-start=\"1386\" data-end=\"1440\">Reebok: Nowoczesna Funkcjonalno\u015b\u0107 w Miejskim Stylu<\/strong><\/h2>\n<p data-start=\"1442\" data-end=\"1820\"><strong data-start=\"1442\" data-end=\"1452\">Reebok<\/strong> to marka, kt\u00f3ra od lat \u0142\u0105czy <strong data-start=\"1482\" data-end=\"1497\">technologi\u0119<\/strong> i <strong data-start=\"1500\" data-end=\"1508\">mod\u0119<\/strong>, oferuj\u0105c produkty, kt\u00f3re wyr\u00f3\u017cniaj\u0105 si\u0119 zar\u00f3wno <strong data-start=\"1558\" data-end=\"1578\">funkcjonalno\u015bci\u0105<\/strong>, jak i <strong data-start=\"1586\" data-end=\"1607\">stylowym wygl\u0105dem<\/strong>. <strong data-start=\"1609\" data-end=\"1639\">Engine A Washed Black Grey<\/strong> to doskona\u0142y przyk\u0142ad tej filozofii \u2014 buty, kt\u00f3re \u0142\u0105cz\u0105 <strong data-start=\"1696\" data-end=\"1723\">innowacyjne technologie<\/strong> z <strong data-start=\"1726\" data-end=\"1759\">subtelnym, nowoczesnym stylem<\/strong>, tworz\u0105c obuwie, kt\u00f3re sprawdzi si\u0119 w ka\u017cdym, aktywnym dniu.<\/p>","protected":false},"excerpt":{"rendered":"<h2><strong>Reebok Engine A Washed Black Grey<\/strong><\/h2>\n<p><strong data-start=\"1861\" data-end=\"1898\">Reebok Engine A Washed Black Grey<\/strong> to <strong data-start=\"1902\" data-end=\"1915\">sneakersy<\/strong> w <strong data-start=\"1918\" data-end=\"1950\">ciemnym kolorze Washed Black<\/strong> z <strong data-start=\"1953\" data-end=\"1982\">szaro-srebrnymi akcentami<\/strong>. <strong data-start=\"1984\" data-end=\"2012\">Wysoka jako\u015b\u0107 materia\u0142\u00f3w<\/strong>, <strong data-start=\"2014\" data-end=\"2037\">wygodna konstrukcja<\/strong> and <strong data-start=\"2043\" data-end=\"2069\">minimalistyczny design<\/strong> sprawiaj\u0105, \u017ce to idealny wyb\u00f3r dla fan\u00f3w <strong data-start=\"2111\" data-end=\"2131\">miejskiego stylu<\/strong> i <strong data-start=\"2134\" data-end=\"2146\">komfortu<\/strong>.<\/p>","protected":false},"featured_media":200913,"template":"","meta":{"_acf_changed":false,"_yoast_wpseo_focuskw":"Reebok Engine A Washed Black Grey","_yoast_wpseo_title":"","_yoast_wpseo_metadesc":""},"pwb-brand":[982],"product_brand":[],"product_cat":[16,171],"product_tag":[1008,1009],"class_list":{"0":"post-200904","1":"product","2":"type-product","3":"status-publish","4":"has-post-thumbnail","6":"pwb-brand-reebok","7":"product_cat-buty","8":"product_cat-inne","9":"product_tag-kobieta","10":"product_tag-mezczyzna","12":"first","13":"onbackorder","14":"taxable","15":"shipping-taxable","16":"purchasable","17":"product-type-variable"},"acf":[],"yoast_head":"<!-- This site is optimized with the Yoast SEO plugin v27.3 - https:\/\/yoast.com\/product\/yoast-seo-wordpress\/ -->\n<title>Reebok Engine A Washed Black Grey - SHEZAMME<\/title>\n<meta name=\"description\" content=\"Reebok Engine A Washed Black Grey | Luksusowe i autentyczne przedmioty w jednym miejscu. B\u0105d\u017a na bie\u017c\u0105co i sprawd\u017a nasz\u0105 ofert\u0119 ju\u017c teraz\" \/>\n<meta name=\"robots\" content=\"index, follow, max-snippet:-1, max-image-preview:large, max-video-preview:-1\" \/>\n<link rel=\"canonical\" href=\"https:\/\/shezamme.com\/en\/sklep\/sneakers-2\/others\/reebok-engine-a-washed-black-grey\/\" \/>\n<meta property=\"og:locale\" content=\"en_US\" \/>\n<meta property=\"og:type\" content=\"article\" \/>\n<meta property=\"og:title\" content=\"Reebok Engine A Washed Black Grey - SHEZAMME\" \/>\n<meta property=\"og:description\" content=\"Reebok Engine A Washed Black Grey | Luksusowe i autentyczne przedmioty w jednym miejscu. B\u0105d\u017a na bie\u017c\u0105co i sprawd\u017a nasz\u0105 ofert\u0119 ju\u017c teraz\" \/>\n<meta property=\"og:url\" content=\"https:\/\/shezamme.com\/en\/sklep\/sneakers-2\/others\/reebok-engine-a-washed-black-grey\/\" \/>\n<meta property=\"og:site_name\" content=\"SHEZAMME - Yeezy, Jordan, Supreme i inne oryginalne rzeczy\" \/>\n<meta property=\"article:publisher\" content=\"https:\/\/www.facebook.com\/SHEZAMME\/\" \/>\n<meta property=\"article:modified_time\" content=\"2025-07-24T12:55:39+00:00\" \/>\n<meta property=\"og:image\" content=\"https:\/\/shezamme.com\/wp-content\/uploads\/2025\/07\/rbk-engine-a-blackout-1.webp\" \/>\n\t<meta property=\"og:image:width\" content=\"1080\" \/>\n\t<meta property=\"og:image:height\" content=\"1080\" \/>\n\t<meta property=\"og:image:type\" content=\"image\/webp\" \/>\n<meta name=\"twitter:card\" content=\"summary_large_image\" \/>\n<meta name=\"twitter:site\" content=\"@SHEZAMME\" \/>\n<meta name=\"twitter:label1\" content=\"Est. reading time\" \/>\n\t<meta name=\"twitter:data1\" content=\"1 minute\" \/>\n<script type=\"application\/ld+json\" class=\"yoast-schema-graph\">{\"@context\":\"https:\\\/\\\/schema.org\",\"@graph\":[{\"@type\":\"WebPage\",\"@id\":\"https:\\\/\\\/shezamme.com\\\/sklep\\\/buty\\\/inne\\\/reebok-engine-a-washed-black-grey\\\/\",\"url\":\"https:\\\/\\\/shezamme.com\\\/sklep\\\/buty\\\/inne\\\/reebok-engine-a-washed-black-grey\\\/\",\"name\":\"Reebok Engine A Washed Black Grey - SHEZAMME\",\"isPartOf\":{\"@id\":\"https:\\\/\\\/shezamme.com\\\/#website\"},\"primaryImageOfPage\":{\"@id\":\"https:\\\/\\\/shezamme.com\\\/sklep\\\/buty\\\/inne\\\/reebok-engine-a-washed-black-grey\\\/#primaryimage\"},\"image\":{\"@id\":\"https:\\\/\\\/shezamme.com\\\/sklep\\\/buty\\\/inne\\\/reebok-engine-a-washed-black-grey\\\/#primaryimage\"},\"thumbnailUrl\":\"https:\\\/\\\/shezamme.com\\\/wp-content\\\/uploads\\\/2025\\\/07\\\/rbk-engine-a-blackout-1.webp\",\"datePublished\":\"2025-07-24T12:55:37+00:00\",\"dateModified\":\"2025-07-24T12:55:39+00:00\",\"description\":\"Reebok Engine A Washed Black Grey | Luksusowe i autentyczne przedmioty w jednym miejscu. B\u0105d\u017a na bie\u017c\u0105co i sprawd\u017a nasz\u0105 ofert\u0119 ju\u017c teraz\",\"breadcrumb\":{\"@id\":\"https:\\\/\\\/shezamme.com\\\/sklep\\\/buty\\\/inne\\\/reebok-engine-a-washed-black-grey\\\/#breadcrumb\"},\"inLanguage\":\"en-US\",\"potentialAction\":[{\"@type\":\"ReadAction\",\"target\":[\"https:\\\/\\\/shezamme.com\\\/sklep\\\/buty\\\/inne\\\/reebok-engine-a-washed-black-grey\\\/\"]}]},{\"@type\":\"ImageObject\",\"inLanguage\":\"en-US\",\"@id\":\"https:\\\/\\\/shezamme.com\\\/sklep\\\/buty\\\/inne\\\/reebok-engine-a-washed-black-grey\\\/#primaryimage\",\"url\":\"https:\\\/\\\/shezamme.com\\\/wp-content\\\/uploads\\\/2025\\\/07\\\/rbk-engine-a-blackout-1.webp\",\"contentUrl\":\"https:\\\/\\\/shezamme.com\\\/wp-content\\\/uploads\\\/2025\\\/07\\\/rbk-engine-a-blackout-1.webp\",\"width\":1080,\"height\":1080,\"caption\":\"Reebok Engine A Washed Black Grey\"},{\"@type\":\"BreadcrumbList\",\"@id\":\"https:\\\/\\\/shezamme.com\\\/sklep\\\/buty\\\/inne\\\/reebok-engine-a-washed-black-grey\\\/#breadcrumb\",\"itemListElement\":[{\"@type\":\"ListItem\",\"position\":1,\"name\":\"Strona g\u0142\u00f3wna\",\"item\":\"https:\\\/\\\/shezamme.com\\\/\"},{\"@type\":\"ListItem\",\"position\":2,\"name\":\"Sklep\",\"item\":\"https:\\\/\\\/shezamme.com\\\/en\\\/sklep\\\/\"},{\"@type\":\"ListItem\",\"position\":3,\"name\":\"Reebok Engine A Washed Black Grey\"}]},{\"@type\":\"WebSite\",\"@id\":\"https:\\\/\\\/shezamme.com\\\/#website\",\"url\":\"https:\\\/\\\/shezamme.com\\\/\",\"name\":\"SHEZAMME - Sneakersy, Streetwear i luksusowe marki\",\"description\":\"Oryginalne i ekskluzywne przedmioty w jednym miejscu. Sprawd\u017a nasze produkty ju\u017c teraz i b\u0105d\u017a na bie\u017c\u0105co z wszystkimi premierami.\",\"publisher\":{\"@id\":\"https:\\\/\\\/shezamme.com\\\/#organization\"},\"potentialAction\":[{\"@type\":\"SearchAction\",\"target\":{\"@type\":\"EntryPoint\",\"urlTemplate\":\"https:\\\/\\\/shezamme.com\\\/?s={search_term_string}\"},\"query-input\":{\"@type\":\"PropertyValueSpecification\",\"valueRequired\":true,\"valueName\":\"search_term_string\"}}],\"inLanguage\":\"en-US\"},{\"@type\":\"Organization\",\"@id\":\"https:\\\/\\\/shezamme.com\\\/#organization\",\"name\":\"SHEZAMME - Sneakersy, Streetwear i luksusowe marki\",\"url\":\"https:\\\/\\\/shezamme.com\\\/\",\"logo\":{\"@type\":\"ImageObject\",\"inLanguage\":\"en-US\",\"@id\":\"https:\\\/\\\/shezamme.com\\\/#\\\/schema\\\/logo\\\/image\\\/\",\"url\":\"https:\\\/\\\/shezamme.com\\\/wp-content\\\/uploads\\\/2023\\\/02\\\/0x0.png\",\"contentUrl\":\"https:\\\/\\\/shezamme.com\\\/wp-content\\\/uploads\\\/2023\\\/02\\\/0x0.png\",\"width\":2000,\"height\":2000,\"caption\":\"SHEZAMME - Sneakersy, Streetwear i luksusowe marki\"},\"image\":{\"@id\":\"https:\\\/\\\/shezamme.com\\\/#\\\/schema\\\/logo\\\/image\\\/\"},\"sameAs\":[\"https:\\\/\\\/www.facebook.com\\\/SHEZAMME\\\/\",\"https:\\\/\\\/x.com\\\/SHEZAMME\",\"https:\\\/\\\/www.instagram.com\\\/shezamme\\\/\",\"https:\\\/\\\/www.youtube.com\\\/channel\\\/UCsTJxi_9fODHdO_1bmJbqvQ\",\"https:\\\/\\\/www.tiktok.com\\\/shezamme.com\"]}]}<\/script>\n<!-- \/ Yoast SEO plugin. -->","yoast_head_json":{"title":"Reebok Engine A Washed Black Grey - SHEZAMME","description":"Reebok Engine A Washed Black Grey | Luksusowe i autentyczne przedmioty w jednym miejscu. B\u0105d\u017a na bie\u017c\u0105co i sprawd\u017a nasz\u0105 ofert\u0119 ju\u017c teraz","robots":{"index":"index","follow":"follow","max-snippet":"max-snippet:-1","max-image-preview":"max-image-preview:large","max-video-preview":"max-video-preview:-1"},"canonical":"https:\/\/shezamme.com\/en\/sklep\/sneakers-2\/others\/reebok-engine-a-washed-black-grey\/","og_locale":"en_US","og_type":"article","og_title":"Reebok Engine A Washed Black Grey - SHEZAMME","og_description":"Reebok Engine A Washed Black Grey | Luksusowe i autentyczne przedmioty w jednym miejscu. B\u0105d\u017a na bie\u017c\u0105co i sprawd\u017a nasz\u0105 ofert\u0119 ju\u017c teraz","og_url":"https:\/\/shezamme.com\/en\/sklep\/sneakers-2\/others\/reebok-engine-a-washed-black-grey\/","og_site_name":"SHEZAMME - Yeezy, Jordan, Supreme i inne oryginalne rzeczy","article_publisher":"https:\/\/www.facebook.com\/SHEZAMME\/","article_modified_time":"2025-07-24T12:55:39+00:00","og_image":[{"width":1080,"height":1080,"url":"https:\/\/shezamme.com\/wp-content\/uploads\/2025\/07\/rbk-engine-a-blackout-1.webp","type":"image\/webp"}],"twitter_card":"summary_large_image","twitter_site":"@SHEZAMME","twitter_misc":{"Est. reading time":"1 minute"},"schema":{"@context":"https:\/\/schema.org","@graph":[{"@type":"WebPage","@id":"https:\/\/shezamme.com\/sklep\/buty\/inne\/reebok-engine-a-washed-black-grey\/","url":"https:\/\/shezamme.com\/sklep\/buty\/inne\/reebok-engine-a-washed-black-grey\/","name":"Reebok Engine A Washed Black Grey - SHEZAMME","isPartOf":{"@id":"https:\/\/shezamme.com\/#website"},"primaryImageOfPage":{"@id":"https:\/\/shezamme.com\/sklep\/buty\/inne\/reebok-engine-a-washed-black-grey\/#primaryimage"},"image":{"@id":"https:\/\/shezamme.com\/sklep\/buty\/inne\/reebok-engine-a-washed-black-grey\/#primaryimage"},"thumbnailUrl":"https:\/\/shezamme.com\/wp-content\/uploads\/2025\/07\/rbk-engine-a-blackout-1.webp","datePublished":"2025-07-24T12:55:37+00:00","dateModified":"2025-07-24T12:55:39+00:00","description":"Reebok Engine A Washed Black Grey | Luksusowe i autentyczne przedmioty w jednym miejscu. B\u0105d\u017a na bie\u017c\u0105co i sprawd\u017a nasz\u0105 ofert\u0119 ju\u017c teraz","breadcrumb":{"@id":"https:\/\/shezamme.com\/sklep\/buty\/inne\/reebok-engine-a-washed-black-grey\/#breadcrumb"},"inLanguage":"en-US","potentialAction":[{"@type":"ReadAction","target":["https:\/\/shezamme.com\/sklep\/buty\/inne\/reebok-engine-a-washed-black-grey\/"]}]},{"@type":"ImageObject","inLanguage":"en-US","@id":"https:\/\/shezamme.com\/sklep\/buty\/inne\/reebok-engine-a-washed-black-grey\/#primaryimage","url":"https:\/\/shezamme.com\/wp-content\/uploads\/2025\/07\/rbk-engine-a-blackout-1.webp","contentUrl":"https:\/\/shezamme.com\/wp-content\/uploads\/2025\/07\/rbk-engine-a-blackout-1.webp","width":1080,"height":1080,"caption":"Reebok Engine A Washed Black Grey"},{"@type":"BreadcrumbList","@id":"https:\/\/shezamme.com\/sklep\/buty\/inne\/reebok-engine-a-washed-black-grey\/#breadcrumb","itemListElement":[{"@type":"ListItem","position":1,"name":"Strona g\u0142\u00f3wna","item":"https:\/\/shezamme.com\/"},{"@type":"ListItem","position":2,"name":"Sklep","item":"https:\/\/shezamme.com\/en\/sklep\/"},{"@type":"ListItem","position":3,"name":"Reebok Engine A Washed Black Grey"}]},{"@type":"WebSite","@id":"https:\/\/shezamme.com\/#website","url":"https:\/\/shezamme.com\/","name":"SHEZAMME - Sneakers, Streetwear and luxury brands","description":"Original and exclusive items in one place. Check out our products now and stay up to date with all launches.","publisher":{"@id":"https:\/\/shezamme.com\/#organization"},"potentialAction":[{"@type":"SearchAction","target":{"@type":"EntryPoint","urlTemplate":"https:\/\/shezamme.com\/?s={search_term_string}"},"query-input":{"@type":"PropertyValueSpecification","valueRequired":true,"valueName":"search_term_string"}}],"inLanguage":"en-US"},{"@type":"Organization","@id":"https:\/\/shezamme.com\/#organization","name":"SHEZAMME - Sneakers, Streetwear and luxury brands","url":"https:\/\/shezamme.com\/","logo":{"@type":"ImageObject","inLanguage":"en-US","@id":"https:\/\/shezamme.com\/#\/schema\/logo\/image\/","url":"https:\/\/shezamme.com\/wp-content\/uploads\/2023\/02\/0x0.png","contentUrl":"https:\/\/shezamme.com\/wp-content\/uploads\/2023\/02\/0x0.png","width":2000,"height":2000,"caption":"SHEZAMME - Sneakersy, Streetwear i luksusowe marki"},"image":{"@id":"https:\/\/shezamme.com\/#\/schema\/logo\/image\/"},"sameAs":["https:\/\/www.facebook.com\/SHEZAMME\/","https:\/\/x.com\/SHEZAMME","https:\/\/www.instagram.com\/shezamme\/","https:\/\/www.youtube.com\/channel\/UCsTJxi_9fODHdO_1bmJbqvQ","https:\/\/www.tiktok.com\/shezamme.com"]}]}},"brands":[{"id":982,"name":"Reebok","slug":"reebok"}],"_links":{"self":[{"href":"https:\/\/shezamme.com\/en\/wp-json\/wp\/v2\/product\/200904","targetHints":{"allow":["GET"]}}],"collection":[{"href":"https:\/\/shezamme.com\/en\/wp-json\/wp\/v2\/product"}],"about":[{"href":"https:\/\/shezamme.com\/en\/wp-json\/wp\/v2\/types\/product"}],"wp:featuredmedia":[{"embeddable":true,"href":"https:\/\/shezamme.com\/en\/wp-json\/wp\/v2\/media\/200913"}],"wp:attachment":[{"href":"https:\/\/shezamme.com\/en\/wp-json\/wp\/v2\/media?parent=200904"}],"wp:term":[{"taxonomy":"pwb-brand","embeddable":true,"href":"https:\/\/shezamme.com\/en\/wp-json\/wp\/v2\/pwb-brand?post=200904"},{"taxonomy":"product_brand","embeddable":true,"href":"https:\/\/shezamme.com\/en\/wp-json\/wp\/v2\/product_brand?post=200904"},{"taxonomy":"product_cat","embeddable":true,"href":"https:\/\/shezamme.com\/en\/wp-json\/wp\/v2\/product_cat?post=200904"},{"taxonomy":"product_tag","embeddable":true,"href":"https:\/\/shezamme.com\/en\/wp-json\/wp\/v2\/product_tag?post=200904"}],"curies":[{"name":"wp","href":"https:\/\/api.w.org\/{rel}","templated":true}]}}