{"id":200901,"date":"2025-07-24T14:24:23","date_gmt":"2025-07-24T12:24:23","guid":{"rendered":"https:\/\/shezamme.com\/?post_type=product&#038;p=200901"},"modified":"2025-07-24T14:24:28","modified_gmt":"2025-07-24T12:24:28","slug":"reebok-club-c-85-white-green","status":"publish","type":"product","link":"https:\/\/shezamme.com\/en\/sklep\/buty\/inne\/reebok-club-c-85-white-green\/","title":{"rendered":"Reebok Club C 85 White Green"},"content":{"rendered":"<h2 data-start=\"0\" data-end=\"78\"><strong data-start=\"4\" data-end=\"78\">Reebok Club C 85 White Green: Klasyka, Kt\u00f3ra Nigdy Nie Wychodzi z Mody<\/strong><\/h2>\n<p data-start=\"80\" data-end=\"504\"><strong data-start=\"80\" data-end=\"112\">Reebok Club C 85 White Green<\/strong> to <strong data-start=\"116\" data-end=\"129\">sneakersy<\/strong>, kt\u00f3re \u0142\u0105cz\u0105 <strong data-start=\"143\" data-end=\"163\">czyst\u0105 elegancj\u0119<\/strong> z <strong data-start=\"166\" data-end=\"186\">sportowym stylem<\/strong>. Wykonane w <strong data-start=\"199\" data-end=\"216\">bia\u0142ej sk\u00f3rze<\/strong> z <strong data-start=\"219\" data-end=\"242\">zielonymi akcentami<\/strong>, te buty oferuj\u0105 <strong data-start=\"260\" data-end=\"283\">ponadczasowy wygl\u0105d<\/strong>, kt\u00f3ry doskonale wpisuje si\u0119 w <strong data-start=\"315\" data-end=\"337\">wsp\u00f3\u0142czesne trendy<\/strong> mody ulicznej. Dzi\u0119ki <strong data-start=\"360\" data-end=\"379\">retro designowi<\/strong> i <strong data-start=\"382\" data-end=\"406\">wygodnej konstrukcji<\/strong>, s\u0105 idealnym wyborem zar\u00f3wno do <strong data-start=\"439\" data-end=\"465\" data-is-only-node=\"\">codziennych stylizacji<\/strong>, jak i bardziej <strong data-start=\"482\" data-end=\"503\">sportowych look\u00f3w<\/strong>.<\/p>\n<h2 data-start=\"506\" data-end=\"545\"><strong data-start=\"510\" data-end=\"545\">Design: Subtelny Akcent Zieleni<\/strong><\/h2>\n<p data-start=\"547\" data-end=\"985\">Sneakers <strong data-start=\"552\" data-end=\"584\">Reebok Club C 85 White Green<\/strong> wyr\u00f3\u017cniaj\u0105 si\u0119 <strong data-start=\"600\" data-end=\"627\">bia\u0142\u0105 sk\u00f3rzan\u0105 cholewk\u0105<\/strong>, kt\u00f3ra nadaje im <strong data-start=\"645\" data-end=\"679\">czysty, minimalistyczny wygl\u0105d<\/strong>. <strong data-start=\"681\" data-end=\"700\">Zielone akcenty<\/strong> na <strong data-start=\"704\" data-end=\"724\">logotypie Reebok<\/strong>, <strong data-start=\"726\" data-end=\"743\">sznurowad\u0142ach<\/strong> and <strong data-start=\"749\" data-end=\"759\">pi\u0119cie<\/strong> dodaj\u0105 butom odrobiny <strong data-start=\"782\" data-end=\"802\">\u017cywego kontrastu<\/strong>, kt\u00f3ry nadaje im <strong data-start=\"820\" data-end=\"847\">nowoczesnego charakteru<\/strong>. To klasyczne po\u0142\u0105czenie <strong data-start=\"873\" data-end=\"882\">bieli<\/strong> z <strong data-start=\"885\" data-end=\"897\">zieleni\u0105<\/strong> sprawia, \u017ce buty pasuj\u0105 niemal do ka\u017cdej stylizacji, od <strong data-start=\"954\" data-end=\"967\">miejskich<\/strong> po <strong data-start=\"971\" data-end=\"984\">casualowe<\/strong>.<\/p>\n<h2 data-start=\"987\" data-end=\"1023\"><strong data-start=\"991\" data-end=\"1023\">Materia\u0142: Komfort i Trwa\u0142o\u015b\u0107<\/strong><\/h2>\n<p data-start=\"1025\" data-end=\"1387\"><strong data-start=\"1025\" data-end=\"1057\">Reebok Club C 85 White Green<\/strong> wykonane s\u0105 z <strong data-start=\"1072\" data-end=\"1109\">wysokiej jako\u015bci sk\u00f3ry naturalnej<\/strong>, co zapewnia <strong data-start=\"1123\" data-end=\"1135\">trwa\u0142o\u015b\u0107<\/strong> i <strong data-start=\"1138\" data-end=\"1154\">oddychalno\u015b\u0107<\/strong>. <strong data-start=\"1156\" data-end=\"1176\">Mi\u0119kka wy\u015bci\u00f3\u0142ka<\/strong> and <strong data-start=\"1182\" data-end=\"1205\">elastyczna podeszwa<\/strong> zapewniaj\u0105 <strong data-start=\"1217\" data-end=\"1228\">komfort<\/strong> przez ca\u0142y dzie\u0144, a tak\u017ce odpowiedni\u0105 <strong data-start=\"1267\" data-end=\"1282\">amortyzacj\u0119<\/strong>. Te sneakersy s\u0105 <strong data-start=\"1300\" data-end=\"1335\">idealne do codziennego noszenia<\/strong>, oferuj\u0105c wygod\u0119 i wsparcie przy ka\u017cdej aktywno\u015bci.<\/p>\n<h2 data-start=\"1389\" data-end=\"1439\"><strong data-start=\"1393\" data-end=\"1439\">Reebok: Po\u0142\u0105czenie Klasyki i Nowoczesno\u015bci<\/strong><\/h2>\n<p data-start=\"1441\" data-end=\"1816\"><strong data-start=\"1441\" data-end=\"1451\">Reebok<\/strong> to marka, kt\u00f3ra od lat tworzy produkty, kt\u00f3re \u0142\u0105cz\u0105 <strong data-start=\"1504\" data-end=\"1531\">sportow\u0105 funkcjonalno\u015b\u0107<\/strong> z <strong data-start=\"1534\" data-end=\"1553\">miejskim stylem<\/strong>. <strong data-start=\"1555\" data-end=\"1580\">Club C 85 White Green<\/strong> to jeden z najbardziej kultowych modeli, kt\u00f3ry od lat cieszy si\u0119 du\u017c\u0105 popularno\u015bci\u0105. Te <strong data-start=\"1669\" data-end=\"1682\">sneakersy<\/strong> s\u0105 <strong data-start=\"1686\" data-end=\"1701\">symboliczne<\/strong> dla marki, oferuj\u0105c <strong data-start=\"1722\" data-end=\"1732\">wygod\u0119<\/strong> i <strong data-start=\"1735\" data-end=\"1743\">styl<\/strong> w jednym, a ich <strong data-start=\"1760\" data-end=\"1777\">prosty design<\/strong> sprawia, \u017ce nigdy nie wychodz\u0105 z mody.<\/p>","protected":false},"excerpt":{"rendered":"<h2><strong>Reebok Club C 85 White Green<\/strong><\/h2>\n<p><strong data-start=\"1857\" data-end=\"1889\">Reebok Club C 85 White Green<\/strong> to <strong data-start=\"1893\" data-end=\"1906\">sneakersy<\/strong> z <strong data-start=\"1909\" data-end=\"1936\">bia\u0142\u0105 sk\u00f3rzan\u0105 cholewk\u0105<\/strong> i <strong data-start=\"1939\" data-end=\"1962\">zielonymi akcentami<\/strong>. <strong data-start=\"1964\" data-end=\"1992\">Wysoka jako\u015b\u0107 materia\u0142\u00f3w<\/strong>, <strong data-start=\"1994\" data-end=\"2020\">komfortowa konstrukcja<\/strong> and <strong data-start=\"2026\" data-end=\"2049\">ponadczasowy design<\/strong> sprawiaj\u0105, \u017ce to idealny wyb\u00f3r dla fan\u00f3w <strong data-start=\"2091\" data-end=\"2106\">streetwearu<\/strong> i <strong data-start=\"2109\" data-end=\"2130\">klasycznych but\u00f3w<\/strong>.<\/p>","protected":false},"featured_media":200920,"template":"","meta":{"_acf_changed":false},"pwb-brand":[982],"product_brand":[],"product_cat":[16,171],"product_tag":[1008,1009],"class_list":{"0":"post-200901","1":"product","2":"type-product","3":"status-publish","4":"has-post-thumbnail","6":"pwb-brand-reebok","7":"product_cat-buty","8":"product_cat-inne","9":"product_tag-kobieta","10":"product_tag-mezczyzna","12":"first","13":"onbackorder","14":"taxable","15":"shipping-taxable","16":"purchasable","17":"product-type-variable"},"acf":[],"yoast_head":"<!-- This site is optimized with the Yoast SEO plugin v27.2 - https:\/\/yoast.com\/product\/yoast-seo-wordpress\/ -->\n<title>Reebok Club C 85 White Green - SHEZAMME<\/title>\n<meta name=\"description\" content=\"Reebok Club C 85 White Green | Luksusowe i autentyczne przedmioty w jednym miejscu. B\u0105d\u017a na bie\u017c\u0105co i sprawd\u017a nasz\u0105 ofert\u0119 ju\u017c teraz\" \/>\n<meta name=\"robots\" content=\"index, follow, max-snippet:-1, max-image-preview:large, max-video-preview:-1\" \/>\n<link rel=\"canonical\" href=\"https:\/\/shezamme.com\/en\/sklep\/sneakers-2\/others\/reebok-club-c-85-white-green\/\" \/>\n<meta property=\"og:locale\" content=\"en_US\" \/>\n<meta property=\"og:type\" content=\"article\" \/>\n<meta property=\"og:title\" content=\"Reebok Club C 85 White Green - SHEZAMME\" \/>\n<meta property=\"og:description\" content=\"Reebok Club C 85 White Green | Luksusowe i autentyczne przedmioty w jednym miejscu. B\u0105d\u017a na bie\u017c\u0105co i sprawd\u017a nasz\u0105 ofert\u0119 ju\u017c teraz\" \/>\n<meta property=\"og:url\" content=\"https:\/\/shezamme.com\/en\/sklep\/sneakers-2\/others\/reebok-club-c-85-white-green\/\" \/>\n<meta property=\"og:site_name\" content=\"SHEZAMME - Yeezy, Jordan, Supreme i inne oryginalne rzeczy\" \/>\n<meta property=\"article:publisher\" content=\"https:\/\/www.facebook.com\/SHEZAMME\/\" \/>\n<meta property=\"article:modified_time\" content=\"2025-07-24T12:24:28+00:00\" \/>\n<meta property=\"og:image\" content=\"https:\/\/shezamme.com\/wp-content\/uploads\/2025\/07\/reebok-club-c-85-1-1.webp\" \/>\n\t<meta property=\"og:image:width\" content=\"1080\" \/>\n\t<meta property=\"og:image:height\" content=\"1080\" \/>\n\t<meta property=\"og:image:type\" content=\"image\/webp\" \/>\n<meta name=\"twitter:card\" content=\"summary_large_image\" \/>\n<meta name=\"twitter:site\" content=\"@SHEZAMME\" \/>\n<meta name=\"twitter:label1\" content=\"Est. reading time\" \/>\n\t<meta name=\"twitter:data1\" content=\"1 minute\" \/>\n<script type=\"application\/ld+json\" class=\"yoast-schema-graph\">{\"@context\":\"https:\/\/schema.org\",\"@graph\":[{\"@type\":\"WebPage\",\"@id\":\"https:\/\/shezamme.com\/sklep\/buty\/inne\/reebok-club-c-85-white-green\/\",\"url\":\"https:\/\/shezamme.com\/sklep\/buty\/inne\/reebok-club-c-85-white-green\/\",\"name\":\"Reebok Club C 85 White Green - SHEZAMME\",\"isPartOf\":{\"@id\":\"https:\/\/shezamme.com\/#website\"},\"primaryImageOfPage\":{\"@id\":\"https:\/\/shezamme.com\/sklep\/buty\/inne\/reebok-club-c-85-white-green\/#primaryimage\"},\"image\":{\"@id\":\"https:\/\/shezamme.com\/sklep\/buty\/inne\/reebok-club-c-85-white-green\/#primaryimage\"},\"thumbnailUrl\":\"https:\/\/shezamme.com\/wp-content\/uploads\/2025\/07\/reebok-club-c-85-1-1.webp\",\"datePublished\":\"2025-07-24T12:24:23+00:00\",\"dateModified\":\"2025-07-24T12:24:28+00:00\",\"description\":\"Reebok Club C 85 White Green | Luksusowe i autentyczne przedmioty w jednym miejscu. B\u0105d\u017a na bie\u017c\u0105co i sprawd\u017a nasz\u0105 ofert\u0119 ju\u017c teraz\",\"breadcrumb\":{\"@id\":\"https:\/\/shezamme.com\/sklep\/buty\/inne\/reebok-club-c-85-white-green\/#breadcrumb\"},\"inLanguage\":\"en-US\",\"potentialAction\":[{\"@type\":\"ReadAction\",\"target\":[\"https:\/\/shezamme.com\/sklep\/buty\/inne\/reebok-club-c-85-white-green\/\"]}]},{\"@type\":\"ImageObject\",\"inLanguage\":\"en-US\",\"@id\":\"https:\/\/shezamme.com\/sklep\/buty\/inne\/reebok-club-c-85-white-green\/#primaryimage\",\"url\":\"https:\/\/shezamme.com\/wp-content\/uploads\/2025\/07\/reebok-club-c-85-1-1.webp\",\"contentUrl\":\"https:\/\/shezamme.com\/wp-content\/uploads\/2025\/07\/reebok-club-c-85-1-1.webp\",\"width\":1080,\"height\":1080,\"caption\":\"Reebok Club C 85 White Green\"},{\"@type\":\"BreadcrumbList\",\"@id\":\"https:\/\/shezamme.com\/sklep\/buty\/inne\/reebok-club-c-85-white-green\/#breadcrumb\",\"itemListElement\":[{\"@type\":\"ListItem\",\"position\":1,\"name\":\"Strona g\u0142\u00f3wna\",\"item\":\"https:\/\/shezamme.com\/\"},{\"@type\":\"ListItem\",\"position\":2,\"name\":\"Sklep\",\"item\":\"https:\/\/shezamme.com\/sklep\/\"},{\"@type\":\"ListItem\",\"position\":3,\"name\":\"Reebok Club C 85 White Green\"}]},{\"@type\":\"WebSite\",\"@id\":\"https:\/\/shezamme.com\/#website\",\"url\":\"https:\/\/shezamme.com\/\",\"name\":\"SHEZAMME - Sneakersy, Streetwear i luksusowe marki\",\"description\":\"Oryginalne i ekskluzywne przedmioty w jednym miejscu. Sprawd\u017a nasze produkty ju\u017c teraz i b\u0105d\u017a na bie\u017c\u0105co z wszystkimi premierami.\",\"publisher\":{\"@id\":\"https:\/\/shezamme.com\/#organization\"},\"potentialAction\":[{\"@type\":\"SearchAction\",\"target\":{\"@type\":\"EntryPoint\",\"urlTemplate\":\"https:\/\/shezamme.com\/?s={search_term_string}\"},\"query-input\":{\"@type\":\"PropertyValueSpecification\",\"valueRequired\":true,\"valueName\":\"search_term_string\"}}],\"inLanguage\":\"en-US\"},{\"@type\":\"Organization\",\"@id\":\"https:\/\/shezamme.com\/#organization\",\"name\":\"SHEZAMME - Sneakersy, Streetwear i luksusowe marki\",\"url\":\"https:\/\/shezamme.com\/\",\"logo\":{\"@type\":\"ImageObject\",\"inLanguage\":\"en-US\",\"@id\":\"https:\/\/shezamme.com\/#\/schema\/logo\/image\/\",\"url\":\"https:\/\/shezamme.com\/wp-content\/uploads\/2023\/02\/0x0.png\",\"contentUrl\":\"https:\/\/shezamme.com\/wp-content\/uploads\/2023\/02\/0x0.png\",\"width\":2000,\"height\":2000,\"caption\":\"SHEZAMME - Sneakersy, Streetwear i luksusowe marki\"},\"image\":{\"@id\":\"https:\/\/shezamme.com\/#\/schema\/logo\/image\/\"},\"sameAs\":[\"https:\/\/www.facebook.com\/SHEZAMME\/\",\"https:\/\/x.com\/SHEZAMME\",\"https:\/\/www.instagram.com\/shezamme\/\",\"https:\/\/www.youtube.com\/channel\/UCsTJxi_9fODHdO_1bmJbqvQ\",\"https:\/\/www.tiktok.com\/shezamme.com\"]}]}<\/script>\n<!-- \/ Yoast SEO plugin. -->","yoast_head_json":{"title":"Reebok Club C 85 White Green - SHEZAMME","description":"Reebok Club C 85 White Green | Luksusowe i autentyczne przedmioty w jednym miejscu. B\u0105d\u017a na bie\u017c\u0105co i sprawd\u017a nasz\u0105 ofert\u0119 ju\u017c teraz","robots":{"index":"index","follow":"follow","max-snippet":"max-snippet:-1","max-image-preview":"max-image-preview:large","max-video-preview":"max-video-preview:-1"},"canonical":"https:\/\/shezamme.com\/en\/sklep\/sneakers-2\/others\/reebok-club-c-85-white-green\/","og_locale":"en_US","og_type":"article","og_title":"Reebok Club C 85 White Green - SHEZAMME","og_description":"Reebok Club C 85 White Green | Luksusowe i autentyczne przedmioty w jednym miejscu. B\u0105d\u017a na bie\u017c\u0105co i sprawd\u017a nasz\u0105 ofert\u0119 ju\u017c teraz","og_url":"https:\/\/shezamme.com\/en\/sklep\/sneakers-2\/others\/reebok-club-c-85-white-green\/","og_site_name":"SHEZAMME - Yeezy, Jordan, Supreme i inne oryginalne rzeczy","article_publisher":"https:\/\/www.facebook.com\/SHEZAMME\/","article_modified_time":"2025-07-24T12:24:28+00:00","og_image":[{"width":1080,"height":1080,"url":"https:\/\/shezamme.com\/wp-content\/uploads\/2025\/07\/reebok-club-c-85-1-1.webp","type":"image\/webp"}],"twitter_card":"summary_large_image","twitter_site":"@SHEZAMME","twitter_misc":{"Est. reading time":"1 minute"},"schema":{"@context":"https:\/\/schema.org","@graph":[{"@type":"WebPage","@id":"https:\/\/shezamme.com\/sklep\/buty\/inne\/reebok-club-c-85-white-green\/","url":"https:\/\/shezamme.com\/sklep\/buty\/inne\/reebok-club-c-85-white-green\/","name":"Reebok Club C 85 White Green - SHEZAMME","isPartOf":{"@id":"https:\/\/shezamme.com\/#website"},"primaryImageOfPage":{"@id":"https:\/\/shezamme.com\/sklep\/buty\/inne\/reebok-club-c-85-white-green\/#primaryimage"},"image":{"@id":"https:\/\/shezamme.com\/sklep\/buty\/inne\/reebok-club-c-85-white-green\/#primaryimage"},"thumbnailUrl":"https:\/\/shezamme.com\/wp-content\/uploads\/2025\/07\/reebok-club-c-85-1-1.webp","datePublished":"2025-07-24T12:24:23+00:00","dateModified":"2025-07-24T12:24:28+00:00","description":"Reebok Club C 85 White Green | Luksusowe i autentyczne przedmioty w jednym miejscu. B\u0105d\u017a na bie\u017c\u0105co i sprawd\u017a nasz\u0105 ofert\u0119 ju\u017c teraz","breadcrumb":{"@id":"https:\/\/shezamme.com\/sklep\/buty\/inne\/reebok-club-c-85-white-green\/#breadcrumb"},"inLanguage":"en-US","potentialAction":[{"@type":"ReadAction","target":["https:\/\/shezamme.com\/sklep\/buty\/inne\/reebok-club-c-85-white-green\/"]}]},{"@type":"ImageObject","inLanguage":"en-US","@id":"https:\/\/shezamme.com\/sklep\/buty\/inne\/reebok-club-c-85-white-green\/#primaryimage","url":"https:\/\/shezamme.com\/wp-content\/uploads\/2025\/07\/reebok-club-c-85-1-1.webp","contentUrl":"https:\/\/shezamme.com\/wp-content\/uploads\/2025\/07\/reebok-club-c-85-1-1.webp","width":1080,"height":1080,"caption":"Reebok Club C 85 White Green"},{"@type":"BreadcrumbList","@id":"https:\/\/shezamme.com\/sklep\/buty\/inne\/reebok-club-c-85-white-green\/#breadcrumb","itemListElement":[{"@type":"ListItem","position":1,"name":"Strona g\u0142\u00f3wna","item":"https:\/\/shezamme.com\/"},{"@type":"ListItem","position":2,"name":"Sklep","item":"https:\/\/shezamme.com\/sklep\/"},{"@type":"ListItem","position":3,"name":"Reebok Club C 85 White Green"}]},{"@type":"WebSite","@id":"https:\/\/shezamme.com\/#website","url":"https:\/\/shezamme.com\/","name":"SHEZAMME - Sneakers, Streetwear and luxury brands","description":"Original and exclusive items in one place. Check out our products now and stay up to date with all launches.","publisher":{"@id":"https:\/\/shezamme.com\/#organization"},"potentialAction":[{"@type":"SearchAction","target":{"@type":"EntryPoint","urlTemplate":"https:\/\/shezamme.com\/?s={search_term_string}"},"query-input":{"@type":"PropertyValueSpecification","valueRequired":true,"valueName":"search_term_string"}}],"inLanguage":"en-US"},{"@type":"Organization","@id":"https:\/\/shezamme.com\/#organization","name":"SHEZAMME - Sneakers, Streetwear and luxury brands","url":"https:\/\/shezamme.com\/","logo":{"@type":"ImageObject","inLanguage":"en-US","@id":"https:\/\/shezamme.com\/#\/schema\/logo\/image\/","url":"https:\/\/shezamme.com\/wp-content\/uploads\/2023\/02\/0x0.png","contentUrl":"https:\/\/shezamme.com\/wp-content\/uploads\/2023\/02\/0x0.png","width":2000,"height":2000,"caption":"SHEZAMME - Sneakersy, Streetwear i luksusowe marki"},"image":{"@id":"https:\/\/shezamme.com\/#\/schema\/logo\/image\/"},"sameAs":["https:\/\/www.facebook.com\/SHEZAMME\/","https:\/\/x.com\/SHEZAMME","https:\/\/www.instagram.com\/shezamme\/","https:\/\/www.youtube.com\/channel\/UCsTJxi_9fODHdO_1bmJbqvQ","https:\/\/www.tiktok.com\/shezamme.com"]}]}},"brands":[{"id":982,"name":"Reebok","slug":"reebok"}],"_links":{"self":[{"href":"https:\/\/shezamme.com\/en\/wp-json\/wp\/v2\/product\/200901","targetHints":{"allow":["GET"]}}],"collection":[{"href":"https:\/\/shezamme.com\/en\/wp-json\/wp\/v2\/product"}],"about":[{"href":"https:\/\/shezamme.com\/en\/wp-json\/wp\/v2\/types\/product"}],"wp:featuredmedia":[{"embeddable":true,"href":"https:\/\/shezamme.com\/en\/wp-json\/wp\/v2\/media\/200920"}],"wp:attachment":[{"href":"https:\/\/shezamme.com\/en\/wp-json\/wp\/v2\/media?parent=200901"}],"wp:term":[{"taxonomy":"pwb-brand","embeddable":true,"href":"https:\/\/shezamme.com\/en\/wp-json\/wp\/v2\/pwb-brand?post=200901"},{"taxonomy":"product_brand","embeddable":true,"href":"https:\/\/shezamme.com\/en\/wp-json\/wp\/v2\/product_brand?post=200901"},{"taxonomy":"product_cat","embeddable":true,"href":"https:\/\/shezamme.com\/en\/wp-json\/wp\/v2\/product_cat?post=200901"},{"taxonomy":"product_tag","embeddable":true,"href":"https:\/\/shezamme.com\/en\/wp-json\/wp\/v2\/product_tag?post=200901"}],"curies":[{"name":"wp","href":"https:\/\/api.w.org\/{rel}","templated":true}]}}