{"id":200114,"date":"2025-07-12T14:56:04","date_gmt":"2025-07-12T12:56:04","guid":{"rendered":"https:\/\/shezamme.com\/?post_type=product&#038;p=200114"},"modified":"2025-07-12T14:56:38","modified_gmt":"2025-07-12T12:56:38","slug":"trapstar-irongate-t-snake-slayer-hoodie-black","status":"publish","type":"product","link":"https:\/\/shezamme.com\/en\/sklep\/bluzy\/wszystkie-bluzy\/trapstar-irongate-t-snake-slayer-hoodie-black\/","title":{"rendered":"Trapstar Irongate T Snake Slayer Hoodie Black"},"content":{"rendered":"<h2 data-start=\"0\" data-end=\"90\"><strong data-start=\"4\" data-end=\"90\">Trapstar Irongate T Snake Slayer Hoodie Black: Miejski Styl z Wyj\u0105tkowym Nadrukiem<\/strong><\/h2>\n<p data-start=\"92\" data-end=\"432\"><strong data-start=\"92\" data-end=\"141\">Trapstar Irongate T Snake Slayer Hoodie Black<\/strong> to <strong data-start=\"145\" data-end=\"161\">czarna bluza<\/strong> typu hoodie, kt\u00f3ra \u0142\u0105czy <strong data-start=\"187\" data-end=\"205\">funkcjonalno\u015b\u0107<\/strong>, <strong data-start=\"207\" data-end=\"217\">wygod\u0119<\/strong> i <strong data-start=\"220\" data-end=\"238\">odwa\u017cny design<\/strong>. Zaprojektowana przez <strong data-start=\"261\" data-end=\"279\">mark\u0119 Trapstar<\/strong>, znan\u0105 z \u0142\u0105czenia <strong data-start=\"298\" data-end=\"333\">mocnych motyw\u00f3w streetwearowych<\/strong> z <strong data-start=\"336\" data-end=\"365\">wysok\u0105 jako\u015bci\u0105 wykonania<\/strong>, ta bluza z pewno\u015bci\u0105 przyci\u0105gnie uwag\u0119 mi\u0142o\u015bnik\u00f3w mody miejskiej.<\/p>\n<h2 data-start=\"434\" data-end=\"499\"><strong data-start=\"438\" data-end=\"499\">Design: Snake Slayer \u2013 Odwa\u017cny Motyw i Dynamiczna Grafika<\/strong><\/h2>\n<p data-start=\"501\" data-end=\"943\">Bluza wyr\u00f3\u017cnia si\u0119 <strong data-start=\"520\" data-end=\"546\">nadrukiem Snake Slayer<\/strong> na <strong data-start=\"550\" data-end=\"562\">przodzie<\/strong>, kt\u00f3ry przyci\u0105ga wzrok swoj\u0105 <strong data-start=\"592\" data-end=\"611\">mroczn\u0105 grafik\u0105<\/strong>. <strong data-start=\"613\" data-end=\"627\">Motyw w\u0119\u017ca<\/strong> symbolizuje <strong data-start=\"640\" data-end=\"648\">si\u0142\u0119<\/strong>, <strong data-start=\"650\" data-end=\"663\">przemian\u0119<\/strong> and <strong data-start=\"669\" data-end=\"690\">niebezpiecze\u0144stwo<\/strong>, co idealnie wpisuje si\u0119 w <strong data-start=\"718\" data-end=\"737\">mocny charakter<\/strong> tej odzie\u017cy. <strong data-start=\"751\" data-end=\"773\">Czarna kolorystyka<\/strong> doskonale wsp\u00f3\u0142gra z wyrazistym nadrukiem, tworz\u0105c sp\u00f3jn\u0105, ale intryguj\u0105c\u0105 ca\u0142o\u015b\u0107. To bluza, kt\u00f3ra nie tylko zapewnia wygod\u0119, ale r\u00f3wnie\u017c <strong data-start=\"912\" data-end=\"942\">daje wyraz indywidualno\u015bci<\/strong>.<\/p>\n<h2 data-start=\"945\" data-end=\"981\"><strong data-start=\"949\" data-end=\"981\">Materia\u0142: Komfort i Trwa\u0142o\u015b\u0107<\/strong><\/h2>\n<p data-start=\"983\" data-end=\"1484\"><strong data-start=\"983\" data-end=\"1032\">Trapstar Irongate T Snake Slayer Hoodie Black<\/strong> zosta\u0142a wykonana z <strong data-start=\"1052\" data-end=\"1080\">wysokiej jako\u015bci bawe\u0142ny<\/strong>, co zapewnia <strong data-start=\"1094\" data-end=\"1122\">odpowiedni\u0105 elastyczno\u015b\u0107<\/strong>, <strong data-start=\"1124\" data-end=\"1136\">mi\u0119kko\u015b\u0107<\/strong> i <strong data-start=\"1139\" data-end=\"1150\">komfort<\/strong> przez ca\u0142y dzie\u0144. <strong data-start=\"1169\" data-end=\"1187\">Regularny kr\u00f3j<\/strong> i <strong data-start=\"1190\" data-end=\"1221\">przyjemny w dotyku materia\u0142<\/strong> sprawiaj\u0105, \u017ce jest to idealny wyb\u00f3r na <strong data-start=\"1261\" data-end=\"1283\">codzienne noszenie<\/strong>, zapewniaj\u0105c <strong data-start=\"1297\" data-end=\"1314\">swobod\u0119 ruchu<\/strong> i <strong data-start=\"1317\" data-end=\"1327\">wygod\u0119<\/strong>. Dodatkowo, bluza posiada <strong data-start=\"1354\" data-end=\"1375\" data-is-only-node=\"\">sznurowany kaptur<\/strong> i <strong data-start=\"1378\" data-end=\"1417\">\u015bci\u0105gacze przy r\u0119kawach oraz u do\u0142u<\/strong>, co zwi\u0119ksza jej <strong data-start=\"1435\" data-end=\"1453\">funkcjonalno\u015b\u0107<\/strong> i <strong data-start=\"1456\" data-end=\"1483\">dopasowanie do sylwetki<\/strong>.<\/p>\n<h2 data-start=\"1486\" data-end=\"1535\"><strong data-start=\"1490\" data-end=\"1535\">Trapstar: Miejski Styl i Wyj\u0105tkowy Design<\/strong><\/h2>\n<p data-start=\"1537\" data-end=\"1932\">Marka <strong data-start=\"1543\" data-end=\"1555\">Trapstar<\/strong> to jedna z najbardziej rozpoznawalnych w <strong data-start=\"1597\" data-end=\"1613\">streetwearze<\/strong>, kt\u00f3ra w swoich projektach \u0142\u0105czy <strong data-start=\"1647\" data-end=\"1668\">artystyczny wyraz<\/strong> z <strong data-start=\"1671\" data-end=\"1700\">wysok\u0105 jako\u015bci\u0105 wykonania<\/strong>. <strong data-start=\"1702\" data-end=\"1742\">Irongate T Snake Slayer Hoodie Black<\/strong> to doskona\u0142y przyk\u0142ad tego, jak <strong data-start=\"1775\" data-end=\"1787\">Trapstar<\/strong> potrafi \u0142\u0105czy\u0107 <strong data-start=\"1803\" data-end=\"1821\">odwa\u017cne motywy<\/strong> z <strong data-start=\"1824\" data-end=\"1843\">wysok\u0105 jako\u015bci\u0105<\/strong>, oferuj\u0105c produkty, kt\u00f3re wyr\u00f3\u017cniaj\u0105 si\u0119 <strong data-start=\"1885\" data-end=\"1906\">stylowym designem<\/strong> i <strong data-start=\"1909\" data-end=\"1931\">komfortem noszenia<\/strong>.<\/p>","protected":false},"excerpt":{"rendered":"<h2><strong data-start=\"1973\" data-end=\"2022\">Trapstar Irongate T Snake Slayer Hoodie Black<\/strong><\/h2>\n<p><strong data-start=\"1973\" data-end=\"2022\">Trapstar Irongate T Snake Slayer Hoodie Black<\/strong> to <strong data-start=\"2026\" data-end=\"2042\">czarna bluza<\/strong> z <strong data-start=\"2045\" data-end=\"2078\">mocnym nadrukiem Snake Slayer<\/strong>. <strong data-start=\"2080\" data-end=\"2107\">Wysoka jako\u015b\u0107 materia\u0142u<\/strong>, <strong data-start=\"2109\" data-end=\"2120\">komfort<\/strong> i <strong data-start=\"2123\" data-end=\"2143\">wyrazisty design<\/strong> sprawiaj\u0105, \u017ce jest to idealny wyb\u00f3r dla fan\u00f3w <strong data-start=\"2190\" data-end=\"2210\">miejskiego stylu<\/strong> i <strong data-start=\"2213\" data-end=\"2235\">unikalnych motyw\u00f3w<\/strong>.<\/p>","protected":false},"featured_media":200098,"template":"","meta":{"_acf_changed":false},"pwb-brand":[777],"product_brand":[],"product_cat":[113,980,929],"product_tag":[1008,1009],"class_list":{"0":"post-200114","1":"product","2":"type-product","3":"status-publish","4":"has-post-thumbnail","6":"pwb-brand-trapstar","7":"product_cat-bluzy","8":"product_cat-bluzy-trapstar","9":"product_cat-wszystkie-bluzy","10":"product_tag-kobieta","11":"product_tag-mezczyzna","12":"pa_rozmiar-ubrania-l","14":"first","15":"instock","16":"taxable","17":"shipping-taxable","18":"purchasable","19":"product-type-variable"},"acf":[],"yoast_head":"<!-- This site is optimized with the Yoast SEO plugin v27.2 - https:\/\/yoast.com\/product\/yoast-seo-wordpress\/ -->\n<title>Trapstar Irongate T Snake Slayer Hoodie Black - SHEZAMME<\/title>\n<meta name=\"description\" content=\"Trapstar Irongate T Snake Slayer Hoodie Black | Luksusowe i autentyczne przedmioty w jednym miejscu. B\u0105d\u017a na bie\u017c\u0105co i sprawd\u017a nasz\u0105 ofert\u0119 ju\u017c teraz\" \/>\n<meta name=\"robots\" content=\"index, follow, max-snippet:-1, max-image-preview:large, max-video-preview:-1\" \/>\n<link rel=\"canonical\" href=\"https:\/\/shezamme.com\/en\/sklep\/sweatshirts-2\/all-sweatshirts\/trapstar-irongate-t-snake-slayer-hoodie-black\/\" \/>\n<meta property=\"og:locale\" content=\"en_US\" \/>\n<meta property=\"og:type\" content=\"article\" \/>\n<meta property=\"og:title\" content=\"Trapstar Irongate T Snake Slayer Hoodie Black - SHEZAMME\" \/>\n<meta property=\"og:description\" content=\"Trapstar Irongate T Snake Slayer Hoodie Black | Luksusowe i autentyczne przedmioty w jednym miejscu. B\u0105d\u017a na bie\u017c\u0105co i sprawd\u017a nasz\u0105 ofert\u0119 ju\u017c teraz\" \/>\n<meta property=\"og:url\" content=\"https:\/\/shezamme.com\/en\/sklep\/sweatshirts-2\/all-sweatshirts\/trapstar-irongate-t-snake-slayer-hoodie-black\/\" \/>\n<meta property=\"og:site_name\" content=\"SHEZAMME - Yeezy, Jordan, Supreme i inne oryginalne rzeczy\" \/>\n<meta property=\"article:publisher\" content=\"https:\/\/www.facebook.com\/SHEZAMME\/\" \/>\n<meta property=\"article:modified_time\" content=\"2025-07-12T12:56:38+00:00\" \/>\n<meta property=\"og:image\" content=\"https:\/\/shezamme.com\/wp-content\/uploads\/2025\/07\/Irongate-T-Snake-Slayer-Hoodie-Black.webp\" \/>\n\t<meta property=\"og:image:width\" content=\"2048\" \/>\n\t<meta property=\"og:image:height\" content=\"2048\" \/>\n\t<meta property=\"og:image:type\" content=\"image\/webp\" \/>\n<meta name=\"twitter:card\" content=\"summary_large_image\" \/>\n<meta name=\"twitter:site\" content=\"@SHEZAMME\" \/>\n<meta name=\"twitter:label1\" content=\"Est. reading time\" \/>\n\t<meta name=\"twitter:data1\" content=\"1 minute\" \/>\n<script type=\"application\/ld+json\" class=\"yoast-schema-graph\">{\"@context\":\"https:\/\/schema.org\",\"@graph\":[{\"@type\":\"WebPage\",\"@id\":\"https:\/\/shezamme.com\/sklep\/bluzy\/wszystkie-bluzy\/trapstar-irongate-t-snake-slayer-hoodie-black\/\",\"url\":\"https:\/\/shezamme.com\/sklep\/bluzy\/wszystkie-bluzy\/trapstar-irongate-t-snake-slayer-hoodie-black\/\",\"name\":\"Trapstar Irongate T Snake Slayer Hoodie Black - SHEZAMME\",\"isPartOf\":{\"@id\":\"https:\/\/shezamme.com\/#website\"},\"primaryImageOfPage\":{\"@id\":\"https:\/\/shezamme.com\/sklep\/bluzy\/wszystkie-bluzy\/trapstar-irongate-t-snake-slayer-hoodie-black\/#primaryimage\"},\"image\":{\"@id\":\"https:\/\/shezamme.com\/sklep\/bluzy\/wszystkie-bluzy\/trapstar-irongate-t-snake-slayer-hoodie-black\/#primaryimage\"},\"thumbnailUrl\":\"https:\/\/shezamme.com\/wp-content\/uploads\/2025\/07\/Irongate-T-Snake-Slayer-Hoodie-Black.webp\",\"datePublished\":\"2025-07-12T12:56:04+00:00\",\"dateModified\":\"2025-07-12T12:56:38+00:00\",\"description\":\"Trapstar Irongate T Snake Slayer Hoodie Black | Luksusowe i autentyczne przedmioty w jednym miejscu. B\u0105d\u017a na bie\u017c\u0105co i sprawd\u017a nasz\u0105 ofert\u0119 ju\u017c teraz\",\"breadcrumb\":{\"@id\":\"https:\/\/shezamme.com\/sklep\/bluzy\/wszystkie-bluzy\/trapstar-irongate-t-snake-slayer-hoodie-black\/#breadcrumb\"},\"inLanguage\":\"en-US\",\"potentialAction\":[{\"@type\":\"ReadAction\",\"target\":[\"https:\/\/shezamme.com\/sklep\/bluzy\/wszystkie-bluzy\/trapstar-irongate-t-snake-slayer-hoodie-black\/\"]}]},{\"@type\":\"ImageObject\",\"inLanguage\":\"en-US\",\"@id\":\"https:\/\/shezamme.com\/sklep\/bluzy\/wszystkie-bluzy\/trapstar-irongate-t-snake-slayer-hoodie-black\/#primaryimage\",\"url\":\"https:\/\/shezamme.com\/wp-content\/uploads\/2025\/07\/Irongate-T-Snake-Slayer-Hoodie-Black.webp\",\"contentUrl\":\"https:\/\/shezamme.com\/wp-content\/uploads\/2025\/07\/Irongate-T-Snake-Slayer-Hoodie-Black.webp\",\"width\":2048,\"height\":2048,\"caption\":\"Trapstar Irongate T Snake Slayer Hoodie Black\"},{\"@type\":\"BreadcrumbList\",\"@id\":\"https:\/\/shezamme.com\/sklep\/bluzy\/wszystkie-bluzy\/trapstar-irongate-t-snake-slayer-hoodie-black\/#breadcrumb\",\"itemListElement\":[{\"@type\":\"ListItem\",\"position\":1,\"name\":\"Strona g\u0142\u00f3wna\",\"item\":\"https:\/\/shezamme.com\/\"},{\"@type\":\"ListItem\",\"position\":2,\"name\":\"Sklep\",\"item\":\"https:\/\/shezamme.com\/sklep\/\"},{\"@type\":\"ListItem\",\"position\":3,\"name\":\"Trapstar Irongate T Snake Slayer Hoodie Black\"}]},{\"@type\":\"WebSite\",\"@id\":\"https:\/\/shezamme.com\/#website\",\"url\":\"https:\/\/shezamme.com\/\",\"name\":\"SHEZAMME - Sneakersy, Streetwear i luksusowe marki\",\"description\":\"Oryginalne i ekskluzywne przedmioty w jednym miejscu. Sprawd\u017a nasze produkty ju\u017c teraz i b\u0105d\u017a na bie\u017c\u0105co z wszystkimi premierami.\",\"publisher\":{\"@id\":\"https:\/\/shezamme.com\/#organization\"},\"potentialAction\":[{\"@type\":\"SearchAction\",\"target\":{\"@type\":\"EntryPoint\",\"urlTemplate\":\"https:\/\/shezamme.com\/?s={search_term_string}\"},\"query-input\":{\"@type\":\"PropertyValueSpecification\",\"valueRequired\":true,\"valueName\":\"search_term_string\"}}],\"inLanguage\":\"en-US\"},{\"@type\":\"Organization\",\"@id\":\"https:\/\/shezamme.com\/#organization\",\"name\":\"SHEZAMME - Sneakersy, Streetwear i luksusowe marki\",\"url\":\"https:\/\/shezamme.com\/\",\"logo\":{\"@type\":\"ImageObject\",\"inLanguage\":\"en-US\",\"@id\":\"https:\/\/shezamme.com\/#\/schema\/logo\/image\/\",\"url\":\"https:\/\/shezamme.com\/wp-content\/uploads\/2023\/02\/0x0.png\",\"contentUrl\":\"https:\/\/shezamme.com\/wp-content\/uploads\/2023\/02\/0x0.png\",\"width\":2000,\"height\":2000,\"caption\":\"SHEZAMME - Sneakersy, Streetwear i luksusowe marki\"},\"image\":{\"@id\":\"https:\/\/shezamme.com\/#\/schema\/logo\/image\/\"},\"sameAs\":[\"https:\/\/www.facebook.com\/SHEZAMME\/\",\"https:\/\/x.com\/SHEZAMME\",\"https:\/\/www.instagram.com\/shezamme\/\",\"https:\/\/www.youtube.com\/channel\/UCsTJxi_9fODHdO_1bmJbqvQ\",\"https:\/\/www.tiktok.com\/shezamme.com\"]}]}<\/script>\n<!-- \/ Yoast SEO plugin. -->","yoast_head_json":{"title":"Trapstar Irongate T Snake Slayer Hoodie Black - SHEZAMME","description":"Trapstar Irongate T Snake Slayer Hoodie Black | Luksusowe i autentyczne przedmioty w jednym miejscu. B\u0105d\u017a na bie\u017c\u0105co i sprawd\u017a nasz\u0105 ofert\u0119 ju\u017c teraz","robots":{"index":"index","follow":"follow","max-snippet":"max-snippet:-1","max-image-preview":"max-image-preview:large","max-video-preview":"max-video-preview:-1"},"canonical":"https:\/\/shezamme.com\/en\/sklep\/sweatshirts-2\/all-sweatshirts\/trapstar-irongate-t-snake-slayer-hoodie-black\/","og_locale":"en_US","og_type":"article","og_title":"Trapstar Irongate T Snake Slayer Hoodie Black - SHEZAMME","og_description":"Trapstar Irongate T Snake Slayer Hoodie Black | Luksusowe i autentyczne przedmioty w jednym miejscu. B\u0105d\u017a na bie\u017c\u0105co i sprawd\u017a nasz\u0105 ofert\u0119 ju\u017c teraz","og_url":"https:\/\/shezamme.com\/en\/sklep\/sweatshirts-2\/all-sweatshirts\/trapstar-irongate-t-snake-slayer-hoodie-black\/","og_site_name":"SHEZAMME - Yeezy, Jordan, Supreme i inne oryginalne rzeczy","article_publisher":"https:\/\/www.facebook.com\/SHEZAMME\/","article_modified_time":"2025-07-12T12:56:38+00:00","og_image":[{"width":2048,"height":2048,"url":"https:\/\/shezamme.com\/wp-content\/uploads\/2025\/07\/Irongate-T-Snake-Slayer-Hoodie-Black.webp","type":"image\/webp"}],"twitter_card":"summary_large_image","twitter_site":"@SHEZAMME","twitter_misc":{"Est. reading time":"1 minute"},"schema":{"@context":"https:\/\/schema.org","@graph":[{"@type":"WebPage","@id":"https:\/\/shezamme.com\/sklep\/bluzy\/wszystkie-bluzy\/trapstar-irongate-t-snake-slayer-hoodie-black\/","url":"https:\/\/shezamme.com\/sklep\/bluzy\/wszystkie-bluzy\/trapstar-irongate-t-snake-slayer-hoodie-black\/","name":"Trapstar Irongate T Snake Slayer Hoodie Black - SHEZAMME","isPartOf":{"@id":"https:\/\/shezamme.com\/#website"},"primaryImageOfPage":{"@id":"https:\/\/shezamme.com\/sklep\/bluzy\/wszystkie-bluzy\/trapstar-irongate-t-snake-slayer-hoodie-black\/#primaryimage"},"image":{"@id":"https:\/\/shezamme.com\/sklep\/bluzy\/wszystkie-bluzy\/trapstar-irongate-t-snake-slayer-hoodie-black\/#primaryimage"},"thumbnailUrl":"https:\/\/shezamme.com\/wp-content\/uploads\/2025\/07\/Irongate-T-Snake-Slayer-Hoodie-Black.webp","datePublished":"2025-07-12T12:56:04+00:00","dateModified":"2025-07-12T12:56:38+00:00","description":"Trapstar Irongate T Snake Slayer Hoodie Black | Luksusowe i autentyczne przedmioty w jednym miejscu. B\u0105d\u017a na bie\u017c\u0105co i sprawd\u017a nasz\u0105 ofert\u0119 ju\u017c teraz","breadcrumb":{"@id":"https:\/\/shezamme.com\/sklep\/bluzy\/wszystkie-bluzy\/trapstar-irongate-t-snake-slayer-hoodie-black\/#breadcrumb"},"inLanguage":"en-US","potentialAction":[{"@type":"ReadAction","target":["https:\/\/shezamme.com\/sklep\/bluzy\/wszystkie-bluzy\/trapstar-irongate-t-snake-slayer-hoodie-black\/"]}]},{"@type":"ImageObject","inLanguage":"en-US","@id":"https:\/\/shezamme.com\/sklep\/bluzy\/wszystkie-bluzy\/trapstar-irongate-t-snake-slayer-hoodie-black\/#primaryimage","url":"https:\/\/shezamme.com\/wp-content\/uploads\/2025\/07\/Irongate-T-Snake-Slayer-Hoodie-Black.webp","contentUrl":"https:\/\/shezamme.com\/wp-content\/uploads\/2025\/07\/Irongate-T-Snake-Slayer-Hoodie-Black.webp","width":2048,"height":2048,"caption":"Trapstar Irongate T Snake Slayer Hoodie Black"},{"@type":"BreadcrumbList","@id":"https:\/\/shezamme.com\/sklep\/bluzy\/wszystkie-bluzy\/trapstar-irongate-t-snake-slayer-hoodie-black\/#breadcrumb","itemListElement":[{"@type":"ListItem","position":1,"name":"Strona g\u0142\u00f3wna","item":"https:\/\/shezamme.com\/"},{"@type":"ListItem","position":2,"name":"Sklep","item":"https:\/\/shezamme.com\/sklep\/"},{"@type":"ListItem","position":3,"name":"Trapstar Irongate T Snake Slayer Hoodie Black"}]},{"@type":"WebSite","@id":"https:\/\/shezamme.com\/#website","url":"https:\/\/shezamme.com\/","name":"SHEZAMME - Sneakers, Streetwear and luxury brands","description":"Original and exclusive items in one place. Check out our products now and stay up to date with all launches.","publisher":{"@id":"https:\/\/shezamme.com\/#organization"},"potentialAction":[{"@type":"SearchAction","target":{"@type":"EntryPoint","urlTemplate":"https:\/\/shezamme.com\/?s={search_term_string}"},"query-input":{"@type":"PropertyValueSpecification","valueRequired":true,"valueName":"search_term_string"}}],"inLanguage":"en-US"},{"@type":"Organization","@id":"https:\/\/shezamme.com\/#organization","name":"SHEZAMME - Sneakers, Streetwear and luxury brands","url":"https:\/\/shezamme.com\/","logo":{"@type":"ImageObject","inLanguage":"en-US","@id":"https:\/\/shezamme.com\/#\/schema\/logo\/image\/","url":"https:\/\/shezamme.com\/wp-content\/uploads\/2023\/02\/0x0.png","contentUrl":"https:\/\/shezamme.com\/wp-content\/uploads\/2023\/02\/0x0.png","width":2000,"height":2000,"caption":"SHEZAMME - Sneakersy, Streetwear i luksusowe marki"},"image":{"@id":"https:\/\/shezamme.com\/#\/schema\/logo\/image\/"},"sameAs":["https:\/\/www.facebook.com\/SHEZAMME\/","https:\/\/x.com\/SHEZAMME","https:\/\/www.instagram.com\/shezamme\/","https:\/\/www.youtube.com\/channel\/UCsTJxi_9fODHdO_1bmJbqvQ","https:\/\/www.tiktok.com\/shezamme.com"]}]}},"brands":[{"id":777,"name":"Trapstar","slug":"trapstar"}],"_links":{"self":[{"href":"https:\/\/shezamme.com\/en\/wp-json\/wp\/v2\/product\/200114","targetHints":{"allow":["GET"]}}],"collection":[{"href":"https:\/\/shezamme.com\/en\/wp-json\/wp\/v2\/product"}],"about":[{"href":"https:\/\/shezamme.com\/en\/wp-json\/wp\/v2\/types\/product"}],"wp:featuredmedia":[{"embeddable":true,"href":"https:\/\/shezamme.com\/en\/wp-json\/wp\/v2\/media\/200098"}],"wp:attachment":[{"href":"https:\/\/shezamme.com\/en\/wp-json\/wp\/v2\/media?parent=200114"}],"wp:term":[{"taxonomy":"pwb-brand","embeddable":true,"href":"https:\/\/shezamme.com\/en\/wp-json\/wp\/v2\/pwb-brand?post=200114"},{"taxonomy":"product_brand","embeddable":true,"href":"https:\/\/shezamme.com\/en\/wp-json\/wp\/v2\/product_brand?post=200114"},{"taxonomy":"product_cat","embeddable":true,"href":"https:\/\/shezamme.com\/en\/wp-json\/wp\/v2\/product_cat?post=200114"},{"taxonomy":"product_tag","embeddable":true,"href":"https:\/\/shezamme.com\/en\/wp-json\/wp\/v2\/product_tag?post=200114"}],"curies":[{"name":"wp","href":"https:\/\/api.w.org\/{rel}","templated":true}]}}