{"id":200113,"date":"2025-07-12T14:54:47","date_gmt":"2025-07-12T12:54:47","guid":{"rendered":"https:\/\/shezamme.com\/?post_type=product&#038;p=200113"},"modified":"2026-01-27T19:42:48","modified_gmt":"2026-01-27T18:42:48","slug":"synaworld-college-crew-short-set-blue","status":"publish","type":"product","link":"https:\/\/shezamme.com\/en\/sklep\/bluzy\/wszystkie-bluzy\/synaworld-college-crew-short-set-blue\/","title":{"rendered":"SynaWorld College Crew Short Set Blue"},"content":{"rendered":"<h2 class=\"sr-only\"><strong style=\"font-size: 24px\" data-start=\"4\" data-end=\"82\">SynaWorld College Crew Short Set Blue: Komfort i Styl w Kolorze Niebieskim<\/strong><\/h2>\n<div class=\"text-base my-auto mx-auto py-5 [--thread-content-margin:--spacing(4)] @[37rem]:[--thread-content-margin:--spacing(6)] @[72rem]:[--thread-content-margin:--spacing(16)] px-(--thread-content-margin)\">\n<div class=\"[--thread-content-max-width:32rem] @[34rem]:[--thread-content-max-width:40rem] @[64rem]:[--thread-content-max-width:48rem] mx-auto flex max-w-(--thread-content-max-width) flex-1 text-base gap-4 md:gap-5 lg:gap-6 group\/turn-messages focus-visible:outline-hidden\">\n<div class=\"group\/conversation-turn relative flex w-full min-w-0 flex-col agent-turn\">\n<div class=\"relative flex-col gap-1 md:gap-3\">\n<div class=\"flex max-w-full flex-col grow\">\n<div class=\"min-h-8 text-message relative flex w-full flex-col items-end gap-2 text-start break-words whitespace-normal [.text-message+&amp;]:mt-5\" dir=\"auto\" data-message-author-role=\"assistant\" data-message-id=\"905c4642-7b8a-4168-9c1a-0d277315f9e8\" data-message-model-slug=\"gpt-4o-mini\">\n<div class=\"flex w-full flex-col gap-1 empty:hidden first:pt-[3px]\">\n<div class=\"markdown prose dark:prose-invert w-full break-words light\">\n<p data-start=\"84\" data-end=\"515\"><strong data-start=\"84\" data-end=\"125\">Jest<\/strong> to wyj\u0105tkowy zestaw odzie\u017cowy, kt\u00f3ry \u0142\u0105czy <strong data-start=\"169\" data-end=\"189\">m\u0142odzie\u017cowy styl<\/strong> z <strong data-start=\"192\" data-end=\"202\">wygod\u0105<\/strong> i <strong data-start=\"205\" data-end=\"225\">funkcjonalno\u015bci\u0105<\/strong>. Zestaw sk\u0142adaj\u0105cy si\u0119 z <strong data-start=\"251\" data-end=\"272\">kr\u00f3tkich spodenek<\/strong> i <strong data-start=\"275\" data-end=\"301\">bluzy z d\u0142ugim r\u0119kawem<\/strong> (crewneck) to doskona\u0142y wyb\u00f3r na ciep\u0142e dni, oferuj\u0105cy zar\u00f3wno <strong data-start=\"365\" data-end=\"382\">swobod\u0119 ruchu<\/strong>, jak i <strong data-start=\"390\" data-end=\"411\">nowoczesny wygl\u0105d<\/strong>. <strong data-start=\"413\" data-end=\"432\">Kolor niebieski<\/strong> nadaje zestawowi \u015bwie\u017co\u015bci i dynamizmu, idealnie komponuj\u0105c si\u0119 z miejskim stylem.<\/p>\n<h2 data-start=\"517\" data-end=\"550\"><strong data-start=\"521\" data-end=\"550\">Design: Prosty, ale Modny<\/strong><\/h2>\n<p data-start=\"552\" data-end=\"987\"><strong data-start=\"552\" data-end=\"593\">SynaWorld College Crew Short Set Blue<\/strong> charakteryzuje si\u0119 <strong data-start=\"613\" data-end=\"649\">czyst\u0105, minimalistyczn\u0105 estetyk\u0105<\/strong>, dzi\u0119ki czemu jest <strong data-start=\"669\" data-end=\"686\">wszechstronny<\/strong> i \u0142atwy do zestawienia z innymi elementami garderoby. <strong data-start=\"741\" data-end=\"767\">Bluza z d\u0142ugim r\u0119kawem<\/strong> ma <strong data-start=\"771\" data-end=\"787\">prost\u0105 lini\u0119<\/strong>, a <strong data-start=\"791\" data-end=\"811\">kr\u00f3tkie spodenki<\/strong> pasuj\u0105 do casualowego looku, zapewniaj\u0105c <strong data-start=\"853\" data-end=\"864\">swobod\u0119<\/strong> i <strong data-start=\"867\" data-end=\"877\">wygod\u0119<\/strong>. <strong data-start=\"879\" data-end=\"906\">Subtelne logo SynaWorld<\/strong> na <strong data-start=\"910\" data-end=\"921\">blu\u017anie<\/strong> nadaje ca\u0142o\u015bci <strong data-start=\"937\" data-end=\"965\" data-is-only-node=\"\">m\u0142odzie\u017cowego charakteru<\/strong>, bez zb\u0119dnych detali.<\/p>\n<h2 data-start=\"989\" data-end=\"1025\"><strong data-start=\"993\" data-end=\"1025\">Materia\u0142: Wygoda na Co Dzie\u0144<\/strong><\/h2>\n<p data-start=\"1027\" data-end=\"1429\">Zestaw zosta\u0142 wykonany z <strong data-start=\"1052\" data-end=\"1072\">mi\u0119kkiej bawe\u0142ny<\/strong>, kt\u00f3ra gwarantuje <strong data-start=\"1091\" data-end=\"1107\">oddychalno\u015b\u0107<\/strong> oraz <strong data-start=\"1113\" data-end=\"1124\">komfort<\/strong> przez ca\u0142y dzie\u0144. <strong data-start=\"1143\" data-end=\"1161\">Lekki materia\u0142<\/strong> sprawia, \u017ce\u00a0jest idealnym wyborem na <strong data-start=\"1241\" data-end=\"1258\">wiosn\u0119 i lato<\/strong>, a jego <strong data-start=\"1267\" data-end=\"1293\">elastyczne wyko\u0144czenie<\/strong> zapewnia <strong data-start=\"1303\" data-end=\"1326\">idealne dopasowanie<\/strong> do sylwetki. <strong data-start=\"1340\" data-end=\"1358\">Mi\u0119kka tkanina<\/strong> zapewnia wygod\u0119 i sprawia, \u017ce zestaw jest bardzo przyjemny w noszeniu.<\/p>\n<h2 data-start=\"1431\" data-end=\"1473\"><strong data-start=\"1435\" data-end=\"1473\">SynaWorld: Nowoczesny Styl Miejski<\/strong><\/h2>\n<p data-start=\"1475\" data-end=\"1804\">Marka <strong data-start=\"1481\" data-end=\"1494\">SynaWorld<\/strong> to synonim <strong data-start=\"1506\" data-end=\"1526\">miejskiego stylu<\/strong> i <strong data-start=\"1529\" data-end=\"1549\">wygodnej odzie\u017cy<\/strong>, kt\u00f3ra \u0142\u0105czy <strong data-start=\"1563\" data-end=\"1584\">nowoczesny design<\/strong> z <strong data-start=\"1587\" data-end=\"1617\">codzienn\u0105 funkcjonalno\u015bci\u0105<\/strong>. <strong data-start=\"1619\" data-end=\"1660\">SynaWorld College Crew Short Set Blue<\/strong> to doskona\u0142y wyb\u00f3r dla os\u00f3b, kt\u00f3re ceni\u0105 sobie <strong data-start=\"1708\" data-end=\"1718\">wygod\u0119<\/strong>, a jednocze\u015bnie chc\u0105 wyr\u00f3\u017cnia\u0107 si\u0119 w t\u0142umie dzi\u0119ki prostemu, ale stylowemu designowi.<\/p>\n<\/div>\n<\/div>\n<\/div>\n<\/div>\n<\/div>\n<\/div>\n<\/div>\n<\/div>\n","protected":false},"excerpt":{"rendered":"<h2><strong data-start=\"1845\" data-end=\"1886\">SynaWorld College Crew Short Set Blue<\/strong><\/h2>\n<p><strong data-start=\"1845\" data-end=\"1886\">SynaWorld College Crew Short Set Blue<\/strong> to <strong data-start=\"1890\" data-end=\"1943\">zestaw sk\u0142adaj\u0105cy si\u0119 z kr\u00f3tkich spodenek i bluzy<\/strong>, idealny na <strong data-start=\"1956\" data-end=\"1974\">cieplejsze dni<\/strong>. <strong data-start=\"1976\" data-end=\"1994\">Mi\u0119kka bawe\u0142na<\/strong>, <strong data-start=\"1996\" data-end=\"2022\">minimalistyczny design<\/strong> i <strong data-start=\"2025\" data-end=\"2036\">komfort<\/strong> sprawiaj\u0105, \u017ce to doskona\u0142y wyb\u00f3r do codziennych stylizacji w miejskim stylu.<\/p>","protected":false},"featured_media":200094,"template":"","meta":{"_acf_changed":false},"pwb-brand":[1090,1086],"product_brand":[],"product_cat":[113,1128,81,929],"product_tag":[1008,1009],"class_list":{"0":"post-200113","1":"product","2":"type-product","3":"status-publish","4":"has-post-thumbnail","6":"pwb-brand-synaworld","7":"pwb-brand-travis-scott","8":"product_cat-bluzy","9":"product_cat-bluzy-synaworld","10":"product_cat-spodnie","11":"product_cat-wszystkie-bluzy","12":"product_tag-kobieta","13":"product_tag-mezczyzna","14":"pa_rozmiar-ubrania-l","15":"pa_rozmiar-ubrania-m","17":"first","18":"instock","19":"taxable","20":"shipping-taxable","21":"purchasable","22":"product-type-variable"},"acf":[],"yoast_head":"<!-- This site is optimized with the Yoast SEO plugin v27.2 - https:\/\/yoast.com\/product\/yoast-seo-wordpress\/ -->\n<title>SynaWorld College Crew Short Set Blue - SHEZAMME<\/title>\n<meta name=\"description\" content=\"SynaWorld College Crew Short Set Blue | Luksusowe i autentyczne przedmioty w jednym miejscu. B\u0105d\u017a na bie\u017c\u0105co i sprawd\u017a nasz\u0105 ofert\u0119 ju\u017c teraz\" \/>\n<meta name=\"robots\" content=\"index, follow, max-snippet:-1, max-image-preview:large, max-video-preview:-1\" \/>\n<link rel=\"canonical\" href=\"https:\/\/shezamme.com\/en\/sklep\/sweatshirts-2\/all-sweatshirts\/synaworld-college-crew-short-set-blue\/\" \/>\n<meta property=\"og:locale\" content=\"en_US\" \/>\n<meta property=\"og:type\" content=\"article\" \/>\n<meta property=\"og:title\" content=\"SynaWorld College Crew Short Set Blue - SHEZAMME\" \/>\n<meta property=\"og:description\" content=\"SynaWorld College Crew Short Set Blue | Luksusowe i autentyczne przedmioty w jednym miejscu. B\u0105d\u017a na bie\u017c\u0105co i sprawd\u017a nasz\u0105 ofert\u0119 ju\u017c teraz\" \/>\n<meta property=\"og:url\" content=\"https:\/\/shezamme.com\/en\/sklep\/sweatshirts-2\/all-sweatshirts\/synaworld-college-crew-short-set-blue\/\" \/>\n<meta property=\"og:site_name\" content=\"SHEZAMME - Yeezy, Jordan, Supreme i inne oryginalne rzeczy\" \/>\n<meta property=\"article:publisher\" content=\"https:\/\/www.facebook.com\/SHEZAMME\/\" \/>\n<meta property=\"article:modified_time\" content=\"2026-01-27T18:42:48+00:00\" \/>\n<meta property=\"og:image\" content=\"https:\/\/shezamme.com\/wp-content\/uploads\/2025\/07\/College-Crew-Short-Set.webp\" \/>\n\t<meta property=\"og:image:width\" content=\"2048\" \/>\n\t<meta property=\"og:image:height\" content=\"2048\" \/>\n\t<meta property=\"og:image:type\" content=\"image\/webp\" \/>\n<meta name=\"twitter:card\" content=\"summary_large_image\" \/>\n<meta name=\"twitter:site\" content=\"@SHEZAMME\" \/>\n<meta name=\"twitter:label1\" content=\"Est. reading time\" \/>\n\t<meta name=\"twitter:data1\" content=\"1 minute\" \/>\n<script type=\"application\/ld+json\" class=\"yoast-schema-graph\">{\"@context\":\"https:\/\/schema.org\",\"@graph\":[{\"@type\":\"WebPage\",\"@id\":\"https:\/\/shezamme.com\/sklep\/bluzy\/wszystkie-bluzy\/synaworld-college-crew-short-set-blue\/\",\"url\":\"https:\/\/shezamme.com\/sklep\/bluzy\/wszystkie-bluzy\/synaworld-college-crew-short-set-blue\/\",\"name\":\"SynaWorld College Crew Short Set Blue - SHEZAMME\",\"isPartOf\":{\"@id\":\"https:\/\/shezamme.com\/#website\"},\"primaryImageOfPage\":{\"@id\":\"https:\/\/shezamme.com\/sklep\/bluzy\/wszystkie-bluzy\/synaworld-college-crew-short-set-blue\/#primaryimage\"},\"image\":{\"@id\":\"https:\/\/shezamme.com\/sklep\/bluzy\/wszystkie-bluzy\/synaworld-college-crew-short-set-blue\/#primaryimage\"},\"thumbnailUrl\":\"https:\/\/shezamme.com\/wp-content\/uploads\/2025\/07\/College-Crew-Short-Set.webp\",\"datePublished\":\"2025-07-12T12:54:47+00:00\",\"dateModified\":\"2026-01-27T18:42:48+00:00\",\"description\":\"SynaWorld College Crew Short Set Blue | Luksusowe i autentyczne przedmioty w jednym miejscu. B\u0105d\u017a na bie\u017c\u0105co i sprawd\u017a nasz\u0105 ofert\u0119 ju\u017c teraz\",\"breadcrumb\":{\"@id\":\"https:\/\/shezamme.com\/sklep\/bluzy\/wszystkie-bluzy\/synaworld-college-crew-short-set-blue\/#breadcrumb\"},\"inLanguage\":\"en-US\",\"potentialAction\":[{\"@type\":\"ReadAction\",\"target\":[\"https:\/\/shezamme.com\/sklep\/bluzy\/wszystkie-bluzy\/synaworld-college-crew-short-set-blue\/\"]}]},{\"@type\":\"ImageObject\",\"inLanguage\":\"en-US\",\"@id\":\"https:\/\/shezamme.com\/sklep\/bluzy\/wszystkie-bluzy\/synaworld-college-crew-short-set-blue\/#primaryimage\",\"url\":\"https:\/\/shezamme.com\/wp-content\/uploads\/2025\/07\/College-Crew-Short-Set.webp\",\"contentUrl\":\"https:\/\/shezamme.com\/wp-content\/uploads\/2025\/07\/College-Crew-Short-Set.webp\",\"width\":2048,\"height\":2048,\"caption\":\"SynaWorld College Crew Short Set Blue\"},{\"@type\":\"BreadcrumbList\",\"@id\":\"https:\/\/shezamme.com\/sklep\/bluzy\/wszystkie-bluzy\/synaworld-college-crew-short-set-blue\/#breadcrumb\",\"itemListElement\":[{\"@type\":\"ListItem\",\"position\":1,\"name\":\"Strona g\u0142\u00f3wna\",\"item\":\"https:\/\/shezamme.com\/\"},{\"@type\":\"ListItem\",\"position\":2,\"name\":\"Sklep\",\"item\":\"https:\/\/shezamme.com\/sklep\/\"},{\"@type\":\"ListItem\",\"position\":3,\"name\":\"SynaWorld College Crew Short Set Blue\"}]},{\"@type\":\"WebSite\",\"@id\":\"https:\/\/shezamme.com\/#website\",\"url\":\"https:\/\/shezamme.com\/\",\"name\":\"SHEZAMME - Sneakersy, Streetwear i luksusowe marki\",\"description\":\"Oryginalne i ekskluzywne przedmioty w jednym miejscu. Sprawd\u017a nasze produkty ju\u017c teraz i b\u0105d\u017a na bie\u017c\u0105co z wszystkimi premierami.\",\"publisher\":{\"@id\":\"https:\/\/shezamme.com\/#organization\"},\"potentialAction\":[{\"@type\":\"SearchAction\",\"target\":{\"@type\":\"EntryPoint\",\"urlTemplate\":\"https:\/\/shezamme.com\/?s={search_term_string}\"},\"query-input\":{\"@type\":\"PropertyValueSpecification\",\"valueRequired\":true,\"valueName\":\"search_term_string\"}}],\"inLanguage\":\"en-US\"},{\"@type\":\"Organization\",\"@id\":\"https:\/\/shezamme.com\/#organization\",\"name\":\"SHEZAMME - Sneakersy, Streetwear i luksusowe marki\",\"url\":\"https:\/\/shezamme.com\/\",\"logo\":{\"@type\":\"ImageObject\",\"inLanguage\":\"en-US\",\"@id\":\"https:\/\/shezamme.com\/#\/schema\/logo\/image\/\",\"url\":\"https:\/\/shezamme.com\/wp-content\/uploads\/2023\/02\/0x0.png\",\"contentUrl\":\"https:\/\/shezamme.com\/wp-content\/uploads\/2023\/02\/0x0.png\",\"width\":2000,\"height\":2000,\"caption\":\"SHEZAMME - Sneakersy, Streetwear i luksusowe marki\"},\"image\":{\"@id\":\"https:\/\/shezamme.com\/#\/schema\/logo\/image\/\"},\"sameAs\":[\"https:\/\/www.facebook.com\/SHEZAMME\/\",\"https:\/\/x.com\/SHEZAMME\",\"https:\/\/www.instagram.com\/shezamme\/\",\"https:\/\/www.youtube.com\/channel\/UCsTJxi_9fODHdO_1bmJbqvQ\",\"https:\/\/www.tiktok.com\/shezamme.com\"]}]}<\/script>\n<!-- \/ Yoast SEO plugin. -->","yoast_head_json":{"title":"SynaWorld College Crew Short Set Blue - SHEZAMME","description":"SynaWorld College Crew Short Set Blue | Luksusowe i autentyczne przedmioty w jednym miejscu. B\u0105d\u017a na bie\u017c\u0105co i sprawd\u017a nasz\u0105 ofert\u0119 ju\u017c teraz","robots":{"index":"index","follow":"follow","max-snippet":"max-snippet:-1","max-image-preview":"max-image-preview:large","max-video-preview":"max-video-preview:-1"},"canonical":"https:\/\/shezamme.com\/en\/sklep\/sweatshirts-2\/all-sweatshirts\/synaworld-college-crew-short-set-blue\/","og_locale":"en_US","og_type":"article","og_title":"SynaWorld College Crew Short Set Blue - SHEZAMME","og_description":"SynaWorld College Crew Short Set Blue | Luksusowe i autentyczne przedmioty w jednym miejscu. B\u0105d\u017a na bie\u017c\u0105co i sprawd\u017a nasz\u0105 ofert\u0119 ju\u017c teraz","og_url":"https:\/\/shezamme.com\/en\/sklep\/sweatshirts-2\/all-sweatshirts\/synaworld-college-crew-short-set-blue\/","og_site_name":"SHEZAMME - Yeezy, Jordan, Supreme i inne oryginalne rzeczy","article_publisher":"https:\/\/www.facebook.com\/SHEZAMME\/","article_modified_time":"2026-01-27T18:42:48+00:00","og_image":[{"width":2048,"height":2048,"url":"https:\/\/shezamme.com\/wp-content\/uploads\/2025\/07\/College-Crew-Short-Set.webp","type":"image\/webp"}],"twitter_card":"summary_large_image","twitter_site":"@SHEZAMME","twitter_misc":{"Est. reading time":"1 minute"},"schema":{"@context":"https:\/\/schema.org","@graph":[{"@type":"WebPage","@id":"https:\/\/shezamme.com\/sklep\/bluzy\/wszystkie-bluzy\/synaworld-college-crew-short-set-blue\/","url":"https:\/\/shezamme.com\/sklep\/bluzy\/wszystkie-bluzy\/synaworld-college-crew-short-set-blue\/","name":"SynaWorld College Crew Short Set Blue - SHEZAMME","isPartOf":{"@id":"https:\/\/shezamme.com\/#website"},"primaryImageOfPage":{"@id":"https:\/\/shezamme.com\/sklep\/bluzy\/wszystkie-bluzy\/synaworld-college-crew-short-set-blue\/#primaryimage"},"image":{"@id":"https:\/\/shezamme.com\/sklep\/bluzy\/wszystkie-bluzy\/synaworld-college-crew-short-set-blue\/#primaryimage"},"thumbnailUrl":"https:\/\/shezamme.com\/wp-content\/uploads\/2025\/07\/College-Crew-Short-Set.webp","datePublished":"2025-07-12T12:54:47+00:00","dateModified":"2026-01-27T18:42:48+00:00","description":"SynaWorld College Crew Short Set Blue | Luksusowe i autentyczne przedmioty w jednym miejscu. B\u0105d\u017a na bie\u017c\u0105co i sprawd\u017a nasz\u0105 ofert\u0119 ju\u017c teraz","breadcrumb":{"@id":"https:\/\/shezamme.com\/sklep\/bluzy\/wszystkie-bluzy\/synaworld-college-crew-short-set-blue\/#breadcrumb"},"inLanguage":"en-US","potentialAction":[{"@type":"ReadAction","target":["https:\/\/shezamme.com\/sklep\/bluzy\/wszystkie-bluzy\/synaworld-college-crew-short-set-blue\/"]}]},{"@type":"ImageObject","inLanguage":"en-US","@id":"https:\/\/shezamme.com\/sklep\/bluzy\/wszystkie-bluzy\/synaworld-college-crew-short-set-blue\/#primaryimage","url":"https:\/\/shezamme.com\/wp-content\/uploads\/2025\/07\/College-Crew-Short-Set.webp","contentUrl":"https:\/\/shezamme.com\/wp-content\/uploads\/2025\/07\/College-Crew-Short-Set.webp","width":2048,"height":2048,"caption":"SynaWorld College Crew Short Set Blue"},{"@type":"BreadcrumbList","@id":"https:\/\/shezamme.com\/sklep\/bluzy\/wszystkie-bluzy\/synaworld-college-crew-short-set-blue\/#breadcrumb","itemListElement":[{"@type":"ListItem","position":1,"name":"Strona g\u0142\u00f3wna","item":"https:\/\/shezamme.com\/"},{"@type":"ListItem","position":2,"name":"Sklep","item":"https:\/\/shezamme.com\/sklep\/"},{"@type":"ListItem","position":3,"name":"SynaWorld College Crew Short Set Blue"}]},{"@type":"WebSite","@id":"https:\/\/shezamme.com\/#website","url":"https:\/\/shezamme.com\/","name":"SHEZAMME - Sneakers, Streetwear and luxury brands","description":"Original and exclusive items in one place. Check out our products now and stay up to date with all launches.","publisher":{"@id":"https:\/\/shezamme.com\/#organization"},"potentialAction":[{"@type":"SearchAction","target":{"@type":"EntryPoint","urlTemplate":"https:\/\/shezamme.com\/?s={search_term_string}"},"query-input":{"@type":"PropertyValueSpecification","valueRequired":true,"valueName":"search_term_string"}}],"inLanguage":"en-US"},{"@type":"Organization","@id":"https:\/\/shezamme.com\/#organization","name":"SHEZAMME - Sneakers, Streetwear and luxury brands","url":"https:\/\/shezamme.com\/","logo":{"@type":"ImageObject","inLanguage":"en-US","@id":"https:\/\/shezamme.com\/#\/schema\/logo\/image\/","url":"https:\/\/shezamme.com\/wp-content\/uploads\/2023\/02\/0x0.png","contentUrl":"https:\/\/shezamme.com\/wp-content\/uploads\/2023\/02\/0x0.png","width":2000,"height":2000,"caption":"SHEZAMME - Sneakersy, Streetwear i luksusowe marki"},"image":{"@id":"https:\/\/shezamme.com\/#\/schema\/logo\/image\/"},"sameAs":["https:\/\/www.facebook.com\/SHEZAMME\/","https:\/\/x.com\/SHEZAMME","https:\/\/www.instagram.com\/shezamme\/","https:\/\/www.youtube.com\/channel\/UCsTJxi_9fODHdO_1bmJbqvQ","https:\/\/www.tiktok.com\/shezamme.com"]}]}},"brands":[{"id":1090,"name":"Synaworld","slug":"synaworld"},{"id":1086,"name":"Travis Scott","slug":"travis-scott"}],"_links":{"self":[{"href":"https:\/\/shezamme.com\/en\/wp-json\/wp\/v2\/product\/200113","targetHints":{"allow":["GET"]}}],"collection":[{"href":"https:\/\/shezamme.com\/en\/wp-json\/wp\/v2\/product"}],"about":[{"href":"https:\/\/shezamme.com\/en\/wp-json\/wp\/v2\/types\/product"}],"wp:featuredmedia":[{"embeddable":true,"href":"https:\/\/shezamme.com\/en\/wp-json\/wp\/v2\/media\/200094"}],"wp:attachment":[{"href":"https:\/\/shezamme.com\/en\/wp-json\/wp\/v2\/media?parent=200113"}],"wp:term":[{"taxonomy":"pwb-brand","embeddable":true,"href":"https:\/\/shezamme.com\/en\/wp-json\/wp\/v2\/pwb-brand?post=200113"},{"taxonomy":"product_brand","embeddable":true,"href":"https:\/\/shezamme.com\/en\/wp-json\/wp\/v2\/product_brand?post=200113"},{"taxonomy":"product_cat","embeddable":true,"href":"https:\/\/shezamme.com\/en\/wp-json\/wp\/v2\/product_cat?post=200113"},{"taxonomy":"product_tag","embeddable":true,"href":"https:\/\/shezamme.com\/en\/wp-json\/wp\/v2\/product_tag?post=200113"}],"curies":[{"name":"wp","href":"https:\/\/api.w.org\/{rel}","templated":true}]}}