{"id":200109,"date":"2025-07-12T14:47:39","date_gmt":"2025-07-12T12:47:39","guid":{"rendered":"https:\/\/shezamme.com\/?post_type=product&#038;p=200109"},"modified":"2025-12-15T22:38:23","modified_gmt":"2025-12-15T21:38:23","slug":"winyl-jackboys-mask-cover","status":"publish","type":"product","link":"https:\/\/shezamme.com\/en\/sklep\/akcesoria\/wszystkie-akcesoria\/winyl-jackboys-mask-cover\/","title":{"rendered":"Winyl Jackboys (Mask Cover)"},"content":{"rendered":"<h2 data-start=\"0\" data-end=\"79\"><strong data-start=\"4\" data-end=\"79\">Winyl Jackboys (Mask Cover): Limitowana Edycja z Tajemniczym Akcentem<\/strong><\/h2>\n<p data-start=\"81\" data-end=\"491\"><strong data-start=\"81\" data-end=\"114\">JACKBOYS 2 Vinyl (Mask Cover)<\/strong> to <strong data-start=\"118\" data-end=\"146\">unikalna edycja winylowa<\/strong> drugiego albumu <strong data-start=\"163\" data-end=\"175\">JACKBOYS<\/strong> stworzonego przez <strong data-start=\"194\" data-end=\"212\">Travisa Scotta<\/strong> i jego artystyczny kolektyw. Wydanie to wyr\u00f3\u017cnia si\u0119 <strong data-start=\"266\" data-end=\"295\">tajemniczym motywem maski<\/strong> na ok\u0142adce, kt\u00f3ry nadaje albumowi <strong data-start=\"330\" data-end=\"370\">mrocznego i intryguj\u0105cego charakteru<\/strong>. To edycja dedykowana <strong data-start=\"393\" data-end=\"413\">koneserom winyli<\/strong> i <strong data-start=\"416\" data-end=\"425\">fanom<\/strong> <strong data-start=\"426\" data-end=\"436\">muzyki<\/strong>, kt\u00f3rzy szukaj\u0105 czego\u015b wyj\u0105tkowego do swojej kolekcji.<\/p>\n<h2 data-start=\"493\" data-end=\"554\"><strong data-start=\"497\" data-end=\"554\">Design Ok\u0142adki: Maska jako Symbol i Motyw Artystyczny<\/strong><\/h2>\n<p data-start=\"556\" data-end=\"1030\"><strong data-start=\"556\" data-end=\"570\">Mask Cover<\/strong> to ok\u0142adka, kt\u00f3ra wyr\u00f3\u017cnia si\u0119 <strong data-start=\"602\" data-end=\"619\">grafik\u0105 maski<\/strong>, symbolizuj\u0105c\u0105 <strong data-start=\"635\" data-end=\"655\">ukryt\u0105 to\u017csamo\u015b\u0107<\/strong>, <strong data-start=\"657\" data-end=\"664\">moc<\/strong> i <strong data-start=\"667\" data-end=\"680\">przemian\u0119<\/strong> \u2013 elementy, kt\u00f3re s\u0105 integraln\u0105 cz\u0119\u015bci\u0105 zar\u00f3wno <strong data-start=\"729\" data-end=\"739\">muzyki<\/strong> <strong data-start=\"740\" data-end=\"758\">Travisa Scotta<\/strong>, jak i jego <strong data-start=\"771\" data-end=\"793\">artystycznej wizji<\/strong>. <strong data-start=\"795\" data-end=\"817\">Ciemna paleta barw<\/strong> z kontrastuj\u0105cymi akcentami tworzy <strong data-start=\"853\" data-end=\"875\">tajemniczy nastr\u00f3j<\/strong>, kt\u00f3ry pasuje do g\u0142\u0119bi i emocji zawartych w muzyce <strong data-start=\"927\" data-end=\"941\" data-is-only-node=\"\">JACKBOYS 2<\/strong>. To <strong data-start=\"946\" data-end=\"965\">nie tylko album<\/strong>, ale tak\u017ce <strong data-start=\"977\" data-end=\"987\">sztuka<\/strong>, kt\u00f3r\u0105 mo\u017cna eksponowa\u0107 w swojej kolekcji.<\/p>\n<h2 data-start=\"1032\" data-end=\"1089\"><strong data-start=\"1036\" data-end=\"1089\">Muzyka: Zr\u00f3\u017cnicowane Brzmienia i Go\u015bcinne Wyst\u0119py<\/strong><\/h2>\n<p data-start=\"1091\" data-end=\"1514\"><strong data-start=\"1091\" data-end=\"1124\">JACKBOYS 2 Vinyl (Mask Cover)<\/strong> oferuje <strong data-start=\"1133\" data-end=\"1162\">eksperymentalne brzmienia<\/strong> z <strong data-start=\"1165\" data-end=\"1196\">nowoczesnymi wp\u0142ywami trapu<\/strong> i <strong data-start=\"1199\" data-end=\"1211\">hip-hopu<\/strong>. Album pe\u0142en jest <strong data-start=\"1230\" data-end=\"1253\">go\u015bcinnych wyst\u0119p\u00f3w<\/strong> od takich artyst\u00f3w jak <strong data-start=\"1277\" data-end=\"1290\">Sheck Wes<\/strong>, <strong data-start=\"1292\" data-end=\"1304\">Lil Baby<\/strong> i <strong data-start=\"1307\" data-end=\"1322\">Don Toliver<\/strong>, co nadaje p\u0142ycie <strong data-start=\"1341\" data-end=\"1366\">eklektyczny charakter<\/strong>. Winylowa edycja pozwala na <strong data-start=\"1395\" data-end=\"1423\">pe\u0142niejsze do\u015bwiadczenie<\/strong> d\u017awi\u0119k\u00f3w, pozwalaj\u0105c s\u0142uchaczom na <strong data-start=\"1459\" data-end=\"1481\" data-is-only-node=\"\">g\u0142\u0119bsze zanurzenie<\/strong> si\u0119 w atmosferze <strong data-start=\"1499\" data-end=\"1513\">JACKBOYS 2<\/strong>.<\/p>\n<h2 data-start=\"1516\" data-end=\"1577\"><strong data-start=\"1520\" data-end=\"1577\">Winyl: Wysoka Jako\u015b\u0107 D\u017awi\u0119ku i Kolekcjonerska Warto\u015b\u0107<\/strong><\/h2>\n<p data-start=\"1579\" data-end=\"1934\"><strong data-start=\"1579\" data-end=\"1612\">JACKBOYS 2 Vinyl (Mask Cover)<\/strong> to doskona\u0142a okazja, by do\u015bwiadczy\u0107 <strong data-start=\"1649\" data-end=\"1674\">muzyki Travisa Scotta<\/strong> w wyj\u0105tkowym, <strong data-start=\"1689\" data-end=\"1712\">analogowym formacie<\/strong>. <strong data-start=\"1714\" data-end=\"1723\">Winyl<\/strong> zapewnia <strong data-start=\"1733\" data-end=\"1757\">czysty, pe\u0142ny d\u017awi\u0119k<\/strong>, kt\u00f3ry pozwala na <strong data-start=\"1776\" data-end=\"1809\">mocniejsze prze\u017cywanie muzyki<\/strong>. To tak\u017ce <strong data-start=\"1820\" data-end=\"1842\">limitowane wydanie<\/strong>, kt\u00f3re stanie si\u0119 wa\u017cnym elementem w <strong data-start=\"1880\" data-end=\"1899\">ka\u017cdej kolekcji<\/strong> fan\u00f3w artysty i mi\u0142o\u015bnik\u00f3w winyli.<\/p>","protected":false},"excerpt":{"rendered":"<h2>Winyl Jackboys (Mask Cover)<\/h2>\n<p><strong>Winyl Jackboys (Mask Cover)<\/strong> to <strong data-start=\"2012\" data-end=\"2043\">limitowane wydanie winylowe<\/strong> z <strong data-start=\"2046\" data-end=\"2071\">mroczn\u0105 ok\u0142adk\u0105 maski<\/strong>, kt\u00f3re \u0142\u0105czy <strong data-start=\"2085\" data-end=\"2110\">muzyczne eksperymenty<\/strong> i <strong data-start=\"2113\" data-end=\"2135\">artystyczny design<\/strong>. <strong data-start=\"2137\" data-end=\"2162\">Wysoka jako\u015b\u0107 d\u017awi\u0119ku<\/strong>, <strong data-start=\"2164\" data-end=\"2185\">unikatowa ok\u0142adka<\/strong> i <strong data-start=\"2188\" data-end=\"2214\">kolekcjonerska warto\u015b\u0107<\/strong> sprawiaj\u0105, \u017ce jest to <strong data-start=\"2237\" data-end=\"2250\">must-have<\/strong> dla ka\u017cdego fana <strong data-start=\"2268\" data-end=\"2286\">Travisa Scotta<\/strong> i winyli.<\/p>","protected":false},"featured_media":200125,"template":"","meta":{"_acf_changed":false,"_yoast_wpseo_focuskw":"Winyl Jackboys (Mask Cover)","_yoast_wpseo_title":"","_yoast_wpseo_metadesc":""},"pwb-brand":[1086],"product_brand":[],"product_cat":[23,975],"product_tag":[1008,1009],"class_list":{"0":"post-200109","1":"product","2":"type-product","3":"status-publish","4":"has-post-thumbnail","6":"pwb-brand-travis-scott","7":"product_cat-akcesoria","8":"product_cat-wszystkie-akcesoria","9":"product_tag-kobieta","10":"product_tag-mezczyzna","11":"pa_rozmiar-ubrania-one-size-2","13":"first","14":"onbackorder","15":"taxable","16":"shipping-taxable","17":"purchasable","18":"product-type-variable"},"acf":[],"yoast_head":"<!-- This site is optimized with the Yoast SEO plugin v27.4 - https:\/\/yoast.com\/product\/yoast-seo-wordpress\/ -->\n<title>Winyl Jackboys (Mask Cover) - SHEZAMME<\/title>\n<meta name=\"description\" content=\"Winyl Jackboys (Mask Cover) | Luksusowe i autentyczne przedmioty w jednym miejscu. B\u0105d\u017a na bie\u017c\u0105co i sprawd\u017a nasz\u0105 ofert\u0119 ju\u017c teraz\" \/>\n<meta name=\"robots\" content=\"index, follow, max-snippet:-1, max-image-preview:large, max-video-preview:-1\" \/>\n<link rel=\"canonical\" href=\"https:\/\/shezamme.com\/en\/sklep\/accesories\/all-accesories\/winyl-jackboys-mask-cover\/\" \/>\n<meta property=\"og:locale\" content=\"en_US\" \/>\n<meta property=\"og:type\" content=\"article\" \/>\n<meta property=\"og:title\" content=\"Winyl Jackboys (Mask Cover) - SHEZAMME\" \/>\n<meta property=\"og:description\" content=\"Winyl Jackboys (Mask Cover) | Luksusowe i autentyczne przedmioty w jednym miejscu. B\u0105d\u017a na bie\u017c\u0105co i sprawd\u017a nasz\u0105 ofert\u0119 ju\u017c teraz\" \/>\n<meta property=\"og:url\" content=\"https:\/\/shezamme.com\/en\/sklep\/accesories\/all-accesories\/winyl-jackboys-mask-cover\/\" \/>\n<meta property=\"og:site_name\" content=\"SHEZAMME - Yeezy, Jordan, Supreme i inne oryginalne rzeczy\" \/>\n<meta property=\"article:publisher\" content=\"https:\/\/www.facebook.com\/SHEZAMME\/\" \/>\n<meta property=\"article:modified_time\" content=\"2025-12-15T21:38:23+00:00\" \/>\n<meta property=\"og:image\" content=\"https:\/\/shezamme.com\/wp-content\/uploads\/2025\/07\/JACKBOYS-2-VINYL-MASK-COVER-1.webp\" \/>\n\t<meta property=\"og:image:width\" content=\"1080\" \/>\n\t<meta property=\"og:image:height\" content=\"1080\" \/>\n\t<meta property=\"og:image:type\" content=\"image\/webp\" \/>\n<meta name=\"twitter:card\" content=\"summary_large_image\" \/>\n<meta name=\"twitter:site\" content=\"@SHEZAMME\" \/>\n<meta name=\"twitter:label1\" content=\"Est. reading time\" \/>\n\t<meta name=\"twitter:data1\" content=\"1 minute\" \/>\n<script type=\"application\/ld+json\" class=\"yoast-schema-graph\">{\"@context\":\"https:\\\/\\\/schema.org\",\"@graph\":[{\"@type\":\"WebPage\",\"@id\":\"https:\\\/\\\/shezamme.com\\\/sklep\\\/akcesoria\\\/wszystkie-akcesoria\\\/winyl-jackboys-mask-cover\\\/\",\"url\":\"https:\\\/\\\/shezamme.com\\\/sklep\\\/akcesoria\\\/wszystkie-akcesoria\\\/winyl-jackboys-mask-cover\\\/\",\"name\":\"Winyl Jackboys (Mask Cover) - SHEZAMME\",\"isPartOf\":{\"@id\":\"https:\\\/\\\/shezamme.com\\\/#website\"},\"primaryImageOfPage\":{\"@id\":\"https:\\\/\\\/shezamme.com\\\/sklep\\\/akcesoria\\\/wszystkie-akcesoria\\\/winyl-jackboys-mask-cover\\\/#primaryimage\"},\"image\":{\"@id\":\"https:\\\/\\\/shezamme.com\\\/sklep\\\/akcesoria\\\/wszystkie-akcesoria\\\/winyl-jackboys-mask-cover\\\/#primaryimage\"},\"thumbnailUrl\":\"https:\\\/\\\/shezamme.com\\\/wp-content\\\/uploads\\\/2025\\\/07\\\/JACKBOYS-2-VINYL-MASK-COVER-1.webp\",\"datePublished\":\"2025-07-12T12:47:39+00:00\",\"dateModified\":\"2025-12-15T21:38:23+00:00\",\"description\":\"Winyl Jackboys (Mask Cover) | Luksusowe i autentyczne przedmioty w jednym miejscu. B\u0105d\u017a na bie\u017c\u0105co i sprawd\u017a nasz\u0105 ofert\u0119 ju\u017c teraz\",\"breadcrumb\":{\"@id\":\"https:\\\/\\\/shezamme.com\\\/sklep\\\/akcesoria\\\/wszystkie-akcesoria\\\/winyl-jackboys-mask-cover\\\/#breadcrumb\"},\"inLanguage\":\"en-US\",\"potentialAction\":[{\"@type\":\"ReadAction\",\"target\":[\"https:\\\/\\\/shezamme.com\\\/sklep\\\/akcesoria\\\/wszystkie-akcesoria\\\/winyl-jackboys-mask-cover\\\/\"]}]},{\"@type\":\"ImageObject\",\"inLanguage\":\"en-US\",\"@id\":\"https:\\\/\\\/shezamme.com\\\/sklep\\\/akcesoria\\\/wszystkie-akcesoria\\\/winyl-jackboys-mask-cover\\\/#primaryimage\",\"url\":\"https:\\\/\\\/shezamme.com\\\/wp-content\\\/uploads\\\/2025\\\/07\\\/JACKBOYS-2-VINYL-MASK-COVER-1.webp\",\"contentUrl\":\"https:\\\/\\\/shezamme.com\\\/wp-content\\\/uploads\\\/2025\\\/07\\\/JACKBOYS-2-VINYL-MASK-COVER-1.webp\",\"width\":1080,\"height\":1080,\"caption\":\"JACKBOYS 2 VINYL (MASK COVER)\"},{\"@type\":\"BreadcrumbList\",\"@id\":\"https:\\\/\\\/shezamme.com\\\/sklep\\\/akcesoria\\\/wszystkie-akcesoria\\\/winyl-jackboys-mask-cover\\\/#breadcrumb\",\"itemListElement\":[{\"@type\":\"ListItem\",\"position\":1,\"name\":\"Strona g\u0142\u00f3wna\",\"item\":\"https:\\\/\\\/shezamme.com\\\/\"},{\"@type\":\"ListItem\",\"position\":2,\"name\":\"Sklep\",\"item\":\"https:\\\/\\\/shezamme.com\\\/en\\\/sklep\\\/\"},{\"@type\":\"ListItem\",\"position\":3,\"name\":\"Winyl Jackboys (Mask Cover)\"}]},{\"@type\":\"WebSite\",\"@id\":\"https:\\\/\\\/shezamme.com\\\/#website\",\"url\":\"https:\\\/\\\/shezamme.com\\\/\",\"name\":\"SHEZAMME - Sneakersy, Streetwear i luksusowe marki\",\"description\":\"Oryginalne i ekskluzywne przedmioty w jednym miejscu. Sprawd\u017a nasze produkty ju\u017c teraz i b\u0105d\u017a na bie\u017c\u0105co z wszystkimi premierami.\",\"publisher\":{\"@id\":\"https:\\\/\\\/shezamme.com\\\/#organization\"},\"potentialAction\":[{\"@type\":\"SearchAction\",\"target\":{\"@type\":\"EntryPoint\",\"urlTemplate\":\"https:\\\/\\\/shezamme.com\\\/?s={search_term_string}\"},\"query-input\":{\"@type\":\"PropertyValueSpecification\",\"valueRequired\":true,\"valueName\":\"search_term_string\"}}],\"inLanguage\":\"en-US\"},{\"@type\":\"Organization\",\"@id\":\"https:\\\/\\\/shezamme.com\\\/#organization\",\"name\":\"SHEZAMME - Sneakersy, Streetwear i luksusowe marki\",\"url\":\"https:\\\/\\\/shezamme.com\\\/\",\"logo\":{\"@type\":\"ImageObject\",\"inLanguage\":\"en-US\",\"@id\":\"https:\\\/\\\/shezamme.com\\\/#\\\/schema\\\/logo\\\/image\\\/\",\"url\":\"https:\\\/\\\/shezamme.com\\\/wp-content\\\/uploads\\\/2023\\\/02\\\/0x0.png\",\"contentUrl\":\"https:\\\/\\\/shezamme.com\\\/wp-content\\\/uploads\\\/2023\\\/02\\\/0x0.png\",\"width\":2000,\"height\":2000,\"caption\":\"SHEZAMME - Sneakersy, Streetwear i luksusowe marki\"},\"image\":{\"@id\":\"https:\\\/\\\/shezamme.com\\\/#\\\/schema\\\/logo\\\/image\\\/\"},\"sameAs\":[\"https:\\\/\\\/www.facebook.com\\\/SHEZAMME\\\/\",\"https:\\\/\\\/x.com\\\/SHEZAMME\",\"https:\\\/\\\/www.instagram.com\\\/shezamme\\\/\",\"https:\\\/\\\/www.youtube.com\\\/channel\\\/UCsTJxi_9fODHdO_1bmJbqvQ\",\"https:\\\/\\\/www.tiktok.com\\\/shezamme.com\"]}]}<\/script>\n<!-- \/ Yoast SEO plugin. -->","yoast_head_json":{"title":"Winyl Jackboys (Mask Cover) - SHEZAMME","description":"Winyl Jackboys (Mask Cover) | Luksusowe i autentyczne przedmioty w jednym miejscu. B\u0105d\u017a na bie\u017c\u0105co i sprawd\u017a nasz\u0105 ofert\u0119 ju\u017c teraz","robots":{"index":"index","follow":"follow","max-snippet":"max-snippet:-1","max-image-preview":"max-image-preview:large","max-video-preview":"max-video-preview:-1"},"canonical":"https:\/\/shezamme.com\/en\/sklep\/accesories\/all-accesories\/winyl-jackboys-mask-cover\/","og_locale":"en_US","og_type":"article","og_title":"Winyl Jackboys (Mask Cover) - SHEZAMME","og_description":"Winyl Jackboys (Mask Cover) | Luksusowe i autentyczne przedmioty w jednym miejscu. B\u0105d\u017a na bie\u017c\u0105co i sprawd\u017a nasz\u0105 ofert\u0119 ju\u017c teraz","og_url":"https:\/\/shezamme.com\/en\/sklep\/accesories\/all-accesories\/winyl-jackboys-mask-cover\/","og_site_name":"SHEZAMME - Yeezy, Jordan, Supreme i inne oryginalne rzeczy","article_publisher":"https:\/\/www.facebook.com\/SHEZAMME\/","article_modified_time":"2025-12-15T21:38:23+00:00","og_image":[{"width":1080,"height":1080,"url":"https:\/\/shezamme.com\/wp-content\/uploads\/2025\/07\/JACKBOYS-2-VINYL-MASK-COVER-1.webp","type":"image\/webp"}],"twitter_card":"summary_large_image","twitter_site":"@SHEZAMME","twitter_misc":{"Est. reading time":"1 minute"},"schema":{"@context":"https:\/\/schema.org","@graph":[{"@type":"WebPage","@id":"https:\/\/shezamme.com\/sklep\/akcesoria\/wszystkie-akcesoria\/winyl-jackboys-mask-cover\/","url":"https:\/\/shezamme.com\/sklep\/akcesoria\/wszystkie-akcesoria\/winyl-jackboys-mask-cover\/","name":"Winyl Jackboys (Mask Cover) - SHEZAMME","isPartOf":{"@id":"https:\/\/shezamme.com\/#website"},"primaryImageOfPage":{"@id":"https:\/\/shezamme.com\/sklep\/akcesoria\/wszystkie-akcesoria\/winyl-jackboys-mask-cover\/#primaryimage"},"image":{"@id":"https:\/\/shezamme.com\/sklep\/akcesoria\/wszystkie-akcesoria\/winyl-jackboys-mask-cover\/#primaryimage"},"thumbnailUrl":"https:\/\/shezamme.com\/wp-content\/uploads\/2025\/07\/JACKBOYS-2-VINYL-MASK-COVER-1.webp","datePublished":"2025-07-12T12:47:39+00:00","dateModified":"2025-12-15T21:38:23+00:00","description":"Winyl Jackboys (Mask Cover) | Luksusowe i autentyczne przedmioty w jednym miejscu. B\u0105d\u017a na bie\u017c\u0105co i sprawd\u017a nasz\u0105 ofert\u0119 ju\u017c teraz","breadcrumb":{"@id":"https:\/\/shezamme.com\/sklep\/akcesoria\/wszystkie-akcesoria\/winyl-jackboys-mask-cover\/#breadcrumb"},"inLanguage":"en-US","potentialAction":[{"@type":"ReadAction","target":["https:\/\/shezamme.com\/sklep\/akcesoria\/wszystkie-akcesoria\/winyl-jackboys-mask-cover\/"]}]},{"@type":"ImageObject","inLanguage":"en-US","@id":"https:\/\/shezamme.com\/sklep\/akcesoria\/wszystkie-akcesoria\/winyl-jackboys-mask-cover\/#primaryimage","url":"https:\/\/shezamme.com\/wp-content\/uploads\/2025\/07\/JACKBOYS-2-VINYL-MASK-COVER-1.webp","contentUrl":"https:\/\/shezamme.com\/wp-content\/uploads\/2025\/07\/JACKBOYS-2-VINYL-MASK-COVER-1.webp","width":1080,"height":1080,"caption":"JACKBOYS 2 VINYL (MASK COVER)"},{"@type":"BreadcrumbList","@id":"https:\/\/shezamme.com\/sklep\/akcesoria\/wszystkie-akcesoria\/winyl-jackboys-mask-cover\/#breadcrumb","itemListElement":[{"@type":"ListItem","position":1,"name":"Strona g\u0142\u00f3wna","item":"https:\/\/shezamme.com\/"},{"@type":"ListItem","position":2,"name":"Sklep","item":"https:\/\/shezamme.com\/en\/sklep\/"},{"@type":"ListItem","position":3,"name":"Winyl Jackboys (Mask Cover)"}]},{"@type":"WebSite","@id":"https:\/\/shezamme.com\/#website","url":"https:\/\/shezamme.com\/","name":"SHEZAMME - Sneakers, Streetwear and luxury brands","description":"Original and exclusive items in one place. Check out our products now and stay up to date with all launches.","publisher":{"@id":"https:\/\/shezamme.com\/#organization"},"potentialAction":[{"@type":"SearchAction","target":{"@type":"EntryPoint","urlTemplate":"https:\/\/shezamme.com\/?s={search_term_string}"},"query-input":{"@type":"PropertyValueSpecification","valueRequired":true,"valueName":"search_term_string"}}],"inLanguage":"en-US"},{"@type":"Organization","@id":"https:\/\/shezamme.com\/#organization","name":"SHEZAMME - Sneakers, Streetwear and luxury brands","url":"https:\/\/shezamme.com\/","logo":{"@type":"ImageObject","inLanguage":"en-US","@id":"https:\/\/shezamme.com\/#\/schema\/logo\/image\/","url":"https:\/\/shezamme.com\/wp-content\/uploads\/2023\/02\/0x0.png","contentUrl":"https:\/\/shezamme.com\/wp-content\/uploads\/2023\/02\/0x0.png","width":2000,"height":2000,"caption":"SHEZAMME - Sneakersy, Streetwear i luksusowe marki"},"image":{"@id":"https:\/\/shezamme.com\/#\/schema\/logo\/image\/"},"sameAs":["https:\/\/www.facebook.com\/SHEZAMME\/","https:\/\/x.com\/SHEZAMME","https:\/\/www.instagram.com\/shezamme\/","https:\/\/www.youtube.com\/channel\/UCsTJxi_9fODHdO_1bmJbqvQ","https:\/\/www.tiktok.com\/shezamme.com"]}]}},"brands":[{"id":1086,"name":"Travis Scott","slug":"travis-scott"}],"_links":{"self":[{"href":"https:\/\/shezamme.com\/en\/wp-json\/wp\/v2\/product\/200109","targetHints":{"allow":["GET"]}}],"collection":[{"href":"https:\/\/shezamme.com\/en\/wp-json\/wp\/v2\/product"}],"about":[{"href":"https:\/\/shezamme.com\/en\/wp-json\/wp\/v2\/types\/product"}],"wp:featuredmedia":[{"embeddable":true,"href":"https:\/\/shezamme.com\/en\/wp-json\/wp\/v2\/media\/200125"}],"wp:attachment":[{"href":"https:\/\/shezamme.com\/en\/wp-json\/wp\/v2\/media?parent=200109"}],"wp:term":[{"taxonomy":"pwb-brand","embeddable":true,"href":"https:\/\/shezamme.com\/en\/wp-json\/wp\/v2\/pwb-brand?post=200109"},{"taxonomy":"product_brand","embeddable":true,"href":"https:\/\/shezamme.com\/en\/wp-json\/wp\/v2\/product_brand?post=200109"},{"taxonomy":"product_cat","embeddable":true,"href":"https:\/\/shezamme.com\/en\/wp-json\/wp\/v2\/product_cat?post=200109"},{"taxonomy":"product_tag","embeddable":true,"href":"https:\/\/shezamme.com\/en\/wp-json\/wp\/v2\/product_tag?post=200109"}],"curies":[{"name":"wp","href":"https:\/\/api.w.org\/{rel}","templated":true}]}}