{"id":199595,"date":"2025-07-10T13:30:25","date_gmt":"2025-07-10T11:30:25","guid":{"rendered":"https:\/\/shezamme.com\/?post_type=product&#038;p=199595"},"modified":"2025-07-10T13:30:27","modified_gmt":"2025-07-10T11:30:27","slug":"air-jordan-14-retro-ferrari-2025","status":"publish","type":"product","link":"https:\/\/shezamme.com\/en\/sklep\/buty\/air-jordan\/air-jordan-14-retro-ferrari-2025\/","title":{"rendered":"Air Jordan 14 Retro Ferrari (2025)"},"content":{"rendered":"<h2 data-start=\"0\" data-end=\"76\"><strong data-start=\"4\" data-end=\"76\">Air Jordan 14 Retro Ferrari (2025): Ikona Pr\u0119dko\u015bci w Nowej Ods\u0142onie<\/strong><\/h2>\n<p data-start=\"78\" data-end=\"531\"><strong data-start=\"78\" data-end=\"116\">Air Jordan 14 Retro Ferrari (2025)<\/strong> to <strong data-start=\"120\" data-end=\"180\">od\u015bwie\u017cona wersja jednego z najbardziej kultowych modeli<\/strong> w historii <strong data-start=\"192\" data-end=\"206\">Jordan<\/strong>. Inspirowany <strong data-start=\"220\" data-end=\"231\">Ferrari<\/strong>, ten model \u0142\u0105czy <strong data-start=\"249\" data-end=\"261\">szybko\u015b\u0107<\/strong>, <strong data-start=\"263\" data-end=\"275\">precyzj\u0119<\/strong> i <strong data-start=\"278\" data-end=\"298\">luksusowy design<\/strong>, tworz\u0105c buty, kt\u00f3re nie tylko \u015bwietnie wygl\u0105daj\u0105, ale r\u00f3wnie\u017c zapewniaj\u0105 <strong data-start=\"373\" data-end=\"386\">wydajno\u015b\u0107<\/strong> na najwy\u017cszym poziomie. W 2025 roku <strong data-start=\"423\" data-end=\"434\">Ferrari<\/strong> powraca z nowoczesnym akcentem, zachowuj\u0105c wszystkie cechy, kt\u00f3re sprawi\u0142y, \u017ce sta\u0142 si\u0119 legend\u0105.<\/p>\n<h2 data-start=\"533\" data-end=\"597\"><strong data-start=\"537\" data-end=\"597\">Kolorystyka: Czerwony i Z\u0142oty Akcenty \u2013 Ho\u0142d dla Ferrari<\/strong><\/h2>\n<p data-start=\"599\" data-end=\"1071\"><strong data-start=\"599\" data-end=\"637\">Air Jordan 14 Retro Ferrari (2025)<\/strong> to buty, kt\u00f3re <strong data-start=\"653\" data-end=\"712\">nawi\u0105zuj\u0105 do klasycznych, sportowych samochod\u00f3w Ferrari<\/strong>. Dominuj\u0105cy <strong data-start=\"725\" data-end=\"743\">czerwony kolor<\/strong> na cholewce przyci\u0105ga wzrok, a <strong data-start=\"775\" data-end=\"792\">z\u0142ote akcenty<\/strong> na podeszwie i logo podkre\u015blaj\u0105 luksusowy charakter tego modelu. <strong data-start=\"858\" data-end=\"870\">Red<\/strong> i <strong data-start=\"873\" data-end=\"883\">czarny<\/strong> tworz\u0105 doskona\u0142e po\u0142\u0105czenie, kt\u00f3re od razu kojarzy si\u0119 z pr\u0119dko\u015bci\u0105, elegancj\u0105 i dynamik\u0105. Buty te \u0142\u0105cz\u0105 <strong data-start=\"989\" data-end=\"1000\">presti\u017c<\/strong> z <strong data-start=\"1003\" data-end=\"1011\">moc\u0105<\/strong>, tworz\u0105c model, kt\u00f3ry jest r\u00f3wnie funkcjonalny, co stylowy.<\/p>\n<h2 data-start=\"1073\" data-end=\"1127\"><strong data-start=\"1077\" data-end=\"1127\">Wykonanie: Wysoka Jako\u015b\u0107 i Luksusowe Materia\u0142y<\/strong><\/h2>\n<p data-start=\"1129\" data-end=\"1563\">W <strong data-start=\"1131\" data-end=\"1169\">Air Jordan 14 Retro Ferrari (2025)<\/strong> zastosowano <strong data-start=\"1182\" data-end=\"1208\">wysokiej jako\u015bci sk\u00f3r\u0119<\/strong> and <strong data-start=\"1214\" data-end=\"1233\">zamszowe panele<\/strong>, co zapewnia nie tylko <strong data-start=\"1257\" data-end=\"1269\">trwa\u0142o\u015b\u0107<\/strong>, ale tak\u017ce <strong data-start=\"1281\" data-end=\"1291\">wygod\u0119<\/strong> podczas codziennego u\u017cytkowania. <strong data-start=\"1325\" data-end=\"1345\">Zamszowe akcenty<\/strong> nadaj\u0105 butom <strong data-start=\"1359\" data-end=\"1379\">elegancki wygl\u0105d<\/strong>, a <strong data-start=\"1383\" data-end=\"1404\">sk\u00f3rzane elementy<\/strong> zwi\u0119kszaj\u0105 ich <strong data-start=\"1420\" data-end=\"1436\">wytrzyma\u0142o\u015b\u0107<\/strong>. Dodatkowo, <strong data-start=\"1449\" data-end=\"1470\">wzmocnione detale<\/strong> w okolicach sznurowade\u0142 i <strong data-start=\"1497\" data-end=\"1518\">z\u0142ote wyko\u0144czenia<\/strong> podkre\u015blaj\u0105 presti\u017cowy charakter tej edycji.<\/p>\n<h2 data-start=\"1565\" data-end=\"1606\"><strong data-start=\"1569\" data-end=\"1606\">Technologia: Komfort i Stabilno\u015b\u0107<\/strong><\/h2>\n<p data-start=\"1608\" data-end=\"2090\">Podobnie jak inne modele <strong data-start=\"1633\" data-end=\"1650\">Air Jordan 14<\/strong>, wersja <strong data-start=\"1659\" data-end=\"1677\">Ferrari (2025)<\/strong> oferuje <strong data-start=\"1686\" data-end=\"1726\">technologi\u0119 poduszki powietrznej Air<\/strong> w podeszwie, co zapewnia <strong data-start=\"1752\" data-end=\"1777\">doskona\u0142\u0105 amortyzacj\u0119<\/strong> i <strong data-start=\"1780\" data-end=\"1791\">komfort<\/strong> przez ca\u0142y dzie\u0144. <strong data-start=\"1810\" data-end=\"1829\">Podeszwa z gumy<\/strong> z klasycznym wzorem wafelka gwarantuje <strong data-start=\"1869\" data-end=\"1893\">\u015bwietn\u0105 przyczepno\u015b\u0107<\/strong> i stabilno\u015b\u0107 na r\u00f3\u017cnych nawierzchniach. Te buty \u0142\u0105cz\u0105 <strong data-start=\"1948\" data-end=\"1971\">technologi\u0119 Air Max<\/strong> z <strong data-start=\"1974\" data-end=\"1997\">luksusowym designem<\/strong>, co czyni je zar\u00f3wno idealnym wyborem do aktywno\u015bci sportowych, jak i do codziennego u\u017cytku.<\/p>","protected":false},"excerpt":{"rendered":"<h2 data-start=\"2092\" data-end=\"2143\"><strong data-start=\"2096\" data-end=\"2143\">Air Jordan 14: Historia Szybko\u015bci i Luksusu<\/strong><\/h2>\n<p data-start=\"2145\" data-end=\"2566\"><strong data-start=\"2145\" data-end=\"2162\">Air Jordan 14<\/strong> zadebiutowa\u0142y w 1997 roku i sta\u0142y si\u0119 jednym z najbardziej <strong data-start=\"2222\" data-end=\"2245\">presti\u017cowych modeli<\/strong> w historii <strong data-start=\"2257\" data-end=\"2265\">Nike<\/strong>. Zainspirowane <strong data-start=\"2281\" data-end=\"2292\">Ferrari<\/strong>, buty te wyr\u00f3\u017cnia\u0142y si\u0119 <strong data-start=\"2317\" data-end=\"2331\">szybko\u015bci\u0105<\/strong> i <strong data-start=\"2334\" data-end=\"2348\">zwinno\u015bci\u0105<\/strong>, kt\u00f3re przek\u0142ada\u0142y si\u0119 na <strong data-start=\"2375\" data-end=\"2398\">wydajno\u015b\u0107 na boisku<\/strong>. Wersja <strong data-start=\"2407\" data-end=\"2425\">Ferrari (2025)<\/strong> to powr\u00f3t tej ikony w nowoczesnym wydaniu, kt\u00f3re zachowuje <strong data-start=\"2485\" data-end=\"2514\">wszystkie cechy orygina\u0142u<\/strong>, a jednocze\u015bnie dodaje <strong data-start=\"2538\" data-end=\"2565\">nowoczesnych usprawnie\u0144<\/strong>.<\/p>","protected":false},"featured_media":199325,"template":"","meta":{"_acf_changed":false,"_yoast_wpseo_focuskw":"Air Jordan 14 Retro Ferrari (2025)","_yoast_wpseo_title":"","_yoast_wpseo_metadesc":""},"pwb-brand":[749,756],"product_brand":[],"product_cat":[16,17],"product_tag":[1008,1009],"class_list":{"0":"post-199595","1":"product","2":"type-product","3":"status-publish","4":"has-post-thumbnail","6":"pwb-brand-air-jordan","7":"pwb-brand-nike","8":"product_cat-buty","9":"product_cat-air-jordan","10":"product_tag-kobieta","11":"product_tag-mezczyzna","13":"first","14":"onbackorder","15":"taxable","16":"shipping-taxable","17":"purchasable","18":"product-type-variable"},"acf":[],"yoast_head":"<!-- This site is optimized with the Yoast SEO plugin v27.3 - https:\/\/yoast.com\/product\/yoast-seo-wordpress\/ -->\n<title>Air Jordan 14 Retro Ferrari (2025) - SHEZAMME<\/title>\n<meta name=\"description\" content=\"Air Jordan 14 Retro Ferrari (2025) | Luksusowe i autentyczne przedmioty w jednym miejscu. B\u0105d\u017a na bie\u017c\u0105co i sprawd\u017a nasz\u0105 ofert\u0119 ju\u017c teraz\" \/>\n<meta name=\"robots\" content=\"index, follow, max-snippet:-1, max-image-preview:large, max-video-preview:-1\" \/>\n<link rel=\"canonical\" href=\"https:\/\/shezamme.com\/en\/sklep\/sneakers-2\/air-jordan\/air-jordan-14-retro-ferrari-2025\/\" \/>\n<meta property=\"og:locale\" content=\"en_US\" \/>\n<meta property=\"og:type\" content=\"article\" \/>\n<meta property=\"og:title\" content=\"Air Jordan 14 Retro Ferrari (2025) - SHEZAMME\" \/>\n<meta property=\"og:description\" content=\"Air Jordan 14 Retro Ferrari (2025) | Luksusowe i autentyczne przedmioty w jednym miejscu. B\u0105d\u017a na bie\u017c\u0105co i sprawd\u017a nasz\u0105 ofert\u0119 ju\u017c teraz\" \/>\n<meta property=\"og:url\" content=\"https:\/\/shezamme.com\/en\/sklep\/sneakers-2\/air-jordan\/air-jordan-14-retro-ferrari-2025\/\" \/>\n<meta property=\"og:site_name\" content=\"SHEZAMME - Yeezy, Jordan, Supreme i inne oryginalne rzeczy\" \/>\n<meta property=\"article:publisher\" content=\"https:\/\/www.facebook.com\/SHEZAMME\/\" \/>\n<meta property=\"article:modified_time\" content=\"2025-07-10T11:30:27+00:00\" \/>\n<meta property=\"og:image\" content=\"https:\/\/shezamme.com\/wp-content\/uploads\/2025\/07\/Air-Jordan-14-Retro-Ferrari-1.webp\" \/>\n\t<meta property=\"og:image:width\" content=\"1080\" \/>\n\t<meta property=\"og:image:height\" content=\"1080\" \/>\n\t<meta property=\"og:image:type\" content=\"image\/webp\" \/>\n<meta name=\"twitter:card\" content=\"summary_large_image\" \/>\n<meta name=\"twitter:site\" content=\"@SHEZAMME\" \/>\n<meta name=\"twitter:label1\" content=\"Est. reading time\" \/>\n\t<meta name=\"twitter:data1\" content=\"2 minutes\" \/>\n<script type=\"application\/ld+json\" class=\"yoast-schema-graph\">{\"@context\":\"https:\\\/\\\/schema.org\",\"@graph\":[{\"@type\":\"WebPage\",\"@id\":\"https:\\\/\\\/shezamme.com\\\/sklep\\\/buty\\\/air-jordan\\\/air-jordan-14-retro-ferrari-2025\\\/\",\"url\":\"https:\\\/\\\/shezamme.com\\\/sklep\\\/buty\\\/air-jordan\\\/air-jordan-14-retro-ferrari-2025\\\/\",\"name\":\"Air Jordan 14 Retro Ferrari (2025) - SHEZAMME\",\"isPartOf\":{\"@id\":\"https:\\\/\\\/shezamme.com\\\/#website\"},\"primaryImageOfPage\":{\"@id\":\"https:\\\/\\\/shezamme.com\\\/sklep\\\/buty\\\/air-jordan\\\/air-jordan-14-retro-ferrari-2025\\\/#primaryimage\"},\"image\":{\"@id\":\"https:\\\/\\\/shezamme.com\\\/sklep\\\/buty\\\/air-jordan\\\/air-jordan-14-retro-ferrari-2025\\\/#primaryimage\"},\"thumbnailUrl\":\"https:\\\/\\\/shezamme.com\\\/wp-content\\\/uploads\\\/2025\\\/07\\\/Air-Jordan-14-Retro-Ferrari-1.webp\",\"datePublished\":\"2025-07-10T11:30:25+00:00\",\"dateModified\":\"2025-07-10T11:30:27+00:00\",\"description\":\"Air Jordan 14 Retro Ferrari (2025) | Luksusowe i autentyczne przedmioty w jednym miejscu. B\u0105d\u017a na bie\u017c\u0105co i sprawd\u017a nasz\u0105 ofert\u0119 ju\u017c teraz\",\"breadcrumb\":{\"@id\":\"https:\\\/\\\/shezamme.com\\\/sklep\\\/buty\\\/air-jordan\\\/air-jordan-14-retro-ferrari-2025\\\/#breadcrumb\"},\"inLanguage\":\"en-US\",\"potentialAction\":[{\"@type\":\"ReadAction\",\"target\":[\"https:\\\/\\\/shezamme.com\\\/sklep\\\/buty\\\/air-jordan\\\/air-jordan-14-retro-ferrari-2025\\\/\"]}]},{\"@type\":\"ImageObject\",\"inLanguage\":\"en-US\",\"@id\":\"https:\\\/\\\/shezamme.com\\\/sklep\\\/buty\\\/air-jordan\\\/air-jordan-14-retro-ferrari-2025\\\/#primaryimage\",\"url\":\"https:\\\/\\\/shezamme.com\\\/wp-content\\\/uploads\\\/2025\\\/07\\\/Air-Jordan-14-Retro-Ferrari-1.webp\",\"contentUrl\":\"https:\\\/\\\/shezamme.com\\\/wp-content\\\/uploads\\\/2025\\\/07\\\/Air-Jordan-14-Retro-Ferrari-1.webp\",\"width\":1080,\"height\":1080,\"caption\":\"Air Jordan 14 Retro Ferrari (2025)\"},{\"@type\":\"BreadcrumbList\",\"@id\":\"https:\\\/\\\/shezamme.com\\\/sklep\\\/buty\\\/air-jordan\\\/air-jordan-14-retro-ferrari-2025\\\/#breadcrumb\",\"itemListElement\":[{\"@type\":\"ListItem\",\"position\":1,\"name\":\"Strona g\u0142\u00f3wna\",\"item\":\"https:\\\/\\\/shezamme.com\\\/\"},{\"@type\":\"ListItem\",\"position\":2,\"name\":\"Sklep\",\"item\":\"https:\\\/\\\/shezamme.com\\\/en\\\/sklep\\\/\"},{\"@type\":\"ListItem\",\"position\":3,\"name\":\"Air Jordan 14 Retro Ferrari (2025)\"}]},{\"@type\":\"WebSite\",\"@id\":\"https:\\\/\\\/shezamme.com\\\/#website\",\"url\":\"https:\\\/\\\/shezamme.com\\\/\",\"name\":\"SHEZAMME - Sneakersy, Streetwear i luksusowe marki\",\"description\":\"Oryginalne i ekskluzywne przedmioty w jednym miejscu. Sprawd\u017a nasze produkty ju\u017c teraz i b\u0105d\u017a na bie\u017c\u0105co z wszystkimi premierami.\",\"publisher\":{\"@id\":\"https:\\\/\\\/shezamme.com\\\/#organization\"},\"potentialAction\":[{\"@type\":\"SearchAction\",\"target\":{\"@type\":\"EntryPoint\",\"urlTemplate\":\"https:\\\/\\\/shezamme.com\\\/?s={search_term_string}\"},\"query-input\":{\"@type\":\"PropertyValueSpecification\",\"valueRequired\":true,\"valueName\":\"search_term_string\"}}],\"inLanguage\":\"en-US\"},{\"@type\":\"Organization\",\"@id\":\"https:\\\/\\\/shezamme.com\\\/#organization\",\"name\":\"SHEZAMME - Sneakersy, Streetwear i luksusowe marki\",\"url\":\"https:\\\/\\\/shezamme.com\\\/\",\"logo\":{\"@type\":\"ImageObject\",\"inLanguage\":\"en-US\",\"@id\":\"https:\\\/\\\/shezamme.com\\\/#\\\/schema\\\/logo\\\/image\\\/\",\"url\":\"https:\\\/\\\/shezamme.com\\\/wp-content\\\/uploads\\\/2023\\\/02\\\/0x0.png\",\"contentUrl\":\"https:\\\/\\\/shezamme.com\\\/wp-content\\\/uploads\\\/2023\\\/02\\\/0x0.png\",\"width\":2000,\"height\":2000,\"caption\":\"SHEZAMME - Sneakersy, Streetwear i luksusowe marki\"},\"image\":{\"@id\":\"https:\\\/\\\/shezamme.com\\\/#\\\/schema\\\/logo\\\/image\\\/\"},\"sameAs\":[\"https:\\\/\\\/www.facebook.com\\\/SHEZAMME\\\/\",\"https:\\\/\\\/x.com\\\/SHEZAMME\",\"https:\\\/\\\/www.instagram.com\\\/shezamme\\\/\",\"https:\\\/\\\/www.youtube.com\\\/channel\\\/UCsTJxi_9fODHdO_1bmJbqvQ\",\"https:\\\/\\\/www.tiktok.com\\\/shezamme.com\"]}]}<\/script>\n<!-- \/ Yoast SEO plugin. -->","yoast_head_json":{"title":"Air Jordan 14 Retro Ferrari (2025) - SHEZAMME","description":"Air Jordan 14 Retro Ferrari (2025) | Luksusowe i autentyczne przedmioty w jednym miejscu. B\u0105d\u017a na bie\u017c\u0105co i sprawd\u017a nasz\u0105 ofert\u0119 ju\u017c teraz","robots":{"index":"index","follow":"follow","max-snippet":"max-snippet:-1","max-image-preview":"max-image-preview:large","max-video-preview":"max-video-preview:-1"},"canonical":"https:\/\/shezamme.com\/en\/sklep\/sneakers-2\/air-jordan\/air-jordan-14-retro-ferrari-2025\/","og_locale":"en_US","og_type":"article","og_title":"Air Jordan 14 Retro Ferrari (2025) - SHEZAMME","og_description":"Air Jordan 14 Retro Ferrari (2025) | Luksusowe i autentyczne przedmioty w jednym miejscu. B\u0105d\u017a na bie\u017c\u0105co i sprawd\u017a nasz\u0105 ofert\u0119 ju\u017c teraz","og_url":"https:\/\/shezamme.com\/en\/sklep\/sneakers-2\/air-jordan\/air-jordan-14-retro-ferrari-2025\/","og_site_name":"SHEZAMME - Yeezy, Jordan, Supreme i inne oryginalne rzeczy","article_publisher":"https:\/\/www.facebook.com\/SHEZAMME\/","article_modified_time":"2025-07-10T11:30:27+00:00","og_image":[{"width":1080,"height":1080,"url":"https:\/\/shezamme.com\/wp-content\/uploads\/2025\/07\/Air-Jordan-14-Retro-Ferrari-1.webp","type":"image\/webp"}],"twitter_card":"summary_large_image","twitter_site":"@SHEZAMME","twitter_misc":{"Est. reading time":"2 minutes"},"schema":{"@context":"https:\/\/schema.org","@graph":[{"@type":"WebPage","@id":"https:\/\/shezamme.com\/sklep\/buty\/air-jordan\/air-jordan-14-retro-ferrari-2025\/","url":"https:\/\/shezamme.com\/sklep\/buty\/air-jordan\/air-jordan-14-retro-ferrari-2025\/","name":"Air Jordan 14 Retro Ferrari (2025) - SHEZAMME","isPartOf":{"@id":"https:\/\/shezamme.com\/#website"},"primaryImageOfPage":{"@id":"https:\/\/shezamme.com\/sklep\/buty\/air-jordan\/air-jordan-14-retro-ferrari-2025\/#primaryimage"},"image":{"@id":"https:\/\/shezamme.com\/sklep\/buty\/air-jordan\/air-jordan-14-retro-ferrari-2025\/#primaryimage"},"thumbnailUrl":"https:\/\/shezamme.com\/wp-content\/uploads\/2025\/07\/Air-Jordan-14-Retro-Ferrari-1.webp","datePublished":"2025-07-10T11:30:25+00:00","dateModified":"2025-07-10T11:30:27+00:00","description":"Air Jordan 14 Retro Ferrari (2025) | Luksusowe i autentyczne przedmioty w jednym miejscu. B\u0105d\u017a na bie\u017c\u0105co i sprawd\u017a nasz\u0105 ofert\u0119 ju\u017c teraz","breadcrumb":{"@id":"https:\/\/shezamme.com\/sklep\/buty\/air-jordan\/air-jordan-14-retro-ferrari-2025\/#breadcrumb"},"inLanguage":"en-US","potentialAction":[{"@type":"ReadAction","target":["https:\/\/shezamme.com\/sklep\/buty\/air-jordan\/air-jordan-14-retro-ferrari-2025\/"]}]},{"@type":"ImageObject","inLanguage":"en-US","@id":"https:\/\/shezamme.com\/sklep\/buty\/air-jordan\/air-jordan-14-retro-ferrari-2025\/#primaryimage","url":"https:\/\/shezamme.com\/wp-content\/uploads\/2025\/07\/Air-Jordan-14-Retro-Ferrari-1.webp","contentUrl":"https:\/\/shezamme.com\/wp-content\/uploads\/2025\/07\/Air-Jordan-14-Retro-Ferrari-1.webp","width":1080,"height":1080,"caption":"Air Jordan 14 Retro Ferrari (2025)"},{"@type":"BreadcrumbList","@id":"https:\/\/shezamme.com\/sklep\/buty\/air-jordan\/air-jordan-14-retro-ferrari-2025\/#breadcrumb","itemListElement":[{"@type":"ListItem","position":1,"name":"Strona g\u0142\u00f3wna","item":"https:\/\/shezamme.com\/"},{"@type":"ListItem","position":2,"name":"Sklep","item":"https:\/\/shezamme.com\/en\/sklep\/"},{"@type":"ListItem","position":3,"name":"Air Jordan 14 Retro Ferrari (2025)"}]},{"@type":"WebSite","@id":"https:\/\/shezamme.com\/#website","url":"https:\/\/shezamme.com\/","name":"SHEZAMME - Sneakers, Streetwear and luxury brands","description":"Original and exclusive items in one place. Check out our products now and stay up to date with all launches.","publisher":{"@id":"https:\/\/shezamme.com\/#organization"},"potentialAction":[{"@type":"SearchAction","target":{"@type":"EntryPoint","urlTemplate":"https:\/\/shezamme.com\/?s={search_term_string}"},"query-input":{"@type":"PropertyValueSpecification","valueRequired":true,"valueName":"search_term_string"}}],"inLanguage":"en-US"},{"@type":"Organization","@id":"https:\/\/shezamme.com\/#organization","name":"SHEZAMME - Sneakers, Streetwear and luxury brands","url":"https:\/\/shezamme.com\/","logo":{"@type":"ImageObject","inLanguage":"en-US","@id":"https:\/\/shezamme.com\/#\/schema\/logo\/image\/","url":"https:\/\/shezamme.com\/wp-content\/uploads\/2023\/02\/0x0.png","contentUrl":"https:\/\/shezamme.com\/wp-content\/uploads\/2023\/02\/0x0.png","width":2000,"height":2000,"caption":"SHEZAMME - Sneakersy, Streetwear i luksusowe marki"},"image":{"@id":"https:\/\/shezamme.com\/#\/schema\/logo\/image\/"},"sameAs":["https:\/\/www.facebook.com\/SHEZAMME\/","https:\/\/x.com\/SHEZAMME","https:\/\/www.instagram.com\/shezamme\/","https:\/\/www.youtube.com\/channel\/UCsTJxi_9fODHdO_1bmJbqvQ","https:\/\/www.tiktok.com\/shezamme.com"]}]}},"brands":[{"id":749,"name":"Jordan","slug":"air-jordan"},{"id":756,"name":"Nike","slug":"nike"}],"_links":{"self":[{"href":"https:\/\/shezamme.com\/en\/wp-json\/wp\/v2\/product\/199595","targetHints":{"allow":["GET"]}}],"collection":[{"href":"https:\/\/shezamme.com\/en\/wp-json\/wp\/v2\/product"}],"about":[{"href":"https:\/\/shezamme.com\/en\/wp-json\/wp\/v2\/types\/product"}],"wp:featuredmedia":[{"embeddable":true,"href":"https:\/\/shezamme.com\/en\/wp-json\/wp\/v2\/media\/199325"}],"wp:attachment":[{"href":"https:\/\/shezamme.com\/en\/wp-json\/wp\/v2\/media?parent=199595"}],"wp:term":[{"taxonomy":"pwb-brand","embeddable":true,"href":"https:\/\/shezamme.com\/en\/wp-json\/wp\/v2\/pwb-brand?post=199595"},{"taxonomy":"product_brand","embeddable":true,"href":"https:\/\/shezamme.com\/en\/wp-json\/wp\/v2\/product_brand?post=199595"},{"taxonomy":"product_cat","embeddable":true,"href":"https:\/\/shezamme.com\/en\/wp-json\/wp\/v2\/product_cat?post=199595"},{"taxonomy":"product_tag","embeddable":true,"href":"https:\/\/shezamme.com\/en\/wp-json\/wp\/v2\/product_tag?post=199595"}],"curies":[{"name":"wp","href":"https:\/\/api.w.org\/{rel}","templated":true}]}}