{"id":199491,"date":"2025-07-10T13:13:00","date_gmt":"2025-07-10T11:13:00","guid":{"rendered":"https:\/\/shezamme.com\/?post_type=product&#038;p=199491"},"modified":"2025-07-13T16:29:07","modified_gmt":"2025-07-13T14:29:07","slug":"air-jordan-1-retro-high-og-shattered-backboard-2025","status":"publish","type":"product","link":"https:\/\/shezamme.com\/en\/sklep\/buty\/air-jordan\/air-jordan-1-high\/air-jordan-1-retro-high-og-shattered-backboard-2025\/","title":{"rendered":"Air Jordan 1 Retro High OG Shattered Backboard (2025)"},"content":{"rendered":"<h2 data-start=\"0\" data-end=\"98\"><strong data-start=\"4\" data-end=\"98\">Air Jordan 1 Retro High OG Shattered Backboard (2025): Powr\u00f3t Ikony w Nowoczesnej Ods\u0142onie<\/strong><\/h2>\n<p data-start=\"100\" data-end=\"581\"><strong data-start=\"100\" data-end=\"157\">Air Jordan 1 Retro High OG Shattered Backboard (2025)<\/strong> to <strong data-start=\"161\" data-end=\"195\">legendarna edycja Air Jordan 1<\/strong>, kt\u00f3ra powraca w nowej ods\u0142onie, utrzymuj\u0105c swoj\u0105 <strong data-start=\"246\" data-end=\"276\">niepowtarzaln\u0105 kolorystyk\u0119<\/strong> i <strong data-start=\"279\" data-end=\"302\">wyj\u0105tkowy charakter<\/strong>. <strong data-start=\"304\" data-end=\"327\">Shattered Backboard<\/strong> to model, kt\u00f3ry zyska\u0142 <strong data-start=\"351\" data-end=\"367\">status ikony<\/strong> dzi\u0119ki inspiracji <strong data-start=\"386\" data-end=\"428\">niesamowitym wyst\u0119pem Michaela Jordana<\/strong>, kt\u00f3ry podczas meczu rozbi\u0142 tablic\u0119. W 2025 roku, ta <strong data-start=\"482\" data-end=\"493\">legenda<\/strong> powraca z <strong data-start=\"504\" data-end=\"525\">od\u015bwie\u017con\u0105 wersj\u0105<\/strong>, kt\u00f3ra \u0142\u0105czy klasyczny design z nowoczesnymi akcentami.<\/p>\n<h2 data-start=\"583\" data-end=\"637\"><strong data-start=\"587\" data-end=\"637\">Kolorystyka: Pomara\u0144cz i Czer\u0144 w Nowym Wydaniu<\/strong><\/h2>\n<p data-start=\"639\" data-end=\"1016\"><strong data-start=\"639\" data-end=\"662\">Shattered Backboard<\/strong> wyr\u00f3\u017cnia si\u0119 <strong data-start=\"676\" data-end=\"693\">pomara\u0144czowym<\/strong> odcieniem, kt\u00f3ry jest symbolem <strong data-start=\"725\" data-end=\"747\">&#8222;rozbicia tablicy&#8221;<\/strong>, a <strong data-start=\"751\" data-end=\"761\">czarny<\/strong> i <strong data-start=\"764\" data-end=\"773\">bia\u0142y<\/strong> kolor dodaj\u0105 butom <strong data-start=\"793\" data-end=\"806\">elegancji<\/strong> i <strong data-start=\"809\" data-end=\"827\">uniwersalno\u015bci<\/strong>. Kolorystyka pozostaje wierna orygina\u0142owi, ale 2025 edycja wprowadza <strong data-start=\"897\" data-end=\"916\">subtelne zmiany<\/strong> w materia\u0142ach i wyko\u0144czeniu, nadaj\u0105c butom jeszcze bardziej <strong data-start=\"977\" data-end=\"991\">nowoczesny<\/strong> i <strong data-start=\"994\" data-end=\"1015\">dynamiczny wygl\u0105d<\/strong>.<\/p>\n<h2 data-start=\"1018\" data-end=\"1090\"><strong data-start=\"1022\" data-end=\"1090\">Wykonanie: Sk\u00f3ra i Zamsz w Po\u0142\u0105czeniu z Precyzyjnym Wyko\u0144czeniem<\/strong><\/h2>\n<p data-start=\"1092\" data-end=\"1520\"><strong data-start=\"1092\" data-end=\"1149\">Air Jordan 1 Retro High OG Shattered Backboard (2025)<\/strong> zosta\u0142y wykonane z <strong data-start=\"1169\" data-end=\"1204\">wysokiej jako\u015bci sk\u00f3ry i zamszu<\/strong>, kt\u00f3re gwarantuj\u0105 <strong data-start=\"1223\" data-end=\"1241\">d\u0142ugowieczno\u015b\u0107<\/strong> i <strong data-start=\"1244\" data-end=\"1254\">wygod\u0119<\/strong>. <strong data-start=\"1256\" data-end=\"1282\">Tradycyjna konstrukcja<\/strong> Air Jordan 1 z <strong data-start=\"1298\" data-end=\"1316\">wysokim stanem<\/strong> zapewnia wsparcie dla kostki, a <strong data-start=\"1349\" data-end=\"1368\">sk\u00f3rzane detale<\/strong> dodaj\u0105 elegancji i trwa\u0142o\u015bci. <strong data-start=\"1399\" data-end=\"1419\">Zamszowe akcenty<\/strong> w okolicach bocznych paneli sprawiaj\u0105, \u017ce buty maj\u0105 <strong data-start=\"1472\" data-end=\"1499\">nieszablonowy charakter<\/strong> i przyci\u0105gaj\u0105 wzrok.<\/p>\n<h2 data-start=\"1522\" data-end=\"1603\"><strong data-start=\"1526\" data-end=\"1603\">Komfort i Technologia: Poduszka Powietrzna Air dla Doskona\u0142ej Amortyzacji<\/strong><\/h2>\n<p data-start=\"1605\" data-end=\"2065\">Podobnie jak wszystkie <strong data-start=\"1628\" data-end=\"1644\">Air Jordan 1<\/strong>, ta edycja wykorzystuje <strong data-start=\"1669\" data-end=\"1704\">system poduszki powietrznej Air<\/strong> w podeszwie, co zapewnia <strong data-start=\"1730\" data-end=\"1755\">doskona\u0142\u0105 amortyzacj\u0119<\/strong> i <strong data-start=\"1758\" data-end=\"1769\">komfort<\/strong> podczas codziennego u\u017cytkowania. Dzi\u0119ki <strong data-start=\"1810\" data-end=\"1831\">gumowej podeszwie<\/strong> z klasycznym wzorem wafelka, buty oferuj\u0105 <strong data-start=\"1874\" data-end=\"1898\">\u015bwietn\u0105 przyczepno\u015b\u0107<\/strong> na r\u00f3\u017cnych nawierzchniach. <strong data-start=\"1926\" data-end=\"1956\">Shattered Backboard (2025)<\/strong> to nie tylko ikona stylu, ale tak\u017ce funkcjonalno\u015b\u0107, kt\u00f3ra sprawia, \u017ce buty nadaj\u0105 si\u0119 do r\u00f3\u017cnych aktywno\u015bci.<\/p>\n<h2 data-start=\"2067\" data-end=\"2109\"><strong data-start=\"2071\" data-end=\"2109\">Air Jordan 1: Historia, kt\u00f3ra Trwa<\/strong><\/h2>\n<p data-start=\"2111\" data-end=\"2624\"><strong data-start=\"2111\" data-end=\"2127\">Air Jordan 1<\/strong> to pierwszy model zaprojektowany specjalnie dla Michaela Jordana, kt\u00f3ry <strong data-start=\"2200\" data-end=\"2237\">zmieni\u0142 oblicze obuwia sportowego<\/strong>. <strong data-start=\"2239\" data-end=\"2262\">Shattered Backboard<\/strong> sta\u0142 si\u0119 jednym z najbardziej <strong data-start=\"2293\" data-end=\"2310\">poszukiwanych<\/strong> wariant\u00f3w tej serii. Jego wyj\u0105tkowa kolorystyka, kt\u00f3ra \u0142\u0105czy <strong data-start=\"2372\" data-end=\"2393\">pomara\u0144cz i czer\u0144<\/strong>, nawi\u0105zuje do <strong data-start=\"2408\" data-end=\"2439\">historiach Michaela Jordana<\/strong> i jego <strong data-start=\"2447\" data-end=\"2481\">ikonicznych moment\u00f3w na boisku<\/strong>. Model z 2025 roku to kontynuacja tej legendy, kt\u00f3ra z pewno\u015bci\u0105 przyci\u0105gnie uwag\u0119 mi\u0142o\u015bnik\u00f3w zar\u00f3wno <strong data-start=\"2584\" data-end=\"2598\">koszyk\u00f3wki<\/strong>, jak i <strong data-start=\"2606\" data-end=\"2623\">mody ulicznej<\/strong>.<\/p>","protected":false},"excerpt":{"rendered":"<article class=\"text-token-text-primary w-full\" dir=\"auto\" data-testid=\"conversation-turn-316\" data-scroll-anchor=\"true\">\n<div class=\"text-base my-auto mx-auto py-5 [--thread-content-margin:--spacing(4)] @[37rem]:[--thread-content-margin:--spacing(6)] @[72rem]:[--thread-content-margin:--spacing(16)] px-(--thread-content-margin)\">\n<div class=\"[--thread-content-max-width:32rem] @[34rem]:[--thread-content-max-width:40rem] @[64rem]:[--thread-content-max-width:48rem] mx-auto flex max-w-(--thread-content-max-width) flex-1 text-base gap-4 md:gap-5 lg:gap-6 group\/turn-messages focus-visible:outline-hidden\">\n<div class=\"group\/conversation-turn relative flex w-full min-w-0 flex-col agent-turn\">\n<div class=\"relative flex-col gap-1 md:gap-3\">\n<div class=\"flex max-w-full flex-col grow\">\n<div class=\"min-h-8 text-message relative flex w-full flex-col items-end gap-2 text-start break-words whitespace-normal [.text-message+&amp;]:mt-5\" dir=\"auto\" data-message-author-role=\"assistant\" data-message-id=\"f7b9bc7b-168c-4614-b3b3-7b7a19bd0704\" data-message-model-slug=\"gpt-4o-mini\">\n<div class=\"flex w-full flex-col gap-1 empty:hidden first:pt-[3px]\">\n<div class=\"markdown prose dark:prose-invert w-full break-words light\">\n<p data-start=\"2665\" data-end=\"2988\" data-is-last-node=\"\" data-is-only-node=\"\"><strong data-start=\"2665\" data-end=\"2722\">Air Jordan 1 Retro High OG Shattered Backboard (2025)<\/strong> to <strong data-start=\"2726\" data-end=\"2747\">od\u015bwie\u017cona wersja<\/strong> kultowych <strong data-start=\"2758\" data-end=\"2774\">Air Jordan 1<\/strong> z <strong data-start=\"2777\" data-end=\"2805\">pomara\u0144czow\u0105 kolorystyk\u0105<\/strong> i <strong data-start=\"2808\" data-end=\"2834\">nowoczesnymi akcentami<\/strong>. <strong data-start=\"2836\" data-end=\"2852\">Sk\u00f3ra, zamsz<\/strong> i <strong data-start=\"2855\" data-end=\"2874\">technologia Air<\/strong> sprawiaj\u0105, \u017ce buty \u0142\u0105cz\u0105 <strong data-start=\"2900\" data-end=\"2911\">komfort<\/strong> i <strong data-start=\"2914\" data-end=\"2933\">legendarny styl<\/strong> w jednym. Idealne dla fan\u00f3w <strong data-start=\"2962\" data-end=\"2970\">mody<\/strong> i <strong data-start=\"2973\" data-end=\"2987\">koszyk\u00f3wki<\/strong>.<\/p>\n<\/div>\n<\/div>\n<\/div>\n<\/div>\n<\/div>\n<\/div>\n<\/div>\n<\/div>\n<\/article>\n<div class=\"pointer-events-none h-px w-px\" aria-hidden=\"true\" data-edge=\"true\"><\/div>\n","protected":false},"featured_media":199316,"template":"","meta":{"_acf_changed":false},"pwb-brand":[749,756],"product_brand":[],"product_cat":[16,17,18],"product_tag":[1008,1009],"class_list":{"0":"post-199491","1":"product","2":"type-product","3":"status-publish","4":"has-post-thumbnail","6":"pwb-brand-air-jordan","7":"pwb-brand-nike","8":"product_cat-buty","9":"product_cat-air-jordan","10":"product_cat-air-jordan-1-high","11":"product_tag-kobieta","12":"product_tag-mezczyzna","14":"first","15":"onbackorder","16":"taxable","17":"shipping-taxable","18":"purchasable","19":"product-type-variable"},"acf":[],"yoast_head":"<!-- This site is optimized with the Yoast SEO plugin v27.2 - https:\/\/yoast.com\/product\/yoast-seo-wordpress\/ -->\n<title>Air Jordan 1 Retro High OG Shattered Backboard (2025) - SHEZAMME<\/title>\n<meta name=\"description\" content=\"Air Jordan 1 Retro High OG Shattered Backboard (2025) | Luksusowe i autentyczne przedmioty w jednym miejscu. B\u0105d\u017a na bie\u017c\u0105co i sprawd\u017a nasz\u0105 ofert\u0119 ju\u017c teraz\" \/>\n<meta name=\"robots\" content=\"index, follow, max-snippet:-1, max-image-preview:large, max-video-preview:-1\" \/>\n<link rel=\"canonical\" href=\"https:\/\/shezamme.com\/en\/sklep\/sneakers-2\/air-jordan\/air-jordan-1-high\/air-jordan-1-retro-high-og-shattered-backboard-2025\/\" \/>\n<meta property=\"og:locale\" content=\"en_US\" \/>\n<meta property=\"og:type\" content=\"article\" \/>\n<meta property=\"og:title\" content=\"Air Jordan 1 Retro High OG Shattered Backboard (2025) - SHEZAMME\" \/>\n<meta property=\"og:description\" content=\"Air Jordan 1 Retro High OG Shattered Backboard (2025) | Luksusowe i autentyczne przedmioty w jednym miejscu. B\u0105d\u017a na bie\u017c\u0105co i sprawd\u017a nasz\u0105 ofert\u0119 ju\u017c teraz\" \/>\n<meta property=\"og:url\" content=\"https:\/\/shezamme.com\/en\/sklep\/sneakers-2\/air-jordan\/air-jordan-1-high\/air-jordan-1-retro-high-og-shattered-backboard-2025\/\" \/>\n<meta property=\"og:site_name\" content=\"SHEZAMME - Yeezy, Jordan, Supreme i inne oryginalne rzeczy\" \/>\n<meta property=\"article:publisher\" content=\"https:\/\/www.facebook.com\/SHEZAMME\/\" \/>\n<meta property=\"article:modified_time\" content=\"2025-07-13T14:29:07+00:00\" \/>\n<meta property=\"og:image\" content=\"https:\/\/shezamme.com\/wp-content\/uploads\/2025\/07\/Air-Jordan-1-Retro-High-OG-Shattered-Backboard-2025.webp\" \/>\n\t<meta property=\"og:image:width\" content=\"1080\" \/>\n\t<meta property=\"og:image:height\" content=\"1080\" \/>\n\t<meta property=\"og:image:type\" content=\"image\/webp\" \/>\n<meta name=\"twitter:card\" content=\"summary_large_image\" \/>\n<meta name=\"twitter:site\" content=\"@SHEZAMME\" \/>\n<meta name=\"twitter:label1\" content=\"Est. reading time\" \/>\n\t<meta name=\"twitter:data1\" content=\"2 minutes\" \/>\n<script type=\"application\/ld+json\" class=\"yoast-schema-graph\">{\"@context\":\"https:\/\/schema.org\",\"@graph\":[{\"@type\":\"WebPage\",\"@id\":\"https:\/\/shezamme.com\/sklep\/buty\/air-jordan\/air-jordan-1-high\/air-jordan-1-retro-high-og-shattered-backboard-2025\/\",\"url\":\"https:\/\/shezamme.com\/sklep\/buty\/air-jordan\/air-jordan-1-high\/air-jordan-1-retro-high-og-shattered-backboard-2025\/\",\"name\":\"Air Jordan 1 Retro High OG Shattered Backboard (2025) - SHEZAMME\",\"isPartOf\":{\"@id\":\"https:\/\/shezamme.com\/#website\"},\"primaryImageOfPage\":{\"@id\":\"https:\/\/shezamme.com\/sklep\/buty\/air-jordan\/air-jordan-1-high\/air-jordan-1-retro-high-og-shattered-backboard-2025\/#primaryimage\"},\"image\":{\"@id\":\"https:\/\/shezamme.com\/sklep\/buty\/air-jordan\/air-jordan-1-high\/air-jordan-1-retro-high-og-shattered-backboard-2025\/#primaryimage\"},\"thumbnailUrl\":\"https:\/\/shezamme.com\/wp-content\/uploads\/2025\/07\/Air-Jordan-1-Retro-High-OG-Shattered-Backboard-2025.webp\",\"datePublished\":\"2025-07-10T11:13:00+00:00\",\"dateModified\":\"2025-07-13T14:29:07+00:00\",\"description\":\"Air Jordan 1 Retro High OG Shattered Backboard (2025) | Luksusowe i autentyczne przedmioty w jednym miejscu. B\u0105d\u017a na bie\u017c\u0105co i sprawd\u017a nasz\u0105 ofert\u0119 ju\u017c teraz\",\"breadcrumb\":{\"@id\":\"https:\/\/shezamme.com\/sklep\/buty\/air-jordan\/air-jordan-1-high\/air-jordan-1-retro-high-og-shattered-backboard-2025\/#breadcrumb\"},\"inLanguage\":\"en-US\",\"potentialAction\":[{\"@type\":\"ReadAction\",\"target\":[\"https:\/\/shezamme.com\/sklep\/buty\/air-jordan\/air-jordan-1-high\/air-jordan-1-retro-high-og-shattered-backboard-2025\/\"]}]},{\"@type\":\"ImageObject\",\"inLanguage\":\"en-US\",\"@id\":\"https:\/\/shezamme.com\/sklep\/buty\/air-jordan\/air-jordan-1-high\/air-jordan-1-retro-high-og-shattered-backboard-2025\/#primaryimage\",\"url\":\"https:\/\/shezamme.com\/wp-content\/uploads\/2025\/07\/Air-Jordan-1-Retro-High-OG-Shattered-Backboard-2025.webp\",\"contentUrl\":\"https:\/\/shezamme.com\/wp-content\/uploads\/2025\/07\/Air-Jordan-1-Retro-High-OG-Shattered-Backboard-2025.webp\",\"width\":1080,\"height\":1080,\"caption\":\"Air Jordan 1 Retro High OG Shattered Backboard (2025)\"},{\"@type\":\"BreadcrumbList\",\"@id\":\"https:\/\/shezamme.com\/sklep\/buty\/air-jordan\/air-jordan-1-high\/air-jordan-1-retro-high-og-shattered-backboard-2025\/#breadcrumb\",\"itemListElement\":[{\"@type\":\"ListItem\",\"position\":1,\"name\":\"Strona g\u0142\u00f3wna\",\"item\":\"https:\/\/shezamme.com\/\"},{\"@type\":\"ListItem\",\"position\":2,\"name\":\"Sklep\",\"item\":\"https:\/\/shezamme.com\/sklep\/\"},{\"@type\":\"ListItem\",\"position\":3,\"name\":\"Air Jordan 1 Retro High OG Shattered Backboard (2025)\"}]},{\"@type\":\"WebSite\",\"@id\":\"https:\/\/shezamme.com\/#website\",\"url\":\"https:\/\/shezamme.com\/\",\"name\":\"SHEZAMME - Sneakersy, Streetwear i luksusowe marki\",\"description\":\"Oryginalne i ekskluzywne przedmioty w jednym miejscu. Sprawd\u017a nasze produkty ju\u017c teraz i b\u0105d\u017a na bie\u017c\u0105co z wszystkimi premierami.\",\"publisher\":{\"@id\":\"https:\/\/shezamme.com\/#organization\"},\"potentialAction\":[{\"@type\":\"SearchAction\",\"target\":{\"@type\":\"EntryPoint\",\"urlTemplate\":\"https:\/\/shezamme.com\/?s={search_term_string}\"},\"query-input\":{\"@type\":\"PropertyValueSpecification\",\"valueRequired\":true,\"valueName\":\"search_term_string\"}}],\"inLanguage\":\"en-US\"},{\"@type\":\"Organization\",\"@id\":\"https:\/\/shezamme.com\/#organization\",\"name\":\"SHEZAMME - Sneakersy, Streetwear i luksusowe marki\",\"url\":\"https:\/\/shezamme.com\/\",\"logo\":{\"@type\":\"ImageObject\",\"inLanguage\":\"en-US\",\"@id\":\"https:\/\/shezamme.com\/#\/schema\/logo\/image\/\",\"url\":\"https:\/\/shezamme.com\/wp-content\/uploads\/2023\/02\/0x0.png\",\"contentUrl\":\"https:\/\/shezamme.com\/wp-content\/uploads\/2023\/02\/0x0.png\",\"width\":2000,\"height\":2000,\"caption\":\"SHEZAMME - Sneakersy, Streetwear i luksusowe marki\"},\"image\":{\"@id\":\"https:\/\/shezamme.com\/#\/schema\/logo\/image\/\"},\"sameAs\":[\"https:\/\/www.facebook.com\/SHEZAMME\/\",\"https:\/\/x.com\/SHEZAMME\",\"https:\/\/www.instagram.com\/shezamme\/\",\"https:\/\/www.youtube.com\/channel\/UCsTJxi_9fODHdO_1bmJbqvQ\",\"https:\/\/www.tiktok.com\/shezamme.com\"]}]}<\/script>\n<!-- \/ Yoast SEO plugin. -->","yoast_head_json":{"title":"Air Jordan 1 Retro High OG Shattered Backboard (2025) - SHEZAMME","description":"Air Jordan 1 Retro High OG Shattered Backboard (2025) | Luksusowe i autentyczne przedmioty w jednym miejscu. B\u0105d\u017a na bie\u017c\u0105co i sprawd\u017a nasz\u0105 ofert\u0119 ju\u017c teraz","robots":{"index":"index","follow":"follow","max-snippet":"max-snippet:-1","max-image-preview":"max-image-preview:large","max-video-preview":"max-video-preview:-1"},"canonical":"https:\/\/shezamme.com\/en\/sklep\/sneakers-2\/air-jordan\/air-jordan-1-high\/air-jordan-1-retro-high-og-shattered-backboard-2025\/","og_locale":"en_US","og_type":"article","og_title":"Air Jordan 1 Retro High OG Shattered Backboard (2025) - SHEZAMME","og_description":"Air Jordan 1 Retro High OG Shattered Backboard (2025) | Luksusowe i autentyczne przedmioty w jednym miejscu. B\u0105d\u017a na bie\u017c\u0105co i sprawd\u017a nasz\u0105 ofert\u0119 ju\u017c teraz","og_url":"https:\/\/shezamme.com\/en\/sklep\/sneakers-2\/air-jordan\/air-jordan-1-high\/air-jordan-1-retro-high-og-shattered-backboard-2025\/","og_site_name":"SHEZAMME - Yeezy, Jordan, Supreme i inne oryginalne rzeczy","article_publisher":"https:\/\/www.facebook.com\/SHEZAMME\/","article_modified_time":"2025-07-13T14:29:07+00:00","og_image":[{"width":1080,"height":1080,"url":"https:\/\/shezamme.com\/wp-content\/uploads\/2025\/07\/Air-Jordan-1-Retro-High-OG-Shattered-Backboard-2025.webp","type":"image\/webp"}],"twitter_card":"summary_large_image","twitter_site":"@SHEZAMME","twitter_misc":{"Est. reading time":"2 minutes"},"schema":{"@context":"https:\/\/schema.org","@graph":[{"@type":"WebPage","@id":"https:\/\/shezamme.com\/sklep\/buty\/air-jordan\/air-jordan-1-high\/air-jordan-1-retro-high-og-shattered-backboard-2025\/","url":"https:\/\/shezamme.com\/sklep\/buty\/air-jordan\/air-jordan-1-high\/air-jordan-1-retro-high-og-shattered-backboard-2025\/","name":"Air Jordan 1 Retro High OG Shattered Backboard (2025) - SHEZAMME","isPartOf":{"@id":"https:\/\/shezamme.com\/#website"},"primaryImageOfPage":{"@id":"https:\/\/shezamme.com\/sklep\/buty\/air-jordan\/air-jordan-1-high\/air-jordan-1-retro-high-og-shattered-backboard-2025\/#primaryimage"},"image":{"@id":"https:\/\/shezamme.com\/sklep\/buty\/air-jordan\/air-jordan-1-high\/air-jordan-1-retro-high-og-shattered-backboard-2025\/#primaryimage"},"thumbnailUrl":"https:\/\/shezamme.com\/wp-content\/uploads\/2025\/07\/Air-Jordan-1-Retro-High-OG-Shattered-Backboard-2025.webp","datePublished":"2025-07-10T11:13:00+00:00","dateModified":"2025-07-13T14:29:07+00:00","description":"Air Jordan 1 Retro High OG Shattered Backboard (2025) | Luksusowe i autentyczne przedmioty w jednym miejscu. B\u0105d\u017a na bie\u017c\u0105co i sprawd\u017a nasz\u0105 ofert\u0119 ju\u017c teraz","breadcrumb":{"@id":"https:\/\/shezamme.com\/sklep\/buty\/air-jordan\/air-jordan-1-high\/air-jordan-1-retro-high-og-shattered-backboard-2025\/#breadcrumb"},"inLanguage":"en-US","potentialAction":[{"@type":"ReadAction","target":["https:\/\/shezamme.com\/sklep\/buty\/air-jordan\/air-jordan-1-high\/air-jordan-1-retro-high-og-shattered-backboard-2025\/"]}]},{"@type":"ImageObject","inLanguage":"en-US","@id":"https:\/\/shezamme.com\/sklep\/buty\/air-jordan\/air-jordan-1-high\/air-jordan-1-retro-high-og-shattered-backboard-2025\/#primaryimage","url":"https:\/\/shezamme.com\/wp-content\/uploads\/2025\/07\/Air-Jordan-1-Retro-High-OG-Shattered-Backboard-2025.webp","contentUrl":"https:\/\/shezamme.com\/wp-content\/uploads\/2025\/07\/Air-Jordan-1-Retro-High-OG-Shattered-Backboard-2025.webp","width":1080,"height":1080,"caption":"Air Jordan 1 Retro High OG Shattered Backboard (2025)"},{"@type":"BreadcrumbList","@id":"https:\/\/shezamme.com\/sklep\/buty\/air-jordan\/air-jordan-1-high\/air-jordan-1-retro-high-og-shattered-backboard-2025\/#breadcrumb","itemListElement":[{"@type":"ListItem","position":1,"name":"Strona g\u0142\u00f3wna","item":"https:\/\/shezamme.com\/"},{"@type":"ListItem","position":2,"name":"Sklep","item":"https:\/\/shezamme.com\/sklep\/"},{"@type":"ListItem","position":3,"name":"Air Jordan 1 Retro High OG Shattered Backboard (2025)"}]},{"@type":"WebSite","@id":"https:\/\/shezamme.com\/#website","url":"https:\/\/shezamme.com\/","name":"SHEZAMME - Sneakers, Streetwear and luxury brands","description":"Original and exclusive items in one place. Check out our products now and stay up to date with all launches.","publisher":{"@id":"https:\/\/shezamme.com\/#organization"},"potentialAction":[{"@type":"SearchAction","target":{"@type":"EntryPoint","urlTemplate":"https:\/\/shezamme.com\/?s={search_term_string}"},"query-input":{"@type":"PropertyValueSpecification","valueRequired":true,"valueName":"search_term_string"}}],"inLanguage":"en-US"},{"@type":"Organization","@id":"https:\/\/shezamme.com\/#organization","name":"SHEZAMME - Sneakers, Streetwear and luxury brands","url":"https:\/\/shezamme.com\/","logo":{"@type":"ImageObject","inLanguage":"en-US","@id":"https:\/\/shezamme.com\/#\/schema\/logo\/image\/","url":"https:\/\/shezamme.com\/wp-content\/uploads\/2023\/02\/0x0.png","contentUrl":"https:\/\/shezamme.com\/wp-content\/uploads\/2023\/02\/0x0.png","width":2000,"height":2000,"caption":"SHEZAMME - Sneakersy, Streetwear i luksusowe marki"},"image":{"@id":"https:\/\/shezamme.com\/#\/schema\/logo\/image\/"},"sameAs":["https:\/\/www.facebook.com\/SHEZAMME\/","https:\/\/x.com\/SHEZAMME","https:\/\/www.instagram.com\/shezamme\/","https:\/\/www.youtube.com\/channel\/UCsTJxi_9fODHdO_1bmJbqvQ","https:\/\/www.tiktok.com\/shezamme.com"]}]}},"brands":[{"id":749,"name":"Jordan","slug":"air-jordan"},{"id":756,"name":"Nike","slug":"nike"}],"_links":{"self":[{"href":"https:\/\/shezamme.com\/en\/wp-json\/wp\/v2\/product\/199491","targetHints":{"allow":["GET"]}}],"collection":[{"href":"https:\/\/shezamme.com\/en\/wp-json\/wp\/v2\/product"}],"about":[{"href":"https:\/\/shezamme.com\/en\/wp-json\/wp\/v2\/types\/product"}],"wp:featuredmedia":[{"embeddable":true,"href":"https:\/\/shezamme.com\/en\/wp-json\/wp\/v2\/media\/199316"}],"wp:attachment":[{"href":"https:\/\/shezamme.com\/en\/wp-json\/wp\/v2\/media?parent=199491"}],"wp:term":[{"taxonomy":"pwb-brand","embeddable":true,"href":"https:\/\/shezamme.com\/en\/wp-json\/wp\/v2\/pwb-brand?post=199491"},{"taxonomy":"product_brand","embeddable":true,"href":"https:\/\/shezamme.com\/en\/wp-json\/wp\/v2\/product_brand?post=199491"},{"taxonomy":"product_cat","embeddable":true,"href":"https:\/\/shezamme.com\/en\/wp-json\/wp\/v2\/product_cat?post=199491"},{"taxonomy":"product_tag","embeddable":true,"href":"https:\/\/shezamme.com\/en\/wp-json\/wp\/v2\/product_tag?post=199491"}],"curies":[{"name":"wp","href":"https:\/\/api.w.org\/{rel}","templated":true}]}}