{"id":199336,"date":"2025-07-10T13:06:43","date_gmt":"2025-07-10T11:06:43","guid":{"rendered":"https:\/\/shezamme.com\/?post_type=product&#038;p=199336"},"modified":"2025-07-10T13:06:44","modified_gmt":"2025-07-10T11:06:44","slug":"air-max-plus-desert-sunset","status":"publish","type":"product","link":"https:\/\/shezamme.com\/en\/sklep\/buty\/nike\/air-max-plus-desert-sunset\/","title":{"rendered":"Air Max Plus Desert Sunset"},"content":{"rendered":"<h2 data-start=\"0\" data-end=\"81\"><strong data-start=\"4\" data-end=\"81\">Nike Air Max Plus Desert Sunset: Inspiracja Natur\u0105 w Nowoczesnym Designie<\/strong><\/h2>\n<p data-start=\"83\" data-end=\"437\"><strong data-start=\"83\" data-end=\"118\">Nike Air Max Plus Desert Sunset<\/strong> to edycja kultowego modelu <strong data-start=\"146\" data-end=\"162\">Air Max Plus<\/strong>, kt\u00f3ra zainspirowana jest <strong data-start=\"189\" data-end=\"232\">kolorami zachodz\u0105cego s\u0142o\u0144ca na pustyni<\/strong>. Model ten \u0142\u0105czy w sobie <strong data-start=\"258\" data-end=\"293\">przyci\u0105gaj\u0105c\u0105 uwag\u0119 kolorystyk\u0119<\/strong>, <strong data-start=\"295\" data-end=\"306\">komfort<\/strong> i <strong data-start=\"309\" data-end=\"332\">technologi\u0119 Air Max<\/strong>, staj\u0105c si\u0119 idealnym wyborem dla os\u00f3b, kt\u00f3re szukaj\u0105 but\u00f3w \u0142\u0105cz\u0105cych <strong data-start=\"402\" data-end=\"418\">modny design<\/strong> z <strong data-start=\"421\" data-end=\"436\">wydajno\u015bci\u0105<\/strong>.<\/p>\n<h2 data-start=\"439\" data-end=\"499\"><strong data-start=\"443\" data-end=\"499\">Kolorystyka: Odcienie Zachodz\u0105cego S\u0142o\u0144ca na Pustyni<\/strong><\/h2>\n<p data-start=\"501\" data-end=\"910\"><strong data-start=\"501\" data-end=\"518\">Desert Sunset<\/strong> w tym modelu to po\u0142\u0105czenie <strong data-start=\"546\" data-end=\"593\">ciep\u0142ych, pomara\u0144czowych i czerwonych ton\u00f3w<\/strong> z <strong data-start=\"596\" data-end=\"635\">g\u0142\u0119bok\u0105 czerni\u0105 i z\u0142otymi akcentami<\/strong>, kt\u00f3re odwzorowuj\u0105 <strong data-start=\"655\" data-end=\"692\">kolory pustynnych zachod\u00f3w s\u0142o\u0144ca<\/strong>. Buty zachwycaj\u0105 <strong data-start=\"710\" data-end=\"730\">dynamik\u0105 kolor\u00f3w<\/strong>, kt\u00f3re wprowadzaj\u0105 <strong data-start=\"750\" data-end=\"761\">energi\u0119<\/strong> i <strong data-start=\"764\" data-end=\"779\">\u017cywio\u0142owo\u015b\u0107<\/strong>, jednocze\u015bnie podkre\u015blaj\u0105c <strong data-start=\"807\" data-end=\"820\">elegancj\u0119<\/strong> i <strong data-start=\"823\" data-end=\"837\">unikalno\u015b\u0107<\/strong> modelu. Te intensywne barwy nadaj\u0105 butom <strong data-start=\"879\" data-end=\"909\">mocny, wyrazisty charakter<\/strong>.<\/p>\n<h2 data-start=\"912\" data-end=\"965\"><strong data-start=\"916\" data-end=\"965\">Technologia: Wydajno\u015b\u0107 na Najwy\u017cszym Poziomie<\/strong><\/h2>\n<p data-start=\"967\" data-end=\"1506\">Jak wszystkie modele <strong data-start=\"988\" data-end=\"1004\">Air Max Plus<\/strong>, edycja <strong data-start=\"1013\" data-end=\"1030\">Desert Sunset<\/strong> oferuje <strong data-start=\"1039\" data-end=\"1083\">technologi\u0119 poduszki powietrznej Air Max<\/strong>, kt\u00f3ra zapewnia <strong data-start=\"1100\" data-end=\"1125\">doskona\u0142\u0105 amortyzacj\u0119<\/strong> i <strong data-start=\"1128\" data-end=\"1139\">komfort<\/strong>. Dzi\u0119ki zastosowaniu <strong data-start=\"1161\" data-end=\"1180\">systemu Max Air<\/strong> w podeszwie, buty gwarantuj\u0105 <strong data-start=\"1210\" data-end=\"1231\">lepsz\u0105 stabilno\u015b\u0107<\/strong> i wygod\u0119 podczas chodzenia, a <strong data-start=\"1262\" data-end=\"1281\">gumowa podeszwa<\/strong> z klasycznym wzorem zapewnia <strong data-start=\"1311\" data-end=\"1337\">doskona\u0142\u0105 przyczepno\u015b\u0107<\/strong> na r\u00f3\u017cnych nawierzchniach. <strong data-start=\"1365\" data-end=\"1395\">Air Max Plus Desert Sunset<\/strong> to model, kt\u00f3ry sprawdzi si\u0119 nie tylko w codziennych stylizacjach, ale r\u00f3wnie\u017c podczas bardziej aktywnych dni.<\/p>\n<h2 data-start=\"1508\" data-end=\"1573\"><strong data-start=\"1512\" data-end=\"1573\">Nike Air Max Plus: Ikona, Kt\u00f3ra Nie Traci Na Popularno\u015bci<\/strong><\/h2>\n<p data-start=\"1575\" data-end=\"1968\"><strong data-start=\"1575\" data-end=\"1596\">Nike Air Max Plus<\/strong> to model, kt\u00f3ry od lat kr\u00f3luje w\u015br\u00f3d mi\u0142o\u015bnik\u00f3w <strong data-start=\"1645\" data-end=\"1660\">streetwearu<\/strong> i <strong data-start=\"1663\" data-end=\"1681\">mody sportowej<\/strong>. <strong data-start=\"1683\" data-end=\"1700\">Desert Sunset<\/strong> to edycja, kt\u00f3ra wyr\u00f3\u017cnia si\u0119 <strong data-start=\"1731\" data-end=\"1754\">\u017cywio\u0142owym wygl\u0105dem<\/strong>, idealnie komponuj\u0105c si\u0119 z mod\u0105 uliczn\u0105. Te buty to <strong data-start=\"1807\" data-end=\"1841\">po\u0142\u0105czenie wyj\u0105tkowego designu<\/strong> i <strong data-start=\"1844\" data-end=\"1859\">technologii<\/strong>, kt\u00f3ra zapewnia wygod\u0119 i komfort przez ca\u0142y dzie\u0144, staj\u0105c si\u0119 <strong data-start=\"1922\" data-end=\"1935\">must-have<\/strong> dla ka\u017cdego fana marki <strong data-start=\"1959\" data-end=\"1967\">Nike<\/strong>.<\/p>","protected":false},"excerpt":{"rendered":"<p><strong data-start=\"2009\" data-end=\"2044\">Nike Air Max Plus Desert Sunset<\/strong> to buty, kt\u00f3re \u0142\u0105cz\u0105 <strong data-start=\"2066\" data-end=\"2107\">\u017cywe kolory pustynnego zachodu s\u0142o\u0144ca<\/strong> z <strong data-start=\"2110\" data-end=\"2133\">technologi\u0105 Air Max<\/strong>. <strong data-start=\"2135\" data-end=\"2153\">Stylowy design<\/strong>, <strong data-start=\"2155\" data-end=\"2165\">wygoda<\/strong> i <strong data-start=\"2168\" data-end=\"2188\">wysoka wydajno\u015b\u0107<\/strong> \u2013 idealne na co dzie\u0144 i do aktywnego stylu \u017cycia.<\/p>","protected":false},"featured_media":199317,"template":"","meta":{"_acf_changed":false},"pwb-brand":[],"product_brand":[],"product_cat":[16,93],"product_tag":[1008,1009],"class_list":{"0":"post-199336","1":"product","2":"type-product","3":"status-publish","4":"has-post-thumbnail","6":"product_cat-buty","7":"product_cat-nike","8":"product_tag-kobieta","9":"product_tag-mezczyzna","11":"first","12":"onbackorder","13":"taxable","14":"shipping-taxable","15":"purchasable","16":"product-type-variable"},"acf":[],"yoast_head":"<!-- This site is optimized with the Yoast SEO plugin v27.2 - https:\/\/yoast.com\/product\/yoast-seo-wordpress\/ -->\n<title>Air Max Plus Desert Sunset - SHEZAMME<\/title>\n<meta name=\"description\" content=\"Air Max Plus Desert Sunset | Luksusowe i autentyczne przedmioty w jednym miejscu. B\u0105d\u017a na bie\u017c\u0105co i sprawd\u017a nasz\u0105 ofert\u0119 ju\u017c teraz\" \/>\n<meta name=\"robots\" content=\"index, follow, max-snippet:-1, max-image-preview:large, max-video-preview:-1\" \/>\n<link rel=\"canonical\" href=\"https:\/\/shezamme.com\/en\/sklep\/sneakers-2\/nike\/air-max-plus-desert-sunset\/\" \/>\n<meta property=\"og:locale\" content=\"en_US\" \/>\n<meta property=\"og:type\" content=\"article\" \/>\n<meta property=\"og:title\" content=\"Air Max Plus Desert Sunset - SHEZAMME\" \/>\n<meta property=\"og:description\" content=\"Air Max Plus Desert Sunset | Luksusowe i autentyczne przedmioty w jednym miejscu. B\u0105d\u017a na bie\u017c\u0105co i sprawd\u017a nasz\u0105 ofert\u0119 ju\u017c teraz\" \/>\n<meta property=\"og:url\" content=\"https:\/\/shezamme.com\/en\/sklep\/sneakers-2\/nike\/air-max-plus-desert-sunset\/\" \/>\n<meta property=\"og:site_name\" content=\"SHEZAMME - Yeezy, Jordan, Supreme i inne oryginalne rzeczy\" \/>\n<meta property=\"article:publisher\" content=\"https:\/\/www.facebook.com\/SHEZAMME\/\" \/>\n<meta property=\"article:modified_time\" content=\"2025-07-10T11:06:44+00:00\" \/>\n<meta property=\"og:image\" content=\"https:\/\/shezamme.com\/wp-content\/uploads\/2025\/07\/Nike-Air-Max-Plus-desert-sunset.webp\" \/>\n\t<meta property=\"og:image:width\" content=\"1080\" \/>\n\t<meta property=\"og:image:height\" content=\"1080\" \/>\n\t<meta property=\"og:image:type\" content=\"image\/webp\" \/>\n<meta name=\"twitter:card\" content=\"summary_large_image\" \/>\n<meta name=\"twitter:site\" content=\"@SHEZAMME\" \/>\n<meta name=\"twitter:label1\" content=\"Est. reading time\" \/>\n\t<meta name=\"twitter:data1\" content=\"2 minutes\" \/>\n<script type=\"application\/ld+json\" class=\"yoast-schema-graph\">{\"@context\":\"https:\/\/schema.org\",\"@graph\":[{\"@type\":\"WebPage\",\"@id\":\"https:\/\/shezamme.com\/sklep\/buty\/nike\/air-max-plus-desert-sunset\/\",\"url\":\"https:\/\/shezamme.com\/sklep\/buty\/nike\/air-max-plus-desert-sunset\/\",\"name\":\"Air Max Plus Desert Sunset - SHEZAMME\",\"isPartOf\":{\"@id\":\"https:\/\/shezamme.com\/#website\"},\"primaryImageOfPage\":{\"@id\":\"https:\/\/shezamme.com\/sklep\/buty\/nike\/air-max-plus-desert-sunset\/#primaryimage\"},\"image\":{\"@id\":\"https:\/\/shezamme.com\/sklep\/buty\/nike\/air-max-plus-desert-sunset\/#primaryimage\"},\"thumbnailUrl\":\"https:\/\/shezamme.com\/wp-content\/uploads\/2025\/07\/Nike-Air-Max-Plus-desert-sunset.webp\",\"datePublished\":\"2025-07-10T11:06:43+00:00\",\"dateModified\":\"2025-07-10T11:06:44+00:00\",\"description\":\"Air Max Plus Desert Sunset | Luksusowe i autentyczne przedmioty w jednym miejscu. B\u0105d\u017a na bie\u017c\u0105co i sprawd\u017a nasz\u0105 ofert\u0119 ju\u017c teraz\",\"breadcrumb\":{\"@id\":\"https:\/\/shezamme.com\/sklep\/buty\/nike\/air-max-plus-desert-sunset\/#breadcrumb\"},\"inLanguage\":\"en-US\",\"potentialAction\":[{\"@type\":\"ReadAction\",\"target\":[\"https:\/\/shezamme.com\/sklep\/buty\/nike\/air-max-plus-desert-sunset\/\"]}]},{\"@type\":\"ImageObject\",\"inLanguage\":\"en-US\",\"@id\":\"https:\/\/shezamme.com\/sklep\/buty\/nike\/air-max-plus-desert-sunset\/#primaryimage\",\"url\":\"https:\/\/shezamme.com\/wp-content\/uploads\/2025\/07\/Nike-Air-Max-Plus-desert-sunset.webp\",\"contentUrl\":\"https:\/\/shezamme.com\/wp-content\/uploads\/2025\/07\/Nike-Air-Max-Plus-desert-sunset.webp\",\"width\":1080,\"height\":1080},{\"@type\":\"BreadcrumbList\",\"@id\":\"https:\/\/shezamme.com\/sklep\/buty\/nike\/air-max-plus-desert-sunset\/#breadcrumb\",\"itemListElement\":[{\"@type\":\"ListItem\",\"position\":1,\"name\":\"Strona g\u0142\u00f3wna\",\"item\":\"https:\/\/shezamme.com\/\"},{\"@type\":\"ListItem\",\"position\":2,\"name\":\"Sklep\",\"item\":\"https:\/\/shezamme.com\/sklep\/\"},{\"@type\":\"ListItem\",\"position\":3,\"name\":\"Air Max Plus Desert Sunset\"}]},{\"@type\":\"WebSite\",\"@id\":\"https:\/\/shezamme.com\/#website\",\"url\":\"https:\/\/shezamme.com\/\",\"name\":\"SHEZAMME - Sneakersy, Streetwear i luksusowe marki\",\"description\":\"Oryginalne i ekskluzywne przedmioty w jednym miejscu. Sprawd\u017a nasze produkty ju\u017c teraz i b\u0105d\u017a na bie\u017c\u0105co z wszystkimi premierami.\",\"publisher\":{\"@id\":\"https:\/\/shezamme.com\/#organization\"},\"potentialAction\":[{\"@type\":\"SearchAction\",\"target\":{\"@type\":\"EntryPoint\",\"urlTemplate\":\"https:\/\/shezamme.com\/?s={search_term_string}\"},\"query-input\":{\"@type\":\"PropertyValueSpecification\",\"valueRequired\":true,\"valueName\":\"search_term_string\"}}],\"inLanguage\":\"en-US\"},{\"@type\":\"Organization\",\"@id\":\"https:\/\/shezamme.com\/#organization\",\"name\":\"SHEZAMME - Sneakersy, Streetwear i luksusowe marki\",\"url\":\"https:\/\/shezamme.com\/\",\"logo\":{\"@type\":\"ImageObject\",\"inLanguage\":\"en-US\",\"@id\":\"https:\/\/shezamme.com\/#\/schema\/logo\/image\/\",\"url\":\"https:\/\/shezamme.com\/wp-content\/uploads\/2023\/02\/0x0.png\",\"contentUrl\":\"https:\/\/shezamme.com\/wp-content\/uploads\/2023\/02\/0x0.png\",\"width\":2000,\"height\":2000,\"caption\":\"SHEZAMME - Sneakersy, Streetwear i luksusowe marki\"},\"image\":{\"@id\":\"https:\/\/shezamme.com\/#\/schema\/logo\/image\/\"},\"sameAs\":[\"https:\/\/www.facebook.com\/SHEZAMME\/\",\"https:\/\/x.com\/SHEZAMME\",\"https:\/\/www.instagram.com\/shezamme\/\",\"https:\/\/www.youtube.com\/channel\/UCsTJxi_9fODHdO_1bmJbqvQ\",\"https:\/\/www.tiktok.com\/shezamme.com\"]}]}<\/script>\n<!-- \/ Yoast SEO plugin. -->","yoast_head_json":{"title":"Air Max Plus Desert Sunset - SHEZAMME","description":"Air Max Plus Desert Sunset | Luksusowe i autentyczne przedmioty w jednym miejscu. B\u0105d\u017a na bie\u017c\u0105co i sprawd\u017a nasz\u0105 ofert\u0119 ju\u017c teraz","robots":{"index":"index","follow":"follow","max-snippet":"max-snippet:-1","max-image-preview":"max-image-preview:large","max-video-preview":"max-video-preview:-1"},"canonical":"https:\/\/shezamme.com\/en\/sklep\/sneakers-2\/nike\/air-max-plus-desert-sunset\/","og_locale":"en_US","og_type":"article","og_title":"Air Max Plus Desert Sunset - SHEZAMME","og_description":"Air Max Plus Desert Sunset | Luksusowe i autentyczne przedmioty w jednym miejscu. B\u0105d\u017a na bie\u017c\u0105co i sprawd\u017a nasz\u0105 ofert\u0119 ju\u017c teraz","og_url":"https:\/\/shezamme.com\/en\/sklep\/sneakers-2\/nike\/air-max-plus-desert-sunset\/","og_site_name":"SHEZAMME - Yeezy, Jordan, Supreme i inne oryginalne rzeczy","article_publisher":"https:\/\/www.facebook.com\/SHEZAMME\/","article_modified_time":"2025-07-10T11:06:44+00:00","og_image":[{"width":1080,"height":1080,"url":"https:\/\/shezamme.com\/wp-content\/uploads\/2025\/07\/Nike-Air-Max-Plus-desert-sunset.webp","type":"image\/webp"}],"twitter_card":"summary_large_image","twitter_site":"@SHEZAMME","twitter_misc":{"Est. reading time":"2 minutes"},"schema":{"@context":"https:\/\/schema.org","@graph":[{"@type":"WebPage","@id":"https:\/\/shezamme.com\/sklep\/buty\/nike\/air-max-plus-desert-sunset\/","url":"https:\/\/shezamme.com\/sklep\/buty\/nike\/air-max-plus-desert-sunset\/","name":"Air Max Plus Desert Sunset - SHEZAMME","isPartOf":{"@id":"https:\/\/shezamme.com\/#website"},"primaryImageOfPage":{"@id":"https:\/\/shezamme.com\/sklep\/buty\/nike\/air-max-plus-desert-sunset\/#primaryimage"},"image":{"@id":"https:\/\/shezamme.com\/sklep\/buty\/nike\/air-max-plus-desert-sunset\/#primaryimage"},"thumbnailUrl":"https:\/\/shezamme.com\/wp-content\/uploads\/2025\/07\/Nike-Air-Max-Plus-desert-sunset.webp","datePublished":"2025-07-10T11:06:43+00:00","dateModified":"2025-07-10T11:06:44+00:00","description":"Air Max Plus Desert Sunset | Luksusowe i autentyczne przedmioty w jednym miejscu. B\u0105d\u017a na bie\u017c\u0105co i sprawd\u017a nasz\u0105 ofert\u0119 ju\u017c teraz","breadcrumb":{"@id":"https:\/\/shezamme.com\/sklep\/buty\/nike\/air-max-plus-desert-sunset\/#breadcrumb"},"inLanguage":"en-US","potentialAction":[{"@type":"ReadAction","target":["https:\/\/shezamme.com\/sklep\/buty\/nike\/air-max-plus-desert-sunset\/"]}]},{"@type":"ImageObject","inLanguage":"en-US","@id":"https:\/\/shezamme.com\/sklep\/buty\/nike\/air-max-plus-desert-sunset\/#primaryimage","url":"https:\/\/shezamme.com\/wp-content\/uploads\/2025\/07\/Nike-Air-Max-Plus-desert-sunset.webp","contentUrl":"https:\/\/shezamme.com\/wp-content\/uploads\/2025\/07\/Nike-Air-Max-Plus-desert-sunset.webp","width":1080,"height":1080},{"@type":"BreadcrumbList","@id":"https:\/\/shezamme.com\/sklep\/buty\/nike\/air-max-plus-desert-sunset\/#breadcrumb","itemListElement":[{"@type":"ListItem","position":1,"name":"Strona g\u0142\u00f3wna","item":"https:\/\/shezamme.com\/"},{"@type":"ListItem","position":2,"name":"Sklep","item":"https:\/\/shezamme.com\/sklep\/"},{"@type":"ListItem","position":3,"name":"Air Max Plus Desert Sunset"}]},{"@type":"WebSite","@id":"https:\/\/shezamme.com\/#website","url":"https:\/\/shezamme.com\/","name":"SHEZAMME - Sneakers, Streetwear and luxury brands","description":"Original and exclusive items in one place. Check out our products now and stay up to date with all launches.","publisher":{"@id":"https:\/\/shezamme.com\/#organization"},"potentialAction":[{"@type":"SearchAction","target":{"@type":"EntryPoint","urlTemplate":"https:\/\/shezamme.com\/?s={search_term_string}"},"query-input":{"@type":"PropertyValueSpecification","valueRequired":true,"valueName":"search_term_string"}}],"inLanguage":"en-US"},{"@type":"Organization","@id":"https:\/\/shezamme.com\/#organization","name":"SHEZAMME - Sneakers, Streetwear and luxury brands","url":"https:\/\/shezamme.com\/","logo":{"@type":"ImageObject","inLanguage":"en-US","@id":"https:\/\/shezamme.com\/#\/schema\/logo\/image\/","url":"https:\/\/shezamme.com\/wp-content\/uploads\/2023\/02\/0x0.png","contentUrl":"https:\/\/shezamme.com\/wp-content\/uploads\/2023\/02\/0x0.png","width":2000,"height":2000,"caption":"SHEZAMME - Sneakersy, Streetwear i luksusowe marki"},"image":{"@id":"https:\/\/shezamme.com\/#\/schema\/logo\/image\/"},"sameAs":["https:\/\/www.facebook.com\/SHEZAMME\/","https:\/\/x.com\/SHEZAMME","https:\/\/www.instagram.com\/shezamme\/","https:\/\/www.youtube.com\/channel\/UCsTJxi_9fODHdO_1bmJbqvQ","https:\/\/www.tiktok.com\/shezamme.com"]}]}},"brands":[],"_links":{"self":[{"href":"https:\/\/shezamme.com\/en\/wp-json\/wp\/v2\/product\/199336","targetHints":{"allow":["GET"]}}],"collection":[{"href":"https:\/\/shezamme.com\/en\/wp-json\/wp\/v2\/product"}],"about":[{"href":"https:\/\/shezamme.com\/en\/wp-json\/wp\/v2\/types\/product"}],"wp:featuredmedia":[{"embeddable":true,"href":"https:\/\/shezamme.com\/en\/wp-json\/wp\/v2\/media\/199317"}],"wp:attachment":[{"href":"https:\/\/shezamme.com\/en\/wp-json\/wp\/v2\/media?parent=199336"}],"wp:term":[{"taxonomy":"pwb-brand","embeddable":true,"href":"https:\/\/shezamme.com\/en\/wp-json\/wp\/v2\/pwb-brand?post=199336"},{"taxonomy":"product_brand","embeddable":true,"href":"https:\/\/shezamme.com\/en\/wp-json\/wp\/v2\/product_brand?post=199336"},{"taxonomy":"product_cat","embeddable":true,"href":"https:\/\/shezamme.com\/en\/wp-json\/wp\/v2\/product_cat?post=199336"},{"taxonomy":"product_tag","embeddable":true,"href":"https:\/\/shezamme.com\/en\/wp-json\/wp\/v2\/product_tag?post=199336"}],"curies":[{"name":"wp","href":"https:\/\/api.w.org\/{rel}","templated":true}]}}