{"id":19741,"date":"2022-12-29T23:07:03","date_gmt":"2022-12-29T22:07:03","guid":{"rendered":"https:\/\/shezamme.com\/?post_type=product&#038;p=19741"},"modified":"2024-10-30T20:01:27","modified_gmt":"2024-10-30T19:01:27","slug":"supreme-cokney-zine-magazyn","status":"publish","type":"product","link":"https:\/\/shezamme.com\/en\/sklep\/akcesoria\/akcesoria-supreme\/supreme-cokney-zine-magazyn\/","title":{"rendered":"Supreme Cokney Zine Magazine"},"content":{"rendered":"<p>Supreme to marka, kt\u00f3ra s\u0142ynie z produkcji odzie\u017cy i akcesori\u00f3w o wysokiej jako\u015bci. Jednym z najnowszych produkt\u00f3w w ofercie jest Cokney Zine Magazyn, wydanie z okazji 30-lecia marki. To zbi\u00f3r fotografii i artyku\u0142\u00f3w po\u015bwi\u0119conych marce Supreme i jej kulturze, kt\u00f3ry prezentuje histori\u0119 i dziedzictwo marki, jak r\u00f3wnie\u017c odzwierciedla jej wp\u0142yw na uliczny styl. Zine zosta\u0142 wyprodukowany na b\u0142yszcz\u0105cym papierze, co nadaje mu wyj\u0105tkowego wygl\u0105du.<\/p>\n<p>Supreme Cokney Zine Magazyn to kolekcjonerski przedmiot, kt\u00f3ry idealnie nadaje si\u0119 dla fan\u00f3w marki oraz os\u00f3b interesuj\u0105cych si\u0119 streetwearow\u0105 kultur\u0105. Zawiera on unikalne zdj\u0119cia z przesz\u0142o\u015bci marki oraz teksty po\u015bwi\u0119cone historii i inspiracjom, kt\u00f3re le\u017c\u0105 u podstaw kultury streetwear. To idealny spos\u00f3b na poznanie historii Supreme i pog\u0142\u0119bienie wiedzy na temat marki.<\/p>\n<p>Cokney Zine Magazyn od Supreme to limitowana edycja, co czyni go jeszcze bardziej po\u017c\u0105danym przez kolekcjoner\u00f3w. Zine zosta\u0142 wyprodukowany w wysokiej jako\u015bci, co gwarantuje, \u017ce pozostanie w doskona\u0142ym stanie przez wiele lat. Dzi\u0119ki swojemu unikalnemu wygl\u0105dowi i tre\u015bci, Cokney Zine Magazyn mo\u017ce stanowi\u0107 idealny element dekoracyjny w pokoju lub biurze, a tak\u017ce \u015bwietny prezent dla mi\u0142o\u015bnik\u00f3w marki Supreme.<\/p>\n<p>Podsumowuj\u0105c, Cokney Zine Magazyn to kolekcjonerski produkt od marki Supreme, kt\u00f3ry idealnie nadaje si\u0119 dla fan\u00f3w streetwearowej kultury oraz os\u00f3b interesuj\u0105cych si\u0119 histori\u0105 marki. To limitowana edycja, kt\u00f3ra pozwoli na pog\u0142\u0119bienie wiedzy na temat marki oraz uzupe\u0142ni kolekcj\u0119 unikalnymi produktami.<\/p>","protected":false},"excerpt":{"rendered":"<p>Supreme Cokney Zine Magazine<\/p>","protected":false},"featured_media":19707,"template":"","meta":{"_acf_changed":false,"_yoast_wpseo_focuskw":"Supreme Cokney Zine Magazyn","_yoast_wpseo_title":"","_yoast_wpseo_metadesc":""},"pwb-brand":[753],"product_brand":[],"product_cat":[23,974],"product_tag":[],"class_list":{"0":"post-19741","1":"product","2":"type-product","3":"status-publish","4":"has-post-thumbnail","6":"pwb-brand-supreme","7":"product_cat-akcesoria","8":"product_cat-akcesoria-supreme","10":"first","11":"onbackorder","12":"taxable","13":"shipping-taxable","14":"purchasable","15":"product-type-variable","16":"has-default-attributes"},"acf":[],"yoast_head":"<!-- This site is optimized with the Yoast SEO plugin v27.4 - https:\/\/yoast.com\/product\/yoast-seo-wordpress\/ -->\n<title>Supreme Cokney Zine Magazyn - SHEZAMME<\/title>\n<meta name=\"description\" content=\"Supreme Cokney Zine Magazyn | Luksusowe i autentyczne przedmioty w jednym miejscu. B\u0105d\u017a na bie\u017c\u0105co i sprawd\u017a nasz\u0105 ofert\u0119 ju\u017c teraz\" \/>\n<meta name=\"robots\" content=\"index, follow, max-snippet:-1, max-image-preview:large, max-video-preview:-1\" \/>\n<link rel=\"canonical\" href=\"https:\/\/shezamme.com\/en\/sklep\/accesories\/akcesoria-supreme\/supreme-cokney-zine-magazyn\/\" \/>\n<meta property=\"og:locale\" content=\"en_US\" \/>\n<meta property=\"og:type\" content=\"article\" \/>\n<meta property=\"og:title\" content=\"Supreme Cokney Zine Magazyn - SHEZAMME\" \/>\n<meta property=\"og:description\" content=\"Supreme Cokney Zine Magazyn | Luksusowe i autentyczne przedmioty w jednym miejscu. B\u0105d\u017a na bie\u017c\u0105co i sprawd\u017a nasz\u0105 ofert\u0119 ju\u017c teraz\" \/>\n<meta property=\"og:url\" content=\"https:\/\/shezamme.com\/en\/sklep\/accesories\/akcesoria-supreme\/supreme-cokney-zine-magazyn\/\" \/>\n<meta property=\"og:site_name\" content=\"SHEZAMME - Yeezy, Jordan, Supreme i inne oryginalne rzeczy\" \/>\n<meta property=\"article:publisher\" content=\"https:\/\/www.facebook.com\/SHEZAMME\/\" \/>\n<meta property=\"article:modified_time\" content=\"2024-10-30T19:01:27+00:00\" \/>\n<meta property=\"og:image\" content=\"https:\/\/shezamme.com\/wp-content\/uploads\/2022\/12\/supreme-cokney-zine.jpg\" \/>\n\t<meta property=\"og:image:width\" content=\"2000\" \/>\n\t<meta property=\"og:image:height\" content=\"2000\" \/>\n\t<meta property=\"og:image:type\" content=\"image\/jpeg\" \/>\n<meta name=\"twitter:card\" content=\"summary_large_image\" \/>\n<meta name=\"twitter:site\" content=\"@SHEZAMME\" \/>\n<meta name=\"twitter:label1\" content=\"Est. reading time\" \/>\n\t<meta name=\"twitter:data1\" content=\"1 minute\" \/>\n<script type=\"application\/ld+json\" class=\"yoast-schema-graph\">{\"@context\":\"https:\\\/\\\/schema.org\",\"@graph\":[{\"@type\":\"WebPage\",\"@id\":\"https:\\\/\\\/shezamme.com\\\/sklep\\\/akcesoria\\\/akcesoria-supreme\\\/supreme-cokney-zine-magazyn\\\/\",\"url\":\"https:\\\/\\\/shezamme.com\\\/sklep\\\/akcesoria\\\/akcesoria-supreme\\\/supreme-cokney-zine-magazyn\\\/\",\"name\":\"Supreme Cokney Zine Magazyn - SHEZAMME\",\"isPartOf\":{\"@id\":\"https:\\\/\\\/shezamme.com\\\/#website\"},\"primaryImageOfPage\":{\"@id\":\"https:\\\/\\\/shezamme.com\\\/sklep\\\/akcesoria\\\/akcesoria-supreme\\\/supreme-cokney-zine-magazyn\\\/#primaryimage\"},\"image\":{\"@id\":\"https:\\\/\\\/shezamme.com\\\/sklep\\\/akcesoria\\\/akcesoria-supreme\\\/supreme-cokney-zine-magazyn\\\/#primaryimage\"},\"thumbnailUrl\":\"https:\\\/\\\/shezamme.com\\\/wp-content\\\/uploads\\\/2022\\\/12\\\/supreme-cokney-zine.jpg\",\"datePublished\":\"2022-12-29T22:07:03+00:00\",\"dateModified\":\"2024-10-30T19:01:27+00:00\",\"description\":\"Supreme Cokney Zine Magazyn | Luksusowe i autentyczne przedmioty w jednym miejscu. B\u0105d\u017a na bie\u017c\u0105co i sprawd\u017a nasz\u0105 ofert\u0119 ju\u017c teraz\",\"breadcrumb\":{\"@id\":\"https:\\\/\\\/shezamme.com\\\/sklep\\\/akcesoria\\\/akcesoria-supreme\\\/supreme-cokney-zine-magazyn\\\/#breadcrumb\"},\"inLanguage\":\"en-US\",\"potentialAction\":[{\"@type\":\"ReadAction\",\"target\":[\"https:\\\/\\\/shezamme.com\\\/sklep\\\/akcesoria\\\/akcesoria-supreme\\\/supreme-cokney-zine-magazyn\\\/\"]}]},{\"@type\":\"ImageObject\",\"inLanguage\":\"en-US\",\"@id\":\"https:\\\/\\\/shezamme.com\\\/sklep\\\/akcesoria\\\/akcesoria-supreme\\\/supreme-cokney-zine-magazyn\\\/#primaryimage\",\"url\":\"https:\\\/\\\/shezamme.com\\\/wp-content\\\/uploads\\\/2022\\\/12\\\/supreme-cokney-zine.jpg\",\"contentUrl\":\"https:\\\/\\\/shezamme.com\\\/wp-content\\\/uploads\\\/2022\\\/12\\\/supreme-cokney-zine.jpg\",\"width\":2000,\"height\":2000,\"caption\":\"Supreme Cokney Zine Magazyn\"},{\"@type\":\"BreadcrumbList\",\"@id\":\"https:\\\/\\\/shezamme.com\\\/sklep\\\/akcesoria\\\/akcesoria-supreme\\\/supreme-cokney-zine-magazyn\\\/#breadcrumb\",\"itemListElement\":[{\"@type\":\"ListItem\",\"position\":1,\"name\":\"Strona g\u0142\u00f3wna\",\"item\":\"https:\\\/\\\/shezamme.com\\\/\"},{\"@type\":\"ListItem\",\"position\":2,\"name\":\"Sklep\",\"item\":\"https:\\\/\\\/shezamme.com\\\/en\\\/sklep\\\/\"},{\"@type\":\"ListItem\",\"position\":3,\"name\":\"Supreme Cokney Zine Magazyn\"}]},{\"@type\":\"WebSite\",\"@id\":\"https:\\\/\\\/shezamme.com\\\/#website\",\"url\":\"https:\\\/\\\/shezamme.com\\\/\",\"name\":\"SHEZAMME - Sneakersy, Streetwear i luksusowe marki\",\"description\":\"Oryginalne i ekskluzywne przedmioty w jednym miejscu. Sprawd\u017a nasze produkty ju\u017c teraz i b\u0105d\u017a na bie\u017c\u0105co z wszystkimi premierami.\",\"publisher\":{\"@id\":\"https:\\\/\\\/shezamme.com\\\/#organization\"},\"potentialAction\":[{\"@type\":\"SearchAction\",\"target\":{\"@type\":\"EntryPoint\",\"urlTemplate\":\"https:\\\/\\\/shezamme.com\\\/?s={search_term_string}\"},\"query-input\":{\"@type\":\"PropertyValueSpecification\",\"valueRequired\":true,\"valueName\":\"search_term_string\"}}],\"inLanguage\":\"en-US\"},{\"@type\":\"Organization\",\"@id\":\"https:\\\/\\\/shezamme.com\\\/#organization\",\"name\":\"SHEZAMME - Sneakersy, Streetwear i luksusowe marki\",\"url\":\"https:\\\/\\\/shezamme.com\\\/\",\"logo\":{\"@type\":\"ImageObject\",\"inLanguage\":\"en-US\",\"@id\":\"https:\\\/\\\/shezamme.com\\\/#\\\/schema\\\/logo\\\/image\\\/\",\"url\":\"https:\\\/\\\/shezamme.com\\\/wp-content\\\/uploads\\\/2023\\\/02\\\/0x0.png\",\"contentUrl\":\"https:\\\/\\\/shezamme.com\\\/wp-content\\\/uploads\\\/2023\\\/02\\\/0x0.png\",\"width\":2000,\"height\":2000,\"caption\":\"SHEZAMME - Sneakersy, Streetwear i luksusowe marki\"},\"image\":{\"@id\":\"https:\\\/\\\/shezamme.com\\\/#\\\/schema\\\/logo\\\/image\\\/\"},\"sameAs\":[\"https:\\\/\\\/www.facebook.com\\\/SHEZAMME\\\/\",\"https:\\\/\\\/x.com\\\/SHEZAMME\",\"https:\\\/\\\/www.instagram.com\\\/shezamme\\\/\",\"https:\\\/\\\/www.youtube.com\\\/channel\\\/UCsTJxi_9fODHdO_1bmJbqvQ\",\"https:\\\/\\\/www.tiktok.com\\\/shezamme.com\"]}]}<\/script>\n<!-- \/ Yoast SEO plugin. -->","yoast_head_json":{"title":"Supreme Cokney Zine Magazyn - SHEZAMME","description":"Supreme Cokney Zine Magazyn | Luksusowe i autentyczne przedmioty w jednym miejscu. B\u0105d\u017a na bie\u017c\u0105co i sprawd\u017a nasz\u0105 ofert\u0119 ju\u017c teraz","robots":{"index":"index","follow":"follow","max-snippet":"max-snippet:-1","max-image-preview":"max-image-preview:large","max-video-preview":"max-video-preview:-1"},"canonical":"https:\/\/shezamme.com\/en\/sklep\/accesories\/akcesoria-supreme\/supreme-cokney-zine-magazyn\/","og_locale":"en_US","og_type":"article","og_title":"Supreme Cokney Zine Magazyn - SHEZAMME","og_description":"Supreme Cokney Zine Magazyn | Luksusowe i autentyczne przedmioty w jednym miejscu. B\u0105d\u017a na bie\u017c\u0105co i sprawd\u017a nasz\u0105 ofert\u0119 ju\u017c teraz","og_url":"https:\/\/shezamme.com\/en\/sklep\/accesories\/akcesoria-supreme\/supreme-cokney-zine-magazyn\/","og_site_name":"SHEZAMME - Yeezy, Jordan, Supreme i inne oryginalne rzeczy","article_publisher":"https:\/\/www.facebook.com\/SHEZAMME\/","article_modified_time":"2024-10-30T19:01:27+00:00","og_image":[{"width":2000,"height":2000,"url":"https:\/\/shezamme.com\/wp-content\/uploads\/2022\/12\/supreme-cokney-zine.jpg","type":"image\/jpeg"}],"twitter_card":"summary_large_image","twitter_site":"@SHEZAMME","twitter_misc":{"Est. reading time":"1 minute"},"schema":{"@context":"https:\/\/schema.org","@graph":[{"@type":"WebPage","@id":"https:\/\/shezamme.com\/sklep\/akcesoria\/akcesoria-supreme\/supreme-cokney-zine-magazyn\/","url":"https:\/\/shezamme.com\/sklep\/akcesoria\/akcesoria-supreme\/supreme-cokney-zine-magazyn\/","name":"Supreme Cokney Zine Magazyn - SHEZAMME","isPartOf":{"@id":"https:\/\/shezamme.com\/#website"},"primaryImageOfPage":{"@id":"https:\/\/shezamme.com\/sklep\/akcesoria\/akcesoria-supreme\/supreme-cokney-zine-magazyn\/#primaryimage"},"image":{"@id":"https:\/\/shezamme.com\/sklep\/akcesoria\/akcesoria-supreme\/supreme-cokney-zine-magazyn\/#primaryimage"},"thumbnailUrl":"https:\/\/shezamme.com\/wp-content\/uploads\/2022\/12\/supreme-cokney-zine.jpg","datePublished":"2022-12-29T22:07:03+00:00","dateModified":"2024-10-30T19:01:27+00:00","description":"Supreme Cokney Zine Magazyn | Luksusowe i autentyczne przedmioty w jednym miejscu. B\u0105d\u017a na bie\u017c\u0105co i sprawd\u017a nasz\u0105 ofert\u0119 ju\u017c teraz","breadcrumb":{"@id":"https:\/\/shezamme.com\/sklep\/akcesoria\/akcesoria-supreme\/supreme-cokney-zine-magazyn\/#breadcrumb"},"inLanguage":"en-US","potentialAction":[{"@type":"ReadAction","target":["https:\/\/shezamme.com\/sklep\/akcesoria\/akcesoria-supreme\/supreme-cokney-zine-magazyn\/"]}]},{"@type":"ImageObject","inLanguage":"en-US","@id":"https:\/\/shezamme.com\/sklep\/akcesoria\/akcesoria-supreme\/supreme-cokney-zine-magazyn\/#primaryimage","url":"https:\/\/shezamme.com\/wp-content\/uploads\/2022\/12\/supreme-cokney-zine.jpg","contentUrl":"https:\/\/shezamme.com\/wp-content\/uploads\/2022\/12\/supreme-cokney-zine.jpg","width":2000,"height":2000,"caption":"Supreme Cokney Zine Magazyn"},{"@type":"BreadcrumbList","@id":"https:\/\/shezamme.com\/sklep\/akcesoria\/akcesoria-supreme\/supreme-cokney-zine-magazyn\/#breadcrumb","itemListElement":[{"@type":"ListItem","position":1,"name":"Strona g\u0142\u00f3wna","item":"https:\/\/shezamme.com\/"},{"@type":"ListItem","position":2,"name":"Sklep","item":"https:\/\/shezamme.com\/en\/sklep\/"},{"@type":"ListItem","position":3,"name":"Supreme Cokney Zine Magazyn"}]},{"@type":"WebSite","@id":"https:\/\/shezamme.com\/#website","url":"https:\/\/shezamme.com\/","name":"SHEZAMME - Sneakers, Streetwear and luxury brands","description":"Original and exclusive items in one place. Check out our products now and stay up to date with all launches.","publisher":{"@id":"https:\/\/shezamme.com\/#organization"},"potentialAction":[{"@type":"SearchAction","target":{"@type":"EntryPoint","urlTemplate":"https:\/\/shezamme.com\/?s={search_term_string}"},"query-input":{"@type":"PropertyValueSpecification","valueRequired":true,"valueName":"search_term_string"}}],"inLanguage":"en-US"},{"@type":"Organization","@id":"https:\/\/shezamme.com\/#organization","name":"SHEZAMME - Sneakers, Streetwear and luxury brands","url":"https:\/\/shezamme.com\/","logo":{"@type":"ImageObject","inLanguage":"en-US","@id":"https:\/\/shezamme.com\/#\/schema\/logo\/image\/","url":"https:\/\/shezamme.com\/wp-content\/uploads\/2023\/02\/0x0.png","contentUrl":"https:\/\/shezamme.com\/wp-content\/uploads\/2023\/02\/0x0.png","width":2000,"height":2000,"caption":"SHEZAMME - Sneakersy, Streetwear i luksusowe marki"},"image":{"@id":"https:\/\/shezamme.com\/#\/schema\/logo\/image\/"},"sameAs":["https:\/\/www.facebook.com\/SHEZAMME\/","https:\/\/x.com\/SHEZAMME","https:\/\/www.instagram.com\/shezamme\/","https:\/\/www.youtube.com\/channel\/UCsTJxi_9fODHdO_1bmJbqvQ","https:\/\/www.tiktok.com\/shezamme.com"]}]}},"brands":[{"id":753,"name":"supreme","slug":"supreme"}],"_links":{"self":[{"href":"https:\/\/shezamme.com\/en\/wp-json\/wp\/v2\/product\/19741","targetHints":{"allow":["GET"]}}],"collection":[{"href":"https:\/\/shezamme.com\/en\/wp-json\/wp\/v2\/product"}],"about":[{"href":"https:\/\/shezamme.com\/en\/wp-json\/wp\/v2\/types\/product"}],"wp:featuredmedia":[{"embeddable":true,"href":"https:\/\/shezamme.com\/en\/wp-json\/wp\/v2\/media\/19707"}],"wp:attachment":[{"href":"https:\/\/shezamme.com\/en\/wp-json\/wp\/v2\/media?parent=19741"}],"wp:term":[{"taxonomy":"pwb-brand","embeddable":true,"href":"https:\/\/shezamme.com\/en\/wp-json\/wp\/v2\/pwb-brand?post=19741"},{"taxonomy":"product_brand","embeddable":true,"href":"https:\/\/shezamme.com\/en\/wp-json\/wp\/v2\/product_brand?post=19741"},{"taxonomy":"product_cat","embeddable":true,"href":"https:\/\/shezamme.com\/en\/wp-json\/wp\/v2\/product_cat?post=19741"},{"taxonomy":"product_tag","embeddable":true,"href":"https:\/\/shezamme.com\/en\/wp-json\/wp\/v2\/product_tag?post=19741"}],"curies":[{"name":"wp","href":"https:\/\/api.w.org\/{rel}","templated":true}]}}