{"id":195856,"date":"2025-06-11T10:01:37","date_gmt":"2025-06-11T08:01:37","guid":{"rendered":"https:\/\/shezamme.com\/?post_type=product&#038;p=195856"},"modified":"2025-11-03T16:32:45","modified_gmt":"2025-11-03T15:32:45","slug":"display-labubu-the-monsters-yoga-series-10-blind-boxes","status":"publish","type":"product","link":"https:\/\/shezamme.com\/en\/sklep\/akcesoria\/wszystkie-akcesoria\/display-labubu-the-monsters-yoga-series-10-blind-boxes\/","title":{"rendered":"Display Labubu The Monsters Yoga Series (10 Blind Boxes)"},"content":{"rendered":"<h2 data-start=\"0\" data-end=\"59\">Display Labubu The Monsters Yoga Series (10 Blind Boxes)<\/h2>\n<p data-start=\"61\" data-end=\"473\">Seria <strong data-start=\"67\" data-end=\"82\">Yoga Series<\/strong> z linii The Monsters od POP MART prezentuje Labubu w unikalnej, humorystycznej ods\u0142onie, inspirowanej praktykami jogi i mindfulness. W ka\u017cdym display boxie znajduje si\u0119 10 blind box\u00f3w \u2014 ka\u017cda figurka pakowana jest losowo, co umo\u017cliwia trafienie nie tylko standardowych modeli, ale tak\u017ce rzadkich wersji chase oraz secret. System losowo\u015bci zwi\u0119ksza ekscytacj\u0119 i atrakcyjno\u015b\u0107 kolekcjonowania.<\/p>\n<p data-start=\"475\" data-end=\"901\">Ka\u017cda figurka przedstawia Labubu w r\u00f3\u017cnych pozycjach asan, z wyj\u0105tkowo odwzorowan\u0105 mimik\u0105 i precyzyjnymi detalami cia\u0142a, co idealnie oddaje spokojny, a zarazem \u017cartobliwy klimat praktyk jogi. Wysokiej jako\u015bci winyl gwarantuje trwa\u0142o\u015b\u0107, odporno\u015b\u0107 na przebarwienia i zachowanie kolor\u00f3w przez d\u0142ugi czas. W zale\u017cno\u015bci od pozy, figurki maj\u0105 wysoko\u015b\u0107 od 7 do 10 cm, dzi\u0119ki czemu \u015bwietnie prezentuj\u0105 si\u0119 na kolekcjonerskich p\u00f3\u0142kach.<\/p>\n<h2 data-start=\"903\" data-end=\"940\">Relaksacyjne podej\u015bcie do art toys<\/h2>\n<p data-start=\"942\" data-end=\"1339\">W serii <strong data-start=\"950\" data-end=\"965\">Yoga Series<\/strong> POP MART \u0142\u0105czy sztuk\u0119 kolekcjonersk\u0105 z duchem relaksu i \u015bwiadomo\u015bci cia\u0142a. Detale pozycji jogi oraz naturalne, zabawne wyrazy twarzy Labubu sprawiaj\u0105, \u017ce ka\u017cda figurka staje si\u0119 niepowtarzalnym elementem kolekcji. Artystyczne wykonanie i rozpoznawalny styl POP MART podkre\u015blaj\u0105 unikatowo\u015b\u0107 serii i przyci\u0105gaj\u0105 zar\u00f3wno fan\u00f3w designer toys, jak i sympatyk\u00f3w kultury wellness.<\/p>\n<p data-start=\"1341\" data-end=\"1641\">Oryginalny display box z grafik\u0105 serii pe\u0142ni nie tylko funkcj\u0119 zabezpieczaj\u0105c\u0105, ale r\u00f3wnie\u017c ekspozycyjn\u0105, umo\u017cliwiaj\u0105c prezentacj\u0119 ca\u0142ej kolekcji w estetyczny spos\u00f3b. Ograniczona dost\u0119pno\u015b\u0107 serii sprawia, \u017ce dropy wyprzedaj\u0105 si\u0119 szybko, a edycje chase i secret osi\u0105gaj\u0105 wysokie ceny na rynku wt\u00f3rnym.<\/p>","protected":false},"excerpt":{"rendered":"<p><strong>Blindbox oznacza, \u017ce nie wiadomo jak\u0105 figurk\u0119 trafisz! Figurki s\u0105 oryginalne. Sprzeda\u017c tyczy si\u0119 ca\u0142ego display`a &#8211; 10 sztuk figurek!<\/strong><\/p>\n<h2 data-start=\"1643\" data-end=\"1725\">Display Labubu The Monsters Yoga Series \u2013 mindfulness w wydaniu kolekcjonerskim<\/h2>\n<p data-start=\"1727\" data-end=\"2029\" data-is-last-node=\"\" data-is-only-node=\"\"><strong data-start=\"1727\" data-end=\"1742\">Yoga Series<\/strong> \u0142\u0105czy estetyk\u0119 POP MART z relaksacyjn\u0105 tematyk\u0105 jogi, oferuj\u0105c kolekcjonerom Labubu w spokojnej, ale humorystycznej formie. Limitowany charakter, dopracowane detale i wysoka jako\u015b\u0107 wykonania czyni\u0105 t\u0119 edycj\u0119 atrakcyjnym wyborem dla fan\u00f3w art toys oraz kolekcjonerskiej sztuki winylowej.<\/p>","protected":false},"featured_media":195850,"template":"","meta":{"_acf_changed":false},"pwb-brand":[1110,1195],"product_brand":[],"product_cat":[23,1107,975],"product_tag":[1008,1009],"class_list":{"0":"post-195856","1":"product","2":"type-product","3":"status-publish","4":"has-post-thumbnail","6":"pwb-brand-labubu","7":"pwb-brand-popmart","8":"product_cat-akcesoria","9":"product_cat-figurki-labubu","10":"product_cat-wszystkie-akcesoria","11":"product_tag-kobieta","12":"product_tag-mezczyzna","13":"pa_rozmiar-ubrania-one-size-2","15":"first","16":"onbackorder","17":"sale","18":"taxable","19":"shipping-taxable","20":"purchasable","21":"product-type-variable"},"acf":[],"yoast_head":"<!-- This site is optimized with the Yoast SEO plugin v27.2 - https:\/\/yoast.com\/product\/yoast-seo-wordpress\/ -->\n<title>Display Labubu The Monsters Yoga Series (10 Blind Boxes) - SHEZAMME<\/title>\n<meta name=\"description\" content=\"Display Labubu The Monsters Yoga Series (10 Blind Boxes) | Luksusowe i autentyczne przedmioty w jednym miejscu. B\u0105d\u017a na bie\u017c\u0105co i sprawd\u017a nasz\u0105 ofert\u0119 ju\u017c teraz\" \/>\n<meta name=\"robots\" content=\"index, follow, max-snippet:-1, max-image-preview:large, max-video-preview:-1\" \/>\n<link rel=\"canonical\" href=\"https:\/\/shezamme.com\/en\/sklep\/accesories\/all-accesories\/display-labubu-the-monsters-yoga-series-10-blind-boxes\/\" \/>\n<meta property=\"og:locale\" content=\"en_US\" \/>\n<meta property=\"og:type\" content=\"article\" \/>\n<meta property=\"og:title\" content=\"Display Labubu The Monsters Yoga Series (10 Blind Boxes) - SHEZAMME\" \/>\n<meta property=\"og:description\" content=\"Display Labubu The Monsters Yoga Series (10 Blind Boxes) | Luksusowe i autentyczne przedmioty w jednym miejscu. B\u0105d\u017a na bie\u017c\u0105co i sprawd\u017a nasz\u0105 ofert\u0119 ju\u017c teraz\" \/>\n<meta property=\"og:url\" content=\"https:\/\/shezamme.com\/en\/sklep\/accesories\/all-accesories\/display-labubu-the-monsters-yoga-series-10-blind-boxes\/\" \/>\n<meta property=\"og:site_name\" content=\"SHEZAMME - Yeezy, Jordan, Supreme i inne oryginalne rzeczy\" \/>\n<meta property=\"article:publisher\" content=\"https:\/\/www.facebook.com\/SHEZAMME\/\" \/>\n<meta property=\"article:modified_time\" content=\"2025-11-03T15:32:45+00:00\" \/>\n<meta property=\"og:image\" content=\"https:\/\/shezamme.com\/wp-content\/uploads\/2025\/06\/Labubu-The-Monsters-\u2013-Yoga-Series.png\" \/>\n\t<meta property=\"og:image:width\" content=\"700\" \/>\n\t<meta property=\"og:image:height\" content=\"700\" \/>\n\t<meta property=\"og:image:type\" content=\"image\/png\" \/>\n<meta name=\"twitter:card\" content=\"summary_large_image\" \/>\n<meta name=\"twitter:site\" content=\"@SHEZAMME\" \/>\n<meta name=\"twitter:label1\" content=\"Est. reading time\" \/>\n\t<meta name=\"twitter:data1\" content=\"1 minute\" \/>\n<script type=\"application\/ld+json\" class=\"yoast-schema-graph\">{\"@context\":\"https:\/\/schema.org\",\"@graph\":[{\"@type\":\"WebPage\",\"@id\":\"https:\/\/shezamme.com\/sklep\/akcesoria\/wszystkie-akcesoria\/display-labubu-the-monsters-yoga-series-10-blind-boxes\/\",\"url\":\"https:\/\/shezamme.com\/sklep\/akcesoria\/wszystkie-akcesoria\/display-labubu-the-monsters-yoga-series-10-blind-boxes\/\",\"name\":\"Display Labubu The Monsters Yoga Series (10 Blind Boxes) - SHEZAMME\",\"isPartOf\":{\"@id\":\"https:\/\/shezamme.com\/#website\"},\"primaryImageOfPage\":{\"@id\":\"https:\/\/shezamme.com\/sklep\/akcesoria\/wszystkie-akcesoria\/display-labubu-the-monsters-yoga-series-10-blind-boxes\/#primaryimage\"},\"image\":{\"@id\":\"https:\/\/shezamme.com\/sklep\/akcesoria\/wszystkie-akcesoria\/display-labubu-the-monsters-yoga-series-10-blind-boxes\/#primaryimage\"},\"thumbnailUrl\":\"https:\/\/shezamme.com\/wp-content\/uploads\/2025\/06\/Labubu-The-Monsters-\u2013-Yoga-Series.png\",\"datePublished\":\"2025-06-11T08:01:37+00:00\",\"dateModified\":\"2025-11-03T15:32:45+00:00\",\"description\":\"Display Labubu The Monsters Yoga Series (10 Blind Boxes) | Luksusowe i autentyczne przedmioty w jednym miejscu. B\u0105d\u017a na bie\u017c\u0105co i sprawd\u017a nasz\u0105 ofert\u0119 ju\u017c teraz\",\"breadcrumb\":{\"@id\":\"https:\/\/shezamme.com\/sklep\/akcesoria\/wszystkie-akcesoria\/display-labubu-the-monsters-yoga-series-10-blind-boxes\/#breadcrumb\"},\"inLanguage\":\"en-US\",\"potentialAction\":[{\"@type\":\"ReadAction\",\"target\":[\"https:\/\/shezamme.com\/sklep\/akcesoria\/wszystkie-akcesoria\/display-labubu-the-monsters-yoga-series-10-blind-boxes\/\"]}]},{\"@type\":\"ImageObject\",\"inLanguage\":\"en-US\",\"@id\":\"https:\/\/shezamme.com\/sklep\/akcesoria\/wszystkie-akcesoria\/display-labubu-the-monsters-yoga-series-10-blind-boxes\/#primaryimage\",\"url\":\"https:\/\/shezamme.com\/wp-content\/uploads\/2025\/06\/Labubu-The-Monsters-\u2013-Yoga-Series.png\",\"contentUrl\":\"https:\/\/shezamme.com\/wp-content\/uploads\/2025\/06\/Labubu-The-Monsters-\u2013-Yoga-Series.png\",\"width\":700,\"height\":700},{\"@type\":\"BreadcrumbList\",\"@id\":\"https:\/\/shezamme.com\/sklep\/akcesoria\/wszystkie-akcesoria\/display-labubu-the-monsters-yoga-series-10-blind-boxes\/#breadcrumb\",\"itemListElement\":[{\"@type\":\"ListItem\",\"position\":1,\"name\":\"Strona g\u0142\u00f3wna\",\"item\":\"https:\/\/shezamme.com\/\"},{\"@type\":\"ListItem\",\"position\":2,\"name\":\"Sklep\",\"item\":\"https:\/\/shezamme.com\/sklep\/\"},{\"@type\":\"ListItem\",\"position\":3,\"name\":\"Display Labubu The Monsters Yoga Series (10 Blind Boxes)\"}]},{\"@type\":\"WebSite\",\"@id\":\"https:\/\/shezamme.com\/#website\",\"url\":\"https:\/\/shezamme.com\/\",\"name\":\"SHEZAMME - Sneakersy, Streetwear i luksusowe marki\",\"description\":\"Oryginalne i ekskluzywne przedmioty w jednym miejscu. Sprawd\u017a nasze produkty ju\u017c teraz i b\u0105d\u017a na bie\u017c\u0105co z wszystkimi premierami.\",\"publisher\":{\"@id\":\"https:\/\/shezamme.com\/#organization\"},\"potentialAction\":[{\"@type\":\"SearchAction\",\"target\":{\"@type\":\"EntryPoint\",\"urlTemplate\":\"https:\/\/shezamme.com\/?s={search_term_string}\"},\"query-input\":{\"@type\":\"PropertyValueSpecification\",\"valueRequired\":true,\"valueName\":\"search_term_string\"}}],\"inLanguage\":\"en-US\"},{\"@type\":\"Organization\",\"@id\":\"https:\/\/shezamme.com\/#organization\",\"name\":\"SHEZAMME - Sneakersy, Streetwear i luksusowe marki\",\"url\":\"https:\/\/shezamme.com\/\",\"logo\":{\"@type\":\"ImageObject\",\"inLanguage\":\"en-US\",\"@id\":\"https:\/\/shezamme.com\/#\/schema\/logo\/image\/\",\"url\":\"https:\/\/shezamme.com\/wp-content\/uploads\/2023\/02\/0x0.png\",\"contentUrl\":\"https:\/\/shezamme.com\/wp-content\/uploads\/2023\/02\/0x0.png\",\"width\":2000,\"height\":2000,\"caption\":\"SHEZAMME - Sneakersy, Streetwear i luksusowe marki\"},\"image\":{\"@id\":\"https:\/\/shezamme.com\/#\/schema\/logo\/image\/\"},\"sameAs\":[\"https:\/\/www.facebook.com\/SHEZAMME\/\",\"https:\/\/x.com\/SHEZAMME\",\"https:\/\/www.instagram.com\/shezamme\/\",\"https:\/\/www.youtube.com\/channel\/UCsTJxi_9fODHdO_1bmJbqvQ\",\"https:\/\/www.tiktok.com\/shezamme.com\"]}]}<\/script>\n<!-- \/ Yoast SEO plugin. -->","yoast_head_json":{"title":"Display Labubu The Monsters Yoga Series (10 Blind Boxes) - SHEZAMME","description":"Display Labubu The Monsters Yoga Series (10 Blind Boxes) | Luksusowe i autentyczne przedmioty w jednym miejscu. B\u0105d\u017a na bie\u017c\u0105co i sprawd\u017a nasz\u0105 ofert\u0119 ju\u017c teraz","robots":{"index":"index","follow":"follow","max-snippet":"max-snippet:-1","max-image-preview":"max-image-preview:large","max-video-preview":"max-video-preview:-1"},"canonical":"https:\/\/shezamme.com\/en\/sklep\/accesories\/all-accesories\/display-labubu-the-monsters-yoga-series-10-blind-boxes\/","og_locale":"en_US","og_type":"article","og_title":"Display Labubu The Monsters Yoga Series (10 Blind Boxes) - SHEZAMME","og_description":"Display Labubu The Monsters Yoga Series (10 Blind Boxes) | Luksusowe i autentyczne przedmioty w jednym miejscu. B\u0105d\u017a na bie\u017c\u0105co i sprawd\u017a nasz\u0105 ofert\u0119 ju\u017c teraz","og_url":"https:\/\/shezamme.com\/en\/sklep\/accesories\/all-accesories\/display-labubu-the-monsters-yoga-series-10-blind-boxes\/","og_site_name":"SHEZAMME - Yeezy, Jordan, Supreme i inne oryginalne rzeczy","article_publisher":"https:\/\/www.facebook.com\/SHEZAMME\/","article_modified_time":"2025-11-03T15:32:45+00:00","og_image":[{"width":700,"height":700,"url":"https:\/\/shezamme.com\/wp-content\/uploads\/2025\/06\/Labubu-The-Monsters-\u2013-Yoga-Series.png","type":"image\/png"}],"twitter_card":"summary_large_image","twitter_site":"@SHEZAMME","twitter_misc":{"Est. reading time":"1 minute"},"schema":{"@context":"https:\/\/schema.org","@graph":[{"@type":"WebPage","@id":"https:\/\/shezamme.com\/sklep\/akcesoria\/wszystkie-akcesoria\/display-labubu-the-monsters-yoga-series-10-blind-boxes\/","url":"https:\/\/shezamme.com\/sklep\/akcesoria\/wszystkie-akcesoria\/display-labubu-the-monsters-yoga-series-10-blind-boxes\/","name":"Display Labubu The Monsters Yoga Series (10 Blind Boxes) - SHEZAMME","isPartOf":{"@id":"https:\/\/shezamme.com\/#website"},"primaryImageOfPage":{"@id":"https:\/\/shezamme.com\/sklep\/akcesoria\/wszystkie-akcesoria\/display-labubu-the-monsters-yoga-series-10-blind-boxes\/#primaryimage"},"image":{"@id":"https:\/\/shezamme.com\/sklep\/akcesoria\/wszystkie-akcesoria\/display-labubu-the-monsters-yoga-series-10-blind-boxes\/#primaryimage"},"thumbnailUrl":"https:\/\/shezamme.com\/wp-content\/uploads\/2025\/06\/Labubu-The-Monsters-\u2013-Yoga-Series.png","datePublished":"2025-06-11T08:01:37+00:00","dateModified":"2025-11-03T15:32:45+00:00","description":"Display Labubu The Monsters Yoga Series (10 Blind Boxes) | Luksusowe i autentyczne przedmioty w jednym miejscu. B\u0105d\u017a na bie\u017c\u0105co i sprawd\u017a nasz\u0105 ofert\u0119 ju\u017c teraz","breadcrumb":{"@id":"https:\/\/shezamme.com\/sklep\/akcesoria\/wszystkie-akcesoria\/display-labubu-the-monsters-yoga-series-10-blind-boxes\/#breadcrumb"},"inLanguage":"en-US","potentialAction":[{"@type":"ReadAction","target":["https:\/\/shezamme.com\/sklep\/akcesoria\/wszystkie-akcesoria\/display-labubu-the-monsters-yoga-series-10-blind-boxes\/"]}]},{"@type":"ImageObject","inLanguage":"en-US","@id":"https:\/\/shezamme.com\/sklep\/akcesoria\/wszystkie-akcesoria\/display-labubu-the-monsters-yoga-series-10-blind-boxes\/#primaryimage","url":"https:\/\/shezamme.com\/wp-content\/uploads\/2025\/06\/Labubu-The-Monsters-\u2013-Yoga-Series.png","contentUrl":"https:\/\/shezamme.com\/wp-content\/uploads\/2025\/06\/Labubu-The-Monsters-\u2013-Yoga-Series.png","width":700,"height":700},{"@type":"BreadcrumbList","@id":"https:\/\/shezamme.com\/sklep\/akcesoria\/wszystkie-akcesoria\/display-labubu-the-monsters-yoga-series-10-blind-boxes\/#breadcrumb","itemListElement":[{"@type":"ListItem","position":1,"name":"Strona g\u0142\u00f3wna","item":"https:\/\/shezamme.com\/"},{"@type":"ListItem","position":2,"name":"Sklep","item":"https:\/\/shezamme.com\/sklep\/"},{"@type":"ListItem","position":3,"name":"Display Labubu The Monsters Yoga Series (10 Blind Boxes)"}]},{"@type":"WebSite","@id":"https:\/\/shezamme.com\/#website","url":"https:\/\/shezamme.com\/","name":"SHEZAMME - Sneakers, Streetwear and luxury brands","description":"Original and exclusive items in one place. Check out our products now and stay up to date with all launches.","publisher":{"@id":"https:\/\/shezamme.com\/#organization"},"potentialAction":[{"@type":"SearchAction","target":{"@type":"EntryPoint","urlTemplate":"https:\/\/shezamme.com\/?s={search_term_string}"},"query-input":{"@type":"PropertyValueSpecification","valueRequired":true,"valueName":"search_term_string"}}],"inLanguage":"en-US"},{"@type":"Organization","@id":"https:\/\/shezamme.com\/#organization","name":"SHEZAMME - Sneakers, Streetwear and luxury brands","url":"https:\/\/shezamme.com\/","logo":{"@type":"ImageObject","inLanguage":"en-US","@id":"https:\/\/shezamme.com\/#\/schema\/logo\/image\/","url":"https:\/\/shezamme.com\/wp-content\/uploads\/2023\/02\/0x0.png","contentUrl":"https:\/\/shezamme.com\/wp-content\/uploads\/2023\/02\/0x0.png","width":2000,"height":2000,"caption":"SHEZAMME - Sneakersy, Streetwear i luksusowe marki"},"image":{"@id":"https:\/\/shezamme.com\/#\/schema\/logo\/image\/"},"sameAs":["https:\/\/www.facebook.com\/SHEZAMME\/","https:\/\/x.com\/SHEZAMME","https:\/\/www.instagram.com\/shezamme\/","https:\/\/www.youtube.com\/channel\/UCsTJxi_9fODHdO_1bmJbqvQ","https:\/\/www.tiktok.com\/shezamme.com"]}]}},"brands":[{"id":1110,"name":"Labubu","slug":"labubu"},{"id":1195,"name":"Popmart","slug":"popmart"}],"_links":{"self":[{"href":"https:\/\/shezamme.com\/en\/wp-json\/wp\/v2\/product\/195856","targetHints":{"allow":["GET"]}}],"collection":[{"href":"https:\/\/shezamme.com\/en\/wp-json\/wp\/v2\/product"}],"about":[{"href":"https:\/\/shezamme.com\/en\/wp-json\/wp\/v2\/types\/product"}],"wp:featuredmedia":[{"embeddable":true,"href":"https:\/\/shezamme.com\/en\/wp-json\/wp\/v2\/media\/195850"}],"wp:attachment":[{"href":"https:\/\/shezamme.com\/en\/wp-json\/wp\/v2\/media?parent=195856"}],"wp:term":[{"taxonomy":"pwb-brand","embeddable":true,"href":"https:\/\/shezamme.com\/en\/wp-json\/wp\/v2\/pwb-brand?post=195856"},{"taxonomy":"product_brand","embeddable":true,"href":"https:\/\/shezamme.com\/en\/wp-json\/wp\/v2\/product_brand?post=195856"},{"taxonomy":"product_cat","embeddable":true,"href":"https:\/\/shezamme.com\/en\/wp-json\/wp\/v2\/product_cat?post=195856"},{"taxonomy":"product_tag","embeddable":true,"href":"https:\/\/shezamme.com\/en\/wp-json\/wp\/v2\/product_tag?post=195856"}],"curies":[{"name":"wp","href":"https:\/\/api.w.org\/{rel}","templated":true}]}}