{"id":195855,"date":"2025-06-11T10:00:24","date_gmt":"2025-06-11T08:00:24","guid":{"rendered":"https:\/\/shezamme.com\/?post_type=product&#038;p=195855"},"modified":"2025-11-03T16:34:44","modified_gmt":"2025-11-03T15:34:44","slug":"display-labubu-the-monsters-big-into-energy-series-6-blind-boxes","status":"publish","type":"product","link":"https:\/\/shezamme.com\/en\/sklep\/akcesoria\/wszystkie-akcesoria\/display-labubu-the-monsters-big-into-energy-series-6-blind-boxes\/","title":{"rendered":"Display Labubu The Monsters Big Into Energy Series (6 Blind Boxes)"},"content":{"rendered":"<h2 data-start=\"0\" data-end=\"69\">Display Labubu The Monsters Big Into Energy Series (6 Blind Boxes)<\/h2>\n<p data-start=\"71\" data-end=\"440\">Seria <strong data-start=\"77\" data-end=\"96\">Big Into Energy<\/strong> z linii The Monsters od POP MART wprowadza Labubu w dynamiczny \u015bwiat sportu, fitnessu i aktywno\u015bci fizycznej. Ka\u017cdy display box zawiera 6 blind box\u00f3w, a losowy system pakowania umo\u017cliwia trafienie zar\u00f3wno standardowych figurek, jak i rzadkich edycji chase lub secret. Element zaskoczenia pot\u0119guje emocje zwi\u0105zane z kompletowaniem pe\u0142nej serii.<\/p>\n<p data-start=\"442\" data-end=\"835\">Ka\u017cda figurka prezentuje Labubu w r\u00f3\u017cnorodnych sportowych stylizacjach \u2014 od biegowych outfit\u00f3w, przez akcesoria fitness, po nawi\u0105zania do sport\u00f3w ekstremalnych i kultury wellness. Winyl kolekcjonerski u\u017cyty do produkcji zapewnia trwa\u0142o\u015b\u0107, odporno\u015b\u0107 na przebarwienia oraz zachowanie detali. Figurki maj\u0105 wysoko\u015b\u0107 od 8 do 10 cm, dzi\u0119ki czemu doskonale prezentuj\u0105 si\u0119 na p\u00f3\u0142kach kolekcjonerskich.<\/p>\n<h2 data-start=\"837\" data-end=\"876\">Sportowa energia w estetyce POP MART<\/h2>\n<p data-start=\"878\" data-end=\"1220\">W serii <strong data-start=\"886\" data-end=\"905\">Big Into Energy<\/strong> tw\u00f3rcy postawili na dynamiczn\u0105 ekspresj\u0119 i sportow\u0105 tematyk\u0119, zachowuj\u0105c charakterystyczn\u0105 mimik\u0119 i stylistyk\u0119 Labubu. Ka\u017cdy detal outfitu i akcesori\u00f3w odzwierciedla aktualne trendy sportowe, czyni\u0105c ka\u017cd\u0105 figurk\u0119 nie tylko ozdob\u0105, ale i odzwierciedleniem kultury wellness we wsp\u00f3\u0142czesnym designie kolekcjonerskim.<\/p>\n<p data-start=\"1222\" data-end=\"1533\">Oryginalny display box zosta\u0142 zaprojektowany z my\u015bl\u0105 o estetycznej ekspozycji oraz bezpiecznym przechowywaniu figurek. Limitowany charakter dropu sprawia, \u017ce ca\u0142a seria bardzo szybko znika z rynku, a rzadkie wersje chase oraz secret osi\u0105gaj\u0105 wysok\u0105 warto\u015b\u0107 na rynku wt\u00f3rnym w\u015br\u00f3d fan\u00f3w designer toys i POP MART.<\/p>","protected":false},"excerpt":{"rendered":"<p><strong>Blindbox oznacza, \u017ce nie wiadomo jak\u0105 figurk\u0119 trafisz! Figurki s\u0105 oryginalne. Sprzeda\u017c tyczy si\u0119 ca\u0142ego display`a &#8211; 6 sztuk figurek!<\/strong><\/p>\n<h2 data-start=\"1535\" data-end=\"1625\">Display Labubu The Monsters Big Into Energy \u2013 sportowe oblicze kolekcjonerskiej klasyki<\/h2>\n<p data-start=\"1627\" data-end=\"1945\" data-is-last-node=\"\" data-is-only-node=\"\">Seria <strong data-start=\"1633\" data-end=\"1652\">Big Into Energy<\/strong> wprowadza now\u0105 energi\u0119 do \u015bwiata figurek Labubu, \u0142\u0105cz\u0105c sportow\u0105 estetyk\u0119 z charakterystycznym designem POP MART. Limitowana dost\u0119pno\u015b\u0107, staranne wykonanie i tematyczna r\u00f3\u017cnorodno\u015b\u0107 czyni\u0105 z niej atrakcyjny wyb\u00f3r dla ka\u017cdego kolekcjonera szukaj\u0105cego unikalnych edycji w \u015bwiecie designer toys.<\/p>","protected":false},"featured_media":195851,"template":"","meta":{"_acf_changed":false,"_yoast_wpseo_focuskw":"","_yoast_wpseo_title":"","_yoast_wpseo_metadesc":""},"pwb-brand":[1110,1195],"product_brand":[],"product_cat":[23,1107,975],"product_tag":[1008,1009],"class_list":{"0":"post-195855","1":"product","2":"type-product","3":"status-publish","4":"has-post-thumbnail","6":"pwb-brand-labubu","7":"pwb-brand-popmart","8":"product_cat-akcesoria","9":"product_cat-figurki-labubu","10":"product_cat-wszystkie-akcesoria","11":"product_tag-kobieta","12":"product_tag-mezczyzna","13":"pa_rozmiar-ubrania-one-size-2","15":"first","16":"onbackorder","17":"sale","18":"taxable","19":"shipping-taxable","20":"purchasable","21":"product-type-variable"},"acf":[],"yoast_head":"<!-- This site is optimized with the Yoast SEO plugin v27.4 - https:\/\/yoast.com\/product\/yoast-seo-wordpress\/ -->\n<title>Display Labubu The Monsters Big Into Energy Series (6 Blind Boxes) - SHEZAMME<\/title>\n<meta name=\"description\" content=\"Display Labubu The Monsters Big Into Energy Series (6 Blind Boxes) | Luksusowe i autentyczne przedmioty w jednym miejscu. B\u0105d\u017a na bie\u017c\u0105co i sprawd\u017a nasz\u0105 ofert\u0119 ju\u017c teraz\" \/>\n<meta name=\"robots\" content=\"index, follow, max-snippet:-1, max-image-preview:large, max-video-preview:-1\" \/>\n<link rel=\"canonical\" href=\"https:\/\/shezamme.com\/en\/sklep\/accesories\/all-accesories\/display-labubu-the-monsters-big-into-energy-series-6-blind-boxes\/\" \/>\n<meta property=\"og:locale\" content=\"en_US\" \/>\n<meta property=\"og:type\" content=\"article\" \/>\n<meta property=\"og:title\" content=\"Display Labubu The Monsters Big Into Energy Series (6 Blind Boxes) - SHEZAMME\" \/>\n<meta property=\"og:description\" content=\"Display Labubu The Monsters Big Into Energy Series (6 Blind Boxes) | Luksusowe i autentyczne przedmioty w jednym miejscu. B\u0105d\u017a na bie\u017c\u0105co i sprawd\u017a nasz\u0105 ofert\u0119 ju\u017c teraz\" \/>\n<meta property=\"og:url\" content=\"https:\/\/shezamme.com\/en\/sklep\/accesories\/all-accesories\/display-labubu-the-monsters-big-into-energy-series-6-blind-boxes\/\" \/>\n<meta property=\"og:site_name\" content=\"SHEZAMME - Yeezy, Jordan, Supreme i inne oryginalne rzeczy\" \/>\n<meta property=\"article:publisher\" content=\"https:\/\/www.facebook.com\/SHEZAMME\/\" \/>\n<meta property=\"article:modified_time\" content=\"2025-11-03T15:34:44+00:00\" \/>\n<meta property=\"og:image\" content=\"https:\/\/shezamme.com\/wp-content\/uploads\/2025\/06\/labubu-big-into-energy.webp\" \/>\n\t<meta property=\"og:image:width\" content=\"2048\" \/>\n\t<meta property=\"og:image:height\" content=\"2048\" \/>\n\t<meta property=\"og:image:type\" content=\"image\/webp\" \/>\n<meta name=\"twitter:card\" content=\"summary_large_image\" \/>\n<meta name=\"twitter:site\" content=\"@SHEZAMME\" \/>\n<meta name=\"twitter:label1\" content=\"Est. reading time\" \/>\n\t<meta name=\"twitter:data1\" content=\"1 minute\" \/>\n<script type=\"application\/ld+json\" class=\"yoast-schema-graph\">{\"@context\":\"https:\\\/\\\/schema.org\",\"@graph\":[{\"@type\":\"WebPage\",\"@id\":\"https:\\\/\\\/shezamme.com\\\/sklep\\\/akcesoria\\\/wszystkie-akcesoria\\\/display-labubu-the-monsters-big-into-energy-series-6-blind-boxes\\\/\",\"url\":\"https:\\\/\\\/shezamme.com\\\/sklep\\\/akcesoria\\\/wszystkie-akcesoria\\\/display-labubu-the-monsters-big-into-energy-series-6-blind-boxes\\\/\",\"name\":\"Display Labubu The Monsters Big Into Energy Series (6 Blind Boxes) - SHEZAMME\",\"isPartOf\":{\"@id\":\"https:\\\/\\\/shezamme.com\\\/#website\"},\"primaryImageOfPage\":{\"@id\":\"https:\\\/\\\/shezamme.com\\\/sklep\\\/akcesoria\\\/wszystkie-akcesoria\\\/display-labubu-the-monsters-big-into-energy-series-6-blind-boxes\\\/#primaryimage\"},\"image\":{\"@id\":\"https:\\\/\\\/shezamme.com\\\/sklep\\\/akcesoria\\\/wszystkie-akcesoria\\\/display-labubu-the-monsters-big-into-energy-series-6-blind-boxes\\\/#primaryimage\"},\"thumbnailUrl\":\"https:\\\/\\\/shezamme.com\\\/wp-content\\\/uploads\\\/2025\\\/06\\\/labubu-big-into-energy.webp\",\"datePublished\":\"2025-06-11T08:00:24+00:00\",\"dateModified\":\"2025-11-03T15:34:44+00:00\",\"description\":\"Display Labubu The Monsters Big Into Energy Series (6 Blind Boxes) | Luksusowe i autentyczne przedmioty w jednym miejscu. B\u0105d\u017a na bie\u017c\u0105co i sprawd\u017a nasz\u0105 ofert\u0119 ju\u017c teraz\",\"breadcrumb\":{\"@id\":\"https:\\\/\\\/shezamme.com\\\/sklep\\\/akcesoria\\\/wszystkie-akcesoria\\\/display-labubu-the-monsters-big-into-energy-series-6-blind-boxes\\\/#breadcrumb\"},\"inLanguage\":\"en-US\",\"potentialAction\":[{\"@type\":\"ReadAction\",\"target\":[\"https:\\\/\\\/shezamme.com\\\/sklep\\\/akcesoria\\\/wszystkie-akcesoria\\\/display-labubu-the-monsters-big-into-energy-series-6-blind-boxes\\\/\"]}]},{\"@type\":\"ImageObject\",\"inLanguage\":\"en-US\",\"@id\":\"https:\\\/\\\/shezamme.com\\\/sklep\\\/akcesoria\\\/wszystkie-akcesoria\\\/display-labubu-the-monsters-big-into-energy-series-6-blind-boxes\\\/#primaryimage\",\"url\":\"https:\\\/\\\/shezamme.com\\\/wp-content\\\/uploads\\\/2025\\\/06\\\/labubu-big-into-energy.webp\",\"contentUrl\":\"https:\\\/\\\/shezamme.com\\\/wp-content\\\/uploads\\\/2025\\\/06\\\/labubu-big-into-energy.webp\",\"width\":2048,\"height\":2048},{\"@type\":\"BreadcrumbList\",\"@id\":\"https:\\\/\\\/shezamme.com\\\/sklep\\\/akcesoria\\\/wszystkie-akcesoria\\\/display-labubu-the-monsters-big-into-energy-series-6-blind-boxes\\\/#breadcrumb\",\"itemListElement\":[{\"@type\":\"ListItem\",\"position\":1,\"name\":\"Strona g\u0142\u00f3wna\",\"item\":\"https:\\\/\\\/shezamme.com\\\/\"},{\"@type\":\"ListItem\",\"position\":2,\"name\":\"Sklep\",\"item\":\"https:\\\/\\\/shezamme.com\\\/en\\\/sklep\\\/\"},{\"@type\":\"ListItem\",\"position\":3,\"name\":\"Display Labubu The Monsters Big Into Energy Series (6 Blind Boxes)\"}]},{\"@type\":\"WebSite\",\"@id\":\"https:\\\/\\\/shezamme.com\\\/#website\",\"url\":\"https:\\\/\\\/shezamme.com\\\/\",\"name\":\"SHEZAMME - Sneakersy, Streetwear i luksusowe marki\",\"description\":\"Oryginalne i ekskluzywne przedmioty w jednym miejscu. Sprawd\u017a nasze produkty ju\u017c teraz i b\u0105d\u017a na bie\u017c\u0105co z wszystkimi premierami.\",\"publisher\":{\"@id\":\"https:\\\/\\\/shezamme.com\\\/#organization\"},\"potentialAction\":[{\"@type\":\"SearchAction\",\"target\":{\"@type\":\"EntryPoint\",\"urlTemplate\":\"https:\\\/\\\/shezamme.com\\\/?s={search_term_string}\"},\"query-input\":{\"@type\":\"PropertyValueSpecification\",\"valueRequired\":true,\"valueName\":\"search_term_string\"}}],\"inLanguage\":\"en-US\"},{\"@type\":\"Organization\",\"@id\":\"https:\\\/\\\/shezamme.com\\\/#organization\",\"name\":\"SHEZAMME - Sneakersy, Streetwear i luksusowe marki\",\"url\":\"https:\\\/\\\/shezamme.com\\\/\",\"logo\":{\"@type\":\"ImageObject\",\"inLanguage\":\"en-US\",\"@id\":\"https:\\\/\\\/shezamme.com\\\/#\\\/schema\\\/logo\\\/image\\\/\",\"url\":\"https:\\\/\\\/shezamme.com\\\/wp-content\\\/uploads\\\/2023\\\/02\\\/0x0.png\",\"contentUrl\":\"https:\\\/\\\/shezamme.com\\\/wp-content\\\/uploads\\\/2023\\\/02\\\/0x0.png\",\"width\":2000,\"height\":2000,\"caption\":\"SHEZAMME - Sneakersy, Streetwear i luksusowe marki\"},\"image\":{\"@id\":\"https:\\\/\\\/shezamme.com\\\/#\\\/schema\\\/logo\\\/image\\\/\"},\"sameAs\":[\"https:\\\/\\\/www.facebook.com\\\/SHEZAMME\\\/\",\"https:\\\/\\\/x.com\\\/SHEZAMME\",\"https:\\\/\\\/www.instagram.com\\\/shezamme\\\/\",\"https:\\\/\\\/www.youtube.com\\\/channel\\\/UCsTJxi_9fODHdO_1bmJbqvQ\",\"https:\\\/\\\/www.tiktok.com\\\/shezamme.com\"]}]}<\/script>\n<!-- \/ Yoast SEO plugin. -->","yoast_head_json":{"title":"Display Labubu The Monsters Big Into Energy Series (6 Blind Boxes) - SHEZAMME","description":"Display Labubu The Monsters Big Into Energy Series (6 Blind Boxes) | Luksusowe i autentyczne przedmioty w jednym miejscu. B\u0105d\u017a na bie\u017c\u0105co i sprawd\u017a nasz\u0105 ofert\u0119 ju\u017c teraz","robots":{"index":"index","follow":"follow","max-snippet":"max-snippet:-1","max-image-preview":"max-image-preview:large","max-video-preview":"max-video-preview:-1"},"canonical":"https:\/\/shezamme.com\/en\/sklep\/accesories\/all-accesories\/display-labubu-the-monsters-big-into-energy-series-6-blind-boxes\/","og_locale":"en_US","og_type":"article","og_title":"Display Labubu The Monsters Big Into Energy Series (6 Blind Boxes) - SHEZAMME","og_description":"Display Labubu The Monsters Big Into Energy Series (6 Blind Boxes) | Luksusowe i autentyczne przedmioty w jednym miejscu. B\u0105d\u017a na bie\u017c\u0105co i sprawd\u017a nasz\u0105 ofert\u0119 ju\u017c teraz","og_url":"https:\/\/shezamme.com\/en\/sklep\/accesories\/all-accesories\/display-labubu-the-monsters-big-into-energy-series-6-blind-boxes\/","og_site_name":"SHEZAMME - Yeezy, Jordan, Supreme i inne oryginalne rzeczy","article_publisher":"https:\/\/www.facebook.com\/SHEZAMME\/","article_modified_time":"2025-11-03T15:34:44+00:00","og_image":[{"width":2048,"height":2048,"url":"https:\/\/shezamme.com\/wp-content\/uploads\/2025\/06\/labubu-big-into-energy.webp","type":"image\/webp"}],"twitter_card":"summary_large_image","twitter_site":"@SHEZAMME","twitter_misc":{"Est. reading time":"1 minute"},"schema":{"@context":"https:\/\/schema.org","@graph":[{"@type":"WebPage","@id":"https:\/\/shezamme.com\/sklep\/akcesoria\/wszystkie-akcesoria\/display-labubu-the-monsters-big-into-energy-series-6-blind-boxes\/","url":"https:\/\/shezamme.com\/sklep\/akcesoria\/wszystkie-akcesoria\/display-labubu-the-monsters-big-into-energy-series-6-blind-boxes\/","name":"Display Labubu The Monsters Big Into Energy Series (6 Blind Boxes) - SHEZAMME","isPartOf":{"@id":"https:\/\/shezamme.com\/#website"},"primaryImageOfPage":{"@id":"https:\/\/shezamme.com\/sklep\/akcesoria\/wszystkie-akcesoria\/display-labubu-the-monsters-big-into-energy-series-6-blind-boxes\/#primaryimage"},"image":{"@id":"https:\/\/shezamme.com\/sklep\/akcesoria\/wszystkie-akcesoria\/display-labubu-the-monsters-big-into-energy-series-6-blind-boxes\/#primaryimage"},"thumbnailUrl":"https:\/\/shezamme.com\/wp-content\/uploads\/2025\/06\/labubu-big-into-energy.webp","datePublished":"2025-06-11T08:00:24+00:00","dateModified":"2025-11-03T15:34:44+00:00","description":"Display Labubu The Monsters Big Into Energy Series (6 Blind Boxes) | Luksusowe i autentyczne przedmioty w jednym miejscu. B\u0105d\u017a na bie\u017c\u0105co i sprawd\u017a nasz\u0105 ofert\u0119 ju\u017c teraz","breadcrumb":{"@id":"https:\/\/shezamme.com\/sklep\/akcesoria\/wszystkie-akcesoria\/display-labubu-the-monsters-big-into-energy-series-6-blind-boxes\/#breadcrumb"},"inLanguage":"en-US","potentialAction":[{"@type":"ReadAction","target":["https:\/\/shezamme.com\/sklep\/akcesoria\/wszystkie-akcesoria\/display-labubu-the-monsters-big-into-energy-series-6-blind-boxes\/"]}]},{"@type":"ImageObject","inLanguage":"en-US","@id":"https:\/\/shezamme.com\/sklep\/akcesoria\/wszystkie-akcesoria\/display-labubu-the-monsters-big-into-energy-series-6-blind-boxes\/#primaryimage","url":"https:\/\/shezamme.com\/wp-content\/uploads\/2025\/06\/labubu-big-into-energy.webp","contentUrl":"https:\/\/shezamme.com\/wp-content\/uploads\/2025\/06\/labubu-big-into-energy.webp","width":2048,"height":2048},{"@type":"BreadcrumbList","@id":"https:\/\/shezamme.com\/sklep\/akcesoria\/wszystkie-akcesoria\/display-labubu-the-monsters-big-into-energy-series-6-blind-boxes\/#breadcrumb","itemListElement":[{"@type":"ListItem","position":1,"name":"Strona g\u0142\u00f3wna","item":"https:\/\/shezamme.com\/"},{"@type":"ListItem","position":2,"name":"Sklep","item":"https:\/\/shezamme.com\/en\/sklep\/"},{"@type":"ListItem","position":3,"name":"Display Labubu The Monsters Big Into Energy Series (6 Blind Boxes)"}]},{"@type":"WebSite","@id":"https:\/\/shezamme.com\/#website","url":"https:\/\/shezamme.com\/","name":"SHEZAMME - Sneakers, Streetwear and luxury brands","description":"Original and exclusive items in one place. Check out our products now and stay up to date with all launches.","publisher":{"@id":"https:\/\/shezamme.com\/#organization"},"potentialAction":[{"@type":"SearchAction","target":{"@type":"EntryPoint","urlTemplate":"https:\/\/shezamme.com\/?s={search_term_string}"},"query-input":{"@type":"PropertyValueSpecification","valueRequired":true,"valueName":"search_term_string"}}],"inLanguage":"en-US"},{"@type":"Organization","@id":"https:\/\/shezamme.com\/#organization","name":"SHEZAMME - Sneakers, Streetwear and luxury brands","url":"https:\/\/shezamme.com\/","logo":{"@type":"ImageObject","inLanguage":"en-US","@id":"https:\/\/shezamme.com\/#\/schema\/logo\/image\/","url":"https:\/\/shezamme.com\/wp-content\/uploads\/2023\/02\/0x0.png","contentUrl":"https:\/\/shezamme.com\/wp-content\/uploads\/2023\/02\/0x0.png","width":2000,"height":2000,"caption":"SHEZAMME - Sneakersy, Streetwear i luksusowe marki"},"image":{"@id":"https:\/\/shezamme.com\/#\/schema\/logo\/image\/"},"sameAs":["https:\/\/www.facebook.com\/SHEZAMME\/","https:\/\/x.com\/SHEZAMME","https:\/\/www.instagram.com\/shezamme\/","https:\/\/www.youtube.com\/channel\/UCsTJxi_9fODHdO_1bmJbqvQ","https:\/\/www.tiktok.com\/shezamme.com"]}]}},"brands":[{"id":1110,"name":"Labubu","slug":"labubu"},{"id":1195,"name":"Popmart","slug":"popmart"}],"_links":{"self":[{"href":"https:\/\/shezamme.com\/en\/wp-json\/wp\/v2\/product\/195855","targetHints":{"allow":["GET"]}}],"collection":[{"href":"https:\/\/shezamme.com\/en\/wp-json\/wp\/v2\/product"}],"about":[{"href":"https:\/\/shezamme.com\/en\/wp-json\/wp\/v2\/types\/product"}],"wp:featuredmedia":[{"embeddable":true,"href":"https:\/\/shezamme.com\/en\/wp-json\/wp\/v2\/media\/195851"}],"wp:attachment":[{"href":"https:\/\/shezamme.com\/en\/wp-json\/wp\/v2\/media?parent=195855"}],"wp:term":[{"taxonomy":"pwb-brand","embeddable":true,"href":"https:\/\/shezamme.com\/en\/wp-json\/wp\/v2\/pwb-brand?post=195855"},{"taxonomy":"product_brand","embeddable":true,"href":"https:\/\/shezamme.com\/en\/wp-json\/wp\/v2\/product_brand?post=195855"},{"taxonomy":"product_cat","embeddable":true,"href":"https:\/\/shezamme.com\/en\/wp-json\/wp\/v2\/product_cat?post=195855"},{"taxonomy":"product_tag","embeddable":true,"href":"https:\/\/shezamme.com\/en\/wp-json\/wp\/v2\/product_tag?post=195855"}],"curies":[{"name":"wp","href":"https:\/\/api.w.org\/{rel}","templated":true}]}}