{"id":1958,"date":"2022-07-30T21:16:24","date_gmt":"2022-07-30T19:16:24","guid":{"rendered":"https:\/\/staging1.waw.pl\/?post_type=product&#038;p=1958"},"modified":"2025-05-19T18:36:20","modified_gmt":"2025-05-19T16:36:20","slug":"air-jordan-2-retro-low-sp-off-white-black-blue","status":"publish","type":"product","link":"https:\/\/shezamme.com\/en\/sklep\/buty\/air-jordan\/air-jordan-1-mid\/air-jordan-2-retro-low-sp-off-white-black-blue\/","title":{"rendered":"Air Jordan 2 Retro Low SP Off-White Black Blue"},"content":{"rendered":"<h2>Air Jordan 2 Retro Low SP Off-White Black Blue \u2013 sportowa klasyka w awangardowej ods\u0142onie<\/h2>\n<p>Model Air Jordan 2 Retro Low SP Off-White Black Blue to efekt wsp\u00f3\u0142pracy z Off-White, kt\u00f3ry \u0142\u0105czy sportow\u0105 tradycj\u0119 Jordana z nowoczesnym, industrialnym stylem. Kontrastowa kolorystyka czerni i niebieskich akcent\u00f3w uzupe\u0142niona bia\u0142ymi detalami nadaje butom surowy, wyrazisty wygl\u0105d.<\/p>\n<h2>Nowoczesny design z nut\u0105 vintage<\/h2>\n<p>Niska cholewka inspirowana klasycznym fasonem Jordan 2 zapewnia wygod\u0119, a &#8222;postarzona&#8221; podeszwa z efektem p\u0119kni\u0119cia oraz technologi\u0105 Air nadaje modelowi oryginalnego charakteru. Kultowe detale Off-White, w tym napisy industrialne i zip-tie, czyni\u0105 z tego modelu mocny akcent streetwearowy, doskona\u0142y dla fan\u00f3w stylu high fashion i unikalnych kolaboracji.<\/p>","protected":false},"excerpt":{"rendered":"<h2>Air Jordan 2 Retro Low SP Off-White Black Blue \u2013 unikalne sneakersy z industrialnym twistem<\/h2>\n<p>Air Jordan 2 Retro Low SP Off-White Black Blue to \u015bmia\u0142a kolaboracja z Off-White, kt\u00f3ra \u0142\u0105czy klasyczny styl Jordana z nowoczesnym, industrialnym designem. Kontrastowa czarno-niebieska kolorystyka z bia\u0142ymi akcentami i &#8222;postarzan\u0105&#8221; podeszw\u0105 tworzy wyj\u0105tkowy efekt vintage. Niska cholewka, napisy w stylu Off-White oraz charakterystyczny zip-tie sprawiaj\u0105, \u017ce model ten doskonale uzupe\u0142nia ka\u017cd\u0105 streetwearow\u0105 stylizacj\u0119, wyr\u00f3\u017cniaj\u0105c si\u0119 jako kolekcjonerski must-have.<\/p>","protected":false},"featured_media":1986,"template":"","meta":{"_acf_changed":false,"_yoast_wpseo_focuskw":"Air Jordan 2 Retro Low SP Off-White Black Blue","_yoast_wpseo_title":"","_yoast_wpseo_metadesc":""},"pwb-brand":[749,756,755],"product_brand":[],"product_cat":[16,17,161,340,93,788,1162],"product_tag":[1008,1009],"class_list":{"0":"post-1958","1":"product","2":"type-product","3":"status-publish","4":"has-post-thumbnail","6":"pwb-brand-air-jordan","7":"pwb-brand-nike","8":"pwb-brand-off-white","9":"product_cat-buty","10":"product_cat-air-jordan","11":"product_cat-air-jordan-1-mid","12":"product_cat-air-jordan-2","13":"product_cat-nike","14":"product_cat-nike-x-off-white","15":"product_cat-nike-air-jordan-x-off-white","16":"product_tag-kobieta","17":"product_tag-mezczyzna","19":"first","20":"instock","21":"taxable","22":"shipping-taxable","23":"purchasable","24":"product-type-variable","25":"has-default-attributes"},"acf":[],"yoast_head":"<!-- This site is optimized with the Yoast SEO plugin v27.3 - https:\/\/yoast.com\/product\/yoast-seo-wordpress\/ -->\n<title>Air Jordan 2 Retro Low SP Off-White Black Blue - SHEZAMME<\/title>\n<meta name=\"description\" content=\"Air Jordan 2 Retro Low SP Off-White Black Blue | Luksusowe i autentyczne przedmioty w jednym miejscu. B\u0105d\u017a na bie\u017c\u0105co i sprawd\u017a nasz\u0105 ofert\u0119 ju\u017c teraz\" \/>\n<meta name=\"robots\" content=\"index, follow, max-snippet:-1, max-image-preview:large, max-video-preview:-1\" \/>\n<link rel=\"canonical\" href=\"https:\/\/shezamme.com\/en\/sklep\/sneakers-2\/air-jordan\/air-jordan-1-mid\/air-jordan-2-retro-low-sp-off-white-black-blue\/\" \/>\n<meta property=\"og:locale\" content=\"en_US\" \/>\n<meta property=\"og:type\" content=\"article\" \/>\n<meta property=\"og:title\" content=\"Air Jordan 2 Retro Low SP Off-White Black Blue - SHEZAMME\" \/>\n<meta property=\"og:description\" content=\"Air Jordan 2 Retro Low SP Off-White Black Blue | Luksusowe i autentyczne przedmioty w jednym miejscu. B\u0105d\u017a na bie\u017c\u0105co i sprawd\u017a nasz\u0105 ofert\u0119 ju\u017c teraz\" \/>\n<meta property=\"og:url\" content=\"https:\/\/shezamme.com\/en\/sklep\/sneakers-2\/air-jordan\/air-jordan-1-mid\/air-jordan-2-retro-low-sp-off-white-black-blue\/\" \/>\n<meta property=\"og:site_name\" content=\"SHEZAMME - Yeezy, Jordan, Supreme i inne oryginalne rzeczy\" \/>\n<meta property=\"article:publisher\" content=\"https:\/\/www.facebook.com\/SHEZAMME\/\" \/>\n<meta property=\"article:modified_time\" content=\"2025-05-19T16:36:20+00:00\" \/>\n<meta property=\"og:image\" content=\"https:\/\/shezamme.com\/wp-content\/uploads\/2022\/07\/ajb3.jpg\" \/>\n\t<meta property=\"og:image:width\" content=\"1125\" \/>\n\t<meta property=\"og:image:height\" content=\"1147\" \/>\n\t<meta property=\"og:image:type\" content=\"image\/jpeg\" \/>\n<meta name=\"twitter:card\" content=\"summary_large_image\" \/>\n<meta name=\"twitter:site\" content=\"@SHEZAMME\" \/>\n<meta name=\"twitter:label1\" content=\"Est. reading time\" \/>\n\t<meta name=\"twitter:data1\" content=\"1 minute\" \/>\n<script type=\"application\/ld+json\" class=\"yoast-schema-graph\">{\"@context\":\"https:\\\/\\\/schema.org\",\"@graph\":[{\"@type\":\"WebPage\",\"@id\":\"https:\\\/\\\/shezamme.com\\\/sklep\\\/buty\\\/air-jordan\\\/air-jordan-1-mid\\\/air-jordan-2-retro-low-sp-off-white-black-blue\\\/\",\"url\":\"https:\\\/\\\/shezamme.com\\\/sklep\\\/buty\\\/air-jordan\\\/air-jordan-1-mid\\\/air-jordan-2-retro-low-sp-off-white-black-blue\\\/\",\"name\":\"Air Jordan 2 Retro Low SP Off-White Black Blue - SHEZAMME\",\"isPartOf\":{\"@id\":\"https:\\\/\\\/shezamme.com\\\/#website\"},\"primaryImageOfPage\":{\"@id\":\"https:\\\/\\\/shezamme.com\\\/sklep\\\/buty\\\/air-jordan\\\/air-jordan-1-mid\\\/air-jordan-2-retro-low-sp-off-white-black-blue\\\/#primaryimage\"},\"image\":{\"@id\":\"https:\\\/\\\/shezamme.com\\\/sklep\\\/buty\\\/air-jordan\\\/air-jordan-1-mid\\\/air-jordan-2-retro-low-sp-off-white-black-blue\\\/#primaryimage\"},\"thumbnailUrl\":\"https:\\\/\\\/shezamme.com\\\/wp-content\\\/uploads\\\/2022\\\/07\\\/ajb3.jpg\",\"datePublished\":\"2022-07-30T19:16:24+00:00\",\"dateModified\":\"2025-05-19T16:36:20+00:00\",\"description\":\"Air Jordan 2 Retro Low SP Off-White Black Blue | Luksusowe i autentyczne przedmioty w jednym miejscu. B\u0105d\u017a na bie\u017c\u0105co i sprawd\u017a nasz\u0105 ofert\u0119 ju\u017c teraz\",\"breadcrumb\":{\"@id\":\"https:\\\/\\\/shezamme.com\\\/sklep\\\/buty\\\/air-jordan\\\/air-jordan-1-mid\\\/air-jordan-2-retro-low-sp-off-white-black-blue\\\/#breadcrumb\"},\"inLanguage\":\"en-US\",\"potentialAction\":[{\"@type\":\"ReadAction\",\"target\":[\"https:\\\/\\\/shezamme.com\\\/sklep\\\/buty\\\/air-jordan\\\/air-jordan-1-mid\\\/air-jordan-2-retro-low-sp-off-white-black-blue\\\/\"]}]},{\"@type\":\"ImageObject\",\"inLanguage\":\"en-US\",\"@id\":\"https:\\\/\\\/shezamme.com\\\/sklep\\\/buty\\\/air-jordan\\\/air-jordan-1-mid\\\/air-jordan-2-retro-low-sp-off-white-black-blue\\\/#primaryimage\",\"url\":\"https:\\\/\\\/shezamme.com\\\/wp-content\\\/uploads\\\/2022\\\/07\\\/ajb3.jpg\",\"contentUrl\":\"https:\\\/\\\/shezamme.com\\\/wp-content\\\/uploads\\\/2022\\\/07\\\/ajb3.jpg\",\"width\":1125,\"height\":1147,\"caption\":\"Air Jordan 2 Retro Low SP Off-White Black Blue\"},{\"@type\":\"BreadcrumbList\",\"@id\":\"https:\\\/\\\/shezamme.com\\\/sklep\\\/buty\\\/air-jordan\\\/air-jordan-1-mid\\\/air-jordan-2-retro-low-sp-off-white-black-blue\\\/#breadcrumb\",\"itemListElement\":[{\"@type\":\"ListItem\",\"position\":1,\"name\":\"Strona g\u0142\u00f3wna\",\"item\":\"https:\\\/\\\/shezamme.com\\\/\"},{\"@type\":\"ListItem\",\"position\":2,\"name\":\"Sklep\",\"item\":\"https:\\\/\\\/shezamme.com\\\/en\\\/sklep\\\/\"},{\"@type\":\"ListItem\",\"position\":3,\"name\":\"Air Jordan 2 Retro Low SP Off-White Black Blue\"}]},{\"@type\":\"WebSite\",\"@id\":\"https:\\\/\\\/shezamme.com\\\/#website\",\"url\":\"https:\\\/\\\/shezamme.com\\\/\",\"name\":\"SHEZAMME - Sneakersy, Streetwear i luksusowe marki\",\"description\":\"Oryginalne i ekskluzywne przedmioty w jednym miejscu. Sprawd\u017a nasze produkty ju\u017c teraz i b\u0105d\u017a na bie\u017c\u0105co z wszystkimi premierami.\",\"publisher\":{\"@id\":\"https:\\\/\\\/shezamme.com\\\/#organization\"},\"potentialAction\":[{\"@type\":\"SearchAction\",\"target\":{\"@type\":\"EntryPoint\",\"urlTemplate\":\"https:\\\/\\\/shezamme.com\\\/?s={search_term_string}\"},\"query-input\":{\"@type\":\"PropertyValueSpecification\",\"valueRequired\":true,\"valueName\":\"search_term_string\"}}],\"inLanguage\":\"en-US\"},{\"@type\":\"Organization\",\"@id\":\"https:\\\/\\\/shezamme.com\\\/#organization\",\"name\":\"SHEZAMME - Sneakersy, Streetwear i luksusowe marki\",\"url\":\"https:\\\/\\\/shezamme.com\\\/\",\"logo\":{\"@type\":\"ImageObject\",\"inLanguage\":\"en-US\",\"@id\":\"https:\\\/\\\/shezamme.com\\\/#\\\/schema\\\/logo\\\/image\\\/\",\"url\":\"https:\\\/\\\/shezamme.com\\\/wp-content\\\/uploads\\\/2023\\\/02\\\/0x0.png\",\"contentUrl\":\"https:\\\/\\\/shezamme.com\\\/wp-content\\\/uploads\\\/2023\\\/02\\\/0x0.png\",\"width\":2000,\"height\":2000,\"caption\":\"SHEZAMME - Sneakersy, Streetwear i luksusowe marki\"},\"image\":{\"@id\":\"https:\\\/\\\/shezamme.com\\\/#\\\/schema\\\/logo\\\/image\\\/\"},\"sameAs\":[\"https:\\\/\\\/www.facebook.com\\\/SHEZAMME\\\/\",\"https:\\\/\\\/x.com\\\/SHEZAMME\",\"https:\\\/\\\/www.instagram.com\\\/shezamme\\\/\",\"https:\\\/\\\/www.youtube.com\\\/channel\\\/UCsTJxi_9fODHdO_1bmJbqvQ\",\"https:\\\/\\\/www.tiktok.com\\\/shezamme.com\"]}]}<\/script>\n<!-- \/ Yoast SEO plugin. -->","yoast_head_json":{"title":"Air Jordan 2 Retro Low SP Off-White Black Blue - SHEZAMME","description":"Air Jordan 2 Retro Low SP Off-White Black Blue | Luksusowe i autentyczne przedmioty w jednym miejscu. B\u0105d\u017a na bie\u017c\u0105co i sprawd\u017a nasz\u0105 ofert\u0119 ju\u017c teraz","robots":{"index":"index","follow":"follow","max-snippet":"max-snippet:-1","max-image-preview":"max-image-preview:large","max-video-preview":"max-video-preview:-1"},"canonical":"https:\/\/shezamme.com\/en\/sklep\/sneakers-2\/air-jordan\/air-jordan-1-mid\/air-jordan-2-retro-low-sp-off-white-black-blue\/","og_locale":"en_US","og_type":"article","og_title":"Air Jordan 2 Retro Low SP Off-White Black Blue - SHEZAMME","og_description":"Air Jordan 2 Retro Low SP Off-White Black Blue | Luksusowe i autentyczne przedmioty w jednym miejscu. B\u0105d\u017a na bie\u017c\u0105co i sprawd\u017a nasz\u0105 ofert\u0119 ju\u017c teraz","og_url":"https:\/\/shezamme.com\/en\/sklep\/sneakers-2\/air-jordan\/air-jordan-1-mid\/air-jordan-2-retro-low-sp-off-white-black-blue\/","og_site_name":"SHEZAMME - Yeezy, Jordan, Supreme i inne oryginalne rzeczy","article_publisher":"https:\/\/www.facebook.com\/SHEZAMME\/","article_modified_time":"2025-05-19T16:36:20+00:00","og_image":[{"width":1125,"height":1147,"url":"https:\/\/shezamme.com\/wp-content\/uploads\/2022\/07\/ajb3.jpg","type":"image\/jpeg"}],"twitter_card":"summary_large_image","twitter_site":"@SHEZAMME","twitter_misc":{"Est. reading time":"1 minute"},"schema":{"@context":"https:\/\/schema.org","@graph":[{"@type":"WebPage","@id":"https:\/\/shezamme.com\/sklep\/buty\/air-jordan\/air-jordan-1-mid\/air-jordan-2-retro-low-sp-off-white-black-blue\/","url":"https:\/\/shezamme.com\/sklep\/buty\/air-jordan\/air-jordan-1-mid\/air-jordan-2-retro-low-sp-off-white-black-blue\/","name":"Air Jordan 2 Retro Low SP Off-White Black Blue - SHEZAMME","isPartOf":{"@id":"https:\/\/shezamme.com\/#website"},"primaryImageOfPage":{"@id":"https:\/\/shezamme.com\/sklep\/buty\/air-jordan\/air-jordan-1-mid\/air-jordan-2-retro-low-sp-off-white-black-blue\/#primaryimage"},"image":{"@id":"https:\/\/shezamme.com\/sklep\/buty\/air-jordan\/air-jordan-1-mid\/air-jordan-2-retro-low-sp-off-white-black-blue\/#primaryimage"},"thumbnailUrl":"https:\/\/shezamme.com\/wp-content\/uploads\/2022\/07\/ajb3.jpg","datePublished":"2022-07-30T19:16:24+00:00","dateModified":"2025-05-19T16:36:20+00:00","description":"Air Jordan 2 Retro Low SP Off-White Black Blue | Luksusowe i autentyczne przedmioty w jednym miejscu. B\u0105d\u017a na bie\u017c\u0105co i sprawd\u017a nasz\u0105 ofert\u0119 ju\u017c teraz","breadcrumb":{"@id":"https:\/\/shezamme.com\/sklep\/buty\/air-jordan\/air-jordan-1-mid\/air-jordan-2-retro-low-sp-off-white-black-blue\/#breadcrumb"},"inLanguage":"en-US","potentialAction":[{"@type":"ReadAction","target":["https:\/\/shezamme.com\/sklep\/buty\/air-jordan\/air-jordan-1-mid\/air-jordan-2-retro-low-sp-off-white-black-blue\/"]}]},{"@type":"ImageObject","inLanguage":"en-US","@id":"https:\/\/shezamme.com\/sklep\/buty\/air-jordan\/air-jordan-1-mid\/air-jordan-2-retro-low-sp-off-white-black-blue\/#primaryimage","url":"https:\/\/shezamme.com\/wp-content\/uploads\/2022\/07\/ajb3.jpg","contentUrl":"https:\/\/shezamme.com\/wp-content\/uploads\/2022\/07\/ajb3.jpg","width":1125,"height":1147,"caption":"Air Jordan 2 Retro Low SP Off-White Black Blue"},{"@type":"BreadcrumbList","@id":"https:\/\/shezamme.com\/sklep\/buty\/air-jordan\/air-jordan-1-mid\/air-jordan-2-retro-low-sp-off-white-black-blue\/#breadcrumb","itemListElement":[{"@type":"ListItem","position":1,"name":"Strona g\u0142\u00f3wna","item":"https:\/\/shezamme.com\/"},{"@type":"ListItem","position":2,"name":"Sklep","item":"https:\/\/shezamme.com\/en\/sklep\/"},{"@type":"ListItem","position":3,"name":"Air Jordan 2 Retro Low SP Off-White Black Blue"}]},{"@type":"WebSite","@id":"https:\/\/shezamme.com\/#website","url":"https:\/\/shezamme.com\/","name":"SHEZAMME - Sneakers, Streetwear and luxury brands","description":"Original and exclusive items in one place. Check out our products now and stay up to date with all launches.","publisher":{"@id":"https:\/\/shezamme.com\/#organization"},"potentialAction":[{"@type":"SearchAction","target":{"@type":"EntryPoint","urlTemplate":"https:\/\/shezamme.com\/?s={search_term_string}"},"query-input":{"@type":"PropertyValueSpecification","valueRequired":true,"valueName":"search_term_string"}}],"inLanguage":"en-US"},{"@type":"Organization","@id":"https:\/\/shezamme.com\/#organization","name":"SHEZAMME - Sneakers, Streetwear and luxury brands","url":"https:\/\/shezamme.com\/","logo":{"@type":"ImageObject","inLanguage":"en-US","@id":"https:\/\/shezamme.com\/#\/schema\/logo\/image\/","url":"https:\/\/shezamme.com\/wp-content\/uploads\/2023\/02\/0x0.png","contentUrl":"https:\/\/shezamme.com\/wp-content\/uploads\/2023\/02\/0x0.png","width":2000,"height":2000,"caption":"SHEZAMME - Sneakersy, Streetwear i luksusowe marki"},"image":{"@id":"https:\/\/shezamme.com\/#\/schema\/logo\/image\/"},"sameAs":["https:\/\/www.facebook.com\/SHEZAMME\/","https:\/\/x.com\/SHEZAMME","https:\/\/www.instagram.com\/shezamme\/","https:\/\/www.youtube.com\/channel\/UCsTJxi_9fODHdO_1bmJbqvQ","https:\/\/www.tiktok.com\/shezamme.com"]}]}},"brands":[{"id":749,"name":"Jordan","slug":"air-jordan"},{"id":756,"name":"Nike","slug":"nike"},{"id":755,"name":"OFF-WHITE","slug":"off-white"}],"_links":{"self":[{"href":"https:\/\/shezamme.com\/en\/wp-json\/wp\/v2\/product\/1958","targetHints":{"allow":["GET"]}}],"collection":[{"href":"https:\/\/shezamme.com\/en\/wp-json\/wp\/v2\/product"}],"about":[{"href":"https:\/\/shezamme.com\/en\/wp-json\/wp\/v2\/types\/product"}],"wp:featuredmedia":[{"embeddable":true,"href":"https:\/\/shezamme.com\/en\/wp-json\/wp\/v2\/media\/1986"}],"wp:attachment":[{"href":"https:\/\/shezamme.com\/en\/wp-json\/wp\/v2\/media?parent=1958"}],"wp:term":[{"taxonomy":"pwb-brand","embeddable":true,"href":"https:\/\/shezamme.com\/en\/wp-json\/wp\/v2\/pwb-brand?post=1958"},{"taxonomy":"product_brand","embeddable":true,"href":"https:\/\/shezamme.com\/en\/wp-json\/wp\/v2\/product_brand?post=1958"},{"taxonomy":"product_cat","embeddable":true,"href":"https:\/\/shezamme.com\/en\/wp-json\/wp\/v2\/product_cat?post=1958"},{"taxonomy":"product_tag","embeddable":true,"href":"https:\/\/shezamme.com\/en\/wp-json\/wp\/v2\/product_tag?post=1958"}],"curies":[{"name":"wp","href":"https:\/\/api.w.org\/{rel}","templated":true}]}}