{"id":194270,"date":"2025-06-06T18:02:49","date_gmt":"2025-06-06T16:02:49","guid":{"rendered":"https:\/\/shezamme.com\/?post_type=product&#038;p=194270"},"modified":"2025-06-06T18:02:50","modified_gmt":"2025-06-06T16:02:50","slug":"asics-gel-nyc-cream-rose-water","status":"publish","type":"product","link":"https:\/\/shezamme.com\/en\/sklep\/buty\/inne\/buty-asics\/asics-gel-nyc-cream-rose-water\/","title":{"rendered":"ASICS Gel-NYC Cream Rose Water"},"content":{"rendered":"<h2 data-start=\"0\" data-end=\"79\">ASICS GEL-NYC &#8222;Cream Rose Water&#8221; \u2013 techniczna elegancja w pastelowej palecie<\/h2>\n<p data-start=\"139\" data-end=\"595\">ASICS GEL-NYC &#8222;Cream Rose Water&#8221; to lifestyle\u2019owy model inspirowany sylwetkami biegowymi marki z lat 2000, takimi jak GEL-NIMBUS 3 i GEL-CUMULUS. Cholewka o warstwowej konstrukcji wykonana zosta\u0142a z oddychaj\u0105cej siateczki i syntetycznych nak\u0142adek, co zapewnia lekko\u015b\u0107, przewiewno\u015b\u0107 i trwa\u0142o\u015b\u0107. Delikatna kolorystyka \u2013 kremowa baza z akcentami r\u00f3\u017cu i be\u017cu \u2013 tworzy subteln\u0105, ale wyrazist\u0105 kompozycj\u0119 wpisuj\u0105c\u0105 si\u0119 w trend retro-tech z kobiecym wyko\u0144czeniem.<\/p>\n<p data-start=\"597\" data-end=\"923\">Technologie zastosowane w modelu \u2013 amortyzacja GEL\u2122 z przodu i z ty\u0142u oraz pianka FF BLAST\u2122 w podeszwie \u015brodkowej \u2013 gwarantuj\u0105 maksymalny komfort i redukcj\u0119 wstrz\u0105s\u00f3w. Gumowa podeszwa z dynamicznym bie\u017cnikiem zapewnia przyczepno\u015b\u0107 i odporno\u015b\u0107 na \u015bcieranie, a wyjmowana, profilowana wk\u0142adka pozwala na indywidualne dopasowanie.<\/p>\n<h2 data-start=\"925\" data-end=\"966\">Styl uniseksowy z eleganckim akcentem<\/h2>\n<p data-start=\"968\" data-end=\"1375\">Model &#8222;Cream Rose Water&#8221; to sneakersy, kt\u00f3re z \u0142atwo\u015bci\u0105 wpasowuj\u0105 si\u0119 w miejskie stylizacje \u2013 zar\u00f3wno minimalistyczne, jak i bardziej swobodne, athleisure\u2019owe. Ich neutralna, ale niebanalna kolorystyka sprawia, \u017ce sprawdz\u0105 si\u0119 jako element codziennego outfitu niezale\u017cnie od pory roku. To doskona\u0142a propozycja dla os\u00f3b poszukuj\u0105cych but\u00f3w, kt\u00f3re \u0142\u0105cz\u0105 techniczn\u0105 jako\u015b\u0107 wykonania z estetyczn\u0105 subtelno\u015bci\u0105.<\/p>\n<p data-start=\"1377\" data-end=\"1489\">Uniseksowy fason i pastelowe wyko\u0144czenia nadaj\u0105 modelowi charakter uniwersalny, z wyczuwalnym, kobiecym sznytem.<\/p>","protected":false},"excerpt":{"rendered":"<article class=\"text-token-text-primary w-full\" dir=\"auto\" data-testid=\"conversation-turn-48\" data-scroll-anchor=\"true\">\n<div class=\"text-base my-auto mx-auto py-5 [--thread-content-margin:--spacing(4)] @[37rem]:[--thread-content-margin:--spacing(6)] @[72rem]:[--thread-content-margin:--spacing(16)] px-(--thread-content-margin)\">\n<div class=\"[--thread-content-max-width:32rem] @[34rem]:[--thread-content-max-width:40rem] @[64rem]:[--thread-content-max-width:48rem] mx-auto flex max-w-(--thread-content-max-width) flex-1 text-base gap-4 md:gap-5 lg:gap-6 group\/turn-messages focus-visible:outline-hidden\">\n<div class=\"group\/conversation-turn relative flex w-full min-w-0 flex-col agent-turn\">\n<div class=\"relative flex-col gap-1 md:gap-3\">\n<div class=\"flex max-w-full flex-col grow\">\n<div class=\"min-h-8 text-message relative flex w-full flex-col items-end gap-2 text-start break-words whitespace-normal [.text-message+&amp;]:mt-5\" dir=\"auto\" data-message-author-role=\"assistant\" data-message-id=\"5cd2eb44-0635-48c9-9ee9-3969c6b5ddee\" data-message-model-slug=\"gpt-4o\">\n<div class=\"flex w-full flex-col gap-1 empty:hidden first:pt-[3px]\">\n<div class=\"markdown prose dark:prose-invert w-full break-words light\">\n<h2 data-start=\"1491\" data-end=\"1564\">ASICS GEL-NYC &#8222;Cream Rose Water&#8221; \u2013 funkcjonalna lekko\u015b\u0107 z kobiec\u0105 nut\u0105<\/h2>\n<p data-start=\"1566\" data-end=\"1791\" data-is-last-node=\"\" data-is-only-node=\"\">Model &#8222;Cream Rose Water&#8221; to harmonijne po\u0142\u0105czenie sportowej technologii i stylowej formy. Idealny dla tych, kt\u00f3rzy ceni\u0105 techniczne rozwi\u0105zania w obuwiu, ale nie chc\u0105 rezygnowa\u0107 z subtelnej, estetycznej elegancji na co dzie\u0144.<\/p>\n<\/div>\n<\/div>\n<\/div>\n<\/div>\n<div class=\"flex min-h-[46px] justify-start\">\n<div class=\"touch:-me-2 touch:-ms-3.5 -ms-2.5 -me-1 flex items-center p-1 select-none -mt-1 w-full duration-[1.5s] focus-within:transition-none hover:transition-none pointer-events-none [mask-image:linear-gradient(to_right,black_33%,transparent_66%)] [mask-size:300%_100%] [mask-position:100%_0%] motion-safe:transition-[mask-position] group-hover\/turn-messages:pointer-events-auto group-hover\/turn-messages:[mask-position:0_0] group-focus-within\/turn-messages:pointer-events-auto group-focus-within\/turn-messages:[mask-position:0_0] has-data-[state=open]:pointer-events-auto has-data-[state=open]:[mask-position:0_0]\"><\/div>\n<\/div>\n<div class=\"mt-3 w-full empty:hidden\">\n<div class=\"text-center\"><\/div>\n<\/div>\n<\/div>\n<div class=\"absolute\">\n<div class=\"flex items-center justify-center\"><\/div>\n<\/div>\n<\/div>\n<\/div>\n<\/div>\n<\/article>\n<div class=\"pointer-events-none h-px w-px\" aria-hidden=\"true\" data-edge=\"true\"><\/div>\n","protected":false},"featured_media":194105,"template":"","meta":{"_acf_changed":false,"_yoast_wpseo_focuskw":"","_yoast_wpseo_title":"","_yoast_wpseo_metadesc":""},"pwb-brand":[778],"product_brand":[],"product_cat":[16,1175,171],"product_tag":[1008,1009],"class_list":{"0":"post-194270","1":"product","2":"type-product","3":"status-publish","4":"has-post-thumbnail","6":"pwb-brand-asics","7":"product_cat-buty","8":"product_cat-buty-asics","9":"product_cat-inne","10":"product_tag-kobieta","11":"product_tag-mezczyzna","13":"first","14":"onbackorder","15":"taxable","16":"shipping-taxable","17":"purchasable","18":"product-type-variable"},"acf":[],"yoast_head":"<!-- This site is optimized with the Yoast SEO plugin v27.4 - https:\/\/yoast.com\/product\/yoast-seo-wordpress\/ -->\n<title>ASICS Gel-NYC Cream Rose Water - SHEZAMME<\/title>\n<meta name=\"description\" content=\"ASICS Gel-NYC Cream Rose Water | Luksusowe i autentyczne przedmioty w jednym miejscu. B\u0105d\u017a na bie\u017c\u0105co i sprawd\u017a nasz\u0105 ofert\u0119 ju\u017c teraz\" \/>\n<meta name=\"robots\" content=\"index, follow, max-snippet:-1, max-image-preview:large, max-video-preview:-1\" \/>\n<link rel=\"canonical\" href=\"https:\/\/shezamme.com\/en\/sklep\/sneakers-2\/others\/buty-asics\/asics-gel-nyc-cream-rose-water\/\" \/>\n<meta property=\"og:locale\" content=\"en_US\" \/>\n<meta property=\"og:type\" content=\"article\" \/>\n<meta property=\"og:title\" content=\"ASICS Gel-NYC Cream Rose Water - SHEZAMME\" \/>\n<meta property=\"og:description\" content=\"ASICS Gel-NYC Cream Rose Water | Luksusowe i autentyczne przedmioty w jednym miejscu. B\u0105d\u017a na bie\u017c\u0105co i sprawd\u017a nasz\u0105 ofert\u0119 ju\u017c teraz\" \/>\n<meta property=\"og:url\" content=\"https:\/\/shezamme.com\/en\/sklep\/sneakers-2\/others\/buty-asics\/asics-gel-nyc-cream-rose-water\/\" \/>\n<meta property=\"og:site_name\" content=\"SHEZAMME - Yeezy, Jordan, Supreme i inne oryginalne rzeczy\" \/>\n<meta property=\"article:publisher\" content=\"https:\/\/www.facebook.com\/SHEZAMME\/\" \/>\n<meta property=\"article:modified_time\" content=\"2025-06-06T16:02:50+00:00\" \/>\n<meta property=\"og:image\" content=\"https:\/\/shezamme.com\/wp-content\/uploads\/2025\/06\/gel-nyc-light-pink-white-1.webp\" \/>\n\t<meta property=\"og:image:width\" content=\"1000\" \/>\n\t<meta property=\"og:image:height\" content=\"436\" \/>\n\t<meta property=\"og:image:type\" content=\"image\/webp\" \/>\n<meta name=\"twitter:card\" content=\"summary_large_image\" \/>\n<meta name=\"twitter:site\" content=\"@SHEZAMME\" \/>\n<meta name=\"twitter:label1\" content=\"Est. reading time\" \/>\n\t<meta name=\"twitter:data1\" content=\"1 minute\" \/>\n<script type=\"application\/ld+json\" class=\"yoast-schema-graph\">{\"@context\":\"https:\\\/\\\/schema.org\",\"@graph\":[{\"@type\":\"WebPage\",\"@id\":\"https:\\\/\\\/shezamme.com\\\/sklep\\\/buty\\\/inne\\\/buty-asics\\\/asics-gel-nyc-cream-rose-water\\\/\",\"url\":\"https:\\\/\\\/shezamme.com\\\/sklep\\\/buty\\\/inne\\\/buty-asics\\\/asics-gel-nyc-cream-rose-water\\\/\",\"name\":\"ASICS Gel-NYC Cream Rose Water - SHEZAMME\",\"isPartOf\":{\"@id\":\"https:\\\/\\\/shezamme.com\\\/#website\"},\"primaryImageOfPage\":{\"@id\":\"https:\\\/\\\/shezamme.com\\\/sklep\\\/buty\\\/inne\\\/buty-asics\\\/asics-gel-nyc-cream-rose-water\\\/#primaryimage\"},\"image\":{\"@id\":\"https:\\\/\\\/shezamme.com\\\/sklep\\\/buty\\\/inne\\\/buty-asics\\\/asics-gel-nyc-cream-rose-water\\\/#primaryimage\"},\"thumbnailUrl\":\"https:\\\/\\\/shezamme.com\\\/wp-content\\\/uploads\\\/2025\\\/06\\\/gel-nyc-light-pink-white-1.webp\",\"datePublished\":\"2025-06-06T16:02:49+00:00\",\"dateModified\":\"2025-06-06T16:02:50+00:00\",\"description\":\"ASICS Gel-NYC Cream Rose Water | Luksusowe i autentyczne przedmioty w jednym miejscu. B\u0105d\u017a na bie\u017c\u0105co i sprawd\u017a nasz\u0105 ofert\u0119 ju\u017c teraz\",\"breadcrumb\":{\"@id\":\"https:\\\/\\\/shezamme.com\\\/sklep\\\/buty\\\/inne\\\/buty-asics\\\/asics-gel-nyc-cream-rose-water\\\/#breadcrumb\"},\"inLanguage\":\"en-US\",\"potentialAction\":[{\"@type\":\"ReadAction\",\"target\":[\"https:\\\/\\\/shezamme.com\\\/sklep\\\/buty\\\/inne\\\/buty-asics\\\/asics-gel-nyc-cream-rose-water\\\/\"]}]},{\"@type\":\"ImageObject\",\"inLanguage\":\"en-US\",\"@id\":\"https:\\\/\\\/shezamme.com\\\/sklep\\\/buty\\\/inne\\\/buty-asics\\\/asics-gel-nyc-cream-rose-water\\\/#primaryimage\",\"url\":\"https:\\\/\\\/shezamme.com\\\/wp-content\\\/uploads\\\/2025\\\/06\\\/gel-nyc-light-pink-white-1.webp\",\"contentUrl\":\"https:\\\/\\\/shezamme.com\\\/wp-content\\\/uploads\\\/2025\\\/06\\\/gel-nyc-light-pink-white-1.webp\",\"width\":1000,\"height\":436},{\"@type\":\"BreadcrumbList\",\"@id\":\"https:\\\/\\\/shezamme.com\\\/sklep\\\/buty\\\/inne\\\/buty-asics\\\/asics-gel-nyc-cream-rose-water\\\/#breadcrumb\",\"itemListElement\":[{\"@type\":\"ListItem\",\"position\":1,\"name\":\"Strona g\u0142\u00f3wna\",\"item\":\"https:\\\/\\\/shezamme.com\\\/\"},{\"@type\":\"ListItem\",\"position\":2,\"name\":\"Sklep\",\"item\":\"https:\\\/\\\/shezamme.com\\\/en\\\/sklep\\\/\"},{\"@type\":\"ListItem\",\"position\":3,\"name\":\"ASICS Gel-NYC Cream Rose Water\"}]},{\"@type\":\"WebSite\",\"@id\":\"https:\\\/\\\/shezamme.com\\\/#website\",\"url\":\"https:\\\/\\\/shezamme.com\\\/\",\"name\":\"SHEZAMME - Sneakersy, Streetwear i luksusowe marki\",\"description\":\"Oryginalne i ekskluzywne przedmioty w jednym miejscu. Sprawd\u017a nasze produkty ju\u017c teraz i b\u0105d\u017a na bie\u017c\u0105co z wszystkimi premierami.\",\"publisher\":{\"@id\":\"https:\\\/\\\/shezamme.com\\\/#organization\"},\"potentialAction\":[{\"@type\":\"SearchAction\",\"target\":{\"@type\":\"EntryPoint\",\"urlTemplate\":\"https:\\\/\\\/shezamme.com\\\/?s={search_term_string}\"},\"query-input\":{\"@type\":\"PropertyValueSpecification\",\"valueRequired\":true,\"valueName\":\"search_term_string\"}}],\"inLanguage\":\"en-US\"},{\"@type\":\"Organization\",\"@id\":\"https:\\\/\\\/shezamme.com\\\/#organization\",\"name\":\"SHEZAMME - Sneakersy, Streetwear i luksusowe marki\",\"url\":\"https:\\\/\\\/shezamme.com\\\/\",\"logo\":{\"@type\":\"ImageObject\",\"inLanguage\":\"en-US\",\"@id\":\"https:\\\/\\\/shezamme.com\\\/#\\\/schema\\\/logo\\\/image\\\/\",\"url\":\"https:\\\/\\\/shezamme.com\\\/wp-content\\\/uploads\\\/2023\\\/02\\\/0x0.png\",\"contentUrl\":\"https:\\\/\\\/shezamme.com\\\/wp-content\\\/uploads\\\/2023\\\/02\\\/0x0.png\",\"width\":2000,\"height\":2000,\"caption\":\"SHEZAMME - Sneakersy, Streetwear i luksusowe marki\"},\"image\":{\"@id\":\"https:\\\/\\\/shezamme.com\\\/#\\\/schema\\\/logo\\\/image\\\/\"},\"sameAs\":[\"https:\\\/\\\/www.facebook.com\\\/SHEZAMME\\\/\",\"https:\\\/\\\/x.com\\\/SHEZAMME\",\"https:\\\/\\\/www.instagram.com\\\/shezamme\\\/\",\"https:\\\/\\\/www.youtube.com\\\/channel\\\/UCsTJxi_9fODHdO_1bmJbqvQ\",\"https:\\\/\\\/www.tiktok.com\\\/shezamme.com\"]}]}<\/script>\n<!-- \/ Yoast SEO plugin. -->","yoast_head_json":{"title":"ASICS Gel-NYC Cream Rose Water - SHEZAMME","description":"ASICS Gel-NYC Cream Rose Water | Luksusowe i autentyczne przedmioty w jednym miejscu. B\u0105d\u017a na bie\u017c\u0105co i sprawd\u017a nasz\u0105 ofert\u0119 ju\u017c teraz","robots":{"index":"index","follow":"follow","max-snippet":"max-snippet:-1","max-image-preview":"max-image-preview:large","max-video-preview":"max-video-preview:-1"},"canonical":"https:\/\/shezamme.com\/en\/sklep\/sneakers-2\/others\/buty-asics\/asics-gel-nyc-cream-rose-water\/","og_locale":"en_US","og_type":"article","og_title":"ASICS Gel-NYC Cream Rose Water - SHEZAMME","og_description":"ASICS Gel-NYC Cream Rose Water | Luksusowe i autentyczne przedmioty w jednym miejscu. B\u0105d\u017a na bie\u017c\u0105co i sprawd\u017a nasz\u0105 ofert\u0119 ju\u017c teraz","og_url":"https:\/\/shezamme.com\/en\/sklep\/sneakers-2\/others\/buty-asics\/asics-gel-nyc-cream-rose-water\/","og_site_name":"SHEZAMME - Yeezy, Jordan, Supreme i inne oryginalne rzeczy","article_publisher":"https:\/\/www.facebook.com\/SHEZAMME\/","article_modified_time":"2025-06-06T16:02:50+00:00","og_image":[{"width":1000,"height":436,"url":"https:\/\/shezamme.com\/wp-content\/uploads\/2025\/06\/gel-nyc-light-pink-white-1.webp","type":"image\/webp"}],"twitter_card":"summary_large_image","twitter_site":"@SHEZAMME","twitter_misc":{"Est. reading time":"1 minute"},"schema":{"@context":"https:\/\/schema.org","@graph":[{"@type":"WebPage","@id":"https:\/\/shezamme.com\/sklep\/buty\/inne\/buty-asics\/asics-gel-nyc-cream-rose-water\/","url":"https:\/\/shezamme.com\/sklep\/buty\/inne\/buty-asics\/asics-gel-nyc-cream-rose-water\/","name":"ASICS Gel-NYC Cream Rose Water - SHEZAMME","isPartOf":{"@id":"https:\/\/shezamme.com\/#website"},"primaryImageOfPage":{"@id":"https:\/\/shezamme.com\/sklep\/buty\/inne\/buty-asics\/asics-gel-nyc-cream-rose-water\/#primaryimage"},"image":{"@id":"https:\/\/shezamme.com\/sklep\/buty\/inne\/buty-asics\/asics-gel-nyc-cream-rose-water\/#primaryimage"},"thumbnailUrl":"https:\/\/shezamme.com\/wp-content\/uploads\/2025\/06\/gel-nyc-light-pink-white-1.webp","datePublished":"2025-06-06T16:02:49+00:00","dateModified":"2025-06-06T16:02:50+00:00","description":"ASICS Gel-NYC Cream Rose Water | Luksusowe i autentyczne przedmioty w jednym miejscu. B\u0105d\u017a na bie\u017c\u0105co i sprawd\u017a nasz\u0105 ofert\u0119 ju\u017c teraz","breadcrumb":{"@id":"https:\/\/shezamme.com\/sklep\/buty\/inne\/buty-asics\/asics-gel-nyc-cream-rose-water\/#breadcrumb"},"inLanguage":"en-US","potentialAction":[{"@type":"ReadAction","target":["https:\/\/shezamme.com\/sklep\/buty\/inne\/buty-asics\/asics-gel-nyc-cream-rose-water\/"]}]},{"@type":"ImageObject","inLanguage":"en-US","@id":"https:\/\/shezamme.com\/sklep\/buty\/inne\/buty-asics\/asics-gel-nyc-cream-rose-water\/#primaryimage","url":"https:\/\/shezamme.com\/wp-content\/uploads\/2025\/06\/gel-nyc-light-pink-white-1.webp","contentUrl":"https:\/\/shezamme.com\/wp-content\/uploads\/2025\/06\/gel-nyc-light-pink-white-1.webp","width":1000,"height":436},{"@type":"BreadcrumbList","@id":"https:\/\/shezamme.com\/sklep\/buty\/inne\/buty-asics\/asics-gel-nyc-cream-rose-water\/#breadcrumb","itemListElement":[{"@type":"ListItem","position":1,"name":"Strona g\u0142\u00f3wna","item":"https:\/\/shezamme.com\/"},{"@type":"ListItem","position":2,"name":"Sklep","item":"https:\/\/shezamme.com\/en\/sklep\/"},{"@type":"ListItem","position":3,"name":"ASICS Gel-NYC Cream Rose Water"}]},{"@type":"WebSite","@id":"https:\/\/shezamme.com\/#website","url":"https:\/\/shezamme.com\/","name":"SHEZAMME - Sneakers, Streetwear and luxury brands","description":"Original and exclusive items in one place. Check out our products now and stay up to date with all launches.","publisher":{"@id":"https:\/\/shezamme.com\/#organization"},"potentialAction":[{"@type":"SearchAction","target":{"@type":"EntryPoint","urlTemplate":"https:\/\/shezamme.com\/?s={search_term_string}"},"query-input":{"@type":"PropertyValueSpecification","valueRequired":true,"valueName":"search_term_string"}}],"inLanguage":"en-US"},{"@type":"Organization","@id":"https:\/\/shezamme.com\/#organization","name":"SHEZAMME - Sneakers, Streetwear and luxury brands","url":"https:\/\/shezamme.com\/","logo":{"@type":"ImageObject","inLanguage":"en-US","@id":"https:\/\/shezamme.com\/#\/schema\/logo\/image\/","url":"https:\/\/shezamme.com\/wp-content\/uploads\/2023\/02\/0x0.png","contentUrl":"https:\/\/shezamme.com\/wp-content\/uploads\/2023\/02\/0x0.png","width":2000,"height":2000,"caption":"SHEZAMME - Sneakersy, Streetwear i luksusowe marki"},"image":{"@id":"https:\/\/shezamme.com\/#\/schema\/logo\/image\/"},"sameAs":["https:\/\/www.facebook.com\/SHEZAMME\/","https:\/\/x.com\/SHEZAMME","https:\/\/www.instagram.com\/shezamme\/","https:\/\/www.youtube.com\/channel\/UCsTJxi_9fODHdO_1bmJbqvQ","https:\/\/www.tiktok.com\/shezamme.com"]}]}},"brands":[{"id":778,"name":"Asics","slug":"asics"}],"_links":{"self":[{"href":"https:\/\/shezamme.com\/en\/wp-json\/wp\/v2\/product\/194270","targetHints":{"allow":["GET"]}}],"collection":[{"href":"https:\/\/shezamme.com\/en\/wp-json\/wp\/v2\/product"}],"about":[{"href":"https:\/\/shezamme.com\/en\/wp-json\/wp\/v2\/types\/product"}],"wp:featuredmedia":[{"embeddable":true,"href":"https:\/\/shezamme.com\/en\/wp-json\/wp\/v2\/media\/194105"}],"wp:attachment":[{"href":"https:\/\/shezamme.com\/en\/wp-json\/wp\/v2\/media?parent=194270"}],"wp:term":[{"taxonomy":"pwb-brand","embeddable":true,"href":"https:\/\/shezamme.com\/en\/wp-json\/wp\/v2\/pwb-brand?post=194270"},{"taxonomy":"product_brand","embeddable":true,"href":"https:\/\/shezamme.com\/en\/wp-json\/wp\/v2\/product_brand?post=194270"},{"taxonomy":"product_cat","embeddable":true,"href":"https:\/\/shezamme.com\/en\/wp-json\/wp\/v2\/product_cat?post=194270"},{"taxonomy":"product_tag","embeddable":true,"href":"https:\/\/shezamme.com\/en\/wp-json\/wp\/v2\/product_tag?post=194270"}],"curies":[{"name":"wp","href":"https:\/\/api.w.org\/{rel}","templated":true}]}}