{"id":193487,"date":"2025-06-04T14:01:13","date_gmt":"2025-06-04T12:01:13","guid":{"rendered":"https:\/\/shezamme.com\/?post_type=product&#038;p=193487"},"modified":"2025-06-21T23:22:50","modified_gmt":"2025-06-21T21:22:50","slug":"cafe-societe-spodnie-nemo-whipped-cream","status":"publish","type":"product","link":"https:\/\/shezamme.com\/en\/sklep\/spodnie\/cafe-societe-spodnie-nemo-whipped-cream\/","title":{"rendered":"Cafe Societe Spodnie Nemo (Whipped Cream)"},"content":{"rendered":"","protected":false},"excerpt":{"rendered":"<ul>\n<li>Sportowy, elegancki kr\u00f3j damskich spodni<\/li>\n<li>przylegaj\u0105ce do cia\u0142a z rozszerzon\u0105 nogawk\u0105<\/li>\n<li>Wykonany z wysokiej jako\u015bci poliamidu<\/li>\n<li>Wykonany i zaprojektowany w \u0141odzi<\/li>\n<\/ul>","protected":false},"featured_media":193179,"template":"","meta":{"_acf_changed":false},"pwb-brand":[1101],"product_brand":[],"product_cat":[81],"product_tag":[1008,1009],"class_list":{"0":"post-193487","1":"product","2":"type-product","3":"status-publish","4":"has-post-thumbnail","6":"pwb-brand-cafe-societe","7":"product_cat-spodnie","8":"product_tag-kobieta","9":"product_tag-mezczyzna","10":"pa_rozmiar-ubrania-l","11":"pa_rozmiar-ubrania-m","12":"pa_rozmiar-ubrania-s","13":"pa_rozmiar-ubrania-xl","14":"pa_rozmiar-ubrania-xs","16":"first","17":"instock","18":"taxable","19":"shipping-taxable","20":"purchasable","21":"product-type-variable"},"acf":[],"yoast_head":"<!-- This site is optimized with the Yoast SEO plugin v27.2 - https:\/\/yoast.com\/product\/yoast-seo-wordpress\/ -->\n<title>Cafe Societe Spodnie Nemo (Whipped Cream) - SHEZAMME<\/title>\n<meta name=\"description\" content=\"Cafe Societe Spodnie Nemo (Whipped Cream) | Luksusowe i autentyczne przedmioty w jednym miejscu. B\u0105d\u017a na bie\u017c\u0105co i sprawd\u017a nasz\u0105 ofert\u0119 ju\u017c teraz\" \/>\n<meta name=\"robots\" content=\"index, follow, max-snippet:-1, max-image-preview:large, max-video-preview:-1\" \/>\n<link rel=\"canonical\" href=\"https:\/\/shezamme.com\/en\/sklep\/pants\/cafe-societe-spodnie-nemo-whipped-cream\/\" \/>\n<meta property=\"og:locale\" content=\"en_US\" \/>\n<meta property=\"og:type\" content=\"article\" \/>\n<meta property=\"og:title\" content=\"Cafe Societe Spodnie Nemo (Whipped Cream) - SHEZAMME\" \/>\n<meta property=\"og:description\" content=\"Cafe Societe Spodnie Nemo (Whipped Cream) | Luksusowe i autentyczne przedmioty w jednym miejscu. B\u0105d\u017a na bie\u017c\u0105co i sprawd\u017a nasz\u0105 ofert\u0119 ju\u017c teraz\" \/>\n<meta property=\"og:url\" content=\"https:\/\/shezamme.com\/en\/sklep\/pants\/cafe-societe-spodnie-nemo-whipped-cream\/\" \/>\n<meta property=\"og:site_name\" content=\"SHEZAMME - Yeezy, Jordan, Supreme i inne oryginalne rzeczy\" \/>\n<meta property=\"article:publisher\" content=\"https:\/\/www.facebook.com\/SHEZAMME\/\" \/>\n<meta property=\"article:modified_time\" content=\"2025-06-21T21:22:50+00:00\" \/>\n<meta property=\"og:image\" content=\"https:\/\/shezamme.com\/wp-content\/uploads\/2025\/06\/CF25P0003.png\" \/>\n\t<meta property=\"og:image:width\" content=\"533\" \/>\n\t<meta property=\"og:image:height\" content=\"800\" \/>\n\t<meta property=\"og:image:type\" content=\"image\/png\" \/>\n<meta name=\"twitter:card\" content=\"summary_large_image\" \/>\n<meta name=\"twitter:site\" content=\"@SHEZAMME\" \/>\n<script type=\"application\/ld+json\" class=\"yoast-schema-graph\">{\"@context\":\"https:\/\/schema.org\",\"@graph\":[{\"@type\":\"WebPage\",\"@id\":\"https:\/\/shezamme.com\/sklep\/spodnie\/cafe-societe-spodnie-nemo-whipped-cream\/\",\"url\":\"https:\/\/shezamme.com\/sklep\/spodnie\/cafe-societe-spodnie-nemo-whipped-cream\/\",\"name\":\"Cafe Societe Spodnie Nemo (Whipped Cream) - SHEZAMME\",\"isPartOf\":{\"@id\":\"https:\/\/shezamme.com\/#website\"},\"primaryImageOfPage\":{\"@id\":\"https:\/\/shezamme.com\/sklep\/spodnie\/cafe-societe-spodnie-nemo-whipped-cream\/#primaryimage\"},\"image\":{\"@id\":\"https:\/\/shezamme.com\/sklep\/spodnie\/cafe-societe-spodnie-nemo-whipped-cream\/#primaryimage\"},\"thumbnailUrl\":\"https:\/\/shezamme.com\/wp-content\/uploads\/2025\/06\/CF25P0003.png\",\"datePublished\":\"2025-06-04T12:01:13+00:00\",\"dateModified\":\"2025-06-21T21:22:50+00:00\",\"description\":\"Cafe Societe Spodnie Nemo (Whipped Cream) | Luksusowe i autentyczne przedmioty w jednym miejscu. B\u0105d\u017a na bie\u017c\u0105co i sprawd\u017a nasz\u0105 ofert\u0119 ju\u017c teraz\",\"breadcrumb\":{\"@id\":\"https:\/\/shezamme.com\/sklep\/spodnie\/cafe-societe-spodnie-nemo-whipped-cream\/#breadcrumb\"},\"inLanguage\":\"en-US\",\"potentialAction\":[{\"@type\":\"ReadAction\",\"target\":[\"https:\/\/shezamme.com\/sklep\/spodnie\/cafe-societe-spodnie-nemo-whipped-cream\/\"]}]},{\"@type\":\"ImageObject\",\"inLanguage\":\"en-US\",\"@id\":\"https:\/\/shezamme.com\/sklep\/spodnie\/cafe-societe-spodnie-nemo-whipped-cream\/#primaryimage\",\"url\":\"https:\/\/shezamme.com\/wp-content\/uploads\/2025\/06\/CF25P0003.png\",\"contentUrl\":\"https:\/\/shezamme.com\/wp-content\/uploads\/2025\/06\/CF25P0003.png\",\"width\":533,\"height\":800},{\"@type\":\"BreadcrumbList\",\"@id\":\"https:\/\/shezamme.com\/sklep\/spodnie\/cafe-societe-spodnie-nemo-whipped-cream\/#breadcrumb\",\"itemListElement\":[{\"@type\":\"ListItem\",\"position\":1,\"name\":\"Strona g\u0142\u00f3wna\",\"item\":\"https:\/\/shezamme.com\/\"},{\"@type\":\"ListItem\",\"position\":2,\"name\":\"Sklep\",\"item\":\"https:\/\/shezamme.com\/sklep\/\"},{\"@type\":\"ListItem\",\"position\":3,\"name\":\"Cafe Societe Spodnie Nemo (Whipped Cream)\"}]},{\"@type\":\"WebSite\",\"@id\":\"https:\/\/shezamme.com\/#website\",\"url\":\"https:\/\/shezamme.com\/\",\"name\":\"SHEZAMME - Sneakersy, Streetwear i luksusowe marki\",\"description\":\"Oryginalne i ekskluzywne przedmioty w jednym miejscu. Sprawd\u017a nasze produkty ju\u017c teraz i b\u0105d\u017a na bie\u017c\u0105co z wszystkimi premierami.\",\"publisher\":{\"@id\":\"https:\/\/shezamme.com\/#organization\"},\"potentialAction\":[{\"@type\":\"SearchAction\",\"target\":{\"@type\":\"EntryPoint\",\"urlTemplate\":\"https:\/\/shezamme.com\/?s={search_term_string}\"},\"query-input\":{\"@type\":\"PropertyValueSpecification\",\"valueRequired\":true,\"valueName\":\"search_term_string\"}}],\"inLanguage\":\"en-US\"},{\"@type\":\"Organization\",\"@id\":\"https:\/\/shezamme.com\/#organization\",\"name\":\"SHEZAMME - Sneakersy, Streetwear i luksusowe marki\",\"url\":\"https:\/\/shezamme.com\/\",\"logo\":{\"@type\":\"ImageObject\",\"inLanguage\":\"en-US\",\"@id\":\"https:\/\/shezamme.com\/#\/schema\/logo\/image\/\",\"url\":\"https:\/\/shezamme.com\/wp-content\/uploads\/2023\/02\/0x0.png\",\"contentUrl\":\"https:\/\/shezamme.com\/wp-content\/uploads\/2023\/02\/0x0.png\",\"width\":2000,\"height\":2000,\"caption\":\"SHEZAMME - Sneakersy, Streetwear i luksusowe marki\"},\"image\":{\"@id\":\"https:\/\/shezamme.com\/#\/schema\/logo\/image\/\"},\"sameAs\":[\"https:\/\/www.facebook.com\/SHEZAMME\/\",\"https:\/\/x.com\/SHEZAMME\",\"https:\/\/www.instagram.com\/shezamme\/\",\"https:\/\/www.youtube.com\/channel\/UCsTJxi_9fODHdO_1bmJbqvQ\",\"https:\/\/www.tiktok.com\/shezamme.com\"]}]}<\/script>\n<!-- \/ Yoast SEO plugin. -->","yoast_head_json":{"title":"Cafe Societe Spodnie Nemo (Whipped Cream) - SHEZAMME","description":"Cafe Societe Spodnie Nemo (Whipped Cream) | Luksusowe i autentyczne przedmioty w jednym miejscu. B\u0105d\u017a na bie\u017c\u0105co i sprawd\u017a nasz\u0105 ofert\u0119 ju\u017c teraz","robots":{"index":"index","follow":"follow","max-snippet":"max-snippet:-1","max-image-preview":"max-image-preview:large","max-video-preview":"max-video-preview:-1"},"canonical":"https:\/\/shezamme.com\/en\/sklep\/pants\/cafe-societe-spodnie-nemo-whipped-cream\/","og_locale":"en_US","og_type":"article","og_title":"Cafe Societe Spodnie Nemo (Whipped Cream) - SHEZAMME","og_description":"Cafe Societe Spodnie Nemo (Whipped Cream) | Luksusowe i autentyczne przedmioty w jednym miejscu. B\u0105d\u017a na bie\u017c\u0105co i sprawd\u017a nasz\u0105 ofert\u0119 ju\u017c teraz","og_url":"https:\/\/shezamme.com\/en\/sklep\/pants\/cafe-societe-spodnie-nemo-whipped-cream\/","og_site_name":"SHEZAMME - Yeezy, Jordan, Supreme i inne oryginalne rzeczy","article_publisher":"https:\/\/www.facebook.com\/SHEZAMME\/","article_modified_time":"2025-06-21T21:22:50+00:00","og_image":[{"width":533,"height":800,"url":"https:\/\/shezamme.com\/wp-content\/uploads\/2025\/06\/CF25P0003.png","type":"image\/png"}],"twitter_card":"summary_large_image","twitter_site":"@SHEZAMME","schema":{"@context":"https:\/\/schema.org","@graph":[{"@type":"WebPage","@id":"https:\/\/shezamme.com\/sklep\/spodnie\/cafe-societe-spodnie-nemo-whipped-cream\/","url":"https:\/\/shezamme.com\/sklep\/spodnie\/cafe-societe-spodnie-nemo-whipped-cream\/","name":"Cafe Societe Spodnie Nemo (Whipped Cream) - SHEZAMME","isPartOf":{"@id":"https:\/\/shezamme.com\/#website"},"primaryImageOfPage":{"@id":"https:\/\/shezamme.com\/sklep\/spodnie\/cafe-societe-spodnie-nemo-whipped-cream\/#primaryimage"},"image":{"@id":"https:\/\/shezamme.com\/sklep\/spodnie\/cafe-societe-spodnie-nemo-whipped-cream\/#primaryimage"},"thumbnailUrl":"https:\/\/shezamme.com\/wp-content\/uploads\/2025\/06\/CF25P0003.png","datePublished":"2025-06-04T12:01:13+00:00","dateModified":"2025-06-21T21:22:50+00:00","description":"Cafe Societe Spodnie Nemo (Whipped Cream) | Luksusowe i autentyczne przedmioty w jednym miejscu. B\u0105d\u017a na bie\u017c\u0105co i sprawd\u017a nasz\u0105 ofert\u0119 ju\u017c teraz","breadcrumb":{"@id":"https:\/\/shezamme.com\/sklep\/spodnie\/cafe-societe-spodnie-nemo-whipped-cream\/#breadcrumb"},"inLanguage":"en-US","potentialAction":[{"@type":"ReadAction","target":["https:\/\/shezamme.com\/sklep\/spodnie\/cafe-societe-spodnie-nemo-whipped-cream\/"]}]},{"@type":"ImageObject","inLanguage":"en-US","@id":"https:\/\/shezamme.com\/sklep\/spodnie\/cafe-societe-spodnie-nemo-whipped-cream\/#primaryimage","url":"https:\/\/shezamme.com\/wp-content\/uploads\/2025\/06\/CF25P0003.png","contentUrl":"https:\/\/shezamme.com\/wp-content\/uploads\/2025\/06\/CF25P0003.png","width":533,"height":800},{"@type":"BreadcrumbList","@id":"https:\/\/shezamme.com\/sklep\/spodnie\/cafe-societe-spodnie-nemo-whipped-cream\/#breadcrumb","itemListElement":[{"@type":"ListItem","position":1,"name":"Strona g\u0142\u00f3wna","item":"https:\/\/shezamme.com\/"},{"@type":"ListItem","position":2,"name":"Sklep","item":"https:\/\/shezamme.com\/sklep\/"},{"@type":"ListItem","position":3,"name":"Cafe Societe Spodnie Nemo (Whipped Cream)"}]},{"@type":"WebSite","@id":"https:\/\/shezamme.com\/#website","url":"https:\/\/shezamme.com\/","name":"SHEZAMME - Sneakers, Streetwear and luxury brands","description":"Original and exclusive items in one place. Check out our products now and stay up to date with all launches.","publisher":{"@id":"https:\/\/shezamme.com\/#organization"},"potentialAction":[{"@type":"SearchAction","target":{"@type":"EntryPoint","urlTemplate":"https:\/\/shezamme.com\/?s={search_term_string}"},"query-input":{"@type":"PropertyValueSpecification","valueRequired":true,"valueName":"search_term_string"}}],"inLanguage":"en-US"},{"@type":"Organization","@id":"https:\/\/shezamme.com\/#organization","name":"SHEZAMME - Sneakers, Streetwear and luxury brands","url":"https:\/\/shezamme.com\/","logo":{"@type":"ImageObject","inLanguage":"en-US","@id":"https:\/\/shezamme.com\/#\/schema\/logo\/image\/","url":"https:\/\/shezamme.com\/wp-content\/uploads\/2023\/02\/0x0.png","contentUrl":"https:\/\/shezamme.com\/wp-content\/uploads\/2023\/02\/0x0.png","width":2000,"height":2000,"caption":"SHEZAMME - Sneakersy, Streetwear i luksusowe marki"},"image":{"@id":"https:\/\/shezamme.com\/#\/schema\/logo\/image\/"},"sameAs":["https:\/\/www.facebook.com\/SHEZAMME\/","https:\/\/x.com\/SHEZAMME","https:\/\/www.instagram.com\/shezamme\/","https:\/\/www.youtube.com\/channel\/UCsTJxi_9fODHdO_1bmJbqvQ","https:\/\/www.tiktok.com\/shezamme.com"]}]}},"brands":[{"id":1101,"name":"CAFE SOCIETE","slug":"cafe-societe"}],"_links":{"self":[{"href":"https:\/\/shezamme.com\/en\/wp-json\/wp\/v2\/product\/193487","targetHints":{"allow":["GET"]}}],"collection":[{"href":"https:\/\/shezamme.com\/en\/wp-json\/wp\/v2\/product"}],"about":[{"href":"https:\/\/shezamme.com\/en\/wp-json\/wp\/v2\/types\/product"}],"wp:featuredmedia":[{"embeddable":true,"href":"https:\/\/shezamme.com\/en\/wp-json\/wp\/v2\/media\/193179"}],"wp:attachment":[{"href":"https:\/\/shezamme.com\/en\/wp-json\/wp\/v2\/media?parent=193487"}],"wp:term":[{"taxonomy":"pwb-brand","embeddable":true,"href":"https:\/\/shezamme.com\/en\/wp-json\/wp\/v2\/pwb-brand?post=193487"},{"taxonomy":"product_brand","embeddable":true,"href":"https:\/\/shezamme.com\/en\/wp-json\/wp\/v2\/product_brand?post=193487"},{"taxonomy":"product_cat","embeddable":true,"href":"https:\/\/shezamme.com\/en\/wp-json\/wp\/v2\/product_cat?post=193487"},{"taxonomy":"product_tag","embeddable":true,"href":"https:\/\/shezamme.com\/en\/wp-json\/wp\/v2\/product_tag?post=193487"}],"curies":[{"name":"wp","href":"https:\/\/api.w.org\/{rel}","templated":true}]}}