{"id":192798,"date":"2025-05-27T23:17:08","date_gmt":"2025-05-27T21:17:08","guid":{"rendered":"https:\/\/shezamme.com\/?post_type=product&#038;p=192798"},"modified":"2026-02-11T20:33:29","modified_gmt":"2026-02-11T19:33:29","slug":"trapstar-diamond-in-the-rough-tee-blue-gem","status":"publish","type":"product","link":"https:\/\/shezamme.com\/en\/sklep\/koszulki\/wszystkie-koszulki\/trapstar-diamond-in-the-rough-tee-blue-gem\/","title":{"rendered":"Trapstar Diamond In The Rough Tee Blue Gem"},"content":{"rendered":"<h2 data-start=\"0\" data-end=\"90\">Trapstar Diamond In The Rough Tee &#8222;Blue Gem&#8221; \u2013 klasyczny t-shirt o miejskim charakterze<\/h2>\n<p data-start=\"150\" data-end=\"517\">Trapstar Diamond In The Rough Tee w kolorze &#8222;Blue Gem&#8221; to klasyczny t-shirt wykonany w 100% z bawe\u0142ny ring-spun, kt\u00f3ra wyr\u00f3\u017cnia si\u0119 mi\u0119kko\u015bci\u0105 i przewiewno\u015bci\u0105. Lekko dopasowany kr\u00f3j zapewnia swobod\u0119 ruch\u00f3w, a podw\u00f3jne szwy wzmacniaj\u0105 trwa\u0142o\u015b\u0107 produktu. T-shirt sprawdzi si\u0119 zar\u00f3wno w codziennych, jak i streetwearowych stylizacjach, \u0142\u0105cz\u0105c komfort z modnym designem.<\/p>\n<h2 data-start=\"519\" data-end=\"566\">Grafika i detale definiuj\u0105ce estetyk\u0119 marki<\/h2>\n<p data-start=\"568\" data-end=\"878\">Na froncie znajduje si\u0119 nadruk przedstawiaj\u0105cy logo Trapstar oraz symbol diamentu, wykonany z dba\u0142o\u015bci\u0105 o trwa\u0142o\u015b\u0107 i odporno\u015b\u0107 na \u015bcieranie. Dodatkowo, przy dolnym szwie umieszczono subteln\u0105 naszywk\u0119 z logo marki. Ca\u0142o\u015b\u0107 podkre\u015bla streetwearowy, uniseksowy charakter produktu, wpisuj\u0105cy si\u0119 w miejsk\u0105 estetyk\u0119.<\/p>","protected":false},"excerpt":{"rendered":"<h2 data-start=\"880\" data-end=\"987\">Trapstar Diamond In The Rough Tee &#8222;Blue Gem&#8221; \u2013 trwa\u0142y i stylowy t-shirt w g\u0142\u0119bokim odcieniu niebieskiego<\/h2>\n<p data-start=\"989\" data-end=\"1139\" data-is-last-node=\"\" data-is-only-node=\"\">T-shirt &#8222;Blue Gem&#8221; \u0142\u0105czy wysokogatunkowy materia\u0142 i przemy\u015blany design, oferuj\u0105c modny element garderoby dla os\u00f3b ceni\u0105cych jako\u015b\u0107 i miejsk\u0105 surowo\u015b\u0107.<\/p>","protected":false},"featured_media":193918,"template":"","meta":{"_acf_changed":false},"pwb-brand":[777],"product_brand":[],"product_cat":[140,991,903],"product_tag":[1008,1009],"class_list":{"0":"post-192798","1":"product","2":"type-product","3":"status-publish","4":"has-post-thumbnail","6":"pwb-brand-trapstar","7":"product_cat-koszulki","8":"product_cat-koszulki-trapstar","9":"product_cat-wszystkie-koszulki","10":"product_tag-kobieta","11":"product_tag-mezczyzna","12":"pa_rozmiar-ubrania-m","14":"first","15":"instock","16":"sale","17":"taxable","18":"shipping-taxable","19":"purchasable","20":"product-type-variable"},"acf":[],"yoast_head":"<!-- This site is optimized with the Yoast SEO plugin v27.2 - https:\/\/yoast.com\/product\/yoast-seo-wordpress\/ -->\n<title>Trapstar Diamond In The Rough Tee Blue Gem - SHEZAMME<\/title>\n<meta name=\"description\" content=\"Trapstar Diamond In The Rough Tee Blue Gem | Luksusowe i autentyczne przedmioty w jednym miejscu. B\u0105d\u017a na bie\u017c\u0105co i sprawd\u017a nasz\u0105 ofert\u0119 ju\u017c teraz\" \/>\n<meta name=\"robots\" content=\"index, follow, max-snippet:-1, max-image-preview:large, max-video-preview:-1\" \/>\n<link rel=\"canonical\" href=\"https:\/\/shezamme.com\/en\/sklep\/tshirts-2\/all-tshirts\/trapstar-diamond-in-the-rough-tee-blue-gem\/\" \/>\n<meta property=\"og:locale\" content=\"en_US\" \/>\n<meta property=\"og:type\" content=\"article\" \/>\n<meta property=\"og:title\" content=\"Trapstar Diamond In The Rough Tee Blue Gem - SHEZAMME\" \/>\n<meta property=\"og:description\" content=\"Trapstar Diamond In The Rough Tee Blue Gem | Luksusowe i autentyczne przedmioty w jednym miejscu. B\u0105d\u017a na bie\u017c\u0105co i sprawd\u017a nasz\u0105 ofert\u0119 ju\u017c teraz\" \/>\n<meta property=\"og:url\" content=\"https:\/\/shezamme.com\/en\/sklep\/tshirts-2\/all-tshirts\/trapstar-diamond-in-the-rough-tee-blue-gem\/\" \/>\n<meta property=\"og:site_name\" content=\"SHEZAMME - Yeezy, Jordan, Supreme i inne oryginalne rzeczy\" \/>\n<meta property=\"article:publisher\" content=\"https:\/\/www.facebook.com\/SHEZAMME\/\" \/>\n<meta property=\"article:modified_time\" content=\"2026-02-11T19:33:29+00:00\" \/>\n<meta property=\"og:image\" content=\"https:\/\/shezamme.com\/wp-content\/uploads\/2025\/05\/blue-gem-trapstar-black-tee.webp\" \/>\n\t<meta property=\"og:image:width\" content=\"2048\" \/>\n\t<meta property=\"og:image:height\" content=\"2048\" \/>\n\t<meta property=\"og:image:type\" content=\"image\/webp\" \/>\n<meta name=\"twitter:card\" content=\"summary_large_image\" \/>\n<meta name=\"twitter:site\" content=\"@SHEZAMME\" \/>\n<meta name=\"twitter:label1\" content=\"Est. reading time\" \/>\n\t<meta name=\"twitter:data1\" content=\"1 minute\" \/>\n<script type=\"application\/ld+json\" class=\"yoast-schema-graph\">{\"@context\":\"https:\/\/schema.org\",\"@graph\":[{\"@type\":\"WebPage\",\"@id\":\"https:\/\/shezamme.com\/sklep\/koszulki\/wszystkie-koszulki\/trapstar-diamond-in-the-rough-tee-blue-gem\/\",\"url\":\"https:\/\/shezamme.com\/sklep\/koszulki\/wszystkie-koszulki\/trapstar-diamond-in-the-rough-tee-blue-gem\/\",\"name\":\"Trapstar Diamond In The Rough Tee Blue Gem - SHEZAMME\",\"isPartOf\":{\"@id\":\"https:\/\/shezamme.com\/#website\"},\"primaryImageOfPage\":{\"@id\":\"https:\/\/shezamme.com\/sklep\/koszulki\/wszystkie-koszulki\/trapstar-diamond-in-the-rough-tee-blue-gem\/#primaryimage\"},\"image\":{\"@id\":\"https:\/\/shezamme.com\/sklep\/koszulki\/wszystkie-koszulki\/trapstar-diamond-in-the-rough-tee-blue-gem\/#primaryimage\"},\"thumbnailUrl\":\"https:\/\/shezamme.com\/wp-content\/uploads\/2025\/05\/blue-gem-trapstar-black-tee.webp\",\"datePublished\":\"2025-05-27T21:17:08+00:00\",\"dateModified\":\"2026-02-11T19:33:29+00:00\",\"description\":\"Trapstar Diamond In The Rough Tee Blue Gem | Luksusowe i autentyczne przedmioty w jednym miejscu. B\u0105d\u017a na bie\u017c\u0105co i sprawd\u017a nasz\u0105 ofert\u0119 ju\u017c teraz\",\"breadcrumb\":{\"@id\":\"https:\/\/shezamme.com\/sklep\/koszulki\/wszystkie-koszulki\/trapstar-diamond-in-the-rough-tee-blue-gem\/#breadcrumb\"},\"inLanguage\":\"en-US\",\"potentialAction\":[{\"@type\":\"ReadAction\",\"target\":[\"https:\/\/shezamme.com\/sklep\/koszulki\/wszystkie-koszulki\/trapstar-diamond-in-the-rough-tee-blue-gem\/\"]}]},{\"@type\":\"ImageObject\",\"inLanguage\":\"en-US\",\"@id\":\"https:\/\/shezamme.com\/sklep\/koszulki\/wszystkie-koszulki\/trapstar-diamond-in-the-rough-tee-blue-gem\/#primaryimage\",\"url\":\"https:\/\/shezamme.com\/wp-content\/uploads\/2025\/05\/blue-gem-trapstar-black-tee.webp\",\"contentUrl\":\"https:\/\/shezamme.com\/wp-content\/uploads\/2025\/05\/blue-gem-trapstar-black-tee.webp\",\"width\":2048,\"height\":2048},{\"@type\":\"BreadcrumbList\",\"@id\":\"https:\/\/shezamme.com\/sklep\/koszulki\/wszystkie-koszulki\/trapstar-diamond-in-the-rough-tee-blue-gem\/#breadcrumb\",\"itemListElement\":[{\"@type\":\"ListItem\",\"position\":1,\"name\":\"Strona g\u0142\u00f3wna\",\"item\":\"https:\/\/shezamme.com\/\"},{\"@type\":\"ListItem\",\"position\":2,\"name\":\"Sklep\",\"item\":\"https:\/\/shezamme.com\/sklep\/\"},{\"@type\":\"ListItem\",\"position\":3,\"name\":\"Trapstar Diamond In The Rough Tee Blue Gem\"}]},{\"@type\":\"WebSite\",\"@id\":\"https:\/\/shezamme.com\/#website\",\"url\":\"https:\/\/shezamme.com\/\",\"name\":\"SHEZAMME - Sneakersy, Streetwear i luksusowe marki\",\"description\":\"Oryginalne i ekskluzywne przedmioty w jednym miejscu. Sprawd\u017a nasze produkty ju\u017c teraz i b\u0105d\u017a na bie\u017c\u0105co z wszystkimi premierami.\",\"publisher\":{\"@id\":\"https:\/\/shezamme.com\/#organization\"},\"potentialAction\":[{\"@type\":\"SearchAction\",\"target\":{\"@type\":\"EntryPoint\",\"urlTemplate\":\"https:\/\/shezamme.com\/?s={search_term_string}\"},\"query-input\":{\"@type\":\"PropertyValueSpecification\",\"valueRequired\":true,\"valueName\":\"search_term_string\"}}],\"inLanguage\":\"en-US\"},{\"@type\":\"Organization\",\"@id\":\"https:\/\/shezamme.com\/#organization\",\"name\":\"SHEZAMME - Sneakersy, Streetwear i luksusowe marki\",\"url\":\"https:\/\/shezamme.com\/\",\"logo\":{\"@type\":\"ImageObject\",\"inLanguage\":\"en-US\",\"@id\":\"https:\/\/shezamme.com\/#\/schema\/logo\/image\/\",\"url\":\"https:\/\/shezamme.com\/wp-content\/uploads\/2023\/02\/0x0.png\",\"contentUrl\":\"https:\/\/shezamme.com\/wp-content\/uploads\/2023\/02\/0x0.png\",\"width\":2000,\"height\":2000,\"caption\":\"SHEZAMME - Sneakersy, Streetwear i luksusowe marki\"},\"image\":{\"@id\":\"https:\/\/shezamme.com\/#\/schema\/logo\/image\/\"},\"sameAs\":[\"https:\/\/www.facebook.com\/SHEZAMME\/\",\"https:\/\/x.com\/SHEZAMME\",\"https:\/\/www.instagram.com\/shezamme\/\",\"https:\/\/www.youtube.com\/channel\/UCsTJxi_9fODHdO_1bmJbqvQ\",\"https:\/\/www.tiktok.com\/shezamme.com\"]}]}<\/script>\n<!-- \/ Yoast SEO plugin. -->","yoast_head_json":{"title":"Trapstar Diamond In The Rough Tee Blue Gem - SHEZAMME","description":"Trapstar Diamond In The Rough Tee Blue Gem | Luksusowe i autentyczne przedmioty w jednym miejscu. B\u0105d\u017a na bie\u017c\u0105co i sprawd\u017a nasz\u0105 ofert\u0119 ju\u017c teraz","robots":{"index":"index","follow":"follow","max-snippet":"max-snippet:-1","max-image-preview":"max-image-preview:large","max-video-preview":"max-video-preview:-1"},"canonical":"https:\/\/shezamme.com\/en\/sklep\/tshirts-2\/all-tshirts\/trapstar-diamond-in-the-rough-tee-blue-gem\/","og_locale":"en_US","og_type":"article","og_title":"Trapstar Diamond In The Rough Tee Blue Gem - SHEZAMME","og_description":"Trapstar Diamond In The Rough Tee Blue Gem | Luksusowe i autentyczne przedmioty w jednym miejscu. B\u0105d\u017a na bie\u017c\u0105co i sprawd\u017a nasz\u0105 ofert\u0119 ju\u017c teraz","og_url":"https:\/\/shezamme.com\/en\/sklep\/tshirts-2\/all-tshirts\/trapstar-diamond-in-the-rough-tee-blue-gem\/","og_site_name":"SHEZAMME - Yeezy, Jordan, Supreme i inne oryginalne rzeczy","article_publisher":"https:\/\/www.facebook.com\/SHEZAMME\/","article_modified_time":"2026-02-11T19:33:29+00:00","og_image":[{"width":2048,"height":2048,"url":"https:\/\/shezamme.com\/wp-content\/uploads\/2025\/05\/blue-gem-trapstar-black-tee.webp","type":"image\/webp"}],"twitter_card":"summary_large_image","twitter_site":"@SHEZAMME","twitter_misc":{"Est. reading time":"1 minute"},"schema":{"@context":"https:\/\/schema.org","@graph":[{"@type":"WebPage","@id":"https:\/\/shezamme.com\/sklep\/koszulki\/wszystkie-koszulki\/trapstar-diamond-in-the-rough-tee-blue-gem\/","url":"https:\/\/shezamme.com\/sklep\/koszulki\/wszystkie-koszulki\/trapstar-diamond-in-the-rough-tee-blue-gem\/","name":"Trapstar Diamond In The Rough Tee Blue Gem - SHEZAMME","isPartOf":{"@id":"https:\/\/shezamme.com\/#website"},"primaryImageOfPage":{"@id":"https:\/\/shezamme.com\/sklep\/koszulki\/wszystkie-koszulki\/trapstar-diamond-in-the-rough-tee-blue-gem\/#primaryimage"},"image":{"@id":"https:\/\/shezamme.com\/sklep\/koszulki\/wszystkie-koszulki\/trapstar-diamond-in-the-rough-tee-blue-gem\/#primaryimage"},"thumbnailUrl":"https:\/\/shezamme.com\/wp-content\/uploads\/2025\/05\/blue-gem-trapstar-black-tee.webp","datePublished":"2025-05-27T21:17:08+00:00","dateModified":"2026-02-11T19:33:29+00:00","description":"Trapstar Diamond In The Rough Tee Blue Gem | Luksusowe i autentyczne przedmioty w jednym miejscu. B\u0105d\u017a na bie\u017c\u0105co i sprawd\u017a nasz\u0105 ofert\u0119 ju\u017c teraz","breadcrumb":{"@id":"https:\/\/shezamme.com\/sklep\/koszulki\/wszystkie-koszulki\/trapstar-diamond-in-the-rough-tee-blue-gem\/#breadcrumb"},"inLanguage":"en-US","potentialAction":[{"@type":"ReadAction","target":["https:\/\/shezamme.com\/sklep\/koszulki\/wszystkie-koszulki\/trapstar-diamond-in-the-rough-tee-blue-gem\/"]}]},{"@type":"ImageObject","inLanguage":"en-US","@id":"https:\/\/shezamme.com\/sklep\/koszulki\/wszystkie-koszulki\/trapstar-diamond-in-the-rough-tee-blue-gem\/#primaryimage","url":"https:\/\/shezamme.com\/wp-content\/uploads\/2025\/05\/blue-gem-trapstar-black-tee.webp","contentUrl":"https:\/\/shezamme.com\/wp-content\/uploads\/2025\/05\/blue-gem-trapstar-black-tee.webp","width":2048,"height":2048},{"@type":"BreadcrumbList","@id":"https:\/\/shezamme.com\/sklep\/koszulki\/wszystkie-koszulki\/trapstar-diamond-in-the-rough-tee-blue-gem\/#breadcrumb","itemListElement":[{"@type":"ListItem","position":1,"name":"Strona g\u0142\u00f3wna","item":"https:\/\/shezamme.com\/"},{"@type":"ListItem","position":2,"name":"Sklep","item":"https:\/\/shezamme.com\/sklep\/"},{"@type":"ListItem","position":3,"name":"Trapstar Diamond In The Rough Tee Blue Gem"}]},{"@type":"WebSite","@id":"https:\/\/shezamme.com\/#website","url":"https:\/\/shezamme.com\/","name":"SHEZAMME - Sneakers, Streetwear and luxury brands","description":"Original and exclusive items in one place. Check out our products now and stay up to date with all launches.","publisher":{"@id":"https:\/\/shezamme.com\/#organization"},"potentialAction":[{"@type":"SearchAction","target":{"@type":"EntryPoint","urlTemplate":"https:\/\/shezamme.com\/?s={search_term_string}"},"query-input":{"@type":"PropertyValueSpecification","valueRequired":true,"valueName":"search_term_string"}}],"inLanguage":"en-US"},{"@type":"Organization","@id":"https:\/\/shezamme.com\/#organization","name":"SHEZAMME - Sneakers, Streetwear and luxury brands","url":"https:\/\/shezamme.com\/","logo":{"@type":"ImageObject","inLanguage":"en-US","@id":"https:\/\/shezamme.com\/#\/schema\/logo\/image\/","url":"https:\/\/shezamme.com\/wp-content\/uploads\/2023\/02\/0x0.png","contentUrl":"https:\/\/shezamme.com\/wp-content\/uploads\/2023\/02\/0x0.png","width":2000,"height":2000,"caption":"SHEZAMME - Sneakersy, Streetwear i luksusowe marki"},"image":{"@id":"https:\/\/shezamme.com\/#\/schema\/logo\/image\/"},"sameAs":["https:\/\/www.facebook.com\/SHEZAMME\/","https:\/\/x.com\/SHEZAMME","https:\/\/www.instagram.com\/shezamme\/","https:\/\/www.youtube.com\/channel\/UCsTJxi_9fODHdO_1bmJbqvQ","https:\/\/www.tiktok.com\/shezamme.com"]}]}},"brands":[{"id":777,"name":"Trapstar","slug":"trapstar"}],"_links":{"self":[{"href":"https:\/\/shezamme.com\/en\/wp-json\/wp\/v2\/product\/192798","targetHints":{"allow":["GET"]}}],"collection":[{"href":"https:\/\/shezamme.com\/en\/wp-json\/wp\/v2\/product"}],"about":[{"href":"https:\/\/shezamme.com\/en\/wp-json\/wp\/v2\/types\/product"}],"wp:featuredmedia":[{"embeddable":true,"href":"https:\/\/shezamme.com\/en\/wp-json\/wp\/v2\/media\/193918"}],"wp:attachment":[{"href":"https:\/\/shezamme.com\/en\/wp-json\/wp\/v2\/media?parent=192798"}],"wp:term":[{"taxonomy":"pwb-brand","embeddable":true,"href":"https:\/\/shezamme.com\/en\/wp-json\/wp\/v2\/pwb-brand?post=192798"},{"taxonomy":"product_brand","embeddable":true,"href":"https:\/\/shezamme.com\/en\/wp-json\/wp\/v2\/product_brand?post=192798"},{"taxonomy":"product_cat","embeddable":true,"href":"https:\/\/shezamme.com\/en\/wp-json\/wp\/v2\/product_cat?post=192798"},{"taxonomy":"product_tag","embeddable":true,"href":"https:\/\/shezamme.com\/en\/wp-json\/wp\/v2\/product_tag?post=192798"}],"curies":[{"name":"wp","href":"https:\/\/api.w.org\/{rel}","templated":true}]}}