{"id":191659,"date":"2025-05-13T14:30:29","date_gmt":"2025-05-13T12:30:29","guid":{"rendered":"https:\/\/shezamme.com\/?post_type=product&#038;p=191659"},"modified":"2026-03-10T20:55:03","modified_gmt":"2026-03-10T19:55:03","slug":"nike-fc-barcelona-x-cactus-jack-retro-zip-anthem-jacket-brown","status":"publish","type":"product","link":"https:\/\/shezamme.com\/en\/sklep\/kurtki\/wszystkie-kurtki-streetwear\/nike-fc-barcelona-x-cactus-jack-retro-zip-anthem-jacket-brown\/","title":{"rendered":"Nike FC Barcelona x Cactus Jack Retro Zip Anthem Jacket Brown"},"content":{"rendered":"<h2 class=\"\" data-start=\"0\" data-end=\"54\">Po\u0142\u0105czenie dziedzictwa klubu z estetyk\u0105 Cactus Jack<\/h2>\n<p class=\"\" data-start=\"56\" data-end=\"508\"><strong data-start=\"56\" data-end=\"123\">Nike FC Barcelona x Cactus Jack Retro Zip Anthem Jacket \u2013 Brown<\/strong> to wyj\u0105tkowa interpretacja klasycznej kurtki przedmeczowej, powsta\u0142a w ramach limitowanej wsp\u00f3\u0142pracy Nike, FC Barcelony i Travisa Scotta. Utrzymana w g\u0142\u0119bokim odcieniu ziemistego br\u0105zu z dodatkiem czarnych i glinianych akcent\u00f3w, kurtka czerpie z dresowej estetyki prze\u0142omu lat 90. i 2000. Model wykonano z technicznego poliestru z recyklingu i wyko\u0144czono mi\u0119kk\u0105 siateczkow\u0105 podszewk\u0105.<\/p>\n<h2 class=\"\" data-start=\"510\" data-end=\"558\">Styl retro-sportowy w kolekcjonerskim wydaniu<\/h2>\n<p class=\"\" data-start=\"560\" data-end=\"949\">Kurtka oferuje regularny, lekko skr\u00f3cony kr\u00f3j z elastycznymi mankietami i pe\u0142nym zamkiem b\u0142yskawicznym. Haftowane logo FC Barcelony i branding Cactus Jack na r\u0119kawie lub karku dope\u0142niaj\u0105 unikalny charakter projektu. Boczne kieszenie na zamek oraz dedykowane metki podkre\u015blaj\u0105 dopracowanie i limitowany status tego modelu. Idealna jako warstwa w stylizacjach streetwearowych lub sportowych.<\/p>","protected":false},"excerpt":{"rendered":"<h2 class=\"\" data-start=\"951\" data-end=\"1017\">Nike FC Barcelona x Cactus Jack Retro Zip Anthem Jacket \u2013 Brown<\/h2>\n<p class=\"\" data-start=\"1019\" data-end=\"1163\">Ziemista kurtka reprezentacyjna z nut\u0105 vintage i brandingiem Travisa Scotta \u2014 wyj\u0105tkowa hybryda futbolowej klasyki i surowego stylu Cactus Jack.<\/p>","protected":false},"featured_media":191652,"template":"","meta":{"_acf_changed":false},"pwb-brand":[756,1086],"product_brand":[],"product_cat":[99,970],"product_tag":[1008,1009],"class_list":{"0":"post-191659","1":"product","2":"type-product","3":"status-publish","4":"has-post-thumbnail","6":"pwb-brand-nike","7":"pwb-brand-travis-scott","8":"product_cat-kurtki","9":"product_cat-wszystkie-kurtki-streetwear","10":"product_tag-kobieta","11":"product_tag-mezczyzna","12":"pa_rozmiar-ubrania-l","13":"pa_rozmiar-ubrania-m","14":"pa_rozmiar-ubrania-s","15":"pa_rozmiar-ubrania-xl","17":"first","18":"onbackorder","19":"taxable","20":"shipping-taxable","21":"purchasable","22":"product-type-variable"},"acf":[],"yoast_head":"<!-- This site is optimized with the Yoast SEO plugin v27.2 - https:\/\/yoast.com\/product\/yoast-seo-wordpress\/ -->\n<title>Nike FC Barcelona x Cactus Jack Retro Zip Anthem Jacket Brown - SHEZAMME<\/title>\n<meta name=\"description\" content=\"Nike FC Barcelona x Cactus Jack Retro Zip Anthem Jacket Brown | Luksusowe i autentyczne przedmioty w jednym miejscu. B\u0105d\u017a na bie\u017c\u0105co i sprawd\u017a nasz\u0105 ofert\u0119 ju\u017c teraz\" \/>\n<meta name=\"robots\" content=\"index, follow, max-snippet:-1, max-image-preview:large, max-video-preview:-1\" \/>\n<link rel=\"canonical\" href=\"https:\/\/shezamme.com\/en\/sklep\/jackets\/all-streetwear-jackets\/nike-fc-barcelona-x-cactus-jack-retro-zip-anthem-jacket-brown\/\" \/>\n<meta property=\"og:locale\" content=\"en_US\" \/>\n<meta property=\"og:type\" content=\"article\" \/>\n<meta property=\"og:title\" content=\"Nike FC Barcelona x Cactus Jack Retro Zip Anthem Jacket Brown - SHEZAMME\" \/>\n<meta property=\"og:description\" content=\"Nike FC Barcelona x Cactus Jack Retro Zip Anthem Jacket Brown | Luksusowe i autentyczne przedmioty w jednym miejscu. B\u0105d\u017a na bie\u017c\u0105co i sprawd\u017a nasz\u0105 ofert\u0119 ju\u017c teraz\" \/>\n<meta property=\"og:url\" content=\"https:\/\/shezamme.com\/en\/sklep\/jackets\/all-streetwear-jackets\/nike-fc-barcelona-x-cactus-jack-retro-zip-anthem-jacket-brown\/\" \/>\n<meta property=\"og:site_name\" content=\"SHEZAMME - Yeezy, Jordan, Supreme i inne oryginalne rzeczy\" \/>\n<meta property=\"article:publisher\" content=\"https:\/\/www.facebook.com\/SHEZAMME\/\" \/>\n<meta property=\"article:modified_time\" content=\"2026-03-10T19:55:03+00:00\" \/>\n<meta property=\"og:image\" content=\"https:\/\/shezamme.com\/wp-content\/uploads\/2025\/05\/nike-fc-barcelona-x-cactus-jack-retro-zip-anthem-jacket-brown-1.webp\" \/>\n\t<meta property=\"og:image:width\" content=\"1000\" \/>\n\t<meta property=\"og:image:height\" content=\"835\" \/>\n\t<meta property=\"og:image:type\" content=\"image\/webp\" \/>\n<meta name=\"twitter:card\" content=\"summary_large_image\" \/>\n<meta name=\"twitter:site\" content=\"@SHEZAMME\" \/>\n<meta name=\"twitter:label1\" content=\"Est. reading time\" \/>\n\t<meta name=\"twitter:data1\" content=\"1 minute\" \/>\n<script type=\"application\/ld+json\" class=\"yoast-schema-graph\">{\"@context\":\"https:\/\/schema.org\",\"@graph\":[{\"@type\":\"WebPage\",\"@id\":\"https:\/\/shezamme.com\/sklep\/kurtki\/wszystkie-kurtki-streetwear\/nike-fc-barcelona-x-cactus-jack-retro-zip-anthem-jacket-brown\/\",\"url\":\"https:\/\/shezamme.com\/sklep\/kurtki\/wszystkie-kurtki-streetwear\/nike-fc-barcelona-x-cactus-jack-retro-zip-anthem-jacket-brown\/\",\"name\":\"Nike FC Barcelona x Cactus Jack Retro Zip Anthem Jacket Brown - SHEZAMME\",\"isPartOf\":{\"@id\":\"https:\/\/shezamme.com\/#website\"},\"primaryImageOfPage\":{\"@id\":\"https:\/\/shezamme.com\/sklep\/kurtki\/wszystkie-kurtki-streetwear\/nike-fc-barcelona-x-cactus-jack-retro-zip-anthem-jacket-brown\/#primaryimage\"},\"image\":{\"@id\":\"https:\/\/shezamme.com\/sklep\/kurtki\/wszystkie-kurtki-streetwear\/nike-fc-barcelona-x-cactus-jack-retro-zip-anthem-jacket-brown\/#primaryimage\"},\"thumbnailUrl\":\"https:\/\/shezamme.com\/wp-content\/uploads\/2025\/05\/nike-fc-barcelona-x-cactus-jack-retro-zip-anthem-jacket-brown-1.webp\",\"datePublished\":\"2025-05-13T12:30:29+00:00\",\"dateModified\":\"2026-03-10T19:55:03+00:00\",\"description\":\"Nike FC Barcelona x Cactus Jack Retro Zip Anthem Jacket Brown | Luksusowe i autentyczne przedmioty w jednym miejscu. B\u0105d\u017a na bie\u017c\u0105co i sprawd\u017a nasz\u0105 ofert\u0119 ju\u017c teraz\",\"breadcrumb\":{\"@id\":\"https:\/\/shezamme.com\/sklep\/kurtki\/wszystkie-kurtki-streetwear\/nike-fc-barcelona-x-cactus-jack-retro-zip-anthem-jacket-brown\/#breadcrumb\"},\"inLanguage\":\"en-US\",\"potentialAction\":[{\"@type\":\"ReadAction\",\"target\":[\"https:\/\/shezamme.com\/sklep\/kurtki\/wszystkie-kurtki-streetwear\/nike-fc-barcelona-x-cactus-jack-retro-zip-anthem-jacket-brown\/\"]}]},{\"@type\":\"ImageObject\",\"inLanguage\":\"en-US\",\"@id\":\"https:\/\/shezamme.com\/sklep\/kurtki\/wszystkie-kurtki-streetwear\/nike-fc-barcelona-x-cactus-jack-retro-zip-anthem-jacket-brown\/#primaryimage\",\"url\":\"https:\/\/shezamme.com\/wp-content\/uploads\/2025\/05\/nike-fc-barcelona-x-cactus-jack-retro-zip-anthem-jacket-brown-1.webp\",\"contentUrl\":\"https:\/\/shezamme.com\/wp-content\/uploads\/2025\/05\/nike-fc-barcelona-x-cactus-jack-retro-zip-anthem-jacket-brown-1.webp\",\"width\":1000,\"height\":835},{\"@type\":\"BreadcrumbList\",\"@id\":\"https:\/\/shezamme.com\/sklep\/kurtki\/wszystkie-kurtki-streetwear\/nike-fc-barcelona-x-cactus-jack-retro-zip-anthem-jacket-brown\/#breadcrumb\",\"itemListElement\":[{\"@type\":\"ListItem\",\"position\":1,\"name\":\"Strona g\u0142\u00f3wna\",\"item\":\"https:\/\/shezamme.com\/\"},{\"@type\":\"ListItem\",\"position\":2,\"name\":\"Sklep\",\"item\":\"https:\/\/shezamme.com\/sklep\/\"},{\"@type\":\"ListItem\",\"position\":3,\"name\":\"Nike FC Barcelona x Cactus Jack Retro Zip Anthem Jacket Brown\"}]},{\"@type\":\"WebSite\",\"@id\":\"https:\/\/shezamme.com\/#website\",\"url\":\"https:\/\/shezamme.com\/\",\"name\":\"SHEZAMME - Sneakersy, Streetwear i luksusowe marki\",\"description\":\"Oryginalne i ekskluzywne przedmioty w jednym miejscu. Sprawd\u017a nasze produkty ju\u017c teraz i b\u0105d\u017a na bie\u017c\u0105co z wszystkimi premierami.\",\"publisher\":{\"@id\":\"https:\/\/shezamme.com\/#organization\"},\"potentialAction\":[{\"@type\":\"SearchAction\",\"target\":{\"@type\":\"EntryPoint\",\"urlTemplate\":\"https:\/\/shezamme.com\/?s={search_term_string}\"},\"query-input\":{\"@type\":\"PropertyValueSpecification\",\"valueRequired\":true,\"valueName\":\"search_term_string\"}}],\"inLanguage\":\"en-US\"},{\"@type\":\"Organization\",\"@id\":\"https:\/\/shezamme.com\/#organization\",\"name\":\"SHEZAMME - Sneakersy, Streetwear i luksusowe marki\",\"url\":\"https:\/\/shezamme.com\/\",\"logo\":{\"@type\":\"ImageObject\",\"inLanguage\":\"en-US\",\"@id\":\"https:\/\/shezamme.com\/#\/schema\/logo\/image\/\",\"url\":\"https:\/\/shezamme.com\/wp-content\/uploads\/2023\/02\/0x0.png\",\"contentUrl\":\"https:\/\/shezamme.com\/wp-content\/uploads\/2023\/02\/0x0.png\",\"width\":2000,\"height\":2000,\"caption\":\"SHEZAMME - Sneakersy, Streetwear i luksusowe marki\"},\"image\":{\"@id\":\"https:\/\/shezamme.com\/#\/schema\/logo\/image\/\"},\"sameAs\":[\"https:\/\/www.facebook.com\/SHEZAMME\/\",\"https:\/\/x.com\/SHEZAMME\",\"https:\/\/www.instagram.com\/shezamme\/\",\"https:\/\/www.youtube.com\/channel\/UCsTJxi_9fODHdO_1bmJbqvQ\",\"https:\/\/www.tiktok.com\/shezamme.com\"]}]}<\/script>\n<!-- \/ Yoast SEO plugin. -->","yoast_head_json":{"title":"Nike FC Barcelona x Cactus Jack Retro Zip Anthem Jacket Brown - SHEZAMME","description":"Nike FC Barcelona x Cactus Jack Retro Zip Anthem Jacket Brown | Luksusowe i autentyczne przedmioty w jednym miejscu. B\u0105d\u017a na bie\u017c\u0105co i sprawd\u017a nasz\u0105 ofert\u0119 ju\u017c teraz","robots":{"index":"index","follow":"follow","max-snippet":"max-snippet:-1","max-image-preview":"max-image-preview:large","max-video-preview":"max-video-preview:-1"},"canonical":"https:\/\/shezamme.com\/en\/sklep\/jackets\/all-streetwear-jackets\/nike-fc-barcelona-x-cactus-jack-retro-zip-anthem-jacket-brown\/","og_locale":"en_US","og_type":"article","og_title":"Nike FC Barcelona x Cactus Jack Retro Zip Anthem Jacket Brown - SHEZAMME","og_description":"Nike FC Barcelona x Cactus Jack Retro Zip Anthem Jacket Brown | Luksusowe i autentyczne przedmioty w jednym miejscu. B\u0105d\u017a na bie\u017c\u0105co i sprawd\u017a nasz\u0105 ofert\u0119 ju\u017c teraz","og_url":"https:\/\/shezamme.com\/en\/sklep\/jackets\/all-streetwear-jackets\/nike-fc-barcelona-x-cactus-jack-retro-zip-anthem-jacket-brown\/","og_site_name":"SHEZAMME - Yeezy, Jordan, Supreme i inne oryginalne rzeczy","article_publisher":"https:\/\/www.facebook.com\/SHEZAMME\/","article_modified_time":"2026-03-10T19:55:03+00:00","og_image":[{"width":1000,"height":835,"url":"https:\/\/shezamme.com\/wp-content\/uploads\/2025\/05\/nike-fc-barcelona-x-cactus-jack-retro-zip-anthem-jacket-brown-1.webp","type":"image\/webp"}],"twitter_card":"summary_large_image","twitter_site":"@SHEZAMME","twitter_misc":{"Est. reading time":"1 minute"},"schema":{"@context":"https:\/\/schema.org","@graph":[{"@type":"WebPage","@id":"https:\/\/shezamme.com\/sklep\/kurtki\/wszystkie-kurtki-streetwear\/nike-fc-barcelona-x-cactus-jack-retro-zip-anthem-jacket-brown\/","url":"https:\/\/shezamme.com\/sklep\/kurtki\/wszystkie-kurtki-streetwear\/nike-fc-barcelona-x-cactus-jack-retro-zip-anthem-jacket-brown\/","name":"Nike FC Barcelona x Cactus Jack Retro Zip Anthem Jacket Brown - SHEZAMME","isPartOf":{"@id":"https:\/\/shezamme.com\/#website"},"primaryImageOfPage":{"@id":"https:\/\/shezamme.com\/sklep\/kurtki\/wszystkie-kurtki-streetwear\/nike-fc-barcelona-x-cactus-jack-retro-zip-anthem-jacket-brown\/#primaryimage"},"image":{"@id":"https:\/\/shezamme.com\/sklep\/kurtki\/wszystkie-kurtki-streetwear\/nike-fc-barcelona-x-cactus-jack-retro-zip-anthem-jacket-brown\/#primaryimage"},"thumbnailUrl":"https:\/\/shezamme.com\/wp-content\/uploads\/2025\/05\/nike-fc-barcelona-x-cactus-jack-retro-zip-anthem-jacket-brown-1.webp","datePublished":"2025-05-13T12:30:29+00:00","dateModified":"2026-03-10T19:55:03+00:00","description":"Nike FC Barcelona x Cactus Jack Retro Zip Anthem Jacket Brown | Luksusowe i autentyczne przedmioty w jednym miejscu. B\u0105d\u017a na bie\u017c\u0105co i sprawd\u017a nasz\u0105 ofert\u0119 ju\u017c teraz","breadcrumb":{"@id":"https:\/\/shezamme.com\/sklep\/kurtki\/wszystkie-kurtki-streetwear\/nike-fc-barcelona-x-cactus-jack-retro-zip-anthem-jacket-brown\/#breadcrumb"},"inLanguage":"en-US","potentialAction":[{"@type":"ReadAction","target":["https:\/\/shezamme.com\/sklep\/kurtki\/wszystkie-kurtki-streetwear\/nike-fc-barcelona-x-cactus-jack-retro-zip-anthem-jacket-brown\/"]}]},{"@type":"ImageObject","inLanguage":"en-US","@id":"https:\/\/shezamme.com\/sklep\/kurtki\/wszystkie-kurtki-streetwear\/nike-fc-barcelona-x-cactus-jack-retro-zip-anthem-jacket-brown\/#primaryimage","url":"https:\/\/shezamme.com\/wp-content\/uploads\/2025\/05\/nike-fc-barcelona-x-cactus-jack-retro-zip-anthem-jacket-brown-1.webp","contentUrl":"https:\/\/shezamme.com\/wp-content\/uploads\/2025\/05\/nike-fc-barcelona-x-cactus-jack-retro-zip-anthem-jacket-brown-1.webp","width":1000,"height":835},{"@type":"BreadcrumbList","@id":"https:\/\/shezamme.com\/sklep\/kurtki\/wszystkie-kurtki-streetwear\/nike-fc-barcelona-x-cactus-jack-retro-zip-anthem-jacket-brown\/#breadcrumb","itemListElement":[{"@type":"ListItem","position":1,"name":"Strona g\u0142\u00f3wna","item":"https:\/\/shezamme.com\/"},{"@type":"ListItem","position":2,"name":"Sklep","item":"https:\/\/shezamme.com\/sklep\/"},{"@type":"ListItem","position":3,"name":"Nike FC Barcelona x Cactus Jack Retro Zip Anthem Jacket Brown"}]},{"@type":"WebSite","@id":"https:\/\/shezamme.com\/#website","url":"https:\/\/shezamme.com\/","name":"SHEZAMME - Sneakers, Streetwear and luxury brands","description":"Original and exclusive items in one place. Check out our products now and stay up to date with all launches.","publisher":{"@id":"https:\/\/shezamme.com\/#organization"},"potentialAction":[{"@type":"SearchAction","target":{"@type":"EntryPoint","urlTemplate":"https:\/\/shezamme.com\/?s={search_term_string}"},"query-input":{"@type":"PropertyValueSpecification","valueRequired":true,"valueName":"search_term_string"}}],"inLanguage":"en-US"},{"@type":"Organization","@id":"https:\/\/shezamme.com\/#organization","name":"SHEZAMME - Sneakers, Streetwear and luxury brands","url":"https:\/\/shezamme.com\/","logo":{"@type":"ImageObject","inLanguage":"en-US","@id":"https:\/\/shezamme.com\/#\/schema\/logo\/image\/","url":"https:\/\/shezamme.com\/wp-content\/uploads\/2023\/02\/0x0.png","contentUrl":"https:\/\/shezamme.com\/wp-content\/uploads\/2023\/02\/0x0.png","width":2000,"height":2000,"caption":"SHEZAMME - Sneakersy, Streetwear i luksusowe marki"},"image":{"@id":"https:\/\/shezamme.com\/#\/schema\/logo\/image\/"},"sameAs":["https:\/\/www.facebook.com\/SHEZAMME\/","https:\/\/x.com\/SHEZAMME","https:\/\/www.instagram.com\/shezamme\/","https:\/\/www.youtube.com\/channel\/UCsTJxi_9fODHdO_1bmJbqvQ","https:\/\/www.tiktok.com\/shezamme.com"]}]}},"brands":[{"id":756,"name":"Nike","slug":"nike"},{"id":1086,"name":"Travis Scott","slug":"travis-scott"}],"_links":{"self":[{"href":"https:\/\/shezamme.com\/en\/wp-json\/wp\/v2\/product\/191659","targetHints":{"allow":["GET"]}}],"collection":[{"href":"https:\/\/shezamme.com\/en\/wp-json\/wp\/v2\/product"}],"about":[{"href":"https:\/\/shezamme.com\/en\/wp-json\/wp\/v2\/types\/product"}],"wp:featuredmedia":[{"embeddable":true,"href":"https:\/\/shezamme.com\/en\/wp-json\/wp\/v2\/media\/191652"}],"wp:attachment":[{"href":"https:\/\/shezamme.com\/en\/wp-json\/wp\/v2\/media?parent=191659"}],"wp:term":[{"taxonomy":"pwb-brand","embeddable":true,"href":"https:\/\/shezamme.com\/en\/wp-json\/wp\/v2\/pwb-brand?post=191659"},{"taxonomy":"product_brand","embeddable":true,"href":"https:\/\/shezamme.com\/en\/wp-json\/wp\/v2\/product_brand?post=191659"},{"taxonomy":"product_cat","embeddable":true,"href":"https:\/\/shezamme.com\/en\/wp-json\/wp\/v2\/product_cat?post=191659"},{"taxonomy":"product_tag","embeddable":true,"href":"https:\/\/shezamme.com\/en\/wp-json\/wp\/v2\/product_tag?post=191659"}],"curies":[{"name":"wp","href":"https:\/\/api.w.org\/{rel}","templated":true}]}}