{"id":19089,"date":"2022-11-10T19:09:37","date_gmt":"2022-11-10T18:09:37","guid":{"rendered":"https:\/\/shezamme.com\/?post_type=product&#038;p=19089"},"modified":"2025-01-08T22:48:45","modified_gmt":"2025-01-08T21:48:45","slug":"moncler-maya-70-by-palm-angels-jacket","status":"publish","type":"product","link":"https:\/\/shezamme.com\/en\/sklep\/kurtki\/moncler-maya-70-by-palm-angels-jacket\/","title":{"rendered":"Moncler Maya 70 by Palm Angels Jacket"},"content":{"rendered":"<h2>Luksus w nowoczesnym wydaniu: Moncler Maya 70 by Palm Angels<\/h2>\n<p>Moncler Maya 70 by Palm Angels to kurtka, kt\u00f3ra \u0142\u0105czy klasyczny styl Moncler z awangardowym charakterem Palm Angels. Wykonana z l\u015bni\u0105cego nylonu laqu\u00e9, oferuje trwa\u0142o\u015b\u0107 i ochron\u0119 przed zimowymi warunkami, a wysokiej jako\u015bci wype\u0142nienie z naturalnego puchu zapewnia doskona\u0142\u0105 izolacj\u0119 termiczn\u0105. Zamek b\u0142yskawiczny na ca\u0142ej d\u0142ugo\u015bci, uzupe\u0142niony klap\u0105 na guziki, gwarantuje wygod\u0119, a kontrastuj\u0105ce logo Palm Angels oraz klasyczna naszywka Moncler na r\u0119kawie dodaj\u0105 kurtce unikalnego stylu.<\/p>\n<h2>Limitowana ikona na wyj\u0105tkowe okazje<\/h2>\n<p>Stworzona z okazji 70-lecia Moncler, kurtka Maya 70 by Palm Angels to propozycja dla mi\u0142o\u015bnik\u00f3w luksusowej mody i streetwearu. Dzi\u0119ki wyj\u0105tkowemu po\u0142\u0105czeniu estetyki i funkcjonalno\u015bci doskonale sprawdzi si\u0119 zar\u00f3wno w codziennych stylizacjach, jak i podczas zimowych wypad\u00f3w. Limitowana edycja czyni j\u0105 idealnym wyborem dla kolekcjoner\u00f3w i os\u00f3b, kt\u00f3re ceni\u0105 unikatowy design.<\/p>","protected":false},"excerpt":{"rendered":"<h2>Moncler Maya 70 by Palm Angels: Limitowana ikona<\/h2>\n<p>Moncler Maya 70 by Palm Angels to kurtka z l\u015bni\u0105cego nylonu laqu\u00e9, kt\u00f3ra \u0142\u0105czy luksusowy styl Moncler z odwa\u017cnym charakterem Palm Angels. Puchowe wype\u0142nienie i unikalne detale czyni\u0105 j\u0105 idealnym wyborem na zimowe dni.<\/p>","protected":false},"featured_media":19090,"template":"","meta":{"_acf_changed":false},"pwb-brand":[773],"product_brand":[],"product_cat":[99],"product_tag":[],"class_list":{"0":"post-19089","1":"product","2":"type-product","3":"status-publish","4":"has-post-thumbnail","6":"pwb-brand-moncler","7":"product_cat-kurtki","9":"first","10":"onbackorder","11":"taxable","12":"shipping-taxable","13":"purchasable","14":"product-type-variable","15":"has-default-attributes"},"acf":[],"yoast_head":"<!-- This site is optimized with the Yoast SEO plugin v27.2 - https:\/\/yoast.com\/product\/yoast-seo-wordpress\/ -->\n<title>Moncler Maya 70 by Palm Angels Jacket - SHEZAMME<\/title>\n<meta name=\"description\" content=\"Moncler Maya 70 by Palm Angels Jacket | Luksusowe i autentyczne przedmioty w jednym miejscu. B\u0105d\u017a na bie\u017c\u0105co i sprawd\u017a nasz\u0105 ofert\u0119 ju\u017c teraz\" \/>\n<meta name=\"robots\" content=\"index, follow, max-snippet:-1, max-image-preview:large, max-video-preview:-1\" \/>\n<link rel=\"canonical\" href=\"https:\/\/shezamme.com\/en\/sklep\/jackets\/all-streetwear-jackets\/moncler-maya-70-by-palm-angels-jacket\/\" \/>\n<meta property=\"og:locale\" content=\"en_US\" \/>\n<meta property=\"og:type\" content=\"article\" \/>\n<meta property=\"og:title\" content=\"Moncler Maya 70 by Palm Angels Jacket - SHEZAMME\" \/>\n<meta property=\"og:description\" content=\"Moncler Maya 70 by Palm Angels Jacket | Luksusowe i autentyczne przedmioty w jednym miejscu. B\u0105d\u017a na bie\u017c\u0105co i sprawd\u017a nasz\u0105 ofert\u0119 ju\u017c teraz\" \/>\n<meta property=\"og:url\" content=\"https:\/\/shezamme.com\/en\/sklep\/jackets\/all-streetwear-jackets\/moncler-maya-70-by-palm-angels-jacket\/\" \/>\n<meta property=\"og:site_name\" content=\"SHEZAMME - Yeezy, Jordan, Supreme i inne oryginalne rzeczy\" \/>\n<meta property=\"article:publisher\" content=\"https:\/\/www.facebook.com\/SHEZAMME\/\" \/>\n<meta property=\"article:modified_time\" content=\"2025-01-08T21:48:45+00:00\" \/>\n<meta property=\"og:image\" content=\"https:\/\/shezamme.com\/wp-content\/uploads\/2022\/11\/Moncler-Maya-70-by-Palm-Angels-Jacket.jpg\" \/>\n\t<meta property=\"og:image:width\" content=\"500\" \/>\n\t<meta property=\"og:image:height\" content=\"500\" \/>\n\t<meta property=\"og:image:type\" content=\"image\/jpeg\" \/>\n<meta name=\"twitter:card\" content=\"summary_large_image\" \/>\n<meta name=\"twitter:site\" content=\"@SHEZAMME\" \/>\n<meta name=\"twitter:label1\" content=\"Est. reading time\" \/>\n\t<meta name=\"twitter:data1\" content=\"1 minute\" \/>\n<script type=\"application\/ld+json\" class=\"yoast-schema-graph\">{\"@context\":\"https:\/\/schema.org\",\"@graph\":[{\"@type\":\"WebPage\",\"@id\":\"https:\/\/shezamme.com\/sklep\/kurtki\/wszystkie-kurtki-streetwear\/moncler-maya-70-by-palm-angels-jacket\/\",\"url\":\"https:\/\/shezamme.com\/sklep\/kurtki\/wszystkie-kurtki-streetwear\/moncler-maya-70-by-palm-angels-jacket\/\",\"name\":\"Moncler Maya 70 by Palm Angels Jacket - SHEZAMME\",\"isPartOf\":{\"@id\":\"https:\/\/shezamme.com\/#website\"},\"primaryImageOfPage\":{\"@id\":\"https:\/\/shezamme.com\/sklep\/kurtki\/wszystkie-kurtki-streetwear\/moncler-maya-70-by-palm-angels-jacket\/#primaryimage\"},\"image\":{\"@id\":\"https:\/\/shezamme.com\/sklep\/kurtki\/wszystkie-kurtki-streetwear\/moncler-maya-70-by-palm-angels-jacket\/#primaryimage\"},\"thumbnailUrl\":\"https:\/\/shezamme.com\/wp-content\/uploads\/2022\/11\/Moncler-Maya-70-by-Palm-Angels-Jacket.jpg\",\"datePublished\":\"2022-11-10T18:09:37+00:00\",\"dateModified\":\"2025-01-08T21:48:45+00:00\",\"description\":\"Moncler Maya 70 by Palm Angels Jacket | Luksusowe i autentyczne przedmioty w jednym miejscu. B\u0105d\u017a na bie\u017c\u0105co i sprawd\u017a nasz\u0105 ofert\u0119 ju\u017c teraz\",\"breadcrumb\":{\"@id\":\"https:\/\/shezamme.com\/sklep\/kurtki\/wszystkie-kurtki-streetwear\/moncler-maya-70-by-palm-angels-jacket\/#breadcrumb\"},\"inLanguage\":\"en-US\",\"potentialAction\":[{\"@type\":\"ReadAction\",\"target\":[\"https:\/\/shezamme.com\/sklep\/kurtki\/wszystkie-kurtki-streetwear\/moncler-maya-70-by-palm-angels-jacket\/\"]}]},{\"@type\":\"ImageObject\",\"inLanguage\":\"en-US\",\"@id\":\"https:\/\/shezamme.com\/sklep\/kurtki\/wszystkie-kurtki-streetwear\/moncler-maya-70-by-palm-angels-jacket\/#primaryimage\",\"url\":\"https:\/\/shezamme.com\/wp-content\/uploads\/2022\/11\/Moncler-Maya-70-by-Palm-Angels-Jacket.jpg\",\"contentUrl\":\"https:\/\/shezamme.com\/wp-content\/uploads\/2022\/11\/Moncler-Maya-70-by-Palm-Angels-Jacket.jpg\",\"width\":500,\"height\":500,\"caption\":\"Moncler Maya 70 by Palm Angels Jacket\"},{\"@type\":\"BreadcrumbList\",\"@id\":\"https:\/\/shezamme.com\/sklep\/kurtki\/wszystkie-kurtki-streetwear\/moncler-maya-70-by-palm-angels-jacket\/#breadcrumb\",\"itemListElement\":[{\"@type\":\"ListItem\",\"position\":1,\"name\":\"Strona g\u0142\u00f3wna\",\"item\":\"https:\/\/shezamme.com\/\"},{\"@type\":\"ListItem\",\"position\":2,\"name\":\"Sklep\",\"item\":\"https:\/\/shezamme.com\/sklep\/\"},{\"@type\":\"ListItem\",\"position\":3,\"name\":\"Moncler Maya 70 by Palm Angels Jacket\"}]},{\"@type\":\"WebSite\",\"@id\":\"https:\/\/shezamme.com\/#website\",\"url\":\"https:\/\/shezamme.com\/\",\"name\":\"SHEZAMME - Sneakersy, Streetwear i luksusowe marki\",\"description\":\"Oryginalne i ekskluzywne przedmioty w jednym miejscu. Sprawd\u017a nasze produkty ju\u017c teraz i b\u0105d\u017a na bie\u017c\u0105co z wszystkimi premierami.\",\"publisher\":{\"@id\":\"https:\/\/shezamme.com\/#organization\"},\"potentialAction\":[{\"@type\":\"SearchAction\",\"target\":{\"@type\":\"EntryPoint\",\"urlTemplate\":\"https:\/\/shezamme.com\/?s={search_term_string}\"},\"query-input\":{\"@type\":\"PropertyValueSpecification\",\"valueRequired\":true,\"valueName\":\"search_term_string\"}}],\"inLanguage\":\"en-US\"},{\"@type\":\"Organization\",\"@id\":\"https:\/\/shezamme.com\/#organization\",\"name\":\"SHEZAMME - Sneakersy, Streetwear i luksusowe marki\",\"url\":\"https:\/\/shezamme.com\/\",\"logo\":{\"@type\":\"ImageObject\",\"inLanguage\":\"en-US\",\"@id\":\"https:\/\/shezamme.com\/#\/schema\/logo\/image\/\",\"url\":\"https:\/\/shezamme.com\/wp-content\/uploads\/2023\/02\/0x0.png\",\"contentUrl\":\"https:\/\/shezamme.com\/wp-content\/uploads\/2023\/02\/0x0.png\",\"width\":2000,\"height\":2000,\"caption\":\"SHEZAMME - Sneakersy, Streetwear i luksusowe marki\"},\"image\":{\"@id\":\"https:\/\/shezamme.com\/#\/schema\/logo\/image\/\"},\"sameAs\":[\"https:\/\/www.facebook.com\/SHEZAMME\/\",\"https:\/\/x.com\/SHEZAMME\",\"https:\/\/www.instagram.com\/shezamme\/\",\"https:\/\/www.youtube.com\/channel\/UCsTJxi_9fODHdO_1bmJbqvQ\",\"https:\/\/www.tiktok.com\/shezamme.com\"]}]}<\/script>\n<!-- \/ Yoast SEO plugin. -->","yoast_head_json":{"title":"Moncler Maya 70 by Palm Angels Jacket - SHEZAMME","description":"Moncler Maya 70 by Palm Angels Jacket | Luksusowe i autentyczne przedmioty w jednym miejscu. B\u0105d\u017a na bie\u017c\u0105co i sprawd\u017a nasz\u0105 ofert\u0119 ju\u017c teraz","robots":{"index":"index","follow":"follow","max-snippet":"max-snippet:-1","max-image-preview":"max-image-preview:large","max-video-preview":"max-video-preview:-1"},"canonical":"https:\/\/shezamme.com\/en\/sklep\/jackets\/all-streetwear-jackets\/moncler-maya-70-by-palm-angels-jacket\/","og_locale":"en_US","og_type":"article","og_title":"Moncler Maya 70 by Palm Angels Jacket - SHEZAMME","og_description":"Moncler Maya 70 by Palm Angels Jacket | Luksusowe i autentyczne przedmioty w jednym miejscu. B\u0105d\u017a na bie\u017c\u0105co i sprawd\u017a nasz\u0105 ofert\u0119 ju\u017c teraz","og_url":"https:\/\/shezamme.com\/en\/sklep\/jackets\/all-streetwear-jackets\/moncler-maya-70-by-palm-angels-jacket\/","og_site_name":"SHEZAMME - Yeezy, Jordan, Supreme i inne oryginalne rzeczy","article_publisher":"https:\/\/www.facebook.com\/SHEZAMME\/","article_modified_time":"2025-01-08T21:48:45+00:00","og_image":[{"width":500,"height":500,"url":"https:\/\/shezamme.com\/wp-content\/uploads\/2022\/11\/Moncler-Maya-70-by-Palm-Angels-Jacket.jpg","type":"image\/jpeg"}],"twitter_card":"summary_large_image","twitter_site":"@SHEZAMME","twitter_misc":{"Est. reading time":"1 minute"},"schema":{"@context":"https:\/\/schema.org","@graph":[{"@type":"WebPage","@id":"https:\/\/shezamme.com\/sklep\/kurtki\/wszystkie-kurtki-streetwear\/moncler-maya-70-by-palm-angels-jacket\/","url":"https:\/\/shezamme.com\/sklep\/kurtki\/wszystkie-kurtki-streetwear\/moncler-maya-70-by-palm-angels-jacket\/","name":"Moncler Maya 70 by Palm Angels Jacket - SHEZAMME","isPartOf":{"@id":"https:\/\/shezamme.com\/#website"},"primaryImageOfPage":{"@id":"https:\/\/shezamme.com\/sklep\/kurtki\/wszystkie-kurtki-streetwear\/moncler-maya-70-by-palm-angels-jacket\/#primaryimage"},"image":{"@id":"https:\/\/shezamme.com\/sklep\/kurtki\/wszystkie-kurtki-streetwear\/moncler-maya-70-by-palm-angels-jacket\/#primaryimage"},"thumbnailUrl":"https:\/\/shezamme.com\/wp-content\/uploads\/2022\/11\/Moncler-Maya-70-by-Palm-Angels-Jacket.jpg","datePublished":"2022-11-10T18:09:37+00:00","dateModified":"2025-01-08T21:48:45+00:00","description":"Moncler Maya 70 by Palm Angels Jacket | Luksusowe i autentyczne przedmioty w jednym miejscu. B\u0105d\u017a na bie\u017c\u0105co i sprawd\u017a nasz\u0105 ofert\u0119 ju\u017c teraz","breadcrumb":{"@id":"https:\/\/shezamme.com\/sklep\/kurtki\/wszystkie-kurtki-streetwear\/moncler-maya-70-by-palm-angels-jacket\/#breadcrumb"},"inLanguage":"en-US","potentialAction":[{"@type":"ReadAction","target":["https:\/\/shezamme.com\/sklep\/kurtki\/wszystkie-kurtki-streetwear\/moncler-maya-70-by-palm-angels-jacket\/"]}]},{"@type":"ImageObject","inLanguage":"en-US","@id":"https:\/\/shezamme.com\/sklep\/kurtki\/wszystkie-kurtki-streetwear\/moncler-maya-70-by-palm-angels-jacket\/#primaryimage","url":"https:\/\/shezamme.com\/wp-content\/uploads\/2022\/11\/Moncler-Maya-70-by-Palm-Angels-Jacket.jpg","contentUrl":"https:\/\/shezamme.com\/wp-content\/uploads\/2022\/11\/Moncler-Maya-70-by-Palm-Angels-Jacket.jpg","width":500,"height":500,"caption":"Moncler Maya 70 by Palm Angels Jacket"},{"@type":"BreadcrumbList","@id":"https:\/\/shezamme.com\/sklep\/kurtki\/wszystkie-kurtki-streetwear\/moncler-maya-70-by-palm-angels-jacket\/#breadcrumb","itemListElement":[{"@type":"ListItem","position":1,"name":"Strona g\u0142\u00f3wna","item":"https:\/\/shezamme.com\/"},{"@type":"ListItem","position":2,"name":"Sklep","item":"https:\/\/shezamme.com\/sklep\/"},{"@type":"ListItem","position":3,"name":"Moncler Maya 70 by Palm Angels Jacket"}]},{"@type":"WebSite","@id":"https:\/\/shezamme.com\/#website","url":"https:\/\/shezamme.com\/","name":"SHEZAMME - Sneakers, Streetwear and luxury brands","description":"Original and exclusive items in one place. Check out our products now and stay up to date with all launches.","publisher":{"@id":"https:\/\/shezamme.com\/#organization"},"potentialAction":[{"@type":"SearchAction","target":{"@type":"EntryPoint","urlTemplate":"https:\/\/shezamme.com\/?s={search_term_string}"},"query-input":{"@type":"PropertyValueSpecification","valueRequired":true,"valueName":"search_term_string"}}],"inLanguage":"en-US"},{"@type":"Organization","@id":"https:\/\/shezamme.com\/#organization","name":"SHEZAMME - Sneakers, Streetwear and luxury brands","url":"https:\/\/shezamme.com\/","logo":{"@type":"ImageObject","inLanguage":"en-US","@id":"https:\/\/shezamme.com\/#\/schema\/logo\/image\/","url":"https:\/\/shezamme.com\/wp-content\/uploads\/2023\/02\/0x0.png","contentUrl":"https:\/\/shezamme.com\/wp-content\/uploads\/2023\/02\/0x0.png","width":2000,"height":2000,"caption":"SHEZAMME - Sneakersy, Streetwear i luksusowe marki"},"image":{"@id":"https:\/\/shezamme.com\/#\/schema\/logo\/image\/"},"sameAs":["https:\/\/www.facebook.com\/SHEZAMME\/","https:\/\/x.com\/SHEZAMME","https:\/\/www.instagram.com\/shezamme\/","https:\/\/www.youtube.com\/channel\/UCsTJxi_9fODHdO_1bmJbqvQ","https:\/\/www.tiktok.com\/shezamme.com"]}]}},"brands":[{"id":773,"name":"Moncler","slug":"moncler"}],"_links":{"self":[{"href":"https:\/\/shezamme.com\/en\/wp-json\/wp\/v2\/product\/19089","targetHints":{"allow":["GET"]}}],"collection":[{"href":"https:\/\/shezamme.com\/en\/wp-json\/wp\/v2\/product"}],"about":[{"href":"https:\/\/shezamme.com\/en\/wp-json\/wp\/v2\/types\/product"}],"wp:featuredmedia":[{"embeddable":true,"href":"https:\/\/shezamme.com\/en\/wp-json\/wp\/v2\/media\/19090"}],"wp:attachment":[{"href":"https:\/\/shezamme.com\/en\/wp-json\/wp\/v2\/media?parent=19089"}],"wp:term":[{"taxonomy":"pwb-brand","embeddable":true,"href":"https:\/\/shezamme.com\/en\/wp-json\/wp\/v2\/pwb-brand?post=19089"},{"taxonomy":"product_brand","embeddable":true,"href":"https:\/\/shezamme.com\/en\/wp-json\/wp\/v2\/product_brand?post=19089"},{"taxonomy":"product_cat","embeddable":true,"href":"https:\/\/shezamme.com\/en\/wp-json\/wp\/v2\/product_cat?post=19089"},{"taxonomy":"product_tag","embeddable":true,"href":"https:\/\/shezamme.com\/en\/wp-json\/wp\/v2\/product_tag?post=19089"}],"curies":[{"name":"wp","href":"https:\/\/api.w.org\/{rel}","templated":true}]}}