{"id":19046,"date":"2022-11-09T18:04:11","date_gmt":"2022-11-09T17:04:11","guid":{"rendered":"https:\/\/shezamme.com\/?post_type=product&#038;p=19046"},"modified":"2025-04-03T19:04:31","modified_gmt":"2025-04-03T17:04:31","slug":"yeezy-x-gap-x-balenciaga-dove-hoodie-dark-blue","status":"publish","type":"product","link":"https:\/\/shezamme.com\/en\/sklep\/bluzy\/wszystkie-bluzy\/yeezy-x-gap-x-balenciaga-dove-hoodie-dark-blue\/","title":{"rendered":"Yeezy x Gap x Balenciaga Dove Hoodie Dark Blue"},"content":{"rendered":"<h2 class=\"\" data-start=\"0\" data-end=\"78\">Yeezy Gap Balenciaga Dove Hoodie Dark Blue \u2013 streetwear jako duchowy symbol<\/h2>\n<p class=\"\" data-start=\"80\" data-end=\"342\">Dove Hoodie w kolorze Dark Blue to manifest prostoty i znaczenia. G\u0142\u0119boki, sprany granat i du\u017cy nadruk bia\u0142ego go\u0142\u0119bia na plecach tworz\u0105 bluzy, kt\u00f3re nios\u0105 przekaz \u2013 pokoju, duchowo\u015bci i odrodzenia \u2013 wpisuj\u0105c si\u0119 w artystyczn\u0105 wizj\u0119 Kanye Westa i Demny Gvasalii.<\/p>\n<h2 class=\"\" data-start=\"344\" data-end=\"379\">Rze\u017abiarska forma i surowy detal<\/h2>\n<p class=\"\" data-start=\"381\" data-end=\"658\">Wykonana z ci\u0119\u017ckiej, garment dyed bawe\u0142ny, bluza ma ekstremalnie oversize\u2019owy kr\u00f3j z szerokimi r\u0119kawami i skr\u00f3conym korpusem w duchu Balenciagi. Brak logotypu z przodu i minimalistyczny design podkre\u015blaj\u0105 jej konceptualny charakter \u2013 to wi\u0119cej ni\u017c hoodie, to modowa deklaracja.<\/p>","protected":false},"excerpt":{"rendered":"<h2 class=\"\" data-start=\"0\" data-end=\"63\">Yeezy Gap Dove Hoodie Dark Blue \u2013 cisza formy, si\u0142a przekazu<\/h2>\n<p class=\"\" data-start=\"65\" data-end=\"342\">Yeezy Gap Dove Hoodie w odcieniu Dark Blue to oversize\u2019owa bluza, kt\u00f3ra \u0142\u0105czy surow\u0105 form\u0119 z duchowym \u0142adunkiem. Matowy granat, strukturalna bawe\u0142na i nadruk bia\u0142ego go\u0142\u0119bia na plecach tworz\u0105 minimalistyczn\u0105, ale wyrazist\u0105 sylwetk\u0119 \u2013 modowy manifest w stylu Kanye i Balenciagi.<\/p>","protected":false},"featured_media":19032,"template":"","meta":{"_acf_changed":false,"_yoast_wpseo_focuskw":"Yeezy x Gap x Balenciaga Dove Hoodie 'Dark Blue\"","_yoast_wpseo_title":"","_yoast_wpseo_metadesc":""},"pwb-brand":[767,750],"product_brand":[],"product_cat":[113,936,929],"product_tag":[1008,1009],"class_list":{"0":"post-19046","1":"product","2":"type-product","3":"status-publish","4":"has-post-thumbnail","6":"pwb-brand-balenciaga","7":"pwb-brand-yeezy","8":"product_cat-bluzy","9":"product_cat-bluzy-yeezy-gap-balenciaga","10":"product_cat-wszystkie-bluzy","11":"product_tag-kobieta","12":"product_tag-mezczyzna","13":"pa_rozmiar-ubrania-l","14":"pa_rozmiar-ubrania-m","15":"pa_rozmiar-ubrania-s","16":"pa_rozmiar-ubrania-xl","17":"pa_rozmiar-ubrania-xs","19":"first","20":"onbackorder","21":"taxable","22":"shipping-taxable","23":"purchasable","24":"product-type-variable"},"acf":[],"yoast_head":"<!-- This site is optimized with the Yoast SEO plugin v27.4 - https:\/\/yoast.com\/product\/yoast-seo-wordpress\/ -->\n<title>Yeezy x Gap x Balenciaga Dove Hoodie Dark Blue - SHEZAMME<\/title>\n<meta name=\"description\" content=\"Yeezy x Gap x Balenciaga Dove Hoodie Dark Blue | Luksusowe i autentyczne przedmioty w jednym miejscu. B\u0105d\u017a na bie\u017c\u0105co i sprawd\u017a nasz\u0105 ofert\u0119 ju\u017c teraz\" \/>\n<meta name=\"robots\" content=\"index, follow, max-snippet:-1, max-image-preview:large, max-video-preview:-1\" \/>\n<link rel=\"canonical\" href=\"https:\/\/shezamme.com\/en\/sklep\/sweatshirts-2\/all-sweatshirts\/yeezy-x-gap-x-balenciaga-dove-hoodie-dark-blue\/\" \/>\n<meta property=\"og:locale\" content=\"en_US\" \/>\n<meta property=\"og:type\" content=\"article\" \/>\n<meta property=\"og:title\" content=\"Yeezy x Gap x Balenciaga Dove Hoodie Dark Blue - SHEZAMME\" \/>\n<meta property=\"og:description\" content=\"Yeezy x Gap x Balenciaga Dove Hoodie Dark Blue | Luksusowe i autentyczne przedmioty w jednym miejscu. B\u0105d\u017a na bie\u017c\u0105co i sprawd\u017a nasz\u0105 ofert\u0119 ju\u017c teraz\" \/>\n<meta property=\"og:url\" content=\"https:\/\/shezamme.com\/en\/sklep\/sweatshirts-2\/all-sweatshirts\/yeezy-x-gap-x-balenciaga-dove-hoodie-dark-blue\/\" \/>\n<meta property=\"og:site_name\" content=\"SHEZAMME - Yeezy, Jordan, Supreme i inne oryginalne rzeczy\" \/>\n<meta property=\"article:publisher\" content=\"https:\/\/www.facebook.com\/SHEZAMME\/\" \/>\n<meta property=\"article:modified_time\" content=\"2025-04-03T17:04:31+00:00\" \/>\n<meta property=\"og:image\" content=\"https:\/\/shezamme.com\/wp-content\/uploads\/2022\/11\/5.jpg\" \/>\n\t<meta property=\"og:image:width\" content=\"1850\" \/>\n\t<meta property=\"og:image:height\" content=\"1850\" \/>\n\t<meta property=\"og:image:type\" content=\"image\/jpeg\" \/>\n<meta name=\"twitter:card\" content=\"summary_large_image\" \/>\n<meta name=\"twitter:site\" content=\"@SHEZAMME\" \/>\n<meta name=\"twitter:label1\" content=\"Est. reading time\" \/>\n\t<meta name=\"twitter:data1\" content=\"1 minute\" \/>\n<script type=\"application\/ld+json\" class=\"yoast-schema-graph\">{\"@context\":\"https:\\\/\\\/schema.org\",\"@graph\":[{\"@type\":\"WebPage\",\"@id\":\"https:\\\/\\\/shezamme.com\\\/sklep\\\/bluzy\\\/wszystkie-bluzy\\\/yeezy-x-gap-x-balenciaga-dove-hoodie-dark-blue\\\/\",\"url\":\"https:\\\/\\\/shezamme.com\\\/sklep\\\/bluzy\\\/wszystkie-bluzy\\\/yeezy-x-gap-x-balenciaga-dove-hoodie-dark-blue\\\/\",\"name\":\"Yeezy x Gap x Balenciaga Dove Hoodie Dark Blue - SHEZAMME\",\"isPartOf\":{\"@id\":\"https:\\\/\\\/shezamme.com\\\/#website\"},\"primaryImageOfPage\":{\"@id\":\"https:\\\/\\\/shezamme.com\\\/sklep\\\/bluzy\\\/wszystkie-bluzy\\\/yeezy-x-gap-x-balenciaga-dove-hoodie-dark-blue\\\/#primaryimage\"},\"image\":{\"@id\":\"https:\\\/\\\/shezamme.com\\\/sklep\\\/bluzy\\\/wszystkie-bluzy\\\/yeezy-x-gap-x-balenciaga-dove-hoodie-dark-blue\\\/#primaryimage\"},\"thumbnailUrl\":\"https:\\\/\\\/shezamme.com\\\/wp-content\\\/uploads\\\/2022\\\/11\\\/5.jpg\",\"datePublished\":\"2022-11-09T17:04:11+00:00\",\"dateModified\":\"2025-04-03T17:04:31+00:00\",\"description\":\"Yeezy x Gap x Balenciaga Dove Hoodie Dark Blue | Luksusowe i autentyczne przedmioty w jednym miejscu. B\u0105d\u017a na bie\u017c\u0105co i sprawd\u017a nasz\u0105 ofert\u0119 ju\u017c teraz\",\"breadcrumb\":{\"@id\":\"https:\\\/\\\/shezamme.com\\\/sklep\\\/bluzy\\\/wszystkie-bluzy\\\/yeezy-x-gap-x-balenciaga-dove-hoodie-dark-blue\\\/#breadcrumb\"},\"inLanguage\":\"en-US\",\"potentialAction\":[{\"@type\":\"ReadAction\",\"target\":[\"https:\\\/\\\/shezamme.com\\\/sklep\\\/bluzy\\\/wszystkie-bluzy\\\/yeezy-x-gap-x-balenciaga-dove-hoodie-dark-blue\\\/\"]}]},{\"@type\":\"ImageObject\",\"inLanguage\":\"en-US\",\"@id\":\"https:\\\/\\\/shezamme.com\\\/sklep\\\/bluzy\\\/wszystkie-bluzy\\\/yeezy-x-gap-x-balenciaga-dove-hoodie-dark-blue\\\/#primaryimage\",\"url\":\"https:\\\/\\\/shezamme.com\\\/wp-content\\\/uploads\\\/2022\\\/11\\\/5.jpg\",\"contentUrl\":\"https:\\\/\\\/shezamme.com\\\/wp-content\\\/uploads\\\/2022\\\/11\\\/5.jpg\",\"width\":1850,\"height\":1850,\"caption\":\"Yeezy x Gap x Balenciaga Dove Hoodie 'Dark Blue\\\"\"},{\"@type\":\"BreadcrumbList\",\"@id\":\"https:\\\/\\\/shezamme.com\\\/sklep\\\/bluzy\\\/wszystkie-bluzy\\\/yeezy-x-gap-x-balenciaga-dove-hoodie-dark-blue\\\/#breadcrumb\",\"itemListElement\":[{\"@type\":\"ListItem\",\"position\":1,\"name\":\"Strona g\u0142\u00f3wna\",\"item\":\"https:\\\/\\\/shezamme.com\\\/\"},{\"@type\":\"ListItem\",\"position\":2,\"name\":\"Sklep\",\"item\":\"https:\\\/\\\/shezamme.com\\\/en\\\/sklep\\\/\"},{\"@type\":\"ListItem\",\"position\":3,\"name\":\"Yeezy x Gap x Balenciaga Dove Hoodie &#8216;Dark Blue&#8221;\"}]},{\"@type\":\"WebSite\",\"@id\":\"https:\\\/\\\/shezamme.com\\\/#website\",\"url\":\"https:\\\/\\\/shezamme.com\\\/\",\"name\":\"SHEZAMME - Sneakersy, Streetwear i luksusowe marki\",\"description\":\"Oryginalne i ekskluzywne przedmioty w jednym miejscu. Sprawd\u017a nasze produkty ju\u017c teraz i b\u0105d\u017a na bie\u017c\u0105co z wszystkimi premierami.\",\"publisher\":{\"@id\":\"https:\\\/\\\/shezamme.com\\\/#organization\"},\"potentialAction\":[{\"@type\":\"SearchAction\",\"target\":{\"@type\":\"EntryPoint\",\"urlTemplate\":\"https:\\\/\\\/shezamme.com\\\/?s={search_term_string}\"},\"query-input\":{\"@type\":\"PropertyValueSpecification\",\"valueRequired\":true,\"valueName\":\"search_term_string\"}}],\"inLanguage\":\"en-US\"},{\"@type\":\"Organization\",\"@id\":\"https:\\\/\\\/shezamme.com\\\/#organization\",\"name\":\"SHEZAMME - Sneakersy, Streetwear i luksusowe marki\",\"url\":\"https:\\\/\\\/shezamme.com\\\/\",\"logo\":{\"@type\":\"ImageObject\",\"inLanguage\":\"en-US\",\"@id\":\"https:\\\/\\\/shezamme.com\\\/#\\\/schema\\\/logo\\\/image\\\/\",\"url\":\"https:\\\/\\\/shezamme.com\\\/wp-content\\\/uploads\\\/2023\\\/02\\\/0x0.png\",\"contentUrl\":\"https:\\\/\\\/shezamme.com\\\/wp-content\\\/uploads\\\/2023\\\/02\\\/0x0.png\",\"width\":2000,\"height\":2000,\"caption\":\"SHEZAMME - Sneakersy, Streetwear i luksusowe marki\"},\"image\":{\"@id\":\"https:\\\/\\\/shezamme.com\\\/#\\\/schema\\\/logo\\\/image\\\/\"},\"sameAs\":[\"https:\\\/\\\/www.facebook.com\\\/SHEZAMME\\\/\",\"https:\\\/\\\/x.com\\\/SHEZAMME\",\"https:\\\/\\\/www.instagram.com\\\/shezamme\\\/\",\"https:\\\/\\\/www.youtube.com\\\/channel\\\/UCsTJxi_9fODHdO_1bmJbqvQ\",\"https:\\\/\\\/www.tiktok.com\\\/shezamme.com\"]}]}<\/script>\n<!-- \/ Yoast SEO plugin. -->","yoast_head_json":{"title":"Yeezy x Gap x Balenciaga Dove Hoodie Dark Blue - SHEZAMME","description":"Yeezy x Gap x Balenciaga Dove Hoodie Dark Blue | Luksusowe i autentyczne przedmioty w jednym miejscu. B\u0105d\u017a na bie\u017c\u0105co i sprawd\u017a nasz\u0105 ofert\u0119 ju\u017c teraz","robots":{"index":"index","follow":"follow","max-snippet":"max-snippet:-1","max-image-preview":"max-image-preview:large","max-video-preview":"max-video-preview:-1"},"canonical":"https:\/\/shezamme.com\/en\/sklep\/sweatshirts-2\/all-sweatshirts\/yeezy-x-gap-x-balenciaga-dove-hoodie-dark-blue\/","og_locale":"en_US","og_type":"article","og_title":"Yeezy x Gap x Balenciaga Dove Hoodie Dark Blue - SHEZAMME","og_description":"Yeezy x Gap x Balenciaga Dove Hoodie Dark Blue | Luksusowe i autentyczne przedmioty w jednym miejscu. B\u0105d\u017a na bie\u017c\u0105co i sprawd\u017a nasz\u0105 ofert\u0119 ju\u017c teraz","og_url":"https:\/\/shezamme.com\/en\/sklep\/sweatshirts-2\/all-sweatshirts\/yeezy-x-gap-x-balenciaga-dove-hoodie-dark-blue\/","og_site_name":"SHEZAMME - Yeezy, Jordan, Supreme i inne oryginalne rzeczy","article_publisher":"https:\/\/www.facebook.com\/SHEZAMME\/","article_modified_time":"2025-04-03T17:04:31+00:00","og_image":[{"width":1850,"height":1850,"url":"https:\/\/shezamme.com\/wp-content\/uploads\/2022\/11\/5.jpg","type":"image\/jpeg"}],"twitter_card":"summary_large_image","twitter_site":"@SHEZAMME","twitter_misc":{"Est. reading time":"1 minute"},"schema":{"@context":"https:\/\/schema.org","@graph":[{"@type":"WebPage","@id":"https:\/\/shezamme.com\/sklep\/bluzy\/wszystkie-bluzy\/yeezy-x-gap-x-balenciaga-dove-hoodie-dark-blue\/","url":"https:\/\/shezamme.com\/sklep\/bluzy\/wszystkie-bluzy\/yeezy-x-gap-x-balenciaga-dove-hoodie-dark-blue\/","name":"Yeezy x Gap x Balenciaga Dove Hoodie Dark Blue - SHEZAMME","isPartOf":{"@id":"https:\/\/shezamme.com\/#website"},"primaryImageOfPage":{"@id":"https:\/\/shezamme.com\/sklep\/bluzy\/wszystkie-bluzy\/yeezy-x-gap-x-balenciaga-dove-hoodie-dark-blue\/#primaryimage"},"image":{"@id":"https:\/\/shezamme.com\/sklep\/bluzy\/wszystkie-bluzy\/yeezy-x-gap-x-balenciaga-dove-hoodie-dark-blue\/#primaryimage"},"thumbnailUrl":"https:\/\/shezamme.com\/wp-content\/uploads\/2022\/11\/5.jpg","datePublished":"2022-11-09T17:04:11+00:00","dateModified":"2025-04-03T17:04:31+00:00","description":"Yeezy x Gap x Balenciaga Dove Hoodie Dark Blue | Luksusowe i autentyczne przedmioty w jednym miejscu. B\u0105d\u017a na bie\u017c\u0105co i sprawd\u017a nasz\u0105 ofert\u0119 ju\u017c teraz","breadcrumb":{"@id":"https:\/\/shezamme.com\/sklep\/bluzy\/wszystkie-bluzy\/yeezy-x-gap-x-balenciaga-dove-hoodie-dark-blue\/#breadcrumb"},"inLanguage":"en-US","potentialAction":[{"@type":"ReadAction","target":["https:\/\/shezamme.com\/sklep\/bluzy\/wszystkie-bluzy\/yeezy-x-gap-x-balenciaga-dove-hoodie-dark-blue\/"]}]},{"@type":"ImageObject","inLanguage":"en-US","@id":"https:\/\/shezamme.com\/sklep\/bluzy\/wszystkie-bluzy\/yeezy-x-gap-x-balenciaga-dove-hoodie-dark-blue\/#primaryimage","url":"https:\/\/shezamme.com\/wp-content\/uploads\/2022\/11\/5.jpg","contentUrl":"https:\/\/shezamme.com\/wp-content\/uploads\/2022\/11\/5.jpg","width":1850,"height":1850,"caption":"Yeezy x Gap x Balenciaga Dove Hoodie 'Dark Blue\""},{"@type":"BreadcrumbList","@id":"https:\/\/shezamme.com\/sklep\/bluzy\/wszystkie-bluzy\/yeezy-x-gap-x-balenciaga-dove-hoodie-dark-blue\/#breadcrumb","itemListElement":[{"@type":"ListItem","position":1,"name":"Strona g\u0142\u00f3wna","item":"https:\/\/shezamme.com\/"},{"@type":"ListItem","position":2,"name":"Sklep","item":"https:\/\/shezamme.com\/en\/sklep\/"},{"@type":"ListItem","position":3,"name":"Yeezy x Gap x Balenciaga Dove Hoodie &#8216;Dark Blue&#8221;"}]},{"@type":"WebSite","@id":"https:\/\/shezamme.com\/#website","url":"https:\/\/shezamme.com\/","name":"SHEZAMME - Sneakers, Streetwear and luxury brands","description":"Original and exclusive items in one place. Check out our products now and stay up to date with all launches.","publisher":{"@id":"https:\/\/shezamme.com\/#organization"},"potentialAction":[{"@type":"SearchAction","target":{"@type":"EntryPoint","urlTemplate":"https:\/\/shezamme.com\/?s={search_term_string}"},"query-input":{"@type":"PropertyValueSpecification","valueRequired":true,"valueName":"search_term_string"}}],"inLanguage":"en-US"},{"@type":"Organization","@id":"https:\/\/shezamme.com\/#organization","name":"SHEZAMME - Sneakers, Streetwear and luxury brands","url":"https:\/\/shezamme.com\/","logo":{"@type":"ImageObject","inLanguage":"en-US","@id":"https:\/\/shezamme.com\/#\/schema\/logo\/image\/","url":"https:\/\/shezamme.com\/wp-content\/uploads\/2023\/02\/0x0.png","contentUrl":"https:\/\/shezamme.com\/wp-content\/uploads\/2023\/02\/0x0.png","width":2000,"height":2000,"caption":"SHEZAMME - Sneakersy, Streetwear i luksusowe marki"},"image":{"@id":"https:\/\/shezamme.com\/#\/schema\/logo\/image\/"},"sameAs":["https:\/\/www.facebook.com\/SHEZAMME\/","https:\/\/x.com\/SHEZAMME","https:\/\/www.instagram.com\/shezamme\/","https:\/\/www.youtube.com\/channel\/UCsTJxi_9fODHdO_1bmJbqvQ","https:\/\/www.tiktok.com\/shezamme.com"]}]}},"brands":[{"id":767,"name":"Balenciaga","slug":"balenciaga"},{"id":750,"name":"Yeezy","slug":"yeezy"}],"_links":{"self":[{"href":"https:\/\/shezamme.com\/en\/wp-json\/wp\/v2\/product\/19046","targetHints":{"allow":["GET"]}}],"collection":[{"href":"https:\/\/shezamme.com\/en\/wp-json\/wp\/v2\/product"}],"about":[{"href":"https:\/\/shezamme.com\/en\/wp-json\/wp\/v2\/types\/product"}],"wp:featuredmedia":[{"embeddable":true,"href":"https:\/\/shezamme.com\/en\/wp-json\/wp\/v2\/media\/19032"}],"wp:attachment":[{"href":"https:\/\/shezamme.com\/en\/wp-json\/wp\/v2\/media?parent=19046"}],"wp:term":[{"taxonomy":"pwb-brand","embeddable":true,"href":"https:\/\/shezamme.com\/en\/wp-json\/wp\/v2\/pwb-brand?post=19046"},{"taxonomy":"product_brand","embeddable":true,"href":"https:\/\/shezamme.com\/en\/wp-json\/wp\/v2\/product_brand?post=19046"},{"taxonomy":"product_cat","embeddable":true,"href":"https:\/\/shezamme.com\/en\/wp-json\/wp\/v2\/product_cat?post=19046"},{"taxonomy":"product_tag","embeddable":true,"href":"https:\/\/shezamme.com\/en\/wp-json\/wp\/v2\/product_tag?post=19046"}],"curies":[{"name":"wp","href":"https:\/\/api.w.org\/{rel}","templated":true}]}}