{"id":190003,"date":"2025-05-10T01:16:42","date_gmt":"2025-05-09T23:16:42","guid":{"rendered":"https:\/\/shezamme.com\/?post_type=product&#038;p=190003"},"modified":"2025-05-10T01:16:43","modified_gmt":"2025-05-09T23:16:43","slug":"adidas-samba-millenium-naked-maha-core-black","status":"publish","type":"product","link":"https:\/\/shezamme.com\/en\/sklep\/buty\/adidas\/adidas-samba\/adidas-samba-millenium-naked-maha-core-black\/","title":{"rendered":"Adidas Samba Millenium Naked Maha Core Black"},"content":{"rendered":"<h2 class=\"\" data-start=\"0\" data-end=\"75\">Adidas Samba Millennium Naked x Maha \u2013 klasyk z minimalistycznym sznytem<\/h2>\n<p class=\"\" data-start=\"77\" data-end=\"515\">Wersja \u201eCore Black\u201d to efekt potr\u00f3jnej wsp\u00f3\u0142pracy marek adidas, Naked (Kopenhaga) i Maha (Amsterdam), kt\u00f3ra redefiniuje klasyczn\u0105 sylwetk\u0119 Samba Millennium w duchu wsp\u00f3\u0142czesnego, kobiecego designu. Czarno-kremowa kolorystyka z subtelnym z\u0142otym brandingiem wpisuje si\u0119 w estetyk\u0119 modowego minimalizmu i \u015bwiadomego stylu. To projekt, kt\u00f3ry stawia na detale: wysokogatunkow\u0105 licow\u0105 sk\u00f3r\u0119, mi\u0119kkie zamszowe panele i karmelow\u0105 gumow\u0105 podeszw\u0119.<\/p>\n<p class=\"\" data-start=\"517\" data-end=\"769\">Ca\u0142o\u015b\u0107 uzupe\u0142nia co-branding, delikatnie zaznaczony na j\u0119zyku i wk\u0142adkach, oraz tonalna tekstylna wy\u015bci\u00f3\u0142ka zapewniaj\u0105ca komfort i sp\u00f3jno\u015b\u0107 stylistyczn\u0105. Model jest przyk\u0142adem tego, jak mo\u017cna po\u0142\u0105czy\u0107 sportowe dziedzictwo z subteln\u0105, miejsk\u0105 elegancj\u0105.<\/p>\n<h2 class=\"\" data-start=\"771\" data-end=\"810\">Przemy\u015blany design w kobiecej formie<\/h2>\n<p class=\"\" data-start=\"812\" data-end=\"1188\">adidas Samba Millennium w tej edycji to \u015bwiadome projektowanie \u2013 zar\u00f3wno pod wzgl\u0119dem estetyki, jak i przes\u0142ania. Zrodzony z kolaboracji trzech marek prowadzonych przez kobiety, model symbolizuje wsp\u00f3lnot\u0119, jako\u015b\u0107 i \u015bwiadome wybory. Niezale\u017cnie od stylizacji \u2013 kapsu\u0142owej, minimalistycznej czy bardziej wyrazistej \u2013 ta para wnosi modowy balans mi\u0119dzy klasyk\u0105 a nowoczesno\u015bci\u0105.<\/p>","protected":false},"excerpt":{"rendered":"<h2 class=\"\" data-start=\"1190\" data-end=\"1276\">Adidas Samba Millennium Naked x Maha &#8222;Core Black&#8221; \u2013 czer\u0144 z europejskim charakterem<\/h2>\n<p class=\"\" data-start=\"1278\" data-end=\"1428\">Czarno-kremowa estetyka, karmelowa podeszwa i subtelne z\u0142ote detale \u2014 idealne sneakersy dla tych, kt\u00f3rzy ceni\u0105 funkcjonalny styl z modowym podtekstem.<\/p>","protected":false},"featured_media":191143,"template":"","meta":{"_acf_changed":false,"_yoast_wpseo_focuskw":"","_yoast_wpseo_title":"","_yoast_wpseo_metadesc":""},"pwb-brand":[748],"product_brand":[],"product_cat":[16,809,76],"product_tag":[1008,1009],"class_list":{"0":"post-190003","1":"product","2":"type-product","3":"status-publish","4":"has-post-thumbnail","6":"pwb-brand-adidas","7":"product_cat-buty","8":"product_cat-adidas-samba","9":"product_cat-adidas","10":"product_tag-kobieta","11":"product_tag-mezczyzna","13":"first","14":"onbackorder","15":"taxable","16":"shipping-taxable","17":"purchasable","18":"product-type-variable"},"acf":[],"yoast_head":"<!-- This site is optimized with the Yoast SEO plugin v27.4 - https:\/\/yoast.com\/product\/yoast-seo-wordpress\/ -->\n<title>Adidas Samba Millenium Naked Maha Core Black - SHEZAMME<\/title>\n<meta name=\"description\" content=\"Adidas Samba Millenium Naked Maha Core Black | Luksusowe i autentyczne przedmioty w jednym miejscu. B\u0105d\u017a na bie\u017c\u0105co i sprawd\u017a nasz\u0105 ofert\u0119 ju\u017c teraz\" \/>\n<meta name=\"robots\" content=\"index, follow, max-snippet:-1, max-image-preview:large, max-video-preview:-1\" \/>\n<link rel=\"canonical\" href=\"https:\/\/shezamme.com\/en\/sklep\/sneakers-2\/adidas\/adidas-samba\/adidas-samba-millenium-naked-maha-core-black\/\" \/>\n<meta property=\"og:locale\" content=\"en_US\" \/>\n<meta property=\"og:type\" content=\"article\" \/>\n<meta property=\"og:title\" content=\"Adidas Samba Millenium Naked Maha Core Black - SHEZAMME\" \/>\n<meta property=\"og:description\" content=\"Adidas Samba Millenium Naked Maha Core Black | Luksusowe i autentyczne przedmioty w jednym miejscu. B\u0105d\u017a na bie\u017c\u0105co i sprawd\u017a nasz\u0105 ofert\u0119 ju\u017c teraz\" \/>\n<meta property=\"og:url\" content=\"https:\/\/shezamme.com\/en\/sklep\/sneakers-2\/adidas\/adidas-samba\/adidas-samba-millenium-naked-maha-core-black\/\" \/>\n<meta property=\"og:site_name\" content=\"SHEZAMME - Yeezy, Jordan, Supreme i inne oryginalne rzeczy\" \/>\n<meta property=\"article:publisher\" content=\"https:\/\/www.facebook.com\/SHEZAMME\/\" \/>\n<meta property=\"article:modified_time\" content=\"2025-05-09T23:16:43+00:00\" \/>\n<meta property=\"og:image\" content=\"https:\/\/shezamme.com\/wp-content\/uploads\/2025\/05\/naked-x-maha-x-samba-millennium-black-white-1.webp\" \/>\n\t<meta property=\"og:image:width\" content=\"867\" \/>\n\t<meta property=\"og:image:height\" content=\"399\" \/>\n\t<meta property=\"og:image:type\" content=\"image\/webp\" \/>\n<meta name=\"twitter:card\" content=\"summary_large_image\" \/>\n<meta name=\"twitter:site\" content=\"@SHEZAMME\" \/>\n<meta name=\"twitter:label1\" content=\"Est. reading time\" \/>\n\t<meta name=\"twitter:data1\" content=\"1 minute\" \/>\n<script type=\"application\/ld+json\" class=\"yoast-schema-graph\">{\"@context\":\"https:\\\/\\\/schema.org\",\"@graph\":[{\"@type\":\"WebPage\",\"@id\":\"https:\\\/\\\/shezamme.com\\\/sklep\\\/buty\\\/adidas\\\/adidas-samba\\\/adidas-samba-millenium-naked-maha-core-black\\\/\",\"url\":\"https:\\\/\\\/shezamme.com\\\/sklep\\\/buty\\\/adidas\\\/adidas-samba\\\/adidas-samba-millenium-naked-maha-core-black\\\/\",\"name\":\"Adidas Samba Millenium Naked Maha Core Black - SHEZAMME\",\"isPartOf\":{\"@id\":\"https:\\\/\\\/shezamme.com\\\/#website\"},\"primaryImageOfPage\":{\"@id\":\"https:\\\/\\\/shezamme.com\\\/sklep\\\/buty\\\/adidas\\\/adidas-samba\\\/adidas-samba-millenium-naked-maha-core-black\\\/#primaryimage\"},\"image\":{\"@id\":\"https:\\\/\\\/shezamme.com\\\/sklep\\\/buty\\\/adidas\\\/adidas-samba\\\/adidas-samba-millenium-naked-maha-core-black\\\/#primaryimage\"},\"thumbnailUrl\":\"https:\\\/\\\/shezamme.com\\\/wp-content\\\/uploads\\\/2025\\\/05\\\/naked-x-maha-x-samba-millennium-black-white-1.webp\",\"datePublished\":\"2025-05-09T23:16:42+00:00\",\"dateModified\":\"2025-05-09T23:16:43+00:00\",\"description\":\"Adidas Samba Millenium Naked Maha Core Black | Luksusowe i autentyczne przedmioty w jednym miejscu. B\u0105d\u017a na bie\u017c\u0105co i sprawd\u017a nasz\u0105 ofert\u0119 ju\u017c teraz\",\"breadcrumb\":{\"@id\":\"https:\\\/\\\/shezamme.com\\\/sklep\\\/buty\\\/adidas\\\/adidas-samba\\\/adidas-samba-millenium-naked-maha-core-black\\\/#breadcrumb\"},\"inLanguage\":\"en-US\",\"potentialAction\":[{\"@type\":\"ReadAction\",\"target\":[\"https:\\\/\\\/shezamme.com\\\/sklep\\\/buty\\\/adidas\\\/adidas-samba\\\/adidas-samba-millenium-naked-maha-core-black\\\/\"]}]},{\"@type\":\"ImageObject\",\"inLanguage\":\"en-US\",\"@id\":\"https:\\\/\\\/shezamme.com\\\/sklep\\\/buty\\\/adidas\\\/adidas-samba\\\/adidas-samba-millenium-naked-maha-core-black\\\/#primaryimage\",\"url\":\"https:\\\/\\\/shezamme.com\\\/wp-content\\\/uploads\\\/2025\\\/05\\\/naked-x-maha-x-samba-millennium-black-white-1.webp\",\"contentUrl\":\"https:\\\/\\\/shezamme.com\\\/wp-content\\\/uploads\\\/2025\\\/05\\\/naked-x-maha-x-samba-millennium-black-white-1.webp\",\"width\":867,\"height\":399},{\"@type\":\"BreadcrumbList\",\"@id\":\"https:\\\/\\\/shezamme.com\\\/sklep\\\/buty\\\/adidas\\\/adidas-samba\\\/adidas-samba-millenium-naked-maha-core-black\\\/#breadcrumb\",\"itemListElement\":[{\"@type\":\"ListItem\",\"position\":1,\"name\":\"Strona g\u0142\u00f3wna\",\"item\":\"https:\\\/\\\/shezamme.com\\\/\"},{\"@type\":\"ListItem\",\"position\":2,\"name\":\"Sklep\",\"item\":\"https:\\\/\\\/shezamme.com\\\/en\\\/sklep\\\/\"},{\"@type\":\"ListItem\",\"position\":3,\"name\":\"Adidas Samba Millenium Naked Maha Core Black\"}]},{\"@type\":\"WebSite\",\"@id\":\"https:\\\/\\\/shezamme.com\\\/#website\",\"url\":\"https:\\\/\\\/shezamme.com\\\/\",\"name\":\"SHEZAMME - Sneakersy, Streetwear i luksusowe marki\",\"description\":\"Oryginalne i ekskluzywne przedmioty w jednym miejscu. Sprawd\u017a nasze produkty ju\u017c teraz i b\u0105d\u017a na bie\u017c\u0105co z wszystkimi premierami.\",\"publisher\":{\"@id\":\"https:\\\/\\\/shezamme.com\\\/#organization\"},\"potentialAction\":[{\"@type\":\"SearchAction\",\"target\":{\"@type\":\"EntryPoint\",\"urlTemplate\":\"https:\\\/\\\/shezamme.com\\\/?s={search_term_string}\"},\"query-input\":{\"@type\":\"PropertyValueSpecification\",\"valueRequired\":true,\"valueName\":\"search_term_string\"}}],\"inLanguage\":\"en-US\"},{\"@type\":\"Organization\",\"@id\":\"https:\\\/\\\/shezamme.com\\\/#organization\",\"name\":\"SHEZAMME - Sneakersy, Streetwear i luksusowe marki\",\"url\":\"https:\\\/\\\/shezamme.com\\\/\",\"logo\":{\"@type\":\"ImageObject\",\"inLanguage\":\"en-US\",\"@id\":\"https:\\\/\\\/shezamme.com\\\/#\\\/schema\\\/logo\\\/image\\\/\",\"url\":\"https:\\\/\\\/shezamme.com\\\/wp-content\\\/uploads\\\/2023\\\/02\\\/0x0.png\",\"contentUrl\":\"https:\\\/\\\/shezamme.com\\\/wp-content\\\/uploads\\\/2023\\\/02\\\/0x0.png\",\"width\":2000,\"height\":2000,\"caption\":\"SHEZAMME - Sneakersy, Streetwear i luksusowe marki\"},\"image\":{\"@id\":\"https:\\\/\\\/shezamme.com\\\/#\\\/schema\\\/logo\\\/image\\\/\"},\"sameAs\":[\"https:\\\/\\\/www.facebook.com\\\/SHEZAMME\\\/\",\"https:\\\/\\\/x.com\\\/SHEZAMME\",\"https:\\\/\\\/www.instagram.com\\\/shezamme\\\/\",\"https:\\\/\\\/www.youtube.com\\\/channel\\\/UCsTJxi_9fODHdO_1bmJbqvQ\",\"https:\\\/\\\/www.tiktok.com\\\/shezamme.com\"]}]}<\/script>\n<!-- \/ Yoast SEO plugin. -->","yoast_head_json":{"title":"Adidas Samba Millenium Naked Maha Core Black - SHEZAMME","description":"Adidas Samba Millenium Naked Maha Core Black | Luksusowe i autentyczne przedmioty w jednym miejscu. B\u0105d\u017a na bie\u017c\u0105co i sprawd\u017a nasz\u0105 ofert\u0119 ju\u017c teraz","robots":{"index":"index","follow":"follow","max-snippet":"max-snippet:-1","max-image-preview":"max-image-preview:large","max-video-preview":"max-video-preview:-1"},"canonical":"https:\/\/shezamme.com\/en\/sklep\/sneakers-2\/adidas\/adidas-samba\/adidas-samba-millenium-naked-maha-core-black\/","og_locale":"en_US","og_type":"article","og_title":"Adidas Samba Millenium Naked Maha Core Black - SHEZAMME","og_description":"Adidas Samba Millenium Naked Maha Core Black | Luksusowe i autentyczne przedmioty w jednym miejscu. B\u0105d\u017a na bie\u017c\u0105co i sprawd\u017a nasz\u0105 ofert\u0119 ju\u017c teraz","og_url":"https:\/\/shezamme.com\/en\/sklep\/sneakers-2\/adidas\/adidas-samba\/adidas-samba-millenium-naked-maha-core-black\/","og_site_name":"SHEZAMME - Yeezy, Jordan, Supreme i inne oryginalne rzeczy","article_publisher":"https:\/\/www.facebook.com\/SHEZAMME\/","article_modified_time":"2025-05-09T23:16:43+00:00","og_image":[{"width":867,"height":399,"url":"https:\/\/shezamme.com\/wp-content\/uploads\/2025\/05\/naked-x-maha-x-samba-millennium-black-white-1.webp","type":"image\/webp"}],"twitter_card":"summary_large_image","twitter_site":"@SHEZAMME","twitter_misc":{"Est. reading time":"1 minute"},"schema":{"@context":"https:\/\/schema.org","@graph":[{"@type":"WebPage","@id":"https:\/\/shezamme.com\/sklep\/buty\/adidas\/adidas-samba\/adidas-samba-millenium-naked-maha-core-black\/","url":"https:\/\/shezamme.com\/sklep\/buty\/adidas\/adidas-samba\/adidas-samba-millenium-naked-maha-core-black\/","name":"Adidas Samba Millenium Naked Maha Core Black - SHEZAMME","isPartOf":{"@id":"https:\/\/shezamme.com\/#website"},"primaryImageOfPage":{"@id":"https:\/\/shezamme.com\/sklep\/buty\/adidas\/adidas-samba\/adidas-samba-millenium-naked-maha-core-black\/#primaryimage"},"image":{"@id":"https:\/\/shezamme.com\/sklep\/buty\/adidas\/adidas-samba\/adidas-samba-millenium-naked-maha-core-black\/#primaryimage"},"thumbnailUrl":"https:\/\/shezamme.com\/wp-content\/uploads\/2025\/05\/naked-x-maha-x-samba-millennium-black-white-1.webp","datePublished":"2025-05-09T23:16:42+00:00","dateModified":"2025-05-09T23:16:43+00:00","description":"Adidas Samba Millenium Naked Maha Core Black | Luksusowe i autentyczne przedmioty w jednym miejscu. B\u0105d\u017a na bie\u017c\u0105co i sprawd\u017a nasz\u0105 ofert\u0119 ju\u017c teraz","breadcrumb":{"@id":"https:\/\/shezamme.com\/sklep\/buty\/adidas\/adidas-samba\/adidas-samba-millenium-naked-maha-core-black\/#breadcrumb"},"inLanguage":"en-US","potentialAction":[{"@type":"ReadAction","target":["https:\/\/shezamme.com\/sklep\/buty\/adidas\/adidas-samba\/adidas-samba-millenium-naked-maha-core-black\/"]}]},{"@type":"ImageObject","inLanguage":"en-US","@id":"https:\/\/shezamme.com\/sklep\/buty\/adidas\/adidas-samba\/adidas-samba-millenium-naked-maha-core-black\/#primaryimage","url":"https:\/\/shezamme.com\/wp-content\/uploads\/2025\/05\/naked-x-maha-x-samba-millennium-black-white-1.webp","contentUrl":"https:\/\/shezamme.com\/wp-content\/uploads\/2025\/05\/naked-x-maha-x-samba-millennium-black-white-1.webp","width":867,"height":399},{"@type":"BreadcrumbList","@id":"https:\/\/shezamme.com\/sklep\/buty\/adidas\/adidas-samba\/adidas-samba-millenium-naked-maha-core-black\/#breadcrumb","itemListElement":[{"@type":"ListItem","position":1,"name":"Strona g\u0142\u00f3wna","item":"https:\/\/shezamme.com\/"},{"@type":"ListItem","position":2,"name":"Sklep","item":"https:\/\/shezamme.com\/en\/sklep\/"},{"@type":"ListItem","position":3,"name":"Adidas Samba Millenium Naked Maha Core Black"}]},{"@type":"WebSite","@id":"https:\/\/shezamme.com\/#website","url":"https:\/\/shezamme.com\/","name":"SHEZAMME - Sneakers, Streetwear and luxury brands","description":"Original and exclusive items in one place. Check out our products now and stay up to date with all launches.","publisher":{"@id":"https:\/\/shezamme.com\/#organization"},"potentialAction":[{"@type":"SearchAction","target":{"@type":"EntryPoint","urlTemplate":"https:\/\/shezamme.com\/?s={search_term_string}"},"query-input":{"@type":"PropertyValueSpecification","valueRequired":true,"valueName":"search_term_string"}}],"inLanguage":"en-US"},{"@type":"Organization","@id":"https:\/\/shezamme.com\/#organization","name":"SHEZAMME - Sneakers, Streetwear and luxury brands","url":"https:\/\/shezamme.com\/","logo":{"@type":"ImageObject","inLanguage":"en-US","@id":"https:\/\/shezamme.com\/#\/schema\/logo\/image\/","url":"https:\/\/shezamme.com\/wp-content\/uploads\/2023\/02\/0x0.png","contentUrl":"https:\/\/shezamme.com\/wp-content\/uploads\/2023\/02\/0x0.png","width":2000,"height":2000,"caption":"SHEZAMME - Sneakersy, Streetwear i luksusowe marki"},"image":{"@id":"https:\/\/shezamme.com\/#\/schema\/logo\/image\/"},"sameAs":["https:\/\/www.facebook.com\/SHEZAMME\/","https:\/\/x.com\/SHEZAMME","https:\/\/www.instagram.com\/shezamme\/","https:\/\/www.youtube.com\/channel\/UCsTJxi_9fODHdO_1bmJbqvQ","https:\/\/www.tiktok.com\/shezamme.com"]}]}},"brands":[{"id":748,"name":"Adidas","slug":"adidas"}],"_links":{"self":[{"href":"https:\/\/shezamme.com\/en\/wp-json\/wp\/v2\/product\/190003","targetHints":{"allow":["GET"]}}],"collection":[{"href":"https:\/\/shezamme.com\/en\/wp-json\/wp\/v2\/product"}],"about":[{"href":"https:\/\/shezamme.com\/en\/wp-json\/wp\/v2\/types\/product"}],"wp:featuredmedia":[{"embeddable":true,"href":"https:\/\/shezamme.com\/en\/wp-json\/wp\/v2\/media\/191143"}],"wp:attachment":[{"href":"https:\/\/shezamme.com\/en\/wp-json\/wp\/v2\/media?parent=190003"}],"wp:term":[{"taxonomy":"pwb-brand","embeddable":true,"href":"https:\/\/shezamme.com\/en\/wp-json\/wp\/v2\/pwb-brand?post=190003"},{"taxonomy":"product_brand","embeddable":true,"href":"https:\/\/shezamme.com\/en\/wp-json\/wp\/v2\/product_brand?post=190003"},{"taxonomy":"product_cat","embeddable":true,"href":"https:\/\/shezamme.com\/en\/wp-json\/wp\/v2\/product_cat?post=190003"},{"taxonomy":"product_tag","embeddable":true,"href":"https:\/\/shezamme.com\/en\/wp-json\/wp\/v2\/product_tag?post=190003"}],"curies":[{"name":"wp","href":"https:\/\/api.w.org\/{rel}","templated":true}]}}