{"id":189993,"date":"2025-05-10T00:55:44","date_gmt":"2025-05-09T22:55:44","guid":{"rendered":"https:\/\/shezamme.com\/?post_type=product&#038;p=189993"},"modified":"2025-05-19T19:51:19","modified_gmt":"2025-05-19T17:51:19","slug":"air-jordan-3-retro-og-sp-a-ma-maniere-diffused-blue","status":"publish","type":"product","link":"https:\/\/shezamme.com\/en\/sklep\/buty\/air-jordan\/air-jordan-3\/air-jordan-3-retro-og-sp-a-ma-maniere-diffused-blue\/","title":{"rendered":"Air Jordan 3 Retro OG SP A Ma Mani\u00e9re Diffused Blue"},"content":{"rendered":"<h2 class=\"\" data-start=\"0\" data-end=\"87\">Air Jordan 3 Retro OG SP A Ma Mani\u00e9re &#8222;Diffused Blue&#8221; \u2013 klasyka w luksusowym wydaniu<\/h2>\n<p class=\"\" data-start=\"89\" data-end=\"635\">Model Air Jordan 3 w wersji &#8222;Diffused Blue&#8221; to kolejna ods\u0142ona cenionej wsp\u00f3\u0142pracy Jordan Brand z butikow\u0105 mark\u0105 A Ma Mani\u00e9re, znan\u0105 z minimalistycznej estetyki i g\u0142\u0119bokiej narracji kulturowej. Po\u0142\u0105czenie bia\u0142ej sk\u00f3ry premium z zamszowymi panelami w odcieniu granatowej szaro\u015bci oraz kremowymi detalami tworzy elegancki, a zarazem subtelnie postarzany wygl\u0105d. Charakterystyczna dla serii AMM pikowana wy\u015bci\u00f3\u0142ka oraz staranne wyko\u0144czenia podkre\u015blaj\u0105 luksusowy charakter tej edycji, zachowuj\u0105c jednocze\u015bnie sportowe DNA klasycznego AJ3 z 1988 roku.<\/p>\n<p class=\"\" data-start=\"637\" data-end=\"1058\">Detale jak widoczna poduszka Air, stylizowana podeszwa w kolorze Sail oraz branding A Ma Mani\u00e9re \u2014 od j\u0119zyka po wk\u0142adki \u2014 dope\u0142niaj\u0105 ca\u0142o\u015bci. Ka\u017cdy element modelu, od kolorystyki po materia\u0142y, zosta\u0142 starannie przemy\u015blany w duchu narracji o kobiecej sile i dziedzictwie kulturowym, kt\u00f3re AMM podkre\u015bla w swoich projektach. Ten model to zar\u00f3wno wyrafinowany dodatek do stylizacji, jak i warto\u015bciowy element kolekcjonerski.<\/p>\n<h2 class=\"\" data-start=\"1060\" data-end=\"1100\">Luksus spotyka dziedzictwo koszyk\u00f3wki<\/h2>\n<p class=\"\" data-start=\"1102\" data-end=\"1338\">But ten jest przyk\u0142adem, jak klasyczna sylwetka mo\u017ce zyska\u0107 nowy wymiar dzi\u0119ki subtelnej, a zarazem g\u0142\u0119boko znacz\u0105cej reinterpretacji. Estetyka AMM nadaje ikonicznemu modelowi Jordan 3 dojrza\u0142o\u015bci, bez utraty jego sportowego charakteru.<\/p>","protected":false},"excerpt":{"rendered":"<h2 class=\"\" data-start=\"1340\" data-end=\"1410\">Air Jordan 3 &#8222;Diffused Blue&#8221; \u2013 balans mi\u0119dzy retro a wyrafinowaniem<\/h2>\n<p class=\"\" data-start=\"1412\" data-end=\"1577\">Subtelna gra tekstur i kolor\u00f3w w po\u0142\u0105czeniu z luksusow\u0105 wy\u015bci\u00f3\u0142k\u0105 czyni ten model jednym z najbardziej eleganckich wariant\u00f3w AJ3 w historii kolaboracji Jordan Brand.<\/p>","protected":false},"featured_media":190333,"template":"","meta":{"_acf_changed":false,"_yoast_wpseo_focuskw":"","_yoast_wpseo_title":"","_yoast_wpseo_metadesc":""},"pwb-brand":[1179,749,756],"product_brand":[],"product_cat":[16,17,314],"product_tag":[1008,1009],"class_list":{"0":"post-189993","1":"product","2":"type-product","3":"status-publish","4":"has-post-thumbnail","6":"pwb-brand-a-ma-maniere","7":"pwb-brand-air-jordan","8":"pwb-brand-nike","9":"product_cat-buty","10":"product_cat-air-jordan","11":"product_cat-air-jordan-3","12":"product_tag-kobieta","13":"product_tag-mezczyzna","15":"first","16":"onbackorder","17":"taxable","18":"shipping-taxable","19":"purchasable","20":"product-type-variable"},"acf":[],"yoast_head":"<!-- This site is optimized with the Yoast SEO plugin v27.3 - https:\/\/yoast.com\/product\/yoast-seo-wordpress\/ -->\n<title>Air Jordan 3 Retro OG SP A Ma Mani\u00e9re Diffused Blue - SHEZAMME<\/title>\n<meta name=\"description\" content=\"Air Jordan 3 Retro OG SP A Ma Mani\u00e9re Diffused Blue | Luksusowe i autentyczne przedmioty w jednym miejscu. B\u0105d\u017a na bie\u017c\u0105co i sprawd\u017a nasz\u0105 ofert\u0119 ju\u017c teraz\" \/>\n<meta name=\"robots\" content=\"index, follow, max-snippet:-1, max-image-preview:large, max-video-preview:-1\" \/>\n<link rel=\"canonical\" href=\"https:\/\/shezamme.com\/en\/sklep\/sneakers-2\/air-jordan\/air-jordan-3\/air-jordan-3-retro-og-sp-a-ma-maniere-diffused-blue\/\" \/>\n<meta property=\"og:locale\" content=\"en_US\" \/>\n<meta property=\"og:type\" content=\"article\" \/>\n<meta property=\"og:title\" content=\"Air Jordan 3 Retro OG SP A Ma Mani\u00e9re Diffused Blue - SHEZAMME\" \/>\n<meta property=\"og:description\" content=\"Air Jordan 3 Retro OG SP A Ma Mani\u00e9re Diffused Blue | Luksusowe i autentyczne przedmioty w jednym miejscu. B\u0105d\u017a na bie\u017c\u0105co i sprawd\u017a nasz\u0105 ofert\u0119 ju\u017c teraz\" \/>\n<meta property=\"og:url\" content=\"https:\/\/shezamme.com\/en\/sklep\/sneakers-2\/air-jordan\/air-jordan-3\/air-jordan-3-retro-og-sp-a-ma-maniere-diffused-blue\/\" \/>\n<meta property=\"og:site_name\" content=\"SHEZAMME - Yeezy, Jordan, Supreme i inne oryginalne rzeczy\" \/>\n<meta property=\"article:publisher\" content=\"https:\/\/www.facebook.com\/SHEZAMME\/\" \/>\n<meta property=\"article:modified_time\" content=\"2025-05-19T17:51:19+00:00\" \/>\n<meta property=\"og:image\" content=\"https:\/\/shezamme.com\/wp-content\/uploads\/2025\/05\/Jordan-3-Retro-OG-SP-A-Ma-Maniere-Diffused-Blue-1.webp\" \/>\n\t<meta property=\"og:image:width\" content=\"1000\" \/>\n\t<meta property=\"og:image:height\" content=\"590\" \/>\n\t<meta property=\"og:image:type\" content=\"image\/webp\" \/>\n<meta name=\"twitter:card\" content=\"summary_large_image\" \/>\n<meta name=\"twitter:site\" content=\"@SHEZAMME\" \/>\n<meta name=\"twitter:label1\" content=\"Est. reading time\" \/>\n\t<meta name=\"twitter:data1\" content=\"1 minute\" \/>\n<script type=\"application\/ld+json\" class=\"yoast-schema-graph\">{\"@context\":\"https:\\\/\\\/schema.org\",\"@graph\":[{\"@type\":\"WebPage\",\"@id\":\"https:\\\/\\\/shezamme.com\\\/sklep\\\/buty\\\/air-jordan\\\/air-jordan-3\\\/air-jordan-3-retro-og-sp-a-ma-maniere-diffused-blue\\\/\",\"url\":\"https:\\\/\\\/shezamme.com\\\/sklep\\\/buty\\\/air-jordan\\\/air-jordan-3\\\/air-jordan-3-retro-og-sp-a-ma-maniere-diffused-blue\\\/\",\"name\":\"Air Jordan 3 Retro OG SP A Ma Mani\u00e9re Diffused Blue - SHEZAMME\",\"isPartOf\":{\"@id\":\"https:\\\/\\\/shezamme.com\\\/#website\"},\"primaryImageOfPage\":{\"@id\":\"https:\\\/\\\/shezamme.com\\\/sklep\\\/buty\\\/air-jordan\\\/air-jordan-3\\\/air-jordan-3-retro-og-sp-a-ma-maniere-diffused-blue\\\/#primaryimage\"},\"image\":{\"@id\":\"https:\\\/\\\/shezamme.com\\\/sklep\\\/buty\\\/air-jordan\\\/air-jordan-3\\\/air-jordan-3-retro-og-sp-a-ma-maniere-diffused-blue\\\/#primaryimage\"},\"thumbnailUrl\":\"https:\\\/\\\/shezamme.com\\\/wp-content\\\/uploads\\\/2025\\\/05\\\/Jordan-3-Retro-OG-SP-A-Ma-Maniere-Diffused-Blue-1.webp\",\"datePublished\":\"2025-05-09T22:55:44+00:00\",\"dateModified\":\"2025-05-19T17:51:19+00:00\",\"description\":\"Air Jordan 3 Retro OG SP A Ma Mani\u00e9re Diffused Blue | Luksusowe i autentyczne przedmioty w jednym miejscu. B\u0105d\u017a na bie\u017c\u0105co i sprawd\u017a nasz\u0105 ofert\u0119 ju\u017c teraz\",\"breadcrumb\":{\"@id\":\"https:\\\/\\\/shezamme.com\\\/sklep\\\/buty\\\/air-jordan\\\/air-jordan-3\\\/air-jordan-3-retro-og-sp-a-ma-maniere-diffused-blue\\\/#breadcrumb\"},\"inLanguage\":\"en-US\",\"potentialAction\":[{\"@type\":\"ReadAction\",\"target\":[\"https:\\\/\\\/shezamme.com\\\/sklep\\\/buty\\\/air-jordan\\\/air-jordan-3\\\/air-jordan-3-retro-og-sp-a-ma-maniere-diffused-blue\\\/\"]}]},{\"@type\":\"ImageObject\",\"inLanguage\":\"en-US\",\"@id\":\"https:\\\/\\\/shezamme.com\\\/sklep\\\/buty\\\/air-jordan\\\/air-jordan-3\\\/air-jordan-3-retro-og-sp-a-ma-maniere-diffused-blue\\\/#primaryimage\",\"url\":\"https:\\\/\\\/shezamme.com\\\/wp-content\\\/uploads\\\/2025\\\/05\\\/Jordan-3-Retro-OG-SP-A-Ma-Maniere-Diffused-Blue-1.webp\",\"contentUrl\":\"https:\\\/\\\/shezamme.com\\\/wp-content\\\/uploads\\\/2025\\\/05\\\/Jordan-3-Retro-OG-SP-A-Ma-Maniere-Diffused-Blue-1.webp\",\"width\":1000,\"height\":590},{\"@type\":\"BreadcrumbList\",\"@id\":\"https:\\\/\\\/shezamme.com\\\/sklep\\\/buty\\\/air-jordan\\\/air-jordan-3\\\/air-jordan-3-retro-og-sp-a-ma-maniere-diffused-blue\\\/#breadcrumb\",\"itemListElement\":[{\"@type\":\"ListItem\",\"position\":1,\"name\":\"Strona g\u0142\u00f3wna\",\"item\":\"https:\\\/\\\/shezamme.com\\\/\"},{\"@type\":\"ListItem\",\"position\":2,\"name\":\"Sklep\",\"item\":\"https:\\\/\\\/shezamme.com\\\/en\\\/sklep\\\/\"},{\"@type\":\"ListItem\",\"position\":3,\"name\":\"Air Jordan 3 Retro OG SP A Ma Mani\u00e9re Diffused Blue\"}]},{\"@type\":\"WebSite\",\"@id\":\"https:\\\/\\\/shezamme.com\\\/#website\",\"url\":\"https:\\\/\\\/shezamme.com\\\/\",\"name\":\"SHEZAMME - Sneakersy, Streetwear i luksusowe marki\",\"description\":\"Oryginalne i ekskluzywne przedmioty w jednym miejscu. Sprawd\u017a nasze produkty ju\u017c teraz i b\u0105d\u017a na bie\u017c\u0105co z wszystkimi premierami.\",\"publisher\":{\"@id\":\"https:\\\/\\\/shezamme.com\\\/#organization\"},\"potentialAction\":[{\"@type\":\"SearchAction\",\"target\":{\"@type\":\"EntryPoint\",\"urlTemplate\":\"https:\\\/\\\/shezamme.com\\\/?s={search_term_string}\"},\"query-input\":{\"@type\":\"PropertyValueSpecification\",\"valueRequired\":true,\"valueName\":\"search_term_string\"}}],\"inLanguage\":\"en-US\"},{\"@type\":\"Organization\",\"@id\":\"https:\\\/\\\/shezamme.com\\\/#organization\",\"name\":\"SHEZAMME - Sneakersy, Streetwear i luksusowe marki\",\"url\":\"https:\\\/\\\/shezamme.com\\\/\",\"logo\":{\"@type\":\"ImageObject\",\"inLanguage\":\"en-US\",\"@id\":\"https:\\\/\\\/shezamme.com\\\/#\\\/schema\\\/logo\\\/image\\\/\",\"url\":\"https:\\\/\\\/shezamme.com\\\/wp-content\\\/uploads\\\/2023\\\/02\\\/0x0.png\",\"contentUrl\":\"https:\\\/\\\/shezamme.com\\\/wp-content\\\/uploads\\\/2023\\\/02\\\/0x0.png\",\"width\":2000,\"height\":2000,\"caption\":\"SHEZAMME - Sneakersy, Streetwear i luksusowe marki\"},\"image\":{\"@id\":\"https:\\\/\\\/shezamme.com\\\/#\\\/schema\\\/logo\\\/image\\\/\"},\"sameAs\":[\"https:\\\/\\\/www.facebook.com\\\/SHEZAMME\\\/\",\"https:\\\/\\\/x.com\\\/SHEZAMME\",\"https:\\\/\\\/www.instagram.com\\\/shezamme\\\/\",\"https:\\\/\\\/www.youtube.com\\\/channel\\\/UCsTJxi_9fODHdO_1bmJbqvQ\",\"https:\\\/\\\/www.tiktok.com\\\/shezamme.com\"]}]}<\/script>\n<!-- \/ Yoast SEO plugin. -->","yoast_head_json":{"title":"Air Jordan 3 Retro OG SP A Ma Mani\u00e9re Diffused Blue - SHEZAMME","description":"Air Jordan 3 Retro OG SP A Ma Mani\u00e9re Diffused Blue | Luksusowe i autentyczne przedmioty w jednym miejscu. B\u0105d\u017a na bie\u017c\u0105co i sprawd\u017a nasz\u0105 ofert\u0119 ju\u017c teraz","robots":{"index":"index","follow":"follow","max-snippet":"max-snippet:-1","max-image-preview":"max-image-preview:large","max-video-preview":"max-video-preview:-1"},"canonical":"https:\/\/shezamme.com\/en\/sklep\/sneakers-2\/air-jordan\/air-jordan-3\/air-jordan-3-retro-og-sp-a-ma-maniere-diffused-blue\/","og_locale":"en_US","og_type":"article","og_title":"Air Jordan 3 Retro OG SP A Ma Mani\u00e9re Diffused Blue - SHEZAMME","og_description":"Air Jordan 3 Retro OG SP A Ma Mani\u00e9re Diffused Blue | Luksusowe i autentyczne przedmioty w jednym miejscu. B\u0105d\u017a na bie\u017c\u0105co i sprawd\u017a nasz\u0105 ofert\u0119 ju\u017c teraz","og_url":"https:\/\/shezamme.com\/en\/sklep\/sneakers-2\/air-jordan\/air-jordan-3\/air-jordan-3-retro-og-sp-a-ma-maniere-diffused-blue\/","og_site_name":"SHEZAMME - Yeezy, Jordan, Supreme i inne oryginalne rzeczy","article_publisher":"https:\/\/www.facebook.com\/SHEZAMME\/","article_modified_time":"2025-05-19T17:51:19+00:00","og_image":[{"width":1000,"height":590,"url":"https:\/\/shezamme.com\/wp-content\/uploads\/2025\/05\/Jordan-3-Retro-OG-SP-A-Ma-Maniere-Diffused-Blue-1.webp","type":"image\/webp"}],"twitter_card":"summary_large_image","twitter_site":"@SHEZAMME","twitter_misc":{"Est. reading time":"1 minute"},"schema":{"@context":"https:\/\/schema.org","@graph":[{"@type":"WebPage","@id":"https:\/\/shezamme.com\/sklep\/buty\/air-jordan\/air-jordan-3\/air-jordan-3-retro-og-sp-a-ma-maniere-diffused-blue\/","url":"https:\/\/shezamme.com\/sklep\/buty\/air-jordan\/air-jordan-3\/air-jordan-3-retro-og-sp-a-ma-maniere-diffused-blue\/","name":"Air Jordan 3 Retro OG SP A Ma Mani\u00e9re Diffused Blue - SHEZAMME","isPartOf":{"@id":"https:\/\/shezamme.com\/#website"},"primaryImageOfPage":{"@id":"https:\/\/shezamme.com\/sklep\/buty\/air-jordan\/air-jordan-3\/air-jordan-3-retro-og-sp-a-ma-maniere-diffused-blue\/#primaryimage"},"image":{"@id":"https:\/\/shezamme.com\/sklep\/buty\/air-jordan\/air-jordan-3\/air-jordan-3-retro-og-sp-a-ma-maniere-diffused-blue\/#primaryimage"},"thumbnailUrl":"https:\/\/shezamme.com\/wp-content\/uploads\/2025\/05\/Jordan-3-Retro-OG-SP-A-Ma-Maniere-Diffused-Blue-1.webp","datePublished":"2025-05-09T22:55:44+00:00","dateModified":"2025-05-19T17:51:19+00:00","description":"Air Jordan 3 Retro OG SP A Ma Mani\u00e9re Diffused Blue | Luksusowe i autentyczne przedmioty w jednym miejscu. B\u0105d\u017a na bie\u017c\u0105co i sprawd\u017a nasz\u0105 ofert\u0119 ju\u017c teraz","breadcrumb":{"@id":"https:\/\/shezamme.com\/sklep\/buty\/air-jordan\/air-jordan-3\/air-jordan-3-retro-og-sp-a-ma-maniere-diffused-blue\/#breadcrumb"},"inLanguage":"en-US","potentialAction":[{"@type":"ReadAction","target":["https:\/\/shezamme.com\/sklep\/buty\/air-jordan\/air-jordan-3\/air-jordan-3-retro-og-sp-a-ma-maniere-diffused-blue\/"]}]},{"@type":"ImageObject","inLanguage":"en-US","@id":"https:\/\/shezamme.com\/sklep\/buty\/air-jordan\/air-jordan-3\/air-jordan-3-retro-og-sp-a-ma-maniere-diffused-blue\/#primaryimage","url":"https:\/\/shezamme.com\/wp-content\/uploads\/2025\/05\/Jordan-3-Retro-OG-SP-A-Ma-Maniere-Diffused-Blue-1.webp","contentUrl":"https:\/\/shezamme.com\/wp-content\/uploads\/2025\/05\/Jordan-3-Retro-OG-SP-A-Ma-Maniere-Diffused-Blue-1.webp","width":1000,"height":590},{"@type":"BreadcrumbList","@id":"https:\/\/shezamme.com\/sklep\/buty\/air-jordan\/air-jordan-3\/air-jordan-3-retro-og-sp-a-ma-maniere-diffused-blue\/#breadcrumb","itemListElement":[{"@type":"ListItem","position":1,"name":"Strona g\u0142\u00f3wna","item":"https:\/\/shezamme.com\/"},{"@type":"ListItem","position":2,"name":"Sklep","item":"https:\/\/shezamme.com\/en\/sklep\/"},{"@type":"ListItem","position":3,"name":"Air Jordan 3 Retro OG SP A Ma Mani\u00e9re Diffused Blue"}]},{"@type":"WebSite","@id":"https:\/\/shezamme.com\/#website","url":"https:\/\/shezamme.com\/","name":"SHEZAMME - Sneakers, Streetwear and luxury brands","description":"Original and exclusive items in one place. Check out our products now and stay up to date with all launches.","publisher":{"@id":"https:\/\/shezamme.com\/#organization"},"potentialAction":[{"@type":"SearchAction","target":{"@type":"EntryPoint","urlTemplate":"https:\/\/shezamme.com\/?s={search_term_string}"},"query-input":{"@type":"PropertyValueSpecification","valueRequired":true,"valueName":"search_term_string"}}],"inLanguage":"en-US"},{"@type":"Organization","@id":"https:\/\/shezamme.com\/#organization","name":"SHEZAMME - Sneakers, Streetwear and luxury brands","url":"https:\/\/shezamme.com\/","logo":{"@type":"ImageObject","inLanguage":"en-US","@id":"https:\/\/shezamme.com\/#\/schema\/logo\/image\/","url":"https:\/\/shezamme.com\/wp-content\/uploads\/2023\/02\/0x0.png","contentUrl":"https:\/\/shezamme.com\/wp-content\/uploads\/2023\/02\/0x0.png","width":2000,"height":2000,"caption":"SHEZAMME - Sneakersy, Streetwear i luksusowe marki"},"image":{"@id":"https:\/\/shezamme.com\/#\/schema\/logo\/image\/"},"sameAs":["https:\/\/www.facebook.com\/SHEZAMME\/","https:\/\/x.com\/SHEZAMME","https:\/\/www.instagram.com\/shezamme\/","https:\/\/www.youtube.com\/channel\/UCsTJxi_9fODHdO_1bmJbqvQ","https:\/\/www.tiktok.com\/shezamme.com"]}]}},"brands":[{"id":1179,"name":"A Ma Mani\u00e9re","slug":"a-ma-maniere"},{"id":749,"name":"Jordan","slug":"air-jordan"},{"id":756,"name":"Nike","slug":"nike"}],"_links":{"self":[{"href":"https:\/\/shezamme.com\/en\/wp-json\/wp\/v2\/product\/189993","targetHints":{"allow":["GET"]}}],"collection":[{"href":"https:\/\/shezamme.com\/en\/wp-json\/wp\/v2\/product"}],"about":[{"href":"https:\/\/shezamme.com\/en\/wp-json\/wp\/v2\/types\/product"}],"wp:featuredmedia":[{"embeddable":true,"href":"https:\/\/shezamme.com\/en\/wp-json\/wp\/v2\/media\/190333"}],"wp:attachment":[{"href":"https:\/\/shezamme.com\/en\/wp-json\/wp\/v2\/media?parent=189993"}],"wp:term":[{"taxonomy":"pwb-brand","embeddable":true,"href":"https:\/\/shezamme.com\/en\/wp-json\/wp\/v2\/pwb-brand?post=189993"},{"taxonomy":"product_brand","embeddable":true,"href":"https:\/\/shezamme.com\/en\/wp-json\/wp\/v2\/product_brand?post=189993"},{"taxonomy":"product_cat","embeddable":true,"href":"https:\/\/shezamme.com\/en\/wp-json\/wp\/v2\/product_cat?post=189993"},{"taxonomy":"product_tag","embeddable":true,"href":"https:\/\/shezamme.com\/en\/wp-json\/wp\/v2\/product_tag?post=189993"}],"curies":[{"name":"wp","href":"https:\/\/api.w.org\/{rel}","templated":true}]}}