{"id":189990,"date":"2025-05-10T00:38:34","date_gmt":"2025-05-09T22:38:34","guid":{"rendered":"https:\/\/shezamme.com\/?post_type=product&#038;p=189990"},"modified":"2025-05-19T19:14:57","modified_gmt":"2025-05-19T17:14:57","slug":"crocs-classic-clog-toy-story-woody","status":"publish","type":"product","link":"https:\/\/shezamme.com\/en\/sklep\/buty\/inne\/buty-crocs\/crocs-classic-clog-toy-story-woody\/","title":{"rendered":"Crocs Classic Clog Toy Story Woody"},"content":{"rendered":"<h2 class=\"\" data-start=\"0\" data-end=\"79\">Crocs Classic Clog Toy Story \u2013 Woody: kresk\u00f3wkowy ho\u0142d dla kultowego szeryfa<\/h2>\n<p class=\"\" data-start=\"81\" data-end=\"512\">Limitowana wersja Crocs Classic Clog Toy Story \u2013 Woody to wyj\u0105tkowa ods\u0142ona inspirowana kultow\u0105 postaci\u0105 z serii Disney Pixar. Projekt cholewki odwzorowuje charakterystyczny str\u00f3j bohatera: \u017c\u00f3\u0142ta koszula w krat\u0119, czerwona bandana, niebieskie jeansy i detale w odcieniu br\u0105zu, przywodz\u0105ce na my\u015bl jego kowbojski kapelusz. Dzi\u0119ki zastosowaniu lekkiej i wodoodpornej pianki Croslite\u2122, buty oferuj\u0105 wygod\u0119 i funkcjonalno\u015b\u0107 na co dzie\u0144.<\/p>\n<p class=\"\" data-start=\"514\" data-end=\"932\">Model uzupe\u0142niaj\u0105 tematyczne Jibbitz charmsy \u2013 od gwiazdy szeryfa po miniaturowego Woody\u2019ego \u2013 oraz mo\u017cliwy nadruk \u201eAndy\u201d na spodzie, nawi\u0105zuj\u0105cy do jednej z najbardziej wzruszaj\u0105cych scen filmu. Teksturowana podeszwa i ruchomy pasek pi\u0119ty gwarantuj\u0105 stabilno\u015b\u0107 i bezpiecze\u0144stwo noszenia. To obuwie, kt\u00f3re doskonale \u0142\u0105czy estetyk\u0119 zabawy z praktycznym zastosowaniem \u2014 zar\u00f3wno dla dzieci, jak i doros\u0142ych kolekcjoner\u00f3w.<\/p>","protected":false},"excerpt":{"rendered":"<h2 class=\"\" data-start=\"934\" data-end=\"999\">Crocs Classic Clog Woody \u2013 zabawka, kt\u00f3r\u0105 naprawd\u0119 mo\u017cna nosi\u0107<\/h2>\n<p class=\"\" data-start=\"1001\" data-end=\"1145\">Nawi\u0105zuj\u0105cy do legendarnej postaci Szeryfa Woody\u2019ego model Crocs to radosna interpretacja dzieci\u0119cej nostalgii i ponadczasowego stylu Toy Story.<\/p>","protected":false},"featured_media":190014,"template":"","meta":{"_acf_changed":false,"_yoast_wpseo_focuskw":"","_yoast_wpseo_title":"","_yoast_wpseo_metadesc":""},"pwb-brand":[1150],"product_brand":[],"product_cat":[16,1176,171],"product_tag":[1008,1009],"class_list":{"0":"post-189990","1":"product","2":"type-product","3":"status-publish","4":"has-post-thumbnail","6":"pwb-brand-crocs","7":"product_cat-buty","8":"product_cat-buty-crocs","9":"product_cat-inne","10":"product_tag-kobieta","11":"product_tag-mezczyzna","13":"first","14":"onbackorder","15":"taxable","16":"shipping-taxable","17":"purchasable","18":"product-type-variable"},"acf":[],"yoast_head":"<!-- This site is optimized with the Yoast SEO plugin v27.4 - https:\/\/yoast.com\/product\/yoast-seo-wordpress\/ -->\n<title>Crocs Classic Clog Toy Story Woody - SHEZAMME<\/title>\n<meta name=\"description\" content=\"Crocs Classic Clog Toy Story Woody | Luksusowe i autentyczne przedmioty w jednym miejscu. B\u0105d\u017a na bie\u017c\u0105co i sprawd\u017a nasz\u0105 ofert\u0119 ju\u017c teraz\" \/>\n<meta name=\"robots\" content=\"index, follow, max-snippet:-1, max-image-preview:large, max-video-preview:-1\" \/>\n<link rel=\"canonical\" href=\"https:\/\/shezamme.com\/en\/sklep\/sneakers-2\/others\/buty-crocs\/crocs-classic-clog-toy-story-woody\/\" \/>\n<meta property=\"og:locale\" content=\"en_US\" \/>\n<meta property=\"og:type\" content=\"article\" \/>\n<meta property=\"og:title\" content=\"Crocs Classic Clog Toy Story Woody - SHEZAMME\" \/>\n<meta property=\"og:description\" content=\"Crocs Classic Clog Toy Story Woody | Luksusowe i autentyczne przedmioty w jednym miejscu. B\u0105d\u017a na bie\u017c\u0105co i sprawd\u017a nasz\u0105 ofert\u0119 ju\u017c teraz\" \/>\n<meta property=\"og:url\" content=\"https:\/\/shezamme.com\/en\/sklep\/sneakers-2\/others\/buty-crocs\/crocs-classic-clog-toy-story-woody\/\" \/>\n<meta property=\"og:site_name\" content=\"SHEZAMME - Yeezy, Jordan, Supreme i inne oryginalne rzeczy\" \/>\n<meta property=\"article:publisher\" content=\"https:\/\/www.facebook.com\/SHEZAMME\/\" \/>\n<meta property=\"article:modified_time\" content=\"2025-05-19T17:14:57+00:00\" \/>\n<meta property=\"og:image\" content=\"https:\/\/shezamme.com\/wp-content\/uploads\/2025\/05\/toy-story-x-classic-clog-woody-1.webp\" \/>\n\t<meta property=\"og:image:width\" content=\"1000\" \/>\n\t<meta property=\"og:image:height\" content=\"368\" \/>\n\t<meta property=\"og:image:type\" content=\"image\/webp\" \/>\n<meta name=\"twitter:card\" content=\"summary_large_image\" \/>\n<meta name=\"twitter:site\" content=\"@SHEZAMME\" \/>\n<meta name=\"twitter:label1\" content=\"Est. reading time\" \/>\n\t<meta name=\"twitter:data1\" content=\"1 minute\" \/>\n<script type=\"application\/ld+json\" class=\"yoast-schema-graph\">{\"@context\":\"https:\\\/\\\/schema.org\",\"@graph\":[{\"@type\":\"WebPage\",\"@id\":\"https:\\\/\\\/shezamme.com\\\/sklep\\\/buty\\\/inne\\\/buty-crocs\\\/crocs-classic-clog-toy-story-woody\\\/\",\"url\":\"https:\\\/\\\/shezamme.com\\\/sklep\\\/buty\\\/inne\\\/buty-crocs\\\/crocs-classic-clog-toy-story-woody\\\/\",\"name\":\"Crocs Classic Clog Toy Story Woody - SHEZAMME\",\"isPartOf\":{\"@id\":\"https:\\\/\\\/shezamme.com\\\/#website\"},\"primaryImageOfPage\":{\"@id\":\"https:\\\/\\\/shezamme.com\\\/sklep\\\/buty\\\/inne\\\/buty-crocs\\\/crocs-classic-clog-toy-story-woody\\\/#primaryimage\"},\"image\":{\"@id\":\"https:\\\/\\\/shezamme.com\\\/sklep\\\/buty\\\/inne\\\/buty-crocs\\\/crocs-classic-clog-toy-story-woody\\\/#primaryimage\"},\"thumbnailUrl\":\"https:\\\/\\\/shezamme.com\\\/wp-content\\\/uploads\\\/2025\\\/05\\\/toy-story-x-classic-clog-woody-1.webp\",\"datePublished\":\"2025-05-09T22:38:34+00:00\",\"dateModified\":\"2025-05-19T17:14:57+00:00\",\"description\":\"Crocs Classic Clog Toy Story Woody | Luksusowe i autentyczne przedmioty w jednym miejscu. B\u0105d\u017a na bie\u017c\u0105co i sprawd\u017a nasz\u0105 ofert\u0119 ju\u017c teraz\",\"breadcrumb\":{\"@id\":\"https:\\\/\\\/shezamme.com\\\/sklep\\\/buty\\\/inne\\\/buty-crocs\\\/crocs-classic-clog-toy-story-woody\\\/#breadcrumb\"},\"inLanguage\":\"en-US\",\"potentialAction\":[{\"@type\":\"ReadAction\",\"target\":[\"https:\\\/\\\/shezamme.com\\\/sklep\\\/buty\\\/inne\\\/buty-crocs\\\/crocs-classic-clog-toy-story-woody\\\/\"]}]},{\"@type\":\"ImageObject\",\"inLanguage\":\"en-US\",\"@id\":\"https:\\\/\\\/shezamme.com\\\/sklep\\\/buty\\\/inne\\\/buty-crocs\\\/crocs-classic-clog-toy-story-woody\\\/#primaryimage\",\"url\":\"https:\\\/\\\/shezamme.com\\\/wp-content\\\/uploads\\\/2025\\\/05\\\/toy-story-x-classic-clog-woody-1.webp\",\"contentUrl\":\"https:\\\/\\\/shezamme.com\\\/wp-content\\\/uploads\\\/2025\\\/05\\\/toy-story-x-classic-clog-woody-1.webp\",\"width\":1000,\"height\":368},{\"@type\":\"BreadcrumbList\",\"@id\":\"https:\\\/\\\/shezamme.com\\\/sklep\\\/buty\\\/inne\\\/buty-crocs\\\/crocs-classic-clog-toy-story-woody\\\/#breadcrumb\",\"itemListElement\":[{\"@type\":\"ListItem\",\"position\":1,\"name\":\"Strona g\u0142\u00f3wna\",\"item\":\"https:\\\/\\\/shezamme.com\\\/\"},{\"@type\":\"ListItem\",\"position\":2,\"name\":\"Sklep\",\"item\":\"https:\\\/\\\/shezamme.com\\\/en\\\/sklep\\\/\"},{\"@type\":\"ListItem\",\"position\":3,\"name\":\"Crocs Classic Clog Toy Story Woody\"}]},{\"@type\":\"WebSite\",\"@id\":\"https:\\\/\\\/shezamme.com\\\/#website\",\"url\":\"https:\\\/\\\/shezamme.com\\\/\",\"name\":\"SHEZAMME - Sneakersy, Streetwear i luksusowe marki\",\"description\":\"Oryginalne i ekskluzywne przedmioty w jednym miejscu. Sprawd\u017a nasze produkty ju\u017c teraz i b\u0105d\u017a na bie\u017c\u0105co z wszystkimi premierami.\",\"publisher\":{\"@id\":\"https:\\\/\\\/shezamme.com\\\/#organization\"},\"potentialAction\":[{\"@type\":\"SearchAction\",\"target\":{\"@type\":\"EntryPoint\",\"urlTemplate\":\"https:\\\/\\\/shezamme.com\\\/?s={search_term_string}\"},\"query-input\":{\"@type\":\"PropertyValueSpecification\",\"valueRequired\":true,\"valueName\":\"search_term_string\"}}],\"inLanguage\":\"en-US\"},{\"@type\":\"Organization\",\"@id\":\"https:\\\/\\\/shezamme.com\\\/#organization\",\"name\":\"SHEZAMME - Sneakersy, Streetwear i luksusowe marki\",\"url\":\"https:\\\/\\\/shezamme.com\\\/\",\"logo\":{\"@type\":\"ImageObject\",\"inLanguage\":\"en-US\",\"@id\":\"https:\\\/\\\/shezamme.com\\\/#\\\/schema\\\/logo\\\/image\\\/\",\"url\":\"https:\\\/\\\/shezamme.com\\\/wp-content\\\/uploads\\\/2023\\\/02\\\/0x0.png\",\"contentUrl\":\"https:\\\/\\\/shezamme.com\\\/wp-content\\\/uploads\\\/2023\\\/02\\\/0x0.png\",\"width\":2000,\"height\":2000,\"caption\":\"SHEZAMME - Sneakersy, Streetwear i luksusowe marki\"},\"image\":{\"@id\":\"https:\\\/\\\/shezamme.com\\\/#\\\/schema\\\/logo\\\/image\\\/\"},\"sameAs\":[\"https:\\\/\\\/www.facebook.com\\\/SHEZAMME\\\/\",\"https:\\\/\\\/x.com\\\/SHEZAMME\",\"https:\\\/\\\/www.instagram.com\\\/shezamme\\\/\",\"https:\\\/\\\/www.youtube.com\\\/channel\\\/UCsTJxi_9fODHdO_1bmJbqvQ\",\"https:\\\/\\\/www.tiktok.com\\\/shezamme.com\"]}]}<\/script>\n<!-- \/ Yoast SEO plugin. -->","yoast_head_json":{"title":"Crocs Classic Clog Toy Story Woody - SHEZAMME","description":"Crocs Classic Clog Toy Story Woody | Luksusowe i autentyczne przedmioty w jednym miejscu. B\u0105d\u017a na bie\u017c\u0105co i sprawd\u017a nasz\u0105 ofert\u0119 ju\u017c teraz","robots":{"index":"index","follow":"follow","max-snippet":"max-snippet:-1","max-image-preview":"max-image-preview:large","max-video-preview":"max-video-preview:-1"},"canonical":"https:\/\/shezamme.com\/en\/sklep\/sneakers-2\/others\/buty-crocs\/crocs-classic-clog-toy-story-woody\/","og_locale":"en_US","og_type":"article","og_title":"Crocs Classic Clog Toy Story Woody - SHEZAMME","og_description":"Crocs Classic Clog Toy Story Woody | Luksusowe i autentyczne przedmioty w jednym miejscu. B\u0105d\u017a na bie\u017c\u0105co i sprawd\u017a nasz\u0105 ofert\u0119 ju\u017c teraz","og_url":"https:\/\/shezamme.com\/en\/sklep\/sneakers-2\/others\/buty-crocs\/crocs-classic-clog-toy-story-woody\/","og_site_name":"SHEZAMME - Yeezy, Jordan, Supreme i inne oryginalne rzeczy","article_publisher":"https:\/\/www.facebook.com\/SHEZAMME\/","article_modified_time":"2025-05-19T17:14:57+00:00","og_image":[{"width":1000,"height":368,"url":"https:\/\/shezamme.com\/wp-content\/uploads\/2025\/05\/toy-story-x-classic-clog-woody-1.webp","type":"image\/webp"}],"twitter_card":"summary_large_image","twitter_site":"@SHEZAMME","twitter_misc":{"Est. reading time":"1 minute"},"schema":{"@context":"https:\/\/schema.org","@graph":[{"@type":"WebPage","@id":"https:\/\/shezamme.com\/sklep\/buty\/inne\/buty-crocs\/crocs-classic-clog-toy-story-woody\/","url":"https:\/\/shezamme.com\/sklep\/buty\/inne\/buty-crocs\/crocs-classic-clog-toy-story-woody\/","name":"Crocs Classic Clog Toy Story Woody - SHEZAMME","isPartOf":{"@id":"https:\/\/shezamme.com\/#website"},"primaryImageOfPage":{"@id":"https:\/\/shezamme.com\/sklep\/buty\/inne\/buty-crocs\/crocs-classic-clog-toy-story-woody\/#primaryimage"},"image":{"@id":"https:\/\/shezamme.com\/sklep\/buty\/inne\/buty-crocs\/crocs-classic-clog-toy-story-woody\/#primaryimage"},"thumbnailUrl":"https:\/\/shezamme.com\/wp-content\/uploads\/2025\/05\/toy-story-x-classic-clog-woody-1.webp","datePublished":"2025-05-09T22:38:34+00:00","dateModified":"2025-05-19T17:14:57+00:00","description":"Crocs Classic Clog Toy Story Woody | Luksusowe i autentyczne przedmioty w jednym miejscu. B\u0105d\u017a na bie\u017c\u0105co i sprawd\u017a nasz\u0105 ofert\u0119 ju\u017c teraz","breadcrumb":{"@id":"https:\/\/shezamme.com\/sklep\/buty\/inne\/buty-crocs\/crocs-classic-clog-toy-story-woody\/#breadcrumb"},"inLanguage":"en-US","potentialAction":[{"@type":"ReadAction","target":["https:\/\/shezamme.com\/sklep\/buty\/inne\/buty-crocs\/crocs-classic-clog-toy-story-woody\/"]}]},{"@type":"ImageObject","inLanguage":"en-US","@id":"https:\/\/shezamme.com\/sklep\/buty\/inne\/buty-crocs\/crocs-classic-clog-toy-story-woody\/#primaryimage","url":"https:\/\/shezamme.com\/wp-content\/uploads\/2025\/05\/toy-story-x-classic-clog-woody-1.webp","contentUrl":"https:\/\/shezamme.com\/wp-content\/uploads\/2025\/05\/toy-story-x-classic-clog-woody-1.webp","width":1000,"height":368},{"@type":"BreadcrumbList","@id":"https:\/\/shezamme.com\/sklep\/buty\/inne\/buty-crocs\/crocs-classic-clog-toy-story-woody\/#breadcrumb","itemListElement":[{"@type":"ListItem","position":1,"name":"Strona g\u0142\u00f3wna","item":"https:\/\/shezamme.com\/"},{"@type":"ListItem","position":2,"name":"Sklep","item":"https:\/\/shezamme.com\/en\/sklep\/"},{"@type":"ListItem","position":3,"name":"Crocs Classic Clog Toy Story Woody"}]},{"@type":"WebSite","@id":"https:\/\/shezamme.com\/#website","url":"https:\/\/shezamme.com\/","name":"SHEZAMME - Sneakers, Streetwear and luxury brands","description":"Original and exclusive items in one place. Check out our products now and stay up to date with all launches.","publisher":{"@id":"https:\/\/shezamme.com\/#organization"},"potentialAction":[{"@type":"SearchAction","target":{"@type":"EntryPoint","urlTemplate":"https:\/\/shezamme.com\/?s={search_term_string}"},"query-input":{"@type":"PropertyValueSpecification","valueRequired":true,"valueName":"search_term_string"}}],"inLanguage":"en-US"},{"@type":"Organization","@id":"https:\/\/shezamme.com\/#organization","name":"SHEZAMME - Sneakers, Streetwear and luxury brands","url":"https:\/\/shezamme.com\/","logo":{"@type":"ImageObject","inLanguage":"en-US","@id":"https:\/\/shezamme.com\/#\/schema\/logo\/image\/","url":"https:\/\/shezamme.com\/wp-content\/uploads\/2023\/02\/0x0.png","contentUrl":"https:\/\/shezamme.com\/wp-content\/uploads\/2023\/02\/0x0.png","width":2000,"height":2000,"caption":"SHEZAMME - Sneakersy, Streetwear i luksusowe marki"},"image":{"@id":"https:\/\/shezamme.com\/#\/schema\/logo\/image\/"},"sameAs":["https:\/\/www.facebook.com\/SHEZAMME\/","https:\/\/x.com\/SHEZAMME","https:\/\/www.instagram.com\/shezamme\/","https:\/\/www.youtube.com\/channel\/UCsTJxi_9fODHdO_1bmJbqvQ","https:\/\/www.tiktok.com\/shezamme.com"]}]}},"brands":[{"id":1150,"name":"Crocs","slug":"crocs"}],"_links":{"self":[{"href":"https:\/\/shezamme.com\/en\/wp-json\/wp\/v2\/product\/189990","targetHints":{"allow":["GET"]}}],"collection":[{"href":"https:\/\/shezamme.com\/en\/wp-json\/wp\/v2\/product"}],"about":[{"href":"https:\/\/shezamme.com\/en\/wp-json\/wp\/v2\/types\/product"}],"wp:featuredmedia":[{"embeddable":true,"href":"https:\/\/shezamme.com\/en\/wp-json\/wp\/v2\/media\/190014"}],"wp:attachment":[{"href":"https:\/\/shezamme.com\/en\/wp-json\/wp\/v2\/media?parent=189990"}],"wp:term":[{"taxonomy":"pwb-brand","embeddable":true,"href":"https:\/\/shezamme.com\/en\/wp-json\/wp\/v2\/pwb-brand?post=189990"},{"taxonomy":"product_brand","embeddable":true,"href":"https:\/\/shezamme.com\/en\/wp-json\/wp\/v2\/product_brand?post=189990"},{"taxonomy":"product_cat","embeddable":true,"href":"https:\/\/shezamme.com\/en\/wp-json\/wp\/v2\/product_cat?post=189990"},{"taxonomy":"product_tag","embeddable":true,"href":"https:\/\/shezamme.com\/en\/wp-json\/wp\/v2\/product_tag?post=189990"}],"curies":[{"name":"wp","href":"https:\/\/api.w.org\/{rel}","templated":true}]}}