{"id":186469,"date":"2025-05-08T19:36:05","date_gmt":"2025-05-08T17:36:05","guid":{"rendered":"https:\/\/shezamme.com\/?post_type=product&#038;p=186469"},"modified":"2025-05-19T18:25:00","modified_gmt":"2025-05-19T16:25:00","slug":"nike-air-force-1-low-travis-scott-af100","status":"publish","type":"product","link":"https:\/\/shezamme.com\/en\/sklep\/buty\/nike\/nike-travis-scott\/nike-air-force-1-low-travis-scott-af100\/","title":{"rendered":"Nike Air Force 1 Low Travis Scott (AF100)"},"content":{"rendered":"<h2 class=\"\" data-start=\"0\" data-end=\"101\">Nike Air Force 1 Low Travis Scott (AF100) \u2013 Personalizacja i Hip-Hop w Jednym Ikonicznym Projekcie<\/h2>\n<p class=\"\" data-start=\"103\" data-end=\"789\">Nike Air Force 1 Low Travis Scott (AF100) to wyj\u0105tkowe wydanie stworzone z okazji 35-lecia modelu Air Force 1 \u2013 jako cz\u0119\u015b\u0107 presti\u017cowego projektu AF100, obok kolaboracji z takimi nazwiskami jak Virgil Abloh czy Don C. Model w wersji \u201eTriple White\u201d zachowuje klasyczn\u0105 sylwetk\u0119 AF1, lecz nadaje jej zupe\u0142nie nowy kontekst \u2013 minimalistyczna, bia\u0142a cholewka wykonana z surowego p\u0142\u00f3tna (canvas) wprowadza estetyk\u0119 DIY, nawi\u0105zuj\u0105c do koncepcji customizacji i osobistego stylu. Kluczowym wyr\u00f3\u017cnikiem s\u0105 wymienne Swooshe mocowane na rzepy \u2013 w zestawie znalaz\u0142y si\u0119 m.in. warianty chromowane, holograficzne, irydyzuj\u0105ce oraz z bia\u0142ego p\u0142\u00f3tna, co pozwala na indywidualne dopasowanie wygl\u0105du buta.<\/p>\n<h2 class=\"\" data-start=\"791\" data-end=\"869\">Symbol Cactus Jack Estetyki \u2013 AF1 Travis Scott jako Limitowany Obiekt Kultu<\/h2>\n<p class=\"\" data-start=\"871\" data-end=\"1560\">Model oferuje pe\u0142ni\u0119 funkcjonalno\u015bci klasycznego AF1: gumowa podeszwa z technologi\u0105 Air zapewnia komfort i trwa\u0142o\u015b\u0107, a tekstylna wy\u015bci\u00f3\u0142ka oraz klasyczne bia\u0142e sznurowad\u0142a odpowiadaj\u0105 za codzienn\u0105 wygod\u0119 noszenia. Dodatkowo, zdejmowana klapka na sznur\u00f3wki (lace cover) z grafik\u0105 inspirowan\u0105 grillzami oraz patchworkowe naszywki na j\u0119zyku podkre\u015blaj\u0105 styl Travis Scott\u2019a \u2013 \u0142\u0105cz\u0105cy surowo\u015b\u0107, estetyk\u0119 uliczn\u0105 i kultur\u0119 hip-hopu. Wydany w bardzo limitowanej liczbie, model zyska\u0142 natychmiastowy status kolekcjonerski i do dzi\u015b pozostaje jednym z najbardziej po\u017c\u0105danych projekt\u00f3w w historii Air Force 1. To sneakersy, kt\u00f3re nie tylko nosi si\u0119 dla stylu \u2013 ale r\u00f3wnie\u017c dla kontekstu kulturowego.<\/p>","protected":false},"excerpt":{"rendered":"<h3 class=\"\" data-start=\"1562\" data-end=\"1597\">Bia\u0142a Baza, Nieograniczony Styl<\/h3>\n<p class=\"\" data-start=\"1599\" data-end=\"1807\">Nike Air Force 1 Low Travis Scott (AF100) to ponadczasowy model z punktem wyj\u015bcia do indywidualnej ekspresji \u2013 ikona, kt\u00f3ra redefiniuje klasyk\u0119 przez pryzmat kultury personalizacji i hip-hopowego dziedzictwa.<\/p>","protected":false},"featured_media":186512,"template":"","meta":{"_acf_changed":false},"pwb-brand":[756,1086],"product_brand":[],"product_cat":[16,92,1163],"product_tag":[1008,1009],"class_list":{"0":"post-186469","1":"product","2":"type-product","3":"status-publish","4":"has-post-thumbnail","6":"pwb-brand-nike","7":"pwb-brand-travis-scott","8":"product_cat-buty","9":"product_cat-air-force-1","10":"product_cat-nike-travis-scott","11":"product_tag-kobieta","12":"product_tag-mezczyzna","14":"first","15":"onbackorder","16":"taxable","17":"shipping-taxable","18":"purchasable","19":"product-type-variable"},"acf":[],"yoast_head":"<!-- This site is optimized with the Yoast SEO plugin v27.2 - https:\/\/yoast.com\/product\/yoast-seo-wordpress\/ -->\n<title>Nike Air Force 1 Low Travis Scott (AF100) - SHEZAMME<\/title>\n<meta name=\"description\" content=\"Nike Air Force 1 Low Travis Scott (AF100) | Luksusowe i autentyczne przedmioty w jednym miejscu. B\u0105d\u017a na bie\u017c\u0105co i sprawd\u017a nasz\u0105 ofert\u0119 ju\u017c teraz\" \/>\n<meta name=\"robots\" content=\"index, follow, max-snippet:-1, max-image-preview:large, max-video-preview:-1\" \/>\n<link rel=\"canonical\" href=\"https:\/\/shezamme.com\/en\/sklep\/sneakers-2\/nike\/nike-travis-scott\/nike-air-force-1-low-travis-scott-af100\/\" \/>\n<meta property=\"og:locale\" content=\"en_US\" \/>\n<meta property=\"og:type\" content=\"article\" \/>\n<meta property=\"og:title\" content=\"Nike Air Force 1 Low Travis Scott (AF100) - SHEZAMME\" \/>\n<meta property=\"og:description\" content=\"Nike Air Force 1 Low Travis Scott (AF100) | Luksusowe i autentyczne przedmioty w jednym miejscu. B\u0105d\u017a na bie\u017c\u0105co i sprawd\u017a nasz\u0105 ofert\u0119 ju\u017c teraz\" \/>\n<meta property=\"og:url\" content=\"https:\/\/shezamme.com\/en\/sklep\/sneakers-2\/nike\/nike-travis-scott\/nike-air-force-1-low-travis-scott-af100\/\" \/>\n<meta property=\"og:site_name\" content=\"SHEZAMME - Yeezy, Jordan, Supreme i inne oryginalne rzeczy\" \/>\n<meta property=\"article:publisher\" content=\"https:\/\/www.facebook.com\/SHEZAMME\/\" \/>\n<meta property=\"article:modified_time\" content=\"2025-05-19T16:25:00+00:00\" \/>\n<meta property=\"og:image\" content=\"https:\/\/shezamme.com\/wp-content\/uploads\/2025\/05\/travis-scott-x-air-force-1-1.webp\" \/>\n\t<meta property=\"og:image:width\" content=\"1000\" \/>\n\t<meta property=\"og:image:height\" content=\"483\" \/>\n\t<meta property=\"og:image:type\" content=\"image\/webp\" \/>\n<meta name=\"twitter:card\" content=\"summary_large_image\" \/>\n<meta name=\"twitter:site\" content=\"@SHEZAMME\" \/>\n<meta name=\"twitter:label1\" content=\"Est. reading time\" \/>\n\t<meta name=\"twitter:data1\" content=\"1 minute\" \/>\n<script type=\"application\/ld+json\" class=\"yoast-schema-graph\">{\"@context\":\"https:\/\/schema.org\",\"@graph\":[{\"@type\":\"WebPage\",\"@id\":\"https:\/\/shezamme.com\/sklep\/buty\/nike\/nike-travis-scott\/nike-air-force-1-low-travis-scott-af100\/\",\"url\":\"https:\/\/shezamme.com\/sklep\/buty\/nike\/nike-travis-scott\/nike-air-force-1-low-travis-scott-af100\/\",\"name\":\"Nike Air Force 1 Low Travis Scott (AF100) - SHEZAMME\",\"isPartOf\":{\"@id\":\"https:\/\/shezamme.com\/#website\"},\"primaryImageOfPage\":{\"@id\":\"https:\/\/shezamme.com\/sklep\/buty\/nike\/nike-travis-scott\/nike-air-force-1-low-travis-scott-af100\/#primaryimage\"},\"image\":{\"@id\":\"https:\/\/shezamme.com\/sklep\/buty\/nike\/nike-travis-scott\/nike-air-force-1-low-travis-scott-af100\/#primaryimage\"},\"thumbnailUrl\":\"https:\/\/shezamme.com\/wp-content\/uploads\/2025\/05\/travis-scott-x-air-force-1-1.webp\",\"datePublished\":\"2025-05-08T17:36:05+00:00\",\"dateModified\":\"2025-05-19T16:25:00+00:00\",\"description\":\"Nike Air Force 1 Low Travis Scott (AF100) | Luksusowe i autentyczne przedmioty w jednym miejscu. B\u0105d\u017a na bie\u017c\u0105co i sprawd\u017a nasz\u0105 ofert\u0119 ju\u017c teraz\",\"breadcrumb\":{\"@id\":\"https:\/\/shezamme.com\/sklep\/buty\/nike\/nike-travis-scott\/nike-air-force-1-low-travis-scott-af100\/#breadcrumb\"},\"inLanguage\":\"en-US\",\"potentialAction\":[{\"@type\":\"ReadAction\",\"target\":[\"https:\/\/shezamme.com\/sklep\/buty\/nike\/nike-travis-scott\/nike-air-force-1-low-travis-scott-af100\/\"]}]},{\"@type\":\"ImageObject\",\"inLanguage\":\"en-US\",\"@id\":\"https:\/\/shezamme.com\/sklep\/buty\/nike\/nike-travis-scott\/nike-air-force-1-low-travis-scott-af100\/#primaryimage\",\"url\":\"https:\/\/shezamme.com\/wp-content\/uploads\/2025\/05\/travis-scott-x-air-force-1-1.webp\",\"contentUrl\":\"https:\/\/shezamme.com\/wp-content\/uploads\/2025\/05\/travis-scott-x-air-force-1-1.webp\",\"width\":1000,\"height\":483},{\"@type\":\"BreadcrumbList\",\"@id\":\"https:\/\/shezamme.com\/sklep\/buty\/nike\/nike-travis-scott\/nike-air-force-1-low-travis-scott-af100\/#breadcrumb\",\"itemListElement\":[{\"@type\":\"ListItem\",\"position\":1,\"name\":\"Strona g\u0142\u00f3wna\",\"item\":\"https:\/\/shezamme.com\/\"},{\"@type\":\"ListItem\",\"position\":2,\"name\":\"Sklep\",\"item\":\"https:\/\/shezamme.com\/sklep\/\"},{\"@type\":\"ListItem\",\"position\":3,\"name\":\"Nike Air Force 1 Low Travis Scott (AF100)\"}]},{\"@type\":\"WebSite\",\"@id\":\"https:\/\/shezamme.com\/#website\",\"url\":\"https:\/\/shezamme.com\/\",\"name\":\"SHEZAMME - Sneakersy, Streetwear i luksusowe marki\",\"description\":\"Oryginalne i ekskluzywne przedmioty w jednym miejscu. Sprawd\u017a nasze produkty ju\u017c teraz i b\u0105d\u017a na bie\u017c\u0105co z wszystkimi premierami.\",\"publisher\":{\"@id\":\"https:\/\/shezamme.com\/#organization\"},\"potentialAction\":[{\"@type\":\"SearchAction\",\"target\":{\"@type\":\"EntryPoint\",\"urlTemplate\":\"https:\/\/shezamme.com\/?s={search_term_string}\"},\"query-input\":{\"@type\":\"PropertyValueSpecification\",\"valueRequired\":true,\"valueName\":\"search_term_string\"}}],\"inLanguage\":\"en-US\"},{\"@type\":\"Organization\",\"@id\":\"https:\/\/shezamme.com\/#organization\",\"name\":\"SHEZAMME - Sneakersy, Streetwear i luksusowe marki\",\"url\":\"https:\/\/shezamme.com\/\",\"logo\":{\"@type\":\"ImageObject\",\"inLanguage\":\"en-US\",\"@id\":\"https:\/\/shezamme.com\/#\/schema\/logo\/image\/\",\"url\":\"https:\/\/shezamme.com\/wp-content\/uploads\/2023\/02\/0x0.png\",\"contentUrl\":\"https:\/\/shezamme.com\/wp-content\/uploads\/2023\/02\/0x0.png\",\"width\":2000,\"height\":2000,\"caption\":\"SHEZAMME - Sneakersy, Streetwear i luksusowe marki\"},\"image\":{\"@id\":\"https:\/\/shezamme.com\/#\/schema\/logo\/image\/\"},\"sameAs\":[\"https:\/\/www.facebook.com\/SHEZAMME\/\",\"https:\/\/x.com\/SHEZAMME\",\"https:\/\/www.instagram.com\/shezamme\/\",\"https:\/\/www.youtube.com\/channel\/UCsTJxi_9fODHdO_1bmJbqvQ\",\"https:\/\/www.tiktok.com\/shezamme.com\"]}]}<\/script>\n<!-- \/ Yoast SEO plugin. -->","yoast_head_json":{"title":"Nike Air Force 1 Low Travis Scott (AF100) - SHEZAMME","description":"Nike Air Force 1 Low Travis Scott (AF100) | Luksusowe i autentyczne przedmioty w jednym miejscu. B\u0105d\u017a na bie\u017c\u0105co i sprawd\u017a nasz\u0105 ofert\u0119 ju\u017c teraz","robots":{"index":"index","follow":"follow","max-snippet":"max-snippet:-1","max-image-preview":"max-image-preview:large","max-video-preview":"max-video-preview:-1"},"canonical":"https:\/\/shezamme.com\/en\/sklep\/sneakers-2\/nike\/nike-travis-scott\/nike-air-force-1-low-travis-scott-af100\/","og_locale":"en_US","og_type":"article","og_title":"Nike Air Force 1 Low Travis Scott (AF100) - SHEZAMME","og_description":"Nike Air Force 1 Low Travis Scott (AF100) | Luksusowe i autentyczne przedmioty w jednym miejscu. B\u0105d\u017a na bie\u017c\u0105co i sprawd\u017a nasz\u0105 ofert\u0119 ju\u017c teraz","og_url":"https:\/\/shezamme.com\/en\/sklep\/sneakers-2\/nike\/nike-travis-scott\/nike-air-force-1-low-travis-scott-af100\/","og_site_name":"SHEZAMME - Yeezy, Jordan, Supreme i inne oryginalne rzeczy","article_publisher":"https:\/\/www.facebook.com\/SHEZAMME\/","article_modified_time":"2025-05-19T16:25:00+00:00","og_image":[{"width":1000,"height":483,"url":"https:\/\/shezamme.com\/wp-content\/uploads\/2025\/05\/travis-scott-x-air-force-1-1.webp","type":"image\/webp"}],"twitter_card":"summary_large_image","twitter_site":"@SHEZAMME","twitter_misc":{"Est. reading time":"1 minute"},"schema":{"@context":"https:\/\/schema.org","@graph":[{"@type":"WebPage","@id":"https:\/\/shezamme.com\/sklep\/buty\/nike\/nike-travis-scott\/nike-air-force-1-low-travis-scott-af100\/","url":"https:\/\/shezamme.com\/sklep\/buty\/nike\/nike-travis-scott\/nike-air-force-1-low-travis-scott-af100\/","name":"Nike Air Force 1 Low Travis Scott (AF100) - SHEZAMME","isPartOf":{"@id":"https:\/\/shezamme.com\/#website"},"primaryImageOfPage":{"@id":"https:\/\/shezamme.com\/sklep\/buty\/nike\/nike-travis-scott\/nike-air-force-1-low-travis-scott-af100\/#primaryimage"},"image":{"@id":"https:\/\/shezamme.com\/sklep\/buty\/nike\/nike-travis-scott\/nike-air-force-1-low-travis-scott-af100\/#primaryimage"},"thumbnailUrl":"https:\/\/shezamme.com\/wp-content\/uploads\/2025\/05\/travis-scott-x-air-force-1-1.webp","datePublished":"2025-05-08T17:36:05+00:00","dateModified":"2025-05-19T16:25:00+00:00","description":"Nike Air Force 1 Low Travis Scott (AF100) | Luksusowe i autentyczne przedmioty w jednym miejscu. B\u0105d\u017a na bie\u017c\u0105co i sprawd\u017a nasz\u0105 ofert\u0119 ju\u017c teraz","breadcrumb":{"@id":"https:\/\/shezamme.com\/sklep\/buty\/nike\/nike-travis-scott\/nike-air-force-1-low-travis-scott-af100\/#breadcrumb"},"inLanguage":"en-US","potentialAction":[{"@type":"ReadAction","target":["https:\/\/shezamme.com\/sklep\/buty\/nike\/nike-travis-scott\/nike-air-force-1-low-travis-scott-af100\/"]}]},{"@type":"ImageObject","inLanguage":"en-US","@id":"https:\/\/shezamme.com\/sklep\/buty\/nike\/nike-travis-scott\/nike-air-force-1-low-travis-scott-af100\/#primaryimage","url":"https:\/\/shezamme.com\/wp-content\/uploads\/2025\/05\/travis-scott-x-air-force-1-1.webp","contentUrl":"https:\/\/shezamme.com\/wp-content\/uploads\/2025\/05\/travis-scott-x-air-force-1-1.webp","width":1000,"height":483},{"@type":"BreadcrumbList","@id":"https:\/\/shezamme.com\/sklep\/buty\/nike\/nike-travis-scott\/nike-air-force-1-low-travis-scott-af100\/#breadcrumb","itemListElement":[{"@type":"ListItem","position":1,"name":"Strona g\u0142\u00f3wna","item":"https:\/\/shezamme.com\/"},{"@type":"ListItem","position":2,"name":"Sklep","item":"https:\/\/shezamme.com\/sklep\/"},{"@type":"ListItem","position":3,"name":"Nike Air Force 1 Low Travis Scott (AF100)"}]},{"@type":"WebSite","@id":"https:\/\/shezamme.com\/#website","url":"https:\/\/shezamme.com\/","name":"SHEZAMME - Sneakers, Streetwear and luxury brands","description":"Original and exclusive items in one place. Check out our products now and stay up to date with all launches.","publisher":{"@id":"https:\/\/shezamme.com\/#organization"},"potentialAction":[{"@type":"SearchAction","target":{"@type":"EntryPoint","urlTemplate":"https:\/\/shezamme.com\/?s={search_term_string}"},"query-input":{"@type":"PropertyValueSpecification","valueRequired":true,"valueName":"search_term_string"}}],"inLanguage":"en-US"},{"@type":"Organization","@id":"https:\/\/shezamme.com\/#organization","name":"SHEZAMME - Sneakers, Streetwear and luxury brands","url":"https:\/\/shezamme.com\/","logo":{"@type":"ImageObject","inLanguage":"en-US","@id":"https:\/\/shezamme.com\/#\/schema\/logo\/image\/","url":"https:\/\/shezamme.com\/wp-content\/uploads\/2023\/02\/0x0.png","contentUrl":"https:\/\/shezamme.com\/wp-content\/uploads\/2023\/02\/0x0.png","width":2000,"height":2000,"caption":"SHEZAMME - Sneakersy, Streetwear i luksusowe marki"},"image":{"@id":"https:\/\/shezamme.com\/#\/schema\/logo\/image\/"},"sameAs":["https:\/\/www.facebook.com\/SHEZAMME\/","https:\/\/x.com\/SHEZAMME","https:\/\/www.instagram.com\/shezamme\/","https:\/\/www.youtube.com\/channel\/UCsTJxi_9fODHdO_1bmJbqvQ","https:\/\/www.tiktok.com\/shezamme.com"]}]}},"brands":[{"id":756,"name":"Nike","slug":"nike"},{"id":1086,"name":"Travis Scott","slug":"travis-scott"}],"_links":{"self":[{"href":"https:\/\/shezamme.com\/en\/wp-json\/wp\/v2\/product\/186469","targetHints":{"allow":["GET"]}}],"collection":[{"href":"https:\/\/shezamme.com\/en\/wp-json\/wp\/v2\/product"}],"about":[{"href":"https:\/\/shezamme.com\/en\/wp-json\/wp\/v2\/types\/product"}],"wp:featuredmedia":[{"embeddable":true,"href":"https:\/\/shezamme.com\/en\/wp-json\/wp\/v2\/media\/186512"}],"wp:attachment":[{"href":"https:\/\/shezamme.com\/en\/wp-json\/wp\/v2\/media?parent=186469"}],"wp:term":[{"taxonomy":"pwb-brand","embeddable":true,"href":"https:\/\/shezamme.com\/en\/wp-json\/wp\/v2\/pwb-brand?post=186469"},{"taxonomy":"product_brand","embeddable":true,"href":"https:\/\/shezamme.com\/en\/wp-json\/wp\/v2\/product_brand?post=186469"},{"taxonomy":"product_cat","embeddable":true,"href":"https:\/\/shezamme.com\/en\/wp-json\/wp\/v2\/product_cat?post=186469"},{"taxonomy":"product_tag","embeddable":true,"href":"https:\/\/shezamme.com\/en\/wp-json\/wp\/v2\/product_tag?post=186469"}],"curies":[{"name":"wp","href":"https:\/\/api.w.org\/{rel}","templated":true}]}}