{"id":18558,"date":"2022-10-20T08:03:56","date_gmt":"2022-10-20T06:03:56","guid":{"rendered":"https:\/\/shezamme.com\/?post_type=product&#038;p=18558"},"modified":"2026-03-23T07:22:01","modified_gmt":"2026-03-23T06:22:01","slug":"air-jordan-1-retro-high-og-taxi","status":"publish","type":"product","link":"https:\/\/shezamme.com\/en\/sklep\/buty\/air-jordan\/air-jordan-1-high\/air-jordan-1-retro-high-og-taxi\/","title":{"rendered":"Air Jordan 1 Retro High OG Yellow Toe"},"content":{"rendered":"<h2>Air Jordan 1 Retro High OG &#8222;Yellow Toe&#8221; \u2013 odwa\u017cny akcent w kultowym stylu<\/h2>\n<p>Model Air Jordan 1 &#8222;Yellow Toe&#8221; przyci\u0105ga wzrok kontrastowym zestawieniem \u017c\u00f3\u0142ci &#8222;Taxi Yellow&#8221;, czerni i bieli, tworz\u0105c dynamiczny i wyrazisty design. Sk\u00f3rzana cholewka z wysokiej jako\u015bci materia\u0142\u00f3w zapewnia trwa\u0142o\u015b\u0107 i intensywno\u015b\u0107 kolor\u00f3w, a charakterystyczne logo &#8222;Wings&#8221; i branding &#8222;Nike Air&#8221; na j\u0119zyku nawi\u0105zuj\u0105 do klasyki lat 80.<\/p>\n<h2>Komfort i styl w jednym<\/h2>\n<p>\u017b\u00f3\u0142te panele na toeboxie i pi\u0119cie dodaj\u0105 energii sylwetce, podczas gdy perforacje dbaj\u0105 o przewiewno\u015b\u0107 i wygod\u0119. Amortyzowana podeszwa Air zapewnia wsparcie na ca\u0142y dzie\u0144, czyni\u0105c model &#8222;Yellow Toe&#8221; idealnym zar\u00f3wno do codziennych stylizacji, jak i kolekcji sneakerowych.<\/p>","protected":false},"excerpt":{"rendered":"<h2>Air Jordan 1 Retro High OG &#8222;Yellow Toe&#8221; \u2013 wyrazisty klasyk z now\u0105 energi\u0105<\/h2>\n<p>Model Air Jordan 1 &#8222;Yellow Toe&#8221; zachwyca odwa\u017cnym po\u0142\u0105czeniem \u017c\u00f3\u0142ci, czerni i bieli, kt\u00f3re nadaje mu wyj\u0105tkowy charakter. Sk\u00f3rzana cholewka premium gwarantuje trwa\u0142o\u015b\u0107 i intensywno\u015b\u0107 kolor\u00f3w, a detale, takie jak logo &#8222;Wings&#8221; i &#8222;Nike Air&#8221; na j\u0119zyku, oddaj\u0105 ho\u0142d klasyce AJ1. Amortyzacja Air i perforowany toebox zapewniaj\u0105 komfort i przewiewno\u015b\u0107, tworz\u0105c idealny model zar\u00f3wno na co dzie\u0144, jak i do kolekcji.<\/p>","protected":false},"featured_media":18559,"template":"","meta":{"_acf_changed":false,"_yoast_wpseo_focuskw":"Air Jordan 1 Retro High OG Taxi","_yoast_wpseo_title":"","_yoast_wpseo_metadesc":""},"pwb-brand":[749,756],"product_brand":[],"product_cat":[16,17,18,93],"product_tag":[1008,1009],"class_list":{"0":"post-18558","1":"product","2":"type-product","3":"status-publish","4":"has-post-thumbnail","6":"pwb-brand-air-jordan","7":"pwb-brand-nike","8":"product_cat-buty","9":"product_cat-air-jordan","10":"product_cat-air-jordan-1-high","11":"product_cat-nike","12":"product_tag-kobieta","13":"product_tag-mezczyzna","15":"first","16":"instock","17":"taxable","18":"shipping-taxable","19":"purchasable","20":"product-type-variable","21":"has-default-attributes"},"acf":[],"yoast_head":"<!-- This site is optimized with the Yoast SEO plugin v27.3 - https:\/\/yoast.com\/product\/yoast-seo-wordpress\/ -->\n<title>Air Jordan 1 Retro High OG Yellow Toe - SHEZAMME<\/title>\n<meta name=\"description\" content=\"Air Jordan 1 Retro High OG Yellow Toe | Luksusowe i autentyczne przedmioty w jednym miejscu. B\u0105d\u017a na bie\u017c\u0105co i sprawd\u017a nasz\u0105 ofert\u0119 ju\u017c teraz\" \/>\n<meta name=\"robots\" content=\"index, follow, max-snippet:-1, max-image-preview:large, max-video-preview:-1\" \/>\n<link rel=\"canonical\" href=\"https:\/\/shezamme.com\/en\/sklep\/sneakers-2\/air-jordan\/air-jordan-1-high\/air-jordan-1-retro-high-og-taxi\/\" \/>\n<meta property=\"og:locale\" content=\"en_US\" \/>\n<meta property=\"og:type\" content=\"article\" \/>\n<meta property=\"og:title\" content=\"Air Jordan 1 Retro High OG Yellow Toe - SHEZAMME\" \/>\n<meta property=\"og:description\" content=\"Air Jordan 1 Retro High OG Yellow Toe | Luksusowe i autentyczne przedmioty w jednym miejscu. B\u0105d\u017a na bie\u017c\u0105co i sprawd\u017a nasz\u0105 ofert\u0119 ju\u017c teraz\" \/>\n<meta property=\"og:url\" content=\"https:\/\/shezamme.com\/en\/sklep\/sneakers-2\/air-jordan\/air-jordan-1-high\/air-jordan-1-retro-high-og-taxi\/\" \/>\n<meta property=\"og:site_name\" content=\"SHEZAMME - Yeezy, Jordan, Supreme i inne oryginalne rzeczy\" \/>\n<meta property=\"article:publisher\" content=\"https:\/\/www.facebook.com\/SHEZAMME\/\" \/>\n<meta property=\"article:modified_time\" content=\"2026-03-23T06:22:01+00:00\" \/>\n<meta property=\"og:image\" content=\"https:\/\/shezamme.com\/wp-content\/uploads\/2022\/10\/IMG_3716.jpg\" \/>\n\t<meta property=\"og:image:width\" content=\"1170\" \/>\n\t<meta property=\"og:image:height\" content=\"1094\" \/>\n\t<meta property=\"og:image:type\" content=\"image\/jpeg\" \/>\n<meta name=\"twitter:card\" content=\"summary_large_image\" \/>\n<meta name=\"twitter:site\" content=\"@SHEZAMME\" \/>\n<meta name=\"twitter:label1\" content=\"Est. reading time\" \/>\n\t<meta name=\"twitter:data1\" content=\"1 minute\" \/>\n<script type=\"application\/ld+json\" class=\"yoast-schema-graph\">{\"@context\":\"https:\\\/\\\/schema.org\",\"@graph\":[{\"@type\":\"WebPage\",\"@id\":\"https:\\\/\\\/shezamme.com\\\/sklep\\\/buty\\\/air-jordan\\\/air-jordan-1-high\\\/air-jordan-1-retro-high-og-taxi\\\/\",\"url\":\"https:\\\/\\\/shezamme.com\\\/sklep\\\/buty\\\/air-jordan\\\/air-jordan-1-high\\\/air-jordan-1-retro-high-og-taxi\\\/\",\"name\":\"Air Jordan 1 Retro High OG Yellow Toe - SHEZAMME\",\"isPartOf\":{\"@id\":\"https:\\\/\\\/shezamme.com\\\/#website\"},\"primaryImageOfPage\":{\"@id\":\"https:\\\/\\\/shezamme.com\\\/sklep\\\/buty\\\/air-jordan\\\/air-jordan-1-high\\\/air-jordan-1-retro-high-og-taxi\\\/#primaryimage\"},\"image\":{\"@id\":\"https:\\\/\\\/shezamme.com\\\/sklep\\\/buty\\\/air-jordan\\\/air-jordan-1-high\\\/air-jordan-1-retro-high-og-taxi\\\/#primaryimage\"},\"thumbnailUrl\":\"https:\\\/\\\/shezamme.com\\\/wp-content\\\/uploads\\\/2022\\\/10\\\/IMG_3716.jpg\",\"datePublished\":\"2022-10-20T06:03:56+00:00\",\"dateModified\":\"2026-03-23T06:22:01+00:00\",\"description\":\"Air Jordan 1 Retro High OG Yellow Toe | Luksusowe i autentyczne przedmioty w jednym miejscu. B\u0105d\u017a na bie\u017c\u0105co i sprawd\u017a nasz\u0105 ofert\u0119 ju\u017c teraz\",\"breadcrumb\":{\"@id\":\"https:\\\/\\\/shezamme.com\\\/sklep\\\/buty\\\/air-jordan\\\/air-jordan-1-high\\\/air-jordan-1-retro-high-og-taxi\\\/#breadcrumb\"},\"inLanguage\":\"en-US\",\"potentialAction\":[{\"@type\":\"ReadAction\",\"target\":[\"https:\\\/\\\/shezamme.com\\\/sklep\\\/buty\\\/air-jordan\\\/air-jordan-1-high\\\/air-jordan-1-retro-high-og-taxi\\\/\"]}]},{\"@type\":\"ImageObject\",\"inLanguage\":\"en-US\",\"@id\":\"https:\\\/\\\/shezamme.com\\\/sklep\\\/buty\\\/air-jordan\\\/air-jordan-1-high\\\/air-jordan-1-retro-high-og-taxi\\\/#primaryimage\",\"url\":\"https:\\\/\\\/shezamme.com\\\/wp-content\\\/uploads\\\/2022\\\/10\\\/IMG_3716.jpg\",\"contentUrl\":\"https:\\\/\\\/shezamme.com\\\/wp-content\\\/uploads\\\/2022\\\/10\\\/IMG_3716.jpg\",\"width\":1170,\"height\":1094,\"caption\":\"Air Jordan 1 Retro High OG Taxi\"},{\"@type\":\"BreadcrumbList\",\"@id\":\"https:\\\/\\\/shezamme.com\\\/sklep\\\/buty\\\/air-jordan\\\/air-jordan-1-high\\\/air-jordan-1-retro-high-og-taxi\\\/#breadcrumb\",\"itemListElement\":[{\"@type\":\"ListItem\",\"position\":1,\"name\":\"Strona g\u0142\u00f3wna\",\"item\":\"https:\\\/\\\/shezamme.com\\\/\"},{\"@type\":\"ListItem\",\"position\":2,\"name\":\"Sklep\",\"item\":\"https:\\\/\\\/shezamme.com\\\/en\\\/sklep\\\/\"},{\"@type\":\"ListItem\",\"position\":3,\"name\":\"Air Jordan 1 Retro High OG Yellow Toe\"}]},{\"@type\":\"WebSite\",\"@id\":\"https:\\\/\\\/shezamme.com\\\/#website\",\"url\":\"https:\\\/\\\/shezamme.com\\\/\",\"name\":\"SHEZAMME - Sneakersy, Streetwear i luksusowe marki\",\"description\":\"Oryginalne i ekskluzywne przedmioty w jednym miejscu. Sprawd\u017a nasze produkty ju\u017c teraz i b\u0105d\u017a na bie\u017c\u0105co z wszystkimi premierami.\",\"publisher\":{\"@id\":\"https:\\\/\\\/shezamme.com\\\/#organization\"},\"potentialAction\":[{\"@type\":\"SearchAction\",\"target\":{\"@type\":\"EntryPoint\",\"urlTemplate\":\"https:\\\/\\\/shezamme.com\\\/?s={search_term_string}\"},\"query-input\":{\"@type\":\"PropertyValueSpecification\",\"valueRequired\":true,\"valueName\":\"search_term_string\"}}],\"inLanguage\":\"en-US\"},{\"@type\":\"Organization\",\"@id\":\"https:\\\/\\\/shezamme.com\\\/#organization\",\"name\":\"SHEZAMME - Sneakersy, Streetwear i luksusowe marki\",\"url\":\"https:\\\/\\\/shezamme.com\\\/\",\"logo\":{\"@type\":\"ImageObject\",\"inLanguage\":\"en-US\",\"@id\":\"https:\\\/\\\/shezamme.com\\\/#\\\/schema\\\/logo\\\/image\\\/\",\"url\":\"https:\\\/\\\/shezamme.com\\\/wp-content\\\/uploads\\\/2023\\\/02\\\/0x0.png\",\"contentUrl\":\"https:\\\/\\\/shezamme.com\\\/wp-content\\\/uploads\\\/2023\\\/02\\\/0x0.png\",\"width\":2000,\"height\":2000,\"caption\":\"SHEZAMME - Sneakersy, Streetwear i luksusowe marki\"},\"image\":{\"@id\":\"https:\\\/\\\/shezamme.com\\\/#\\\/schema\\\/logo\\\/image\\\/\"},\"sameAs\":[\"https:\\\/\\\/www.facebook.com\\\/SHEZAMME\\\/\",\"https:\\\/\\\/x.com\\\/SHEZAMME\",\"https:\\\/\\\/www.instagram.com\\\/shezamme\\\/\",\"https:\\\/\\\/www.youtube.com\\\/channel\\\/UCsTJxi_9fODHdO_1bmJbqvQ\",\"https:\\\/\\\/www.tiktok.com\\\/shezamme.com\"]}]}<\/script>\n<!-- \/ Yoast SEO plugin. -->","yoast_head_json":{"title":"Air Jordan 1 Retro High OG Yellow Toe - SHEZAMME","description":"Air Jordan 1 Retro High OG Yellow Toe | Luksusowe i autentyczne przedmioty w jednym miejscu. B\u0105d\u017a na bie\u017c\u0105co i sprawd\u017a nasz\u0105 ofert\u0119 ju\u017c teraz","robots":{"index":"index","follow":"follow","max-snippet":"max-snippet:-1","max-image-preview":"max-image-preview:large","max-video-preview":"max-video-preview:-1"},"canonical":"https:\/\/shezamme.com\/en\/sklep\/sneakers-2\/air-jordan\/air-jordan-1-high\/air-jordan-1-retro-high-og-taxi\/","og_locale":"en_US","og_type":"article","og_title":"Air Jordan 1 Retro High OG Yellow Toe - SHEZAMME","og_description":"Air Jordan 1 Retro High OG Yellow Toe | Luksusowe i autentyczne przedmioty w jednym miejscu. B\u0105d\u017a na bie\u017c\u0105co i sprawd\u017a nasz\u0105 ofert\u0119 ju\u017c teraz","og_url":"https:\/\/shezamme.com\/en\/sklep\/sneakers-2\/air-jordan\/air-jordan-1-high\/air-jordan-1-retro-high-og-taxi\/","og_site_name":"SHEZAMME - Yeezy, Jordan, Supreme i inne oryginalne rzeczy","article_publisher":"https:\/\/www.facebook.com\/SHEZAMME\/","article_modified_time":"2026-03-23T06:22:01+00:00","og_image":[{"width":1170,"height":1094,"url":"https:\/\/shezamme.com\/wp-content\/uploads\/2022\/10\/IMG_3716.jpg","type":"image\/jpeg"}],"twitter_card":"summary_large_image","twitter_site":"@SHEZAMME","twitter_misc":{"Est. reading time":"1 minute"},"schema":{"@context":"https:\/\/schema.org","@graph":[{"@type":"WebPage","@id":"https:\/\/shezamme.com\/sklep\/buty\/air-jordan\/air-jordan-1-high\/air-jordan-1-retro-high-og-taxi\/","url":"https:\/\/shezamme.com\/sklep\/buty\/air-jordan\/air-jordan-1-high\/air-jordan-1-retro-high-og-taxi\/","name":"Air Jordan 1 Retro High OG Yellow Toe - SHEZAMME","isPartOf":{"@id":"https:\/\/shezamme.com\/#website"},"primaryImageOfPage":{"@id":"https:\/\/shezamme.com\/sklep\/buty\/air-jordan\/air-jordan-1-high\/air-jordan-1-retro-high-og-taxi\/#primaryimage"},"image":{"@id":"https:\/\/shezamme.com\/sklep\/buty\/air-jordan\/air-jordan-1-high\/air-jordan-1-retro-high-og-taxi\/#primaryimage"},"thumbnailUrl":"https:\/\/shezamme.com\/wp-content\/uploads\/2022\/10\/IMG_3716.jpg","datePublished":"2022-10-20T06:03:56+00:00","dateModified":"2026-03-23T06:22:01+00:00","description":"Air Jordan 1 Retro High OG Yellow Toe | Luksusowe i autentyczne przedmioty w jednym miejscu. B\u0105d\u017a na bie\u017c\u0105co i sprawd\u017a nasz\u0105 ofert\u0119 ju\u017c teraz","breadcrumb":{"@id":"https:\/\/shezamme.com\/sklep\/buty\/air-jordan\/air-jordan-1-high\/air-jordan-1-retro-high-og-taxi\/#breadcrumb"},"inLanguage":"en-US","potentialAction":[{"@type":"ReadAction","target":["https:\/\/shezamme.com\/sklep\/buty\/air-jordan\/air-jordan-1-high\/air-jordan-1-retro-high-og-taxi\/"]}]},{"@type":"ImageObject","inLanguage":"en-US","@id":"https:\/\/shezamme.com\/sklep\/buty\/air-jordan\/air-jordan-1-high\/air-jordan-1-retro-high-og-taxi\/#primaryimage","url":"https:\/\/shezamme.com\/wp-content\/uploads\/2022\/10\/IMG_3716.jpg","contentUrl":"https:\/\/shezamme.com\/wp-content\/uploads\/2022\/10\/IMG_3716.jpg","width":1170,"height":1094,"caption":"Air Jordan 1 Retro High OG Taxi"},{"@type":"BreadcrumbList","@id":"https:\/\/shezamme.com\/sklep\/buty\/air-jordan\/air-jordan-1-high\/air-jordan-1-retro-high-og-taxi\/#breadcrumb","itemListElement":[{"@type":"ListItem","position":1,"name":"Strona g\u0142\u00f3wna","item":"https:\/\/shezamme.com\/"},{"@type":"ListItem","position":2,"name":"Sklep","item":"https:\/\/shezamme.com\/en\/sklep\/"},{"@type":"ListItem","position":3,"name":"Air Jordan 1 Retro High OG Yellow Toe"}]},{"@type":"WebSite","@id":"https:\/\/shezamme.com\/#website","url":"https:\/\/shezamme.com\/","name":"SHEZAMME - Sneakers, Streetwear and luxury brands","description":"Original and exclusive items in one place. Check out our products now and stay up to date with all launches.","publisher":{"@id":"https:\/\/shezamme.com\/#organization"},"potentialAction":[{"@type":"SearchAction","target":{"@type":"EntryPoint","urlTemplate":"https:\/\/shezamme.com\/?s={search_term_string}"},"query-input":{"@type":"PropertyValueSpecification","valueRequired":true,"valueName":"search_term_string"}}],"inLanguage":"en-US"},{"@type":"Organization","@id":"https:\/\/shezamme.com\/#organization","name":"SHEZAMME - Sneakers, Streetwear and luxury brands","url":"https:\/\/shezamme.com\/","logo":{"@type":"ImageObject","inLanguage":"en-US","@id":"https:\/\/shezamme.com\/#\/schema\/logo\/image\/","url":"https:\/\/shezamme.com\/wp-content\/uploads\/2023\/02\/0x0.png","contentUrl":"https:\/\/shezamme.com\/wp-content\/uploads\/2023\/02\/0x0.png","width":2000,"height":2000,"caption":"SHEZAMME - Sneakersy, Streetwear i luksusowe marki"},"image":{"@id":"https:\/\/shezamme.com\/#\/schema\/logo\/image\/"},"sameAs":["https:\/\/www.facebook.com\/SHEZAMME\/","https:\/\/x.com\/SHEZAMME","https:\/\/www.instagram.com\/shezamme\/","https:\/\/www.youtube.com\/channel\/UCsTJxi_9fODHdO_1bmJbqvQ","https:\/\/www.tiktok.com\/shezamme.com"]}]}},"brands":[{"id":749,"name":"Jordan","slug":"air-jordan"},{"id":756,"name":"Nike","slug":"nike"}],"_links":{"self":[{"href":"https:\/\/shezamme.com\/en\/wp-json\/wp\/v2\/product\/18558","targetHints":{"allow":["GET"]}}],"collection":[{"href":"https:\/\/shezamme.com\/en\/wp-json\/wp\/v2\/product"}],"about":[{"href":"https:\/\/shezamme.com\/en\/wp-json\/wp\/v2\/types\/product"}],"wp:featuredmedia":[{"embeddable":true,"href":"https:\/\/shezamme.com\/en\/wp-json\/wp\/v2\/media\/18559"}],"wp:attachment":[{"href":"https:\/\/shezamme.com\/en\/wp-json\/wp\/v2\/media?parent=18558"}],"wp:term":[{"taxonomy":"pwb-brand","embeddable":true,"href":"https:\/\/shezamme.com\/en\/wp-json\/wp\/v2\/pwb-brand?post=18558"},{"taxonomy":"product_brand","embeddable":true,"href":"https:\/\/shezamme.com\/en\/wp-json\/wp\/v2\/product_brand?post=18558"},{"taxonomy":"product_cat","embeddable":true,"href":"https:\/\/shezamme.com\/en\/wp-json\/wp\/v2\/product_cat?post=18558"},{"taxonomy":"product_tag","embeddable":true,"href":"https:\/\/shezamme.com\/en\/wp-json\/wp\/v2\/product_tag?post=18558"}],"curies":[{"name":"wp","href":"https:\/\/api.w.org\/{rel}","templated":true}]}}