{"id":18453,"date":"2022-10-05T14:57:14","date_gmt":"2022-10-05T12:57:14","guid":{"rendered":"https:\/\/shezamme.com\/?post_type=product&#038;p=18453"},"modified":"2025-01-03T17:37:53","modified_gmt":"2025-01-03T16:37:53","slug":"supreme-x-bicycle-karty-na-sztuki","status":"publish","type":"product","link":"https:\/\/shezamme.com\/en\/sklep\/akcesoria\/akcesoria-supreme\/supreme-x-bicycle-karty-na-sztuki\/","title":{"rendered":"Supreme x Bicycle Cards per piece"},"content":{"rendered":"<p>Supreme to marka, kt\u00f3ra zawsze zaskakuje swoich fan\u00f3w i klient\u00f3w. Wsp\u00f3\u0142pracuje z wieloma innymi firmami, w tym z Bicycle &#8211; znanym producentem kart do gry. W ramach ich wsp\u00f3\u0142pracy powsta\u0142y karty do gry, kt\u00f3re stanowi\u0105 \u015bwietn\u0105 gratk\u0119 dla fan\u00f3w klasycznych gier i kolekcjoner\u00f3w produkt\u00f3w zwi\u0105zanych z mark\u0105 Supreme.<\/p>\n<p>Karty do gry z Supreme to nie tylko przedmiot, kt\u00f3ry pozwoli na sp\u0119dzenie czasu w gronie przyjaci\u00f3\u0142, ale r\u00f3wnie\u017c ciekawy element kolekcjonerski. Karty zosta\u0142y wykonane z wysokiej jako\u015bci materia\u0142\u00f3w, co przek\u0142ada si\u0119 na ich trwa\u0142o\u015b\u0107 i odporno\u015b\u0107 na uszkodzenia.<\/p>\n<p>Jako, \u017ce Supreme s\u0142ynie z charakterystycznego logo &#8222;Box Logo&#8221;, takie w\u0142a\u015bnie logo znajduje si\u0119 na jednej ze stron kart do gry. Karty zosta\u0142y wyprodukowane w limitowanej ilo\u015bci, co dodaje im jeszcze wi\u0119kszej warto\u015bci kolekcjonerskiej.<\/p>\n<p>Nie tylko mi\u0142o\u015bnicy gier karcianych b\u0119d\u0105 zadowoleni z takiego produktu, ale r\u00f3wnie\u017c fani marki Supreme, kt\u00f3rzy ch\u0119tnie wzbogacaj\u0105 swoj\u0105 kolekcj\u0119 o unikalne przedmioty. Karty z pewno\u015bci\u0105 wyr\u00f3\u017cni\u0105 si\u0119 na p\u00f3\u0142ce z innymi gad\u017cetami zwi\u0105zanych z mark\u0105, dzi\u0119ki swojemu oryginalnemu wzornictwu.<\/p>\n<p>W sklepie Supreme karty do gry s\u0105 dost\u0119pne tylko okresowo, co sprawia, \u017ce ich posiadanie jest jeszcze bardziej ekskluzywne. To nie tylko idealny prezent dla fan\u00f3w marki, ale r\u00f3wnie\u017c dla ka\u017cdego, kto szuka wyj\u0105tkowego i ciekawego elementu do swojej kolekcji.<\/p>","protected":false},"excerpt":{"rendered":"<p>Supreme x Bicycle Cards per piece<\/p>\n<p>Condition: New<\/p>\n<p>Zestaw Supreme x Bicycle posiada 56 kart w ca\u0142ym opakowaniu.<\/p>\n<p>Przedmiotem sprzeda\u017cy s\u0105 pojedyncze sztuki kart.<\/p>\n<p>Po zakupie otrzymuje si\u0119 losow\u0105 kolorystyk\u0119 kart z wybranego przedzia\u0142u cenowego np: Pik, Kier, Trefl, Karo<\/p>\n<p>&nbsp;<\/p>","protected":false},"featured_media":18458,"template":"","meta":{"_acf_changed":false,"_yoast_wpseo_focuskw":"Supreme x Bicycle Karty","_yoast_wpseo_title":"","_yoast_wpseo_metadesc":""},"pwb-brand":[753],"product_brand":[],"product_cat":[23,974],"product_tag":[],"class_list":{"0":"post-18453","1":"product","2":"type-product","3":"status-publish","4":"has-post-thumbnail","6":"pwb-brand-supreme","7":"product_cat-akcesoria","8":"product_cat-akcesoria-supreme","10":"first","11":"onbackorder","12":"featured","13":"taxable","14":"shipping-taxable","15":"purchasable","16":"product-type-variable","17":"has-default-attributes"},"acf":[],"yoast_head":"<!-- This site is optimized with the Yoast SEO plugin v27.2 - https:\/\/yoast.com\/product\/yoast-seo-wordpress\/ -->\n<title>Supreme x Bicycle Karty na sztuki - SHEZAMME<\/title>\n<meta name=\"description\" content=\"Supreme x Bicycle Karty na sztuki | Luksusowe i autentyczne przedmioty w jednym miejscu. B\u0105d\u017a na bie\u017c\u0105co i sprawd\u017a nasz\u0105 ofert\u0119 ju\u017c teraz\" \/>\n<meta name=\"robots\" content=\"index, follow, max-snippet:-1, max-image-preview:large, max-video-preview:-1\" \/>\n<link rel=\"canonical\" href=\"https:\/\/shezamme.com\/en\/sklep\/accesories\/akcesoria-supreme\/supreme-x-bicycle-karty-na-sztuki\/\" \/>\n<meta property=\"og:locale\" content=\"en_US\" \/>\n<meta property=\"og:type\" content=\"article\" \/>\n<meta property=\"og:title\" content=\"Supreme x Bicycle Karty na sztuki - SHEZAMME\" \/>\n<meta property=\"og:description\" content=\"Supreme x Bicycle Karty na sztuki | Luksusowe i autentyczne przedmioty w jednym miejscu. B\u0105d\u017a na bie\u017c\u0105co i sprawd\u017a nasz\u0105 ofert\u0119 ju\u017c teraz\" \/>\n<meta property=\"og:url\" content=\"https:\/\/shezamme.com\/en\/sklep\/accesories\/akcesoria-supreme\/supreme-x-bicycle-karty-na-sztuki\/\" \/>\n<meta property=\"og:site_name\" content=\"SHEZAMME - Yeezy, Jordan, Supreme i inne oryginalne rzeczy\" \/>\n<meta property=\"article:publisher\" content=\"https:\/\/www.facebook.com\/SHEZAMME\/\" \/>\n<meta property=\"article:modified_time\" content=\"2025-01-03T16:37:53+00:00\" \/>\n<meta property=\"og:image\" content=\"https:\/\/shezamme.com\/wp-content\/uploads\/2022\/10\/supreme-karty-glowne.jpg\" \/>\n\t<meta property=\"og:image:width\" content=\"900\" \/>\n\t<meta property=\"og:image:height\" content=\"900\" \/>\n\t<meta property=\"og:image:type\" content=\"image\/jpeg\" \/>\n<meta name=\"twitter:card\" content=\"summary_large_image\" \/>\n<meta name=\"twitter:site\" content=\"@SHEZAMME\" \/>\n<meta name=\"twitter:label1\" content=\"Est. reading time\" \/>\n\t<meta name=\"twitter:data1\" content=\"1 minute\" \/>\n<script type=\"application\/ld+json\" class=\"yoast-schema-graph\">{\"@context\":\"https:\/\/schema.org\",\"@graph\":[{\"@type\":\"WebPage\",\"@id\":\"https:\/\/shezamme.com\/sklep\/akcesoria\/akcesoria-supreme\/supreme-x-bicycle-karty-na-sztuki\/\",\"url\":\"https:\/\/shezamme.com\/sklep\/akcesoria\/akcesoria-supreme\/supreme-x-bicycle-karty-na-sztuki\/\",\"name\":\"Supreme x Bicycle Karty na sztuki - SHEZAMME\",\"isPartOf\":{\"@id\":\"https:\/\/shezamme.com\/#website\"},\"primaryImageOfPage\":{\"@id\":\"https:\/\/shezamme.com\/sklep\/akcesoria\/akcesoria-supreme\/supreme-x-bicycle-karty-na-sztuki\/#primaryimage\"},\"image\":{\"@id\":\"https:\/\/shezamme.com\/sklep\/akcesoria\/akcesoria-supreme\/supreme-x-bicycle-karty-na-sztuki\/#primaryimage\"},\"thumbnailUrl\":\"https:\/\/shezamme.com\/wp-content\/uploads\/2022\/10\/supreme-karty-glowne.jpg\",\"datePublished\":\"2022-10-05T12:57:14+00:00\",\"dateModified\":\"2025-01-03T16:37:53+00:00\",\"description\":\"Supreme x Bicycle Karty na sztuki | Luksusowe i autentyczne przedmioty w jednym miejscu. B\u0105d\u017a na bie\u017c\u0105co i sprawd\u017a nasz\u0105 ofert\u0119 ju\u017c teraz\",\"breadcrumb\":{\"@id\":\"https:\/\/shezamme.com\/sklep\/akcesoria\/akcesoria-supreme\/supreme-x-bicycle-karty-na-sztuki\/#breadcrumb\"},\"inLanguage\":\"en-US\",\"potentialAction\":[{\"@type\":\"ReadAction\",\"target\":[\"https:\/\/shezamme.com\/sklep\/akcesoria\/akcesoria-supreme\/supreme-x-bicycle-karty-na-sztuki\/\"]}]},{\"@type\":\"ImageObject\",\"inLanguage\":\"en-US\",\"@id\":\"https:\/\/shezamme.com\/sklep\/akcesoria\/akcesoria-supreme\/supreme-x-bicycle-karty-na-sztuki\/#primaryimage\",\"url\":\"https:\/\/shezamme.com\/wp-content\/uploads\/2022\/10\/supreme-karty-glowne.jpg\",\"contentUrl\":\"https:\/\/shezamme.com\/wp-content\/uploads\/2022\/10\/supreme-karty-glowne.jpg\",\"width\":900,\"height\":900,\"caption\":\"Supreme x Bicycle Karty na sztuki\"},{\"@type\":\"BreadcrumbList\",\"@id\":\"https:\/\/shezamme.com\/sklep\/akcesoria\/akcesoria-supreme\/supreme-x-bicycle-karty-na-sztuki\/#breadcrumb\",\"itemListElement\":[{\"@type\":\"ListItem\",\"position\":1,\"name\":\"Strona g\u0142\u00f3wna\",\"item\":\"https:\/\/shezamme.com\/\"},{\"@type\":\"ListItem\",\"position\":2,\"name\":\"Sklep\",\"item\":\"https:\/\/shezamme.com\/sklep\/\"},{\"@type\":\"ListItem\",\"position\":3,\"name\":\"Supreme x Bicycle Karty na sztuki\"}]},{\"@type\":\"WebSite\",\"@id\":\"https:\/\/shezamme.com\/#website\",\"url\":\"https:\/\/shezamme.com\/\",\"name\":\"SHEZAMME - Sneakersy, Streetwear i luksusowe marki\",\"description\":\"Oryginalne i ekskluzywne przedmioty w jednym miejscu. Sprawd\u017a nasze produkty ju\u017c teraz i b\u0105d\u017a na bie\u017c\u0105co z wszystkimi premierami.\",\"publisher\":{\"@id\":\"https:\/\/shezamme.com\/#organization\"},\"potentialAction\":[{\"@type\":\"SearchAction\",\"target\":{\"@type\":\"EntryPoint\",\"urlTemplate\":\"https:\/\/shezamme.com\/?s={search_term_string}\"},\"query-input\":{\"@type\":\"PropertyValueSpecification\",\"valueRequired\":true,\"valueName\":\"search_term_string\"}}],\"inLanguage\":\"en-US\"},{\"@type\":\"Organization\",\"@id\":\"https:\/\/shezamme.com\/#organization\",\"name\":\"SHEZAMME - Sneakersy, Streetwear i luksusowe marki\",\"url\":\"https:\/\/shezamme.com\/\",\"logo\":{\"@type\":\"ImageObject\",\"inLanguage\":\"en-US\",\"@id\":\"https:\/\/shezamme.com\/#\/schema\/logo\/image\/\",\"url\":\"https:\/\/shezamme.com\/wp-content\/uploads\/2023\/02\/0x0.png\",\"contentUrl\":\"https:\/\/shezamme.com\/wp-content\/uploads\/2023\/02\/0x0.png\",\"width\":2000,\"height\":2000,\"caption\":\"SHEZAMME - Sneakersy, Streetwear i luksusowe marki\"},\"image\":{\"@id\":\"https:\/\/shezamme.com\/#\/schema\/logo\/image\/\"},\"sameAs\":[\"https:\/\/www.facebook.com\/SHEZAMME\/\",\"https:\/\/x.com\/SHEZAMME\",\"https:\/\/www.instagram.com\/shezamme\/\",\"https:\/\/www.youtube.com\/channel\/UCsTJxi_9fODHdO_1bmJbqvQ\",\"https:\/\/www.tiktok.com\/shezamme.com\"]}]}<\/script>\n<!-- \/ Yoast SEO plugin. -->","yoast_head_json":{"title":"Supreme x Bicycle Karty na sztuki - SHEZAMME","description":"Supreme x Bicycle Karty na sztuki | Luksusowe i autentyczne przedmioty w jednym miejscu. B\u0105d\u017a na bie\u017c\u0105co i sprawd\u017a nasz\u0105 ofert\u0119 ju\u017c teraz","robots":{"index":"index","follow":"follow","max-snippet":"max-snippet:-1","max-image-preview":"max-image-preview:large","max-video-preview":"max-video-preview:-1"},"canonical":"https:\/\/shezamme.com\/en\/sklep\/accesories\/akcesoria-supreme\/supreme-x-bicycle-karty-na-sztuki\/","og_locale":"en_US","og_type":"article","og_title":"Supreme x Bicycle Karty na sztuki - SHEZAMME","og_description":"Supreme x Bicycle Karty na sztuki | Luksusowe i autentyczne przedmioty w jednym miejscu. B\u0105d\u017a na bie\u017c\u0105co i sprawd\u017a nasz\u0105 ofert\u0119 ju\u017c teraz","og_url":"https:\/\/shezamme.com\/en\/sklep\/accesories\/akcesoria-supreme\/supreme-x-bicycle-karty-na-sztuki\/","og_site_name":"SHEZAMME - Yeezy, Jordan, Supreme i inne oryginalne rzeczy","article_publisher":"https:\/\/www.facebook.com\/SHEZAMME\/","article_modified_time":"2025-01-03T16:37:53+00:00","og_image":[{"width":900,"height":900,"url":"https:\/\/shezamme.com\/wp-content\/uploads\/2022\/10\/supreme-karty-glowne.jpg","type":"image\/jpeg"}],"twitter_card":"summary_large_image","twitter_site":"@SHEZAMME","twitter_misc":{"Est. reading time":"1 minute"},"schema":{"@context":"https:\/\/schema.org","@graph":[{"@type":"WebPage","@id":"https:\/\/shezamme.com\/sklep\/akcesoria\/akcesoria-supreme\/supreme-x-bicycle-karty-na-sztuki\/","url":"https:\/\/shezamme.com\/sklep\/akcesoria\/akcesoria-supreme\/supreme-x-bicycle-karty-na-sztuki\/","name":"Supreme x Bicycle Karty na sztuki - SHEZAMME","isPartOf":{"@id":"https:\/\/shezamme.com\/#website"},"primaryImageOfPage":{"@id":"https:\/\/shezamme.com\/sklep\/akcesoria\/akcesoria-supreme\/supreme-x-bicycle-karty-na-sztuki\/#primaryimage"},"image":{"@id":"https:\/\/shezamme.com\/sklep\/akcesoria\/akcesoria-supreme\/supreme-x-bicycle-karty-na-sztuki\/#primaryimage"},"thumbnailUrl":"https:\/\/shezamme.com\/wp-content\/uploads\/2022\/10\/supreme-karty-glowne.jpg","datePublished":"2022-10-05T12:57:14+00:00","dateModified":"2025-01-03T16:37:53+00:00","description":"Supreme x Bicycle Karty na sztuki | Luksusowe i autentyczne przedmioty w jednym miejscu. B\u0105d\u017a na bie\u017c\u0105co i sprawd\u017a nasz\u0105 ofert\u0119 ju\u017c teraz","breadcrumb":{"@id":"https:\/\/shezamme.com\/sklep\/akcesoria\/akcesoria-supreme\/supreme-x-bicycle-karty-na-sztuki\/#breadcrumb"},"inLanguage":"en-US","potentialAction":[{"@type":"ReadAction","target":["https:\/\/shezamme.com\/sklep\/akcesoria\/akcesoria-supreme\/supreme-x-bicycle-karty-na-sztuki\/"]}]},{"@type":"ImageObject","inLanguage":"en-US","@id":"https:\/\/shezamme.com\/sklep\/akcesoria\/akcesoria-supreme\/supreme-x-bicycle-karty-na-sztuki\/#primaryimage","url":"https:\/\/shezamme.com\/wp-content\/uploads\/2022\/10\/supreme-karty-glowne.jpg","contentUrl":"https:\/\/shezamme.com\/wp-content\/uploads\/2022\/10\/supreme-karty-glowne.jpg","width":900,"height":900,"caption":"Supreme x Bicycle Karty na sztuki"},{"@type":"BreadcrumbList","@id":"https:\/\/shezamme.com\/sklep\/akcesoria\/akcesoria-supreme\/supreme-x-bicycle-karty-na-sztuki\/#breadcrumb","itemListElement":[{"@type":"ListItem","position":1,"name":"Strona g\u0142\u00f3wna","item":"https:\/\/shezamme.com\/"},{"@type":"ListItem","position":2,"name":"Sklep","item":"https:\/\/shezamme.com\/sklep\/"},{"@type":"ListItem","position":3,"name":"Supreme x Bicycle Karty na sztuki"}]},{"@type":"WebSite","@id":"https:\/\/shezamme.com\/#website","url":"https:\/\/shezamme.com\/","name":"SHEZAMME - Sneakers, Streetwear and luxury brands","description":"Original and exclusive items in one place. Check out our products now and stay up to date with all launches.","publisher":{"@id":"https:\/\/shezamme.com\/#organization"},"potentialAction":[{"@type":"SearchAction","target":{"@type":"EntryPoint","urlTemplate":"https:\/\/shezamme.com\/?s={search_term_string}"},"query-input":{"@type":"PropertyValueSpecification","valueRequired":true,"valueName":"search_term_string"}}],"inLanguage":"en-US"},{"@type":"Organization","@id":"https:\/\/shezamme.com\/#organization","name":"SHEZAMME - Sneakers, Streetwear and luxury brands","url":"https:\/\/shezamme.com\/","logo":{"@type":"ImageObject","inLanguage":"en-US","@id":"https:\/\/shezamme.com\/#\/schema\/logo\/image\/","url":"https:\/\/shezamme.com\/wp-content\/uploads\/2023\/02\/0x0.png","contentUrl":"https:\/\/shezamme.com\/wp-content\/uploads\/2023\/02\/0x0.png","width":2000,"height":2000,"caption":"SHEZAMME - Sneakersy, Streetwear i luksusowe marki"},"image":{"@id":"https:\/\/shezamme.com\/#\/schema\/logo\/image\/"},"sameAs":["https:\/\/www.facebook.com\/SHEZAMME\/","https:\/\/x.com\/SHEZAMME","https:\/\/www.instagram.com\/shezamme\/","https:\/\/www.youtube.com\/channel\/UCsTJxi_9fODHdO_1bmJbqvQ","https:\/\/www.tiktok.com\/shezamme.com"]}]}},"brands":[{"id":753,"name":"supreme","slug":"supreme"}],"_links":{"self":[{"href":"https:\/\/shezamme.com\/en\/wp-json\/wp\/v2\/product\/18453","targetHints":{"allow":["GET"]}}],"collection":[{"href":"https:\/\/shezamme.com\/en\/wp-json\/wp\/v2\/product"}],"about":[{"href":"https:\/\/shezamme.com\/en\/wp-json\/wp\/v2\/types\/product"}],"wp:featuredmedia":[{"embeddable":true,"href":"https:\/\/shezamme.com\/en\/wp-json\/wp\/v2\/media\/18458"}],"wp:attachment":[{"href":"https:\/\/shezamme.com\/en\/wp-json\/wp\/v2\/media?parent=18453"}],"wp:term":[{"taxonomy":"pwb-brand","embeddable":true,"href":"https:\/\/shezamme.com\/en\/wp-json\/wp\/v2\/pwb-brand?post=18453"},{"taxonomy":"product_brand","embeddable":true,"href":"https:\/\/shezamme.com\/en\/wp-json\/wp\/v2\/product_brand?post=18453"},{"taxonomy":"product_cat","embeddable":true,"href":"https:\/\/shezamme.com\/en\/wp-json\/wp\/v2\/product_cat?post=18453"},{"taxonomy":"product_tag","embeddable":true,"href":"https:\/\/shezamme.com\/en\/wp-json\/wp\/v2\/product_tag?post=18453"}],"curies":[{"name":"wp","href":"https:\/\/api.w.org\/{rel}","templated":true}]}}