{"id":18323,"date":"2022-10-03T13:11:14","date_gmt":"2022-10-03T11:11:14","guid":{"rendered":"https:\/\/shezamme.com\/?post_type=product&#038;p=18323"},"modified":"2025-02-10T22:46:53","modified_gmt":"2025-02-10T21:46:53","slug":"obraz-na-plotnie-yeezy-350-bone-white","status":"publish","type":"product","link":"https:\/\/shezamme.com\/en\/sklep\/obrazy\/obraz-na-plotnie-yeezy-350-bone-white\/","title":{"rendered":"Obraz na p\u0142\u00f3tnie Yeezy 350 Bone White"},"content":{"rendered":"<p>Obraz na p\u0142\u00f3tnie Yeezy 350 Bone White to idealny wyb\u00f3r dla mi\u0142o\u015bnik\u00f3w sneakerhead\u00f3w i streetwearu. Sneakersy Yeezy 350 to jedne z najbardziej ikonicznych but\u00f3w w dzisiejszym \u015bwiecie, a ich model Bone White z pewno\u015bci\u0105 nie rozczaruje.<\/p>\n<p>Ten unikalny obraz przedstawia sneakersy Yeezy 350 w kolorze Bone White. Buty te s\u0105 wykonane z wysokiej jako\u015bci materia\u0142\u00f3w, kt\u00f3re zapewniaj\u0105 nie tylko doskona\u0142y wygl\u0105d, ale tak\u017ce trwa\u0142o\u015b\u0107 i wygod\u0119. Wyko\u0144czenie but\u00f3w wykonane jest w odcieniach bieli, szaro\u015bci i be\u017cu, co nadaje im bardzo elegancki i stylowy wygl\u0105d.<\/p>\n<p>Obraz na p\u0142\u00f3tnie Yeezy 350 Bone White idealnie nadaje si\u0119 do dekoracji mieszka\u0144, biur czy innego pomieszczenia, kt\u00f3re chce si\u0119 udekorowa\u0107 w stylu streetwear. Dzi\u0119ki swojej elegancji i unikalnemu wygl\u0105dowi, ten obraz na pewno przyci\u0105gnie uwag\u0119 i zrobi wra\u017cenie na go\u015bciach.<\/p>\n<p>Je\u015bli jeste\u015b mi\u0142o\u015bnikiem sneakers\u00f3w Yeezy 350, a jednocze\u015bnie chcesz udekorowa\u0107 swoje pomieszczenie w unikalnym stylu, to obraz na p\u0142\u00f3tnie Yeezy 350 Bone White jest idealnym wyborem. Ten obraz to idealny prezent dla ka\u017cdego mi\u0142o\u015bnika streetwearu, sneakerheada czy kolekcjonera but\u00f3w Yeezy.<\/p>","protected":false},"excerpt":{"rendered":"<p>Obraz na p\u0142\u00f3tnie Yeezy 350 Bone White<br \/>\nPremium quality<br \/>\nMounting kit included<br \/>\nMade in Poland<br \/>\nMade by: Bartek Majda<\/p>","protected":false},"featured_media":17981,"template":"","meta":{"_acf_changed":false,"_yoast_wpseo_focuskw":"Obraz na p\u0142\u00f3tnie Yeezy 350 Bone White","_yoast_wpseo_title":"","_yoast_wpseo_metadesc":""},"pwb-brand":[776],"product_brand":[],"product_cat":[424],"product_tag":[],"class_list":{"0":"post-18323","1":"product","2":"type-product","3":"status-publish","4":"has-post-thumbnail","6":"pwb-brand-hypeplakaty","7":"product_cat-obrazy","9":"first","10":"instock","11":"taxable","12":"shipping-taxable","13":"purchasable","14":"product-type-variable","15":"has-default-attributes"},"acf":[],"yoast_head":"<!-- This site is optimized with the Yoast SEO plugin v27.2 - https:\/\/yoast.com\/product\/yoast-seo-wordpress\/ -->\n<title>Obraz na p\u0142\u00f3tnie Yeezy 350 Bone White - SHEZAMME<\/title>\n<meta name=\"description\" content=\"Obraz na p\u0142\u00f3tnie Yeezy 350 Bone White | Luksusowe i autentyczne przedmioty w jednym miejscu. B\u0105d\u017a na bie\u017c\u0105co i sprawd\u017a nasz\u0105 ofert\u0119 ju\u017c teraz\" \/>\n<meta name=\"robots\" content=\"index, follow, max-snippet:-1, max-image-preview:large, max-video-preview:-1\" \/>\n<link rel=\"canonical\" href=\"https:\/\/shezamme.com\/en\/sklep\/pictures\/obraz-na-plotnie-yeezy-350-bone-white\/\" \/>\n<meta property=\"og:locale\" content=\"en_US\" \/>\n<meta property=\"og:type\" content=\"article\" \/>\n<meta property=\"og:title\" content=\"Obraz na p\u0142\u00f3tnie Yeezy 350 Bone White - SHEZAMME\" \/>\n<meta property=\"og:description\" content=\"Obraz na p\u0142\u00f3tnie Yeezy 350 Bone White | Luksusowe i autentyczne przedmioty w jednym miejscu. B\u0105d\u017a na bie\u017c\u0105co i sprawd\u017a nasz\u0105 ofert\u0119 ju\u017c teraz\" \/>\n<meta property=\"og:url\" content=\"https:\/\/shezamme.com\/en\/sklep\/pictures\/obraz-na-plotnie-yeezy-350-bone-white\/\" \/>\n<meta property=\"og:site_name\" content=\"SHEZAMME - Yeezy, Jordan, Supreme i inne oryginalne rzeczy\" \/>\n<meta property=\"article:publisher\" content=\"https:\/\/www.facebook.com\/SHEZAMME\/\" \/>\n<meta property=\"article:modified_time\" content=\"2025-02-10T21:46:53+00:00\" \/>\n<meta property=\"og:image\" content=\"https:\/\/shezamme.com\/wp-content\/uploads\/2022\/09\/hypeplakaty_poster_y350_bone.jpg\" \/>\n\t<meta property=\"og:image:width\" content=\"1440\" \/>\n\t<meta property=\"og:image:height\" content=\"1440\" \/>\n\t<meta property=\"og:image:type\" content=\"image\/jpeg\" \/>\n<meta name=\"twitter:card\" content=\"summary_large_image\" \/>\n<meta name=\"twitter:site\" content=\"@SHEZAMME\" \/>\n<meta name=\"twitter:label1\" content=\"Est. reading time\" \/>\n\t<meta name=\"twitter:data1\" content=\"1 minute\" \/>\n<script type=\"application\/ld+json\" class=\"yoast-schema-graph\">{\"@context\":\"https:\/\/schema.org\",\"@graph\":[{\"@type\":\"WebPage\",\"@id\":\"https:\/\/shezamme.com\/sklep\/obrazy\/obraz-na-plotnie-yeezy-350-bone-white\/\",\"url\":\"https:\/\/shezamme.com\/sklep\/obrazy\/obraz-na-plotnie-yeezy-350-bone-white\/\",\"name\":\"Obraz na p\u0142\u00f3tnie Yeezy 350 Bone White - SHEZAMME\",\"isPartOf\":{\"@id\":\"https:\/\/shezamme.com\/#website\"},\"primaryImageOfPage\":{\"@id\":\"https:\/\/shezamme.com\/sklep\/obrazy\/obraz-na-plotnie-yeezy-350-bone-white\/#primaryimage\"},\"image\":{\"@id\":\"https:\/\/shezamme.com\/sklep\/obrazy\/obraz-na-plotnie-yeezy-350-bone-white\/#primaryimage\"},\"thumbnailUrl\":\"https:\/\/shezamme.com\/wp-content\/uploads\/2022\/09\/hypeplakaty_poster_y350_bone.jpg\",\"datePublished\":\"2022-10-03T11:11:14+00:00\",\"dateModified\":\"2025-02-10T21:46:53+00:00\",\"description\":\"Obraz na p\u0142\u00f3tnie Yeezy 350 Bone White | Luksusowe i autentyczne przedmioty w jednym miejscu. B\u0105d\u017a na bie\u017c\u0105co i sprawd\u017a nasz\u0105 ofert\u0119 ju\u017c teraz\",\"breadcrumb\":{\"@id\":\"https:\/\/shezamme.com\/sklep\/obrazy\/obraz-na-plotnie-yeezy-350-bone-white\/#breadcrumb\"},\"inLanguage\":\"en-US\",\"potentialAction\":[{\"@type\":\"ReadAction\",\"target\":[\"https:\/\/shezamme.com\/sklep\/obrazy\/obraz-na-plotnie-yeezy-350-bone-white\/\"]}]},{\"@type\":\"ImageObject\",\"inLanguage\":\"en-US\",\"@id\":\"https:\/\/shezamme.com\/sklep\/obrazy\/obraz-na-plotnie-yeezy-350-bone-white\/#primaryimage\",\"url\":\"https:\/\/shezamme.com\/wp-content\/uploads\/2022\/09\/hypeplakaty_poster_y350_bone.jpg\",\"contentUrl\":\"https:\/\/shezamme.com\/wp-content\/uploads\/2022\/09\/hypeplakaty_poster_y350_bone.jpg\",\"width\":1440,\"height\":1440,\"caption\":\"Obraz na p\u0142\u00f3tnie Yeezy 350 Bone White\"},{\"@type\":\"BreadcrumbList\",\"@id\":\"https:\/\/shezamme.com\/sklep\/obrazy\/obraz-na-plotnie-yeezy-350-bone-white\/#breadcrumb\",\"itemListElement\":[{\"@type\":\"ListItem\",\"position\":1,\"name\":\"Strona g\u0142\u00f3wna\",\"item\":\"https:\/\/shezamme.com\/\"},{\"@type\":\"ListItem\",\"position\":2,\"name\":\"Sklep\",\"item\":\"https:\/\/shezamme.com\/sklep\/\"},{\"@type\":\"ListItem\",\"position\":3,\"name\":\"Obraz na p\u0142\u00f3tnie Yeezy 350 Bone White\"}]},{\"@type\":\"WebSite\",\"@id\":\"https:\/\/shezamme.com\/#website\",\"url\":\"https:\/\/shezamme.com\/\",\"name\":\"SHEZAMME - Sneakersy, Streetwear i luksusowe marki\",\"description\":\"Oryginalne i ekskluzywne przedmioty w jednym miejscu. Sprawd\u017a nasze produkty ju\u017c teraz i b\u0105d\u017a na bie\u017c\u0105co z wszystkimi premierami.\",\"publisher\":{\"@id\":\"https:\/\/shezamme.com\/#organization\"},\"potentialAction\":[{\"@type\":\"SearchAction\",\"target\":{\"@type\":\"EntryPoint\",\"urlTemplate\":\"https:\/\/shezamme.com\/?s={search_term_string}\"},\"query-input\":{\"@type\":\"PropertyValueSpecification\",\"valueRequired\":true,\"valueName\":\"search_term_string\"}}],\"inLanguage\":\"en-US\"},{\"@type\":\"Organization\",\"@id\":\"https:\/\/shezamme.com\/#organization\",\"name\":\"SHEZAMME - Sneakersy, Streetwear i luksusowe marki\",\"url\":\"https:\/\/shezamme.com\/\",\"logo\":{\"@type\":\"ImageObject\",\"inLanguage\":\"en-US\",\"@id\":\"https:\/\/shezamme.com\/#\/schema\/logo\/image\/\",\"url\":\"https:\/\/shezamme.com\/wp-content\/uploads\/2023\/02\/0x0.png\",\"contentUrl\":\"https:\/\/shezamme.com\/wp-content\/uploads\/2023\/02\/0x0.png\",\"width\":2000,\"height\":2000,\"caption\":\"SHEZAMME - Sneakersy, Streetwear i luksusowe marki\"},\"image\":{\"@id\":\"https:\/\/shezamme.com\/#\/schema\/logo\/image\/\"},\"sameAs\":[\"https:\/\/www.facebook.com\/SHEZAMME\/\",\"https:\/\/x.com\/SHEZAMME\",\"https:\/\/www.instagram.com\/shezamme\/\",\"https:\/\/www.youtube.com\/channel\/UCsTJxi_9fODHdO_1bmJbqvQ\",\"https:\/\/www.tiktok.com\/shezamme.com\"]}]}<\/script>\n<!-- \/ Yoast SEO plugin. -->","yoast_head_json":{"title":"Obraz na p\u0142\u00f3tnie Yeezy 350 Bone White - SHEZAMME","description":"Obraz na p\u0142\u00f3tnie Yeezy 350 Bone White | Luksusowe i autentyczne przedmioty w jednym miejscu. B\u0105d\u017a na bie\u017c\u0105co i sprawd\u017a nasz\u0105 ofert\u0119 ju\u017c teraz","robots":{"index":"index","follow":"follow","max-snippet":"max-snippet:-1","max-image-preview":"max-image-preview:large","max-video-preview":"max-video-preview:-1"},"canonical":"https:\/\/shezamme.com\/en\/sklep\/pictures\/obraz-na-plotnie-yeezy-350-bone-white\/","og_locale":"en_US","og_type":"article","og_title":"Obraz na p\u0142\u00f3tnie Yeezy 350 Bone White - SHEZAMME","og_description":"Obraz na p\u0142\u00f3tnie Yeezy 350 Bone White | Luksusowe i autentyczne przedmioty w jednym miejscu. B\u0105d\u017a na bie\u017c\u0105co i sprawd\u017a nasz\u0105 ofert\u0119 ju\u017c teraz","og_url":"https:\/\/shezamme.com\/en\/sklep\/pictures\/obraz-na-plotnie-yeezy-350-bone-white\/","og_site_name":"SHEZAMME - Yeezy, Jordan, Supreme i inne oryginalne rzeczy","article_publisher":"https:\/\/www.facebook.com\/SHEZAMME\/","article_modified_time":"2025-02-10T21:46:53+00:00","og_image":[{"width":1440,"height":1440,"url":"https:\/\/shezamme.com\/wp-content\/uploads\/2022\/09\/hypeplakaty_poster_y350_bone.jpg","type":"image\/jpeg"}],"twitter_card":"summary_large_image","twitter_site":"@SHEZAMME","twitter_misc":{"Est. reading time":"1 minute"},"schema":{"@context":"https:\/\/schema.org","@graph":[{"@type":"WebPage","@id":"https:\/\/shezamme.com\/sklep\/obrazy\/obraz-na-plotnie-yeezy-350-bone-white\/","url":"https:\/\/shezamme.com\/sklep\/obrazy\/obraz-na-plotnie-yeezy-350-bone-white\/","name":"Obraz na p\u0142\u00f3tnie Yeezy 350 Bone White - SHEZAMME","isPartOf":{"@id":"https:\/\/shezamme.com\/#website"},"primaryImageOfPage":{"@id":"https:\/\/shezamme.com\/sklep\/obrazy\/obraz-na-plotnie-yeezy-350-bone-white\/#primaryimage"},"image":{"@id":"https:\/\/shezamme.com\/sklep\/obrazy\/obraz-na-plotnie-yeezy-350-bone-white\/#primaryimage"},"thumbnailUrl":"https:\/\/shezamme.com\/wp-content\/uploads\/2022\/09\/hypeplakaty_poster_y350_bone.jpg","datePublished":"2022-10-03T11:11:14+00:00","dateModified":"2025-02-10T21:46:53+00:00","description":"Obraz na p\u0142\u00f3tnie Yeezy 350 Bone White | Luksusowe i autentyczne przedmioty w jednym miejscu. B\u0105d\u017a na bie\u017c\u0105co i sprawd\u017a nasz\u0105 ofert\u0119 ju\u017c teraz","breadcrumb":{"@id":"https:\/\/shezamme.com\/sklep\/obrazy\/obraz-na-plotnie-yeezy-350-bone-white\/#breadcrumb"},"inLanguage":"en-US","potentialAction":[{"@type":"ReadAction","target":["https:\/\/shezamme.com\/sklep\/obrazy\/obraz-na-plotnie-yeezy-350-bone-white\/"]}]},{"@type":"ImageObject","inLanguage":"en-US","@id":"https:\/\/shezamme.com\/sklep\/obrazy\/obraz-na-plotnie-yeezy-350-bone-white\/#primaryimage","url":"https:\/\/shezamme.com\/wp-content\/uploads\/2022\/09\/hypeplakaty_poster_y350_bone.jpg","contentUrl":"https:\/\/shezamme.com\/wp-content\/uploads\/2022\/09\/hypeplakaty_poster_y350_bone.jpg","width":1440,"height":1440,"caption":"Obraz na p\u0142\u00f3tnie Yeezy 350 Bone White"},{"@type":"BreadcrumbList","@id":"https:\/\/shezamme.com\/sklep\/obrazy\/obraz-na-plotnie-yeezy-350-bone-white\/#breadcrumb","itemListElement":[{"@type":"ListItem","position":1,"name":"Strona g\u0142\u00f3wna","item":"https:\/\/shezamme.com\/"},{"@type":"ListItem","position":2,"name":"Sklep","item":"https:\/\/shezamme.com\/sklep\/"},{"@type":"ListItem","position":3,"name":"Obraz na p\u0142\u00f3tnie Yeezy 350 Bone White"}]},{"@type":"WebSite","@id":"https:\/\/shezamme.com\/#website","url":"https:\/\/shezamme.com\/","name":"SHEZAMME - Sneakers, Streetwear and luxury brands","description":"Original and exclusive items in one place. Check out our products now and stay up to date with all launches.","publisher":{"@id":"https:\/\/shezamme.com\/#organization"},"potentialAction":[{"@type":"SearchAction","target":{"@type":"EntryPoint","urlTemplate":"https:\/\/shezamme.com\/?s={search_term_string}"},"query-input":{"@type":"PropertyValueSpecification","valueRequired":true,"valueName":"search_term_string"}}],"inLanguage":"en-US"},{"@type":"Organization","@id":"https:\/\/shezamme.com\/#organization","name":"SHEZAMME - Sneakers, Streetwear and luxury brands","url":"https:\/\/shezamme.com\/","logo":{"@type":"ImageObject","inLanguage":"en-US","@id":"https:\/\/shezamme.com\/#\/schema\/logo\/image\/","url":"https:\/\/shezamme.com\/wp-content\/uploads\/2023\/02\/0x0.png","contentUrl":"https:\/\/shezamme.com\/wp-content\/uploads\/2023\/02\/0x0.png","width":2000,"height":2000,"caption":"SHEZAMME - Sneakersy, Streetwear i luksusowe marki"},"image":{"@id":"https:\/\/shezamme.com\/#\/schema\/logo\/image\/"},"sameAs":["https:\/\/www.facebook.com\/SHEZAMME\/","https:\/\/x.com\/SHEZAMME","https:\/\/www.instagram.com\/shezamme\/","https:\/\/www.youtube.com\/channel\/UCsTJxi_9fODHdO_1bmJbqvQ","https:\/\/www.tiktok.com\/shezamme.com"]}]}},"brands":[{"id":776,"name":"HYPEPOSTERS","slug":"hypeposters"}],"_links":{"self":[{"href":"https:\/\/shezamme.com\/en\/wp-json\/wp\/v2\/product\/18323","targetHints":{"allow":["GET"]}}],"collection":[{"href":"https:\/\/shezamme.com\/en\/wp-json\/wp\/v2\/product"}],"about":[{"href":"https:\/\/shezamme.com\/en\/wp-json\/wp\/v2\/types\/product"}],"wp:featuredmedia":[{"embeddable":true,"href":"https:\/\/shezamme.com\/en\/wp-json\/wp\/v2\/media\/17981"}],"wp:attachment":[{"href":"https:\/\/shezamme.com\/en\/wp-json\/wp\/v2\/media?parent=18323"}],"wp:term":[{"taxonomy":"pwb-brand","embeddable":true,"href":"https:\/\/shezamme.com\/en\/wp-json\/wp\/v2\/pwb-brand?post=18323"},{"taxonomy":"product_brand","embeddable":true,"href":"https:\/\/shezamme.com\/en\/wp-json\/wp\/v2\/product_brand?post=18323"},{"taxonomy":"product_cat","embeddable":true,"href":"https:\/\/shezamme.com\/en\/wp-json\/wp\/v2\/product_cat?post=18323"},{"taxonomy":"product_tag","embeddable":true,"href":"https:\/\/shezamme.com\/en\/wp-json\/wp\/v2\/product_tag?post=18323"}],"curies":[{"name":"wp","href":"https:\/\/api.w.org\/{rel}","templated":true}]}}