{"id":18320,"date":"2022-10-03T13:11:14","date_gmt":"2022-10-03T11:11:14","guid":{"rendered":"https:\/\/shezamme.com\/?post_type=product&#038;p=18320"},"modified":"2025-02-11T18:38:39","modified_gmt":"2025-02-11T17:38:39","slug":"obraz-na-plotnie-air-jordan-1-low-x-travis-scott-reverse-mocha","status":"publish","type":"product","link":"https:\/\/shezamme.com\/en\/sklep\/obrazy\/obraz-na-plotnie-air-jordan-1-low-x-travis-scott-reverse-mocha\/","title":{"rendered":"Obraz na p\u0142\u00f3tnie Air Jordan 1 Low x Travis Scott Reverse Mocha"},"content":{"rendered":"<p>Obraz na p\u0142\u00f3tnie Air Jordan 1 Low x Travis Scott Reverse Mocha to niezwyk\u0142y produkt dla mi\u0142o\u015bnik\u00f3w streetwearu i sneakerhead\u00f3w. To po\u0142\u0105czenie kultowych Air Jordan\u00f3w 1 Low oraz stylu Travisa Scotta. Obraz wykonany jest na wysokiej jako\u015bci p\u0142\u00f3tnie i nadrukowany specjaln\u0105 technik\u0105, dzi\u0119ki czemu kolory s\u0105 trwa\u0142e i odporne na blakni\u0119cie.<\/p>\n<p>Motyw but\u00f3w jest bardzo szczeg\u00f3\u0142owy i odzwierciedla oryginalny design kultowych Air Jordan\u00f3w 1 Low, ale z odwr\u00f3conymi kolorami i dodatkami charakterystycznymi dla marki Travisa Scotta. Na bia\u0142ym tle wida\u0107 br\u0105zow\u0105 sk\u00f3rzan\u0105 cholewk\u0119 but\u00f3w z detalem sznurowade\u0142 i kultowe logo Swoosh w odcieniach czerni i br\u0105zu. Ca\u0142o\u015b\u0107 dope\u0142niaj\u0105 charakterystyczne dla modelu Air Jordan 1 perforacje na przodzie buta oraz znakomicie oddana podeszwa z charakterystycznym wzorem w kolorze bia\u0142ym, br\u0105zowym i czarnym.<\/p>\n<p>Ten unikalny obraz to nie tylko idealny dodatek do kolekcji streetwearowej, ale te\u017c doskona\u0142a dekoracja dla pomieszcze\u0144, w kt\u00f3rych chcemy wprowadzi\u0107 nieco energii i stylu. \u015awietnie prezentuje si\u0119 w przestrzeniach mieszkalnych, biurowych czy komercyjnych. Obraz mo\u017cna powiesi\u0107 na \u015bcianie w salonie, pokoju nastolatka, sypialni czy gabinecie.<\/p>\n<p>Zamawiaj\u0105c Obraz na p\u0142\u00f3tnie Air Jordan 1 Low x Travis Scott Reverse Mocha, otrzymujesz oryginalny produkt, wykonany z najwy\u017cszej jako\u015bci materia\u0142\u00f3w i z dba\u0142o\u015bci\u0105 o detale. Obraz jest gotowy do powieszenia na \u015bcianie, dzi\u0119ki czemu mo\u017cna go natychmiast w\u0142\u0105czy\u0107 w aran\u017cacj\u0119 wn\u0119trza. To \u015bwietny wyb\u00f3r dla os\u00f3b, kt\u00f3re ceni\u0105 sobie wyj\u0105tkowe dodatki do swojego otoczenia i chc\u0105 wyr\u00f3\u017cni\u0107 si\u0119 z t\u0142umu.<\/p>","protected":false},"excerpt":{"rendered":"<p>Obraz na p\u0142\u00f3tnie Air Jordan 1 Low x Travis Scott Reverse Mocha<br \/>\nPremium quality<br \/>\nMounting kit included<br \/>\nMade in Poland<br \/>\nMade by: Bartek Majda<\/p>","protected":false},"featured_media":17991,"template":"","meta":{"_acf_changed":false,"_yoast_wpseo_focuskw":"Obraz na p\u0142\u00f3tnie Air Jordan 1 Low x Travis Scott Reverse Mocha","_yoast_wpseo_title":"","_yoast_wpseo_metadesc":""},"pwb-brand":[776],"product_brand":[],"product_cat":[424],"product_tag":[],"class_list":{"0":"post-18320","1":"product","2":"type-product","3":"status-publish","4":"has-post-thumbnail","6":"pwb-brand-hypeplakaty","7":"product_cat-obrazy","9":"first","10":"instock","11":"taxable","12":"shipping-taxable","13":"purchasable","14":"product-type-variable","15":"has-default-attributes"},"acf":[],"yoast_head":"<!-- This site is optimized with the Yoast SEO plugin v27.2 - https:\/\/yoast.com\/product\/yoast-seo-wordpress\/ -->\n<title>Obraz na p\u0142\u00f3tnie Air Jordan 1 Low x Travis Scott Reverse Mocha - SHEZAMME<\/title>\n<meta name=\"description\" content=\"Obraz na p\u0142\u00f3tnie Air Jordan 1 Low x Travis Scott Reverse Mocha | Luksusowe i autentyczne przedmioty w jednym miejscu. B\u0105d\u017a na bie\u017c\u0105co i sprawd\u017a nasz\u0105 ofert\u0119 ju\u017c teraz\" \/>\n<meta name=\"robots\" content=\"index, follow, max-snippet:-1, max-image-preview:large, max-video-preview:-1\" \/>\n<link rel=\"canonical\" href=\"https:\/\/shezamme.com\/en\/sklep\/pictures\/obraz-na-plotnie-air-jordan-1-low-x-travis-scott-reverse-mocha\/\" \/>\n<meta property=\"og:locale\" content=\"en_US\" \/>\n<meta property=\"og:type\" content=\"article\" \/>\n<meta property=\"og:title\" content=\"Obraz na p\u0142\u00f3tnie Air Jordan 1 Low x Travis Scott Reverse Mocha - SHEZAMME\" \/>\n<meta property=\"og:description\" content=\"Obraz na p\u0142\u00f3tnie Air Jordan 1 Low x Travis Scott Reverse Mocha | Luksusowe i autentyczne przedmioty w jednym miejscu. B\u0105d\u017a na bie\u017c\u0105co i sprawd\u017a nasz\u0105 ofert\u0119 ju\u017c teraz\" \/>\n<meta property=\"og:url\" content=\"https:\/\/shezamme.com\/en\/sklep\/pictures\/obraz-na-plotnie-air-jordan-1-low-x-travis-scott-reverse-mocha\/\" \/>\n<meta property=\"og:site_name\" content=\"SHEZAMME - Yeezy, Jordan, Supreme i inne oryginalne rzeczy\" \/>\n<meta property=\"article:publisher\" content=\"https:\/\/www.facebook.com\/SHEZAMME\/\" \/>\n<meta property=\"article:modified_time\" content=\"2025-02-11T17:38:39+00:00\" \/>\n<meta property=\"og:image\" content=\"https:\/\/shezamme.com\/wp-content\/uploads\/2022\/09\/hypeplakaty_poster_aj1_reverse_mocha.jpg\" \/>\n\t<meta property=\"og:image:width\" content=\"1440\" \/>\n\t<meta property=\"og:image:height\" content=\"1440\" \/>\n\t<meta property=\"og:image:type\" content=\"image\/jpeg\" \/>\n<meta name=\"twitter:card\" content=\"summary_large_image\" \/>\n<meta name=\"twitter:site\" content=\"@SHEZAMME\" \/>\n<meta name=\"twitter:label1\" content=\"Est. reading time\" \/>\n\t<meta name=\"twitter:data1\" content=\"1 minute\" \/>\n<script type=\"application\/ld+json\" class=\"yoast-schema-graph\">{\"@context\":\"https:\/\/schema.org\",\"@graph\":[{\"@type\":\"WebPage\",\"@id\":\"https:\/\/shezamme.com\/sklep\/obrazy\/obraz-na-plotnie-air-jordan-1-low-x-travis-scott-reverse-mocha\/\",\"url\":\"https:\/\/shezamme.com\/sklep\/obrazy\/obraz-na-plotnie-air-jordan-1-low-x-travis-scott-reverse-mocha\/\",\"name\":\"Obraz na p\u0142\u00f3tnie Air Jordan 1 Low x Travis Scott Reverse Mocha - SHEZAMME\",\"isPartOf\":{\"@id\":\"https:\/\/shezamme.com\/#website\"},\"primaryImageOfPage\":{\"@id\":\"https:\/\/shezamme.com\/sklep\/obrazy\/obraz-na-plotnie-air-jordan-1-low-x-travis-scott-reverse-mocha\/#primaryimage\"},\"image\":{\"@id\":\"https:\/\/shezamme.com\/sklep\/obrazy\/obraz-na-plotnie-air-jordan-1-low-x-travis-scott-reverse-mocha\/#primaryimage\"},\"thumbnailUrl\":\"https:\/\/shezamme.com\/wp-content\/uploads\/2022\/09\/hypeplakaty_poster_aj1_reverse_mocha.jpg\",\"datePublished\":\"2022-10-03T11:11:14+00:00\",\"dateModified\":\"2025-02-11T17:38:39+00:00\",\"description\":\"Obraz na p\u0142\u00f3tnie Air Jordan 1 Low x Travis Scott Reverse Mocha | Luksusowe i autentyczne przedmioty w jednym miejscu. B\u0105d\u017a na bie\u017c\u0105co i sprawd\u017a nasz\u0105 ofert\u0119 ju\u017c teraz\",\"breadcrumb\":{\"@id\":\"https:\/\/shezamme.com\/sklep\/obrazy\/obraz-na-plotnie-air-jordan-1-low-x-travis-scott-reverse-mocha\/#breadcrumb\"},\"inLanguage\":\"en-US\",\"potentialAction\":[{\"@type\":\"ReadAction\",\"target\":[\"https:\/\/shezamme.com\/sklep\/obrazy\/obraz-na-plotnie-air-jordan-1-low-x-travis-scott-reverse-mocha\/\"]}]},{\"@type\":\"ImageObject\",\"inLanguage\":\"en-US\",\"@id\":\"https:\/\/shezamme.com\/sklep\/obrazy\/obraz-na-plotnie-air-jordan-1-low-x-travis-scott-reverse-mocha\/#primaryimage\",\"url\":\"https:\/\/shezamme.com\/wp-content\/uploads\/2022\/09\/hypeplakaty_poster_aj1_reverse_mocha.jpg\",\"contentUrl\":\"https:\/\/shezamme.com\/wp-content\/uploads\/2022\/09\/hypeplakaty_poster_aj1_reverse_mocha.jpg\",\"width\":1440,\"height\":1440,\"caption\":\"Obraz na p\u0142\u00f3tnie Air Jordan 1 Low x Travis Scott Reverse Mocha\"},{\"@type\":\"BreadcrumbList\",\"@id\":\"https:\/\/shezamme.com\/sklep\/obrazy\/obraz-na-plotnie-air-jordan-1-low-x-travis-scott-reverse-mocha\/#breadcrumb\",\"itemListElement\":[{\"@type\":\"ListItem\",\"position\":1,\"name\":\"Strona g\u0142\u00f3wna\",\"item\":\"https:\/\/shezamme.com\/\"},{\"@type\":\"ListItem\",\"position\":2,\"name\":\"Sklep\",\"item\":\"https:\/\/shezamme.com\/sklep\/\"},{\"@type\":\"ListItem\",\"position\":3,\"name\":\"Obraz na p\u0142\u00f3tnie Air Jordan 1 Low x Travis Scott Reverse Mocha\"}]},{\"@type\":\"WebSite\",\"@id\":\"https:\/\/shezamme.com\/#website\",\"url\":\"https:\/\/shezamme.com\/\",\"name\":\"SHEZAMME - Sneakersy, Streetwear i luksusowe marki\",\"description\":\"Oryginalne i ekskluzywne przedmioty w jednym miejscu. Sprawd\u017a nasze produkty ju\u017c teraz i b\u0105d\u017a na bie\u017c\u0105co z wszystkimi premierami.\",\"publisher\":{\"@id\":\"https:\/\/shezamme.com\/#organization\"},\"potentialAction\":[{\"@type\":\"SearchAction\",\"target\":{\"@type\":\"EntryPoint\",\"urlTemplate\":\"https:\/\/shezamme.com\/?s={search_term_string}\"},\"query-input\":{\"@type\":\"PropertyValueSpecification\",\"valueRequired\":true,\"valueName\":\"search_term_string\"}}],\"inLanguage\":\"en-US\"},{\"@type\":\"Organization\",\"@id\":\"https:\/\/shezamme.com\/#organization\",\"name\":\"SHEZAMME - Sneakersy, Streetwear i luksusowe marki\",\"url\":\"https:\/\/shezamme.com\/\",\"logo\":{\"@type\":\"ImageObject\",\"inLanguage\":\"en-US\",\"@id\":\"https:\/\/shezamme.com\/#\/schema\/logo\/image\/\",\"url\":\"https:\/\/shezamme.com\/wp-content\/uploads\/2023\/02\/0x0.png\",\"contentUrl\":\"https:\/\/shezamme.com\/wp-content\/uploads\/2023\/02\/0x0.png\",\"width\":2000,\"height\":2000,\"caption\":\"SHEZAMME - Sneakersy, Streetwear i luksusowe marki\"},\"image\":{\"@id\":\"https:\/\/shezamme.com\/#\/schema\/logo\/image\/\"},\"sameAs\":[\"https:\/\/www.facebook.com\/SHEZAMME\/\",\"https:\/\/x.com\/SHEZAMME\",\"https:\/\/www.instagram.com\/shezamme\/\",\"https:\/\/www.youtube.com\/channel\/UCsTJxi_9fODHdO_1bmJbqvQ\",\"https:\/\/www.tiktok.com\/shezamme.com\"]}]}<\/script>\n<!-- \/ Yoast SEO plugin. -->","yoast_head_json":{"title":"Obraz na p\u0142\u00f3tnie Air Jordan 1 Low x Travis Scott Reverse Mocha - SHEZAMME","description":"Obraz na p\u0142\u00f3tnie Air Jordan 1 Low x Travis Scott Reverse Mocha | Luksusowe i autentyczne przedmioty w jednym miejscu. B\u0105d\u017a na bie\u017c\u0105co i sprawd\u017a nasz\u0105 ofert\u0119 ju\u017c teraz","robots":{"index":"index","follow":"follow","max-snippet":"max-snippet:-1","max-image-preview":"max-image-preview:large","max-video-preview":"max-video-preview:-1"},"canonical":"https:\/\/shezamme.com\/en\/sklep\/pictures\/obraz-na-plotnie-air-jordan-1-low-x-travis-scott-reverse-mocha\/","og_locale":"en_US","og_type":"article","og_title":"Obraz na p\u0142\u00f3tnie Air Jordan 1 Low x Travis Scott Reverse Mocha - SHEZAMME","og_description":"Obraz na p\u0142\u00f3tnie Air Jordan 1 Low x Travis Scott Reverse Mocha | Luksusowe i autentyczne przedmioty w jednym miejscu. B\u0105d\u017a na bie\u017c\u0105co i sprawd\u017a nasz\u0105 ofert\u0119 ju\u017c teraz","og_url":"https:\/\/shezamme.com\/en\/sklep\/pictures\/obraz-na-plotnie-air-jordan-1-low-x-travis-scott-reverse-mocha\/","og_site_name":"SHEZAMME - Yeezy, Jordan, Supreme i inne oryginalne rzeczy","article_publisher":"https:\/\/www.facebook.com\/SHEZAMME\/","article_modified_time":"2025-02-11T17:38:39+00:00","og_image":[{"width":1440,"height":1440,"url":"https:\/\/shezamme.com\/wp-content\/uploads\/2022\/09\/hypeplakaty_poster_aj1_reverse_mocha.jpg","type":"image\/jpeg"}],"twitter_card":"summary_large_image","twitter_site":"@SHEZAMME","twitter_misc":{"Est. reading time":"1 minute"},"schema":{"@context":"https:\/\/schema.org","@graph":[{"@type":"WebPage","@id":"https:\/\/shezamme.com\/sklep\/obrazy\/obraz-na-plotnie-air-jordan-1-low-x-travis-scott-reverse-mocha\/","url":"https:\/\/shezamme.com\/sklep\/obrazy\/obraz-na-plotnie-air-jordan-1-low-x-travis-scott-reverse-mocha\/","name":"Obraz na p\u0142\u00f3tnie Air Jordan 1 Low x Travis Scott Reverse Mocha - SHEZAMME","isPartOf":{"@id":"https:\/\/shezamme.com\/#website"},"primaryImageOfPage":{"@id":"https:\/\/shezamme.com\/sklep\/obrazy\/obraz-na-plotnie-air-jordan-1-low-x-travis-scott-reverse-mocha\/#primaryimage"},"image":{"@id":"https:\/\/shezamme.com\/sklep\/obrazy\/obraz-na-plotnie-air-jordan-1-low-x-travis-scott-reverse-mocha\/#primaryimage"},"thumbnailUrl":"https:\/\/shezamme.com\/wp-content\/uploads\/2022\/09\/hypeplakaty_poster_aj1_reverse_mocha.jpg","datePublished":"2022-10-03T11:11:14+00:00","dateModified":"2025-02-11T17:38:39+00:00","description":"Obraz na p\u0142\u00f3tnie Air Jordan 1 Low x Travis Scott Reverse Mocha | Luksusowe i autentyczne przedmioty w jednym miejscu. B\u0105d\u017a na bie\u017c\u0105co i sprawd\u017a nasz\u0105 ofert\u0119 ju\u017c teraz","breadcrumb":{"@id":"https:\/\/shezamme.com\/sklep\/obrazy\/obraz-na-plotnie-air-jordan-1-low-x-travis-scott-reverse-mocha\/#breadcrumb"},"inLanguage":"en-US","potentialAction":[{"@type":"ReadAction","target":["https:\/\/shezamme.com\/sklep\/obrazy\/obraz-na-plotnie-air-jordan-1-low-x-travis-scott-reverse-mocha\/"]}]},{"@type":"ImageObject","inLanguage":"en-US","@id":"https:\/\/shezamme.com\/sklep\/obrazy\/obraz-na-plotnie-air-jordan-1-low-x-travis-scott-reverse-mocha\/#primaryimage","url":"https:\/\/shezamme.com\/wp-content\/uploads\/2022\/09\/hypeplakaty_poster_aj1_reverse_mocha.jpg","contentUrl":"https:\/\/shezamme.com\/wp-content\/uploads\/2022\/09\/hypeplakaty_poster_aj1_reverse_mocha.jpg","width":1440,"height":1440,"caption":"Obraz na p\u0142\u00f3tnie Air Jordan 1 Low x Travis Scott Reverse Mocha"},{"@type":"BreadcrumbList","@id":"https:\/\/shezamme.com\/sklep\/obrazy\/obraz-na-plotnie-air-jordan-1-low-x-travis-scott-reverse-mocha\/#breadcrumb","itemListElement":[{"@type":"ListItem","position":1,"name":"Strona g\u0142\u00f3wna","item":"https:\/\/shezamme.com\/"},{"@type":"ListItem","position":2,"name":"Sklep","item":"https:\/\/shezamme.com\/sklep\/"},{"@type":"ListItem","position":3,"name":"Obraz na p\u0142\u00f3tnie Air Jordan 1 Low x Travis Scott Reverse Mocha"}]},{"@type":"WebSite","@id":"https:\/\/shezamme.com\/#website","url":"https:\/\/shezamme.com\/","name":"SHEZAMME - Sneakers, Streetwear and luxury brands","description":"Original and exclusive items in one place. Check out our products now and stay up to date with all launches.","publisher":{"@id":"https:\/\/shezamme.com\/#organization"},"potentialAction":[{"@type":"SearchAction","target":{"@type":"EntryPoint","urlTemplate":"https:\/\/shezamme.com\/?s={search_term_string}"},"query-input":{"@type":"PropertyValueSpecification","valueRequired":true,"valueName":"search_term_string"}}],"inLanguage":"en-US"},{"@type":"Organization","@id":"https:\/\/shezamme.com\/#organization","name":"SHEZAMME - Sneakers, Streetwear and luxury brands","url":"https:\/\/shezamme.com\/","logo":{"@type":"ImageObject","inLanguage":"en-US","@id":"https:\/\/shezamme.com\/#\/schema\/logo\/image\/","url":"https:\/\/shezamme.com\/wp-content\/uploads\/2023\/02\/0x0.png","contentUrl":"https:\/\/shezamme.com\/wp-content\/uploads\/2023\/02\/0x0.png","width":2000,"height":2000,"caption":"SHEZAMME - Sneakersy, Streetwear i luksusowe marki"},"image":{"@id":"https:\/\/shezamme.com\/#\/schema\/logo\/image\/"},"sameAs":["https:\/\/www.facebook.com\/SHEZAMME\/","https:\/\/x.com\/SHEZAMME","https:\/\/www.instagram.com\/shezamme\/","https:\/\/www.youtube.com\/channel\/UCsTJxi_9fODHdO_1bmJbqvQ","https:\/\/www.tiktok.com\/shezamme.com"]}]}},"brands":[{"id":776,"name":"HYPEPOSTERS","slug":"hypeposters"}],"_links":{"self":[{"href":"https:\/\/shezamme.com\/en\/wp-json\/wp\/v2\/product\/18320","targetHints":{"allow":["GET"]}}],"collection":[{"href":"https:\/\/shezamme.com\/en\/wp-json\/wp\/v2\/product"}],"about":[{"href":"https:\/\/shezamme.com\/en\/wp-json\/wp\/v2\/types\/product"}],"wp:featuredmedia":[{"embeddable":true,"href":"https:\/\/shezamme.com\/en\/wp-json\/wp\/v2\/media\/17991"}],"wp:attachment":[{"href":"https:\/\/shezamme.com\/en\/wp-json\/wp\/v2\/media?parent=18320"}],"wp:term":[{"taxonomy":"pwb-brand","embeddable":true,"href":"https:\/\/shezamme.com\/en\/wp-json\/wp\/v2\/pwb-brand?post=18320"},{"taxonomy":"product_brand","embeddable":true,"href":"https:\/\/shezamme.com\/en\/wp-json\/wp\/v2\/product_brand?post=18320"},{"taxonomy":"product_cat","embeddable":true,"href":"https:\/\/shezamme.com\/en\/wp-json\/wp\/v2\/product_cat?post=18320"},{"taxonomy":"product_tag","embeddable":true,"href":"https:\/\/shezamme.com\/en\/wp-json\/wp\/v2\/product_tag?post=18320"}],"curies":[{"name":"wp","href":"https:\/\/api.w.org\/{rel}","templated":true}]}}