{"id":18316,"date":"2022-10-03T13:11:14","date_gmt":"2022-10-03T11:11:14","guid":{"rendered":"https:\/\/shezamme.com\/?post_type=product&#038;p=18316"},"modified":"2025-02-11T18:51:36","modified_gmt":"2025-02-11T17:51:36","slug":"obraz-na-plotnie-nike-dunk-low-ocean","status":"publish","type":"product","link":"https:\/\/shezamme.com\/en\/sklep\/obrazy\/obraz-na-plotnie-nike-dunk-low-ocean\/","title":{"rendered":"Nike Dunk Low Ocean Canvas Print"},"content":{"rendered":"<p>oraz kultowych modeli but\u00f3w od Nike. Reprezentuj\u0105 one styl retro, kt\u00f3ry cieszy si\u0119 obecnie coraz wi\u0119ksz\u0105 popularno\u015bci\u0105 w\u015br\u00f3d fan\u00f3w modowych trend\u00f3w.<\/p>\n<p>Na obrazie dominuje kolor oceanicznej zieleni, kt\u00f3ra w po\u0142\u0105czeniu z bia\u0142ymi elementami tworzy sp\u00f3jn\u0105 i harmonijn\u0105 ca\u0142o\u015b\u0107. Wysokiej jako\u015bci druk zapewnia pe\u0142ny i wyrazisty obraz but\u00f3w Nike Dunk Low, odwzorowuj\u0105c ka\u017cdy detal modelu.<\/p>\n<p>Obraz na p\u0142\u00f3tnie Nike Dunk Low Ocean to idealna dekoracja do wn\u0119trz dla fan\u00f3w streetwearowych klimat\u00f3w. Wysoka jako\u015b\u0107 wykonania sprawia, \u017ce obraz jest trwa\u0142y i odporny na uszkodzenia, dzi\u0119ki czemu mo\u017cesz cieszy\u0107 si\u0119 nim przez d\u0142ugi czas.<\/p>\n<p>Zam\u00f3wienie obrazu na p\u0142\u00f3tnie Nike Dunk Low Ocean to \u015bwietny spos\u00f3b na uzupe\u0142nienie swojej kolekcji streetwearowych gad\u017cet\u00f3w. Mo\u017cesz zawiesi\u0107 go na \u015bcianie w salonie, pokoju lub gabinecie, aby doda\u0107 pomieszczeniu niepowtarzalnego klimatu oraz wyrazi\u0107 swoj\u0105 mi\u0142o\u015b\u0107 do modowych trend\u00f3w.<\/p>","protected":false},"excerpt":{"rendered":"<p>Nike Dunk Low Ocean Canvas Print<br \/>\nPremium quality<br \/>\nMounting kit included<br \/>\nMade in Poland<br \/>\nMade by: Bartek Majda<\/p>","protected":false},"featured_media":17937,"template":"","meta":{"_acf_changed":false},"pwb-brand":[776],"product_brand":[],"product_cat":[424],"product_tag":[],"class_list":{"0":"post-18316","1":"product","2":"type-product","3":"status-publish","4":"has-post-thumbnail","6":"pwb-brand-hypeplakaty","7":"product_cat-obrazy","9":"first","10":"instock","11":"taxable","12":"shipping-taxable","13":"purchasable","14":"product-type-variable","15":"has-default-attributes"},"acf":[],"yoast_head":"<!-- This site is optimized with the Yoast SEO plugin v27.2 - https:\/\/yoast.com\/product\/yoast-seo-wordpress\/ -->\n<title>Obraz na p\u0142\u00f3tnie Nike Dunk Low Ocean - SHEZAMME<\/title>\n<meta name=\"description\" content=\"Obraz na p\u0142\u00f3tnie Nike Dunk Low Ocean | Luksusowe i autentyczne przedmioty w jednym miejscu. B\u0105d\u017a na bie\u017c\u0105co i sprawd\u017a nasz\u0105 ofert\u0119 ju\u017c teraz\" \/>\n<meta name=\"robots\" content=\"index, follow, max-snippet:-1, max-image-preview:large, max-video-preview:-1\" \/>\n<link rel=\"canonical\" href=\"https:\/\/shezamme.com\/en\/sklep\/pictures\/obraz-na-plotnie-nike-dunk-low-ocean\/\" \/>\n<meta property=\"og:locale\" content=\"en_US\" \/>\n<meta property=\"og:type\" content=\"article\" \/>\n<meta property=\"og:title\" content=\"Obraz na p\u0142\u00f3tnie Nike Dunk Low Ocean - SHEZAMME\" \/>\n<meta property=\"og:description\" content=\"Obraz na p\u0142\u00f3tnie Nike Dunk Low Ocean | Luksusowe i autentyczne przedmioty w jednym miejscu. B\u0105d\u017a na bie\u017c\u0105co i sprawd\u017a nasz\u0105 ofert\u0119 ju\u017c teraz\" \/>\n<meta property=\"og:url\" content=\"https:\/\/shezamme.com\/en\/sklep\/pictures\/obraz-na-plotnie-nike-dunk-low-ocean\/\" \/>\n<meta property=\"og:site_name\" content=\"SHEZAMME - Yeezy, Jordan, Supreme i inne oryginalne rzeczy\" \/>\n<meta property=\"article:publisher\" content=\"https:\/\/www.facebook.com\/SHEZAMME\/\" \/>\n<meta property=\"article:modified_time\" content=\"2025-02-11T17:51:36+00:00\" \/>\n<meta property=\"og:image\" content=\"https:\/\/shezamme.com\/wp-content\/uploads\/2022\/09\/hypeplakaty_poster_dunk_ocean.jpg\" \/>\n\t<meta property=\"og:image:width\" content=\"1440\" \/>\n\t<meta property=\"og:image:height\" content=\"1440\" \/>\n\t<meta property=\"og:image:type\" content=\"image\/jpeg\" \/>\n<meta name=\"twitter:card\" content=\"summary_large_image\" \/>\n<meta name=\"twitter:site\" content=\"@SHEZAMME\" \/>\n<meta name=\"twitter:label1\" content=\"Est. reading time\" \/>\n\t<meta name=\"twitter:data1\" content=\"1 minute\" \/>\n<script type=\"application\/ld+json\" class=\"yoast-schema-graph\">{\"@context\":\"https:\/\/schema.org\",\"@graph\":[{\"@type\":\"WebPage\",\"@id\":\"https:\/\/shezamme.com\/sklep\/obrazy\/obraz-na-plotnie-nike-dunk-low-ocean\/\",\"url\":\"https:\/\/shezamme.com\/sklep\/obrazy\/obraz-na-plotnie-nike-dunk-low-ocean\/\",\"name\":\"Obraz na p\u0142\u00f3tnie Nike Dunk Low Ocean - SHEZAMME\",\"isPartOf\":{\"@id\":\"https:\/\/shezamme.com\/#website\"},\"primaryImageOfPage\":{\"@id\":\"https:\/\/shezamme.com\/sklep\/obrazy\/obraz-na-plotnie-nike-dunk-low-ocean\/#primaryimage\"},\"image\":{\"@id\":\"https:\/\/shezamme.com\/sklep\/obrazy\/obraz-na-plotnie-nike-dunk-low-ocean\/#primaryimage\"},\"thumbnailUrl\":\"https:\/\/shezamme.com\/wp-content\/uploads\/2022\/09\/hypeplakaty_poster_dunk_ocean.jpg\",\"datePublished\":\"2022-10-03T11:11:14+00:00\",\"dateModified\":\"2025-02-11T17:51:36+00:00\",\"description\":\"Obraz na p\u0142\u00f3tnie Nike Dunk Low Ocean | Luksusowe i autentyczne przedmioty w jednym miejscu. B\u0105d\u017a na bie\u017c\u0105co i sprawd\u017a nasz\u0105 ofert\u0119 ju\u017c teraz\",\"breadcrumb\":{\"@id\":\"https:\/\/shezamme.com\/sklep\/obrazy\/obraz-na-plotnie-nike-dunk-low-ocean\/#breadcrumb\"},\"inLanguage\":\"en-US\",\"potentialAction\":[{\"@type\":\"ReadAction\",\"target\":[\"https:\/\/shezamme.com\/sklep\/obrazy\/obraz-na-plotnie-nike-dunk-low-ocean\/\"]}]},{\"@type\":\"ImageObject\",\"inLanguage\":\"en-US\",\"@id\":\"https:\/\/shezamme.com\/sklep\/obrazy\/obraz-na-plotnie-nike-dunk-low-ocean\/#primaryimage\",\"url\":\"https:\/\/shezamme.com\/wp-content\/uploads\/2022\/09\/hypeplakaty_poster_dunk_ocean.jpg\",\"contentUrl\":\"https:\/\/shezamme.com\/wp-content\/uploads\/2022\/09\/hypeplakaty_poster_dunk_ocean.jpg\",\"width\":1440,\"height\":1440,\"caption\":\"Obraz na p\u0142\u00f3tnie Nike Dunk Low Ocean\"},{\"@type\":\"BreadcrumbList\",\"@id\":\"https:\/\/shezamme.com\/sklep\/obrazy\/obraz-na-plotnie-nike-dunk-low-ocean\/#breadcrumb\",\"itemListElement\":[{\"@type\":\"ListItem\",\"position\":1,\"name\":\"Strona g\u0142\u00f3wna\",\"item\":\"https:\/\/shezamme.com\/\"},{\"@type\":\"ListItem\",\"position\":2,\"name\":\"Sklep\",\"item\":\"https:\/\/shezamme.com\/sklep\/\"},{\"@type\":\"ListItem\",\"position\":3,\"name\":\"Obraz na p\u0142\u00f3tnie Nike Dunk Low Ocean\"}]},{\"@type\":\"WebSite\",\"@id\":\"https:\/\/shezamme.com\/#website\",\"url\":\"https:\/\/shezamme.com\/\",\"name\":\"SHEZAMME - Sneakersy, Streetwear i luksusowe marki\",\"description\":\"Oryginalne i ekskluzywne przedmioty w jednym miejscu. Sprawd\u017a nasze produkty ju\u017c teraz i b\u0105d\u017a na bie\u017c\u0105co z wszystkimi premierami.\",\"publisher\":{\"@id\":\"https:\/\/shezamme.com\/#organization\"},\"potentialAction\":[{\"@type\":\"SearchAction\",\"target\":{\"@type\":\"EntryPoint\",\"urlTemplate\":\"https:\/\/shezamme.com\/?s={search_term_string}\"},\"query-input\":{\"@type\":\"PropertyValueSpecification\",\"valueRequired\":true,\"valueName\":\"search_term_string\"}}],\"inLanguage\":\"en-US\"},{\"@type\":\"Organization\",\"@id\":\"https:\/\/shezamme.com\/#organization\",\"name\":\"SHEZAMME - Sneakersy, Streetwear i luksusowe marki\",\"url\":\"https:\/\/shezamme.com\/\",\"logo\":{\"@type\":\"ImageObject\",\"inLanguage\":\"en-US\",\"@id\":\"https:\/\/shezamme.com\/#\/schema\/logo\/image\/\",\"url\":\"https:\/\/shezamme.com\/wp-content\/uploads\/2023\/02\/0x0.png\",\"contentUrl\":\"https:\/\/shezamme.com\/wp-content\/uploads\/2023\/02\/0x0.png\",\"width\":2000,\"height\":2000,\"caption\":\"SHEZAMME - Sneakersy, Streetwear i luksusowe marki\"},\"image\":{\"@id\":\"https:\/\/shezamme.com\/#\/schema\/logo\/image\/\"},\"sameAs\":[\"https:\/\/www.facebook.com\/SHEZAMME\/\",\"https:\/\/x.com\/SHEZAMME\",\"https:\/\/www.instagram.com\/shezamme\/\",\"https:\/\/www.youtube.com\/channel\/UCsTJxi_9fODHdO_1bmJbqvQ\",\"https:\/\/www.tiktok.com\/shezamme.com\"]}]}<\/script>\n<!-- \/ Yoast SEO plugin. -->","yoast_head_json":{"title":"Obraz na p\u0142\u00f3tnie Nike Dunk Low Ocean - SHEZAMME","description":"Obraz na p\u0142\u00f3tnie Nike Dunk Low Ocean | Luksusowe i autentyczne przedmioty w jednym miejscu. B\u0105d\u017a na bie\u017c\u0105co i sprawd\u017a nasz\u0105 ofert\u0119 ju\u017c teraz","robots":{"index":"index","follow":"follow","max-snippet":"max-snippet:-1","max-image-preview":"max-image-preview:large","max-video-preview":"max-video-preview:-1"},"canonical":"https:\/\/shezamme.com\/en\/sklep\/pictures\/obraz-na-plotnie-nike-dunk-low-ocean\/","og_locale":"en_US","og_type":"article","og_title":"Obraz na p\u0142\u00f3tnie Nike Dunk Low Ocean - SHEZAMME","og_description":"Obraz na p\u0142\u00f3tnie Nike Dunk Low Ocean | Luksusowe i autentyczne przedmioty w jednym miejscu. B\u0105d\u017a na bie\u017c\u0105co i sprawd\u017a nasz\u0105 ofert\u0119 ju\u017c teraz","og_url":"https:\/\/shezamme.com\/en\/sklep\/pictures\/obraz-na-plotnie-nike-dunk-low-ocean\/","og_site_name":"SHEZAMME - Yeezy, Jordan, Supreme i inne oryginalne rzeczy","article_publisher":"https:\/\/www.facebook.com\/SHEZAMME\/","article_modified_time":"2025-02-11T17:51:36+00:00","og_image":[{"width":1440,"height":1440,"url":"https:\/\/shezamme.com\/wp-content\/uploads\/2022\/09\/hypeplakaty_poster_dunk_ocean.jpg","type":"image\/jpeg"}],"twitter_card":"summary_large_image","twitter_site":"@SHEZAMME","twitter_misc":{"Est. reading time":"1 minute"},"schema":{"@context":"https:\/\/schema.org","@graph":[{"@type":"WebPage","@id":"https:\/\/shezamme.com\/sklep\/obrazy\/obraz-na-plotnie-nike-dunk-low-ocean\/","url":"https:\/\/shezamme.com\/sklep\/obrazy\/obraz-na-plotnie-nike-dunk-low-ocean\/","name":"Obraz na p\u0142\u00f3tnie Nike Dunk Low Ocean - SHEZAMME","isPartOf":{"@id":"https:\/\/shezamme.com\/#website"},"primaryImageOfPage":{"@id":"https:\/\/shezamme.com\/sklep\/obrazy\/obraz-na-plotnie-nike-dunk-low-ocean\/#primaryimage"},"image":{"@id":"https:\/\/shezamme.com\/sklep\/obrazy\/obraz-na-plotnie-nike-dunk-low-ocean\/#primaryimage"},"thumbnailUrl":"https:\/\/shezamme.com\/wp-content\/uploads\/2022\/09\/hypeplakaty_poster_dunk_ocean.jpg","datePublished":"2022-10-03T11:11:14+00:00","dateModified":"2025-02-11T17:51:36+00:00","description":"Obraz na p\u0142\u00f3tnie Nike Dunk Low Ocean | Luksusowe i autentyczne przedmioty w jednym miejscu. B\u0105d\u017a na bie\u017c\u0105co i sprawd\u017a nasz\u0105 ofert\u0119 ju\u017c teraz","breadcrumb":{"@id":"https:\/\/shezamme.com\/sklep\/obrazy\/obraz-na-plotnie-nike-dunk-low-ocean\/#breadcrumb"},"inLanguage":"en-US","potentialAction":[{"@type":"ReadAction","target":["https:\/\/shezamme.com\/sklep\/obrazy\/obraz-na-plotnie-nike-dunk-low-ocean\/"]}]},{"@type":"ImageObject","inLanguage":"en-US","@id":"https:\/\/shezamme.com\/sklep\/obrazy\/obraz-na-plotnie-nike-dunk-low-ocean\/#primaryimage","url":"https:\/\/shezamme.com\/wp-content\/uploads\/2022\/09\/hypeplakaty_poster_dunk_ocean.jpg","contentUrl":"https:\/\/shezamme.com\/wp-content\/uploads\/2022\/09\/hypeplakaty_poster_dunk_ocean.jpg","width":1440,"height":1440,"caption":"Obraz na p\u0142\u00f3tnie Nike Dunk Low Ocean"},{"@type":"BreadcrumbList","@id":"https:\/\/shezamme.com\/sklep\/obrazy\/obraz-na-plotnie-nike-dunk-low-ocean\/#breadcrumb","itemListElement":[{"@type":"ListItem","position":1,"name":"Strona g\u0142\u00f3wna","item":"https:\/\/shezamme.com\/"},{"@type":"ListItem","position":2,"name":"Sklep","item":"https:\/\/shezamme.com\/sklep\/"},{"@type":"ListItem","position":3,"name":"Obraz na p\u0142\u00f3tnie Nike Dunk Low Ocean"}]},{"@type":"WebSite","@id":"https:\/\/shezamme.com\/#website","url":"https:\/\/shezamme.com\/","name":"SHEZAMME - Sneakers, Streetwear and luxury brands","description":"Original and exclusive items in one place. Check out our products now and stay up to date with all launches.","publisher":{"@id":"https:\/\/shezamme.com\/#organization"},"potentialAction":[{"@type":"SearchAction","target":{"@type":"EntryPoint","urlTemplate":"https:\/\/shezamme.com\/?s={search_term_string}"},"query-input":{"@type":"PropertyValueSpecification","valueRequired":true,"valueName":"search_term_string"}}],"inLanguage":"en-US"},{"@type":"Organization","@id":"https:\/\/shezamme.com\/#organization","name":"SHEZAMME - Sneakers, Streetwear and luxury brands","url":"https:\/\/shezamme.com\/","logo":{"@type":"ImageObject","inLanguage":"en-US","@id":"https:\/\/shezamme.com\/#\/schema\/logo\/image\/","url":"https:\/\/shezamme.com\/wp-content\/uploads\/2023\/02\/0x0.png","contentUrl":"https:\/\/shezamme.com\/wp-content\/uploads\/2023\/02\/0x0.png","width":2000,"height":2000,"caption":"SHEZAMME - Sneakersy, Streetwear i luksusowe marki"},"image":{"@id":"https:\/\/shezamme.com\/#\/schema\/logo\/image\/"},"sameAs":["https:\/\/www.facebook.com\/SHEZAMME\/","https:\/\/x.com\/SHEZAMME","https:\/\/www.instagram.com\/shezamme\/","https:\/\/www.youtube.com\/channel\/UCsTJxi_9fODHdO_1bmJbqvQ","https:\/\/www.tiktok.com\/shezamme.com"]}]}},"brands":[{"id":776,"name":"HYPEPOSTERS","slug":"hypeposters"}],"_links":{"self":[{"href":"https:\/\/shezamme.com\/en\/wp-json\/wp\/v2\/product\/18316","targetHints":{"allow":["GET"]}}],"collection":[{"href":"https:\/\/shezamme.com\/en\/wp-json\/wp\/v2\/product"}],"about":[{"href":"https:\/\/shezamme.com\/en\/wp-json\/wp\/v2\/types\/product"}],"wp:featuredmedia":[{"embeddable":true,"href":"https:\/\/shezamme.com\/en\/wp-json\/wp\/v2\/media\/17937"}],"wp:attachment":[{"href":"https:\/\/shezamme.com\/en\/wp-json\/wp\/v2\/media?parent=18316"}],"wp:term":[{"taxonomy":"pwb-brand","embeddable":true,"href":"https:\/\/shezamme.com\/en\/wp-json\/wp\/v2\/pwb-brand?post=18316"},{"taxonomy":"product_brand","embeddable":true,"href":"https:\/\/shezamme.com\/en\/wp-json\/wp\/v2\/product_brand?post=18316"},{"taxonomy":"product_cat","embeddable":true,"href":"https:\/\/shezamme.com\/en\/wp-json\/wp\/v2\/product_cat?post=18316"},{"taxonomy":"product_tag","embeddable":true,"href":"https:\/\/shezamme.com\/en\/wp-json\/wp\/v2\/product_tag?post=18316"}],"curies":[{"name":"wp","href":"https:\/\/api.w.org\/{rel}","templated":true}]}}