{"id":18314,"date":"2022-10-03T13:11:13","date_gmt":"2022-10-03T11:11:13","guid":{"rendered":"https:\/\/shezamme.com\/?post_type=product&#038;p=18314"},"modified":"2025-02-11T18:54:46","modified_gmt":"2025-02-11T17:54:46","slug":"obraz-na-plotnie-nike-dunk-low-retro-university-red","status":"publish","type":"product","link":"https:\/\/shezamme.com\/en\/sklep\/obrazy\/obraz-na-plotnie-nike-dunk-low-retro-university-red\/","title":{"rendered":"Obraz na p\u0142\u00f3tnie Nike Dunk Low Retro University Red"},"content":{"rendered":"<p>Nie ulega w\u0105tpliwo\u015bci, \u017ce Polacy coraz ch\u0119tniej wybieraj\u0105 obrazy na p\u0142\u00f3tnie do swoich mieszka\u0144.<br \/>\nObrazy na p\u0142\u00f3tnie s\u0105 cz\u0119stym wyborem podczas dekorowania nie tylko salonu, ale r\u00f3wnie\u017c kuchni, jadalni oraz sypialni. Za ich pomoc\u0105 mo\u017cesz doda\u0107 swojej aran\u017cacji nie tylko charakteru, ale r\u00f3wnie\u017c przytulno\u015bci. Obrazy na \u015bcian\u0119 s\u0105 w stanie sprawi\u0107, \u017ce Twoja sypialnia stanie si\u0119 upragnionym miejscem do relaksu, a pok\u00f3j Twoich dzieci b\u0119dzie zach\u0119ca\u0142 ich do zabawy i kreatywnego sp\u0119dzania czasu. Na stronie hypeplakaty.pl znajdziesz przer\u00f3\u017cne obrazy na p\u0142\u00f3tnie. Wyb\u00f3r kt\u00f3ry z nich zawita w twoim domu nale\u017cy do Ciebie.<\/p>\n<p>OBRAZY NA P\u0141\u00d3TNIE TYPU STREETWEAR<br \/>\nNie ulega w\u0105tpliwo\u015bci, \u017ce w obecnych czasach pomieszczenia domowe, w tym r\u00f3wnie\u017c sypialnie czy salony, coraz cz\u0119\u015bciej s\u0105 urz\u0105dzane oraz dekorowane, aby poza spe\u0142nianiem swojej pierwotnej funkcji, charakteryzowa\u0142y si\u0119 tak\u017ce \u015bci\u015ble okre\u015blonym stylem oraz niebanaln\u0105 prezencj\u0105. Du\u017c\u0105 rol\u0119 w tym wszystkim odgrywaj\u0105 odpowiednio dobrane dekoracje, tj. obrazy na p\u0142\u00f3tnie malowane r\u0119cznie.<br \/>\nDo element\u00f3w aran\u017cacji pomieszcze\u0144 mo\u017cna te\u017c zaliczy\u0107 obrazy na takie jak:<br \/>\n\u2022 Sneakersy na p\u0142\u00f3tnie np. obraz Yeezy, Jordan1, Dunk<br \/>\n\u2022 Obrazy na p\u0142\u00f3tnie streetwerowych ubra\u0144<br \/>\n\u2022 Obrazy na p\u0142\u00f3tnie streetwerowych but\u00f3w<\/p>\n<p>NOWOCZESNE OBRAZY NA \u015aCIAN\u0118 DLA DOMU<br \/>\nDu\u017c\u0105 popularno\u015bci\u0105 ciesz\u0105 si\u0119 nowoczesne obrazy zawieraj\u0105ce buty yeezy 350, Jordan 1 oraz Air Force 1. Wybieraj\u0105c \u0142adne dekoracje na \u015bcian\u0119 do wyboru mamy mn\u00f3stwo r\u00f3\u017cnych styl\u00f3w oraz zestawie\u0144 kolorystycznych dost\u0119pnych w praktycznie ka\u017cdym rozmiarze. Pordukty obraz\u00f3w hypeplakaty.pl idealnie wpasuj\u0105 si\u0119:<br \/>\n\u2022 do kuchni,<br \/>\n\u2022 do sypialni,<br \/>\n\u2022 do salonu<br \/>\n\u2022 w wersji dla dzieci<\/p>\n<p>OBRAZY STREETWEAR W TWOI DOMU<br \/>\nNie od dzi\u015b wiadomo, \u017ce obrazy wielkich artyst\u00f3w nie s\u0105 tanie. Nie trzeba jednak chodzi\u0107 do muze\u00f3w, aby nacieszy\u0107 si\u0119 dzie\u0142ami wielkich mistrz\u00f3w. Obrazy streetwear namalowane przez polskich artyst\u00f3w mo\u017cna mie\u0107 w domu ju\u017c teraz!<br \/>\nObrazy w sklepie hypepalakty.pl maj\u0105 r\u00f3\u017cne rozmiary i wzornictwo. Bez w\u0105tpienia ka\u017cdy znajdzie co\u015b dla siebie bez wzgl\u0119du na indywidualne preferencje.<\/p>","protected":false},"excerpt":{"rendered":"<p>Obraz na p\u0142\u00f3tnie Nike Dunk Low Retro University Red<br \/>\nPremium quality<br \/>\nMounting kit included<br \/>\nMade in Poland<br \/>\nMade by: Bartek Majda<\/p>","protected":false},"featured_media":17921,"template":"","meta":{"_acf_changed":false},"pwb-brand":[776],"product_brand":[],"product_cat":[424],"product_tag":[],"class_list":{"0":"post-18314","1":"product","2":"type-product","3":"status-publish","4":"has-post-thumbnail","6":"pwb-brand-hypeplakaty","7":"product_cat-obrazy","9":"first","10":"instock","11":"taxable","12":"shipping-taxable","13":"purchasable","14":"product-type-variable","15":"has-default-attributes"},"acf":[],"yoast_head":"<!-- This site is optimized with the Yoast SEO plugin v27.2 - https:\/\/yoast.com\/product\/yoast-seo-wordpress\/ -->\n<title>Obraz na p\u0142\u00f3tnie Nike Dunk Low Retro University Red - SHEZAMME<\/title>\n<meta name=\"description\" content=\"Obraz na p\u0142\u00f3tnie Nike Dunk Low Retro University Red | Luksusowe i autentyczne przedmioty w jednym miejscu. B\u0105d\u017a na bie\u017c\u0105co i sprawd\u017a nasz\u0105 ofert\u0119 ju\u017c teraz\" \/>\n<meta name=\"robots\" content=\"index, follow, max-snippet:-1, max-image-preview:large, max-video-preview:-1\" \/>\n<link rel=\"canonical\" href=\"https:\/\/shezamme.com\/en\/sklep\/pictures\/obraz-na-plotnie-nike-dunk-low-retro-university-red\/\" \/>\n<meta property=\"og:locale\" content=\"en_US\" \/>\n<meta property=\"og:type\" content=\"article\" \/>\n<meta property=\"og:title\" content=\"Obraz na p\u0142\u00f3tnie Nike Dunk Low Retro University Red - SHEZAMME\" \/>\n<meta property=\"og:description\" content=\"Obraz na p\u0142\u00f3tnie Nike Dunk Low Retro University Red | Luksusowe i autentyczne przedmioty w jednym miejscu. B\u0105d\u017a na bie\u017c\u0105co i sprawd\u017a nasz\u0105 ofert\u0119 ju\u017c teraz\" \/>\n<meta property=\"og:url\" content=\"https:\/\/shezamme.com\/en\/sklep\/pictures\/obraz-na-plotnie-nike-dunk-low-retro-university-red\/\" \/>\n<meta property=\"og:site_name\" content=\"SHEZAMME - Yeezy, Jordan, Supreme i inne oryginalne rzeczy\" \/>\n<meta property=\"article:publisher\" content=\"https:\/\/www.facebook.com\/SHEZAMME\/\" \/>\n<meta property=\"article:modified_time\" content=\"2025-02-11T17:54:46+00:00\" \/>\n<meta property=\"og:image\" content=\"https:\/\/shezamme.com\/wp-content\/uploads\/2022\/09\/hypeplakaty_poster_dunk_university_red.jpg\" \/>\n\t<meta property=\"og:image:width\" content=\"1440\" \/>\n\t<meta property=\"og:image:height\" content=\"1440\" \/>\n\t<meta property=\"og:image:type\" content=\"image\/jpeg\" \/>\n<meta name=\"twitter:card\" content=\"summary_large_image\" \/>\n<meta name=\"twitter:site\" content=\"@SHEZAMME\" \/>\n<meta name=\"twitter:label1\" content=\"Est. reading time\" \/>\n\t<meta name=\"twitter:data1\" content=\"2 minutes\" \/>\n<script type=\"application\/ld+json\" class=\"yoast-schema-graph\">{\"@context\":\"https:\/\/schema.org\",\"@graph\":[{\"@type\":\"WebPage\",\"@id\":\"https:\/\/shezamme.com\/sklep\/obrazy\/obraz-na-plotnie-nike-dunk-low-retro-university-red\/\",\"url\":\"https:\/\/shezamme.com\/sklep\/obrazy\/obraz-na-plotnie-nike-dunk-low-retro-university-red\/\",\"name\":\"Obraz na p\u0142\u00f3tnie Nike Dunk Low Retro University Red - SHEZAMME\",\"isPartOf\":{\"@id\":\"https:\/\/shezamme.com\/#website\"},\"primaryImageOfPage\":{\"@id\":\"https:\/\/shezamme.com\/sklep\/obrazy\/obraz-na-plotnie-nike-dunk-low-retro-university-red\/#primaryimage\"},\"image\":{\"@id\":\"https:\/\/shezamme.com\/sklep\/obrazy\/obraz-na-plotnie-nike-dunk-low-retro-university-red\/#primaryimage\"},\"thumbnailUrl\":\"https:\/\/shezamme.com\/wp-content\/uploads\/2022\/09\/hypeplakaty_poster_dunk_university_red.jpg\",\"datePublished\":\"2022-10-03T11:11:13+00:00\",\"dateModified\":\"2025-02-11T17:54:46+00:00\",\"description\":\"Obraz na p\u0142\u00f3tnie Nike Dunk Low Retro University Red | Luksusowe i autentyczne przedmioty w jednym miejscu. B\u0105d\u017a na bie\u017c\u0105co i sprawd\u017a nasz\u0105 ofert\u0119 ju\u017c teraz\",\"breadcrumb\":{\"@id\":\"https:\/\/shezamme.com\/sklep\/obrazy\/obraz-na-plotnie-nike-dunk-low-retro-university-red\/#breadcrumb\"},\"inLanguage\":\"en-US\",\"potentialAction\":[{\"@type\":\"ReadAction\",\"target\":[\"https:\/\/shezamme.com\/sklep\/obrazy\/obraz-na-plotnie-nike-dunk-low-retro-university-red\/\"]}]},{\"@type\":\"ImageObject\",\"inLanguage\":\"en-US\",\"@id\":\"https:\/\/shezamme.com\/sklep\/obrazy\/obraz-na-plotnie-nike-dunk-low-retro-university-red\/#primaryimage\",\"url\":\"https:\/\/shezamme.com\/wp-content\/uploads\/2022\/09\/hypeplakaty_poster_dunk_university_red.jpg\",\"contentUrl\":\"https:\/\/shezamme.com\/wp-content\/uploads\/2022\/09\/hypeplakaty_poster_dunk_university_red.jpg\",\"width\":1440,\"height\":1440,\"caption\":\"Obraz na p\u0142\u00f3tnie Nike Dunk Low Retro University Red\"},{\"@type\":\"BreadcrumbList\",\"@id\":\"https:\/\/shezamme.com\/sklep\/obrazy\/obraz-na-plotnie-nike-dunk-low-retro-university-red\/#breadcrumb\",\"itemListElement\":[{\"@type\":\"ListItem\",\"position\":1,\"name\":\"Strona g\u0142\u00f3wna\",\"item\":\"https:\/\/shezamme.com\/\"},{\"@type\":\"ListItem\",\"position\":2,\"name\":\"Sklep\",\"item\":\"https:\/\/shezamme.com\/sklep\/\"},{\"@type\":\"ListItem\",\"position\":3,\"name\":\"Obraz na p\u0142\u00f3tnie Nike Dunk Low Retro University Red\"}]},{\"@type\":\"WebSite\",\"@id\":\"https:\/\/shezamme.com\/#website\",\"url\":\"https:\/\/shezamme.com\/\",\"name\":\"SHEZAMME - Sneakersy, Streetwear i luksusowe marki\",\"description\":\"Oryginalne i ekskluzywne przedmioty w jednym miejscu. Sprawd\u017a nasze produkty ju\u017c teraz i b\u0105d\u017a na bie\u017c\u0105co z wszystkimi premierami.\",\"publisher\":{\"@id\":\"https:\/\/shezamme.com\/#organization\"},\"potentialAction\":[{\"@type\":\"SearchAction\",\"target\":{\"@type\":\"EntryPoint\",\"urlTemplate\":\"https:\/\/shezamme.com\/?s={search_term_string}\"},\"query-input\":{\"@type\":\"PropertyValueSpecification\",\"valueRequired\":true,\"valueName\":\"search_term_string\"}}],\"inLanguage\":\"en-US\"},{\"@type\":\"Organization\",\"@id\":\"https:\/\/shezamme.com\/#organization\",\"name\":\"SHEZAMME - Sneakersy, Streetwear i luksusowe marki\",\"url\":\"https:\/\/shezamme.com\/\",\"logo\":{\"@type\":\"ImageObject\",\"inLanguage\":\"en-US\",\"@id\":\"https:\/\/shezamme.com\/#\/schema\/logo\/image\/\",\"url\":\"https:\/\/shezamme.com\/wp-content\/uploads\/2023\/02\/0x0.png\",\"contentUrl\":\"https:\/\/shezamme.com\/wp-content\/uploads\/2023\/02\/0x0.png\",\"width\":2000,\"height\":2000,\"caption\":\"SHEZAMME - Sneakersy, Streetwear i luksusowe marki\"},\"image\":{\"@id\":\"https:\/\/shezamme.com\/#\/schema\/logo\/image\/\"},\"sameAs\":[\"https:\/\/www.facebook.com\/SHEZAMME\/\",\"https:\/\/x.com\/SHEZAMME\",\"https:\/\/www.instagram.com\/shezamme\/\",\"https:\/\/www.youtube.com\/channel\/UCsTJxi_9fODHdO_1bmJbqvQ\",\"https:\/\/www.tiktok.com\/shezamme.com\"]}]}<\/script>\n<!-- \/ Yoast SEO plugin. -->","yoast_head_json":{"title":"Obraz na p\u0142\u00f3tnie Nike Dunk Low Retro University Red - SHEZAMME","description":"Obraz na p\u0142\u00f3tnie Nike Dunk Low Retro University Red | Luksusowe i autentyczne przedmioty w jednym miejscu. B\u0105d\u017a na bie\u017c\u0105co i sprawd\u017a nasz\u0105 ofert\u0119 ju\u017c teraz","robots":{"index":"index","follow":"follow","max-snippet":"max-snippet:-1","max-image-preview":"max-image-preview:large","max-video-preview":"max-video-preview:-1"},"canonical":"https:\/\/shezamme.com\/en\/sklep\/pictures\/obraz-na-plotnie-nike-dunk-low-retro-university-red\/","og_locale":"en_US","og_type":"article","og_title":"Obraz na p\u0142\u00f3tnie Nike Dunk Low Retro University Red - SHEZAMME","og_description":"Obraz na p\u0142\u00f3tnie Nike Dunk Low Retro University Red | Luksusowe i autentyczne przedmioty w jednym miejscu. B\u0105d\u017a na bie\u017c\u0105co i sprawd\u017a nasz\u0105 ofert\u0119 ju\u017c teraz","og_url":"https:\/\/shezamme.com\/en\/sklep\/pictures\/obraz-na-plotnie-nike-dunk-low-retro-university-red\/","og_site_name":"SHEZAMME - Yeezy, Jordan, Supreme i inne oryginalne rzeczy","article_publisher":"https:\/\/www.facebook.com\/SHEZAMME\/","article_modified_time":"2025-02-11T17:54:46+00:00","og_image":[{"width":1440,"height":1440,"url":"https:\/\/shezamme.com\/wp-content\/uploads\/2022\/09\/hypeplakaty_poster_dunk_university_red.jpg","type":"image\/jpeg"}],"twitter_card":"summary_large_image","twitter_site":"@SHEZAMME","twitter_misc":{"Est. reading time":"2 minutes"},"schema":{"@context":"https:\/\/schema.org","@graph":[{"@type":"WebPage","@id":"https:\/\/shezamme.com\/sklep\/obrazy\/obraz-na-plotnie-nike-dunk-low-retro-university-red\/","url":"https:\/\/shezamme.com\/sklep\/obrazy\/obraz-na-plotnie-nike-dunk-low-retro-university-red\/","name":"Obraz na p\u0142\u00f3tnie Nike Dunk Low Retro University Red - SHEZAMME","isPartOf":{"@id":"https:\/\/shezamme.com\/#website"},"primaryImageOfPage":{"@id":"https:\/\/shezamme.com\/sklep\/obrazy\/obraz-na-plotnie-nike-dunk-low-retro-university-red\/#primaryimage"},"image":{"@id":"https:\/\/shezamme.com\/sklep\/obrazy\/obraz-na-plotnie-nike-dunk-low-retro-university-red\/#primaryimage"},"thumbnailUrl":"https:\/\/shezamme.com\/wp-content\/uploads\/2022\/09\/hypeplakaty_poster_dunk_university_red.jpg","datePublished":"2022-10-03T11:11:13+00:00","dateModified":"2025-02-11T17:54:46+00:00","description":"Obraz na p\u0142\u00f3tnie Nike Dunk Low Retro University Red | Luksusowe i autentyczne przedmioty w jednym miejscu. B\u0105d\u017a na bie\u017c\u0105co i sprawd\u017a nasz\u0105 ofert\u0119 ju\u017c teraz","breadcrumb":{"@id":"https:\/\/shezamme.com\/sklep\/obrazy\/obraz-na-plotnie-nike-dunk-low-retro-university-red\/#breadcrumb"},"inLanguage":"en-US","potentialAction":[{"@type":"ReadAction","target":["https:\/\/shezamme.com\/sklep\/obrazy\/obraz-na-plotnie-nike-dunk-low-retro-university-red\/"]}]},{"@type":"ImageObject","inLanguage":"en-US","@id":"https:\/\/shezamme.com\/sklep\/obrazy\/obraz-na-plotnie-nike-dunk-low-retro-university-red\/#primaryimage","url":"https:\/\/shezamme.com\/wp-content\/uploads\/2022\/09\/hypeplakaty_poster_dunk_university_red.jpg","contentUrl":"https:\/\/shezamme.com\/wp-content\/uploads\/2022\/09\/hypeplakaty_poster_dunk_university_red.jpg","width":1440,"height":1440,"caption":"Obraz na p\u0142\u00f3tnie Nike Dunk Low Retro University Red"},{"@type":"BreadcrumbList","@id":"https:\/\/shezamme.com\/sklep\/obrazy\/obraz-na-plotnie-nike-dunk-low-retro-university-red\/#breadcrumb","itemListElement":[{"@type":"ListItem","position":1,"name":"Strona g\u0142\u00f3wna","item":"https:\/\/shezamme.com\/"},{"@type":"ListItem","position":2,"name":"Sklep","item":"https:\/\/shezamme.com\/sklep\/"},{"@type":"ListItem","position":3,"name":"Obraz na p\u0142\u00f3tnie Nike Dunk Low Retro University Red"}]},{"@type":"WebSite","@id":"https:\/\/shezamme.com\/#website","url":"https:\/\/shezamme.com\/","name":"SHEZAMME - Sneakers, Streetwear and luxury brands","description":"Original and exclusive items in one place. Check out our products now and stay up to date with all launches.","publisher":{"@id":"https:\/\/shezamme.com\/#organization"},"potentialAction":[{"@type":"SearchAction","target":{"@type":"EntryPoint","urlTemplate":"https:\/\/shezamme.com\/?s={search_term_string}"},"query-input":{"@type":"PropertyValueSpecification","valueRequired":true,"valueName":"search_term_string"}}],"inLanguage":"en-US"},{"@type":"Organization","@id":"https:\/\/shezamme.com\/#organization","name":"SHEZAMME - Sneakers, Streetwear and luxury brands","url":"https:\/\/shezamme.com\/","logo":{"@type":"ImageObject","inLanguage":"en-US","@id":"https:\/\/shezamme.com\/#\/schema\/logo\/image\/","url":"https:\/\/shezamme.com\/wp-content\/uploads\/2023\/02\/0x0.png","contentUrl":"https:\/\/shezamme.com\/wp-content\/uploads\/2023\/02\/0x0.png","width":2000,"height":2000,"caption":"SHEZAMME - Sneakersy, Streetwear i luksusowe marki"},"image":{"@id":"https:\/\/shezamme.com\/#\/schema\/logo\/image\/"},"sameAs":["https:\/\/www.facebook.com\/SHEZAMME\/","https:\/\/x.com\/SHEZAMME","https:\/\/www.instagram.com\/shezamme\/","https:\/\/www.youtube.com\/channel\/UCsTJxi_9fODHdO_1bmJbqvQ","https:\/\/www.tiktok.com\/shezamme.com"]}]}},"brands":[{"id":776,"name":"HYPEPOSTERS","slug":"hypeposters"}],"_links":{"self":[{"href":"https:\/\/shezamme.com\/en\/wp-json\/wp\/v2\/product\/18314","targetHints":{"allow":["GET"]}}],"collection":[{"href":"https:\/\/shezamme.com\/en\/wp-json\/wp\/v2\/product"}],"about":[{"href":"https:\/\/shezamme.com\/en\/wp-json\/wp\/v2\/types\/product"}],"wp:featuredmedia":[{"embeddable":true,"href":"https:\/\/shezamme.com\/en\/wp-json\/wp\/v2\/media\/17921"}],"wp:attachment":[{"href":"https:\/\/shezamme.com\/en\/wp-json\/wp\/v2\/media?parent=18314"}],"wp:term":[{"taxonomy":"pwb-brand","embeddable":true,"href":"https:\/\/shezamme.com\/en\/wp-json\/wp\/v2\/pwb-brand?post=18314"},{"taxonomy":"product_brand","embeddable":true,"href":"https:\/\/shezamme.com\/en\/wp-json\/wp\/v2\/product_brand?post=18314"},{"taxonomy":"product_cat","embeddable":true,"href":"https:\/\/shezamme.com\/en\/wp-json\/wp\/v2\/product_cat?post=18314"},{"taxonomy":"product_tag","embeddable":true,"href":"https:\/\/shezamme.com\/en\/wp-json\/wp\/v2\/product_tag?post=18314"}],"curies":[{"name":"wp","href":"https:\/\/api.w.org\/{rel}","templated":true}]}}