{"id":18313,"date":"2022-10-03T13:11:13","date_gmt":"2022-10-03T11:11:13","guid":{"rendered":"https:\/\/shezamme.com\/?post_type=product&#038;p=18313"},"modified":"2025-02-11T19:09:48","modified_gmt":"2025-02-11T18:09:48","slug":"obraz-na-plotnie-air-jordan-1-high-og-pine-green","status":"publish","type":"product","link":"https:\/\/shezamme.com\/en\/sklep\/obrazy\/obraz-na-plotnie-air-jordan-1-high-og-pine-green\/","title":{"rendered":"Obraz na p\u0142\u00f3tnie Air Jordan 1 High OG 'Pine Green&#8217;"},"content":{"rendered":"<p>Obraz na p\u0142\u00f3tnie Air Jordan 1 High OG 'Pine Green&#8217; to wyj\u0105tkowa dekoracja dla ka\u017cdego mi\u0142o\u015bnika streetwearu i kultowych modeli but\u00f3w. Reprezentuje on jeden z najbardziej po\u017c\u0105danych kolor\u00f3w z serii Air Jordan &#8211; ciemnozielony odcie\u0144, kt\u00f3ry doskonale komponuje si\u0119 z bia\u0142ymi i czarnymi elementami.<\/p>\n<p>Ten unikalny obraz na p\u0142\u00f3tnie zosta\u0142 wykonany z wysokiej jako\u015bci materia\u0142\u00f3w, co gwarantuje nie tylko pi\u0119kny wygl\u0105d, ale tak\u017ce trwa\u0142o\u015b\u0107 i odporno\u015b\u0107 na uszkodzenia. Wymiary obrazu to 50&#215;70 cm, dzi\u0119ki czemu b\u0119dzie on \u015bwietnie prezentowa\u0107 si\u0119 na \u015bcianie w ka\u017cdym pomieszczeniu.<\/p>\n<p>Air Jordan 1 High OG 'Pine Green&#8217; to model, kt\u00f3ry zadebiutowa\u0142 w 2018 roku i natychmiast sta\u0142 si\u0119 jednym z najbardziej po\u017c\u0105danych modeli but\u00f3w w\u015br\u00f3d sneakerhead\u00f3w. Buty te wyr\u00f3\u017cniaj\u0105 si\u0119 charakterystycznym wzornictwem, sk\u00f3rzanym cholewk\u0105 oraz trzema klasycznymi kolorami &#8211; bia\u0142ym, czarnym i w\u0142a\u015bnie ciemnozielonym.<\/p>\n<p>Obraz na p\u0142\u00f3tnie Air Jordan 1 High OG 'Pine Green&#8217; to idealny wyb\u00f3r dla wszystkich mi\u0142o\u015bnik\u00f3w kultowych modeli but\u00f3w i streetwearu, kt\u00f3rzy chc\u0105 w swoim domu stworzy\u0107 wyj\u0105tkowy klimat. Ten produkt to tak\u017ce doskona\u0142y prezent dla ka\u017cdego sneakerheada, kt\u00f3ry szuka oryginalnej i nietypowej dekoracji do swojego pokoju lub biura.<\/p>\n<p>Zar\u00f3wno dla fan\u00f3w mody, jak i kolekcjoner\u00f3w but\u00f3w, obraz na p\u0142\u00f3tnie Air Jordan 1 High OG 'Pine Green&#8217; stanowi doskona\u0142\u0105 okazj\u0119 do wyra\u017cenia swojej pasji i pokazania, \u017ce moda i streetwear to nie tylko ubrania, ale tak\u017ce elementy dekoracyjne, kt\u00f3re dodaj\u0105 charakteru i stylu ka\u017cdemu pomieszczeniu.<\/p>","protected":false},"excerpt":{"rendered":"<p>Obraz na p\u0142\u00f3tnie Air Jordan 1 High OG 'Pine Green&#8217;<br \/>\nPremium quality<br \/>\nMounting kit included<br \/>\nMade in Poland<br \/>\nMade by: Bartek Majda<\/p>","protected":false},"featured_media":17895,"template":"","meta":{"_acf_changed":false},"pwb-brand":[776],"product_brand":[],"product_cat":[424],"product_tag":[],"class_list":{"0":"post-18313","1":"product","2":"type-product","3":"status-publish","4":"has-post-thumbnail","6":"pwb-brand-hypeplakaty","7":"product_cat-obrazy","9":"first","10":"instock","11":"taxable","12":"shipping-taxable","13":"purchasable","14":"product-type-variable","15":"has-default-attributes"},"acf":[],"yoast_head":"<!-- This site is optimized with the Yoast SEO plugin v27.2 - https:\/\/yoast.com\/product\/yoast-seo-wordpress\/ -->\n<title>Obraz na p\u0142\u00f3tnie Air Jordan 1 High OG &#039;Pine Green&#039; - SHEZAMME<\/title>\n<meta name=\"description\" content=\"Obraz na p\u0142\u00f3tnie Air Jordan 1 High OG &#039;Pine Green&#039; | Luksusowe i autentyczne przedmioty w jednym miejscu. B\u0105d\u017a na bie\u017c\u0105co i sprawd\u017a nasz\u0105 ofert\u0119 ju\u017c teraz\" \/>\n<meta name=\"robots\" content=\"index, follow, max-snippet:-1, max-image-preview:large, max-video-preview:-1\" \/>\n<link rel=\"canonical\" href=\"https:\/\/shezamme.com\/en\/sklep\/pictures\/obraz-na-plotnie-air-jordan-1-high-og-pine-green\/\" \/>\n<meta property=\"og:locale\" content=\"en_US\" \/>\n<meta property=\"og:type\" content=\"article\" \/>\n<meta property=\"og:title\" content=\"Obraz na p\u0142\u00f3tnie Air Jordan 1 High OG &#039;Pine Green&#039; - SHEZAMME\" \/>\n<meta property=\"og:description\" content=\"Obraz na p\u0142\u00f3tnie Air Jordan 1 High OG &#039;Pine Green&#039; | Luksusowe i autentyczne przedmioty w jednym miejscu. B\u0105d\u017a na bie\u017c\u0105co i sprawd\u017a nasz\u0105 ofert\u0119 ju\u017c teraz\" \/>\n<meta property=\"og:url\" content=\"https:\/\/shezamme.com\/en\/sklep\/pictures\/obraz-na-plotnie-air-jordan-1-high-og-pine-green\/\" \/>\n<meta property=\"og:site_name\" content=\"SHEZAMME - Yeezy, Jordan, Supreme i inne oryginalne rzeczy\" \/>\n<meta property=\"article:publisher\" content=\"https:\/\/www.facebook.com\/SHEZAMME\/\" \/>\n<meta property=\"article:modified_time\" content=\"2025-02-11T18:09:48+00:00\" \/>\n<meta property=\"og:image\" content=\"https:\/\/shezamme.com\/wp-content\/uploads\/2022\/09\/hypeplakaty_poster_j1_pine_green.jpg\" \/>\n\t<meta property=\"og:image:width\" content=\"1440\" \/>\n\t<meta property=\"og:image:height\" content=\"1440\" \/>\n\t<meta property=\"og:image:type\" content=\"image\/jpeg\" \/>\n<meta name=\"twitter:card\" content=\"summary_large_image\" \/>\n<meta name=\"twitter:site\" content=\"@SHEZAMME\" \/>\n<meta name=\"twitter:label1\" content=\"Est. reading time\" \/>\n\t<meta name=\"twitter:data1\" content=\"1 minute\" \/>\n<script type=\"application\/ld+json\" class=\"yoast-schema-graph\">{\"@context\":\"https:\/\/schema.org\",\"@graph\":[{\"@type\":\"WebPage\",\"@id\":\"https:\/\/shezamme.com\/sklep\/obrazy\/obraz-na-plotnie-air-jordan-1-high-og-pine-green\/\",\"url\":\"https:\/\/shezamme.com\/sklep\/obrazy\/obraz-na-plotnie-air-jordan-1-high-og-pine-green\/\",\"name\":\"Obraz na p\u0142\u00f3tnie Air Jordan 1 High OG 'Pine Green' - SHEZAMME\",\"isPartOf\":{\"@id\":\"https:\/\/shezamme.com\/#website\"},\"primaryImageOfPage\":{\"@id\":\"https:\/\/shezamme.com\/sklep\/obrazy\/obraz-na-plotnie-air-jordan-1-high-og-pine-green\/#primaryimage\"},\"image\":{\"@id\":\"https:\/\/shezamme.com\/sklep\/obrazy\/obraz-na-plotnie-air-jordan-1-high-og-pine-green\/#primaryimage\"},\"thumbnailUrl\":\"https:\/\/shezamme.com\/wp-content\/uploads\/2022\/09\/hypeplakaty_poster_j1_pine_green.jpg\",\"datePublished\":\"2022-10-03T11:11:13+00:00\",\"dateModified\":\"2025-02-11T18:09:48+00:00\",\"description\":\"Obraz na p\u0142\u00f3tnie Air Jordan 1 High OG 'Pine Green' | Luksusowe i autentyczne przedmioty w jednym miejscu. B\u0105d\u017a na bie\u017c\u0105co i sprawd\u017a nasz\u0105 ofert\u0119 ju\u017c teraz\",\"breadcrumb\":{\"@id\":\"https:\/\/shezamme.com\/sklep\/obrazy\/obraz-na-plotnie-air-jordan-1-high-og-pine-green\/#breadcrumb\"},\"inLanguage\":\"en-US\",\"potentialAction\":[{\"@type\":\"ReadAction\",\"target\":[\"https:\/\/shezamme.com\/sklep\/obrazy\/obraz-na-plotnie-air-jordan-1-high-og-pine-green\/\"]}]},{\"@type\":\"ImageObject\",\"inLanguage\":\"en-US\",\"@id\":\"https:\/\/shezamme.com\/sklep\/obrazy\/obraz-na-plotnie-air-jordan-1-high-og-pine-green\/#primaryimage\",\"url\":\"https:\/\/shezamme.com\/wp-content\/uploads\/2022\/09\/hypeplakaty_poster_j1_pine_green.jpg\",\"contentUrl\":\"https:\/\/shezamme.com\/wp-content\/uploads\/2022\/09\/hypeplakaty_poster_j1_pine_green.jpg\",\"width\":1440,\"height\":1440,\"caption\":\"Obraz na p\u0142\u00f3tnie Air Jordan 1 High OG &#8216;Pine Green&#8217;\"},{\"@type\":\"BreadcrumbList\",\"@id\":\"https:\/\/shezamme.com\/sklep\/obrazy\/obraz-na-plotnie-air-jordan-1-high-og-pine-green\/#breadcrumb\",\"itemListElement\":[{\"@type\":\"ListItem\",\"position\":1,\"name\":\"Strona g\u0142\u00f3wna\",\"item\":\"https:\/\/shezamme.com\/\"},{\"@type\":\"ListItem\",\"position\":2,\"name\":\"Sklep\",\"item\":\"https:\/\/shezamme.com\/sklep\/\"},{\"@type\":\"ListItem\",\"position\":3,\"name\":\"Obraz na p\u0142\u00f3tnie Air Jordan 1 High OG &#8216;Pine Green&#8217;\"}]},{\"@type\":\"WebSite\",\"@id\":\"https:\/\/shezamme.com\/#website\",\"url\":\"https:\/\/shezamme.com\/\",\"name\":\"SHEZAMME - Sneakersy, Streetwear i luksusowe marki\",\"description\":\"Oryginalne i ekskluzywne przedmioty w jednym miejscu. Sprawd\u017a nasze produkty ju\u017c teraz i b\u0105d\u017a na bie\u017c\u0105co z wszystkimi premierami.\",\"publisher\":{\"@id\":\"https:\/\/shezamme.com\/#organization\"},\"potentialAction\":[{\"@type\":\"SearchAction\",\"target\":{\"@type\":\"EntryPoint\",\"urlTemplate\":\"https:\/\/shezamme.com\/?s={search_term_string}\"},\"query-input\":{\"@type\":\"PropertyValueSpecification\",\"valueRequired\":true,\"valueName\":\"search_term_string\"}}],\"inLanguage\":\"en-US\"},{\"@type\":\"Organization\",\"@id\":\"https:\/\/shezamme.com\/#organization\",\"name\":\"SHEZAMME - Sneakersy, Streetwear i luksusowe marki\",\"url\":\"https:\/\/shezamme.com\/\",\"logo\":{\"@type\":\"ImageObject\",\"inLanguage\":\"en-US\",\"@id\":\"https:\/\/shezamme.com\/#\/schema\/logo\/image\/\",\"url\":\"https:\/\/shezamme.com\/wp-content\/uploads\/2023\/02\/0x0.png\",\"contentUrl\":\"https:\/\/shezamme.com\/wp-content\/uploads\/2023\/02\/0x0.png\",\"width\":2000,\"height\":2000,\"caption\":\"SHEZAMME - Sneakersy, Streetwear i luksusowe marki\"},\"image\":{\"@id\":\"https:\/\/shezamme.com\/#\/schema\/logo\/image\/\"},\"sameAs\":[\"https:\/\/www.facebook.com\/SHEZAMME\/\",\"https:\/\/x.com\/SHEZAMME\",\"https:\/\/www.instagram.com\/shezamme\/\",\"https:\/\/www.youtube.com\/channel\/UCsTJxi_9fODHdO_1bmJbqvQ\",\"https:\/\/www.tiktok.com\/shezamme.com\"]}]}<\/script>\n<!-- \/ Yoast SEO plugin. -->","yoast_head_json":{"title":"Obraz na p\u0142\u00f3tnie Air Jordan 1 High OG 'Pine Green' - SHEZAMME","description":"Obraz na p\u0142\u00f3tnie Air Jordan 1 High OG 'Pine Green' | Luksusowe i autentyczne przedmioty w jednym miejscu. B\u0105d\u017a na bie\u017c\u0105co i sprawd\u017a nasz\u0105 ofert\u0119 ju\u017c teraz","robots":{"index":"index","follow":"follow","max-snippet":"max-snippet:-1","max-image-preview":"max-image-preview:large","max-video-preview":"max-video-preview:-1"},"canonical":"https:\/\/shezamme.com\/en\/sklep\/pictures\/obraz-na-plotnie-air-jordan-1-high-og-pine-green\/","og_locale":"en_US","og_type":"article","og_title":"Obraz na p\u0142\u00f3tnie Air Jordan 1 High OG 'Pine Green' - SHEZAMME","og_description":"Obraz na p\u0142\u00f3tnie Air Jordan 1 High OG 'Pine Green' | Luksusowe i autentyczne przedmioty w jednym miejscu. B\u0105d\u017a na bie\u017c\u0105co i sprawd\u017a nasz\u0105 ofert\u0119 ju\u017c teraz","og_url":"https:\/\/shezamme.com\/en\/sklep\/pictures\/obraz-na-plotnie-air-jordan-1-high-og-pine-green\/","og_site_name":"SHEZAMME - Yeezy, Jordan, Supreme i inne oryginalne rzeczy","article_publisher":"https:\/\/www.facebook.com\/SHEZAMME\/","article_modified_time":"2025-02-11T18:09:48+00:00","og_image":[{"width":1440,"height":1440,"url":"https:\/\/shezamme.com\/wp-content\/uploads\/2022\/09\/hypeplakaty_poster_j1_pine_green.jpg","type":"image\/jpeg"}],"twitter_card":"summary_large_image","twitter_site":"@SHEZAMME","twitter_misc":{"Est. reading time":"1 minute"},"schema":{"@context":"https:\/\/schema.org","@graph":[{"@type":"WebPage","@id":"https:\/\/shezamme.com\/sklep\/obrazy\/obraz-na-plotnie-air-jordan-1-high-og-pine-green\/","url":"https:\/\/shezamme.com\/sklep\/obrazy\/obraz-na-plotnie-air-jordan-1-high-og-pine-green\/","name":"Obraz na p\u0142\u00f3tnie Air Jordan 1 High OG 'Pine Green' - SHEZAMME","isPartOf":{"@id":"https:\/\/shezamme.com\/#website"},"primaryImageOfPage":{"@id":"https:\/\/shezamme.com\/sklep\/obrazy\/obraz-na-plotnie-air-jordan-1-high-og-pine-green\/#primaryimage"},"image":{"@id":"https:\/\/shezamme.com\/sklep\/obrazy\/obraz-na-plotnie-air-jordan-1-high-og-pine-green\/#primaryimage"},"thumbnailUrl":"https:\/\/shezamme.com\/wp-content\/uploads\/2022\/09\/hypeplakaty_poster_j1_pine_green.jpg","datePublished":"2022-10-03T11:11:13+00:00","dateModified":"2025-02-11T18:09:48+00:00","description":"Obraz na p\u0142\u00f3tnie Air Jordan 1 High OG 'Pine Green' | Luksusowe i autentyczne przedmioty w jednym miejscu. B\u0105d\u017a na bie\u017c\u0105co i sprawd\u017a nasz\u0105 ofert\u0119 ju\u017c teraz","breadcrumb":{"@id":"https:\/\/shezamme.com\/sklep\/obrazy\/obraz-na-plotnie-air-jordan-1-high-og-pine-green\/#breadcrumb"},"inLanguage":"en-US","potentialAction":[{"@type":"ReadAction","target":["https:\/\/shezamme.com\/sklep\/obrazy\/obraz-na-plotnie-air-jordan-1-high-og-pine-green\/"]}]},{"@type":"ImageObject","inLanguage":"en-US","@id":"https:\/\/shezamme.com\/sklep\/obrazy\/obraz-na-plotnie-air-jordan-1-high-og-pine-green\/#primaryimage","url":"https:\/\/shezamme.com\/wp-content\/uploads\/2022\/09\/hypeplakaty_poster_j1_pine_green.jpg","contentUrl":"https:\/\/shezamme.com\/wp-content\/uploads\/2022\/09\/hypeplakaty_poster_j1_pine_green.jpg","width":1440,"height":1440,"caption":"Obraz na p\u0142\u00f3tnie Air Jordan 1 High OG &#8216;Pine Green&#8217;"},{"@type":"BreadcrumbList","@id":"https:\/\/shezamme.com\/sklep\/obrazy\/obraz-na-plotnie-air-jordan-1-high-og-pine-green\/#breadcrumb","itemListElement":[{"@type":"ListItem","position":1,"name":"Strona g\u0142\u00f3wna","item":"https:\/\/shezamme.com\/"},{"@type":"ListItem","position":2,"name":"Sklep","item":"https:\/\/shezamme.com\/sklep\/"},{"@type":"ListItem","position":3,"name":"Obraz na p\u0142\u00f3tnie Air Jordan 1 High OG &#8216;Pine Green&#8217;"}]},{"@type":"WebSite","@id":"https:\/\/shezamme.com\/#website","url":"https:\/\/shezamme.com\/","name":"SHEZAMME - Sneakers, Streetwear and luxury brands","description":"Original and exclusive items in one place. Check out our products now and stay up to date with all launches.","publisher":{"@id":"https:\/\/shezamme.com\/#organization"},"potentialAction":[{"@type":"SearchAction","target":{"@type":"EntryPoint","urlTemplate":"https:\/\/shezamme.com\/?s={search_term_string}"},"query-input":{"@type":"PropertyValueSpecification","valueRequired":true,"valueName":"search_term_string"}}],"inLanguage":"en-US"},{"@type":"Organization","@id":"https:\/\/shezamme.com\/#organization","name":"SHEZAMME - Sneakers, Streetwear and luxury brands","url":"https:\/\/shezamme.com\/","logo":{"@type":"ImageObject","inLanguage":"en-US","@id":"https:\/\/shezamme.com\/#\/schema\/logo\/image\/","url":"https:\/\/shezamme.com\/wp-content\/uploads\/2023\/02\/0x0.png","contentUrl":"https:\/\/shezamme.com\/wp-content\/uploads\/2023\/02\/0x0.png","width":2000,"height":2000,"caption":"SHEZAMME - Sneakersy, Streetwear i luksusowe marki"},"image":{"@id":"https:\/\/shezamme.com\/#\/schema\/logo\/image\/"},"sameAs":["https:\/\/www.facebook.com\/SHEZAMME\/","https:\/\/x.com\/SHEZAMME","https:\/\/www.instagram.com\/shezamme\/","https:\/\/www.youtube.com\/channel\/UCsTJxi_9fODHdO_1bmJbqvQ","https:\/\/www.tiktok.com\/shezamme.com"]}]}},"brands":[{"id":776,"name":"HYPEPOSTERS","slug":"hypeposters"}],"_links":{"self":[{"href":"https:\/\/shezamme.com\/en\/wp-json\/wp\/v2\/product\/18313","targetHints":{"allow":["GET"]}}],"collection":[{"href":"https:\/\/shezamme.com\/en\/wp-json\/wp\/v2\/product"}],"about":[{"href":"https:\/\/shezamme.com\/en\/wp-json\/wp\/v2\/types\/product"}],"wp:featuredmedia":[{"embeddable":true,"href":"https:\/\/shezamme.com\/en\/wp-json\/wp\/v2\/media\/17895"}],"wp:attachment":[{"href":"https:\/\/shezamme.com\/en\/wp-json\/wp\/v2\/media?parent=18313"}],"wp:term":[{"taxonomy":"pwb-brand","embeddable":true,"href":"https:\/\/shezamme.com\/en\/wp-json\/wp\/v2\/pwb-brand?post=18313"},{"taxonomy":"product_brand","embeddable":true,"href":"https:\/\/shezamme.com\/en\/wp-json\/wp\/v2\/product_brand?post=18313"},{"taxonomy":"product_cat","embeddable":true,"href":"https:\/\/shezamme.com\/en\/wp-json\/wp\/v2\/product_cat?post=18313"},{"taxonomy":"product_tag","embeddable":true,"href":"https:\/\/shezamme.com\/en\/wp-json\/wp\/v2\/product_tag?post=18313"}],"curies":[{"name":"wp","href":"https:\/\/api.w.org\/{rel}","templated":true}]}}