{"id":18307,"date":"2022-10-03T13:11:12","date_gmt":"2022-10-03T11:11:12","guid":{"rendered":"https:\/\/shezamme.com\/?post_type=product&#038;p=18307"},"modified":"2025-02-11T19:53:21","modified_gmt":"2025-02-11T18:53:21","slug":"obraz-air-force-1-x-supreme","status":"publish","type":"product","link":"https:\/\/shezamme.com\/en\/sklep\/obrazy\/obraz-air-force-1-x-supreme\/","title":{"rendered":"Obraz &#8222;Air Force 1 x Supreme&#8221;"},"content":{"rendered":"<p>Naklejka z wizerunkiem buta Nike Air Force 1 w kolaboracji z mark\u0105 streetwearow\u0105 Supreme to doskona\u0142y spos\u00f3b na wyr\u00f3\u017cnienie swojego laptopa, telefonu czy deskorolki. Ten popularny design to obowi\u0105zkowy element dla mi\u0142o\u015bnik\u00f3w sneakerhead kultury oraz kolekcjoner\u00f3w naklejek.<\/p>\n<p>Naklejka przedstawia kultowy model but\u00f3w Nike Air Force 1, kt\u00f3ry zosta\u0142 ozdobiony charakterystycznym logo marki Supreme. Wersja ta cieszy si\u0119 ogromnym zainteresowaniem ze strony fan\u00f3w obu marek, a naklejka z tym motywem z pewno\u015bci\u0105 przyci\u0105gnie uwag\u0119 os\u00f3b, kt\u00f3re podzielaj\u0105 t\u0119 pasj\u0119.<\/p>\n<p>Naklejka wykonana jest z trwa\u0142ego materia\u0142u i posiada wodoodporn\u0105 pow\u0142ok\u0119, dzi\u0119ki czemu mo\u017cna j\u0105 naklei\u0107 na r\u00f3\u017cne powierzchnie, nie martwi\u0105c si\u0119 o zniszczenie wskutek wilgoci czy zabrudze\u0144. Jest to idealne rozwi\u0105zanie dla os\u00f3b, kt\u00f3re chc\u0105 ozdobi\u0107 sw\u00f3j sprz\u0119t w oryginalny spos\u00f3b, a jednocze\u015bnie zabezpieczy\u0107 go przed uszkodzeniami.<\/p>\n<p>Naklejka Air Force 1 x Supreme to nie tylko \u015bwietny spos\u00f3b na personalizacj\u0119 swojego sprz\u0119tu, ale tak\u017ce doskona\u0142y spos\u00f3b na wyra\u017cenie swojego stylu oraz przynale\u017cno\u015bci do subkultury sneakerhead\u00f3w. Naklejka ta stanowi r\u00f3wnie\u017c doskona\u0142y prezent dla mi\u0142o\u015bnika streetwearu i obuwia sportowego.<\/p>","protected":false},"excerpt":{"rendered":"<p>Obraz na p\u0142\u00f3tnie Air Force 1 x Supreme<br \/>\nPremium quality<br \/>\nMounting kit included<br \/>\nMade in Poland<br \/>\nMade by: Natalia Mazi\u0144ska<\/p>","protected":false},"featured_media":17784,"template":"","meta":{"_acf_changed":false,"_yoast_wpseo_focuskw":"Obraz \"Air Force 1 x Supreme\"","_yoast_wpseo_title":"","_yoast_wpseo_metadesc":""},"pwb-brand":[776],"product_brand":[],"product_cat":[424],"product_tag":[],"class_list":{"0":"post-18307","1":"product","2":"type-product","3":"status-publish","4":"has-post-thumbnail","6":"pwb-brand-hypeplakaty","7":"product_cat-obrazy","9":"first","10":"instock","11":"taxable","12":"shipping-taxable","13":"purchasable","14":"product-type-variable","15":"has-default-attributes"},"acf":[],"yoast_head":"<!-- This site is optimized with the Yoast SEO plugin v27.4 - https:\/\/yoast.com\/product\/yoast-seo-wordpress\/ -->\n<title>Obraz &quot;Air Force 1 x Supreme&quot; - SHEZAMME<\/title>\n<meta name=\"description\" content=\"Obraz &quot;Air Force 1 x Supreme&quot; | Luksusowe i autentyczne przedmioty w jednym miejscu. B\u0105d\u017a na bie\u017c\u0105co i sprawd\u017a nasz\u0105 ofert\u0119 ju\u017c teraz\" \/>\n<meta name=\"robots\" content=\"index, follow, max-snippet:-1, max-image-preview:large, max-video-preview:-1\" \/>\n<link rel=\"canonical\" href=\"https:\/\/shezamme.com\/en\/sklep\/pictures\/obraz-air-force-1-x-supreme\/\" \/>\n<meta property=\"og:locale\" content=\"en_US\" \/>\n<meta property=\"og:type\" content=\"article\" \/>\n<meta property=\"og:title\" content=\"Obraz &quot;Air Force 1 x Supreme&quot; - SHEZAMME\" \/>\n<meta property=\"og:description\" content=\"Obraz &quot;Air Force 1 x Supreme&quot; | Luksusowe i autentyczne przedmioty w jednym miejscu. B\u0105d\u017a na bie\u017c\u0105co i sprawd\u017a nasz\u0105 ofert\u0119 ju\u017c teraz\" \/>\n<meta property=\"og:url\" content=\"https:\/\/shezamme.com\/en\/sklep\/pictures\/obraz-air-force-1-x-supreme\/\" \/>\n<meta property=\"og:site_name\" content=\"SHEZAMME - Yeezy, Jordan, Supreme i inne oryginalne rzeczy\" \/>\n<meta property=\"article:publisher\" content=\"https:\/\/www.facebook.com\/SHEZAMME\/\" \/>\n<meta property=\"article:modified_time\" content=\"2025-02-11T18:53:21+00:00\" \/>\n<meta property=\"og:image\" content=\"https:\/\/shezamme.com\/wp-content\/uploads\/2022\/09\/hypeplakaty_poster_af1sup.jpg\" \/>\n\t<meta property=\"og:image:width\" content=\"1440\" \/>\n\t<meta property=\"og:image:height\" content=\"1440\" \/>\n\t<meta property=\"og:image:type\" content=\"image\/jpeg\" \/>\n<meta name=\"twitter:card\" content=\"summary_large_image\" \/>\n<meta name=\"twitter:site\" content=\"@SHEZAMME\" \/>\n<meta name=\"twitter:label1\" content=\"Est. reading time\" \/>\n\t<meta name=\"twitter:data1\" content=\"1 minute\" \/>\n<script type=\"application\/ld+json\" class=\"yoast-schema-graph\">{\"@context\":\"https:\\\/\\\/schema.org\",\"@graph\":[{\"@type\":\"WebPage\",\"@id\":\"https:\\\/\\\/shezamme.com\\\/sklep\\\/obrazy\\\/obraz-air-force-1-x-supreme\\\/\",\"url\":\"https:\\\/\\\/shezamme.com\\\/sklep\\\/obrazy\\\/obraz-air-force-1-x-supreme\\\/\",\"name\":\"Obraz \\\"Air Force 1 x Supreme\\\" - SHEZAMME\",\"isPartOf\":{\"@id\":\"https:\\\/\\\/shezamme.com\\\/#website\"},\"primaryImageOfPage\":{\"@id\":\"https:\\\/\\\/shezamme.com\\\/sklep\\\/obrazy\\\/obraz-air-force-1-x-supreme\\\/#primaryimage\"},\"image\":{\"@id\":\"https:\\\/\\\/shezamme.com\\\/sklep\\\/obrazy\\\/obraz-air-force-1-x-supreme\\\/#primaryimage\"},\"thumbnailUrl\":\"https:\\\/\\\/shezamme.com\\\/wp-content\\\/uploads\\\/2022\\\/09\\\/hypeplakaty_poster_af1sup.jpg\",\"datePublished\":\"2022-10-03T11:11:12+00:00\",\"dateModified\":\"2025-02-11T18:53:21+00:00\",\"description\":\"Obraz \\\"Air Force 1 x Supreme\\\" | Luksusowe i autentyczne przedmioty w jednym miejscu. B\u0105d\u017a na bie\u017c\u0105co i sprawd\u017a nasz\u0105 ofert\u0119 ju\u017c teraz\",\"breadcrumb\":{\"@id\":\"https:\\\/\\\/shezamme.com\\\/sklep\\\/obrazy\\\/obraz-air-force-1-x-supreme\\\/#breadcrumb\"},\"inLanguage\":\"en-US\",\"potentialAction\":[{\"@type\":\"ReadAction\",\"target\":[\"https:\\\/\\\/shezamme.com\\\/sklep\\\/obrazy\\\/obraz-air-force-1-x-supreme\\\/\"]}]},{\"@type\":\"ImageObject\",\"inLanguage\":\"en-US\",\"@id\":\"https:\\\/\\\/shezamme.com\\\/sklep\\\/obrazy\\\/obraz-air-force-1-x-supreme\\\/#primaryimage\",\"url\":\"https:\\\/\\\/shezamme.com\\\/wp-content\\\/uploads\\\/2022\\\/09\\\/hypeplakaty_poster_af1sup.jpg\",\"contentUrl\":\"https:\\\/\\\/shezamme.com\\\/wp-content\\\/uploads\\\/2022\\\/09\\\/hypeplakaty_poster_af1sup.jpg\",\"width\":1440,\"height\":1440,\"caption\":\"Obraz &#8220;Air Force 1 x Supreme&#8221;\"},{\"@type\":\"BreadcrumbList\",\"@id\":\"https:\\\/\\\/shezamme.com\\\/sklep\\\/obrazy\\\/obraz-air-force-1-x-supreme\\\/#breadcrumb\",\"itemListElement\":[{\"@type\":\"ListItem\",\"position\":1,\"name\":\"Strona g\u0142\u00f3wna\",\"item\":\"https:\\\/\\\/shezamme.com\\\/\"},{\"@type\":\"ListItem\",\"position\":2,\"name\":\"Sklep\",\"item\":\"https:\\\/\\\/shezamme.com\\\/en\\\/sklep\\\/\"},{\"@type\":\"ListItem\",\"position\":3,\"name\":\"Obraz &#8220;Air Force 1 x Supreme&#8221;\"}]},{\"@type\":\"WebSite\",\"@id\":\"https:\\\/\\\/shezamme.com\\\/#website\",\"url\":\"https:\\\/\\\/shezamme.com\\\/\",\"name\":\"SHEZAMME - Sneakersy, Streetwear i luksusowe marki\",\"description\":\"Oryginalne i ekskluzywne przedmioty w jednym miejscu. Sprawd\u017a nasze produkty ju\u017c teraz i b\u0105d\u017a na bie\u017c\u0105co z wszystkimi premierami.\",\"publisher\":{\"@id\":\"https:\\\/\\\/shezamme.com\\\/#organization\"},\"potentialAction\":[{\"@type\":\"SearchAction\",\"target\":{\"@type\":\"EntryPoint\",\"urlTemplate\":\"https:\\\/\\\/shezamme.com\\\/?s={search_term_string}\"},\"query-input\":{\"@type\":\"PropertyValueSpecification\",\"valueRequired\":true,\"valueName\":\"search_term_string\"}}],\"inLanguage\":\"en-US\"},{\"@type\":\"Organization\",\"@id\":\"https:\\\/\\\/shezamme.com\\\/#organization\",\"name\":\"SHEZAMME - Sneakersy, Streetwear i luksusowe marki\",\"url\":\"https:\\\/\\\/shezamme.com\\\/\",\"logo\":{\"@type\":\"ImageObject\",\"inLanguage\":\"en-US\",\"@id\":\"https:\\\/\\\/shezamme.com\\\/#\\\/schema\\\/logo\\\/image\\\/\",\"url\":\"https:\\\/\\\/shezamme.com\\\/wp-content\\\/uploads\\\/2023\\\/02\\\/0x0.png\",\"contentUrl\":\"https:\\\/\\\/shezamme.com\\\/wp-content\\\/uploads\\\/2023\\\/02\\\/0x0.png\",\"width\":2000,\"height\":2000,\"caption\":\"SHEZAMME - Sneakersy, Streetwear i luksusowe marki\"},\"image\":{\"@id\":\"https:\\\/\\\/shezamme.com\\\/#\\\/schema\\\/logo\\\/image\\\/\"},\"sameAs\":[\"https:\\\/\\\/www.facebook.com\\\/SHEZAMME\\\/\",\"https:\\\/\\\/x.com\\\/SHEZAMME\",\"https:\\\/\\\/www.instagram.com\\\/shezamme\\\/\",\"https:\\\/\\\/www.youtube.com\\\/channel\\\/UCsTJxi_9fODHdO_1bmJbqvQ\",\"https:\\\/\\\/www.tiktok.com\\\/shezamme.com\"]}]}<\/script>\n<!-- \/ Yoast SEO plugin. -->","yoast_head_json":{"title":"Obraz \"Air Force 1 x Supreme\" - SHEZAMME","description":"Obraz \"Air Force 1 x Supreme\" | Luksusowe i autentyczne przedmioty w jednym miejscu. B\u0105d\u017a na bie\u017c\u0105co i sprawd\u017a nasz\u0105 ofert\u0119 ju\u017c teraz","robots":{"index":"index","follow":"follow","max-snippet":"max-snippet:-1","max-image-preview":"max-image-preview:large","max-video-preview":"max-video-preview:-1"},"canonical":"https:\/\/shezamme.com\/en\/sklep\/pictures\/obraz-air-force-1-x-supreme\/","og_locale":"en_US","og_type":"article","og_title":"Obraz \"Air Force 1 x Supreme\" - SHEZAMME","og_description":"Obraz \"Air Force 1 x Supreme\" | Luksusowe i autentyczne przedmioty w jednym miejscu. B\u0105d\u017a na bie\u017c\u0105co i sprawd\u017a nasz\u0105 ofert\u0119 ju\u017c teraz","og_url":"https:\/\/shezamme.com\/en\/sklep\/pictures\/obraz-air-force-1-x-supreme\/","og_site_name":"SHEZAMME - Yeezy, Jordan, Supreme i inne oryginalne rzeczy","article_publisher":"https:\/\/www.facebook.com\/SHEZAMME\/","article_modified_time":"2025-02-11T18:53:21+00:00","og_image":[{"width":1440,"height":1440,"url":"https:\/\/shezamme.com\/wp-content\/uploads\/2022\/09\/hypeplakaty_poster_af1sup.jpg","type":"image\/jpeg"}],"twitter_card":"summary_large_image","twitter_site":"@SHEZAMME","twitter_misc":{"Est. reading time":"1 minute"},"schema":{"@context":"https:\/\/schema.org","@graph":[{"@type":"WebPage","@id":"https:\/\/shezamme.com\/sklep\/obrazy\/obraz-air-force-1-x-supreme\/","url":"https:\/\/shezamme.com\/sklep\/obrazy\/obraz-air-force-1-x-supreme\/","name":"Obraz \"Air Force 1 x Supreme\" - SHEZAMME","isPartOf":{"@id":"https:\/\/shezamme.com\/#website"},"primaryImageOfPage":{"@id":"https:\/\/shezamme.com\/sklep\/obrazy\/obraz-air-force-1-x-supreme\/#primaryimage"},"image":{"@id":"https:\/\/shezamme.com\/sklep\/obrazy\/obraz-air-force-1-x-supreme\/#primaryimage"},"thumbnailUrl":"https:\/\/shezamme.com\/wp-content\/uploads\/2022\/09\/hypeplakaty_poster_af1sup.jpg","datePublished":"2022-10-03T11:11:12+00:00","dateModified":"2025-02-11T18:53:21+00:00","description":"Obraz \"Air Force 1 x Supreme\" | Luksusowe i autentyczne przedmioty w jednym miejscu. B\u0105d\u017a na bie\u017c\u0105co i sprawd\u017a nasz\u0105 ofert\u0119 ju\u017c teraz","breadcrumb":{"@id":"https:\/\/shezamme.com\/sklep\/obrazy\/obraz-air-force-1-x-supreme\/#breadcrumb"},"inLanguage":"en-US","potentialAction":[{"@type":"ReadAction","target":["https:\/\/shezamme.com\/sklep\/obrazy\/obraz-air-force-1-x-supreme\/"]}]},{"@type":"ImageObject","inLanguage":"en-US","@id":"https:\/\/shezamme.com\/sklep\/obrazy\/obraz-air-force-1-x-supreme\/#primaryimage","url":"https:\/\/shezamme.com\/wp-content\/uploads\/2022\/09\/hypeplakaty_poster_af1sup.jpg","contentUrl":"https:\/\/shezamme.com\/wp-content\/uploads\/2022\/09\/hypeplakaty_poster_af1sup.jpg","width":1440,"height":1440,"caption":"Obraz &#8220;Air Force 1 x Supreme&#8221;"},{"@type":"BreadcrumbList","@id":"https:\/\/shezamme.com\/sklep\/obrazy\/obraz-air-force-1-x-supreme\/#breadcrumb","itemListElement":[{"@type":"ListItem","position":1,"name":"Strona g\u0142\u00f3wna","item":"https:\/\/shezamme.com\/"},{"@type":"ListItem","position":2,"name":"Sklep","item":"https:\/\/shezamme.com\/en\/sklep\/"},{"@type":"ListItem","position":3,"name":"Obraz &#8220;Air Force 1 x Supreme&#8221;"}]},{"@type":"WebSite","@id":"https:\/\/shezamme.com\/#website","url":"https:\/\/shezamme.com\/","name":"SHEZAMME - Sneakers, Streetwear and luxury brands","description":"Original and exclusive items in one place. Check out our products now and stay up to date with all launches.","publisher":{"@id":"https:\/\/shezamme.com\/#organization"},"potentialAction":[{"@type":"SearchAction","target":{"@type":"EntryPoint","urlTemplate":"https:\/\/shezamme.com\/?s={search_term_string}"},"query-input":{"@type":"PropertyValueSpecification","valueRequired":true,"valueName":"search_term_string"}}],"inLanguage":"en-US"},{"@type":"Organization","@id":"https:\/\/shezamme.com\/#organization","name":"SHEZAMME - Sneakers, Streetwear and luxury brands","url":"https:\/\/shezamme.com\/","logo":{"@type":"ImageObject","inLanguage":"en-US","@id":"https:\/\/shezamme.com\/#\/schema\/logo\/image\/","url":"https:\/\/shezamme.com\/wp-content\/uploads\/2023\/02\/0x0.png","contentUrl":"https:\/\/shezamme.com\/wp-content\/uploads\/2023\/02\/0x0.png","width":2000,"height":2000,"caption":"SHEZAMME - Sneakersy, Streetwear i luksusowe marki"},"image":{"@id":"https:\/\/shezamme.com\/#\/schema\/logo\/image\/"},"sameAs":["https:\/\/www.facebook.com\/SHEZAMME\/","https:\/\/x.com\/SHEZAMME","https:\/\/www.instagram.com\/shezamme\/","https:\/\/www.youtube.com\/channel\/UCsTJxi_9fODHdO_1bmJbqvQ","https:\/\/www.tiktok.com\/shezamme.com"]}]}},"brands":[{"id":776,"name":"HYPEPOSTERS","slug":"hypeposters"}],"_links":{"self":[{"href":"https:\/\/shezamme.com\/en\/wp-json\/wp\/v2\/product\/18307","targetHints":{"allow":["GET"]}}],"collection":[{"href":"https:\/\/shezamme.com\/en\/wp-json\/wp\/v2\/product"}],"about":[{"href":"https:\/\/shezamme.com\/en\/wp-json\/wp\/v2\/types\/product"}],"wp:featuredmedia":[{"embeddable":true,"href":"https:\/\/shezamme.com\/en\/wp-json\/wp\/v2\/media\/17784"}],"wp:attachment":[{"href":"https:\/\/shezamme.com\/en\/wp-json\/wp\/v2\/media?parent=18307"}],"wp:term":[{"taxonomy":"pwb-brand","embeddable":true,"href":"https:\/\/shezamme.com\/en\/wp-json\/wp\/v2\/pwb-brand?post=18307"},{"taxonomy":"product_brand","embeddable":true,"href":"https:\/\/shezamme.com\/en\/wp-json\/wp\/v2\/product_brand?post=18307"},{"taxonomy":"product_cat","embeddable":true,"href":"https:\/\/shezamme.com\/en\/wp-json\/wp\/v2\/product_cat?post=18307"},{"taxonomy":"product_tag","embeddable":true,"href":"https:\/\/shezamme.com\/en\/wp-json\/wp\/v2\/product_tag?post=18307"}],"curies":[{"name":"wp","href":"https:\/\/api.w.org\/{rel}","templated":true}]}}