{"id":18302,"date":"2022-10-03T13:11:12","date_gmt":"2022-10-03T11:11:12","guid":{"rendered":"https:\/\/shezamme.com\/?post_type=product&#038;p=18302"},"modified":"2025-02-11T19:37:47","modified_gmt":"2025-02-11T18:37:47","slug":"obraz-jordan-1-low-travis-scott-x-fragment","status":"publish","type":"product","link":"https:\/\/shezamme.com\/en\/sklep\/obrazy\/obraz-jordan-1-low-travis-scott-x-fragment\/","title":{"rendered":"Obraz Jordan 1 Low &#8222;Travis Scott x Fragment&#8221;"},"content":{"rendered":"<p>Obraz Jordan 1 Low &#8222;Travis Scott x Fragment&#8221; to niezwykle stylowa naklejka streetwearowa, kt\u00f3ra zapewne przyci\u0105gnie uwag\u0119 mi\u0142o\u015bnik\u00f3w mody ulicznej i sneakerheads. Ta wersja naklejki przedstawia ikoniczne buty Jordan 1 Low w kolorystyce stworzonej we wsp\u00f3\u0142pracy z Travisem Scottem i Fragment Design. Model ten jest jednym z najbardziej po\u017c\u0105danych na rynku i uwa\u017cany jest za prawdziw\u0105 pere\u0142k\u0119 w \u015bwiecie streetwearu.<\/p>\n<p>Naklejka jest wykonana z trwa\u0142ego i odpornego na zniszczenia materia\u0142u, co gwarantuje d\u0142ugotrwa\u0142e u\u017cytkowanie bez ryzyka uszkodze\u0144. Jest \u0142atwa do naklejenia i usuwania, dzi\u0119ki czemu mo\u017cna j\u0105 wykorzysta\u0107 wielokrotnie, w zale\u017cno\u015bci od preferencji u\u017cytkownika.<\/p>\n<p>Obraz Jordan 1 Low &#8222;Travis Scott x Fragment&#8221; jest idealnym dope\u0142nieniem stylizacji ulicznej i mo\u017ce by\u0107 doskona\u0142ym prezentem dla ka\u017cdego, kto interesuje si\u0119 mod\u0105 streetwear. Wzbogaci ona ka\u017cd\u0105 kolekcj\u0119 sneaker\u00f3w i b\u0119dzie stanowi\u0107 doskona\u0142e uzupe\u0142nienie dla but\u00f3w Jordan 1 Low lub innych modeli z gamy Jordan.<\/p>\n<p>Ta wyj\u0105tkowa naklejka streetwearowa zapewni mi\u0142o\u015bnikom mody ulicznej wyj\u0105tkow\u0105 stylizacj\u0119, kt\u00f3ra z pewno\u015bci\u0105 przyci\u0105gnie uwag\u0119 innych. To nie tylko cenny dodatek dla sneakerheads, ale r\u00f3wnie\u017c element, kt\u00f3ry pozwoli wyr\u00f3\u017cni\u0107 si\u0119 z t\u0142umu.<\/p>","protected":false},"excerpt":{"rendered":"<p>Obraz na p\u0142\u00f3tnie Jordan 1 Low Travis Scott x Fragment<br \/>\nPremium quality<br \/>\nMounting kit included<br \/>\nMade in Poland<br \/>\nMade by: Natalia Mazi\u0144ska<\/p>","protected":false},"featured_media":17759,"template":"","meta":{"_acf_changed":false},"pwb-brand":[776],"product_brand":[],"product_cat":[424],"product_tag":[],"class_list":{"0":"post-18302","1":"product","2":"type-product","3":"status-publish","4":"has-post-thumbnail","6":"pwb-brand-hypeplakaty","7":"product_cat-obrazy","9":"first","10":"instock","11":"taxable","12":"shipping-taxable","13":"purchasable","14":"product-type-variable","15":"has-default-attributes"},"acf":[],"yoast_head":"<!-- This site is optimized with the Yoast SEO plugin v27.2 - https:\/\/yoast.com\/product\/yoast-seo-wordpress\/ -->\n<title>Obraz Jordan 1 Low &quot;Travis Scott x Fragment&quot; - SHEZAMME<\/title>\n<meta name=\"description\" content=\"Obraz Jordan 1 Low &quot;Travis Scott x Fragment&quot; | Luksusowe i autentyczne przedmioty w jednym miejscu. B\u0105d\u017a na bie\u017c\u0105co i sprawd\u017a nasz\u0105 ofert\u0119 ju\u017c teraz\" \/>\n<meta name=\"robots\" content=\"index, follow, max-snippet:-1, max-image-preview:large, max-video-preview:-1\" \/>\n<link rel=\"canonical\" href=\"https:\/\/shezamme.com\/en\/sklep\/pictures\/obraz-jordan-1-low-travis-scott-x-fragment\/\" \/>\n<meta property=\"og:locale\" content=\"en_US\" \/>\n<meta property=\"og:type\" content=\"article\" \/>\n<meta property=\"og:title\" content=\"Obraz Jordan 1 Low &quot;Travis Scott x Fragment&quot; - SHEZAMME\" \/>\n<meta property=\"og:description\" content=\"Obraz Jordan 1 Low &quot;Travis Scott x Fragment&quot; | Luksusowe i autentyczne przedmioty w jednym miejscu. B\u0105d\u017a na bie\u017c\u0105co i sprawd\u017a nasz\u0105 ofert\u0119 ju\u017c teraz\" \/>\n<meta property=\"og:url\" content=\"https:\/\/shezamme.com\/en\/sklep\/pictures\/obraz-jordan-1-low-travis-scott-x-fragment\/\" \/>\n<meta property=\"og:site_name\" content=\"SHEZAMME - Yeezy, Jordan, Supreme i inne oryginalne rzeczy\" \/>\n<meta property=\"article:publisher\" content=\"https:\/\/www.facebook.com\/SHEZAMME\/\" \/>\n<meta property=\"article:modified_time\" content=\"2025-02-11T18:37:47+00:00\" \/>\n<meta property=\"og:image\" content=\"https:\/\/shezamme.com\/wp-content\/uploads\/2022\/09\/hypeplakaty_poster_dunktravisfragment.jpg\" \/>\n\t<meta property=\"og:image:width\" content=\"1440\" \/>\n\t<meta property=\"og:image:height\" content=\"1440\" \/>\n\t<meta property=\"og:image:type\" content=\"image\/jpeg\" \/>\n<meta name=\"twitter:card\" content=\"summary_large_image\" \/>\n<meta name=\"twitter:site\" content=\"@SHEZAMME\" \/>\n<meta name=\"twitter:label1\" content=\"Est. reading time\" \/>\n\t<meta name=\"twitter:data1\" content=\"1 minute\" \/>\n<script type=\"application\/ld+json\" class=\"yoast-schema-graph\">{\"@context\":\"https:\/\/schema.org\",\"@graph\":[{\"@type\":\"WebPage\",\"@id\":\"https:\/\/shezamme.com\/sklep\/obrazy\/obraz-jordan-1-low-travis-scott-x-fragment\/\",\"url\":\"https:\/\/shezamme.com\/sklep\/obrazy\/obraz-jordan-1-low-travis-scott-x-fragment\/\",\"name\":\"Obraz Jordan 1 Low \\\"Travis Scott x Fragment\\\" - SHEZAMME\",\"isPartOf\":{\"@id\":\"https:\/\/shezamme.com\/#website\"},\"primaryImageOfPage\":{\"@id\":\"https:\/\/shezamme.com\/sklep\/obrazy\/obraz-jordan-1-low-travis-scott-x-fragment\/#primaryimage\"},\"image\":{\"@id\":\"https:\/\/shezamme.com\/sklep\/obrazy\/obraz-jordan-1-low-travis-scott-x-fragment\/#primaryimage\"},\"thumbnailUrl\":\"https:\/\/shezamme.com\/wp-content\/uploads\/2022\/09\/hypeplakaty_poster_dunktravisfragment.jpg\",\"datePublished\":\"2022-10-03T11:11:12+00:00\",\"dateModified\":\"2025-02-11T18:37:47+00:00\",\"description\":\"Obraz Jordan 1 Low \\\"Travis Scott x Fragment\\\" | Luksusowe i autentyczne przedmioty w jednym miejscu. B\u0105d\u017a na bie\u017c\u0105co i sprawd\u017a nasz\u0105 ofert\u0119 ju\u017c teraz\",\"breadcrumb\":{\"@id\":\"https:\/\/shezamme.com\/sklep\/obrazy\/obraz-jordan-1-low-travis-scott-x-fragment\/#breadcrumb\"},\"inLanguage\":\"en-US\",\"potentialAction\":[{\"@type\":\"ReadAction\",\"target\":[\"https:\/\/shezamme.com\/sklep\/obrazy\/obraz-jordan-1-low-travis-scott-x-fragment\/\"]}]},{\"@type\":\"ImageObject\",\"inLanguage\":\"en-US\",\"@id\":\"https:\/\/shezamme.com\/sklep\/obrazy\/obraz-jordan-1-low-travis-scott-x-fragment\/#primaryimage\",\"url\":\"https:\/\/shezamme.com\/wp-content\/uploads\/2022\/09\/hypeplakaty_poster_dunktravisfragment.jpg\",\"contentUrl\":\"https:\/\/shezamme.com\/wp-content\/uploads\/2022\/09\/hypeplakaty_poster_dunktravisfragment.jpg\",\"width\":1440,\"height\":1440,\"caption\":\"Obraz Jordan 1 Low &#8220;Travis Scott x Fragment&#8221;\"},{\"@type\":\"BreadcrumbList\",\"@id\":\"https:\/\/shezamme.com\/sklep\/obrazy\/obraz-jordan-1-low-travis-scott-x-fragment\/#breadcrumb\",\"itemListElement\":[{\"@type\":\"ListItem\",\"position\":1,\"name\":\"Strona g\u0142\u00f3wna\",\"item\":\"https:\/\/shezamme.com\/\"},{\"@type\":\"ListItem\",\"position\":2,\"name\":\"Sklep\",\"item\":\"https:\/\/shezamme.com\/sklep\/\"},{\"@type\":\"ListItem\",\"position\":3,\"name\":\"Obraz Jordan 1 Low &#8220;Travis Scott x Fragment&#8221;\"}]},{\"@type\":\"WebSite\",\"@id\":\"https:\/\/shezamme.com\/#website\",\"url\":\"https:\/\/shezamme.com\/\",\"name\":\"SHEZAMME - Sneakersy, Streetwear i luksusowe marki\",\"description\":\"Oryginalne i ekskluzywne przedmioty w jednym miejscu. Sprawd\u017a nasze produkty ju\u017c teraz i b\u0105d\u017a na bie\u017c\u0105co z wszystkimi premierami.\",\"publisher\":{\"@id\":\"https:\/\/shezamme.com\/#organization\"},\"potentialAction\":[{\"@type\":\"SearchAction\",\"target\":{\"@type\":\"EntryPoint\",\"urlTemplate\":\"https:\/\/shezamme.com\/?s={search_term_string}\"},\"query-input\":{\"@type\":\"PropertyValueSpecification\",\"valueRequired\":true,\"valueName\":\"search_term_string\"}}],\"inLanguage\":\"en-US\"},{\"@type\":\"Organization\",\"@id\":\"https:\/\/shezamme.com\/#organization\",\"name\":\"SHEZAMME - Sneakersy, Streetwear i luksusowe marki\",\"url\":\"https:\/\/shezamme.com\/\",\"logo\":{\"@type\":\"ImageObject\",\"inLanguage\":\"en-US\",\"@id\":\"https:\/\/shezamme.com\/#\/schema\/logo\/image\/\",\"url\":\"https:\/\/shezamme.com\/wp-content\/uploads\/2023\/02\/0x0.png\",\"contentUrl\":\"https:\/\/shezamme.com\/wp-content\/uploads\/2023\/02\/0x0.png\",\"width\":2000,\"height\":2000,\"caption\":\"SHEZAMME - Sneakersy, Streetwear i luksusowe marki\"},\"image\":{\"@id\":\"https:\/\/shezamme.com\/#\/schema\/logo\/image\/\"},\"sameAs\":[\"https:\/\/www.facebook.com\/SHEZAMME\/\",\"https:\/\/x.com\/SHEZAMME\",\"https:\/\/www.instagram.com\/shezamme\/\",\"https:\/\/www.youtube.com\/channel\/UCsTJxi_9fODHdO_1bmJbqvQ\",\"https:\/\/www.tiktok.com\/shezamme.com\"]}]}<\/script>\n<!-- \/ Yoast SEO plugin. -->","yoast_head_json":{"title":"Obraz Jordan 1 Low \"Travis Scott x Fragment\" - SHEZAMME","description":"Obraz Jordan 1 Low \"Travis Scott x Fragment\" | Luksusowe i autentyczne przedmioty w jednym miejscu. B\u0105d\u017a na bie\u017c\u0105co i sprawd\u017a nasz\u0105 ofert\u0119 ju\u017c teraz","robots":{"index":"index","follow":"follow","max-snippet":"max-snippet:-1","max-image-preview":"max-image-preview:large","max-video-preview":"max-video-preview:-1"},"canonical":"https:\/\/shezamme.com\/en\/sklep\/pictures\/obraz-jordan-1-low-travis-scott-x-fragment\/","og_locale":"en_US","og_type":"article","og_title":"Obraz Jordan 1 Low \"Travis Scott x Fragment\" - SHEZAMME","og_description":"Obraz Jordan 1 Low \"Travis Scott x Fragment\" | Luksusowe i autentyczne przedmioty w jednym miejscu. B\u0105d\u017a na bie\u017c\u0105co i sprawd\u017a nasz\u0105 ofert\u0119 ju\u017c teraz","og_url":"https:\/\/shezamme.com\/en\/sklep\/pictures\/obraz-jordan-1-low-travis-scott-x-fragment\/","og_site_name":"SHEZAMME - Yeezy, Jordan, Supreme i inne oryginalne rzeczy","article_publisher":"https:\/\/www.facebook.com\/SHEZAMME\/","article_modified_time":"2025-02-11T18:37:47+00:00","og_image":[{"width":1440,"height":1440,"url":"https:\/\/shezamme.com\/wp-content\/uploads\/2022\/09\/hypeplakaty_poster_dunktravisfragment.jpg","type":"image\/jpeg"}],"twitter_card":"summary_large_image","twitter_site":"@SHEZAMME","twitter_misc":{"Est. reading time":"1 minute"},"schema":{"@context":"https:\/\/schema.org","@graph":[{"@type":"WebPage","@id":"https:\/\/shezamme.com\/sklep\/obrazy\/obraz-jordan-1-low-travis-scott-x-fragment\/","url":"https:\/\/shezamme.com\/sklep\/obrazy\/obraz-jordan-1-low-travis-scott-x-fragment\/","name":"Obraz Jordan 1 Low \"Travis Scott x Fragment\" - SHEZAMME","isPartOf":{"@id":"https:\/\/shezamme.com\/#website"},"primaryImageOfPage":{"@id":"https:\/\/shezamme.com\/sklep\/obrazy\/obraz-jordan-1-low-travis-scott-x-fragment\/#primaryimage"},"image":{"@id":"https:\/\/shezamme.com\/sklep\/obrazy\/obraz-jordan-1-low-travis-scott-x-fragment\/#primaryimage"},"thumbnailUrl":"https:\/\/shezamme.com\/wp-content\/uploads\/2022\/09\/hypeplakaty_poster_dunktravisfragment.jpg","datePublished":"2022-10-03T11:11:12+00:00","dateModified":"2025-02-11T18:37:47+00:00","description":"Obraz Jordan 1 Low \"Travis Scott x Fragment\" | Luksusowe i autentyczne przedmioty w jednym miejscu. B\u0105d\u017a na bie\u017c\u0105co i sprawd\u017a nasz\u0105 ofert\u0119 ju\u017c teraz","breadcrumb":{"@id":"https:\/\/shezamme.com\/sklep\/obrazy\/obraz-jordan-1-low-travis-scott-x-fragment\/#breadcrumb"},"inLanguage":"en-US","potentialAction":[{"@type":"ReadAction","target":["https:\/\/shezamme.com\/sklep\/obrazy\/obraz-jordan-1-low-travis-scott-x-fragment\/"]}]},{"@type":"ImageObject","inLanguage":"en-US","@id":"https:\/\/shezamme.com\/sklep\/obrazy\/obraz-jordan-1-low-travis-scott-x-fragment\/#primaryimage","url":"https:\/\/shezamme.com\/wp-content\/uploads\/2022\/09\/hypeplakaty_poster_dunktravisfragment.jpg","contentUrl":"https:\/\/shezamme.com\/wp-content\/uploads\/2022\/09\/hypeplakaty_poster_dunktravisfragment.jpg","width":1440,"height":1440,"caption":"Obraz Jordan 1 Low &#8220;Travis Scott x Fragment&#8221;"},{"@type":"BreadcrumbList","@id":"https:\/\/shezamme.com\/sklep\/obrazy\/obraz-jordan-1-low-travis-scott-x-fragment\/#breadcrumb","itemListElement":[{"@type":"ListItem","position":1,"name":"Strona g\u0142\u00f3wna","item":"https:\/\/shezamme.com\/"},{"@type":"ListItem","position":2,"name":"Sklep","item":"https:\/\/shezamme.com\/sklep\/"},{"@type":"ListItem","position":3,"name":"Obraz Jordan 1 Low &#8220;Travis Scott x Fragment&#8221;"}]},{"@type":"WebSite","@id":"https:\/\/shezamme.com\/#website","url":"https:\/\/shezamme.com\/","name":"SHEZAMME - Sneakers, Streetwear and luxury brands","description":"Original and exclusive items in one place. Check out our products now and stay up to date with all launches.","publisher":{"@id":"https:\/\/shezamme.com\/#organization"},"potentialAction":[{"@type":"SearchAction","target":{"@type":"EntryPoint","urlTemplate":"https:\/\/shezamme.com\/?s={search_term_string}"},"query-input":{"@type":"PropertyValueSpecification","valueRequired":true,"valueName":"search_term_string"}}],"inLanguage":"en-US"},{"@type":"Organization","@id":"https:\/\/shezamme.com\/#organization","name":"SHEZAMME - Sneakers, Streetwear and luxury brands","url":"https:\/\/shezamme.com\/","logo":{"@type":"ImageObject","inLanguage":"en-US","@id":"https:\/\/shezamme.com\/#\/schema\/logo\/image\/","url":"https:\/\/shezamme.com\/wp-content\/uploads\/2023\/02\/0x0.png","contentUrl":"https:\/\/shezamme.com\/wp-content\/uploads\/2023\/02\/0x0.png","width":2000,"height":2000,"caption":"SHEZAMME - Sneakersy, Streetwear i luksusowe marki"},"image":{"@id":"https:\/\/shezamme.com\/#\/schema\/logo\/image\/"},"sameAs":["https:\/\/www.facebook.com\/SHEZAMME\/","https:\/\/x.com\/SHEZAMME","https:\/\/www.instagram.com\/shezamme\/","https:\/\/www.youtube.com\/channel\/UCsTJxi_9fODHdO_1bmJbqvQ","https:\/\/www.tiktok.com\/shezamme.com"]}]}},"brands":[{"id":776,"name":"HYPEPOSTERS","slug":"hypeposters"}],"_links":{"self":[{"href":"https:\/\/shezamme.com\/en\/wp-json\/wp\/v2\/product\/18302","targetHints":{"allow":["GET"]}}],"collection":[{"href":"https:\/\/shezamme.com\/en\/wp-json\/wp\/v2\/product"}],"about":[{"href":"https:\/\/shezamme.com\/en\/wp-json\/wp\/v2\/types\/product"}],"wp:featuredmedia":[{"embeddable":true,"href":"https:\/\/shezamme.com\/en\/wp-json\/wp\/v2\/media\/17759"}],"wp:attachment":[{"href":"https:\/\/shezamme.com\/en\/wp-json\/wp\/v2\/media?parent=18302"}],"wp:term":[{"taxonomy":"pwb-brand","embeddable":true,"href":"https:\/\/shezamme.com\/en\/wp-json\/wp\/v2\/pwb-brand?post=18302"},{"taxonomy":"product_brand","embeddable":true,"href":"https:\/\/shezamme.com\/en\/wp-json\/wp\/v2\/product_brand?post=18302"},{"taxonomy":"product_cat","embeddable":true,"href":"https:\/\/shezamme.com\/en\/wp-json\/wp\/v2\/product_cat?post=18302"},{"taxonomy":"product_tag","embeddable":true,"href":"https:\/\/shezamme.com\/en\/wp-json\/wp\/v2\/product_tag?post=18302"}],"curies":[{"name":"wp","href":"https:\/\/api.w.org\/{rel}","templated":true}]}}