{"id":18295,"date":"2022-10-03T13:11:11","date_gmt":"2022-10-03T11:11:11","guid":{"rendered":"https:\/\/shezamme.com\/?post_type=product&#038;p=18295"},"modified":"2025-02-11T19:54:51","modified_gmt":"2025-02-11T18:54:51","slug":"obraz-yeezy-500-chaos","status":"publish","type":"product","link":"https:\/\/shezamme.com\/en\/sklep\/obrazy\/obraz-yeezy-500-chaos\/","title":{"rendered":"Obraz Yeezy 500 &#8222;Chaos&#8221;"},"content":{"rendered":"<p>Obraz Yeezy 500 &#8222;Chaos&#8221; to absolutna gratka dla mi\u0142o\u015bnik\u00f3w sneaker culture i streetwearu. Model ten zosta\u0142 stworzony we wsp\u00f3\u0142pracy z producentem obuwia sportowego adidas i raperem Kanye Westem. Prezentowany obraz to idealna propozycja dla wszystkich, kt\u00f3rzy chcieliby w swoim wn\u0119trzu poczu\u0107 niepowtarzalny klimat kultowych but\u00f3w.<\/p>\n<p>Obraz Yeezy 500 &#8222;Chaos&#8221; to nie tylko po\u0142\u0105czenie stylu i elegancji, ale r\u00f3wnie\u017c ponadczasowej klasyki. Model ten charakteryzuje si\u0119 niskim wierzchem, wykonanym z zamszu oraz neoprenu, kt\u00f3re razem zapewniaj\u0105 idealne dopasowanie do stopy i niezwyk\u0142y komfort noszenia. Bia\u0142y pasek z przodu buta dodaje mu jeszcze bardziej nowoczesnego wygl\u0105du.<\/p>\n<p>Obraz ten wyr\u00f3\u017cnia si\u0119 oryginalnym wzornictwem, kt\u00f3re nawi\u0105zuje do motywu chaosu. Kolorystyka but\u00f3w, jak\u0105 znajdziemy na obrazie, to po\u0142\u0105czenie r\u00f3\u017cnych odcieni be\u017cu i br\u0105zu, co nadaje mu niezwykle modnego i designerskiego charakteru. Obraz ten stanowi doskona\u0142\u0105 ozdob\u0119 dla ka\u017cdego pomieszczenia, w kt\u00f3rym chcemy poczu\u0107 wyj\u0105tkowy klimat sneaker culture.<\/p>\n<p>Nie ma w\u0105tpliwo\u015bci, \u017ce obraz Yeezy 500 &#8222;Chaos&#8221; to idealny wyb\u00f3r dla wszystkich, kt\u00f3rzy ceni\u0105 sobie oryginalno\u015b\u0107 i styl. Dzi\u0119ki niemu mo\u017cna wprowadzi\u0107 do swojego wn\u0119trza niepowtarzalny klimat streetwearu i poczu\u0107 si\u0119 jak prawdziwy sneakerhead. Prezentowany obraz to nie tylko idealna dekoracja dla pokoj\u00f3w m\u0142odzie\u017cowych i sypialni, ale r\u00f3wnie\u017c dla salonu czy biura.<\/p>","protected":false},"excerpt":{"rendered":"<p>Obraz na p\u0142\u00f3tnie Yeezy 500 &#8222;Chaos&#8221;<br \/>\nPremium quality<br \/>\nMounting kit included<br \/>\nMade in Poland<br \/>\nMade by: Wiktoria Olanin @kendrickjarjar<\/p>","protected":false},"featured_media":17717,"template":"","meta":{"_acf_changed":false},"pwb-brand":[776],"product_brand":[],"product_cat":[424],"product_tag":[],"class_list":{"0":"post-18295","1":"product","2":"type-product","3":"status-publish","4":"has-post-thumbnail","6":"pwb-brand-hypeplakaty","7":"product_cat-obrazy","9":"first","10":"instock","11":"featured","12":"taxable","13":"shipping-taxable","14":"purchasable","15":"product-type-variable","16":"has-default-attributes"},"acf":[],"yoast_head":"<!-- This site is optimized with the Yoast SEO plugin v27.2 - https:\/\/yoast.com\/product\/yoast-seo-wordpress\/ -->\n<title>Obraz Yeezy 500 &quot;Chaos&quot; - SHEZAMME<\/title>\n<meta name=\"description\" content=\"Obraz Yeezy 500 &quot;Chaos&quot; | Luksusowe i autentyczne przedmioty w jednym miejscu. B\u0105d\u017a na bie\u017c\u0105co i sprawd\u017a nasz\u0105 ofert\u0119 ju\u017c teraz\" \/>\n<meta name=\"robots\" content=\"index, follow, max-snippet:-1, max-image-preview:large, max-video-preview:-1\" \/>\n<link rel=\"canonical\" href=\"https:\/\/shezamme.com\/en\/sklep\/pictures\/obraz-yeezy-500-chaos\/\" \/>\n<meta property=\"og:locale\" content=\"en_US\" \/>\n<meta property=\"og:type\" content=\"article\" \/>\n<meta property=\"og:title\" content=\"Obraz Yeezy 500 &quot;Chaos&quot; - SHEZAMME\" \/>\n<meta property=\"og:description\" content=\"Obraz Yeezy 500 &quot;Chaos&quot; | Luksusowe i autentyczne przedmioty w jednym miejscu. B\u0105d\u017a na bie\u017c\u0105co i sprawd\u017a nasz\u0105 ofert\u0119 ju\u017c teraz\" \/>\n<meta property=\"og:url\" content=\"https:\/\/shezamme.com\/en\/sklep\/pictures\/obraz-yeezy-500-chaos\/\" \/>\n<meta property=\"og:site_name\" content=\"SHEZAMME - Yeezy, Jordan, Supreme i inne oryginalne rzeczy\" \/>\n<meta property=\"article:publisher\" content=\"https:\/\/www.facebook.com\/SHEZAMME\/\" \/>\n<meta property=\"article:modified_time\" content=\"2025-02-11T18:54:51+00:00\" \/>\n<meta property=\"og:image\" content=\"https:\/\/shezamme.com\/wp-content\/uploads\/2022\/09\/hypeplakaty_pp_yz500chaos.jpg\" \/>\n\t<meta property=\"og:image:width\" content=\"1080\" \/>\n\t<meta property=\"og:image:height\" content=\"1080\" \/>\n\t<meta property=\"og:image:type\" content=\"image\/jpeg\" \/>\n<meta name=\"twitter:card\" content=\"summary_large_image\" \/>\n<meta name=\"twitter:site\" content=\"@SHEZAMME\" \/>\n<meta name=\"twitter:label1\" content=\"Est. reading time\" \/>\n\t<meta name=\"twitter:data1\" content=\"1 minute\" \/>\n<script type=\"application\/ld+json\" class=\"yoast-schema-graph\">{\"@context\":\"https:\/\/schema.org\",\"@graph\":[{\"@type\":\"WebPage\",\"@id\":\"https:\/\/shezamme.com\/sklep\/obrazy\/obraz-yeezy-500-chaos\/\",\"url\":\"https:\/\/shezamme.com\/sklep\/obrazy\/obraz-yeezy-500-chaos\/\",\"name\":\"Obraz Yeezy 500 \\\"Chaos\\\" - SHEZAMME\",\"isPartOf\":{\"@id\":\"https:\/\/shezamme.com\/#website\"},\"primaryImageOfPage\":{\"@id\":\"https:\/\/shezamme.com\/sklep\/obrazy\/obraz-yeezy-500-chaos\/#primaryimage\"},\"image\":{\"@id\":\"https:\/\/shezamme.com\/sklep\/obrazy\/obraz-yeezy-500-chaos\/#primaryimage\"},\"thumbnailUrl\":\"https:\/\/shezamme.com\/wp-content\/uploads\/2022\/09\/hypeplakaty_pp_yz500chaos.jpg\",\"datePublished\":\"2022-10-03T11:11:11+00:00\",\"dateModified\":\"2025-02-11T18:54:51+00:00\",\"description\":\"Obraz Yeezy 500 \\\"Chaos\\\" | Luksusowe i autentyczne przedmioty w jednym miejscu. B\u0105d\u017a na bie\u017c\u0105co i sprawd\u017a nasz\u0105 ofert\u0119 ju\u017c teraz\",\"breadcrumb\":{\"@id\":\"https:\/\/shezamme.com\/sklep\/obrazy\/obraz-yeezy-500-chaos\/#breadcrumb\"},\"inLanguage\":\"en-US\",\"potentialAction\":[{\"@type\":\"ReadAction\",\"target\":[\"https:\/\/shezamme.com\/sklep\/obrazy\/obraz-yeezy-500-chaos\/\"]}]},{\"@type\":\"ImageObject\",\"inLanguage\":\"en-US\",\"@id\":\"https:\/\/shezamme.com\/sklep\/obrazy\/obraz-yeezy-500-chaos\/#primaryimage\",\"url\":\"https:\/\/shezamme.com\/wp-content\/uploads\/2022\/09\/hypeplakaty_pp_yz500chaos.jpg\",\"contentUrl\":\"https:\/\/shezamme.com\/wp-content\/uploads\/2022\/09\/hypeplakaty_pp_yz500chaos.jpg\",\"width\":1080,\"height\":1080,\"caption\":\"Obraz Yeezy 500 &#8220;Chaos&#8221;\"},{\"@type\":\"BreadcrumbList\",\"@id\":\"https:\/\/shezamme.com\/sklep\/obrazy\/obraz-yeezy-500-chaos\/#breadcrumb\",\"itemListElement\":[{\"@type\":\"ListItem\",\"position\":1,\"name\":\"Strona g\u0142\u00f3wna\",\"item\":\"https:\/\/shezamme.com\/\"},{\"@type\":\"ListItem\",\"position\":2,\"name\":\"Sklep\",\"item\":\"https:\/\/shezamme.com\/sklep\/\"},{\"@type\":\"ListItem\",\"position\":3,\"name\":\"Obraz Yeezy 500 &#8220;Chaos&#8221;\"}]},{\"@type\":\"WebSite\",\"@id\":\"https:\/\/shezamme.com\/#website\",\"url\":\"https:\/\/shezamme.com\/\",\"name\":\"SHEZAMME - Sneakersy, Streetwear i luksusowe marki\",\"description\":\"Oryginalne i ekskluzywne przedmioty w jednym miejscu. Sprawd\u017a nasze produkty ju\u017c teraz i b\u0105d\u017a na bie\u017c\u0105co z wszystkimi premierami.\",\"publisher\":{\"@id\":\"https:\/\/shezamme.com\/#organization\"},\"potentialAction\":[{\"@type\":\"SearchAction\",\"target\":{\"@type\":\"EntryPoint\",\"urlTemplate\":\"https:\/\/shezamme.com\/?s={search_term_string}\"},\"query-input\":{\"@type\":\"PropertyValueSpecification\",\"valueRequired\":true,\"valueName\":\"search_term_string\"}}],\"inLanguage\":\"en-US\"},{\"@type\":\"Organization\",\"@id\":\"https:\/\/shezamme.com\/#organization\",\"name\":\"SHEZAMME - Sneakersy, Streetwear i luksusowe marki\",\"url\":\"https:\/\/shezamme.com\/\",\"logo\":{\"@type\":\"ImageObject\",\"inLanguage\":\"en-US\",\"@id\":\"https:\/\/shezamme.com\/#\/schema\/logo\/image\/\",\"url\":\"https:\/\/shezamme.com\/wp-content\/uploads\/2023\/02\/0x0.png\",\"contentUrl\":\"https:\/\/shezamme.com\/wp-content\/uploads\/2023\/02\/0x0.png\",\"width\":2000,\"height\":2000,\"caption\":\"SHEZAMME - Sneakersy, Streetwear i luksusowe marki\"},\"image\":{\"@id\":\"https:\/\/shezamme.com\/#\/schema\/logo\/image\/\"},\"sameAs\":[\"https:\/\/www.facebook.com\/SHEZAMME\/\",\"https:\/\/x.com\/SHEZAMME\",\"https:\/\/www.instagram.com\/shezamme\/\",\"https:\/\/www.youtube.com\/channel\/UCsTJxi_9fODHdO_1bmJbqvQ\",\"https:\/\/www.tiktok.com\/shezamme.com\"]}]}<\/script>\n<!-- \/ Yoast SEO plugin. -->","yoast_head_json":{"title":"Obraz Yeezy 500 \"Chaos\" - SHEZAMME","description":"Obraz Yeezy 500 \"Chaos\" | Luksusowe i autentyczne przedmioty w jednym miejscu. B\u0105d\u017a na bie\u017c\u0105co i sprawd\u017a nasz\u0105 ofert\u0119 ju\u017c teraz","robots":{"index":"index","follow":"follow","max-snippet":"max-snippet:-1","max-image-preview":"max-image-preview:large","max-video-preview":"max-video-preview:-1"},"canonical":"https:\/\/shezamme.com\/en\/sklep\/pictures\/obraz-yeezy-500-chaos\/","og_locale":"en_US","og_type":"article","og_title":"Obraz Yeezy 500 \"Chaos\" - SHEZAMME","og_description":"Obraz Yeezy 500 \"Chaos\" | Luksusowe i autentyczne przedmioty w jednym miejscu. B\u0105d\u017a na bie\u017c\u0105co i sprawd\u017a nasz\u0105 ofert\u0119 ju\u017c teraz","og_url":"https:\/\/shezamme.com\/en\/sklep\/pictures\/obraz-yeezy-500-chaos\/","og_site_name":"SHEZAMME - Yeezy, Jordan, Supreme i inne oryginalne rzeczy","article_publisher":"https:\/\/www.facebook.com\/SHEZAMME\/","article_modified_time":"2025-02-11T18:54:51+00:00","og_image":[{"width":1080,"height":1080,"url":"https:\/\/shezamme.com\/wp-content\/uploads\/2022\/09\/hypeplakaty_pp_yz500chaos.jpg","type":"image\/jpeg"}],"twitter_card":"summary_large_image","twitter_site":"@SHEZAMME","twitter_misc":{"Est. reading time":"1 minute"},"schema":{"@context":"https:\/\/schema.org","@graph":[{"@type":"WebPage","@id":"https:\/\/shezamme.com\/sklep\/obrazy\/obraz-yeezy-500-chaos\/","url":"https:\/\/shezamme.com\/sklep\/obrazy\/obraz-yeezy-500-chaos\/","name":"Obraz Yeezy 500 \"Chaos\" - SHEZAMME","isPartOf":{"@id":"https:\/\/shezamme.com\/#website"},"primaryImageOfPage":{"@id":"https:\/\/shezamme.com\/sklep\/obrazy\/obraz-yeezy-500-chaos\/#primaryimage"},"image":{"@id":"https:\/\/shezamme.com\/sklep\/obrazy\/obraz-yeezy-500-chaos\/#primaryimage"},"thumbnailUrl":"https:\/\/shezamme.com\/wp-content\/uploads\/2022\/09\/hypeplakaty_pp_yz500chaos.jpg","datePublished":"2022-10-03T11:11:11+00:00","dateModified":"2025-02-11T18:54:51+00:00","description":"Obraz Yeezy 500 \"Chaos\" | Luksusowe i autentyczne przedmioty w jednym miejscu. B\u0105d\u017a na bie\u017c\u0105co i sprawd\u017a nasz\u0105 ofert\u0119 ju\u017c teraz","breadcrumb":{"@id":"https:\/\/shezamme.com\/sklep\/obrazy\/obraz-yeezy-500-chaos\/#breadcrumb"},"inLanguage":"en-US","potentialAction":[{"@type":"ReadAction","target":["https:\/\/shezamme.com\/sklep\/obrazy\/obraz-yeezy-500-chaos\/"]}]},{"@type":"ImageObject","inLanguage":"en-US","@id":"https:\/\/shezamme.com\/sklep\/obrazy\/obraz-yeezy-500-chaos\/#primaryimage","url":"https:\/\/shezamme.com\/wp-content\/uploads\/2022\/09\/hypeplakaty_pp_yz500chaos.jpg","contentUrl":"https:\/\/shezamme.com\/wp-content\/uploads\/2022\/09\/hypeplakaty_pp_yz500chaos.jpg","width":1080,"height":1080,"caption":"Obraz Yeezy 500 &#8220;Chaos&#8221;"},{"@type":"BreadcrumbList","@id":"https:\/\/shezamme.com\/sklep\/obrazy\/obraz-yeezy-500-chaos\/#breadcrumb","itemListElement":[{"@type":"ListItem","position":1,"name":"Strona g\u0142\u00f3wna","item":"https:\/\/shezamme.com\/"},{"@type":"ListItem","position":2,"name":"Sklep","item":"https:\/\/shezamme.com\/sklep\/"},{"@type":"ListItem","position":3,"name":"Obraz Yeezy 500 &#8220;Chaos&#8221;"}]},{"@type":"WebSite","@id":"https:\/\/shezamme.com\/#website","url":"https:\/\/shezamme.com\/","name":"SHEZAMME - Sneakers, Streetwear and luxury brands","description":"Original and exclusive items in one place. Check out our products now and stay up to date with all launches.","publisher":{"@id":"https:\/\/shezamme.com\/#organization"},"potentialAction":[{"@type":"SearchAction","target":{"@type":"EntryPoint","urlTemplate":"https:\/\/shezamme.com\/?s={search_term_string}"},"query-input":{"@type":"PropertyValueSpecification","valueRequired":true,"valueName":"search_term_string"}}],"inLanguage":"en-US"},{"@type":"Organization","@id":"https:\/\/shezamme.com\/#organization","name":"SHEZAMME - Sneakers, Streetwear and luxury brands","url":"https:\/\/shezamme.com\/","logo":{"@type":"ImageObject","inLanguage":"en-US","@id":"https:\/\/shezamme.com\/#\/schema\/logo\/image\/","url":"https:\/\/shezamme.com\/wp-content\/uploads\/2023\/02\/0x0.png","contentUrl":"https:\/\/shezamme.com\/wp-content\/uploads\/2023\/02\/0x0.png","width":2000,"height":2000,"caption":"SHEZAMME - Sneakersy, Streetwear i luksusowe marki"},"image":{"@id":"https:\/\/shezamme.com\/#\/schema\/logo\/image\/"},"sameAs":["https:\/\/www.facebook.com\/SHEZAMME\/","https:\/\/x.com\/SHEZAMME","https:\/\/www.instagram.com\/shezamme\/","https:\/\/www.youtube.com\/channel\/UCsTJxi_9fODHdO_1bmJbqvQ","https:\/\/www.tiktok.com\/shezamme.com"]}]}},"brands":[{"id":776,"name":"HYPEPOSTERS","slug":"hypeposters"}],"_links":{"self":[{"href":"https:\/\/shezamme.com\/en\/wp-json\/wp\/v2\/product\/18295","targetHints":{"allow":["GET"]}}],"collection":[{"href":"https:\/\/shezamme.com\/en\/wp-json\/wp\/v2\/product"}],"about":[{"href":"https:\/\/shezamme.com\/en\/wp-json\/wp\/v2\/types\/product"}],"wp:featuredmedia":[{"embeddable":true,"href":"https:\/\/shezamme.com\/en\/wp-json\/wp\/v2\/media\/17717"}],"wp:attachment":[{"href":"https:\/\/shezamme.com\/en\/wp-json\/wp\/v2\/media?parent=18295"}],"wp:term":[{"taxonomy":"pwb-brand","embeddable":true,"href":"https:\/\/shezamme.com\/en\/wp-json\/wp\/v2\/pwb-brand?post=18295"},{"taxonomy":"product_brand","embeddable":true,"href":"https:\/\/shezamme.com\/en\/wp-json\/wp\/v2\/product_brand?post=18295"},{"taxonomy":"product_cat","embeddable":true,"href":"https:\/\/shezamme.com\/en\/wp-json\/wp\/v2\/product_cat?post=18295"},{"taxonomy":"product_tag","embeddable":true,"href":"https:\/\/shezamme.com\/en\/wp-json\/wp\/v2\/product_tag?post=18295"}],"curies":[{"name":"wp","href":"https:\/\/api.w.org\/{rel}","templated":true}]}}