{"id":181849,"date":"2025-05-05T22:00:30","date_gmt":"2025-05-05T20:00:30","guid":{"rendered":"https:\/\/shezamme.com\/?post_type=product&#038;p=181849"},"modified":"2025-05-05T22:00:31","modified_gmt":"2025-05-05T20:00:31","slug":"nike-cortez-valentines-day-2025","status":"publish","type":"product","link":"https:\/\/shezamme.com\/en\/sklep\/buty\/nike\/nike-cortez\/nike-cortez-valentines-day-2025\/","title":{"rendered":"Nike Cortez Valentine\u2019s Day (2025)"},"content":{"rendered":"<h2 class=\"\" data-start=\"0\" data-end=\"74\">Nike Cortez &#8222;Valentine\u2019s Day&#8221; (2025) \u2013 klasyka z romantycznym twistem<\/h2>\n<p class=\"\" data-start=\"75\" data-end=\"365\">Nike Cortez powraca w wyj\u0105tkowej edycji na Walentynki 2025. W tej wersji kultowy model z 1972 roku zyskuje subteln\u0105, romantyczn\u0105 kolorystyk\u0119, \u0142\u0105cz\u0105c odcienie czerwieni, r\u00f3\u017cu i bieli. Zastosowanie motywu serduszek i wyj\u0105tkowych detali sprawia, \u017ce jest to model stworzony na specjalne okazje.<\/p>\n<h2 class=\"\" data-start=\"367\" data-end=\"461\">Kolekcjonerska edycja Nike Cortez na Walentynki \u2013 po\u0142\u0105czenie klasyki z nowoczesnym stylem<\/h2>\n<p class=\"\" data-start=\"462\" data-end=\"727\">Elegancka sk\u00f3rzana cholewka, subtelne serduszka i czerwony Swoosh tworz\u0105 sp\u00f3jn\u0105 ca\u0142o\u015b\u0107, kt\u00f3ra \u0142\u0105czy nostalgiczny wygl\u0105d z nowoczesnymi akcentami. Idealna para but\u00f3w na Walentynki, doskona\u0142a nie tylko na t\u0119 okazj\u0119, ale i do codziennych stylizacji w duchu streetwear.<\/p>","protected":false},"excerpt":{"rendered":"<h2 class=\"\" data-start=\"734\" data-end=\"796\">Nike Cortez &#8222;Valentine&#8217;s Day&#8221; \u2013 mi\u0142osny akcent na klasyce<\/h2>\n<p class=\"\" data-start=\"797\" data-end=\"916\">Zdecydowany wyb\u00f3r na wyj\u0105tkowe dni, z wyrazist\u0105, romantyczn\u0105 estetyk\u0105, kt\u00f3ra nadaje klasyce Nike nowy, subtelny wymiar.<\/p>","protected":false},"featured_media":181859,"template":"","meta":{"_acf_changed":false},"pwb-brand":[756],"product_brand":[],"product_cat":[16,806,93],"product_tag":[1008,1009],"class_list":{"0":"post-181849","1":"product","2":"type-product","3":"status-publish","4":"has-post-thumbnail","6":"pwb-brand-nike","7":"product_cat-buty","8":"product_cat-nike-cortez","9":"product_cat-nike","10":"product_tag-kobieta","11":"product_tag-mezczyzna","13":"first","14":"onbackorder","15":"taxable","16":"shipping-taxable","17":"purchasable","18":"product-type-variable"},"acf":[],"yoast_head":"<!-- This site is optimized with the Yoast SEO plugin v27.2 - https:\/\/yoast.com\/product\/yoast-seo-wordpress\/ -->\n<title>Nike Cortez Valentine\u2019s Day (2025) - SHEZAMME<\/title>\n<meta name=\"description\" content=\"Nike Cortez Valentine\u2019s Day (2025) | Luksusowe i autentyczne przedmioty w jednym miejscu. B\u0105d\u017a na bie\u017c\u0105co i sprawd\u017a nasz\u0105 ofert\u0119 ju\u017c teraz\" \/>\n<meta name=\"robots\" content=\"index, follow, max-snippet:-1, max-image-preview:large, max-video-preview:-1\" \/>\n<link rel=\"canonical\" href=\"https:\/\/shezamme.com\/en\/sklep\/sneakers-2\/nike\/nike-cortez\/nike-cortez-valentines-day-2025\/\" \/>\n<meta property=\"og:locale\" content=\"en_US\" \/>\n<meta property=\"og:type\" content=\"article\" \/>\n<meta property=\"og:title\" content=\"Nike Cortez Valentine\u2019s Day (2025) - SHEZAMME\" \/>\n<meta property=\"og:description\" content=\"Nike Cortez Valentine\u2019s Day (2025) | Luksusowe i autentyczne przedmioty w jednym miejscu. B\u0105d\u017a na bie\u017c\u0105co i sprawd\u017a nasz\u0105 ofert\u0119 ju\u017c teraz\" \/>\n<meta property=\"og:url\" content=\"https:\/\/shezamme.com\/en\/sklep\/sneakers-2\/nike\/nike-cortez\/nike-cortez-valentines-day-2025\/\" \/>\n<meta property=\"og:site_name\" content=\"SHEZAMME - Yeezy, Jordan, Supreme i inne oryginalne rzeczy\" \/>\n<meta property=\"article:publisher\" content=\"https:\/\/www.facebook.com\/SHEZAMME\/\" \/>\n<meta property=\"article:modified_time\" content=\"2025-05-05T20:00:31+00:00\" \/>\n<meta property=\"og:image\" content=\"https:\/\/shezamme.com\/wp-content\/uploads\/2025\/05\/wmns-cortez-valentine-s-day-1.webp\" \/>\n\t<meta property=\"og:image:width\" content=\"1000\" \/>\n\t<meta property=\"og:image:height\" content=\"503\" \/>\n\t<meta property=\"og:image:type\" content=\"image\/webp\" \/>\n<meta name=\"twitter:card\" content=\"summary_large_image\" \/>\n<meta name=\"twitter:site\" content=\"@SHEZAMME\" \/>\n<meta name=\"twitter:label1\" content=\"Est. reading time\" \/>\n\t<meta name=\"twitter:data1\" content=\"1 minute\" \/>\n<script type=\"application\/ld+json\" class=\"yoast-schema-graph\">{\"@context\":\"https:\/\/schema.org\",\"@graph\":[{\"@type\":\"WebPage\",\"@id\":\"https:\/\/shezamme.com\/sklep\/buty\/nike\/nike-cortez\/nike-cortez-valentines-day-2025\/\",\"url\":\"https:\/\/shezamme.com\/sklep\/buty\/nike\/nike-cortez\/nike-cortez-valentines-day-2025\/\",\"name\":\"Nike Cortez Valentine\u2019s Day (2025) - SHEZAMME\",\"isPartOf\":{\"@id\":\"https:\/\/shezamme.com\/#website\"},\"primaryImageOfPage\":{\"@id\":\"https:\/\/shezamme.com\/sklep\/buty\/nike\/nike-cortez\/nike-cortez-valentines-day-2025\/#primaryimage\"},\"image\":{\"@id\":\"https:\/\/shezamme.com\/sklep\/buty\/nike\/nike-cortez\/nike-cortez-valentines-day-2025\/#primaryimage\"},\"thumbnailUrl\":\"https:\/\/shezamme.com\/wp-content\/uploads\/2025\/05\/wmns-cortez-valentine-s-day-1.webp\",\"datePublished\":\"2025-05-05T20:00:30+00:00\",\"dateModified\":\"2025-05-05T20:00:31+00:00\",\"description\":\"Nike Cortez Valentine\u2019s Day (2025) | Luksusowe i autentyczne przedmioty w jednym miejscu. B\u0105d\u017a na bie\u017c\u0105co i sprawd\u017a nasz\u0105 ofert\u0119 ju\u017c teraz\",\"breadcrumb\":{\"@id\":\"https:\/\/shezamme.com\/sklep\/buty\/nike\/nike-cortez\/nike-cortez-valentines-day-2025\/#breadcrumb\"},\"inLanguage\":\"en-US\",\"potentialAction\":[{\"@type\":\"ReadAction\",\"target\":[\"https:\/\/shezamme.com\/sklep\/buty\/nike\/nike-cortez\/nike-cortez-valentines-day-2025\/\"]}]},{\"@type\":\"ImageObject\",\"inLanguage\":\"en-US\",\"@id\":\"https:\/\/shezamme.com\/sklep\/buty\/nike\/nike-cortez\/nike-cortez-valentines-day-2025\/#primaryimage\",\"url\":\"https:\/\/shezamme.com\/wp-content\/uploads\/2025\/05\/wmns-cortez-valentine-s-day-1.webp\",\"contentUrl\":\"https:\/\/shezamme.com\/wp-content\/uploads\/2025\/05\/wmns-cortez-valentine-s-day-1.webp\",\"width\":1000,\"height\":503},{\"@type\":\"BreadcrumbList\",\"@id\":\"https:\/\/shezamme.com\/sklep\/buty\/nike\/nike-cortez\/nike-cortez-valentines-day-2025\/#breadcrumb\",\"itemListElement\":[{\"@type\":\"ListItem\",\"position\":1,\"name\":\"Strona g\u0142\u00f3wna\",\"item\":\"https:\/\/shezamme.com\/\"},{\"@type\":\"ListItem\",\"position\":2,\"name\":\"Sklep\",\"item\":\"https:\/\/shezamme.com\/sklep\/\"},{\"@type\":\"ListItem\",\"position\":3,\"name\":\"Nike Cortez Valentine\u2019s Day (2025)\"}]},{\"@type\":\"WebSite\",\"@id\":\"https:\/\/shezamme.com\/#website\",\"url\":\"https:\/\/shezamme.com\/\",\"name\":\"SHEZAMME - Sneakersy, Streetwear i luksusowe marki\",\"description\":\"Oryginalne i ekskluzywne przedmioty w jednym miejscu. Sprawd\u017a nasze produkty ju\u017c teraz i b\u0105d\u017a na bie\u017c\u0105co z wszystkimi premierami.\",\"publisher\":{\"@id\":\"https:\/\/shezamme.com\/#organization\"},\"potentialAction\":[{\"@type\":\"SearchAction\",\"target\":{\"@type\":\"EntryPoint\",\"urlTemplate\":\"https:\/\/shezamme.com\/?s={search_term_string}\"},\"query-input\":{\"@type\":\"PropertyValueSpecification\",\"valueRequired\":true,\"valueName\":\"search_term_string\"}}],\"inLanguage\":\"en-US\"},{\"@type\":\"Organization\",\"@id\":\"https:\/\/shezamme.com\/#organization\",\"name\":\"SHEZAMME - Sneakersy, Streetwear i luksusowe marki\",\"url\":\"https:\/\/shezamme.com\/\",\"logo\":{\"@type\":\"ImageObject\",\"inLanguage\":\"en-US\",\"@id\":\"https:\/\/shezamme.com\/#\/schema\/logo\/image\/\",\"url\":\"https:\/\/shezamme.com\/wp-content\/uploads\/2023\/02\/0x0.png\",\"contentUrl\":\"https:\/\/shezamme.com\/wp-content\/uploads\/2023\/02\/0x0.png\",\"width\":2000,\"height\":2000,\"caption\":\"SHEZAMME - Sneakersy, Streetwear i luksusowe marki\"},\"image\":{\"@id\":\"https:\/\/shezamme.com\/#\/schema\/logo\/image\/\"},\"sameAs\":[\"https:\/\/www.facebook.com\/SHEZAMME\/\",\"https:\/\/x.com\/SHEZAMME\",\"https:\/\/www.instagram.com\/shezamme\/\",\"https:\/\/www.youtube.com\/channel\/UCsTJxi_9fODHdO_1bmJbqvQ\",\"https:\/\/www.tiktok.com\/shezamme.com\"]}]}<\/script>\n<!-- \/ Yoast SEO plugin. -->","yoast_head_json":{"title":"Nike Cortez Valentine\u2019s Day (2025) - SHEZAMME","description":"Nike Cortez Valentine\u2019s Day (2025) | Luksusowe i autentyczne przedmioty w jednym miejscu. B\u0105d\u017a na bie\u017c\u0105co i sprawd\u017a nasz\u0105 ofert\u0119 ju\u017c teraz","robots":{"index":"index","follow":"follow","max-snippet":"max-snippet:-1","max-image-preview":"max-image-preview:large","max-video-preview":"max-video-preview:-1"},"canonical":"https:\/\/shezamme.com\/en\/sklep\/sneakers-2\/nike\/nike-cortez\/nike-cortez-valentines-day-2025\/","og_locale":"en_US","og_type":"article","og_title":"Nike Cortez Valentine\u2019s Day (2025) - SHEZAMME","og_description":"Nike Cortez Valentine\u2019s Day (2025) | Luksusowe i autentyczne przedmioty w jednym miejscu. B\u0105d\u017a na bie\u017c\u0105co i sprawd\u017a nasz\u0105 ofert\u0119 ju\u017c teraz","og_url":"https:\/\/shezamme.com\/en\/sklep\/sneakers-2\/nike\/nike-cortez\/nike-cortez-valentines-day-2025\/","og_site_name":"SHEZAMME - Yeezy, Jordan, Supreme i inne oryginalne rzeczy","article_publisher":"https:\/\/www.facebook.com\/SHEZAMME\/","article_modified_time":"2025-05-05T20:00:31+00:00","og_image":[{"width":1000,"height":503,"url":"https:\/\/shezamme.com\/wp-content\/uploads\/2025\/05\/wmns-cortez-valentine-s-day-1.webp","type":"image\/webp"}],"twitter_card":"summary_large_image","twitter_site":"@SHEZAMME","twitter_misc":{"Est. reading time":"1 minute"},"schema":{"@context":"https:\/\/schema.org","@graph":[{"@type":"WebPage","@id":"https:\/\/shezamme.com\/sklep\/buty\/nike\/nike-cortez\/nike-cortez-valentines-day-2025\/","url":"https:\/\/shezamme.com\/sklep\/buty\/nike\/nike-cortez\/nike-cortez-valentines-day-2025\/","name":"Nike Cortez Valentine\u2019s Day (2025) - SHEZAMME","isPartOf":{"@id":"https:\/\/shezamme.com\/#website"},"primaryImageOfPage":{"@id":"https:\/\/shezamme.com\/sklep\/buty\/nike\/nike-cortez\/nike-cortez-valentines-day-2025\/#primaryimage"},"image":{"@id":"https:\/\/shezamme.com\/sklep\/buty\/nike\/nike-cortez\/nike-cortez-valentines-day-2025\/#primaryimage"},"thumbnailUrl":"https:\/\/shezamme.com\/wp-content\/uploads\/2025\/05\/wmns-cortez-valentine-s-day-1.webp","datePublished":"2025-05-05T20:00:30+00:00","dateModified":"2025-05-05T20:00:31+00:00","description":"Nike Cortez Valentine\u2019s Day (2025) | Luksusowe i autentyczne przedmioty w jednym miejscu. B\u0105d\u017a na bie\u017c\u0105co i sprawd\u017a nasz\u0105 ofert\u0119 ju\u017c teraz","breadcrumb":{"@id":"https:\/\/shezamme.com\/sklep\/buty\/nike\/nike-cortez\/nike-cortez-valentines-day-2025\/#breadcrumb"},"inLanguage":"en-US","potentialAction":[{"@type":"ReadAction","target":["https:\/\/shezamme.com\/sklep\/buty\/nike\/nike-cortez\/nike-cortez-valentines-day-2025\/"]}]},{"@type":"ImageObject","inLanguage":"en-US","@id":"https:\/\/shezamme.com\/sklep\/buty\/nike\/nike-cortez\/nike-cortez-valentines-day-2025\/#primaryimage","url":"https:\/\/shezamme.com\/wp-content\/uploads\/2025\/05\/wmns-cortez-valentine-s-day-1.webp","contentUrl":"https:\/\/shezamme.com\/wp-content\/uploads\/2025\/05\/wmns-cortez-valentine-s-day-1.webp","width":1000,"height":503},{"@type":"BreadcrumbList","@id":"https:\/\/shezamme.com\/sklep\/buty\/nike\/nike-cortez\/nike-cortez-valentines-day-2025\/#breadcrumb","itemListElement":[{"@type":"ListItem","position":1,"name":"Strona g\u0142\u00f3wna","item":"https:\/\/shezamme.com\/"},{"@type":"ListItem","position":2,"name":"Sklep","item":"https:\/\/shezamme.com\/sklep\/"},{"@type":"ListItem","position":3,"name":"Nike Cortez Valentine\u2019s Day (2025)"}]},{"@type":"WebSite","@id":"https:\/\/shezamme.com\/#website","url":"https:\/\/shezamme.com\/","name":"SHEZAMME - Sneakers, Streetwear and luxury brands","description":"Original and exclusive items in one place. Check out our products now and stay up to date with all launches.","publisher":{"@id":"https:\/\/shezamme.com\/#organization"},"potentialAction":[{"@type":"SearchAction","target":{"@type":"EntryPoint","urlTemplate":"https:\/\/shezamme.com\/?s={search_term_string}"},"query-input":{"@type":"PropertyValueSpecification","valueRequired":true,"valueName":"search_term_string"}}],"inLanguage":"en-US"},{"@type":"Organization","@id":"https:\/\/shezamme.com\/#organization","name":"SHEZAMME - Sneakers, Streetwear and luxury brands","url":"https:\/\/shezamme.com\/","logo":{"@type":"ImageObject","inLanguage":"en-US","@id":"https:\/\/shezamme.com\/#\/schema\/logo\/image\/","url":"https:\/\/shezamme.com\/wp-content\/uploads\/2023\/02\/0x0.png","contentUrl":"https:\/\/shezamme.com\/wp-content\/uploads\/2023\/02\/0x0.png","width":2000,"height":2000,"caption":"SHEZAMME - Sneakersy, Streetwear i luksusowe marki"},"image":{"@id":"https:\/\/shezamme.com\/#\/schema\/logo\/image\/"},"sameAs":["https:\/\/www.facebook.com\/SHEZAMME\/","https:\/\/x.com\/SHEZAMME","https:\/\/www.instagram.com\/shezamme\/","https:\/\/www.youtube.com\/channel\/UCsTJxi_9fODHdO_1bmJbqvQ","https:\/\/www.tiktok.com\/shezamme.com"]}]}},"brands":[{"id":756,"name":"Nike","slug":"nike"}],"_links":{"self":[{"href":"https:\/\/shezamme.com\/en\/wp-json\/wp\/v2\/product\/181849","targetHints":{"allow":["GET"]}}],"collection":[{"href":"https:\/\/shezamme.com\/en\/wp-json\/wp\/v2\/product"}],"about":[{"href":"https:\/\/shezamme.com\/en\/wp-json\/wp\/v2\/types\/product"}],"wp:featuredmedia":[{"embeddable":true,"href":"https:\/\/shezamme.com\/en\/wp-json\/wp\/v2\/media\/181859"}],"wp:attachment":[{"href":"https:\/\/shezamme.com\/en\/wp-json\/wp\/v2\/media?parent=181849"}],"wp:term":[{"taxonomy":"pwb-brand","embeddable":true,"href":"https:\/\/shezamme.com\/en\/wp-json\/wp\/v2\/pwb-brand?post=181849"},{"taxonomy":"product_brand","embeddable":true,"href":"https:\/\/shezamme.com\/en\/wp-json\/wp\/v2\/product_brand?post=181849"},{"taxonomy":"product_cat","embeddable":true,"href":"https:\/\/shezamme.com\/en\/wp-json\/wp\/v2\/product_cat?post=181849"},{"taxonomy":"product_tag","embeddable":true,"href":"https:\/\/shezamme.com\/en\/wp-json\/wp\/v2\/product_tag?post=181849"}],"curies":[{"name":"wp","href":"https:\/\/api.w.org\/{rel}","templated":true}]}}