{"id":181847,"date":"2025-05-05T21:59:40","date_gmt":"2025-05-05T19:59:40","guid":{"rendered":"https:\/\/shezamme.com\/?post_type=product&#038;p=181847"},"modified":"2026-01-23T11:33:19","modified_gmt":"2026-01-23T10:33:19","slug":"nike-kobe-6-protro-sail-all-star","status":"publish","type":"product","link":"https:\/\/shezamme.com\/en\/sklep\/buty\/nike\/buty-nike-kobe\/nike-kobe-6-protro-sail-all-star\/","title":{"rendered":"Nike Kobe 6 Protro Sail All-Star"},"content":{"rendered":"<h2 class=\"\" data-start=\"0\" data-end=\"94\">Nike Kobe 6 Protro &#8222;Sail All-Star&#8221; \u2013 nowoczesna technologia w ho\u0142dzie klasyce Black Mamby<\/h2>\n<p class=\"\" data-start=\"95\" data-end=\"473\">Kobe 6 Protro \u201eSail All-Star\u201d \u0142\u0105czy kultowy design z 2011 roku z aktualizacjami technologicznymi \u2013 m.in. ulepszon\u0105 amortyzacj\u0105 Zoom Air i piank\u0105 Cushlon. Cholewka z charakterystyczn\u0105 faktur\u0105 \u201escales\u201d nawi\u0105zuje do dziedzictwa \u201eBlack Mamby\u201d, a jasna kolorystyka Sail, wzbogacona o subtelne czarne i czerwone akcenty, nadaje modelowi stonowanego charakteru z nut\u0105 ekskluzywno\u015bci.<\/p>\n<h2 class=\"\" data-start=\"475\" data-end=\"569\">Symbol dziedzictwa i innowacji \u2013 edycja All-Star z nisk\u0105 cholewk\u0105 i legendarnym rodowodem<\/h2>\n<p class=\"\" data-start=\"570\" data-end=\"862\">Edycja Protro to nie tylko od\u015bwie\u017cenie sylwetki Kobe 6, ale tak\u017ce unowocze\u015bniona wersja przygotowana na potrzeby wsp\u00f3\u0142czesnej gry. Niska konstrukcja sprzyja zwrotno\u015bci na boisku, a detalicznie zaprojektowana cholewka oddaje szacunek dla sylwetki, kt\u00f3ra zmieni\u0142a definicj\u0119 buta koszykarskiego.<\/p>","protected":false},"excerpt":{"rendered":"<h2 class=\"\" data-start=\"869\" data-end=\"936\">Kobe 6 &#8222;Sail All-Star&#8221; \u2013 ho\u0142d dla legendy w eleganckiej formie<\/h2>\n<p class=\"\" data-start=\"937\" data-end=\"1071\">Zbalansowany mi\u0119dzy sportem a stylem, ten model to subtelne upami\u0119tnienie Kobe Bryanta i jego wp\u0142ywu na \u015bwiat sneakers\u00f3w i koszyk\u00f3wki.<\/p>","protected":false},"featured_media":181814,"template":"","meta":{"_acf_changed":false,"_yoast_wpseo_focuskw":"Nike Kobe 6 Protro Sail All-Star","_yoast_wpseo_title":"","_yoast_wpseo_metadesc":""},"pwb-brand":[756],"product_brand":[],"product_cat":[16,955,93],"product_tag":[1008,1009],"class_list":{"0":"post-181847","1":"product","2":"type-product","3":"status-publish","4":"has-post-thumbnail","6":"pwb-brand-nike","7":"product_cat-buty","8":"product_cat-buty-nike-kobe","9":"product_cat-nike","10":"product_tag-kobieta","11":"product_tag-mezczyzna","13":"first","14":"onbackorder","15":"taxable","16":"shipping-taxable","17":"purchasable","18":"product-type-variable"},"acf":[],"yoast_head":"<!-- This site is optimized with the Yoast SEO plugin v27.3 - https:\/\/yoast.com\/product\/yoast-seo-wordpress\/ -->\n<title>Nike Kobe 6 Protro Sail All-Star - SHEZAMME<\/title>\n<meta name=\"description\" content=\"Nike Kobe 6 Protro Sail All-Star | Luksusowe i autentyczne przedmioty w jednym miejscu. B\u0105d\u017a na bie\u017c\u0105co i sprawd\u017a nasz\u0105 ofert\u0119 ju\u017c teraz\" \/>\n<meta name=\"robots\" content=\"index, follow, max-snippet:-1, max-image-preview:large, max-video-preview:-1\" \/>\n<link rel=\"canonical\" href=\"https:\/\/shezamme.com\/en\/sklep\/sneakers-2\/nike\/sneakers-nike-kobe\/nike-kobe-6-protro-sail-all-star\/\" \/>\n<meta property=\"og:locale\" content=\"en_US\" \/>\n<meta property=\"og:type\" content=\"article\" \/>\n<meta property=\"og:title\" content=\"Nike Kobe 6 Protro Sail All-Star - SHEZAMME\" \/>\n<meta property=\"og:description\" content=\"Nike Kobe 6 Protro Sail All-Star | Luksusowe i autentyczne przedmioty w jednym miejscu. B\u0105d\u017a na bie\u017c\u0105co i sprawd\u017a nasz\u0105 ofert\u0119 ju\u017c teraz\" \/>\n<meta property=\"og:url\" content=\"https:\/\/shezamme.com\/en\/sklep\/sneakers-2\/nike\/sneakers-nike-kobe\/nike-kobe-6-protro-sail-all-star\/\" \/>\n<meta property=\"og:site_name\" content=\"SHEZAMME - Yeezy, Jordan, Supreme i inne oryginalne rzeczy\" \/>\n<meta property=\"article:publisher\" content=\"https:\/\/www.facebook.com\/SHEZAMME\/\" \/>\n<meta property=\"article:modified_time\" content=\"2026-01-23T10:33:19+00:00\" \/>\n<meta property=\"og:image\" content=\"https:\/\/shezamme.com\/wp-content\/uploads\/2025\/05\/zoom-kobe-6-protro-sail-1.webp\" \/>\n\t<meta property=\"og:image:width\" content=\"1000\" \/>\n\t<meta property=\"og:image:height\" content=\"514\" \/>\n\t<meta property=\"og:image:type\" content=\"image\/webp\" \/>\n<meta name=\"twitter:card\" content=\"summary_large_image\" \/>\n<meta name=\"twitter:site\" content=\"@SHEZAMME\" \/>\n<meta name=\"twitter:label1\" content=\"Est. reading time\" \/>\n\t<meta name=\"twitter:data1\" content=\"1 minute\" \/>\n<script type=\"application\/ld+json\" class=\"yoast-schema-graph\">{\"@context\":\"https:\\\/\\\/schema.org\",\"@graph\":[{\"@type\":\"WebPage\",\"@id\":\"https:\\\/\\\/shezamme.com\\\/sklep\\\/buty\\\/nike\\\/buty-nike-kobe\\\/nike-kobe-6-protro-sail-all-star\\\/\",\"url\":\"https:\\\/\\\/shezamme.com\\\/sklep\\\/buty\\\/nike\\\/buty-nike-kobe\\\/nike-kobe-6-protro-sail-all-star\\\/\",\"name\":\"Nike Kobe 6 Protro Sail All-Star - SHEZAMME\",\"isPartOf\":{\"@id\":\"https:\\\/\\\/shezamme.com\\\/#website\"},\"primaryImageOfPage\":{\"@id\":\"https:\\\/\\\/shezamme.com\\\/sklep\\\/buty\\\/nike\\\/buty-nike-kobe\\\/nike-kobe-6-protro-sail-all-star\\\/#primaryimage\"},\"image\":{\"@id\":\"https:\\\/\\\/shezamme.com\\\/sklep\\\/buty\\\/nike\\\/buty-nike-kobe\\\/nike-kobe-6-protro-sail-all-star\\\/#primaryimage\"},\"thumbnailUrl\":\"https:\\\/\\\/shezamme.com\\\/wp-content\\\/uploads\\\/2025\\\/05\\\/zoom-kobe-6-protro-sail-1.webp\",\"datePublished\":\"2025-05-05T19:59:40+00:00\",\"dateModified\":\"2026-01-23T10:33:19+00:00\",\"description\":\"Nike Kobe 6 Protro Sail All-Star | Luksusowe i autentyczne przedmioty w jednym miejscu. B\u0105d\u017a na bie\u017c\u0105co i sprawd\u017a nasz\u0105 ofert\u0119 ju\u017c teraz\",\"breadcrumb\":{\"@id\":\"https:\\\/\\\/shezamme.com\\\/sklep\\\/buty\\\/nike\\\/buty-nike-kobe\\\/nike-kobe-6-protro-sail-all-star\\\/#breadcrumb\"},\"inLanguage\":\"en-US\",\"potentialAction\":[{\"@type\":\"ReadAction\",\"target\":[\"https:\\\/\\\/shezamme.com\\\/sklep\\\/buty\\\/nike\\\/buty-nike-kobe\\\/nike-kobe-6-protro-sail-all-star\\\/\"]}]},{\"@type\":\"ImageObject\",\"inLanguage\":\"en-US\",\"@id\":\"https:\\\/\\\/shezamme.com\\\/sklep\\\/buty\\\/nike\\\/buty-nike-kobe\\\/nike-kobe-6-protro-sail-all-star\\\/#primaryimage\",\"url\":\"https:\\\/\\\/shezamme.com\\\/wp-content\\\/uploads\\\/2025\\\/05\\\/zoom-kobe-6-protro-sail-1.webp\",\"contentUrl\":\"https:\\\/\\\/shezamme.com\\\/wp-content\\\/uploads\\\/2025\\\/05\\\/zoom-kobe-6-protro-sail-1.webp\",\"width\":1000,\"height\":514},{\"@type\":\"BreadcrumbList\",\"@id\":\"https:\\\/\\\/shezamme.com\\\/sklep\\\/buty\\\/nike\\\/buty-nike-kobe\\\/nike-kobe-6-protro-sail-all-star\\\/#breadcrumb\",\"itemListElement\":[{\"@type\":\"ListItem\",\"position\":1,\"name\":\"Strona g\u0142\u00f3wna\",\"item\":\"https:\\\/\\\/shezamme.com\\\/\"},{\"@type\":\"ListItem\",\"position\":2,\"name\":\"Sklep\",\"item\":\"https:\\\/\\\/shezamme.com\\\/en\\\/sklep\\\/\"},{\"@type\":\"ListItem\",\"position\":3,\"name\":\"Nike Kobe 6 Protro Sail All-Star\"}]},{\"@type\":\"WebSite\",\"@id\":\"https:\\\/\\\/shezamme.com\\\/#website\",\"url\":\"https:\\\/\\\/shezamme.com\\\/\",\"name\":\"SHEZAMME - Sneakersy, Streetwear i luksusowe marki\",\"description\":\"Oryginalne i ekskluzywne przedmioty w jednym miejscu. Sprawd\u017a nasze produkty ju\u017c teraz i b\u0105d\u017a na bie\u017c\u0105co z wszystkimi premierami.\",\"publisher\":{\"@id\":\"https:\\\/\\\/shezamme.com\\\/#organization\"},\"potentialAction\":[{\"@type\":\"SearchAction\",\"target\":{\"@type\":\"EntryPoint\",\"urlTemplate\":\"https:\\\/\\\/shezamme.com\\\/?s={search_term_string}\"},\"query-input\":{\"@type\":\"PropertyValueSpecification\",\"valueRequired\":true,\"valueName\":\"search_term_string\"}}],\"inLanguage\":\"en-US\"},{\"@type\":\"Organization\",\"@id\":\"https:\\\/\\\/shezamme.com\\\/#organization\",\"name\":\"SHEZAMME - Sneakersy, Streetwear i luksusowe marki\",\"url\":\"https:\\\/\\\/shezamme.com\\\/\",\"logo\":{\"@type\":\"ImageObject\",\"inLanguage\":\"en-US\",\"@id\":\"https:\\\/\\\/shezamme.com\\\/#\\\/schema\\\/logo\\\/image\\\/\",\"url\":\"https:\\\/\\\/shezamme.com\\\/wp-content\\\/uploads\\\/2023\\\/02\\\/0x0.png\",\"contentUrl\":\"https:\\\/\\\/shezamme.com\\\/wp-content\\\/uploads\\\/2023\\\/02\\\/0x0.png\",\"width\":2000,\"height\":2000,\"caption\":\"SHEZAMME - Sneakersy, Streetwear i luksusowe marki\"},\"image\":{\"@id\":\"https:\\\/\\\/shezamme.com\\\/#\\\/schema\\\/logo\\\/image\\\/\"},\"sameAs\":[\"https:\\\/\\\/www.facebook.com\\\/SHEZAMME\\\/\",\"https:\\\/\\\/x.com\\\/SHEZAMME\",\"https:\\\/\\\/www.instagram.com\\\/shezamme\\\/\",\"https:\\\/\\\/www.youtube.com\\\/channel\\\/UCsTJxi_9fODHdO_1bmJbqvQ\",\"https:\\\/\\\/www.tiktok.com\\\/shezamme.com\"]}]}<\/script>\n<!-- \/ Yoast SEO plugin. -->","yoast_head_json":{"title":"Nike Kobe 6 Protro Sail All-Star - SHEZAMME","description":"Nike Kobe 6 Protro Sail All-Star | Luksusowe i autentyczne przedmioty w jednym miejscu. B\u0105d\u017a na bie\u017c\u0105co i sprawd\u017a nasz\u0105 ofert\u0119 ju\u017c teraz","robots":{"index":"index","follow":"follow","max-snippet":"max-snippet:-1","max-image-preview":"max-image-preview:large","max-video-preview":"max-video-preview:-1"},"canonical":"https:\/\/shezamme.com\/en\/sklep\/sneakers-2\/nike\/sneakers-nike-kobe\/nike-kobe-6-protro-sail-all-star\/","og_locale":"en_US","og_type":"article","og_title":"Nike Kobe 6 Protro Sail All-Star - SHEZAMME","og_description":"Nike Kobe 6 Protro Sail All-Star | Luksusowe i autentyczne przedmioty w jednym miejscu. B\u0105d\u017a na bie\u017c\u0105co i sprawd\u017a nasz\u0105 ofert\u0119 ju\u017c teraz","og_url":"https:\/\/shezamme.com\/en\/sklep\/sneakers-2\/nike\/sneakers-nike-kobe\/nike-kobe-6-protro-sail-all-star\/","og_site_name":"SHEZAMME - Yeezy, Jordan, Supreme i inne oryginalne rzeczy","article_publisher":"https:\/\/www.facebook.com\/SHEZAMME\/","article_modified_time":"2026-01-23T10:33:19+00:00","og_image":[{"width":1000,"height":514,"url":"https:\/\/shezamme.com\/wp-content\/uploads\/2025\/05\/zoom-kobe-6-protro-sail-1.webp","type":"image\/webp"}],"twitter_card":"summary_large_image","twitter_site":"@SHEZAMME","twitter_misc":{"Est. reading time":"1 minute"},"schema":{"@context":"https:\/\/schema.org","@graph":[{"@type":"WebPage","@id":"https:\/\/shezamme.com\/sklep\/buty\/nike\/buty-nike-kobe\/nike-kobe-6-protro-sail-all-star\/","url":"https:\/\/shezamme.com\/sklep\/buty\/nike\/buty-nike-kobe\/nike-kobe-6-protro-sail-all-star\/","name":"Nike Kobe 6 Protro Sail All-Star - SHEZAMME","isPartOf":{"@id":"https:\/\/shezamme.com\/#website"},"primaryImageOfPage":{"@id":"https:\/\/shezamme.com\/sklep\/buty\/nike\/buty-nike-kobe\/nike-kobe-6-protro-sail-all-star\/#primaryimage"},"image":{"@id":"https:\/\/shezamme.com\/sklep\/buty\/nike\/buty-nike-kobe\/nike-kobe-6-protro-sail-all-star\/#primaryimage"},"thumbnailUrl":"https:\/\/shezamme.com\/wp-content\/uploads\/2025\/05\/zoom-kobe-6-protro-sail-1.webp","datePublished":"2025-05-05T19:59:40+00:00","dateModified":"2026-01-23T10:33:19+00:00","description":"Nike Kobe 6 Protro Sail All-Star | Luksusowe i autentyczne przedmioty w jednym miejscu. B\u0105d\u017a na bie\u017c\u0105co i sprawd\u017a nasz\u0105 ofert\u0119 ju\u017c teraz","breadcrumb":{"@id":"https:\/\/shezamme.com\/sklep\/buty\/nike\/buty-nike-kobe\/nike-kobe-6-protro-sail-all-star\/#breadcrumb"},"inLanguage":"en-US","potentialAction":[{"@type":"ReadAction","target":["https:\/\/shezamme.com\/sklep\/buty\/nike\/buty-nike-kobe\/nike-kobe-6-protro-sail-all-star\/"]}]},{"@type":"ImageObject","inLanguage":"en-US","@id":"https:\/\/shezamme.com\/sklep\/buty\/nike\/buty-nike-kobe\/nike-kobe-6-protro-sail-all-star\/#primaryimage","url":"https:\/\/shezamme.com\/wp-content\/uploads\/2025\/05\/zoom-kobe-6-protro-sail-1.webp","contentUrl":"https:\/\/shezamme.com\/wp-content\/uploads\/2025\/05\/zoom-kobe-6-protro-sail-1.webp","width":1000,"height":514},{"@type":"BreadcrumbList","@id":"https:\/\/shezamme.com\/sklep\/buty\/nike\/buty-nike-kobe\/nike-kobe-6-protro-sail-all-star\/#breadcrumb","itemListElement":[{"@type":"ListItem","position":1,"name":"Strona g\u0142\u00f3wna","item":"https:\/\/shezamme.com\/"},{"@type":"ListItem","position":2,"name":"Sklep","item":"https:\/\/shezamme.com\/en\/sklep\/"},{"@type":"ListItem","position":3,"name":"Nike Kobe 6 Protro Sail All-Star"}]},{"@type":"WebSite","@id":"https:\/\/shezamme.com\/#website","url":"https:\/\/shezamme.com\/","name":"SHEZAMME - Sneakers, Streetwear and luxury brands","description":"Original and exclusive items in one place. Check out our products now and stay up to date with all launches.","publisher":{"@id":"https:\/\/shezamme.com\/#organization"},"potentialAction":[{"@type":"SearchAction","target":{"@type":"EntryPoint","urlTemplate":"https:\/\/shezamme.com\/?s={search_term_string}"},"query-input":{"@type":"PropertyValueSpecification","valueRequired":true,"valueName":"search_term_string"}}],"inLanguage":"en-US"},{"@type":"Organization","@id":"https:\/\/shezamme.com\/#organization","name":"SHEZAMME - Sneakers, Streetwear and luxury brands","url":"https:\/\/shezamme.com\/","logo":{"@type":"ImageObject","inLanguage":"en-US","@id":"https:\/\/shezamme.com\/#\/schema\/logo\/image\/","url":"https:\/\/shezamme.com\/wp-content\/uploads\/2023\/02\/0x0.png","contentUrl":"https:\/\/shezamme.com\/wp-content\/uploads\/2023\/02\/0x0.png","width":2000,"height":2000,"caption":"SHEZAMME - Sneakersy, Streetwear i luksusowe marki"},"image":{"@id":"https:\/\/shezamme.com\/#\/schema\/logo\/image\/"},"sameAs":["https:\/\/www.facebook.com\/SHEZAMME\/","https:\/\/x.com\/SHEZAMME","https:\/\/www.instagram.com\/shezamme\/","https:\/\/www.youtube.com\/channel\/UCsTJxi_9fODHdO_1bmJbqvQ","https:\/\/www.tiktok.com\/shezamme.com"]}]}},"brands":[{"id":756,"name":"Nike","slug":"nike"}],"_links":{"self":[{"href":"https:\/\/shezamme.com\/en\/wp-json\/wp\/v2\/product\/181847","targetHints":{"allow":["GET"]}}],"collection":[{"href":"https:\/\/shezamme.com\/en\/wp-json\/wp\/v2\/product"}],"about":[{"href":"https:\/\/shezamme.com\/en\/wp-json\/wp\/v2\/types\/product"}],"wp:featuredmedia":[{"embeddable":true,"href":"https:\/\/shezamme.com\/en\/wp-json\/wp\/v2\/media\/181814"}],"wp:attachment":[{"href":"https:\/\/shezamme.com\/en\/wp-json\/wp\/v2\/media?parent=181847"}],"wp:term":[{"taxonomy":"pwb-brand","embeddable":true,"href":"https:\/\/shezamme.com\/en\/wp-json\/wp\/v2\/pwb-brand?post=181847"},{"taxonomy":"product_brand","embeddable":true,"href":"https:\/\/shezamme.com\/en\/wp-json\/wp\/v2\/product_brand?post=181847"},{"taxonomy":"product_cat","embeddable":true,"href":"https:\/\/shezamme.com\/en\/wp-json\/wp\/v2\/product_cat?post=181847"},{"taxonomy":"product_tag","embeddable":true,"href":"https:\/\/shezamme.com\/en\/wp-json\/wp\/v2\/product_tag?post=181847"}],"curies":[{"name":"wp","href":"https:\/\/api.w.org\/{rel}","templated":true}]}}