{"id":181182,"date":"2025-05-04T18:19:03","date_gmt":"2025-05-04T16:19:03","guid":{"rendered":"https:\/\/shezamme.com\/?post_type=product&#038;p=181182"},"modified":"2025-09-11T09:10:07","modified_gmt":"2025-09-11T07:10:07","slug":"syna-world-x-central-cee-x-6pm-link-up-tee-black-2","status":"publish","type":"product","link":"https:\/\/shezamme.com\/en\/sklep\/koszulki\/wszystkie-koszulki\/syna-world-x-central-cee-x-6pm-link-up-tee-black-2\/","title":{"rendered":"Syna World x Central Cee x 6PM Link Up Tee Black"},"content":{"rendered":"<h2 class=\"\" data-start=\"0\" data-end=\"100\">Syna World x Central Cee x 6PM &#8222;Link Up&#8221; Tee \u2013 Black \u2013 po\u0142\u0105czenie sceny UK i DE w jednej sylwetce<\/h2>\n<p class=\"\" data-start=\"102\" data-end=\"490\">Koszulka &#8222;Link Up&#8221; to efekt wyj\u0105tkowej wsp\u00f3\u0142pracy mi\u0119dzy Syna World, Central Cee i 6PM, stanowi\u0105cy symboliczne zjednoczenie brytyjskiego i niemieckiego streetwearu. Wykonana z grubej bawe\u0142ny o wyrazistej strukturze, posiada oversize&#8217;owy kr\u00f3j z szerokimi r\u0119kawami i lu\u017anym dopasowaniem. Centralny nadruk \u201eLINK UP\u201d z logotypami obu marek podkre\u015bla przekaz o kulturowej i muzycznej synergii.<\/p>\n<h2 class=\"\" data-start=\"492\" data-end=\"542\">Statement T-shirt z mi\u0119dzynarodowym charakterem<\/h2>\n<p class=\"\" data-start=\"544\" data-end=\"937\">Model wyr\u00f3\u017cnia si\u0119 nie tylko grafik\u0105, ale te\u017c dba\u0142o\u015bci\u0105 o detale \u2013 pr\u0105\u017ckowany, wzmocniony ko\u0142nierz, branding na karku lub r\u0119kawie i opcjonalne elementy graficzne zale\u017cne od dropu nadaj\u0105 mu kolekcjonerskiej warto\u015bci. \u201eLink Up Tee\u201d to ca\u0142oroczny element stylizacji z wyrazem \u2013 idealny na koncerty, codzienne outfity i jako symbol wsp\u00f3\u0142czesnego streetwearowego dialogu mi\u0119dzy Londynem a Berlinem.<\/p>","protected":false},"excerpt":{"rendered":"<h2 class=\"\" data-start=\"0\" data-end=\"74\">Syna World x 6PM &#8222;Link Up&#8221; Tee Black \u2013 transgraniczny T-shirt z wyrazem<\/h2>\n<p class=\"\" data-start=\"76\" data-end=\"254\">Oversize\u2019owa koszulka z grubego bawe\u0142nianego jerseyu \u0142\u0105czy logo Syna World i 6PM z nadrukiem \u201eLINK UP\u201d, symbolizuj\u0105c kulturowy dialog mi\u0119dzy brytyjskim i niemieckim streetwearem.<\/p>","protected":false},"featured_media":181192,"template":"","meta":{"_acf_changed":false},"pwb-brand":[1090],"product_brand":[],"product_cat":[140,1126,903],"product_tag":[1008,1009],"class_list":{"0":"post-181182","1":"product","2":"type-product","3":"status-publish","4":"has-post-thumbnail","6":"pwb-brand-synaworld","7":"product_cat-koszulki","8":"product_cat-koszulki-synaworld","9":"product_cat-wszystkie-koszulki","10":"product_tag-kobieta","11":"product_tag-mezczyzna","12":"pa_rozmiar-ubrania-l","13":"pa_rozmiar-ubrania-m","14":"pa_rozmiar-ubrania-xl","16":"first","17":"instock","18":"taxable","19":"shipping-taxable","20":"purchasable","21":"product-type-variable"},"acf":[],"yoast_head":"<!-- This site is optimized with the Yoast SEO plugin v27.2 - https:\/\/yoast.com\/product\/yoast-seo-wordpress\/ -->\n<title>Syna World x Central Cee x 6PM Link Up Tee Black - SHEZAMME<\/title>\n<meta name=\"description\" content=\"Syna World x Central Cee x 6PM Link Up Tee Black | Luksusowe i autentyczne przedmioty w jednym miejscu. B\u0105d\u017a na bie\u017c\u0105co i sprawd\u017a nasz\u0105 ofert\u0119 ju\u017c teraz\" \/>\n<meta name=\"robots\" content=\"index, follow, max-snippet:-1, max-image-preview:large, max-video-preview:-1\" \/>\n<link rel=\"canonical\" href=\"https:\/\/shezamme.com\/en\/sklep\/tshirts-2\/all-tshirts\/syna-world-x-central-cee-x-6pm-link-up-tee-black-2\/\" \/>\n<meta property=\"og:locale\" content=\"en_US\" \/>\n<meta property=\"og:type\" content=\"article\" \/>\n<meta property=\"og:title\" content=\"Syna World x Central Cee x 6PM Link Up Tee Black - SHEZAMME\" \/>\n<meta property=\"og:description\" content=\"Syna World x Central Cee x 6PM Link Up Tee Black | Luksusowe i autentyczne przedmioty w jednym miejscu. B\u0105d\u017a na bie\u017c\u0105co i sprawd\u017a nasz\u0105 ofert\u0119 ju\u017c teraz\" \/>\n<meta property=\"og:url\" content=\"https:\/\/shezamme.com\/en\/sklep\/tshirts-2\/all-tshirts\/syna-world-x-central-cee-x-6pm-link-up-tee-black-2\/\" \/>\n<meta property=\"og:site_name\" content=\"SHEZAMME - Yeezy, Jordan, Supreme i inne oryginalne rzeczy\" \/>\n<meta property=\"article:publisher\" content=\"https:\/\/www.facebook.com\/SHEZAMME\/\" \/>\n<meta property=\"article:modified_time\" content=\"2025-09-11T07:10:07+00:00\" \/>\n<meta property=\"og:image\" content=\"https:\/\/shezamme.com\/wp-content\/uploads\/2025\/05\/Corteiz-Jack-Boys-Tee-White-3.png\" \/>\n\t<meta property=\"og:image:width\" content=\"2048\" \/>\n\t<meta property=\"og:image:height\" content=\"2048\" \/>\n\t<meta property=\"og:image:type\" content=\"image\/png\" \/>\n<meta name=\"twitter:card\" content=\"summary_large_image\" \/>\n<meta name=\"twitter:site\" content=\"@SHEZAMME\" \/>\n<meta name=\"twitter:label1\" content=\"Est. reading time\" \/>\n\t<meta name=\"twitter:data1\" content=\"1 minute\" \/>\n<script type=\"application\/ld+json\" class=\"yoast-schema-graph\">{\"@context\":\"https:\/\/schema.org\",\"@graph\":[{\"@type\":\"WebPage\",\"@id\":\"https:\/\/shezamme.com\/sklep\/koszulki\/wszystkie-koszulki\/syna-world-x-central-cee-x-6pm-link-up-tee-black-2\/\",\"url\":\"https:\/\/shezamme.com\/sklep\/koszulki\/wszystkie-koszulki\/syna-world-x-central-cee-x-6pm-link-up-tee-black-2\/\",\"name\":\"Syna World x Central Cee x 6PM Link Up Tee Black - SHEZAMME\",\"isPartOf\":{\"@id\":\"https:\/\/shezamme.com\/#website\"},\"primaryImageOfPage\":{\"@id\":\"https:\/\/shezamme.com\/sklep\/koszulki\/wszystkie-koszulki\/syna-world-x-central-cee-x-6pm-link-up-tee-black-2\/#primaryimage\"},\"image\":{\"@id\":\"https:\/\/shezamme.com\/sklep\/koszulki\/wszystkie-koszulki\/syna-world-x-central-cee-x-6pm-link-up-tee-black-2\/#primaryimage\"},\"thumbnailUrl\":\"https:\/\/shezamme.com\/wp-content\/uploads\/2025\/05\/Corteiz-Jack-Boys-Tee-White-3.png\",\"datePublished\":\"2025-05-04T16:19:03+00:00\",\"dateModified\":\"2025-09-11T07:10:07+00:00\",\"description\":\"Syna World x Central Cee x 6PM Link Up Tee Black | Luksusowe i autentyczne przedmioty w jednym miejscu. B\u0105d\u017a na bie\u017c\u0105co i sprawd\u017a nasz\u0105 ofert\u0119 ju\u017c teraz\",\"breadcrumb\":{\"@id\":\"https:\/\/shezamme.com\/sklep\/koszulki\/wszystkie-koszulki\/syna-world-x-central-cee-x-6pm-link-up-tee-black-2\/#breadcrumb\"},\"inLanguage\":\"en-US\",\"potentialAction\":[{\"@type\":\"ReadAction\",\"target\":[\"https:\/\/shezamme.com\/sklep\/koszulki\/wszystkie-koszulki\/syna-world-x-central-cee-x-6pm-link-up-tee-black-2\/\"]}]},{\"@type\":\"ImageObject\",\"inLanguage\":\"en-US\",\"@id\":\"https:\/\/shezamme.com\/sklep\/koszulki\/wszystkie-koszulki\/syna-world-x-central-cee-x-6pm-link-up-tee-black-2\/#primaryimage\",\"url\":\"https:\/\/shezamme.com\/wp-content\/uploads\/2025\/05\/Corteiz-Jack-Boys-Tee-White-3.png\",\"contentUrl\":\"https:\/\/shezamme.com\/wp-content\/uploads\/2025\/05\/Corteiz-Jack-Boys-Tee-White-3.png\",\"width\":2048,\"height\":2048},{\"@type\":\"BreadcrumbList\",\"@id\":\"https:\/\/shezamme.com\/sklep\/koszulki\/wszystkie-koszulki\/syna-world-x-central-cee-x-6pm-link-up-tee-black-2\/#breadcrumb\",\"itemListElement\":[{\"@type\":\"ListItem\",\"position\":1,\"name\":\"Strona g\u0142\u00f3wna\",\"item\":\"https:\/\/shezamme.com\/\"},{\"@type\":\"ListItem\",\"position\":2,\"name\":\"Sklep\",\"item\":\"https:\/\/shezamme.com\/sklep\/\"},{\"@type\":\"ListItem\",\"position\":3,\"name\":\"Syna World x Central Cee x 6PM Link Up Tee Black\"}]},{\"@type\":\"WebSite\",\"@id\":\"https:\/\/shezamme.com\/#website\",\"url\":\"https:\/\/shezamme.com\/\",\"name\":\"SHEZAMME - Sneakersy, Streetwear i luksusowe marki\",\"description\":\"Oryginalne i ekskluzywne przedmioty w jednym miejscu. Sprawd\u017a nasze produkty ju\u017c teraz i b\u0105d\u017a na bie\u017c\u0105co z wszystkimi premierami.\",\"publisher\":{\"@id\":\"https:\/\/shezamme.com\/#organization\"},\"potentialAction\":[{\"@type\":\"SearchAction\",\"target\":{\"@type\":\"EntryPoint\",\"urlTemplate\":\"https:\/\/shezamme.com\/?s={search_term_string}\"},\"query-input\":{\"@type\":\"PropertyValueSpecification\",\"valueRequired\":true,\"valueName\":\"search_term_string\"}}],\"inLanguage\":\"en-US\"},{\"@type\":\"Organization\",\"@id\":\"https:\/\/shezamme.com\/#organization\",\"name\":\"SHEZAMME - Sneakersy, Streetwear i luksusowe marki\",\"url\":\"https:\/\/shezamme.com\/\",\"logo\":{\"@type\":\"ImageObject\",\"inLanguage\":\"en-US\",\"@id\":\"https:\/\/shezamme.com\/#\/schema\/logo\/image\/\",\"url\":\"https:\/\/shezamme.com\/wp-content\/uploads\/2023\/02\/0x0.png\",\"contentUrl\":\"https:\/\/shezamme.com\/wp-content\/uploads\/2023\/02\/0x0.png\",\"width\":2000,\"height\":2000,\"caption\":\"SHEZAMME - Sneakersy, Streetwear i luksusowe marki\"},\"image\":{\"@id\":\"https:\/\/shezamme.com\/#\/schema\/logo\/image\/\"},\"sameAs\":[\"https:\/\/www.facebook.com\/SHEZAMME\/\",\"https:\/\/x.com\/SHEZAMME\",\"https:\/\/www.instagram.com\/shezamme\/\",\"https:\/\/www.youtube.com\/channel\/UCsTJxi_9fODHdO_1bmJbqvQ\",\"https:\/\/www.tiktok.com\/shezamme.com\"]}]}<\/script>\n<!-- \/ Yoast SEO plugin. -->","yoast_head_json":{"title":"Syna World x Central Cee x 6PM Link Up Tee Black - SHEZAMME","description":"Syna World x Central Cee x 6PM Link Up Tee Black | Luksusowe i autentyczne przedmioty w jednym miejscu. B\u0105d\u017a na bie\u017c\u0105co i sprawd\u017a nasz\u0105 ofert\u0119 ju\u017c teraz","robots":{"index":"index","follow":"follow","max-snippet":"max-snippet:-1","max-image-preview":"max-image-preview:large","max-video-preview":"max-video-preview:-1"},"canonical":"https:\/\/shezamme.com\/en\/sklep\/tshirts-2\/all-tshirts\/syna-world-x-central-cee-x-6pm-link-up-tee-black-2\/","og_locale":"en_US","og_type":"article","og_title":"Syna World x Central Cee x 6PM Link Up Tee Black - SHEZAMME","og_description":"Syna World x Central Cee x 6PM Link Up Tee Black | Luksusowe i autentyczne przedmioty w jednym miejscu. B\u0105d\u017a na bie\u017c\u0105co i sprawd\u017a nasz\u0105 ofert\u0119 ju\u017c teraz","og_url":"https:\/\/shezamme.com\/en\/sklep\/tshirts-2\/all-tshirts\/syna-world-x-central-cee-x-6pm-link-up-tee-black-2\/","og_site_name":"SHEZAMME - Yeezy, Jordan, Supreme i inne oryginalne rzeczy","article_publisher":"https:\/\/www.facebook.com\/SHEZAMME\/","article_modified_time":"2025-09-11T07:10:07+00:00","og_image":[{"width":2048,"height":2048,"url":"https:\/\/shezamme.com\/wp-content\/uploads\/2025\/05\/Corteiz-Jack-Boys-Tee-White-3.png","type":"image\/png"}],"twitter_card":"summary_large_image","twitter_site":"@SHEZAMME","twitter_misc":{"Est. reading time":"1 minute"},"schema":{"@context":"https:\/\/schema.org","@graph":[{"@type":"WebPage","@id":"https:\/\/shezamme.com\/sklep\/koszulki\/wszystkie-koszulki\/syna-world-x-central-cee-x-6pm-link-up-tee-black-2\/","url":"https:\/\/shezamme.com\/sklep\/koszulki\/wszystkie-koszulki\/syna-world-x-central-cee-x-6pm-link-up-tee-black-2\/","name":"Syna World x Central Cee x 6PM Link Up Tee Black - SHEZAMME","isPartOf":{"@id":"https:\/\/shezamme.com\/#website"},"primaryImageOfPage":{"@id":"https:\/\/shezamme.com\/sklep\/koszulki\/wszystkie-koszulki\/syna-world-x-central-cee-x-6pm-link-up-tee-black-2\/#primaryimage"},"image":{"@id":"https:\/\/shezamme.com\/sklep\/koszulki\/wszystkie-koszulki\/syna-world-x-central-cee-x-6pm-link-up-tee-black-2\/#primaryimage"},"thumbnailUrl":"https:\/\/shezamme.com\/wp-content\/uploads\/2025\/05\/Corteiz-Jack-Boys-Tee-White-3.png","datePublished":"2025-05-04T16:19:03+00:00","dateModified":"2025-09-11T07:10:07+00:00","description":"Syna World x Central Cee x 6PM Link Up Tee Black | Luksusowe i autentyczne przedmioty w jednym miejscu. B\u0105d\u017a na bie\u017c\u0105co i sprawd\u017a nasz\u0105 ofert\u0119 ju\u017c teraz","breadcrumb":{"@id":"https:\/\/shezamme.com\/sklep\/koszulki\/wszystkie-koszulki\/syna-world-x-central-cee-x-6pm-link-up-tee-black-2\/#breadcrumb"},"inLanguage":"en-US","potentialAction":[{"@type":"ReadAction","target":["https:\/\/shezamme.com\/sklep\/koszulki\/wszystkie-koszulki\/syna-world-x-central-cee-x-6pm-link-up-tee-black-2\/"]}]},{"@type":"ImageObject","inLanguage":"en-US","@id":"https:\/\/shezamme.com\/sklep\/koszulki\/wszystkie-koszulki\/syna-world-x-central-cee-x-6pm-link-up-tee-black-2\/#primaryimage","url":"https:\/\/shezamme.com\/wp-content\/uploads\/2025\/05\/Corteiz-Jack-Boys-Tee-White-3.png","contentUrl":"https:\/\/shezamme.com\/wp-content\/uploads\/2025\/05\/Corteiz-Jack-Boys-Tee-White-3.png","width":2048,"height":2048},{"@type":"BreadcrumbList","@id":"https:\/\/shezamme.com\/sklep\/koszulki\/wszystkie-koszulki\/syna-world-x-central-cee-x-6pm-link-up-tee-black-2\/#breadcrumb","itemListElement":[{"@type":"ListItem","position":1,"name":"Strona g\u0142\u00f3wna","item":"https:\/\/shezamme.com\/"},{"@type":"ListItem","position":2,"name":"Sklep","item":"https:\/\/shezamme.com\/sklep\/"},{"@type":"ListItem","position":3,"name":"Syna World x Central Cee x 6PM Link Up Tee Black"}]},{"@type":"WebSite","@id":"https:\/\/shezamme.com\/#website","url":"https:\/\/shezamme.com\/","name":"SHEZAMME - Sneakers, Streetwear and luxury brands","description":"Original and exclusive items in one place. Check out our products now and stay up to date with all launches.","publisher":{"@id":"https:\/\/shezamme.com\/#organization"},"potentialAction":[{"@type":"SearchAction","target":{"@type":"EntryPoint","urlTemplate":"https:\/\/shezamme.com\/?s={search_term_string}"},"query-input":{"@type":"PropertyValueSpecification","valueRequired":true,"valueName":"search_term_string"}}],"inLanguage":"en-US"},{"@type":"Organization","@id":"https:\/\/shezamme.com\/#organization","name":"SHEZAMME - Sneakers, Streetwear and luxury brands","url":"https:\/\/shezamme.com\/","logo":{"@type":"ImageObject","inLanguage":"en-US","@id":"https:\/\/shezamme.com\/#\/schema\/logo\/image\/","url":"https:\/\/shezamme.com\/wp-content\/uploads\/2023\/02\/0x0.png","contentUrl":"https:\/\/shezamme.com\/wp-content\/uploads\/2023\/02\/0x0.png","width":2000,"height":2000,"caption":"SHEZAMME - Sneakersy, Streetwear i luksusowe marki"},"image":{"@id":"https:\/\/shezamme.com\/#\/schema\/logo\/image\/"},"sameAs":["https:\/\/www.facebook.com\/SHEZAMME\/","https:\/\/x.com\/SHEZAMME","https:\/\/www.instagram.com\/shezamme\/","https:\/\/www.youtube.com\/channel\/UCsTJxi_9fODHdO_1bmJbqvQ","https:\/\/www.tiktok.com\/shezamme.com"]}]}},"brands":[{"id":1090,"name":"Synaworld","slug":"synaworld"}],"_links":{"self":[{"href":"https:\/\/shezamme.com\/en\/wp-json\/wp\/v2\/product\/181182","targetHints":{"allow":["GET"]}}],"collection":[{"href":"https:\/\/shezamme.com\/en\/wp-json\/wp\/v2\/product"}],"about":[{"href":"https:\/\/shezamme.com\/en\/wp-json\/wp\/v2\/types\/product"}],"wp:featuredmedia":[{"embeddable":true,"href":"https:\/\/shezamme.com\/en\/wp-json\/wp\/v2\/media\/181192"}],"wp:attachment":[{"href":"https:\/\/shezamme.com\/en\/wp-json\/wp\/v2\/media?parent=181182"}],"wp:term":[{"taxonomy":"pwb-brand","embeddable":true,"href":"https:\/\/shezamme.com\/en\/wp-json\/wp\/v2\/pwb-brand?post=181182"},{"taxonomy":"product_brand","embeddable":true,"href":"https:\/\/shezamme.com\/en\/wp-json\/wp\/v2\/product_brand?post=181182"},{"taxonomy":"product_cat","embeddable":true,"href":"https:\/\/shezamme.com\/en\/wp-json\/wp\/v2\/product_cat?post=181182"},{"taxonomy":"product_tag","embeddable":true,"href":"https:\/\/shezamme.com\/en\/wp-json\/wp\/v2\/product_tag?post=181182"}],"curies":[{"name":"wp","href":"https:\/\/api.w.org\/{rel}","templated":true}]}}