{"id":181180,"date":"2025-05-04T18:16:40","date_gmt":"2025-05-04T16:16:40","guid":{"rendered":"https:\/\/shezamme.com\/?post_type=product&#038;p=181180"},"modified":"2025-11-26T07:40:24","modified_gmt":"2025-11-26T06:40:24","slug":"fc-barcelona-x-travis-scott-limited-edition-2024-25-jersey","status":"publish","type":"product","link":"https:\/\/shezamme.com\/en\/sklep\/koszulki\/wszystkie-koszulki\/fc-barcelona-x-travis-scott-limited-edition-2024-25-jersey\/","title":{"rendered":"FC Barcelona x Travis Scott Limited Edition 2024\/25 Jersey"},"content":{"rendered":"<h2 class=\"\" data-start=\"0\" data-end=\"99\">FC Barcelona x Travis Scott Jersey 2024\/25 \u2013 po\u0142\u0105czenie sportowej technologii i kultury ulicznej<\/h2>\n<p class=\"\" data-start=\"101\" data-end=\"518\">Limitowana koszulka meczowa 2024\/25 to efekt wsp\u00f3\u0142pracy FC Barcelony z Travisem Scottem \u2013 projekt, kt\u00f3ry \u0142\u0105czy elitarn\u0105 technologi\u0119 Nike Dri-FIT ADV z wyrazist\u0105 estetyk\u0105 Cactus Jack. W ciemnej, ziemistej palecie (czer\u0144, br\u0105z, be\u017c) znalaz\u0142y si\u0119 charakterystyczne detale: logo Barcelony, znak Nike oraz branding Travisa w miejscu g\u0142\u00f3wnego sponsora. Techniczny, dopasowany kr\u00f3j slim-fit odpowiada standardom zawodniczym.<\/p>\n<h2 class=\"\" data-start=\"520\" data-end=\"568\">Jersey kolekcjonerski z duchem pi\u0142ki i muzyki<\/h2>\n<p class=\"\" data-start=\"570\" data-end=\"966\">Wykonana w 100% z oddychaj\u0105cego poliestru, koszulka oferuje maksymalny komfort podczas ruchu, ale jej najwi\u0119ksz\u0105 si\u0142\u0105 jest warto\u015b\u0107 symboliczna. Edycja powsta\u0142a przy okazji specjalnej kampanii, zawiera spersonalizowan\u0105 metk\u0119 oraz unikalne grafiki inspirowane \u015bwiatem Travisa. To nie tylko oficjalny jersey sezonu \u2013 to ho\u0142d dla momentu, w kt\u00f3rym sport i streetwear spotykaj\u0105 si\u0119 w jednym projekcie.<\/p>","protected":false},"excerpt":{"rendered":"<h2 class=\"\" data-start=\"0\" data-end=\"82\">FC Barcelona x Travis Scott Jersey 2024\/25 \u2013 techniczna koszulka z ulicznym DNA<\/h2>\n<p class=\"\" data-start=\"84\" data-end=\"279\">Limitowany model w ciemnej palecie kolor\u00f3w \u0142\u0105czy estetyk\u0119 Cactus Jack z profesjonalnym fasonem Nike Dri-FIT ADV, tworz\u0105c jersey na pograniczu pi\u0142ki no\u017cnej, streetwearu i kultury kolekcjonerskiej.<\/p>","protected":false},"featured_media":181189,"template":"","meta":{"_acf_changed":false},"pwb-brand":[756,1086],"product_brand":[],"product_cat":[140,931,903],"product_tag":[1008,1009],"class_list":{"0":"post-181180","1":"product","2":"type-product","3":"status-publish","4":"has-post-thumbnail","6":"pwb-brand-nike","7":"pwb-brand-travis-scott","8":"product_cat-koszulki","9":"product_cat-koszulki-travis-scott","10":"product_cat-wszystkie-koszulki","11":"product_tag-kobieta","12":"product_tag-mezczyzna","13":"pa_rozmiar-ubrania-l","14":"pa_rozmiar-ubrania-m","15":"pa_rozmiar-ubrania-s","16":"pa_rozmiar-ubrania-xl","18":"first","19":"onbackorder","20":"taxable","21":"shipping-taxable","22":"purchasable","23":"product-type-variable"},"acf":[],"yoast_head":"<!-- This site is optimized with the Yoast SEO plugin v27.2 - https:\/\/yoast.com\/product\/yoast-seo-wordpress\/ -->\n<title>FC Barcelona x Travis Scott Limited Edition 2024\/25 Jersey - SHEZAMME<\/title>\n<meta name=\"description\" content=\"FC Barcelona x Travis Scott Limited Edition 2024\/25 Jersey | Luksusowe i autentyczne przedmioty w jednym miejscu. B\u0105d\u017a na bie\u017c\u0105co i sprawd\u017a nasz\u0105 ofert\u0119 ju\u017c teraz\" \/>\n<meta name=\"robots\" content=\"index, follow, max-snippet:-1, max-image-preview:large, max-video-preview:-1\" \/>\n<link rel=\"canonical\" href=\"https:\/\/shezamme.com\/en\/sklep\/tshirts-2\/all-tshirts\/fc-barcelona-x-travis-scott-limited-edition-2024-25-jersey\/\" \/>\n<meta property=\"og:locale\" content=\"en_US\" \/>\n<meta property=\"og:type\" content=\"article\" \/>\n<meta property=\"og:title\" content=\"FC Barcelona x Travis Scott Limited Edition 2024\/25 Jersey - SHEZAMME\" \/>\n<meta property=\"og:description\" content=\"FC Barcelona x Travis Scott Limited Edition 2024\/25 Jersey | Luksusowe i autentyczne przedmioty w jednym miejscu. B\u0105d\u017a na bie\u017c\u0105co i sprawd\u017a nasz\u0105 ofert\u0119 ju\u017c teraz\" \/>\n<meta property=\"og:url\" content=\"https:\/\/shezamme.com\/en\/sklep\/tshirts-2\/all-tshirts\/fc-barcelona-x-travis-scott-limited-edition-2024-25-jersey\/\" \/>\n<meta property=\"og:site_name\" content=\"SHEZAMME - Yeezy, Jordan, Supreme i inne oryginalne rzeczy\" \/>\n<meta property=\"article:publisher\" content=\"https:\/\/www.facebook.com\/SHEZAMME\/\" \/>\n<meta property=\"article:modified_time\" content=\"2025-11-26T06:40:24+00:00\" \/>\n<meta property=\"og:image\" content=\"https:\/\/shezamme.com\/wp-content\/uploads\/2025\/05\/FC-Barcelona-x-Travis-Scott-Limited-Edition-2024-25-Jersey.png\" \/>\n\t<meta property=\"og:image:width\" content=\"635\" \/>\n\t<meta property=\"og:image:height\" content=\"557\" \/>\n\t<meta property=\"og:image:type\" content=\"image\/png\" \/>\n<meta name=\"twitter:card\" content=\"summary_large_image\" \/>\n<meta name=\"twitter:site\" content=\"@SHEZAMME\" \/>\n<meta name=\"twitter:label1\" content=\"Est. reading time\" \/>\n\t<meta name=\"twitter:data1\" content=\"1 minute\" \/>\n<script type=\"application\/ld+json\" class=\"yoast-schema-graph\">{\"@context\":\"https:\/\/schema.org\",\"@graph\":[{\"@type\":\"WebPage\",\"@id\":\"https:\/\/shezamme.com\/sklep\/koszulki\/wszystkie-koszulki\/fc-barcelona-x-travis-scott-limited-edition-2024-25-jersey\/\",\"url\":\"https:\/\/shezamme.com\/sklep\/koszulki\/wszystkie-koszulki\/fc-barcelona-x-travis-scott-limited-edition-2024-25-jersey\/\",\"name\":\"FC Barcelona x Travis Scott Limited Edition 2024\/25 Jersey - SHEZAMME\",\"isPartOf\":{\"@id\":\"https:\/\/shezamme.com\/#website\"},\"primaryImageOfPage\":{\"@id\":\"https:\/\/shezamme.com\/sklep\/koszulki\/wszystkie-koszulki\/fc-barcelona-x-travis-scott-limited-edition-2024-25-jersey\/#primaryimage\"},\"image\":{\"@id\":\"https:\/\/shezamme.com\/sklep\/koszulki\/wszystkie-koszulki\/fc-barcelona-x-travis-scott-limited-edition-2024-25-jersey\/#primaryimage\"},\"thumbnailUrl\":\"https:\/\/shezamme.com\/wp-content\/uploads\/2025\/05\/FC-Barcelona-x-Travis-Scott-Limited-Edition-2024-25-Jersey.png\",\"datePublished\":\"2025-05-04T16:16:40+00:00\",\"dateModified\":\"2025-11-26T06:40:24+00:00\",\"description\":\"FC Barcelona x Travis Scott Limited Edition 2024\/25 Jersey | Luksusowe i autentyczne przedmioty w jednym miejscu. B\u0105d\u017a na bie\u017c\u0105co i sprawd\u017a nasz\u0105 ofert\u0119 ju\u017c teraz\",\"breadcrumb\":{\"@id\":\"https:\/\/shezamme.com\/sklep\/koszulki\/wszystkie-koszulki\/fc-barcelona-x-travis-scott-limited-edition-2024-25-jersey\/#breadcrumb\"},\"inLanguage\":\"en-US\",\"potentialAction\":[{\"@type\":\"ReadAction\",\"target\":[\"https:\/\/shezamme.com\/sklep\/koszulki\/wszystkie-koszulki\/fc-barcelona-x-travis-scott-limited-edition-2024-25-jersey\/\"]}]},{\"@type\":\"ImageObject\",\"inLanguage\":\"en-US\",\"@id\":\"https:\/\/shezamme.com\/sklep\/koszulki\/wszystkie-koszulki\/fc-barcelona-x-travis-scott-limited-edition-2024-25-jersey\/#primaryimage\",\"url\":\"https:\/\/shezamme.com\/wp-content\/uploads\/2025\/05\/FC-Barcelona-x-Travis-Scott-Limited-Edition-2024-25-Jersey.png\",\"contentUrl\":\"https:\/\/shezamme.com\/wp-content\/uploads\/2025\/05\/FC-Barcelona-x-Travis-Scott-Limited-Edition-2024-25-Jersey.png\",\"width\":635,\"height\":557},{\"@type\":\"BreadcrumbList\",\"@id\":\"https:\/\/shezamme.com\/sklep\/koszulki\/wszystkie-koszulki\/fc-barcelona-x-travis-scott-limited-edition-2024-25-jersey\/#breadcrumb\",\"itemListElement\":[{\"@type\":\"ListItem\",\"position\":1,\"name\":\"Strona g\u0142\u00f3wna\",\"item\":\"https:\/\/shezamme.com\/\"},{\"@type\":\"ListItem\",\"position\":2,\"name\":\"Sklep\",\"item\":\"https:\/\/shezamme.com\/sklep\/\"},{\"@type\":\"ListItem\",\"position\":3,\"name\":\"FC Barcelona x Travis Scott Limited Edition 2024\/25 Jersey\"}]},{\"@type\":\"WebSite\",\"@id\":\"https:\/\/shezamme.com\/#website\",\"url\":\"https:\/\/shezamme.com\/\",\"name\":\"SHEZAMME - Sneakersy, Streetwear i luksusowe marki\",\"description\":\"Oryginalne i ekskluzywne przedmioty w jednym miejscu. Sprawd\u017a nasze produkty ju\u017c teraz i b\u0105d\u017a na bie\u017c\u0105co z wszystkimi premierami.\",\"publisher\":{\"@id\":\"https:\/\/shezamme.com\/#organization\"},\"potentialAction\":[{\"@type\":\"SearchAction\",\"target\":{\"@type\":\"EntryPoint\",\"urlTemplate\":\"https:\/\/shezamme.com\/?s={search_term_string}\"},\"query-input\":{\"@type\":\"PropertyValueSpecification\",\"valueRequired\":true,\"valueName\":\"search_term_string\"}}],\"inLanguage\":\"en-US\"},{\"@type\":\"Organization\",\"@id\":\"https:\/\/shezamme.com\/#organization\",\"name\":\"SHEZAMME - Sneakersy, Streetwear i luksusowe marki\",\"url\":\"https:\/\/shezamme.com\/\",\"logo\":{\"@type\":\"ImageObject\",\"inLanguage\":\"en-US\",\"@id\":\"https:\/\/shezamme.com\/#\/schema\/logo\/image\/\",\"url\":\"https:\/\/shezamme.com\/wp-content\/uploads\/2023\/02\/0x0.png\",\"contentUrl\":\"https:\/\/shezamme.com\/wp-content\/uploads\/2023\/02\/0x0.png\",\"width\":2000,\"height\":2000,\"caption\":\"SHEZAMME - Sneakersy, Streetwear i luksusowe marki\"},\"image\":{\"@id\":\"https:\/\/shezamme.com\/#\/schema\/logo\/image\/\"},\"sameAs\":[\"https:\/\/www.facebook.com\/SHEZAMME\/\",\"https:\/\/x.com\/SHEZAMME\",\"https:\/\/www.instagram.com\/shezamme\/\",\"https:\/\/www.youtube.com\/channel\/UCsTJxi_9fODHdO_1bmJbqvQ\",\"https:\/\/www.tiktok.com\/shezamme.com\"]}]}<\/script>\n<!-- \/ Yoast SEO plugin. -->","yoast_head_json":{"title":"FC Barcelona x Travis Scott Limited Edition 2024\/25 Jersey - SHEZAMME","description":"FC Barcelona x Travis Scott Limited Edition 2024\/25 Jersey | Luksusowe i autentyczne przedmioty w jednym miejscu. B\u0105d\u017a na bie\u017c\u0105co i sprawd\u017a nasz\u0105 ofert\u0119 ju\u017c teraz","robots":{"index":"index","follow":"follow","max-snippet":"max-snippet:-1","max-image-preview":"max-image-preview:large","max-video-preview":"max-video-preview:-1"},"canonical":"https:\/\/shezamme.com\/en\/sklep\/tshirts-2\/all-tshirts\/fc-barcelona-x-travis-scott-limited-edition-2024-25-jersey\/","og_locale":"en_US","og_type":"article","og_title":"FC Barcelona x Travis Scott Limited Edition 2024\/25 Jersey - SHEZAMME","og_description":"FC Barcelona x Travis Scott Limited Edition 2024\/25 Jersey | Luksusowe i autentyczne przedmioty w jednym miejscu. B\u0105d\u017a na bie\u017c\u0105co i sprawd\u017a nasz\u0105 ofert\u0119 ju\u017c teraz","og_url":"https:\/\/shezamme.com\/en\/sklep\/tshirts-2\/all-tshirts\/fc-barcelona-x-travis-scott-limited-edition-2024-25-jersey\/","og_site_name":"SHEZAMME - Yeezy, Jordan, Supreme i inne oryginalne rzeczy","article_publisher":"https:\/\/www.facebook.com\/SHEZAMME\/","article_modified_time":"2025-11-26T06:40:24+00:00","og_image":[{"width":635,"height":557,"url":"https:\/\/shezamme.com\/wp-content\/uploads\/2025\/05\/FC-Barcelona-x-Travis-Scott-Limited-Edition-2024-25-Jersey.png","type":"image\/png"}],"twitter_card":"summary_large_image","twitter_site":"@SHEZAMME","twitter_misc":{"Est. reading time":"1 minute"},"schema":{"@context":"https:\/\/schema.org","@graph":[{"@type":"WebPage","@id":"https:\/\/shezamme.com\/sklep\/koszulki\/wszystkie-koszulki\/fc-barcelona-x-travis-scott-limited-edition-2024-25-jersey\/","url":"https:\/\/shezamme.com\/sklep\/koszulki\/wszystkie-koszulki\/fc-barcelona-x-travis-scott-limited-edition-2024-25-jersey\/","name":"FC Barcelona x Travis Scott Limited Edition 2024\/25 Jersey - SHEZAMME","isPartOf":{"@id":"https:\/\/shezamme.com\/#website"},"primaryImageOfPage":{"@id":"https:\/\/shezamme.com\/sklep\/koszulki\/wszystkie-koszulki\/fc-barcelona-x-travis-scott-limited-edition-2024-25-jersey\/#primaryimage"},"image":{"@id":"https:\/\/shezamme.com\/sklep\/koszulki\/wszystkie-koszulki\/fc-barcelona-x-travis-scott-limited-edition-2024-25-jersey\/#primaryimage"},"thumbnailUrl":"https:\/\/shezamme.com\/wp-content\/uploads\/2025\/05\/FC-Barcelona-x-Travis-Scott-Limited-Edition-2024-25-Jersey.png","datePublished":"2025-05-04T16:16:40+00:00","dateModified":"2025-11-26T06:40:24+00:00","description":"FC Barcelona x Travis Scott Limited Edition 2024\/25 Jersey | Luksusowe i autentyczne przedmioty w jednym miejscu. B\u0105d\u017a na bie\u017c\u0105co i sprawd\u017a nasz\u0105 ofert\u0119 ju\u017c teraz","breadcrumb":{"@id":"https:\/\/shezamme.com\/sklep\/koszulki\/wszystkie-koszulki\/fc-barcelona-x-travis-scott-limited-edition-2024-25-jersey\/#breadcrumb"},"inLanguage":"en-US","potentialAction":[{"@type":"ReadAction","target":["https:\/\/shezamme.com\/sklep\/koszulki\/wszystkie-koszulki\/fc-barcelona-x-travis-scott-limited-edition-2024-25-jersey\/"]}]},{"@type":"ImageObject","inLanguage":"en-US","@id":"https:\/\/shezamme.com\/sklep\/koszulki\/wszystkie-koszulki\/fc-barcelona-x-travis-scott-limited-edition-2024-25-jersey\/#primaryimage","url":"https:\/\/shezamme.com\/wp-content\/uploads\/2025\/05\/FC-Barcelona-x-Travis-Scott-Limited-Edition-2024-25-Jersey.png","contentUrl":"https:\/\/shezamme.com\/wp-content\/uploads\/2025\/05\/FC-Barcelona-x-Travis-Scott-Limited-Edition-2024-25-Jersey.png","width":635,"height":557},{"@type":"BreadcrumbList","@id":"https:\/\/shezamme.com\/sklep\/koszulki\/wszystkie-koszulki\/fc-barcelona-x-travis-scott-limited-edition-2024-25-jersey\/#breadcrumb","itemListElement":[{"@type":"ListItem","position":1,"name":"Strona g\u0142\u00f3wna","item":"https:\/\/shezamme.com\/"},{"@type":"ListItem","position":2,"name":"Sklep","item":"https:\/\/shezamme.com\/sklep\/"},{"@type":"ListItem","position":3,"name":"FC Barcelona x Travis Scott Limited Edition 2024\/25 Jersey"}]},{"@type":"WebSite","@id":"https:\/\/shezamme.com\/#website","url":"https:\/\/shezamme.com\/","name":"SHEZAMME - Sneakers, Streetwear and luxury brands","description":"Original and exclusive items in one place. Check out our products now and stay up to date with all launches.","publisher":{"@id":"https:\/\/shezamme.com\/#organization"},"potentialAction":[{"@type":"SearchAction","target":{"@type":"EntryPoint","urlTemplate":"https:\/\/shezamme.com\/?s={search_term_string}"},"query-input":{"@type":"PropertyValueSpecification","valueRequired":true,"valueName":"search_term_string"}}],"inLanguage":"en-US"},{"@type":"Organization","@id":"https:\/\/shezamme.com\/#organization","name":"SHEZAMME - Sneakers, Streetwear and luxury brands","url":"https:\/\/shezamme.com\/","logo":{"@type":"ImageObject","inLanguage":"en-US","@id":"https:\/\/shezamme.com\/#\/schema\/logo\/image\/","url":"https:\/\/shezamme.com\/wp-content\/uploads\/2023\/02\/0x0.png","contentUrl":"https:\/\/shezamme.com\/wp-content\/uploads\/2023\/02\/0x0.png","width":2000,"height":2000,"caption":"SHEZAMME - Sneakersy, Streetwear i luksusowe marki"},"image":{"@id":"https:\/\/shezamme.com\/#\/schema\/logo\/image\/"},"sameAs":["https:\/\/www.facebook.com\/SHEZAMME\/","https:\/\/x.com\/SHEZAMME","https:\/\/www.instagram.com\/shezamme\/","https:\/\/www.youtube.com\/channel\/UCsTJxi_9fODHdO_1bmJbqvQ","https:\/\/www.tiktok.com\/shezamme.com"]}]}},"brands":[{"id":756,"name":"Nike","slug":"nike"},{"id":1086,"name":"Travis Scott","slug":"travis-scott"}],"_links":{"self":[{"href":"https:\/\/shezamme.com\/en\/wp-json\/wp\/v2\/product\/181180","targetHints":{"allow":["GET"]}}],"collection":[{"href":"https:\/\/shezamme.com\/en\/wp-json\/wp\/v2\/product"}],"about":[{"href":"https:\/\/shezamme.com\/en\/wp-json\/wp\/v2\/types\/product"}],"wp:featuredmedia":[{"embeddable":true,"href":"https:\/\/shezamme.com\/en\/wp-json\/wp\/v2\/media\/181189"}],"wp:attachment":[{"href":"https:\/\/shezamme.com\/en\/wp-json\/wp\/v2\/media?parent=181180"}],"wp:term":[{"taxonomy":"pwb-brand","embeddable":true,"href":"https:\/\/shezamme.com\/en\/wp-json\/wp\/v2\/pwb-brand?post=181180"},{"taxonomy":"product_brand","embeddable":true,"href":"https:\/\/shezamme.com\/en\/wp-json\/wp\/v2\/product_brand?post=181180"},{"taxonomy":"product_cat","embeddable":true,"href":"https:\/\/shezamme.com\/en\/wp-json\/wp\/v2\/product_cat?post=181180"},{"taxonomy":"product_tag","embeddable":true,"href":"https:\/\/shezamme.com\/en\/wp-json\/wp\/v2\/product_tag?post=181180"}],"curies":[{"name":"wp","href":"https:\/\/api.w.org\/{rel}","templated":true}]}}