{"id":179344,"date":"2025-04-30T14:26:37","date_gmt":"2025-04-30T12:26:37","guid":{"rendered":"https:\/\/shezamme.com\/?post_type=product&#038;p=179344"},"modified":"2025-06-24T17:00:40","modified_gmt":"2025-06-24T15:00:40","slug":"off-white-x-dunk-low-lot-41-of-50","status":"publish","type":"product","link":"https:\/\/shezamme.com\/en\/sklep\/buty\/inne\/nike-x-off-white-lot\/off-white-x-dunk-low-lot-41-of-50\/","title":{"rendered":"Off-White x Dunk Low Lot 41 of 50"},"content":{"rendered":"<h2 class=\"\" data-start=\"127\" data-end=\"220\">Off-White\u2122 x Nike Dunk Low &#8222;Lot 41 of 50&#8221; \u2013 subtelna gra b\u0142\u0119kitu na dekonstrukcyjnej bazie<\/h2>\n<p class=\"\" data-start=\"222\" data-end=\"882\">Model &#8222;Lot 41 of 50&#8221; to czterdziesty pierwszy wariant z kultowej serii \u201eThe 50\u201d, zaprojektowanej przez Virgila Abloha jako artystyczna reinterpretacja Dunk Low. Cholewka zbudowana jest z kontrastowych materia\u0142\u00f3w: g\u0142adkiej, bia\u0142ej sk\u00f3ry naturalnej i szorstkiego, jasnoszarego canvasu, co tworzy fundament charakterystyczny dla estetyki <em data-start=\"557\" data-end=\"572\">deconstructed<\/em>. Pastelowoniebieskie akcenty \u2013 widoczne na podw\u00f3jnych sznurowaniach (overlace) i zip-tie \u2013 wprowadzaj\u0105 \u015bwie\u017co\u015b\u0107 i subtelny ton kolorystyczny, kt\u00f3ry delikatnie prze\u0142amuje neutralno\u015b\u0107 bazy. Industrialne nadruki Off-White\u2122 po wewn\u0119trznej stronie cholewki to kolejny detal, kt\u00f3ry podkre\u015bla autentyczno\u015b\u0107 kolekcji.<\/p>\n<h2 class=\"\" data-start=\"884\" data-end=\"945\">Numerowana edycja i konsekwencja w designie serii \u201eThe 50\u201d<\/h2>\n<p class=\"\" data-start=\"947\" data-end=\"1465\">Model &#8222;41 of 50&#8221; wyposa\u017cono w metalow\u0105 plakietk\u0119 z numerem wariantu, umieszczon\u0105 przy bocznej cz\u0119\u015bci podeszwy \u2013 znak przynale\u017cno\u015bci do limitowanej kolekcji. Standardowa podeszwa: jasnoszara z bia\u0142ym midsolem, wpisuje si\u0119 w sp\u00f3jn\u0105 to\u017csamo\u015b\u0107 projektow\u0105 lot\u00f3w 02\u201349. Off-White\u2122 x Nike Dunk Low &#8222;Lot 41 of 50&#8221; to wywa\u017cone po\u0142\u0105czenie ponadczasowej sylwetki, nowoczesnych materia\u0142\u00f3w i delikatnego, ale znacz\u0105cego akcentu kolorystycznego \u2013 sneakers dla tych, kt\u00f3rzy szukaj\u0105 harmonii pomi\u0119dzy klasyk\u0105 a konceptualnym designem.<\/p>","protected":false},"excerpt":{"rendered":"<h2 class=\"\" data-start=\"1530\" data-end=\"1605\">Off-White\u2122 x Nike Dunk Low &#8222;Lot 41 of 50&#8221; \u2013 klasyka z b\u0142\u0119kitnym akcentem<\/h2>\n<p class=\"\" data-start=\"1607\" data-end=\"1749\">Model &#8222;41 of 50&#8221; \u0142\u0105czy bia\u0142\u0105 sk\u00f3r\u0119, szary canvas i pastelowy b\u0142\u0119kit, oferuj\u0105c spokojn\u0105, ale wyrazist\u0105 wariacj\u0119 Dunk Low w estetyce Off-White\u2122.<\/p>","protected":false},"featured_media":178032,"template":"","meta":{"_acf_changed":false},"pwb-brand":[756,755],"product_brand":[],"product_cat":[16,105,785,788,1178],"product_tag":[1008,1009],"class_list":{"0":"post-179344","1":"product","2":"type-product","3":"status-publish","4":"has-post-thumbnail","6":"pwb-brand-nike","7":"pwb-brand-off-white","8":"product_cat-buty","9":"product_cat-dunk","10":"product_cat-nike-dunk-low","11":"product_cat-nike-x-off-white","12":"product_cat-nike-x-off-white-lot","13":"product_tag-kobieta","14":"product_tag-mezczyzna","16":"first","17":"onbackorder","18":"taxable","19":"shipping-taxable","20":"purchasable","21":"product-type-variable"},"acf":[],"yoast_head":"<!-- This site is optimized with the Yoast SEO plugin v27.2 - https:\/\/yoast.com\/product\/yoast-seo-wordpress\/ -->\n<title>Off-White x Dunk Low Lot 41 of 50 - SHEZAMME<\/title>\n<meta name=\"description\" content=\"Off-White x Dunk Low Lot 41 of 50 | Luksusowe i autentyczne przedmioty w jednym miejscu. B\u0105d\u017a na bie\u017c\u0105co i sprawd\u017a nasz\u0105 ofert\u0119 ju\u017c teraz\" \/>\n<meta name=\"robots\" content=\"index, follow, max-snippet:-1, max-image-preview:large, max-video-preview:-1\" \/>\n<link rel=\"canonical\" href=\"https:\/\/shezamme.com\/en\/sklep\/sneakers-2\/others\/nike-x-off-white-lot\/off-white-x-dunk-low-lot-41-of-50\/\" \/>\n<meta property=\"og:locale\" content=\"en_US\" \/>\n<meta property=\"og:type\" content=\"article\" \/>\n<meta property=\"og:title\" content=\"Off-White x Dunk Low Lot 41 of 50 - SHEZAMME\" \/>\n<meta property=\"og:description\" content=\"Off-White x Dunk Low Lot 41 of 50 | Luksusowe i autentyczne przedmioty w jednym miejscu. B\u0105d\u017a na bie\u017c\u0105co i sprawd\u017a nasz\u0105 ofert\u0119 ju\u017c teraz\" \/>\n<meta property=\"og:url\" content=\"https:\/\/shezamme.com\/en\/sklep\/sneakers-2\/others\/nike-x-off-white-lot\/off-white-x-dunk-low-lot-41-of-50\/\" \/>\n<meta property=\"og:site_name\" content=\"SHEZAMME - Yeezy, Jordan, Supreme i inne oryginalne rzeczy\" \/>\n<meta property=\"article:publisher\" content=\"https:\/\/www.facebook.com\/SHEZAMME\/\" \/>\n<meta property=\"article:modified_time\" content=\"2025-06-24T15:00:40+00:00\" \/>\n<meta property=\"og:image\" content=\"https:\/\/shezamme.com\/wp-content\/uploads\/2025\/04\/off-white-x-dunk-low-dear-summer-41-of-50-1.webp\" \/>\n\t<meta property=\"og:image:width\" content=\"1000\" \/>\n\t<meta property=\"og:image:height\" content=\"463\" \/>\n\t<meta property=\"og:image:type\" content=\"image\/webp\" \/>\n<meta name=\"twitter:card\" content=\"summary_large_image\" \/>\n<meta name=\"twitter:site\" content=\"@SHEZAMME\" \/>\n<meta name=\"twitter:label1\" content=\"Est. reading time\" \/>\n\t<meta name=\"twitter:data1\" content=\"1 minute\" \/>\n<script type=\"application\/ld+json\" class=\"yoast-schema-graph\">{\"@context\":\"https:\/\/schema.org\",\"@graph\":[{\"@type\":\"WebPage\",\"@id\":\"https:\/\/shezamme.com\/sklep\/buty\/inne\/nike-x-off-white-lot\/off-white-x-dunk-low-lot-41-of-50\/\",\"url\":\"https:\/\/shezamme.com\/sklep\/buty\/inne\/nike-x-off-white-lot\/off-white-x-dunk-low-lot-41-of-50\/\",\"name\":\"Off-White x Dunk Low Lot 41 of 50 - SHEZAMME\",\"isPartOf\":{\"@id\":\"https:\/\/shezamme.com\/#website\"},\"primaryImageOfPage\":{\"@id\":\"https:\/\/shezamme.com\/sklep\/buty\/inne\/nike-x-off-white-lot\/off-white-x-dunk-low-lot-41-of-50\/#primaryimage\"},\"image\":{\"@id\":\"https:\/\/shezamme.com\/sklep\/buty\/inne\/nike-x-off-white-lot\/off-white-x-dunk-low-lot-41-of-50\/#primaryimage\"},\"thumbnailUrl\":\"https:\/\/shezamme.com\/wp-content\/uploads\/2025\/04\/off-white-x-dunk-low-dear-summer-41-of-50-1.webp\",\"datePublished\":\"2025-04-30T12:26:37+00:00\",\"dateModified\":\"2025-06-24T15:00:40+00:00\",\"description\":\"Off-White x Dunk Low Lot 41 of 50 | Luksusowe i autentyczne przedmioty w jednym miejscu. B\u0105d\u017a na bie\u017c\u0105co i sprawd\u017a nasz\u0105 ofert\u0119 ju\u017c teraz\",\"breadcrumb\":{\"@id\":\"https:\/\/shezamme.com\/sklep\/buty\/inne\/nike-x-off-white-lot\/off-white-x-dunk-low-lot-41-of-50\/#breadcrumb\"},\"inLanguage\":\"en-US\",\"potentialAction\":[{\"@type\":\"ReadAction\",\"target\":[\"https:\/\/shezamme.com\/sklep\/buty\/inne\/nike-x-off-white-lot\/off-white-x-dunk-low-lot-41-of-50\/\"]}]},{\"@type\":\"ImageObject\",\"inLanguage\":\"en-US\",\"@id\":\"https:\/\/shezamme.com\/sklep\/buty\/inne\/nike-x-off-white-lot\/off-white-x-dunk-low-lot-41-of-50\/#primaryimage\",\"url\":\"https:\/\/shezamme.com\/wp-content\/uploads\/2025\/04\/off-white-x-dunk-low-dear-summer-41-of-50-1.webp\",\"contentUrl\":\"https:\/\/shezamme.com\/wp-content\/uploads\/2025\/04\/off-white-x-dunk-low-dear-summer-41-of-50-1.webp\",\"width\":1000,\"height\":463},{\"@type\":\"BreadcrumbList\",\"@id\":\"https:\/\/shezamme.com\/sklep\/buty\/inne\/nike-x-off-white-lot\/off-white-x-dunk-low-lot-41-of-50\/#breadcrumb\",\"itemListElement\":[{\"@type\":\"ListItem\",\"position\":1,\"name\":\"Strona g\u0142\u00f3wna\",\"item\":\"https:\/\/shezamme.com\/\"},{\"@type\":\"ListItem\",\"position\":2,\"name\":\"Sklep\",\"item\":\"https:\/\/shezamme.com\/sklep\/\"},{\"@type\":\"ListItem\",\"position\":3,\"name\":\"Off-White x Dunk Low Lot 41 of 50\"}]},{\"@type\":\"WebSite\",\"@id\":\"https:\/\/shezamme.com\/#website\",\"url\":\"https:\/\/shezamme.com\/\",\"name\":\"SHEZAMME - Sneakersy, Streetwear i luksusowe marki\",\"description\":\"Oryginalne i ekskluzywne przedmioty w jednym miejscu. Sprawd\u017a nasze produkty ju\u017c teraz i b\u0105d\u017a na bie\u017c\u0105co z wszystkimi premierami.\",\"publisher\":{\"@id\":\"https:\/\/shezamme.com\/#organization\"},\"potentialAction\":[{\"@type\":\"SearchAction\",\"target\":{\"@type\":\"EntryPoint\",\"urlTemplate\":\"https:\/\/shezamme.com\/?s={search_term_string}\"},\"query-input\":{\"@type\":\"PropertyValueSpecification\",\"valueRequired\":true,\"valueName\":\"search_term_string\"}}],\"inLanguage\":\"en-US\"},{\"@type\":\"Organization\",\"@id\":\"https:\/\/shezamme.com\/#organization\",\"name\":\"SHEZAMME - Sneakersy, Streetwear i luksusowe marki\",\"url\":\"https:\/\/shezamme.com\/\",\"logo\":{\"@type\":\"ImageObject\",\"inLanguage\":\"en-US\",\"@id\":\"https:\/\/shezamme.com\/#\/schema\/logo\/image\/\",\"url\":\"https:\/\/shezamme.com\/wp-content\/uploads\/2023\/02\/0x0.png\",\"contentUrl\":\"https:\/\/shezamme.com\/wp-content\/uploads\/2023\/02\/0x0.png\",\"width\":2000,\"height\":2000,\"caption\":\"SHEZAMME - Sneakersy, Streetwear i luksusowe marki\"},\"image\":{\"@id\":\"https:\/\/shezamme.com\/#\/schema\/logo\/image\/\"},\"sameAs\":[\"https:\/\/www.facebook.com\/SHEZAMME\/\",\"https:\/\/x.com\/SHEZAMME\",\"https:\/\/www.instagram.com\/shezamme\/\",\"https:\/\/www.youtube.com\/channel\/UCsTJxi_9fODHdO_1bmJbqvQ\",\"https:\/\/www.tiktok.com\/shezamme.com\"]}]}<\/script>\n<!-- \/ Yoast SEO plugin. -->","yoast_head_json":{"title":"Off-White x Dunk Low Lot 41 of 50 - SHEZAMME","description":"Off-White x Dunk Low Lot 41 of 50 | Luksusowe i autentyczne przedmioty w jednym miejscu. B\u0105d\u017a na bie\u017c\u0105co i sprawd\u017a nasz\u0105 ofert\u0119 ju\u017c teraz","robots":{"index":"index","follow":"follow","max-snippet":"max-snippet:-1","max-image-preview":"max-image-preview:large","max-video-preview":"max-video-preview:-1"},"canonical":"https:\/\/shezamme.com\/en\/sklep\/sneakers-2\/others\/nike-x-off-white-lot\/off-white-x-dunk-low-lot-41-of-50\/","og_locale":"en_US","og_type":"article","og_title":"Off-White x Dunk Low Lot 41 of 50 - SHEZAMME","og_description":"Off-White x Dunk Low Lot 41 of 50 | Luksusowe i autentyczne przedmioty w jednym miejscu. B\u0105d\u017a na bie\u017c\u0105co i sprawd\u017a nasz\u0105 ofert\u0119 ju\u017c teraz","og_url":"https:\/\/shezamme.com\/en\/sklep\/sneakers-2\/others\/nike-x-off-white-lot\/off-white-x-dunk-low-lot-41-of-50\/","og_site_name":"SHEZAMME - Yeezy, Jordan, Supreme i inne oryginalne rzeczy","article_publisher":"https:\/\/www.facebook.com\/SHEZAMME\/","article_modified_time":"2025-06-24T15:00:40+00:00","og_image":[{"width":1000,"height":463,"url":"https:\/\/shezamme.com\/wp-content\/uploads\/2025\/04\/off-white-x-dunk-low-dear-summer-41-of-50-1.webp","type":"image\/webp"}],"twitter_card":"summary_large_image","twitter_site":"@SHEZAMME","twitter_misc":{"Est. reading time":"1 minute"},"schema":{"@context":"https:\/\/schema.org","@graph":[{"@type":"WebPage","@id":"https:\/\/shezamme.com\/sklep\/buty\/inne\/nike-x-off-white-lot\/off-white-x-dunk-low-lot-41-of-50\/","url":"https:\/\/shezamme.com\/sklep\/buty\/inne\/nike-x-off-white-lot\/off-white-x-dunk-low-lot-41-of-50\/","name":"Off-White x Dunk Low Lot 41 of 50 - SHEZAMME","isPartOf":{"@id":"https:\/\/shezamme.com\/#website"},"primaryImageOfPage":{"@id":"https:\/\/shezamme.com\/sklep\/buty\/inne\/nike-x-off-white-lot\/off-white-x-dunk-low-lot-41-of-50\/#primaryimage"},"image":{"@id":"https:\/\/shezamme.com\/sklep\/buty\/inne\/nike-x-off-white-lot\/off-white-x-dunk-low-lot-41-of-50\/#primaryimage"},"thumbnailUrl":"https:\/\/shezamme.com\/wp-content\/uploads\/2025\/04\/off-white-x-dunk-low-dear-summer-41-of-50-1.webp","datePublished":"2025-04-30T12:26:37+00:00","dateModified":"2025-06-24T15:00:40+00:00","description":"Off-White x Dunk Low Lot 41 of 50 | Luksusowe i autentyczne przedmioty w jednym miejscu. B\u0105d\u017a na bie\u017c\u0105co i sprawd\u017a nasz\u0105 ofert\u0119 ju\u017c teraz","breadcrumb":{"@id":"https:\/\/shezamme.com\/sklep\/buty\/inne\/nike-x-off-white-lot\/off-white-x-dunk-low-lot-41-of-50\/#breadcrumb"},"inLanguage":"en-US","potentialAction":[{"@type":"ReadAction","target":["https:\/\/shezamme.com\/sklep\/buty\/inne\/nike-x-off-white-lot\/off-white-x-dunk-low-lot-41-of-50\/"]}]},{"@type":"ImageObject","inLanguage":"en-US","@id":"https:\/\/shezamme.com\/sklep\/buty\/inne\/nike-x-off-white-lot\/off-white-x-dunk-low-lot-41-of-50\/#primaryimage","url":"https:\/\/shezamme.com\/wp-content\/uploads\/2025\/04\/off-white-x-dunk-low-dear-summer-41-of-50-1.webp","contentUrl":"https:\/\/shezamme.com\/wp-content\/uploads\/2025\/04\/off-white-x-dunk-low-dear-summer-41-of-50-1.webp","width":1000,"height":463},{"@type":"BreadcrumbList","@id":"https:\/\/shezamme.com\/sklep\/buty\/inne\/nike-x-off-white-lot\/off-white-x-dunk-low-lot-41-of-50\/#breadcrumb","itemListElement":[{"@type":"ListItem","position":1,"name":"Strona g\u0142\u00f3wna","item":"https:\/\/shezamme.com\/"},{"@type":"ListItem","position":2,"name":"Sklep","item":"https:\/\/shezamme.com\/sklep\/"},{"@type":"ListItem","position":3,"name":"Off-White x Dunk Low Lot 41 of 50"}]},{"@type":"WebSite","@id":"https:\/\/shezamme.com\/#website","url":"https:\/\/shezamme.com\/","name":"SHEZAMME - Sneakers, Streetwear and luxury brands","description":"Original and exclusive items in one place. Check out our products now and stay up to date with all launches.","publisher":{"@id":"https:\/\/shezamme.com\/#organization"},"potentialAction":[{"@type":"SearchAction","target":{"@type":"EntryPoint","urlTemplate":"https:\/\/shezamme.com\/?s={search_term_string}"},"query-input":{"@type":"PropertyValueSpecification","valueRequired":true,"valueName":"search_term_string"}}],"inLanguage":"en-US"},{"@type":"Organization","@id":"https:\/\/shezamme.com\/#organization","name":"SHEZAMME - Sneakers, Streetwear and luxury brands","url":"https:\/\/shezamme.com\/","logo":{"@type":"ImageObject","inLanguage":"en-US","@id":"https:\/\/shezamme.com\/#\/schema\/logo\/image\/","url":"https:\/\/shezamme.com\/wp-content\/uploads\/2023\/02\/0x0.png","contentUrl":"https:\/\/shezamme.com\/wp-content\/uploads\/2023\/02\/0x0.png","width":2000,"height":2000,"caption":"SHEZAMME - Sneakersy, Streetwear i luksusowe marki"},"image":{"@id":"https:\/\/shezamme.com\/#\/schema\/logo\/image\/"},"sameAs":["https:\/\/www.facebook.com\/SHEZAMME\/","https:\/\/x.com\/SHEZAMME","https:\/\/www.instagram.com\/shezamme\/","https:\/\/www.youtube.com\/channel\/UCsTJxi_9fODHdO_1bmJbqvQ","https:\/\/www.tiktok.com\/shezamme.com"]}]}},"brands":[{"id":756,"name":"Nike","slug":"nike"},{"id":755,"name":"OFF-WHITE","slug":"off-white"}],"_links":{"self":[{"href":"https:\/\/shezamme.com\/en\/wp-json\/wp\/v2\/product\/179344","targetHints":{"allow":["GET"]}}],"collection":[{"href":"https:\/\/shezamme.com\/en\/wp-json\/wp\/v2\/product"}],"about":[{"href":"https:\/\/shezamme.com\/en\/wp-json\/wp\/v2\/types\/product"}],"wp:featuredmedia":[{"embeddable":true,"href":"https:\/\/shezamme.com\/en\/wp-json\/wp\/v2\/media\/178032"}],"wp:attachment":[{"href":"https:\/\/shezamme.com\/en\/wp-json\/wp\/v2\/media?parent=179344"}],"wp:term":[{"taxonomy":"pwb-brand","embeddable":true,"href":"https:\/\/shezamme.com\/en\/wp-json\/wp\/v2\/pwb-brand?post=179344"},{"taxonomy":"product_brand","embeddable":true,"href":"https:\/\/shezamme.com\/en\/wp-json\/wp\/v2\/product_brand?post=179344"},{"taxonomy":"product_cat","embeddable":true,"href":"https:\/\/shezamme.com\/en\/wp-json\/wp\/v2\/product_cat?post=179344"},{"taxonomy":"product_tag","embeddable":true,"href":"https:\/\/shezamme.com\/en\/wp-json\/wp\/v2\/product_tag?post=179344"}],"curies":[{"name":"wp","href":"https:\/\/api.w.org\/{rel}","templated":true}]}}