{"id":178631,"date":"2025-04-29T14:43:17","date_gmt":"2025-04-29T12:43:17","guid":{"rendered":"https:\/\/shezamme.com\/?post_type=product&#038;p=178631"},"modified":"2025-06-24T16:53:37","modified_gmt":"2025-06-24T14:53:37","slug":"off-white-x-dunk-low-lot-13-of-50","status":"publish","type":"product","link":"https:\/\/shezamme.com\/en\/sklep\/buty\/inne\/nike-x-off-white-lot\/off-white-x-dunk-low-lot-13-of-50\/","title":{"rendered":"Off-White x Dunk Low Lot 13 of 50"},"content":{"rendered":"<h2 class=\"\" data-start=\"120\" data-end=\"210\">Off-White\u2122 x Nike Dunk Low &#8222;Lot 13 of 50&#8221; \u2013 intensywny akcent w reinterpretacji klasyki<\/h2>\n<p class=\"\" data-start=\"212\" data-end=\"742\">Off-White\u2122 x Nike Dunk Low &#8222;Lot 13 of 50&#8221; to trzynasty wariant z ekskluzywnej serii &#8222;The 50&#8221;, stworzonej przez Virgila Abloha. Model zestawia bia\u0142\u0105 sk\u00f3rzan\u0105 baz\u0119 z jasnoszarym canvasem, kontrastuj\u0105c g\u0142adkie i surowe faktury w duchu estetyki deconstructed. Akcenty w intensywnym r\u00f3\u017cowym odcieniu \u2013 obecne w systemie podw\u00f3jnych sznurowa\u0144 (overlace) i zip-tie \u2013 o\u017cywiaj\u0105 minimalistyczn\u0105 form\u0119, nadaj\u0105c modelowi odwa\u017cny, nowoczesny wyraz. Boczne industrialne nadruki Off-White\u2122 podkre\u015blaj\u0105 charakterystyczny j\u0119zyk projektowania serii.<\/p>\n<h2 class=\"\" data-start=\"744\" data-end=\"798\">Limitowana edycja i nowoczesna forma ikony Dunk Low<\/h2>\n<p class=\"\" data-start=\"800\" data-end=\"1225\">Model &#8222;Lot 13 of 50&#8221; posiada metalow\u0105 plakietk\u0119 z numerem edycji, umieszczon\u0105 przy bocznej cz\u0119\u015bci podeszwy, potwierdzaj\u0105c\u0105 jego wyj\u0105tkowy status w kolekcji. Jasnoszara podeszwa po\u0142\u0105czona z bia\u0142ym midsolem zachowuje sportowy charakter klasycznych Dunk\u00f3w, wzbogacony o streetwearowy sznyt. Off-White\u2122 x Nike Dunk Low &#8222;Lot 13 of 50&#8221; to udane po\u0142\u0105czenie sportowego dziedzictwa z artystyczn\u0105 wizj\u0105 nowoczesnego luksusowego obuwia.<\/p>","protected":false},"excerpt":{"rendered":"<h2 class=\"\" data-start=\"1290\" data-end=\"1381\">Off-White\u2122 x Nike Dunk Low &#8222;Lot 13 of 50&#8221; \u2013 sportowa klasyka z odwa\u017cnym r\u00f3\u017cowym akcentem<\/h2>\n<p class=\"\" data-start=\"1383\" data-end=\"1544\">Model &#8222;Lot 13 of 50&#8221; \u0142\u0105czy bia\u0142\u0105 sk\u00f3r\u0119, jasnoszary canvas i intensywnie r\u00f3\u017cowe detale, tworz\u0105c wyrazist\u0105, limitowan\u0105 reinterpretacj\u0119 Dunk Low w stylu Off-White\u2122.<\/p>","protected":false},"featured_media":178147,"template":"","meta":{"_acf_changed":false},"pwb-brand":[756,755],"product_brand":[],"product_cat":[16,105,785,788,1178],"product_tag":[1008,1009],"class_list":{"0":"post-178631","1":"product","2":"type-product","3":"status-publish","4":"has-post-thumbnail","6":"pwb-brand-nike","7":"pwb-brand-off-white","8":"product_cat-buty","9":"product_cat-dunk","10":"product_cat-nike-dunk-low","11":"product_cat-nike-x-off-white","12":"product_cat-nike-x-off-white-lot","13":"product_tag-kobieta","14":"product_tag-mezczyzna","16":"first","17":"onbackorder","18":"taxable","19":"shipping-taxable","20":"purchasable","21":"product-type-variable"},"acf":[],"yoast_head":"<!-- This site is optimized with the Yoast SEO plugin v27.2 - https:\/\/yoast.com\/product\/yoast-seo-wordpress\/ -->\n<title>Off-White x Dunk Low Lot 13 of 50 - SHEZAMME<\/title>\n<meta name=\"description\" content=\"Off-White x Dunk Low Lot 13 of 50 | Luksusowe i autentyczne przedmioty w jednym miejscu. B\u0105d\u017a na bie\u017c\u0105co i sprawd\u017a nasz\u0105 ofert\u0119 ju\u017c teraz\" \/>\n<meta name=\"robots\" content=\"index, follow, max-snippet:-1, max-image-preview:large, max-video-preview:-1\" \/>\n<link rel=\"canonical\" href=\"https:\/\/shezamme.com\/en\/sklep\/sneakers-2\/others\/nike-x-off-white-lot\/off-white-x-dunk-low-lot-13-of-50\/\" \/>\n<meta property=\"og:locale\" content=\"en_US\" \/>\n<meta property=\"og:type\" content=\"article\" \/>\n<meta property=\"og:title\" content=\"Off-White x Dunk Low Lot 13 of 50 - SHEZAMME\" \/>\n<meta property=\"og:description\" content=\"Off-White x Dunk Low Lot 13 of 50 | Luksusowe i autentyczne przedmioty w jednym miejscu. B\u0105d\u017a na bie\u017c\u0105co i sprawd\u017a nasz\u0105 ofert\u0119 ju\u017c teraz\" \/>\n<meta property=\"og:url\" content=\"https:\/\/shezamme.com\/en\/sklep\/sneakers-2\/others\/nike-x-off-white-lot\/off-white-x-dunk-low-lot-13-of-50\/\" \/>\n<meta property=\"og:site_name\" content=\"SHEZAMME - Yeezy, Jordan, Supreme i inne oryginalne rzeczy\" \/>\n<meta property=\"article:publisher\" content=\"https:\/\/www.facebook.com\/SHEZAMME\/\" \/>\n<meta property=\"article:modified_time\" content=\"2025-06-24T14:53:37+00:00\" \/>\n<meta property=\"og:image\" content=\"https:\/\/shezamme.com\/wp-content\/uploads\/2025\/04\/off-white-x-dunk-low-dear-summer-13-of-50-13-1.webp\" \/>\n\t<meta property=\"og:image:width\" content=\"1000\" \/>\n\t<meta property=\"og:image:height\" content=\"527\" \/>\n\t<meta property=\"og:image:type\" content=\"image\/webp\" \/>\n<meta name=\"twitter:card\" content=\"summary_large_image\" \/>\n<meta name=\"twitter:site\" content=\"@SHEZAMME\" \/>\n<meta name=\"twitter:label1\" content=\"Est. reading time\" \/>\n\t<meta name=\"twitter:data1\" content=\"1 minute\" \/>\n<script type=\"application\/ld+json\" class=\"yoast-schema-graph\">{\"@context\":\"https:\/\/schema.org\",\"@graph\":[{\"@type\":\"WebPage\",\"@id\":\"https:\/\/shezamme.com\/sklep\/buty\/inne\/nike-x-off-white-lot\/off-white-x-dunk-low-lot-13-of-50\/\",\"url\":\"https:\/\/shezamme.com\/sklep\/buty\/inne\/nike-x-off-white-lot\/off-white-x-dunk-low-lot-13-of-50\/\",\"name\":\"Off-White x Dunk Low Lot 13 of 50 - SHEZAMME\",\"isPartOf\":{\"@id\":\"https:\/\/shezamme.com\/#website\"},\"primaryImageOfPage\":{\"@id\":\"https:\/\/shezamme.com\/sklep\/buty\/inne\/nike-x-off-white-lot\/off-white-x-dunk-low-lot-13-of-50\/#primaryimage\"},\"image\":{\"@id\":\"https:\/\/shezamme.com\/sklep\/buty\/inne\/nike-x-off-white-lot\/off-white-x-dunk-low-lot-13-of-50\/#primaryimage\"},\"thumbnailUrl\":\"https:\/\/shezamme.com\/wp-content\/uploads\/2025\/04\/off-white-x-dunk-low-dear-summer-13-of-50-13-1.webp\",\"datePublished\":\"2025-04-29T12:43:17+00:00\",\"dateModified\":\"2025-06-24T14:53:37+00:00\",\"description\":\"Off-White x Dunk Low Lot 13 of 50 | Luksusowe i autentyczne przedmioty w jednym miejscu. B\u0105d\u017a na bie\u017c\u0105co i sprawd\u017a nasz\u0105 ofert\u0119 ju\u017c teraz\",\"breadcrumb\":{\"@id\":\"https:\/\/shezamme.com\/sklep\/buty\/inne\/nike-x-off-white-lot\/off-white-x-dunk-low-lot-13-of-50\/#breadcrumb\"},\"inLanguage\":\"en-US\",\"potentialAction\":[{\"@type\":\"ReadAction\",\"target\":[\"https:\/\/shezamme.com\/sklep\/buty\/inne\/nike-x-off-white-lot\/off-white-x-dunk-low-lot-13-of-50\/\"]}]},{\"@type\":\"ImageObject\",\"inLanguage\":\"en-US\",\"@id\":\"https:\/\/shezamme.com\/sklep\/buty\/inne\/nike-x-off-white-lot\/off-white-x-dunk-low-lot-13-of-50\/#primaryimage\",\"url\":\"https:\/\/shezamme.com\/wp-content\/uploads\/2025\/04\/off-white-x-dunk-low-dear-summer-13-of-50-13-1.webp\",\"contentUrl\":\"https:\/\/shezamme.com\/wp-content\/uploads\/2025\/04\/off-white-x-dunk-low-dear-summer-13-of-50-13-1.webp\",\"width\":1000,\"height\":527},{\"@type\":\"BreadcrumbList\",\"@id\":\"https:\/\/shezamme.com\/sklep\/buty\/inne\/nike-x-off-white-lot\/off-white-x-dunk-low-lot-13-of-50\/#breadcrumb\",\"itemListElement\":[{\"@type\":\"ListItem\",\"position\":1,\"name\":\"Strona g\u0142\u00f3wna\",\"item\":\"https:\/\/shezamme.com\/\"},{\"@type\":\"ListItem\",\"position\":2,\"name\":\"Sklep\",\"item\":\"https:\/\/shezamme.com\/sklep\/\"},{\"@type\":\"ListItem\",\"position\":3,\"name\":\"Off-White x Dunk Low Lot 13 of 50\"}]},{\"@type\":\"WebSite\",\"@id\":\"https:\/\/shezamme.com\/#website\",\"url\":\"https:\/\/shezamme.com\/\",\"name\":\"SHEZAMME - Sneakersy, Streetwear i luksusowe marki\",\"description\":\"Oryginalne i ekskluzywne przedmioty w jednym miejscu. Sprawd\u017a nasze produkty ju\u017c teraz i b\u0105d\u017a na bie\u017c\u0105co z wszystkimi premierami.\",\"publisher\":{\"@id\":\"https:\/\/shezamme.com\/#organization\"},\"potentialAction\":[{\"@type\":\"SearchAction\",\"target\":{\"@type\":\"EntryPoint\",\"urlTemplate\":\"https:\/\/shezamme.com\/?s={search_term_string}\"},\"query-input\":{\"@type\":\"PropertyValueSpecification\",\"valueRequired\":true,\"valueName\":\"search_term_string\"}}],\"inLanguage\":\"en-US\"},{\"@type\":\"Organization\",\"@id\":\"https:\/\/shezamme.com\/#organization\",\"name\":\"SHEZAMME - Sneakersy, Streetwear i luksusowe marki\",\"url\":\"https:\/\/shezamme.com\/\",\"logo\":{\"@type\":\"ImageObject\",\"inLanguage\":\"en-US\",\"@id\":\"https:\/\/shezamme.com\/#\/schema\/logo\/image\/\",\"url\":\"https:\/\/shezamme.com\/wp-content\/uploads\/2023\/02\/0x0.png\",\"contentUrl\":\"https:\/\/shezamme.com\/wp-content\/uploads\/2023\/02\/0x0.png\",\"width\":2000,\"height\":2000,\"caption\":\"SHEZAMME - Sneakersy, Streetwear i luksusowe marki\"},\"image\":{\"@id\":\"https:\/\/shezamme.com\/#\/schema\/logo\/image\/\"},\"sameAs\":[\"https:\/\/www.facebook.com\/SHEZAMME\/\",\"https:\/\/x.com\/SHEZAMME\",\"https:\/\/www.instagram.com\/shezamme\/\",\"https:\/\/www.youtube.com\/channel\/UCsTJxi_9fODHdO_1bmJbqvQ\",\"https:\/\/www.tiktok.com\/shezamme.com\"]}]}<\/script>\n<!-- \/ Yoast SEO plugin. -->","yoast_head_json":{"title":"Off-White x Dunk Low Lot 13 of 50 - SHEZAMME","description":"Off-White x Dunk Low Lot 13 of 50 | Luksusowe i autentyczne przedmioty w jednym miejscu. B\u0105d\u017a na bie\u017c\u0105co i sprawd\u017a nasz\u0105 ofert\u0119 ju\u017c teraz","robots":{"index":"index","follow":"follow","max-snippet":"max-snippet:-1","max-image-preview":"max-image-preview:large","max-video-preview":"max-video-preview:-1"},"canonical":"https:\/\/shezamme.com\/en\/sklep\/sneakers-2\/others\/nike-x-off-white-lot\/off-white-x-dunk-low-lot-13-of-50\/","og_locale":"en_US","og_type":"article","og_title":"Off-White x Dunk Low Lot 13 of 50 - SHEZAMME","og_description":"Off-White x Dunk Low Lot 13 of 50 | Luksusowe i autentyczne przedmioty w jednym miejscu. B\u0105d\u017a na bie\u017c\u0105co i sprawd\u017a nasz\u0105 ofert\u0119 ju\u017c teraz","og_url":"https:\/\/shezamme.com\/en\/sklep\/sneakers-2\/others\/nike-x-off-white-lot\/off-white-x-dunk-low-lot-13-of-50\/","og_site_name":"SHEZAMME - Yeezy, Jordan, Supreme i inne oryginalne rzeczy","article_publisher":"https:\/\/www.facebook.com\/SHEZAMME\/","article_modified_time":"2025-06-24T14:53:37+00:00","og_image":[{"width":1000,"height":527,"url":"https:\/\/shezamme.com\/wp-content\/uploads\/2025\/04\/off-white-x-dunk-low-dear-summer-13-of-50-13-1.webp","type":"image\/webp"}],"twitter_card":"summary_large_image","twitter_site":"@SHEZAMME","twitter_misc":{"Est. reading time":"1 minute"},"schema":{"@context":"https:\/\/schema.org","@graph":[{"@type":"WebPage","@id":"https:\/\/shezamme.com\/sklep\/buty\/inne\/nike-x-off-white-lot\/off-white-x-dunk-low-lot-13-of-50\/","url":"https:\/\/shezamme.com\/sklep\/buty\/inne\/nike-x-off-white-lot\/off-white-x-dunk-low-lot-13-of-50\/","name":"Off-White x Dunk Low Lot 13 of 50 - SHEZAMME","isPartOf":{"@id":"https:\/\/shezamme.com\/#website"},"primaryImageOfPage":{"@id":"https:\/\/shezamme.com\/sklep\/buty\/inne\/nike-x-off-white-lot\/off-white-x-dunk-low-lot-13-of-50\/#primaryimage"},"image":{"@id":"https:\/\/shezamme.com\/sklep\/buty\/inne\/nike-x-off-white-lot\/off-white-x-dunk-low-lot-13-of-50\/#primaryimage"},"thumbnailUrl":"https:\/\/shezamme.com\/wp-content\/uploads\/2025\/04\/off-white-x-dunk-low-dear-summer-13-of-50-13-1.webp","datePublished":"2025-04-29T12:43:17+00:00","dateModified":"2025-06-24T14:53:37+00:00","description":"Off-White x Dunk Low Lot 13 of 50 | Luksusowe i autentyczne przedmioty w jednym miejscu. B\u0105d\u017a na bie\u017c\u0105co i sprawd\u017a nasz\u0105 ofert\u0119 ju\u017c teraz","breadcrumb":{"@id":"https:\/\/shezamme.com\/sklep\/buty\/inne\/nike-x-off-white-lot\/off-white-x-dunk-low-lot-13-of-50\/#breadcrumb"},"inLanguage":"en-US","potentialAction":[{"@type":"ReadAction","target":["https:\/\/shezamme.com\/sklep\/buty\/inne\/nike-x-off-white-lot\/off-white-x-dunk-low-lot-13-of-50\/"]}]},{"@type":"ImageObject","inLanguage":"en-US","@id":"https:\/\/shezamme.com\/sklep\/buty\/inne\/nike-x-off-white-lot\/off-white-x-dunk-low-lot-13-of-50\/#primaryimage","url":"https:\/\/shezamme.com\/wp-content\/uploads\/2025\/04\/off-white-x-dunk-low-dear-summer-13-of-50-13-1.webp","contentUrl":"https:\/\/shezamme.com\/wp-content\/uploads\/2025\/04\/off-white-x-dunk-low-dear-summer-13-of-50-13-1.webp","width":1000,"height":527},{"@type":"BreadcrumbList","@id":"https:\/\/shezamme.com\/sklep\/buty\/inne\/nike-x-off-white-lot\/off-white-x-dunk-low-lot-13-of-50\/#breadcrumb","itemListElement":[{"@type":"ListItem","position":1,"name":"Strona g\u0142\u00f3wna","item":"https:\/\/shezamme.com\/"},{"@type":"ListItem","position":2,"name":"Sklep","item":"https:\/\/shezamme.com\/sklep\/"},{"@type":"ListItem","position":3,"name":"Off-White x Dunk Low Lot 13 of 50"}]},{"@type":"WebSite","@id":"https:\/\/shezamme.com\/#website","url":"https:\/\/shezamme.com\/","name":"SHEZAMME - Sneakers, Streetwear and luxury brands","description":"Original and exclusive items in one place. Check out our products now and stay up to date with all launches.","publisher":{"@id":"https:\/\/shezamme.com\/#organization"},"potentialAction":[{"@type":"SearchAction","target":{"@type":"EntryPoint","urlTemplate":"https:\/\/shezamme.com\/?s={search_term_string}"},"query-input":{"@type":"PropertyValueSpecification","valueRequired":true,"valueName":"search_term_string"}}],"inLanguage":"en-US"},{"@type":"Organization","@id":"https:\/\/shezamme.com\/#organization","name":"SHEZAMME - Sneakers, Streetwear and luxury brands","url":"https:\/\/shezamme.com\/","logo":{"@type":"ImageObject","inLanguage":"en-US","@id":"https:\/\/shezamme.com\/#\/schema\/logo\/image\/","url":"https:\/\/shezamme.com\/wp-content\/uploads\/2023\/02\/0x0.png","contentUrl":"https:\/\/shezamme.com\/wp-content\/uploads\/2023\/02\/0x0.png","width":2000,"height":2000,"caption":"SHEZAMME - Sneakersy, Streetwear i luksusowe marki"},"image":{"@id":"https:\/\/shezamme.com\/#\/schema\/logo\/image\/"},"sameAs":["https:\/\/www.facebook.com\/SHEZAMME\/","https:\/\/x.com\/SHEZAMME","https:\/\/www.instagram.com\/shezamme\/","https:\/\/www.youtube.com\/channel\/UCsTJxi_9fODHdO_1bmJbqvQ","https:\/\/www.tiktok.com\/shezamme.com"]}]}},"brands":[{"id":756,"name":"Nike","slug":"nike"},{"id":755,"name":"OFF-WHITE","slug":"off-white"}],"_links":{"self":[{"href":"https:\/\/shezamme.com\/en\/wp-json\/wp\/v2\/product\/178631","targetHints":{"allow":["GET"]}}],"collection":[{"href":"https:\/\/shezamme.com\/en\/wp-json\/wp\/v2\/product"}],"about":[{"href":"https:\/\/shezamme.com\/en\/wp-json\/wp\/v2\/types\/product"}],"wp:featuredmedia":[{"embeddable":true,"href":"https:\/\/shezamme.com\/en\/wp-json\/wp\/v2\/media\/178147"}],"wp:attachment":[{"href":"https:\/\/shezamme.com\/en\/wp-json\/wp\/v2\/media?parent=178631"}],"wp:term":[{"taxonomy":"pwb-brand","embeddable":true,"href":"https:\/\/shezamme.com\/en\/wp-json\/wp\/v2\/pwb-brand?post=178631"},{"taxonomy":"product_brand","embeddable":true,"href":"https:\/\/shezamme.com\/en\/wp-json\/wp\/v2\/product_brand?post=178631"},{"taxonomy":"product_cat","embeddable":true,"href":"https:\/\/shezamme.com\/en\/wp-json\/wp\/v2\/product_cat?post=178631"},{"taxonomy":"product_tag","embeddable":true,"href":"https:\/\/shezamme.com\/en\/wp-json\/wp\/v2\/product_tag?post=178631"}],"curies":[{"name":"wp","href":"https:\/\/api.w.org\/{rel}","templated":true}]}}