{"id":178205,"date":"2025-04-29T14:11:09","date_gmt":"2025-04-29T12:11:09","guid":{"rendered":"https:\/\/shezamme.com\/?post_type=product&#038;p=178205"},"modified":"2025-05-19T18:47:33","modified_gmt":"2025-05-19T16:47:33","slug":"off-white-x-dunk-low-lot-05-of-50","status":"publish","type":"product","link":"https:\/\/shezamme.com\/en\/sklep\/buty\/inne\/nike-x-off-white-lot\/off-white-x-dunk-low-lot-05-of-50\/","title":{"rendered":"Off-White x Dunk Low Lot 05 of 50"},"content":{"rendered":"<h2 class=\"\" data-start=\"113\" data-end=\"196\">Off-White\u2122 x Nike Dunk Low &#8222;Lot 05 of 50&#8221; \u2013 energetyczna reinterpretacja klasyki<\/h2>\n<p class=\"\" data-start=\"198\" data-end=\"741\">Off-White\u2122 x Nike Dunk Low &#8222;Lot 05 of 50&#8221; to pi\u0105ty wariant z limitowanej serii &#8222;The 50&#8221;, b\u0119d\u0105cej ho\u0142dem Virgila Abloha dla kultowego modelu Dunk Low. Model wyr\u00f3\u017cnia si\u0119 po\u0142\u0105czeniem bia\u0142ej sk\u00f3ry naturalnej i jasnoszarego canvasu, co tworzy efektowny kontrast faktur. Neonowozielone akcenty w systemie podw\u00f3jnych sznurowa\u0144 (overlace) oraz jasnozielony zip-tie nadaj\u0105 ca\u0142o\u015bci dynamicznego, nowoczesnego charakteru. Boczne industrialne nadruki Off-White\u2122 oraz dekonstruowana estetyka podkre\u015blaj\u0105 streetwearowy, a zarazem luksusowy wymiar projektu.<\/p>\n<h2 class=\"\" data-start=\"743\" data-end=\"787\">Limitowane detale i ekskluzywno\u015b\u0107 wydania<\/h2>\n<p class=\"\" data-start=\"789\" data-end=\"1335\">Model &#8222;Lot 05 of 50&#8221; posiada metalow\u0105 plakietk\u0119 z numerem edycji umieszczon\u0105 na bocznej cz\u0119\u015bci podeszwy, podkre\u015blaj\u0105c jego przynale\u017cno\u015b\u0107 do ekskluzywnej kolekcji. Bia\u0142oszara podeszwa harmonijnie dope\u0142nia kolorystyk\u0119 modelu, wprowadzaj\u0105c lekki kontrast wobec g\u00f3rnych warstw. Edycja dost\u0119pna by\u0142a jedynie poprzez system Exclusive Access w aplikacji SNKRS, co znacz\u0105co zwi\u0119ksza jej kolekcjonersk\u0105 warto\u015b\u0107. Off-White\u2122 x Nike Dunk Low &#8222;Lot 05 of 50&#8221; to wywa\u017cone po\u0142\u0105czenie klasycznej sylwetki z odwa\u017cn\u0105, nowoczesn\u0105 interpretacj\u0105 w stylu deconstructed.<\/p>","protected":false},"excerpt":{"rendered":"<h2 class=\"\" data-start=\"1399\" data-end=\"1480\">Off-White\u2122 x Nike Dunk Low &#8222;Lot 05 of 50&#8221; \u2013 klasyka Dunk\u00f3w z neonowym akcentem<\/h2>\n<p class=\"\" data-start=\"1482\" data-end=\"1643\">Model &#8222;Lot 05 of 50&#8221; \u0142\u0105czy bia\u0142\u0105 sk\u00f3r\u0119, jasnoszary canvas i neonowozielone detale, tworz\u0105c dynamiczn\u0105, limitowan\u0105 reinterpretacj\u0119 Dunk Low w estetyce Off-White\u2122.<\/p>","protected":false},"featured_media":178187,"template":"","meta":{"_acf_changed":false,"_yoast_wpseo_focuskw":"","_yoast_wpseo_title":"","_yoast_wpseo_metadesc":""},"pwb-brand":[756,755],"product_brand":[],"product_cat":[16,105,785,788,1178],"product_tag":[1008,1009],"class_list":{"0":"post-178205","1":"product","2":"type-product","3":"status-publish","4":"has-post-thumbnail","6":"pwb-brand-nike","7":"pwb-brand-off-white","8":"product_cat-buty","9":"product_cat-dunk","10":"product_cat-nike-dunk-low","11":"product_cat-nike-x-off-white","12":"product_cat-nike-x-off-white-lot","13":"product_tag-kobieta","14":"product_tag-mezczyzna","16":"first","17":"onbackorder","18":"taxable","19":"shipping-taxable","20":"purchasable","21":"product-type-variable"},"acf":[],"yoast_head":"<!-- This site is optimized with the Yoast SEO plugin v27.3 - https:\/\/yoast.com\/product\/yoast-seo-wordpress\/ -->\n<title>Off-White x Dunk Low Lot 05 of 50 - SHEZAMME<\/title>\n<meta name=\"description\" content=\"Off-White x Dunk Low Lot 05 of 50 | Luksusowe i autentyczne przedmioty w jednym miejscu. B\u0105d\u017a na bie\u017c\u0105co i sprawd\u017a nasz\u0105 ofert\u0119 ju\u017c teraz\" \/>\n<meta name=\"robots\" content=\"index, follow, max-snippet:-1, max-image-preview:large, max-video-preview:-1\" \/>\n<link rel=\"canonical\" href=\"https:\/\/shezamme.com\/en\/sklep\/sneakers-2\/others\/nike-x-off-white-lot\/off-white-x-dunk-low-lot-05-of-50\/\" \/>\n<meta property=\"og:locale\" content=\"en_US\" \/>\n<meta property=\"og:type\" content=\"article\" \/>\n<meta property=\"og:title\" content=\"Off-White x Dunk Low Lot 05 of 50 - SHEZAMME\" \/>\n<meta property=\"og:description\" content=\"Off-White x Dunk Low Lot 05 of 50 | Luksusowe i autentyczne przedmioty w jednym miejscu. B\u0105d\u017a na bie\u017c\u0105co i sprawd\u017a nasz\u0105 ofert\u0119 ju\u017c teraz\" \/>\n<meta property=\"og:url\" content=\"https:\/\/shezamme.com\/en\/sklep\/sneakers-2\/others\/nike-x-off-white-lot\/off-white-x-dunk-low-lot-05-of-50\/\" \/>\n<meta property=\"og:site_name\" content=\"SHEZAMME - Yeezy, Jordan, Supreme i inne oryginalne rzeczy\" \/>\n<meta property=\"article:publisher\" content=\"https:\/\/www.facebook.com\/SHEZAMME\/\" \/>\n<meta property=\"article:modified_time\" content=\"2025-05-19T16:47:33+00:00\" \/>\n<meta property=\"og:image\" content=\"https:\/\/shezamme.com\/wp-content\/uploads\/2025\/04\/off-white-x-dunk-low-dear-summer-05-of-50-1.webp\" \/>\n\t<meta property=\"og:image:width\" content=\"1000\" \/>\n\t<meta property=\"og:image:height\" content=\"478\" \/>\n\t<meta property=\"og:image:type\" content=\"image\/webp\" \/>\n<meta name=\"twitter:card\" content=\"summary_large_image\" \/>\n<meta name=\"twitter:site\" content=\"@SHEZAMME\" \/>\n<meta name=\"twitter:label1\" content=\"Est. reading time\" \/>\n\t<meta name=\"twitter:data1\" content=\"1 minute\" \/>\n<script type=\"application\/ld+json\" class=\"yoast-schema-graph\">{\"@context\":\"https:\\\/\\\/schema.org\",\"@graph\":[{\"@type\":\"WebPage\",\"@id\":\"https:\\\/\\\/shezamme.com\\\/sklep\\\/buty\\\/inne\\\/nike-x-off-white-lot\\\/off-white-x-dunk-low-lot-05-of-50\\\/\",\"url\":\"https:\\\/\\\/shezamme.com\\\/sklep\\\/buty\\\/inne\\\/nike-x-off-white-lot\\\/off-white-x-dunk-low-lot-05-of-50\\\/\",\"name\":\"Off-White x Dunk Low Lot 05 of 50 - SHEZAMME\",\"isPartOf\":{\"@id\":\"https:\\\/\\\/shezamme.com\\\/#website\"},\"primaryImageOfPage\":{\"@id\":\"https:\\\/\\\/shezamme.com\\\/sklep\\\/buty\\\/inne\\\/nike-x-off-white-lot\\\/off-white-x-dunk-low-lot-05-of-50\\\/#primaryimage\"},\"image\":{\"@id\":\"https:\\\/\\\/shezamme.com\\\/sklep\\\/buty\\\/inne\\\/nike-x-off-white-lot\\\/off-white-x-dunk-low-lot-05-of-50\\\/#primaryimage\"},\"thumbnailUrl\":\"https:\\\/\\\/shezamme.com\\\/wp-content\\\/uploads\\\/2025\\\/04\\\/off-white-x-dunk-low-dear-summer-05-of-50-1.webp\",\"datePublished\":\"2025-04-29T12:11:09+00:00\",\"dateModified\":\"2025-05-19T16:47:33+00:00\",\"description\":\"Off-White x Dunk Low Lot 05 of 50 | Luksusowe i autentyczne przedmioty w jednym miejscu. B\u0105d\u017a na bie\u017c\u0105co i sprawd\u017a nasz\u0105 ofert\u0119 ju\u017c teraz\",\"breadcrumb\":{\"@id\":\"https:\\\/\\\/shezamme.com\\\/sklep\\\/buty\\\/inne\\\/nike-x-off-white-lot\\\/off-white-x-dunk-low-lot-05-of-50\\\/#breadcrumb\"},\"inLanguage\":\"en-US\",\"potentialAction\":[{\"@type\":\"ReadAction\",\"target\":[\"https:\\\/\\\/shezamme.com\\\/sklep\\\/buty\\\/inne\\\/nike-x-off-white-lot\\\/off-white-x-dunk-low-lot-05-of-50\\\/\"]}]},{\"@type\":\"ImageObject\",\"inLanguage\":\"en-US\",\"@id\":\"https:\\\/\\\/shezamme.com\\\/sklep\\\/buty\\\/inne\\\/nike-x-off-white-lot\\\/off-white-x-dunk-low-lot-05-of-50\\\/#primaryimage\",\"url\":\"https:\\\/\\\/shezamme.com\\\/wp-content\\\/uploads\\\/2025\\\/04\\\/off-white-x-dunk-low-dear-summer-05-of-50-1.webp\",\"contentUrl\":\"https:\\\/\\\/shezamme.com\\\/wp-content\\\/uploads\\\/2025\\\/04\\\/off-white-x-dunk-low-dear-summer-05-of-50-1.webp\",\"width\":1000,\"height\":478},{\"@type\":\"BreadcrumbList\",\"@id\":\"https:\\\/\\\/shezamme.com\\\/sklep\\\/buty\\\/inne\\\/nike-x-off-white-lot\\\/off-white-x-dunk-low-lot-05-of-50\\\/#breadcrumb\",\"itemListElement\":[{\"@type\":\"ListItem\",\"position\":1,\"name\":\"Strona g\u0142\u00f3wna\",\"item\":\"https:\\\/\\\/shezamme.com\\\/\"},{\"@type\":\"ListItem\",\"position\":2,\"name\":\"Sklep\",\"item\":\"https:\\\/\\\/shezamme.com\\\/en\\\/sklep\\\/\"},{\"@type\":\"ListItem\",\"position\":3,\"name\":\"Off-White x Dunk Low Lot 05 of 50\"}]},{\"@type\":\"WebSite\",\"@id\":\"https:\\\/\\\/shezamme.com\\\/#website\",\"url\":\"https:\\\/\\\/shezamme.com\\\/\",\"name\":\"SHEZAMME - Sneakersy, Streetwear i luksusowe marki\",\"description\":\"Oryginalne i ekskluzywne przedmioty w jednym miejscu. Sprawd\u017a nasze produkty ju\u017c teraz i b\u0105d\u017a na bie\u017c\u0105co z wszystkimi premierami.\",\"publisher\":{\"@id\":\"https:\\\/\\\/shezamme.com\\\/#organization\"},\"potentialAction\":[{\"@type\":\"SearchAction\",\"target\":{\"@type\":\"EntryPoint\",\"urlTemplate\":\"https:\\\/\\\/shezamme.com\\\/?s={search_term_string}\"},\"query-input\":{\"@type\":\"PropertyValueSpecification\",\"valueRequired\":true,\"valueName\":\"search_term_string\"}}],\"inLanguage\":\"en-US\"},{\"@type\":\"Organization\",\"@id\":\"https:\\\/\\\/shezamme.com\\\/#organization\",\"name\":\"SHEZAMME - Sneakersy, Streetwear i luksusowe marki\",\"url\":\"https:\\\/\\\/shezamme.com\\\/\",\"logo\":{\"@type\":\"ImageObject\",\"inLanguage\":\"en-US\",\"@id\":\"https:\\\/\\\/shezamme.com\\\/#\\\/schema\\\/logo\\\/image\\\/\",\"url\":\"https:\\\/\\\/shezamme.com\\\/wp-content\\\/uploads\\\/2023\\\/02\\\/0x0.png\",\"contentUrl\":\"https:\\\/\\\/shezamme.com\\\/wp-content\\\/uploads\\\/2023\\\/02\\\/0x0.png\",\"width\":2000,\"height\":2000,\"caption\":\"SHEZAMME - Sneakersy, Streetwear i luksusowe marki\"},\"image\":{\"@id\":\"https:\\\/\\\/shezamme.com\\\/#\\\/schema\\\/logo\\\/image\\\/\"},\"sameAs\":[\"https:\\\/\\\/www.facebook.com\\\/SHEZAMME\\\/\",\"https:\\\/\\\/x.com\\\/SHEZAMME\",\"https:\\\/\\\/www.instagram.com\\\/shezamme\\\/\",\"https:\\\/\\\/www.youtube.com\\\/channel\\\/UCsTJxi_9fODHdO_1bmJbqvQ\",\"https:\\\/\\\/www.tiktok.com\\\/shezamme.com\"]}]}<\/script>\n<!-- \/ Yoast SEO plugin. -->","yoast_head_json":{"title":"Off-White x Dunk Low Lot 05 of 50 - SHEZAMME","description":"Off-White x Dunk Low Lot 05 of 50 | Luksusowe i autentyczne przedmioty w jednym miejscu. B\u0105d\u017a na bie\u017c\u0105co i sprawd\u017a nasz\u0105 ofert\u0119 ju\u017c teraz","robots":{"index":"index","follow":"follow","max-snippet":"max-snippet:-1","max-image-preview":"max-image-preview:large","max-video-preview":"max-video-preview:-1"},"canonical":"https:\/\/shezamme.com\/en\/sklep\/sneakers-2\/others\/nike-x-off-white-lot\/off-white-x-dunk-low-lot-05-of-50\/","og_locale":"en_US","og_type":"article","og_title":"Off-White x Dunk Low Lot 05 of 50 - SHEZAMME","og_description":"Off-White x Dunk Low Lot 05 of 50 | Luksusowe i autentyczne przedmioty w jednym miejscu. B\u0105d\u017a na bie\u017c\u0105co i sprawd\u017a nasz\u0105 ofert\u0119 ju\u017c teraz","og_url":"https:\/\/shezamme.com\/en\/sklep\/sneakers-2\/others\/nike-x-off-white-lot\/off-white-x-dunk-low-lot-05-of-50\/","og_site_name":"SHEZAMME - Yeezy, Jordan, Supreme i inne oryginalne rzeczy","article_publisher":"https:\/\/www.facebook.com\/SHEZAMME\/","article_modified_time":"2025-05-19T16:47:33+00:00","og_image":[{"width":1000,"height":478,"url":"https:\/\/shezamme.com\/wp-content\/uploads\/2025\/04\/off-white-x-dunk-low-dear-summer-05-of-50-1.webp","type":"image\/webp"}],"twitter_card":"summary_large_image","twitter_site":"@SHEZAMME","twitter_misc":{"Est. reading time":"1 minute"},"schema":{"@context":"https:\/\/schema.org","@graph":[{"@type":"WebPage","@id":"https:\/\/shezamme.com\/sklep\/buty\/inne\/nike-x-off-white-lot\/off-white-x-dunk-low-lot-05-of-50\/","url":"https:\/\/shezamme.com\/sklep\/buty\/inne\/nike-x-off-white-lot\/off-white-x-dunk-low-lot-05-of-50\/","name":"Off-White x Dunk Low Lot 05 of 50 - SHEZAMME","isPartOf":{"@id":"https:\/\/shezamme.com\/#website"},"primaryImageOfPage":{"@id":"https:\/\/shezamme.com\/sklep\/buty\/inne\/nike-x-off-white-lot\/off-white-x-dunk-low-lot-05-of-50\/#primaryimage"},"image":{"@id":"https:\/\/shezamme.com\/sklep\/buty\/inne\/nike-x-off-white-lot\/off-white-x-dunk-low-lot-05-of-50\/#primaryimage"},"thumbnailUrl":"https:\/\/shezamme.com\/wp-content\/uploads\/2025\/04\/off-white-x-dunk-low-dear-summer-05-of-50-1.webp","datePublished":"2025-04-29T12:11:09+00:00","dateModified":"2025-05-19T16:47:33+00:00","description":"Off-White x Dunk Low Lot 05 of 50 | Luksusowe i autentyczne przedmioty w jednym miejscu. B\u0105d\u017a na bie\u017c\u0105co i sprawd\u017a nasz\u0105 ofert\u0119 ju\u017c teraz","breadcrumb":{"@id":"https:\/\/shezamme.com\/sklep\/buty\/inne\/nike-x-off-white-lot\/off-white-x-dunk-low-lot-05-of-50\/#breadcrumb"},"inLanguage":"en-US","potentialAction":[{"@type":"ReadAction","target":["https:\/\/shezamme.com\/sklep\/buty\/inne\/nike-x-off-white-lot\/off-white-x-dunk-low-lot-05-of-50\/"]}]},{"@type":"ImageObject","inLanguage":"en-US","@id":"https:\/\/shezamme.com\/sklep\/buty\/inne\/nike-x-off-white-lot\/off-white-x-dunk-low-lot-05-of-50\/#primaryimage","url":"https:\/\/shezamme.com\/wp-content\/uploads\/2025\/04\/off-white-x-dunk-low-dear-summer-05-of-50-1.webp","contentUrl":"https:\/\/shezamme.com\/wp-content\/uploads\/2025\/04\/off-white-x-dunk-low-dear-summer-05-of-50-1.webp","width":1000,"height":478},{"@type":"BreadcrumbList","@id":"https:\/\/shezamme.com\/sklep\/buty\/inne\/nike-x-off-white-lot\/off-white-x-dunk-low-lot-05-of-50\/#breadcrumb","itemListElement":[{"@type":"ListItem","position":1,"name":"Strona g\u0142\u00f3wna","item":"https:\/\/shezamme.com\/"},{"@type":"ListItem","position":2,"name":"Sklep","item":"https:\/\/shezamme.com\/en\/sklep\/"},{"@type":"ListItem","position":3,"name":"Off-White x Dunk Low Lot 05 of 50"}]},{"@type":"WebSite","@id":"https:\/\/shezamme.com\/#website","url":"https:\/\/shezamme.com\/","name":"SHEZAMME - Sneakers, Streetwear and luxury brands","description":"Original and exclusive items in one place. Check out our products now and stay up to date with all launches.","publisher":{"@id":"https:\/\/shezamme.com\/#organization"},"potentialAction":[{"@type":"SearchAction","target":{"@type":"EntryPoint","urlTemplate":"https:\/\/shezamme.com\/?s={search_term_string}"},"query-input":{"@type":"PropertyValueSpecification","valueRequired":true,"valueName":"search_term_string"}}],"inLanguage":"en-US"},{"@type":"Organization","@id":"https:\/\/shezamme.com\/#organization","name":"SHEZAMME - Sneakers, Streetwear and luxury brands","url":"https:\/\/shezamme.com\/","logo":{"@type":"ImageObject","inLanguage":"en-US","@id":"https:\/\/shezamme.com\/#\/schema\/logo\/image\/","url":"https:\/\/shezamme.com\/wp-content\/uploads\/2023\/02\/0x0.png","contentUrl":"https:\/\/shezamme.com\/wp-content\/uploads\/2023\/02\/0x0.png","width":2000,"height":2000,"caption":"SHEZAMME - Sneakersy, Streetwear i luksusowe marki"},"image":{"@id":"https:\/\/shezamme.com\/#\/schema\/logo\/image\/"},"sameAs":["https:\/\/www.facebook.com\/SHEZAMME\/","https:\/\/x.com\/SHEZAMME","https:\/\/www.instagram.com\/shezamme\/","https:\/\/www.youtube.com\/channel\/UCsTJxi_9fODHdO_1bmJbqvQ","https:\/\/www.tiktok.com\/shezamme.com"]}]}},"brands":[{"id":756,"name":"Nike","slug":"nike"},{"id":755,"name":"OFF-WHITE","slug":"off-white"}],"_links":{"self":[{"href":"https:\/\/shezamme.com\/en\/wp-json\/wp\/v2\/product\/178205","targetHints":{"allow":["GET"]}}],"collection":[{"href":"https:\/\/shezamme.com\/en\/wp-json\/wp\/v2\/product"}],"about":[{"href":"https:\/\/shezamme.com\/en\/wp-json\/wp\/v2\/types\/product"}],"wp:featuredmedia":[{"embeddable":true,"href":"https:\/\/shezamme.com\/en\/wp-json\/wp\/v2\/media\/178187"}],"wp:attachment":[{"href":"https:\/\/shezamme.com\/en\/wp-json\/wp\/v2\/media?parent=178205"}],"wp:term":[{"taxonomy":"pwb-brand","embeddable":true,"href":"https:\/\/shezamme.com\/en\/wp-json\/wp\/v2\/pwb-brand?post=178205"},{"taxonomy":"product_brand","embeddable":true,"href":"https:\/\/shezamme.com\/en\/wp-json\/wp\/v2\/product_brand?post=178205"},{"taxonomy":"product_cat","embeddable":true,"href":"https:\/\/shezamme.com\/en\/wp-json\/wp\/v2\/product_cat?post=178205"},{"taxonomy":"product_tag","embeddable":true,"href":"https:\/\/shezamme.com\/en\/wp-json\/wp\/v2\/product_tag?post=178205"}],"curies":[{"name":"wp","href":"https:\/\/api.w.org\/{rel}","templated":true}]}}