{"id":1782,"date":"2022-07-30T21:15:26","date_gmt":"2022-07-30T19:15:26","guid":{"rendered":"https:\/\/staging1.waw.pl\/?post_type=product&#038;p=1782"},"modified":"2025-02-18T22:51:59","modified_gmt":"2025-02-18T21:51:59","slug":"nike-air-force-1-low-reveal-tear-away-arctic-punch-w","status":"publish","type":"product","link":"https:\/\/shezamme.com\/en\/sklep\/buty\/air-force-1\/nike-air-force-1-low-reveal-tear-away-arctic-punch-w\/","title":{"rendered":"Nike Air Force 1 Low Reveal Tear-Away Arctic Punch (W)"},"content":{"rendered":"<h2 data-start=\"0\" data-end=\"45\">Unikalna konstrukcja z efektem tear-away<\/h2>\n<p data-start=\"47\" data-end=\"416\">Nike Air Force 1 Low Reveal Tear-Away to wyj\u0105tkowy model dla kobiet, kt\u00f3ry \u0142\u0105czy klasyczny design z mo\u017cliwo\u015bci\u0105 personalizacji. Cholewka zosta\u0142a wykonana z tekstylnego materia\u0142u pokrytego warstw\u0105 do samodzielnego usuni\u0119cia. Po jej stopniowym ods\u0142oni\u0119ciu ukazuj\u0105 si\u0119 pastelowe odcienie w kolorystyce Arctic Punch \/ Multi-Color, nadaj\u0105c ka\u017cdej parze unikalny charakter.<\/p>\n<h2 data-start=\"418\" data-end=\"469\">Komfort i trwa\u0142o\u015b\u0107 dzi\u0119ki klasycznej podeszwie<\/h2>\n<p data-start=\"471\" data-end=\"873\" data-is-last-node=\"\">Model zachowuje wszystkie cechy charakterystyczne dla Air Force 1 \u2013 solidn\u0105 konstrukcj\u0119 i wygod\u0119. Gumowa podeszwa z technologi\u0105 amortyzacji Air zapewnia odpowiedni\u0105 spr\u0119\u017cysto\u015b\u0107 i trwa\u0142o\u015b\u0107, co sprawia, \u017ce buty nadaj\u0105 si\u0119 zar\u00f3wno do codziennego u\u017cytkowania, jak i eksperymentowania z indywidualnym stylem. Dzi\u0119ki warstwowej budowie i kreatywnemu podej\u015bciu do designu, ka\u017cda para staje si\u0119 niepowtarzalna.<\/p>","protected":false},"excerpt":{"rendered":"<h2 data-start=\"0\" data-end=\"72\">Personalizacja na nowym poziomie \u2013 Air Force 1 Low Reveal Tear-Away<\/h2>\n<p data-start=\"74\" data-end=\"489\" data-is-last-node=\"\">Nike Air Force 1 Low Reveal Tear-Away to model, kt\u00f3ry pozwala na stopniowe odkrywanie ukrytych kolor\u00f3w. Warstwowa cholewka wykonana z tekstylnego materia\u0142u kryje pastelowe odcienie Arctic Punch \/ Multi-Color, kt\u00f3re ujawniaj\u0105 si\u0119 po usuni\u0119ciu wierzchniej pow\u0142oki. Klasyczna podeszwa z amortyzacj\u0105 Air gwarantuje komfort i trwa\u0142o\u015b\u0107, a mo\u017cliwo\u015b\u0107 personalizacji sprawia, \u017ce ka\u017cda para nabiera indywidualnego charakteru.<\/p>","protected":false},"featured_media":1809,"template":"","meta":{"_acf_changed":false,"_yoast_wpseo_focuskw":"Nike Air Force 1 Low Reveal Tear-Away Arctic Punch (W)","_yoast_wpseo_title":"","_yoast_wpseo_metadesc":""},"pwb-brand":[756],"product_brand":[],"product_cat":[16,92,93],"product_tag":[1008,1009],"class_list":{"0":"post-1782","1":"product","2":"type-product","3":"status-publish","4":"has-post-thumbnail","6":"pwb-brand-nike","7":"product_cat-buty","8":"product_cat-air-force-1","9":"product_cat-nike","10":"product_tag-kobieta","11":"product_tag-mezczyzna","13":"first","14":"onbackorder","15":"taxable","16":"shipping-taxable","17":"purchasable","18":"product-type-variable","19":"has-default-attributes"},"acf":[],"yoast_head":"<!-- This site is optimized with the Yoast SEO plugin v27.3 - https:\/\/yoast.com\/product\/yoast-seo-wordpress\/ -->\n<title>Nike Air Force 1 Low Reveal Tear-Away Arctic Punch (W) - SHEZAMME<\/title>\n<meta name=\"description\" content=\"Nike Air Force 1 Low Reveal Tear-Away Arctic Punch (W) | Luksusowe i autentyczne przedmioty w jednym miejscu. B\u0105d\u017a na bie\u017c\u0105co i sprawd\u017a nasz\u0105 ofert\u0119 ju\u017c teraz\" \/>\n<meta name=\"robots\" content=\"index, follow, max-snippet:-1, max-image-preview:large, max-video-preview:-1\" \/>\n<link rel=\"canonical\" href=\"https:\/\/shezamme.com\/en\/sklep\/sneakers-2\/air-force-1\/nike-air-force-1-low-reveal-tear-away-arctic-punch-w\/\" \/>\n<meta property=\"og:locale\" content=\"en_US\" \/>\n<meta property=\"og:type\" content=\"article\" \/>\n<meta property=\"og:title\" content=\"Nike Air Force 1 Low Reveal Tear-Away Arctic Punch (W) - SHEZAMME\" \/>\n<meta property=\"og:description\" content=\"Nike Air Force 1 Low Reveal Tear-Away Arctic Punch (W) | Luksusowe i autentyczne przedmioty w jednym miejscu. B\u0105d\u017a na bie\u017c\u0105co i sprawd\u017a nasz\u0105 ofert\u0119 ju\u017c teraz\" \/>\n<meta property=\"og:url\" content=\"https:\/\/shezamme.com\/en\/sklep\/sneakers-2\/air-force-1\/nike-air-force-1-low-reveal-tear-away-arctic-punch-w\/\" \/>\n<meta property=\"og:site_name\" content=\"SHEZAMME - Yeezy, Jordan, Supreme i inne oryginalne rzeczy\" \/>\n<meta property=\"article:publisher\" content=\"https:\/\/www.facebook.com\/SHEZAMME\/\" \/>\n<meta property=\"article:modified_time\" content=\"2025-02-18T21:51:59+00:00\" \/>\n<meta property=\"og:image\" content=\"https:\/\/shezamme.com\/wp-content\/uploads\/2022\/07\/tear2.jpg\" \/>\n\t<meta property=\"og:image:width\" content=\"1125\" \/>\n\t<meta property=\"og:image:height\" content=\"986\" \/>\n\t<meta property=\"og:image:type\" content=\"image\/jpeg\" \/>\n<meta name=\"twitter:card\" content=\"summary_large_image\" \/>\n<meta name=\"twitter:site\" content=\"@SHEZAMME\" \/>\n<meta name=\"twitter:label1\" content=\"Est. reading time\" \/>\n\t<meta name=\"twitter:data1\" content=\"1 minute\" \/>\n<script type=\"application\/ld+json\" class=\"yoast-schema-graph\">{\"@context\":\"https:\\\/\\\/schema.org\",\"@graph\":[{\"@type\":\"WebPage\",\"@id\":\"https:\\\/\\\/shezamme.com\\\/sklep\\\/buty\\\/air-force-1\\\/nike-air-force-1-low-reveal-tear-away-arctic-punch-w\\\/\",\"url\":\"https:\\\/\\\/shezamme.com\\\/sklep\\\/buty\\\/air-force-1\\\/nike-air-force-1-low-reveal-tear-away-arctic-punch-w\\\/\",\"name\":\"Nike Air Force 1 Low Reveal Tear-Away Arctic Punch (W) - SHEZAMME\",\"isPartOf\":{\"@id\":\"https:\\\/\\\/shezamme.com\\\/#website\"},\"primaryImageOfPage\":{\"@id\":\"https:\\\/\\\/shezamme.com\\\/sklep\\\/buty\\\/air-force-1\\\/nike-air-force-1-low-reveal-tear-away-arctic-punch-w\\\/#primaryimage\"},\"image\":{\"@id\":\"https:\\\/\\\/shezamme.com\\\/sklep\\\/buty\\\/air-force-1\\\/nike-air-force-1-low-reveal-tear-away-arctic-punch-w\\\/#primaryimage\"},\"thumbnailUrl\":\"https:\\\/\\\/shezamme.com\\\/wp-content\\\/uploads\\\/2022\\\/07\\\/tear2.jpg\",\"datePublished\":\"2022-07-30T19:15:26+00:00\",\"dateModified\":\"2025-02-18T21:51:59+00:00\",\"description\":\"Nike Air Force 1 Low Reveal Tear-Away Arctic Punch (W) | Luksusowe i autentyczne przedmioty w jednym miejscu. B\u0105d\u017a na bie\u017c\u0105co i sprawd\u017a nasz\u0105 ofert\u0119 ju\u017c teraz\",\"breadcrumb\":{\"@id\":\"https:\\\/\\\/shezamme.com\\\/sklep\\\/buty\\\/air-force-1\\\/nike-air-force-1-low-reveal-tear-away-arctic-punch-w\\\/#breadcrumb\"},\"inLanguage\":\"en-US\",\"potentialAction\":[{\"@type\":\"ReadAction\",\"target\":[\"https:\\\/\\\/shezamme.com\\\/sklep\\\/buty\\\/air-force-1\\\/nike-air-force-1-low-reveal-tear-away-arctic-punch-w\\\/\"]}]},{\"@type\":\"ImageObject\",\"inLanguage\":\"en-US\",\"@id\":\"https:\\\/\\\/shezamme.com\\\/sklep\\\/buty\\\/air-force-1\\\/nike-air-force-1-low-reveal-tear-away-arctic-punch-w\\\/#primaryimage\",\"url\":\"https:\\\/\\\/shezamme.com\\\/wp-content\\\/uploads\\\/2022\\\/07\\\/tear2.jpg\",\"contentUrl\":\"https:\\\/\\\/shezamme.com\\\/wp-content\\\/uploads\\\/2022\\\/07\\\/tear2.jpg\",\"width\":1125,\"height\":986,\"caption\":\"Nike Air Force 1 Low Reveal Tear-Away Arctic Punch (W)\"},{\"@type\":\"BreadcrumbList\",\"@id\":\"https:\\\/\\\/shezamme.com\\\/sklep\\\/buty\\\/air-force-1\\\/nike-air-force-1-low-reveal-tear-away-arctic-punch-w\\\/#breadcrumb\",\"itemListElement\":[{\"@type\":\"ListItem\",\"position\":1,\"name\":\"Strona g\u0142\u00f3wna\",\"item\":\"https:\\\/\\\/shezamme.com\\\/\"},{\"@type\":\"ListItem\",\"position\":2,\"name\":\"Sklep\",\"item\":\"https:\\\/\\\/shezamme.com\\\/en\\\/sklep\\\/\"},{\"@type\":\"ListItem\",\"position\":3,\"name\":\"Nike Air Force 1 Low Reveal Tear-Away Arctic Punch (W)\"}]},{\"@type\":\"WebSite\",\"@id\":\"https:\\\/\\\/shezamme.com\\\/#website\",\"url\":\"https:\\\/\\\/shezamme.com\\\/\",\"name\":\"SHEZAMME - Sneakersy, Streetwear i luksusowe marki\",\"description\":\"Oryginalne i ekskluzywne przedmioty w jednym miejscu. Sprawd\u017a nasze produkty ju\u017c teraz i b\u0105d\u017a na bie\u017c\u0105co z wszystkimi premierami.\",\"publisher\":{\"@id\":\"https:\\\/\\\/shezamme.com\\\/#organization\"},\"potentialAction\":[{\"@type\":\"SearchAction\",\"target\":{\"@type\":\"EntryPoint\",\"urlTemplate\":\"https:\\\/\\\/shezamme.com\\\/?s={search_term_string}\"},\"query-input\":{\"@type\":\"PropertyValueSpecification\",\"valueRequired\":true,\"valueName\":\"search_term_string\"}}],\"inLanguage\":\"en-US\"},{\"@type\":\"Organization\",\"@id\":\"https:\\\/\\\/shezamme.com\\\/#organization\",\"name\":\"SHEZAMME - Sneakersy, Streetwear i luksusowe marki\",\"url\":\"https:\\\/\\\/shezamme.com\\\/\",\"logo\":{\"@type\":\"ImageObject\",\"inLanguage\":\"en-US\",\"@id\":\"https:\\\/\\\/shezamme.com\\\/#\\\/schema\\\/logo\\\/image\\\/\",\"url\":\"https:\\\/\\\/shezamme.com\\\/wp-content\\\/uploads\\\/2023\\\/02\\\/0x0.png\",\"contentUrl\":\"https:\\\/\\\/shezamme.com\\\/wp-content\\\/uploads\\\/2023\\\/02\\\/0x0.png\",\"width\":2000,\"height\":2000,\"caption\":\"SHEZAMME - Sneakersy, Streetwear i luksusowe marki\"},\"image\":{\"@id\":\"https:\\\/\\\/shezamme.com\\\/#\\\/schema\\\/logo\\\/image\\\/\"},\"sameAs\":[\"https:\\\/\\\/www.facebook.com\\\/SHEZAMME\\\/\",\"https:\\\/\\\/x.com\\\/SHEZAMME\",\"https:\\\/\\\/www.instagram.com\\\/shezamme\\\/\",\"https:\\\/\\\/www.youtube.com\\\/channel\\\/UCsTJxi_9fODHdO_1bmJbqvQ\",\"https:\\\/\\\/www.tiktok.com\\\/shezamme.com\"]}]}<\/script>\n<!-- \/ Yoast SEO plugin. -->","yoast_head_json":{"title":"Nike Air Force 1 Low Reveal Tear-Away Arctic Punch (W) - SHEZAMME","description":"Nike Air Force 1 Low Reveal Tear-Away Arctic Punch (W) | Luksusowe i autentyczne przedmioty w jednym miejscu. B\u0105d\u017a na bie\u017c\u0105co i sprawd\u017a nasz\u0105 ofert\u0119 ju\u017c teraz","robots":{"index":"index","follow":"follow","max-snippet":"max-snippet:-1","max-image-preview":"max-image-preview:large","max-video-preview":"max-video-preview:-1"},"canonical":"https:\/\/shezamme.com\/en\/sklep\/sneakers-2\/air-force-1\/nike-air-force-1-low-reveal-tear-away-arctic-punch-w\/","og_locale":"en_US","og_type":"article","og_title":"Nike Air Force 1 Low Reveal Tear-Away Arctic Punch (W) - SHEZAMME","og_description":"Nike Air Force 1 Low Reveal Tear-Away Arctic Punch (W) | Luksusowe i autentyczne przedmioty w jednym miejscu. B\u0105d\u017a na bie\u017c\u0105co i sprawd\u017a nasz\u0105 ofert\u0119 ju\u017c teraz","og_url":"https:\/\/shezamme.com\/en\/sklep\/sneakers-2\/air-force-1\/nike-air-force-1-low-reveal-tear-away-arctic-punch-w\/","og_site_name":"SHEZAMME - Yeezy, Jordan, Supreme i inne oryginalne rzeczy","article_publisher":"https:\/\/www.facebook.com\/SHEZAMME\/","article_modified_time":"2025-02-18T21:51:59+00:00","og_image":[{"width":1125,"height":986,"url":"https:\/\/shezamme.com\/wp-content\/uploads\/2022\/07\/tear2.jpg","type":"image\/jpeg"}],"twitter_card":"summary_large_image","twitter_site":"@SHEZAMME","twitter_misc":{"Est. reading time":"1 minute"},"schema":{"@context":"https:\/\/schema.org","@graph":[{"@type":"WebPage","@id":"https:\/\/shezamme.com\/sklep\/buty\/air-force-1\/nike-air-force-1-low-reveal-tear-away-arctic-punch-w\/","url":"https:\/\/shezamme.com\/sklep\/buty\/air-force-1\/nike-air-force-1-low-reveal-tear-away-arctic-punch-w\/","name":"Nike Air Force 1 Low Reveal Tear-Away Arctic Punch (W) - SHEZAMME","isPartOf":{"@id":"https:\/\/shezamme.com\/#website"},"primaryImageOfPage":{"@id":"https:\/\/shezamme.com\/sklep\/buty\/air-force-1\/nike-air-force-1-low-reveal-tear-away-arctic-punch-w\/#primaryimage"},"image":{"@id":"https:\/\/shezamme.com\/sklep\/buty\/air-force-1\/nike-air-force-1-low-reveal-tear-away-arctic-punch-w\/#primaryimage"},"thumbnailUrl":"https:\/\/shezamme.com\/wp-content\/uploads\/2022\/07\/tear2.jpg","datePublished":"2022-07-30T19:15:26+00:00","dateModified":"2025-02-18T21:51:59+00:00","description":"Nike Air Force 1 Low Reveal Tear-Away Arctic Punch (W) | Luksusowe i autentyczne przedmioty w jednym miejscu. B\u0105d\u017a na bie\u017c\u0105co i sprawd\u017a nasz\u0105 ofert\u0119 ju\u017c teraz","breadcrumb":{"@id":"https:\/\/shezamme.com\/sklep\/buty\/air-force-1\/nike-air-force-1-low-reveal-tear-away-arctic-punch-w\/#breadcrumb"},"inLanguage":"en-US","potentialAction":[{"@type":"ReadAction","target":["https:\/\/shezamme.com\/sklep\/buty\/air-force-1\/nike-air-force-1-low-reveal-tear-away-arctic-punch-w\/"]}]},{"@type":"ImageObject","inLanguage":"en-US","@id":"https:\/\/shezamme.com\/sklep\/buty\/air-force-1\/nike-air-force-1-low-reveal-tear-away-arctic-punch-w\/#primaryimage","url":"https:\/\/shezamme.com\/wp-content\/uploads\/2022\/07\/tear2.jpg","contentUrl":"https:\/\/shezamme.com\/wp-content\/uploads\/2022\/07\/tear2.jpg","width":1125,"height":986,"caption":"Nike Air Force 1 Low Reveal Tear-Away Arctic Punch (W)"},{"@type":"BreadcrumbList","@id":"https:\/\/shezamme.com\/sklep\/buty\/air-force-1\/nike-air-force-1-low-reveal-tear-away-arctic-punch-w\/#breadcrumb","itemListElement":[{"@type":"ListItem","position":1,"name":"Strona g\u0142\u00f3wna","item":"https:\/\/shezamme.com\/"},{"@type":"ListItem","position":2,"name":"Sklep","item":"https:\/\/shezamme.com\/en\/sklep\/"},{"@type":"ListItem","position":3,"name":"Nike Air Force 1 Low Reveal Tear-Away Arctic Punch (W)"}]},{"@type":"WebSite","@id":"https:\/\/shezamme.com\/#website","url":"https:\/\/shezamme.com\/","name":"SHEZAMME - Sneakers, Streetwear and luxury brands","description":"Original and exclusive items in one place. Check out our products now and stay up to date with all launches.","publisher":{"@id":"https:\/\/shezamme.com\/#organization"},"potentialAction":[{"@type":"SearchAction","target":{"@type":"EntryPoint","urlTemplate":"https:\/\/shezamme.com\/?s={search_term_string}"},"query-input":{"@type":"PropertyValueSpecification","valueRequired":true,"valueName":"search_term_string"}}],"inLanguage":"en-US"},{"@type":"Organization","@id":"https:\/\/shezamme.com\/#organization","name":"SHEZAMME - Sneakers, Streetwear and luxury brands","url":"https:\/\/shezamme.com\/","logo":{"@type":"ImageObject","inLanguage":"en-US","@id":"https:\/\/shezamme.com\/#\/schema\/logo\/image\/","url":"https:\/\/shezamme.com\/wp-content\/uploads\/2023\/02\/0x0.png","contentUrl":"https:\/\/shezamme.com\/wp-content\/uploads\/2023\/02\/0x0.png","width":2000,"height":2000,"caption":"SHEZAMME - Sneakersy, Streetwear i luksusowe marki"},"image":{"@id":"https:\/\/shezamme.com\/#\/schema\/logo\/image\/"},"sameAs":["https:\/\/www.facebook.com\/SHEZAMME\/","https:\/\/x.com\/SHEZAMME","https:\/\/www.instagram.com\/shezamme\/","https:\/\/www.youtube.com\/channel\/UCsTJxi_9fODHdO_1bmJbqvQ","https:\/\/www.tiktok.com\/shezamme.com"]}]}},"brands":[{"id":756,"name":"Nike","slug":"nike"}],"_links":{"self":[{"href":"https:\/\/shezamme.com\/en\/wp-json\/wp\/v2\/product\/1782","targetHints":{"allow":["GET"]}}],"collection":[{"href":"https:\/\/shezamme.com\/en\/wp-json\/wp\/v2\/product"}],"about":[{"href":"https:\/\/shezamme.com\/en\/wp-json\/wp\/v2\/types\/product"}],"wp:featuredmedia":[{"embeddable":true,"href":"https:\/\/shezamme.com\/en\/wp-json\/wp\/v2\/media\/1809"}],"wp:attachment":[{"href":"https:\/\/shezamme.com\/en\/wp-json\/wp\/v2\/media?parent=1782"}],"wp:term":[{"taxonomy":"pwb-brand","embeddable":true,"href":"https:\/\/shezamme.com\/en\/wp-json\/wp\/v2\/pwb-brand?post=1782"},{"taxonomy":"product_brand","embeddable":true,"href":"https:\/\/shezamme.com\/en\/wp-json\/wp\/v2\/product_brand?post=1782"},{"taxonomy":"product_cat","embeddable":true,"href":"https:\/\/shezamme.com\/en\/wp-json\/wp\/v2\/product_cat?post=1782"},{"taxonomy":"product_tag","embeddable":true,"href":"https:\/\/shezamme.com\/en\/wp-json\/wp\/v2\/product_tag?post=1782"}],"curies":[{"name":"wp","href":"https:\/\/api.w.org\/{rel}","templated":true}]}}