{"id":177175,"date":"2025-04-28T11:33:00","date_gmt":"2025-04-28T09:33:00","guid":{"rendered":"https:\/\/shezamme.com\/?post_type=product&#038;p=177175"},"modified":"2026-03-23T14:14:58","modified_gmt":"2026-03-23T13:14:58","slug":"stussy-tough-gear-tee-black","status":"publish","type":"product","link":"https:\/\/shezamme.com\/en\/sklep\/koszulki\/wszystkie-koszulki\/stussy-tough-gear-tee-black\/","title":{"rendered":"Stussy Tough Gear Tee Black"},"content":{"rendered":"<h2 class=\"\" data-start=\"54\" data-end=\"130\">St\u00fcssy Tough Gear Tee Black \u2013 industrialny charakter w klasycznym wydaniu<\/h2>\n<p class=\"\" data-start=\"132\" data-end=\"545\">Model St\u00fcssy Tough Gear Tee Black to po\u0142\u0105czenie wyrazistego designu i funkcjonalno\u015bci w duchu streetwearu. Czarna baza z wysokiej jako\u015bci bawe\u0142ny zosta\u0142a ozdobiona kolorowym nadrukiem Tough Gear inspirowanym stylem industrialnym oraz klasycznym logo St\u00fcssy. Regularny, lekko lu\u017any fason, \u017cebrowany wytrzyma\u0142y ko\u0142nierz oraz podw\u00f3jne szwy wzmacniaj\u0105ce konstrukcj\u0119 zapewniaj\u0105 trwa\u0142o\u015b\u0107 i komfort codziennego noszenia.<\/p>\n<h2 class=\"\" data-start=\"547\" data-end=\"592\">Trwa\u0142o\u015b\u0107, wygoda i autentyczny styl St\u00fcssy<\/h2>\n<p class=\"\" data-start=\"594\" data-end=\"887\">St\u00fcssy Tough Gear Tee Black oferuje wysok\u0105 jako\u015b\u0107 wykonania oraz streetwearowy charakter, kt\u00f3ry \u0142\u0105czy nowoczesny wz\u00f3r z klasycznym krojem. Solidne wyko\u0144czenie i oryginalne opakowanie St\u00fcssy sprawiaj\u0105, \u017ce model idealnie sprawdza si\u0119 w codziennych stylizacjach, zapewniaj\u0105c wygod\u0119 i wyrazisto\u015b\u0107.<\/p>","protected":false},"excerpt":{"rendered":"<h2 class=\"\" data-start=\"63\" data-end=\"141\">St\u00fcssy Tough Gear Tee Black \u2013 wyrazisty streetwear z industrialnym akcentem<\/h2>\n<p class=\"\" data-start=\"143\" data-end=\"314\">Model St\u00fcssy Tough Gear Tee Black \u0142\u0105czy czarn\u0105 baz\u0119 z kolorowym nadrukiem Tough Gear, wysokogatunkow\u0105 bawe\u0142n\u0119 i klasyczny kr\u00f3j, oferuj\u0105c trwa\u0142o\u015b\u0107 i mocny styl na co dzie\u0144.<\/p>","protected":false},"featured_media":175893,"template":"","meta":{"_acf_changed":false,"_yoast_wpseo_focuskw":"Stussy Tough Gear Tee Black","_yoast_wpseo_title":"","_yoast_wpseo_metadesc":""},"pwb-brand":[801],"product_brand":[],"product_cat":[140,1200,903],"product_tag":[1008,1009],"class_list":{"0":"post-177175","1":"product","2":"type-product","3":"status-publish","4":"has-post-thumbnail","6":"pwb-brand-stussy","7":"product_cat-koszulki","8":"product_cat-koszulki-stussy","9":"product_cat-wszystkie-koszulki","10":"product_tag-kobieta","11":"product_tag-mezczyzna","12":"pa_rozmiar-ubrania-l","13":"pa_rozmiar-ubrania-m","14":"pa_rozmiar-ubrania-s","16":"first","17":"instock","18":"sale","19":"taxable","20":"shipping-taxable","21":"purchasable","22":"product-type-variable"},"acf":[],"yoast_head":"<!-- This site is optimized with the Yoast SEO plugin v27.3 - https:\/\/yoast.com\/product\/yoast-seo-wordpress\/ -->\n<title>Stussy Tough Gear Tee Black - SHEZAMME<\/title>\n<meta name=\"description\" content=\"Stussy Tough Gear Tee Black | Luksusowe i autentyczne przedmioty w jednym miejscu. B\u0105d\u017a na bie\u017c\u0105co i sprawd\u017a nasz\u0105 ofert\u0119 ju\u017c teraz\" \/>\n<meta name=\"robots\" content=\"index, follow, max-snippet:-1, max-image-preview:large, max-video-preview:-1\" \/>\n<link rel=\"canonical\" href=\"https:\/\/shezamme.com\/en\/sklep\/tshirts-2\/all-tshirts\/stussy-tough-gear-tee-black\/\" \/>\n<meta property=\"og:locale\" content=\"en_US\" \/>\n<meta property=\"og:type\" content=\"article\" \/>\n<meta property=\"og:title\" content=\"Stussy Tough Gear Tee Black - SHEZAMME\" \/>\n<meta property=\"og:description\" content=\"Stussy Tough Gear Tee Black | Luksusowe i autentyczne przedmioty w jednym miejscu. B\u0105d\u017a na bie\u017c\u0105co i sprawd\u017a nasz\u0105 ofert\u0119 ju\u017c teraz\" \/>\n<meta property=\"og:url\" content=\"https:\/\/shezamme.com\/en\/sklep\/tshirts-2\/all-tshirts\/stussy-tough-gear-tee-black\/\" \/>\n<meta property=\"og:site_name\" content=\"SHEZAMME - Yeezy, Jordan, Supreme i inne oryginalne rzeczy\" \/>\n<meta property=\"article:publisher\" content=\"https:\/\/www.facebook.com\/SHEZAMME\/\" \/>\n<meta property=\"article:modified_time\" content=\"2026-03-23T13:14:58+00:00\" \/>\n<meta property=\"og:image\" content=\"https:\/\/shezamme.com\/wp-content\/uploads\/2025\/04\/Stussy-Tough-Gear-Tee-Black_1.jpg\" \/>\n\t<meta property=\"og:image:width\" content=\"1440\" \/>\n\t<meta property=\"og:image:height\" content=\"1440\" \/>\n\t<meta property=\"og:image:type\" content=\"image\/jpeg\" \/>\n<meta name=\"twitter:card\" content=\"summary_large_image\" \/>\n<meta name=\"twitter:site\" content=\"@SHEZAMME\" \/>\n<meta name=\"twitter:label1\" content=\"Est. reading time\" \/>\n\t<meta name=\"twitter:data1\" content=\"1 minute\" \/>\n<script type=\"application\/ld+json\" class=\"yoast-schema-graph\">{\"@context\":\"https:\\\/\\\/schema.org\",\"@graph\":[{\"@type\":\"WebPage\",\"@id\":\"https:\\\/\\\/shezamme.com\\\/sklep\\\/koszulki\\\/wszystkie-koszulki\\\/stussy-tough-gear-tee-black\\\/\",\"url\":\"https:\\\/\\\/shezamme.com\\\/sklep\\\/koszulki\\\/wszystkie-koszulki\\\/stussy-tough-gear-tee-black\\\/\",\"name\":\"Stussy Tough Gear Tee Black - SHEZAMME\",\"isPartOf\":{\"@id\":\"https:\\\/\\\/shezamme.com\\\/#website\"},\"primaryImageOfPage\":{\"@id\":\"https:\\\/\\\/shezamme.com\\\/sklep\\\/koszulki\\\/wszystkie-koszulki\\\/stussy-tough-gear-tee-black\\\/#primaryimage\"},\"image\":{\"@id\":\"https:\\\/\\\/shezamme.com\\\/sklep\\\/koszulki\\\/wszystkie-koszulki\\\/stussy-tough-gear-tee-black\\\/#primaryimage\"},\"thumbnailUrl\":\"https:\\\/\\\/shezamme.com\\\/wp-content\\\/uploads\\\/2025\\\/04\\\/Stussy-Tough-Gear-Tee-Black_1.jpg\",\"datePublished\":\"2025-04-28T09:33:00+00:00\",\"dateModified\":\"2026-03-23T13:14:58+00:00\",\"description\":\"Stussy Tough Gear Tee Black | Luksusowe i autentyczne przedmioty w jednym miejscu. B\u0105d\u017a na bie\u017c\u0105co i sprawd\u017a nasz\u0105 ofert\u0119 ju\u017c teraz\",\"breadcrumb\":{\"@id\":\"https:\\\/\\\/shezamme.com\\\/sklep\\\/koszulki\\\/wszystkie-koszulki\\\/stussy-tough-gear-tee-black\\\/#breadcrumb\"},\"inLanguage\":\"en-US\",\"potentialAction\":[{\"@type\":\"ReadAction\",\"target\":[\"https:\\\/\\\/shezamme.com\\\/sklep\\\/koszulki\\\/wszystkie-koszulki\\\/stussy-tough-gear-tee-black\\\/\"]}]},{\"@type\":\"ImageObject\",\"inLanguage\":\"en-US\",\"@id\":\"https:\\\/\\\/shezamme.com\\\/sklep\\\/koszulki\\\/wszystkie-koszulki\\\/stussy-tough-gear-tee-black\\\/#primaryimage\",\"url\":\"https:\\\/\\\/shezamme.com\\\/wp-content\\\/uploads\\\/2025\\\/04\\\/Stussy-Tough-Gear-Tee-Black_1.jpg\",\"contentUrl\":\"https:\\\/\\\/shezamme.com\\\/wp-content\\\/uploads\\\/2025\\\/04\\\/Stussy-Tough-Gear-Tee-Black_1.jpg\",\"width\":1440,\"height\":1440},{\"@type\":\"BreadcrumbList\",\"@id\":\"https:\\\/\\\/shezamme.com\\\/sklep\\\/koszulki\\\/wszystkie-koszulki\\\/stussy-tough-gear-tee-black\\\/#breadcrumb\",\"itemListElement\":[{\"@type\":\"ListItem\",\"position\":1,\"name\":\"Strona g\u0142\u00f3wna\",\"item\":\"https:\\\/\\\/shezamme.com\\\/\"},{\"@type\":\"ListItem\",\"position\":2,\"name\":\"Sklep\",\"item\":\"https:\\\/\\\/shezamme.com\\\/en\\\/sklep\\\/\"},{\"@type\":\"ListItem\",\"position\":3,\"name\":\"Stussy Tough Gear Tee Black\"}]},{\"@type\":\"WebSite\",\"@id\":\"https:\\\/\\\/shezamme.com\\\/#website\",\"url\":\"https:\\\/\\\/shezamme.com\\\/\",\"name\":\"SHEZAMME - Sneakersy, Streetwear i luksusowe marki\",\"description\":\"Oryginalne i ekskluzywne przedmioty w jednym miejscu. Sprawd\u017a nasze produkty ju\u017c teraz i b\u0105d\u017a na bie\u017c\u0105co z wszystkimi premierami.\",\"publisher\":{\"@id\":\"https:\\\/\\\/shezamme.com\\\/#organization\"},\"potentialAction\":[{\"@type\":\"SearchAction\",\"target\":{\"@type\":\"EntryPoint\",\"urlTemplate\":\"https:\\\/\\\/shezamme.com\\\/?s={search_term_string}\"},\"query-input\":{\"@type\":\"PropertyValueSpecification\",\"valueRequired\":true,\"valueName\":\"search_term_string\"}}],\"inLanguage\":\"en-US\"},{\"@type\":\"Organization\",\"@id\":\"https:\\\/\\\/shezamme.com\\\/#organization\",\"name\":\"SHEZAMME - Sneakersy, Streetwear i luksusowe marki\",\"url\":\"https:\\\/\\\/shezamme.com\\\/\",\"logo\":{\"@type\":\"ImageObject\",\"inLanguage\":\"en-US\",\"@id\":\"https:\\\/\\\/shezamme.com\\\/#\\\/schema\\\/logo\\\/image\\\/\",\"url\":\"https:\\\/\\\/shezamme.com\\\/wp-content\\\/uploads\\\/2023\\\/02\\\/0x0.png\",\"contentUrl\":\"https:\\\/\\\/shezamme.com\\\/wp-content\\\/uploads\\\/2023\\\/02\\\/0x0.png\",\"width\":2000,\"height\":2000,\"caption\":\"SHEZAMME - Sneakersy, Streetwear i luksusowe marki\"},\"image\":{\"@id\":\"https:\\\/\\\/shezamme.com\\\/#\\\/schema\\\/logo\\\/image\\\/\"},\"sameAs\":[\"https:\\\/\\\/www.facebook.com\\\/SHEZAMME\\\/\",\"https:\\\/\\\/x.com\\\/SHEZAMME\",\"https:\\\/\\\/www.instagram.com\\\/shezamme\\\/\",\"https:\\\/\\\/www.youtube.com\\\/channel\\\/UCsTJxi_9fODHdO_1bmJbqvQ\",\"https:\\\/\\\/www.tiktok.com\\\/shezamme.com\"]}]}<\/script>\n<!-- \/ Yoast SEO plugin. -->","yoast_head_json":{"title":"Stussy Tough Gear Tee Black - SHEZAMME","description":"Stussy Tough Gear Tee Black | Luksusowe i autentyczne przedmioty w jednym miejscu. B\u0105d\u017a na bie\u017c\u0105co i sprawd\u017a nasz\u0105 ofert\u0119 ju\u017c teraz","robots":{"index":"index","follow":"follow","max-snippet":"max-snippet:-1","max-image-preview":"max-image-preview:large","max-video-preview":"max-video-preview:-1"},"canonical":"https:\/\/shezamme.com\/en\/sklep\/tshirts-2\/all-tshirts\/stussy-tough-gear-tee-black\/","og_locale":"en_US","og_type":"article","og_title":"Stussy Tough Gear Tee Black - SHEZAMME","og_description":"Stussy Tough Gear Tee Black | Luksusowe i autentyczne przedmioty w jednym miejscu. B\u0105d\u017a na bie\u017c\u0105co i sprawd\u017a nasz\u0105 ofert\u0119 ju\u017c teraz","og_url":"https:\/\/shezamme.com\/en\/sklep\/tshirts-2\/all-tshirts\/stussy-tough-gear-tee-black\/","og_site_name":"SHEZAMME - Yeezy, Jordan, Supreme i inne oryginalne rzeczy","article_publisher":"https:\/\/www.facebook.com\/SHEZAMME\/","article_modified_time":"2026-03-23T13:14:58+00:00","og_image":[{"width":1440,"height":1440,"url":"https:\/\/shezamme.com\/wp-content\/uploads\/2025\/04\/Stussy-Tough-Gear-Tee-Black_1.jpg","type":"image\/jpeg"}],"twitter_card":"summary_large_image","twitter_site":"@SHEZAMME","twitter_misc":{"Est. reading time":"1 minute"},"schema":{"@context":"https:\/\/schema.org","@graph":[{"@type":"WebPage","@id":"https:\/\/shezamme.com\/sklep\/koszulki\/wszystkie-koszulki\/stussy-tough-gear-tee-black\/","url":"https:\/\/shezamme.com\/sklep\/koszulki\/wszystkie-koszulki\/stussy-tough-gear-tee-black\/","name":"Stussy Tough Gear Tee Black - SHEZAMME","isPartOf":{"@id":"https:\/\/shezamme.com\/#website"},"primaryImageOfPage":{"@id":"https:\/\/shezamme.com\/sklep\/koszulki\/wszystkie-koszulki\/stussy-tough-gear-tee-black\/#primaryimage"},"image":{"@id":"https:\/\/shezamme.com\/sklep\/koszulki\/wszystkie-koszulki\/stussy-tough-gear-tee-black\/#primaryimage"},"thumbnailUrl":"https:\/\/shezamme.com\/wp-content\/uploads\/2025\/04\/Stussy-Tough-Gear-Tee-Black_1.jpg","datePublished":"2025-04-28T09:33:00+00:00","dateModified":"2026-03-23T13:14:58+00:00","description":"Stussy Tough Gear Tee Black | Luksusowe i autentyczne przedmioty w jednym miejscu. B\u0105d\u017a na bie\u017c\u0105co i sprawd\u017a nasz\u0105 ofert\u0119 ju\u017c teraz","breadcrumb":{"@id":"https:\/\/shezamme.com\/sklep\/koszulki\/wszystkie-koszulki\/stussy-tough-gear-tee-black\/#breadcrumb"},"inLanguage":"en-US","potentialAction":[{"@type":"ReadAction","target":["https:\/\/shezamme.com\/sklep\/koszulki\/wszystkie-koszulki\/stussy-tough-gear-tee-black\/"]}]},{"@type":"ImageObject","inLanguage":"en-US","@id":"https:\/\/shezamme.com\/sklep\/koszulki\/wszystkie-koszulki\/stussy-tough-gear-tee-black\/#primaryimage","url":"https:\/\/shezamme.com\/wp-content\/uploads\/2025\/04\/Stussy-Tough-Gear-Tee-Black_1.jpg","contentUrl":"https:\/\/shezamme.com\/wp-content\/uploads\/2025\/04\/Stussy-Tough-Gear-Tee-Black_1.jpg","width":1440,"height":1440},{"@type":"BreadcrumbList","@id":"https:\/\/shezamme.com\/sklep\/koszulki\/wszystkie-koszulki\/stussy-tough-gear-tee-black\/#breadcrumb","itemListElement":[{"@type":"ListItem","position":1,"name":"Strona g\u0142\u00f3wna","item":"https:\/\/shezamme.com\/"},{"@type":"ListItem","position":2,"name":"Sklep","item":"https:\/\/shezamme.com\/en\/sklep\/"},{"@type":"ListItem","position":3,"name":"Stussy Tough Gear Tee Black"}]},{"@type":"WebSite","@id":"https:\/\/shezamme.com\/#website","url":"https:\/\/shezamme.com\/","name":"SHEZAMME - Sneakers, Streetwear and luxury brands","description":"Original and exclusive items in one place. Check out our products now and stay up to date with all launches.","publisher":{"@id":"https:\/\/shezamme.com\/#organization"},"potentialAction":[{"@type":"SearchAction","target":{"@type":"EntryPoint","urlTemplate":"https:\/\/shezamme.com\/?s={search_term_string}"},"query-input":{"@type":"PropertyValueSpecification","valueRequired":true,"valueName":"search_term_string"}}],"inLanguage":"en-US"},{"@type":"Organization","@id":"https:\/\/shezamme.com\/#organization","name":"SHEZAMME - Sneakers, Streetwear and luxury brands","url":"https:\/\/shezamme.com\/","logo":{"@type":"ImageObject","inLanguage":"en-US","@id":"https:\/\/shezamme.com\/#\/schema\/logo\/image\/","url":"https:\/\/shezamme.com\/wp-content\/uploads\/2023\/02\/0x0.png","contentUrl":"https:\/\/shezamme.com\/wp-content\/uploads\/2023\/02\/0x0.png","width":2000,"height":2000,"caption":"SHEZAMME - Sneakersy, Streetwear i luksusowe marki"},"image":{"@id":"https:\/\/shezamme.com\/#\/schema\/logo\/image\/"},"sameAs":["https:\/\/www.facebook.com\/SHEZAMME\/","https:\/\/x.com\/SHEZAMME","https:\/\/www.instagram.com\/shezamme\/","https:\/\/www.youtube.com\/channel\/UCsTJxi_9fODHdO_1bmJbqvQ","https:\/\/www.tiktok.com\/shezamme.com"]}]}},"brands":[{"id":801,"name":"Stussy","slug":"stussy"}],"_links":{"self":[{"href":"https:\/\/shezamme.com\/en\/wp-json\/wp\/v2\/product\/177175","targetHints":{"allow":["GET"]}}],"collection":[{"href":"https:\/\/shezamme.com\/en\/wp-json\/wp\/v2\/product"}],"about":[{"href":"https:\/\/shezamme.com\/en\/wp-json\/wp\/v2\/types\/product"}],"wp:featuredmedia":[{"embeddable":true,"href":"https:\/\/shezamme.com\/en\/wp-json\/wp\/v2\/media\/175893"}],"wp:attachment":[{"href":"https:\/\/shezamme.com\/en\/wp-json\/wp\/v2\/media?parent=177175"}],"wp:term":[{"taxonomy":"pwb-brand","embeddable":true,"href":"https:\/\/shezamme.com\/en\/wp-json\/wp\/v2\/pwb-brand?post=177175"},{"taxonomy":"product_brand","embeddable":true,"href":"https:\/\/shezamme.com\/en\/wp-json\/wp\/v2\/product_brand?post=177175"},{"taxonomy":"product_cat","embeddable":true,"href":"https:\/\/shezamme.com\/en\/wp-json\/wp\/v2\/product_cat?post=177175"},{"taxonomy":"product_tag","embeddable":true,"href":"https:\/\/shezamme.com\/en\/wp-json\/wp\/v2\/product_tag?post=177175"}],"curies":[{"name":"wp","href":"https:\/\/api.w.org\/{rel}","templated":true}]}}