{"id":174530,"date":"2025-04-21T23:35:32","date_gmt":"2025-04-21T21:35:32","guid":{"rendered":"https:\/\/shezamme.com\/?post_type=product&#038;p=174530"},"modified":"2025-04-21T23:35:34","modified_gmt":"2025-04-21T21:35:34","slug":"louis-vuitton-timberland-6-ankle-boot-black-monogram","status":"publish","type":"product","link":"https:\/\/shezamme.com\/en\/sklep\/buty\/inne\/louis-vuitton\/louis-vuitton-timberland-6-ankle-boot-black-monogram\/","title":{"rendered":"Louis Vuitton Timberland 6&#8243; Ankle Boot Black Monogram"},"content":{"rendered":"<h2 class=\"\" data-start=\"0\" data-end=\"73\">Ikona funkcjonalno\u015bci w luksusowej ods\u0142onie Louis Vuitton x Timberland<\/h2>\n<p class=\"\" data-start=\"75\" data-end=\"594\">Louis Vuitton x Timberland 6&#8243; Ankle Boot &#8222;Black Monogram&#8221; to wyj\u0105tkowa kolaboracja \u0142\u0105cz\u0105ca dziedzictwo outdoorowej klasyki z ekskluzywnym rzemios\u0142em haute couture. Pod kreatywnym kierunkiem Pharrella Williamsa powsta\u0142a reinterpretacja kultowego buta Timberland 6-Inch, kt\u00f3ra zachowuje jego u\u017cytkowy charakter, wzbogacony o modowe detale i luksusowe wyko\u0144czenia. G\u0142\u0119boka czer\u0144 cholewki zosta\u0142a w ca\u0142o\u015bci pokryta t\u0142oczonym wzorem Monogram Canvas, nadaj\u0105c projektowi subtelnej elegancji z rozpoznawalnym DNA Louis Vuitton.<\/p>\n<h2 class=\"\" data-start=\"596\" data-end=\"666\">Ekskluzywne materia\u0142y, precyzyjne detale i klasyczna funkcjonalno\u015b\u0107<\/h2>\n<p class=\"\" data-start=\"668\" data-end=\"1325\">But wykonany jest z najwy\u017cszej jako\u015bci sk\u00f3ry naturalnej, zapewniaj\u0105cej trwa\u0142o\u015b\u0107 i wodoodporno\u015b\u0107, a jednocze\u015bnie wzbogaconej o ekskluzywn\u0105 faktur\u0119 monogramu LV. Sk\u00f3rzany j\u0119zyk z t\u0142oczonym logo LV x Timberland, metalowe oczka w tonacji czerni oraz znak firmowy Louis Vuitton Paris na pi\u0119cie \u015bwiadcz\u0105 o precyzji wykonania. Wn\u0119trze z mi\u0119kkiej sk\u00f3ry i komfortowa wk\u0142adka gwarantuj\u0105 wygod\u0119 noszenia, a klasyczna gumowa podeszwa z g\u0142\u0119bokim bie\u017cnikiem zapewnia niezawodn\u0105 przyczepno\u015b\u0107. Limitowana dost\u0119pno\u015b\u0107 modelu, jako cz\u0119\u015b\u0107 kolekcji Louis Vuitton Men\u2019s FW24, czyni go jednym z najbardziej po\u017c\u0105danych obuwia sezonu \u2013 zar\u00f3wno w \u015bwiecie mody, jak i kolekcjonerstwa.<\/p>","protected":false},"excerpt":{"rendered":"<article class=\"text-token-text-primary w-full\" dir=\"auto\" data-testid=\"conversation-turn-92\" data-scroll-anchor=\"true\">\n<div class=\"text-base my-auto mx-auto py-5 [--thread-content-margin:--spacing(4)] @[37rem]:[--thread-content-margin:--spacing(6)] @[70rem]:[--thread-content-margin:--spacing(12)] px-(--thread-content-margin)\">\n<div class=\"[--thread-content-max-width:32rem] @[34rem]:[--thread-content-max-width:40rem] @[64rem]:[--thread-content-max-width:48rem] mx-auto flex max-w-(--thread-content-max-width) flex-1 text-base gap-4 md:gap-5 lg:gap-6 group\/turn-messages focus-visible:outline-hidden\">\n<div class=\"group\/conversation-turn relative flex w-full min-w-0 flex-col agent-turn\">\n<div class=\"relative flex-col gap-1 md:gap-3\">\n<div class=\"flex max-w-full flex-col grow\">\n<div class=\"min-h-8 text-message relative flex w-full flex-col items-end gap-2 text-start break-words whitespace-normal [.text-message+&amp;]:mt-5\" dir=\"auto\" data-message-author-role=\"assistant\" data-message-id=\"5fc417b2-562b-45fb-9355-aa34d94ceab7\" data-message-model-slug=\"gpt-4o\">\n<div class=\"flex w-full flex-col gap-1 empty:hidden first:pt-[3px]\">\n<div class=\"markdown prose dark:prose-invert w-full break-words light\">\n<h2 class=\"\" data-start=\"0\" data-end=\"90\">Luksus spotyka klasyk\u0119 w limitowanej edycji Louis Vuitton x Timberland &#8222;Black Monogram&#8221;<\/h2>\n<p class=\"\" data-start=\"92\" data-end=\"528\">Louis Vuitton x Timberland 6&#8243; Ankle Boot &#8222;Black Monogram&#8221; to ekskluzywna wersja ikonicznego modelu, \u0142\u0105cz\u0105ca outdoorow\u0105 sylwetk\u0119 z wysok\u0105 mod\u0105. Cholewka z t\u0142oczonej sk\u00f3ry z monogramem LV w g\u0142\u0119bokiej czerni, metalowe detale i subtelny branding tworz\u0105 wyrafinowan\u0105 ca\u0142o\u015b\u0107. Sk\u00f3rzana wy\u015bci\u00f3\u0142ka i solidna gumowa podeszwa gwarantuj\u0105 komfort i trwa\u0142o\u015b\u0107. Limitowana edycja z kolekcji LV Men\u2019s FW24 to pozycja premium dla fan\u00f3w stylu i rzemios\u0142a.<\/p>\n<\/div>\n<\/div>\n<\/div>\n<\/div>\n<div class=\"flex justify-start\">\n<div class=\"touch:-me-2 touch:-ms-3.5 -ms-2.5 -me-1 flex items-center p-1 select-none -mt-1 duration-[1.5s] focus-within:transition-none hover:transition-none pointer-events-none [mask-image:linear-gradient(to_right,black_33%,transparent_66%)] [mask-position:100%_0%] [mask-size:300%_100%] motion-safe:transition-[mask-position] group-hover\/turn-messages:pointer-events-auto group-hover\/turn-messages:[mask-position:0_0] group-focus-within\/turn-messages:pointer-events-auto group-focus-within\/turn-messages:[mask-position:0_0] has-data-[state=open]:pointer-events-auto has-data-[state=open]:[mask-position:0_0]\"><\/div>\n<\/div>\n<div class=\"mt-3 w-full empty:hidden\">\n<div class=\"text-center\"><\/div>\n<\/div>\n<\/div>\n<\/div>\n<\/div>\n<\/div>\n<\/article>\n<div class=\"pointer-events-none h-px w-px\" aria-hidden=\"true\" data-edge=\"true\"><\/div>\n","protected":false},"featured_media":174553,"template":"","meta":{"_acf_changed":false},"pwb-brand":[890],"product_brand":[],"product_cat":[16,865,171],"product_tag":[1008,1009],"class_list":{"0":"post-174530","1":"product","2":"type-product","3":"status-publish","4":"has-post-thumbnail","6":"pwb-brand-louis-vuitton","7":"product_cat-buty","8":"product_cat-louis-vuitton","9":"product_cat-inne","10":"product_tag-kobieta","11":"product_tag-mezczyzna","13":"first","14":"onbackorder","15":"taxable","16":"shipping-taxable","17":"purchasable","18":"product-type-variable"},"acf":[],"yoast_head":"<!-- This site is optimized with the Yoast SEO plugin v27.2 - https:\/\/yoast.com\/product\/yoast-seo-wordpress\/ -->\n<title>Louis Vuitton Timberland 6&quot; Ankle Boot Black Monogram - SHEZAMME<\/title>\n<meta name=\"description\" content=\"Louis Vuitton Timberland 6&quot; Ankle Boot Black Monogram | Luksusowe i autentyczne przedmioty w jednym miejscu. B\u0105d\u017a na bie\u017c\u0105co i sprawd\u017a nasz\u0105 ofert\u0119 ju\u017c teraz\" \/>\n<meta name=\"robots\" content=\"index, follow, max-snippet:-1, max-image-preview:large, max-video-preview:-1\" \/>\n<link rel=\"canonical\" href=\"https:\/\/shezamme.com\/en\/sklep\/sneakers-2\/others\/louis-vuitton\/louis-vuitton-timberland-6-ankle-boot-black-monogram\/\" \/>\n<meta property=\"og:locale\" content=\"en_US\" \/>\n<meta property=\"og:type\" content=\"article\" \/>\n<meta property=\"og:title\" content=\"Louis Vuitton Timberland 6&quot; Ankle Boot Black Monogram - SHEZAMME\" \/>\n<meta property=\"og:description\" content=\"Louis Vuitton Timberland 6&quot; Ankle Boot Black Monogram | Luksusowe i autentyczne przedmioty w jednym miejscu. B\u0105d\u017a na bie\u017c\u0105co i sprawd\u017a nasz\u0105 ofert\u0119 ju\u017c teraz\" \/>\n<meta property=\"og:url\" content=\"https:\/\/shezamme.com\/en\/sklep\/sneakers-2\/others\/louis-vuitton\/louis-vuitton-timberland-6-ankle-boot-black-monogram\/\" \/>\n<meta property=\"og:site_name\" content=\"SHEZAMME - Yeezy, Jordan, Supreme i inne oryginalne rzeczy\" \/>\n<meta property=\"article:publisher\" content=\"https:\/\/www.facebook.com\/SHEZAMME\/\" \/>\n<meta property=\"article:modified_time\" content=\"2025-04-21T21:35:34+00:00\" \/>\n<meta property=\"og:image\" content=\"https:\/\/shezamme.com\/wp-content\/uploads\/2025\/04\/louis-vuitton-x-6-inch-ankle-boot-embossed-monogram-black-1.webp\" \/>\n\t<meta property=\"og:image:width\" content=\"867\" \/>\n\t<meta property=\"og:image:height\" content=\"605\" \/>\n\t<meta property=\"og:image:type\" content=\"image\/webp\" \/>\n<meta name=\"twitter:card\" content=\"summary_large_image\" \/>\n<meta name=\"twitter:site\" content=\"@SHEZAMME\" \/>\n<meta name=\"twitter:label1\" content=\"Est. reading time\" \/>\n\t<meta name=\"twitter:data1\" content=\"1 minute\" \/>\n<script type=\"application\/ld+json\" class=\"yoast-schema-graph\">{\"@context\":\"https:\/\/schema.org\",\"@graph\":[{\"@type\":\"WebPage\",\"@id\":\"https:\/\/shezamme.com\/sklep\/buty\/inne\/louis-vuitton\/louis-vuitton-timberland-6-ankle-boot-black-monogram\/\",\"url\":\"https:\/\/shezamme.com\/sklep\/buty\/inne\/louis-vuitton\/louis-vuitton-timberland-6-ankle-boot-black-monogram\/\",\"name\":\"Louis Vuitton Timberland 6\\\" Ankle Boot Black Monogram - SHEZAMME\",\"isPartOf\":{\"@id\":\"https:\/\/shezamme.com\/#website\"},\"primaryImageOfPage\":{\"@id\":\"https:\/\/shezamme.com\/sklep\/buty\/inne\/louis-vuitton\/louis-vuitton-timberland-6-ankle-boot-black-monogram\/#primaryimage\"},\"image\":{\"@id\":\"https:\/\/shezamme.com\/sklep\/buty\/inne\/louis-vuitton\/louis-vuitton-timberland-6-ankle-boot-black-monogram\/#primaryimage\"},\"thumbnailUrl\":\"https:\/\/shezamme.com\/wp-content\/uploads\/2025\/04\/louis-vuitton-x-6-inch-ankle-boot-embossed-monogram-black-1.webp\",\"datePublished\":\"2025-04-21T21:35:32+00:00\",\"dateModified\":\"2025-04-21T21:35:34+00:00\",\"description\":\"Louis Vuitton Timberland 6\\\" Ankle Boot Black Monogram | Luksusowe i autentyczne przedmioty w jednym miejscu. B\u0105d\u017a na bie\u017c\u0105co i sprawd\u017a nasz\u0105 ofert\u0119 ju\u017c teraz\",\"breadcrumb\":{\"@id\":\"https:\/\/shezamme.com\/sklep\/buty\/inne\/louis-vuitton\/louis-vuitton-timberland-6-ankle-boot-black-monogram\/#breadcrumb\"},\"inLanguage\":\"en-US\",\"potentialAction\":[{\"@type\":\"ReadAction\",\"target\":[\"https:\/\/shezamme.com\/sklep\/buty\/inne\/louis-vuitton\/louis-vuitton-timberland-6-ankle-boot-black-monogram\/\"]}]},{\"@type\":\"ImageObject\",\"inLanguage\":\"en-US\",\"@id\":\"https:\/\/shezamme.com\/sklep\/buty\/inne\/louis-vuitton\/louis-vuitton-timberland-6-ankle-boot-black-monogram\/#primaryimage\",\"url\":\"https:\/\/shezamme.com\/wp-content\/uploads\/2025\/04\/louis-vuitton-x-6-inch-ankle-boot-embossed-monogram-black-1.webp\",\"contentUrl\":\"https:\/\/shezamme.com\/wp-content\/uploads\/2025\/04\/louis-vuitton-x-6-inch-ankle-boot-embossed-monogram-black-1.webp\",\"width\":867,\"height\":605},{\"@type\":\"BreadcrumbList\",\"@id\":\"https:\/\/shezamme.com\/sklep\/buty\/inne\/louis-vuitton\/louis-vuitton-timberland-6-ankle-boot-black-monogram\/#breadcrumb\",\"itemListElement\":[{\"@type\":\"ListItem\",\"position\":1,\"name\":\"Strona g\u0142\u00f3wna\",\"item\":\"https:\/\/shezamme.com\/\"},{\"@type\":\"ListItem\",\"position\":2,\"name\":\"Sklep\",\"item\":\"https:\/\/shezamme.com\/sklep\/\"},{\"@type\":\"ListItem\",\"position\":3,\"name\":\"Louis Vuitton Timberland 6&#8243; Ankle Boot Black Monogram\"}]},{\"@type\":\"WebSite\",\"@id\":\"https:\/\/shezamme.com\/#website\",\"url\":\"https:\/\/shezamme.com\/\",\"name\":\"SHEZAMME - Sneakersy, Streetwear i luksusowe marki\",\"description\":\"Oryginalne i ekskluzywne przedmioty w jednym miejscu. Sprawd\u017a nasze produkty ju\u017c teraz i b\u0105d\u017a na bie\u017c\u0105co z wszystkimi premierami.\",\"publisher\":{\"@id\":\"https:\/\/shezamme.com\/#organization\"},\"potentialAction\":[{\"@type\":\"SearchAction\",\"target\":{\"@type\":\"EntryPoint\",\"urlTemplate\":\"https:\/\/shezamme.com\/?s={search_term_string}\"},\"query-input\":{\"@type\":\"PropertyValueSpecification\",\"valueRequired\":true,\"valueName\":\"search_term_string\"}}],\"inLanguage\":\"en-US\"},{\"@type\":\"Organization\",\"@id\":\"https:\/\/shezamme.com\/#organization\",\"name\":\"SHEZAMME - Sneakersy, Streetwear i luksusowe marki\",\"url\":\"https:\/\/shezamme.com\/\",\"logo\":{\"@type\":\"ImageObject\",\"inLanguage\":\"en-US\",\"@id\":\"https:\/\/shezamme.com\/#\/schema\/logo\/image\/\",\"url\":\"https:\/\/shezamme.com\/wp-content\/uploads\/2023\/02\/0x0.png\",\"contentUrl\":\"https:\/\/shezamme.com\/wp-content\/uploads\/2023\/02\/0x0.png\",\"width\":2000,\"height\":2000,\"caption\":\"SHEZAMME - Sneakersy, Streetwear i luksusowe marki\"},\"image\":{\"@id\":\"https:\/\/shezamme.com\/#\/schema\/logo\/image\/\"},\"sameAs\":[\"https:\/\/www.facebook.com\/SHEZAMME\/\",\"https:\/\/x.com\/SHEZAMME\",\"https:\/\/www.instagram.com\/shezamme\/\",\"https:\/\/www.youtube.com\/channel\/UCsTJxi_9fODHdO_1bmJbqvQ\",\"https:\/\/www.tiktok.com\/shezamme.com\"]}]}<\/script>\n<!-- \/ Yoast SEO plugin. -->","yoast_head_json":{"title":"Louis Vuitton Timberland 6\" Ankle Boot Black Monogram - SHEZAMME","description":"Louis Vuitton Timberland 6\" Ankle Boot Black Monogram | Luksusowe i autentyczne przedmioty w jednym miejscu. B\u0105d\u017a na bie\u017c\u0105co i sprawd\u017a nasz\u0105 ofert\u0119 ju\u017c teraz","robots":{"index":"index","follow":"follow","max-snippet":"max-snippet:-1","max-image-preview":"max-image-preview:large","max-video-preview":"max-video-preview:-1"},"canonical":"https:\/\/shezamme.com\/en\/sklep\/sneakers-2\/others\/louis-vuitton\/louis-vuitton-timberland-6-ankle-boot-black-monogram\/","og_locale":"en_US","og_type":"article","og_title":"Louis Vuitton Timberland 6\" Ankle Boot Black Monogram - SHEZAMME","og_description":"Louis Vuitton Timberland 6\" Ankle Boot Black Monogram | Luksusowe i autentyczne przedmioty w jednym miejscu. B\u0105d\u017a na bie\u017c\u0105co i sprawd\u017a nasz\u0105 ofert\u0119 ju\u017c teraz","og_url":"https:\/\/shezamme.com\/en\/sklep\/sneakers-2\/others\/louis-vuitton\/louis-vuitton-timberland-6-ankle-boot-black-monogram\/","og_site_name":"SHEZAMME - Yeezy, Jordan, Supreme i inne oryginalne rzeczy","article_publisher":"https:\/\/www.facebook.com\/SHEZAMME\/","article_modified_time":"2025-04-21T21:35:34+00:00","og_image":[{"width":867,"height":605,"url":"https:\/\/shezamme.com\/wp-content\/uploads\/2025\/04\/louis-vuitton-x-6-inch-ankle-boot-embossed-monogram-black-1.webp","type":"image\/webp"}],"twitter_card":"summary_large_image","twitter_site":"@SHEZAMME","twitter_misc":{"Est. reading time":"1 minute"},"schema":{"@context":"https:\/\/schema.org","@graph":[{"@type":"WebPage","@id":"https:\/\/shezamme.com\/sklep\/buty\/inne\/louis-vuitton\/louis-vuitton-timberland-6-ankle-boot-black-monogram\/","url":"https:\/\/shezamme.com\/sklep\/buty\/inne\/louis-vuitton\/louis-vuitton-timberland-6-ankle-boot-black-monogram\/","name":"Louis Vuitton Timberland 6\" Ankle Boot Black Monogram - SHEZAMME","isPartOf":{"@id":"https:\/\/shezamme.com\/#website"},"primaryImageOfPage":{"@id":"https:\/\/shezamme.com\/sklep\/buty\/inne\/louis-vuitton\/louis-vuitton-timberland-6-ankle-boot-black-monogram\/#primaryimage"},"image":{"@id":"https:\/\/shezamme.com\/sklep\/buty\/inne\/louis-vuitton\/louis-vuitton-timberland-6-ankle-boot-black-monogram\/#primaryimage"},"thumbnailUrl":"https:\/\/shezamme.com\/wp-content\/uploads\/2025\/04\/louis-vuitton-x-6-inch-ankle-boot-embossed-monogram-black-1.webp","datePublished":"2025-04-21T21:35:32+00:00","dateModified":"2025-04-21T21:35:34+00:00","description":"Louis Vuitton Timberland 6\" Ankle Boot Black Monogram | Luksusowe i autentyczne przedmioty w jednym miejscu. B\u0105d\u017a na bie\u017c\u0105co i sprawd\u017a nasz\u0105 ofert\u0119 ju\u017c teraz","breadcrumb":{"@id":"https:\/\/shezamme.com\/sklep\/buty\/inne\/louis-vuitton\/louis-vuitton-timberland-6-ankle-boot-black-monogram\/#breadcrumb"},"inLanguage":"en-US","potentialAction":[{"@type":"ReadAction","target":["https:\/\/shezamme.com\/sklep\/buty\/inne\/louis-vuitton\/louis-vuitton-timberland-6-ankle-boot-black-monogram\/"]}]},{"@type":"ImageObject","inLanguage":"en-US","@id":"https:\/\/shezamme.com\/sklep\/buty\/inne\/louis-vuitton\/louis-vuitton-timberland-6-ankle-boot-black-monogram\/#primaryimage","url":"https:\/\/shezamme.com\/wp-content\/uploads\/2025\/04\/louis-vuitton-x-6-inch-ankle-boot-embossed-monogram-black-1.webp","contentUrl":"https:\/\/shezamme.com\/wp-content\/uploads\/2025\/04\/louis-vuitton-x-6-inch-ankle-boot-embossed-monogram-black-1.webp","width":867,"height":605},{"@type":"BreadcrumbList","@id":"https:\/\/shezamme.com\/sklep\/buty\/inne\/louis-vuitton\/louis-vuitton-timberland-6-ankle-boot-black-monogram\/#breadcrumb","itemListElement":[{"@type":"ListItem","position":1,"name":"Strona g\u0142\u00f3wna","item":"https:\/\/shezamme.com\/"},{"@type":"ListItem","position":2,"name":"Sklep","item":"https:\/\/shezamme.com\/sklep\/"},{"@type":"ListItem","position":3,"name":"Louis Vuitton Timberland 6&#8243; Ankle Boot Black Monogram"}]},{"@type":"WebSite","@id":"https:\/\/shezamme.com\/#website","url":"https:\/\/shezamme.com\/","name":"SHEZAMME - Sneakers, Streetwear and luxury brands","description":"Original and exclusive items in one place. Check out our products now and stay up to date with all launches.","publisher":{"@id":"https:\/\/shezamme.com\/#organization"},"potentialAction":[{"@type":"SearchAction","target":{"@type":"EntryPoint","urlTemplate":"https:\/\/shezamme.com\/?s={search_term_string}"},"query-input":{"@type":"PropertyValueSpecification","valueRequired":true,"valueName":"search_term_string"}}],"inLanguage":"en-US"},{"@type":"Organization","@id":"https:\/\/shezamme.com\/#organization","name":"SHEZAMME - Sneakers, Streetwear and luxury brands","url":"https:\/\/shezamme.com\/","logo":{"@type":"ImageObject","inLanguage":"en-US","@id":"https:\/\/shezamme.com\/#\/schema\/logo\/image\/","url":"https:\/\/shezamme.com\/wp-content\/uploads\/2023\/02\/0x0.png","contentUrl":"https:\/\/shezamme.com\/wp-content\/uploads\/2023\/02\/0x0.png","width":2000,"height":2000,"caption":"SHEZAMME - Sneakersy, Streetwear i luksusowe marki"},"image":{"@id":"https:\/\/shezamme.com\/#\/schema\/logo\/image\/"},"sameAs":["https:\/\/www.facebook.com\/SHEZAMME\/","https:\/\/x.com\/SHEZAMME","https:\/\/www.instagram.com\/shezamme\/","https:\/\/www.youtube.com\/channel\/UCsTJxi_9fODHdO_1bmJbqvQ","https:\/\/www.tiktok.com\/shezamme.com"]}]}},"brands":[{"id":890,"name":"Louis Vuitton","slug":"louis-vuitton"}],"_links":{"self":[{"href":"https:\/\/shezamme.com\/en\/wp-json\/wp\/v2\/product\/174530","targetHints":{"allow":["GET"]}}],"collection":[{"href":"https:\/\/shezamme.com\/en\/wp-json\/wp\/v2\/product"}],"about":[{"href":"https:\/\/shezamme.com\/en\/wp-json\/wp\/v2\/types\/product"}],"wp:featuredmedia":[{"embeddable":true,"href":"https:\/\/shezamme.com\/en\/wp-json\/wp\/v2\/media\/174553"}],"wp:attachment":[{"href":"https:\/\/shezamme.com\/en\/wp-json\/wp\/v2\/media?parent=174530"}],"wp:term":[{"taxonomy":"pwb-brand","embeddable":true,"href":"https:\/\/shezamme.com\/en\/wp-json\/wp\/v2\/pwb-brand?post=174530"},{"taxonomy":"product_brand","embeddable":true,"href":"https:\/\/shezamme.com\/en\/wp-json\/wp\/v2\/product_brand?post=174530"},{"taxonomy":"product_cat","embeddable":true,"href":"https:\/\/shezamme.com\/en\/wp-json\/wp\/v2\/product_cat?post=174530"},{"taxonomy":"product_tag","embeddable":true,"href":"https:\/\/shezamme.com\/en\/wp-json\/wp\/v2\/product_tag?post=174530"}],"curies":[{"name":"wp","href":"https:\/\/api.w.org\/{rel}","templated":true}]}}