{"id":170552,"date":"2025-04-12T00:41:03","date_gmt":"2025-04-11T22:41:03","guid":{"rendered":"https:\/\/shezamme.com\/?post_type=product&#038;p=170552"},"modified":"2025-11-23T13:56:29","modified_gmt":"2025-11-23T12:56:29","slug":"kaws-kachamukku-vinyl-figure-green-red","status":"publish","type":"product","link":"https:\/\/shezamme.com\/en\/sklep\/akcesoria\/wszystkie-akcesoria\/kaws-kachamukku-vinyl-figure-green-red\/","title":{"rendered":"KAWS KACHAMUKKU Vinyl Figure Green\/Red"},"content":{"rendered":"<h2 class=\"\" data-start=\"0\" data-end=\"71\">KAWS KACHAMUKKU Green\/Red \u2013 hybrydowa figura zderzenia dw\u00f3ch \u015bwiat\u00f3w<\/h2>\n<p class=\"\" data-start=\"73\" data-end=\"478\">KAWS KACHAMUKKU Vinyl Figure to niezwyk\u0142a fuzja dw\u00f3ch kultowych japo\u0144skich postaci \u2013 Gachapin i Mukku \u2013 zreinterpretowana w charakterystycznym stylu KAWS-a. Dwukolorowy podzia\u0142 \u2013 zielony po lewej, czerwony po prawej \u2013 symbolizuje spotkanie dw\u00f3ch odmiennych osobowo\u015bci i estetyk w jednej figurze. Dodane \u201eX-eyes\u201d oraz zr\u00f3\u017cnicowane tekstury ka\u017cdej po\u0142owy podkre\u015blaj\u0105 artystyczny kontrast i sp\u00f3jno\u015b\u0107 zarazem.<\/p>\n<h2 class=\"\" data-start=\"480\" data-end=\"552\">Limitowana edycja 2022 \u2013 kolekcjonerski ho\u0142d dla japo\u0144skiej nostalgii<\/h2>\n<p class=\"\" data-start=\"554\" data-end=\"983\">Wydana w 2022 roku we wsp\u00f3\u0142pracy z Fuji TV, figura KACHAMUKKU mierzy 28 cm i zosta\u0142a wykonana z wysokiej jako\u015bci winylu o matowym wyko\u0144czeniu. Oryginalne pude\u0142ko z grafik\u0105 postaci wzmacnia jej warto\u015b\u0107 ekspozycyjn\u0105. Edycja by\u0142a dost\u0119pna jedynie w ograniczonej liczbie, co szybko uczyni\u0142o j\u0105 rzadkim przedmiotem kolekcjonerskim \u2013 szczeg\u00f3lnie cenionym przez fan\u00f3w KAWS oraz japo\u0144skiej kultury dzieci\u0119cej i telewizyjnej lat 80. i 90.<\/p>","protected":false},"excerpt":{"rendered":"<h2 class=\"\" data-start=\"0\" data-end=\"73\">KAWS KACHAMUKKU Green\/Red \u2013 dwukolorowa ikona z japo\u0144skim dziedzictwem<\/h2>\n<p class=\"\" data-start=\"75\" data-end=\"477\">Figurka KAWS KACHAMUKKU w wersji Green\/Red to unikalne po\u0142\u0105czenie postaci Gachapin i Mukku, osadzone w stylu KAWS-a. Zr\u00f3\u017cnicowana faktura, klasyczne \u201eX-eyes\u201d i kontrastowa kolorystyka tworz\u0105 wyrazist\u0105 form\u0119 symboliczn\u0105 \u2013 \u0142\u0105cz\u0105c\u0105 kulturow\u0105 nostalgi\u0119 z nowoczesnym designem. Limitowany drop z 2022 roku sprawia, \u017ce to wyj\u0105tkowy obiekt kolekcjonerski dla fan\u00f3w japo\u0144skiej popkultury i wsp\u00f3\u0142czesnej sztuki.<\/p>","protected":false},"featured_media":167020,"template":"","meta":{"_acf_changed":false},"pwb-brand":[759],"product_brand":[],"product_cat":[23,975],"product_tag":[1008,1009],"class_list":{"0":"post-170552","1":"product","2":"type-product","3":"status-publish","4":"has-post-thumbnail","6":"pwb-brand-kaws","7":"product_cat-akcesoria","8":"product_cat-wszystkie-akcesoria","9":"product_tag-kobieta","10":"product_tag-mezczyzna","11":"pa_rozmiar-ubrania-one-size-2","13":"first","14":"onbackorder","15":"taxable","16":"shipping-taxable","17":"purchasable","18":"product-type-variable"},"acf":[],"yoast_head":"<!-- This site is optimized with the Yoast SEO plugin v27.2 - https:\/\/yoast.com\/product\/yoast-seo-wordpress\/ -->\n<title>KAWS KACHAMUKKU Vinyl Figure Green\/Red - SHEZAMME<\/title>\n<meta name=\"description\" content=\"KAWS KACHAMUKKU Vinyl Figure Green\/Red | Luksusowe i autentyczne przedmioty w jednym miejscu. B\u0105d\u017a na bie\u017c\u0105co i sprawd\u017a nasz\u0105 ofert\u0119 ju\u017c teraz\" \/>\n<meta name=\"robots\" content=\"index, follow, max-snippet:-1, max-image-preview:large, max-video-preview:-1\" \/>\n<link rel=\"canonical\" href=\"https:\/\/shezamme.com\/en\/sklep\/accesories\/all-accesories\/kaws-kachamukku-vinyl-figure-green-red\/\" \/>\n<meta property=\"og:locale\" content=\"en_US\" \/>\n<meta property=\"og:type\" content=\"article\" \/>\n<meta property=\"og:title\" content=\"KAWS KACHAMUKKU Vinyl Figure Green\/Red - SHEZAMME\" \/>\n<meta property=\"og:description\" content=\"KAWS KACHAMUKKU Vinyl Figure Green\/Red | Luksusowe i autentyczne przedmioty w jednym miejscu. B\u0105d\u017a na bie\u017c\u0105co i sprawd\u017a nasz\u0105 ofert\u0119 ju\u017c teraz\" \/>\n<meta property=\"og:url\" content=\"https:\/\/shezamme.com\/en\/sklep\/accesories\/all-accesories\/kaws-kachamukku-vinyl-figure-green-red\/\" \/>\n<meta property=\"og:site_name\" content=\"SHEZAMME - Yeezy, Jordan, Supreme i inne oryginalne rzeczy\" \/>\n<meta property=\"article:publisher\" content=\"https:\/\/www.facebook.com\/SHEZAMME\/\" \/>\n<meta property=\"article:modified_time\" content=\"2025-11-23T12:56:29+00:00\" \/>\n<meta property=\"og:image\" content=\"https:\/\/shezamme.com\/wp-content\/uploads\/2025\/04\/KAWS-KACHAMUKKU-Vinyl-Figure-Green-Red.png\" \/>\n\t<meta property=\"og:image:width\" content=\"733\" \/>\n\t<meta property=\"og:image:height\" content=\"558\" \/>\n\t<meta property=\"og:image:type\" content=\"image\/png\" \/>\n<meta name=\"twitter:card\" content=\"summary_large_image\" \/>\n<meta name=\"twitter:site\" content=\"@SHEZAMME\" \/>\n<meta name=\"twitter:label1\" content=\"Est. reading time\" \/>\n\t<meta name=\"twitter:data1\" content=\"1 minute\" \/>\n<script type=\"application\/ld+json\" class=\"yoast-schema-graph\">{\"@context\":\"https:\/\/schema.org\",\"@graph\":[{\"@type\":\"WebPage\",\"@id\":\"https:\/\/shezamme.com\/sklep\/akcesoria\/wszystkie-akcesoria\/kaws-kachamukku-vinyl-figure-green-red\/\",\"url\":\"https:\/\/shezamme.com\/sklep\/akcesoria\/wszystkie-akcesoria\/kaws-kachamukku-vinyl-figure-green-red\/\",\"name\":\"KAWS KACHAMUKKU Vinyl Figure Green\/Red - SHEZAMME\",\"isPartOf\":{\"@id\":\"https:\/\/shezamme.com\/#website\"},\"primaryImageOfPage\":{\"@id\":\"https:\/\/shezamme.com\/sklep\/akcesoria\/wszystkie-akcesoria\/kaws-kachamukku-vinyl-figure-green-red\/#primaryimage\"},\"image\":{\"@id\":\"https:\/\/shezamme.com\/sklep\/akcesoria\/wszystkie-akcesoria\/kaws-kachamukku-vinyl-figure-green-red\/#primaryimage\"},\"thumbnailUrl\":\"https:\/\/shezamme.com\/wp-content\/uploads\/2025\/04\/KAWS-KACHAMUKKU-Vinyl-Figure-Green-Red.png\",\"datePublished\":\"2025-04-11T22:41:03+00:00\",\"dateModified\":\"2025-11-23T12:56:29+00:00\",\"description\":\"KAWS KACHAMUKKU Vinyl Figure Green\/Red | Luksusowe i autentyczne przedmioty w jednym miejscu. B\u0105d\u017a na bie\u017c\u0105co i sprawd\u017a nasz\u0105 ofert\u0119 ju\u017c teraz\",\"breadcrumb\":{\"@id\":\"https:\/\/shezamme.com\/sklep\/akcesoria\/wszystkie-akcesoria\/kaws-kachamukku-vinyl-figure-green-red\/#breadcrumb\"},\"inLanguage\":\"en-US\",\"potentialAction\":[{\"@type\":\"ReadAction\",\"target\":[\"https:\/\/shezamme.com\/sklep\/akcesoria\/wszystkie-akcesoria\/kaws-kachamukku-vinyl-figure-green-red\/\"]}]},{\"@type\":\"ImageObject\",\"inLanguage\":\"en-US\",\"@id\":\"https:\/\/shezamme.com\/sklep\/akcesoria\/wszystkie-akcesoria\/kaws-kachamukku-vinyl-figure-green-red\/#primaryimage\",\"url\":\"https:\/\/shezamme.com\/wp-content\/uploads\/2025\/04\/KAWS-KACHAMUKKU-Vinyl-Figure-Green-Red.png\",\"contentUrl\":\"https:\/\/shezamme.com\/wp-content\/uploads\/2025\/04\/KAWS-KACHAMUKKU-Vinyl-Figure-Green-Red.png\",\"width\":733,\"height\":558},{\"@type\":\"BreadcrumbList\",\"@id\":\"https:\/\/shezamme.com\/sklep\/akcesoria\/wszystkie-akcesoria\/kaws-kachamukku-vinyl-figure-green-red\/#breadcrumb\",\"itemListElement\":[{\"@type\":\"ListItem\",\"position\":1,\"name\":\"Strona g\u0142\u00f3wna\",\"item\":\"https:\/\/shezamme.com\/\"},{\"@type\":\"ListItem\",\"position\":2,\"name\":\"Sklep\",\"item\":\"https:\/\/shezamme.com\/sklep\/\"},{\"@type\":\"ListItem\",\"position\":3,\"name\":\"KAWS KACHAMUKKU Vinyl Figure Green\/Red\"}]},{\"@type\":\"WebSite\",\"@id\":\"https:\/\/shezamme.com\/#website\",\"url\":\"https:\/\/shezamme.com\/\",\"name\":\"SHEZAMME - Sneakersy, Streetwear i luksusowe marki\",\"description\":\"Oryginalne i ekskluzywne przedmioty w jednym miejscu. Sprawd\u017a nasze produkty ju\u017c teraz i b\u0105d\u017a na bie\u017c\u0105co z wszystkimi premierami.\",\"publisher\":{\"@id\":\"https:\/\/shezamme.com\/#organization\"},\"potentialAction\":[{\"@type\":\"SearchAction\",\"target\":{\"@type\":\"EntryPoint\",\"urlTemplate\":\"https:\/\/shezamme.com\/?s={search_term_string}\"},\"query-input\":{\"@type\":\"PropertyValueSpecification\",\"valueRequired\":true,\"valueName\":\"search_term_string\"}}],\"inLanguage\":\"en-US\"},{\"@type\":\"Organization\",\"@id\":\"https:\/\/shezamme.com\/#organization\",\"name\":\"SHEZAMME - Sneakersy, Streetwear i luksusowe marki\",\"url\":\"https:\/\/shezamme.com\/\",\"logo\":{\"@type\":\"ImageObject\",\"inLanguage\":\"en-US\",\"@id\":\"https:\/\/shezamme.com\/#\/schema\/logo\/image\/\",\"url\":\"https:\/\/shezamme.com\/wp-content\/uploads\/2023\/02\/0x0.png\",\"contentUrl\":\"https:\/\/shezamme.com\/wp-content\/uploads\/2023\/02\/0x0.png\",\"width\":2000,\"height\":2000,\"caption\":\"SHEZAMME - Sneakersy, Streetwear i luksusowe marki\"},\"image\":{\"@id\":\"https:\/\/shezamme.com\/#\/schema\/logo\/image\/\"},\"sameAs\":[\"https:\/\/www.facebook.com\/SHEZAMME\/\",\"https:\/\/x.com\/SHEZAMME\",\"https:\/\/www.instagram.com\/shezamme\/\",\"https:\/\/www.youtube.com\/channel\/UCsTJxi_9fODHdO_1bmJbqvQ\",\"https:\/\/www.tiktok.com\/shezamme.com\"]}]}<\/script>\n<!-- \/ Yoast SEO plugin. -->","yoast_head_json":{"title":"KAWS KACHAMUKKU Vinyl Figure Green\/Red - SHEZAMME","description":"KAWS KACHAMUKKU Vinyl Figure Green\/Red | Luksusowe i autentyczne przedmioty w jednym miejscu. B\u0105d\u017a na bie\u017c\u0105co i sprawd\u017a nasz\u0105 ofert\u0119 ju\u017c teraz","robots":{"index":"index","follow":"follow","max-snippet":"max-snippet:-1","max-image-preview":"max-image-preview:large","max-video-preview":"max-video-preview:-1"},"canonical":"https:\/\/shezamme.com\/en\/sklep\/accesories\/all-accesories\/kaws-kachamukku-vinyl-figure-green-red\/","og_locale":"en_US","og_type":"article","og_title":"KAWS KACHAMUKKU Vinyl Figure Green\/Red - SHEZAMME","og_description":"KAWS KACHAMUKKU Vinyl Figure Green\/Red | Luksusowe i autentyczne przedmioty w jednym miejscu. B\u0105d\u017a na bie\u017c\u0105co i sprawd\u017a nasz\u0105 ofert\u0119 ju\u017c teraz","og_url":"https:\/\/shezamme.com\/en\/sklep\/accesories\/all-accesories\/kaws-kachamukku-vinyl-figure-green-red\/","og_site_name":"SHEZAMME - Yeezy, Jordan, Supreme i inne oryginalne rzeczy","article_publisher":"https:\/\/www.facebook.com\/SHEZAMME\/","article_modified_time":"2025-11-23T12:56:29+00:00","og_image":[{"width":733,"height":558,"url":"https:\/\/shezamme.com\/wp-content\/uploads\/2025\/04\/KAWS-KACHAMUKKU-Vinyl-Figure-Green-Red.png","type":"image\/png"}],"twitter_card":"summary_large_image","twitter_site":"@SHEZAMME","twitter_misc":{"Est. reading time":"1 minute"},"schema":{"@context":"https:\/\/schema.org","@graph":[{"@type":"WebPage","@id":"https:\/\/shezamme.com\/sklep\/akcesoria\/wszystkie-akcesoria\/kaws-kachamukku-vinyl-figure-green-red\/","url":"https:\/\/shezamme.com\/sklep\/akcesoria\/wszystkie-akcesoria\/kaws-kachamukku-vinyl-figure-green-red\/","name":"KAWS KACHAMUKKU Vinyl Figure Green\/Red - SHEZAMME","isPartOf":{"@id":"https:\/\/shezamme.com\/#website"},"primaryImageOfPage":{"@id":"https:\/\/shezamme.com\/sklep\/akcesoria\/wszystkie-akcesoria\/kaws-kachamukku-vinyl-figure-green-red\/#primaryimage"},"image":{"@id":"https:\/\/shezamme.com\/sklep\/akcesoria\/wszystkie-akcesoria\/kaws-kachamukku-vinyl-figure-green-red\/#primaryimage"},"thumbnailUrl":"https:\/\/shezamme.com\/wp-content\/uploads\/2025\/04\/KAWS-KACHAMUKKU-Vinyl-Figure-Green-Red.png","datePublished":"2025-04-11T22:41:03+00:00","dateModified":"2025-11-23T12:56:29+00:00","description":"KAWS KACHAMUKKU Vinyl Figure Green\/Red | Luksusowe i autentyczne przedmioty w jednym miejscu. B\u0105d\u017a na bie\u017c\u0105co i sprawd\u017a nasz\u0105 ofert\u0119 ju\u017c teraz","breadcrumb":{"@id":"https:\/\/shezamme.com\/sklep\/akcesoria\/wszystkie-akcesoria\/kaws-kachamukku-vinyl-figure-green-red\/#breadcrumb"},"inLanguage":"en-US","potentialAction":[{"@type":"ReadAction","target":["https:\/\/shezamme.com\/sklep\/akcesoria\/wszystkie-akcesoria\/kaws-kachamukku-vinyl-figure-green-red\/"]}]},{"@type":"ImageObject","inLanguage":"en-US","@id":"https:\/\/shezamme.com\/sklep\/akcesoria\/wszystkie-akcesoria\/kaws-kachamukku-vinyl-figure-green-red\/#primaryimage","url":"https:\/\/shezamme.com\/wp-content\/uploads\/2025\/04\/KAWS-KACHAMUKKU-Vinyl-Figure-Green-Red.png","contentUrl":"https:\/\/shezamme.com\/wp-content\/uploads\/2025\/04\/KAWS-KACHAMUKKU-Vinyl-Figure-Green-Red.png","width":733,"height":558},{"@type":"BreadcrumbList","@id":"https:\/\/shezamme.com\/sklep\/akcesoria\/wszystkie-akcesoria\/kaws-kachamukku-vinyl-figure-green-red\/#breadcrumb","itemListElement":[{"@type":"ListItem","position":1,"name":"Strona g\u0142\u00f3wna","item":"https:\/\/shezamme.com\/"},{"@type":"ListItem","position":2,"name":"Sklep","item":"https:\/\/shezamme.com\/sklep\/"},{"@type":"ListItem","position":3,"name":"KAWS KACHAMUKKU Vinyl Figure Green\/Red"}]},{"@type":"WebSite","@id":"https:\/\/shezamme.com\/#website","url":"https:\/\/shezamme.com\/","name":"SHEZAMME - Sneakers, Streetwear and luxury brands","description":"Original and exclusive items in one place. Check out our products now and stay up to date with all launches.","publisher":{"@id":"https:\/\/shezamme.com\/#organization"},"potentialAction":[{"@type":"SearchAction","target":{"@type":"EntryPoint","urlTemplate":"https:\/\/shezamme.com\/?s={search_term_string}"},"query-input":{"@type":"PropertyValueSpecification","valueRequired":true,"valueName":"search_term_string"}}],"inLanguage":"en-US"},{"@type":"Organization","@id":"https:\/\/shezamme.com\/#organization","name":"SHEZAMME - Sneakers, Streetwear and luxury brands","url":"https:\/\/shezamme.com\/","logo":{"@type":"ImageObject","inLanguage":"en-US","@id":"https:\/\/shezamme.com\/#\/schema\/logo\/image\/","url":"https:\/\/shezamme.com\/wp-content\/uploads\/2023\/02\/0x0.png","contentUrl":"https:\/\/shezamme.com\/wp-content\/uploads\/2023\/02\/0x0.png","width":2000,"height":2000,"caption":"SHEZAMME - Sneakersy, Streetwear i luksusowe marki"},"image":{"@id":"https:\/\/shezamme.com\/#\/schema\/logo\/image\/"},"sameAs":["https:\/\/www.facebook.com\/SHEZAMME\/","https:\/\/x.com\/SHEZAMME","https:\/\/www.instagram.com\/shezamme\/","https:\/\/www.youtube.com\/channel\/UCsTJxi_9fODHdO_1bmJbqvQ","https:\/\/www.tiktok.com\/shezamme.com"]}]}},"brands":[{"id":759,"name":"KAWS","slug":"kaws"}],"_links":{"self":[{"href":"https:\/\/shezamme.com\/en\/wp-json\/wp\/v2\/product\/170552","targetHints":{"allow":["GET"]}}],"collection":[{"href":"https:\/\/shezamme.com\/en\/wp-json\/wp\/v2\/product"}],"about":[{"href":"https:\/\/shezamme.com\/en\/wp-json\/wp\/v2\/types\/product"}],"wp:featuredmedia":[{"embeddable":true,"href":"https:\/\/shezamme.com\/en\/wp-json\/wp\/v2\/media\/167020"}],"wp:attachment":[{"href":"https:\/\/shezamme.com\/en\/wp-json\/wp\/v2\/media?parent=170552"}],"wp:term":[{"taxonomy":"pwb-brand","embeddable":true,"href":"https:\/\/shezamme.com\/en\/wp-json\/wp\/v2\/pwb-brand?post=170552"},{"taxonomy":"product_brand","embeddable":true,"href":"https:\/\/shezamme.com\/en\/wp-json\/wp\/v2\/product_brand?post=170552"},{"taxonomy":"product_cat","embeddable":true,"href":"https:\/\/shezamme.com\/en\/wp-json\/wp\/v2\/product_cat?post=170552"},{"taxonomy":"product_tag","embeddable":true,"href":"https:\/\/shezamme.com\/en\/wp-json\/wp\/v2\/product_tag?post=170552"}],"curies":[{"name":"wp","href":"https:\/\/api.w.org\/{rel}","templated":true}]}}