{"id":170550,"date":"2025-04-12T00:36:05","date_gmt":"2025-04-11T22:36:05","guid":{"rendered":"https:\/\/shezamme.com\/?post_type=product&#038;p=170550"},"modified":"2025-11-23T13:56:08","modified_gmt":"2025-11-23T12:56:08","slug":"kaws-the-promise-vinyl-figure-brown","status":"publish","type":"product","link":"https:\/\/shezamme.com\/en\/sklep\/akcesoria\/wszystkie-akcesoria\/kaws-the-promise-vinyl-figure-brown\/","title":{"rendered":"KAWS THE PROMISE Vinyl Figure Brown"},"content":{"rendered":"<h2 class=\"\" data-start=\"0\" data-end=\"78\">KAWS THE PROMISE Brown \u2013 figura z przes\u0142aniem wsp\u00f3lnoty i odpowiedzialno\u015bci<\/h2>\n<p class=\"\" data-start=\"80\" data-end=\"451\">Wersja Brown figury KAWS THE PROMISE to emocjonalna rze\u017aba przedstawiaj\u0105ca dwie postacie COMPANION otaczaj\u0105ce kul\u0119 ziemsk\u0105 symbolicznym gestem troski i jedno\u015bci. Ciep\u0142y, ziemisty odcie\u0144 br\u0105zu nadaje kompozycji naturalny charakter i pog\u0142\u0119bia jej przes\u0142anie o zbiorowej odpowiedzialno\u015bci za \u015bwiat. To projekt, kt\u00f3ry \u0142\u0105czy wsp\u00f3\u0142czesn\u0105 estetyk\u0119 z g\u0142\u0119bok\u0105 refleksj\u0105 spo\u0142eczn\u0105.<\/p>\n<h2 class=\"\" data-start=\"453\" data-end=\"531\">Edycja 2023 \u2013 limitowana forma z trwa\u0142ym miejscem w \u015bwiecie kolekcjonerskim<\/h2>\n<p class=\"\" data-start=\"533\" data-end=\"981\">Wykonana z matowego winylu figura mierzy oko\u0142o 31,5 cm i opatrzona jest t\u0142oczonym logo KAWS na spodzie. Oryginalne pude\u0142ko z dedykowan\u0105 grafik\u0105 wzmacnia jej kolekcjonerski charakter. Premiera mia\u0142a miejsce w 2023 roku jako cz\u0119\u015b\u0107 jednorazowego globalnego dropu, kt\u00f3ry zosta\u0142 b\u0142yskawicznie wyprzedany. Wersja Brown jest szczeg\u00f3lnie ceniona przez kolekcjoner\u00f3w, kt\u00f3rzy szukaj\u0105 sztuki nie tylko wizualnie atrakcyjnej, ale te\u017c znaczeniowo zaanga\u017cowanej.<\/p>","protected":false},"excerpt":{"rendered":"<h2 class=\"\" data-start=\"0\" data-end=\"62\">KAWS THE PROMISE Brown \u2013 symbol troski w naturalnej tonacji<\/h2>\n<p class=\"\" data-start=\"64\" data-end=\"469\">Figurka KAWS THE PROMISE w wersji Earthy Brown ukazuje dwie postacie COMPANION obejmuj\u0105ce kul\u0119 ziemsk\u0105 \u2013 gest blisko\u015bci i wsp\u00f3lnej odpowiedzialno\u015bci. Ciep\u0142y, br\u0105zowy odcie\u0144 podkre\u015bla organiczny charakter projektu, a matowe wyko\u0144czenie nadaje ca\u0142o\u015bci rze\u017abiarskiej g\u0142\u0119bi. Wydana w 2023 roku jako limitowana edycja, szybko sta\u0142a si\u0119 cenionym obiektem kolekcjonerskim o uniwersalnym, emocjonalnym przes\u0142aniu.<\/p>","protected":false},"featured_media":170557,"template":"","meta":{"_acf_changed":false},"pwb-brand":[759],"product_brand":[],"product_cat":[23,975],"product_tag":[1008,1009],"class_list":{"0":"post-170550","1":"product","2":"type-product","3":"status-publish","4":"has-post-thumbnail","6":"pwb-brand-kaws","7":"product_cat-akcesoria","8":"product_cat-wszystkie-akcesoria","9":"product_tag-kobieta","10":"product_tag-mezczyzna","11":"pa_rozmiar-ubrania-one-size-2","13":"first","14":"onbackorder","15":"taxable","16":"shipping-taxable","17":"purchasable","18":"product-type-variable"},"acf":[],"yoast_head":"<!-- This site is optimized with the Yoast SEO plugin v27.2 - https:\/\/yoast.com\/product\/yoast-seo-wordpress\/ -->\n<title>KAWS THE PROMISE Vinyl Figure Brown - SHEZAMME<\/title>\n<meta name=\"description\" content=\"KAWS THE PROMISE Vinyl Figure Brown | Luksusowe i autentyczne przedmioty w jednym miejscu. B\u0105d\u017a na bie\u017c\u0105co i sprawd\u017a nasz\u0105 ofert\u0119 ju\u017c teraz\" \/>\n<meta name=\"robots\" content=\"index, follow, max-snippet:-1, max-image-preview:large, max-video-preview:-1\" \/>\n<link rel=\"canonical\" href=\"https:\/\/shezamme.com\/en\/sklep\/accesories\/all-accesories\/kaws-the-promise-vinyl-figure-brown\/\" \/>\n<meta property=\"og:locale\" content=\"en_US\" \/>\n<meta property=\"og:type\" content=\"article\" \/>\n<meta property=\"og:title\" content=\"KAWS THE PROMISE Vinyl Figure Brown - SHEZAMME\" \/>\n<meta property=\"og:description\" content=\"KAWS THE PROMISE Vinyl Figure Brown | Luksusowe i autentyczne przedmioty w jednym miejscu. B\u0105d\u017a na bie\u017c\u0105co i sprawd\u017a nasz\u0105 ofert\u0119 ju\u017c teraz\" \/>\n<meta property=\"og:url\" content=\"https:\/\/shezamme.com\/en\/sklep\/accesories\/all-accesories\/kaws-the-promise-vinyl-figure-brown\/\" \/>\n<meta property=\"og:site_name\" content=\"SHEZAMME - Yeezy, Jordan, Supreme i inne oryginalne rzeczy\" \/>\n<meta property=\"article:publisher\" content=\"https:\/\/www.facebook.com\/SHEZAMME\/\" \/>\n<meta property=\"article:modified_time\" content=\"2025-11-23T12:56:08+00:00\" \/>\n<meta property=\"og:image\" content=\"https:\/\/shezamme.com\/wp-content\/uploads\/2025\/04\/S25A0032.jpg\" \/>\n\t<meta property=\"og:image:width\" content=\"600\" \/>\n\t<meta property=\"og:image:height\" content=\"428\" \/>\n\t<meta property=\"og:image:type\" content=\"image\/jpeg\" \/>\n<meta name=\"twitter:card\" content=\"summary_large_image\" \/>\n<meta name=\"twitter:site\" content=\"@SHEZAMME\" \/>\n<meta name=\"twitter:label1\" content=\"Est. reading time\" \/>\n\t<meta name=\"twitter:data1\" content=\"1 minute\" \/>\n<script type=\"application\/ld+json\" class=\"yoast-schema-graph\">{\"@context\":\"https:\/\/schema.org\",\"@graph\":[{\"@type\":\"WebPage\",\"@id\":\"https:\/\/shezamme.com\/sklep\/akcesoria\/wszystkie-akcesoria\/kaws-the-promise-vinyl-figure-brown\/\",\"url\":\"https:\/\/shezamme.com\/sklep\/akcesoria\/wszystkie-akcesoria\/kaws-the-promise-vinyl-figure-brown\/\",\"name\":\"KAWS THE PROMISE Vinyl Figure Brown - SHEZAMME\",\"isPartOf\":{\"@id\":\"https:\/\/shezamme.com\/#website\"},\"primaryImageOfPage\":{\"@id\":\"https:\/\/shezamme.com\/sklep\/akcesoria\/wszystkie-akcesoria\/kaws-the-promise-vinyl-figure-brown\/#primaryimage\"},\"image\":{\"@id\":\"https:\/\/shezamme.com\/sklep\/akcesoria\/wszystkie-akcesoria\/kaws-the-promise-vinyl-figure-brown\/#primaryimage\"},\"thumbnailUrl\":\"https:\/\/shezamme.com\/wp-content\/uploads\/2025\/04\/S25A0032.jpg\",\"datePublished\":\"2025-04-11T22:36:05+00:00\",\"dateModified\":\"2025-11-23T12:56:08+00:00\",\"description\":\"KAWS THE PROMISE Vinyl Figure Brown | Luksusowe i autentyczne przedmioty w jednym miejscu. B\u0105d\u017a na bie\u017c\u0105co i sprawd\u017a nasz\u0105 ofert\u0119 ju\u017c teraz\",\"breadcrumb\":{\"@id\":\"https:\/\/shezamme.com\/sklep\/akcesoria\/wszystkie-akcesoria\/kaws-the-promise-vinyl-figure-brown\/#breadcrumb\"},\"inLanguage\":\"en-US\",\"potentialAction\":[{\"@type\":\"ReadAction\",\"target\":[\"https:\/\/shezamme.com\/sklep\/akcesoria\/wszystkie-akcesoria\/kaws-the-promise-vinyl-figure-brown\/\"]}]},{\"@type\":\"ImageObject\",\"inLanguage\":\"en-US\",\"@id\":\"https:\/\/shezamme.com\/sklep\/akcesoria\/wszystkie-akcesoria\/kaws-the-promise-vinyl-figure-brown\/#primaryimage\",\"url\":\"https:\/\/shezamme.com\/wp-content\/uploads\/2025\/04\/S25A0032.jpg\",\"contentUrl\":\"https:\/\/shezamme.com\/wp-content\/uploads\/2025\/04\/S25A0032.jpg\",\"width\":600,\"height\":428},{\"@type\":\"BreadcrumbList\",\"@id\":\"https:\/\/shezamme.com\/sklep\/akcesoria\/wszystkie-akcesoria\/kaws-the-promise-vinyl-figure-brown\/#breadcrumb\",\"itemListElement\":[{\"@type\":\"ListItem\",\"position\":1,\"name\":\"Strona g\u0142\u00f3wna\",\"item\":\"https:\/\/shezamme.com\/\"},{\"@type\":\"ListItem\",\"position\":2,\"name\":\"Sklep\",\"item\":\"https:\/\/shezamme.com\/sklep\/\"},{\"@type\":\"ListItem\",\"position\":3,\"name\":\"KAWS THE PROMISE Vinyl Figure Brown\"}]},{\"@type\":\"WebSite\",\"@id\":\"https:\/\/shezamme.com\/#website\",\"url\":\"https:\/\/shezamme.com\/\",\"name\":\"SHEZAMME - Sneakersy, Streetwear i luksusowe marki\",\"description\":\"Oryginalne i ekskluzywne przedmioty w jednym miejscu. Sprawd\u017a nasze produkty ju\u017c teraz i b\u0105d\u017a na bie\u017c\u0105co z wszystkimi premierami.\",\"publisher\":{\"@id\":\"https:\/\/shezamme.com\/#organization\"},\"potentialAction\":[{\"@type\":\"SearchAction\",\"target\":{\"@type\":\"EntryPoint\",\"urlTemplate\":\"https:\/\/shezamme.com\/?s={search_term_string}\"},\"query-input\":{\"@type\":\"PropertyValueSpecification\",\"valueRequired\":true,\"valueName\":\"search_term_string\"}}],\"inLanguage\":\"en-US\"},{\"@type\":\"Organization\",\"@id\":\"https:\/\/shezamme.com\/#organization\",\"name\":\"SHEZAMME - Sneakersy, Streetwear i luksusowe marki\",\"url\":\"https:\/\/shezamme.com\/\",\"logo\":{\"@type\":\"ImageObject\",\"inLanguage\":\"en-US\",\"@id\":\"https:\/\/shezamme.com\/#\/schema\/logo\/image\/\",\"url\":\"https:\/\/shezamme.com\/wp-content\/uploads\/2023\/02\/0x0.png\",\"contentUrl\":\"https:\/\/shezamme.com\/wp-content\/uploads\/2023\/02\/0x0.png\",\"width\":2000,\"height\":2000,\"caption\":\"SHEZAMME - Sneakersy, Streetwear i luksusowe marki\"},\"image\":{\"@id\":\"https:\/\/shezamme.com\/#\/schema\/logo\/image\/\"},\"sameAs\":[\"https:\/\/www.facebook.com\/SHEZAMME\/\",\"https:\/\/x.com\/SHEZAMME\",\"https:\/\/www.instagram.com\/shezamme\/\",\"https:\/\/www.youtube.com\/channel\/UCsTJxi_9fODHdO_1bmJbqvQ\",\"https:\/\/www.tiktok.com\/shezamme.com\"]}]}<\/script>\n<!-- \/ Yoast SEO plugin. -->","yoast_head_json":{"title":"KAWS THE PROMISE Vinyl Figure Brown - SHEZAMME","description":"KAWS THE PROMISE Vinyl Figure Brown | Luksusowe i autentyczne przedmioty w jednym miejscu. B\u0105d\u017a na bie\u017c\u0105co i sprawd\u017a nasz\u0105 ofert\u0119 ju\u017c teraz","robots":{"index":"index","follow":"follow","max-snippet":"max-snippet:-1","max-image-preview":"max-image-preview:large","max-video-preview":"max-video-preview:-1"},"canonical":"https:\/\/shezamme.com\/en\/sklep\/accesories\/all-accesories\/kaws-the-promise-vinyl-figure-brown\/","og_locale":"en_US","og_type":"article","og_title":"KAWS THE PROMISE Vinyl Figure Brown - SHEZAMME","og_description":"KAWS THE PROMISE Vinyl Figure Brown | Luksusowe i autentyczne przedmioty w jednym miejscu. B\u0105d\u017a na bie\u017c\u0105co i sprawd\u017a nasz\u0105 ofert\u0119 ju\u017c teraz","og_url":"https:\/\/shezamme.com\/en\/sklep\/accesories\/all-accesories\/kaws-the-promise-vinyl-figure-brown\/","og_site_name":"SHEZAMME - Yeezy, Jordan, Supreme i inne oryginalne rzeczy","article_publisher":"https:\/\/www.facebook.com\/SHEZAMME\/","article_modified_time":"2025-11-23T12:56:08+00:00","og_image":[{"width":600,"height":428,"url":"https:\/\/shezamme.com\/wp-content\/uploads\/2025\/04\/S25A0032.jpg","type":"image\/jpeg"}],"twitter_card":"summary_large_image","twitter_site":"@SHEZAMME","twitter_misc":{"Est. reading time":"1 minute"},"schema":{"@context":"https:\/\/schema.org","@graph":[{"@type":"WebPage","@id":"https:\/\/shezamme.com\/sklep\/akcesoria\/wszystkie-akcesoria\/kaws-the-promise-vinyl-figure-brown\/","url":"https:\/\/shezamme.com\/sklep\/akcesoria\/wszystkie-akcesoria\/kaws-the-promise-vinyl-figure-brown\/","name":"KAWS THE PROMISE Vinyl Figure Brown - SHEZAMME","isPartOf":{"@id":"https:\/\/shezamme.com\/#website"},"primaryImageOfPage":{"@id":"https:\/\/shezamme.com\/sklep\/akcesoria\/wszystkie-akcesoria\/kaws-the-promise-vinyl-figure-brown\/#primaryimage"},"image":{"@id":"https:\/\/shezamme.com\/sklep\/akcesoria\/wszystkie-akcesoria\/kaws-the-promise-vinyl-figure-brown\/#primaryimage"},"thumbnailUrl":"https:\/\/shezamme.com\/wp-content\/uploads\/2025\/04\/S25A0032.jpg","datePublished":"2025-04-11T22:36:05+00:00","dateModified":"2025-11-23T12:56:08+00:00","description":"KAWS THE PROMISE Vinyl Figure Brown | Luksusowe i autentyczne przedmioty w jednym miejscu. B\u0105d\u017a na bie\u017c\u0105co i sprawd\u017a nasz\u0105 ofert\u0119 ju\u017c teraz","breadcrumb":{"@id":"https:\/\/shezamme.com\/sklep\/akcesoria\/wszystkie-akcesoria\/kaws-the-promise-vinyl-figure-brown\/#breadcrumb"},"inLanguage":"en-US","potentialAction":[{"@type":"ReadAction","target":["https:\/\/shezamme.com\/sklep\/akcesoria\/wszystkie-akcesoria\/kaws-the-promise-vinyl-figure-brown\/"]}]},{"@type":"ImageObject","inLanguage":"en-US","@id":"https:\/\/shezamme.com\/sklep\/akcesoria\/wszystkie-akcesoria\/kaws-the-promise-vinyl-figure-brown\/#primaryimage","url":"https:\/\/shezamme.com\/wp-content\/uploads\/2025\/04\/S25A0032.jpg","contentUrl":"https:\/\/shezamme.com\/wp-content\/uploads\/2025\/04\/S25A0032.jpg","width":600,"height":428},{"@type":"BreadcrumbList","@id":"https:\/\/shezamme.com\/sklep\/akcesoria\/wszystkie-akcesoria\/kaws-the-promise-vinyl-figure-brown\/#breadcrumb","itemListElement":[{"@type":"ListItem","position":1,"name":"Strona g\u0142\u00f3wna","item":"https:\/\/shezamme.com\/"},{"@type":"ListItem","position":2,"name":"Sklep","item":"https:\/\/shezamme.com\/sklep\/"},{"@type":"ListItem","position":3,"name":"KAWS THE PROMISE Vinyl Figure Brown"}]},{"@type":"WebSite","@id":"https:\/\/shezamme.com\/#website","url":"https:\/\/shezamme.com\/","name":"SHEZAMME - Sneakers, Streetwear and luxury brands","description":"Original and exclusive items in one place. Check out our products now and stay up to date with all launches.","publisher":{"@id":"https:\/\/shezamme.com\/#organization"},"potentialAction":[{"@type":"SearchAction","target":{"@type":"EntryPoint","urlTemplate":"https:\/\/shezamme.com\/?s={search_term_string}"},"query-input":{"@type":"PropertyValueSpecification","valueRequired":true,"valueName":"search_term_string"}}],"inLanguage":"en-US"},{"@type":"Organization","@id":"https:\/\/shezamme.com\/#organization","name":"SHEZAMME - Sneakers, Streetwear and luxury brands","url":"https:\/\/shezamme.com\/","logo":{"@type":"ImageObject","inLanguage":"en-US","@id":"https:\/\/shezamme.com\/#\/schema\/logo\/image\/","url":"https:\/\/shezamme.com\/wp-content\/uploads\/2023\/02\/0x0.png","contentUrl":"https:\/\/shezamme.com\/wp-content\/uploads\/2023\/02\/0x0.png","width":2000,"height":2000,"caption":"SHEZAMME - Sneakersy, Streetwear i luksusowe marki"},"image":{"@id":"https:\/\/shezamme.com\/#\/schema\/logo\/image\/"},"sameAs":["https:\/\/www.facebook.com\/SHEZAMME\/","https:\/\/x.com\/SHEZAMME","https:\/\/www.instagram.com\/shezamme\/","https:\/\/www.youtube.com\/channel\/UCsTJxi_9fODHdO_1bmJbqvQ","https:\/\/www.tiktok.com\/shezamme.com"]}]}},"brands":[{"id":759,"name":"KAWS","slug":"kaws"}],"_links":{"self":[{"href":"https:\/\/shezamme.com\/en\/wp-json\/wp\/v2\/product\/170550","targetHints":{"allow":["GET"]}}],"collection":[{"href":"https:\/\/shezamme.com\/en\/wp-json\/wp\/v2\/product"}],"about":[{"href":"https:\/\/shezamme.com\/en\/wp-json\/wp\/v2\/types\/product"}],"wp:featuredmedia":[{"embeddable":true,"href":"https:\/\/shezamme.com\/en\/wp-json\/wp\/v2\/media\/170557"}],"wp:attachment":[{"href":"https:\/\/shezamme.com\/en\/wp-json\/wp\/v2\/media?parent=170550"}],"wp:term":[{"taxonomy":"pwb-brand","embeddable":true,"href":"https:\/\/shezamme.com\/en\/wp-json\/wp\/v2\/pwb-brand?post=170550"},{"taxonomy":"product_brand","embeddable":true,"href":"https:\/\/shezamme.com\/en\/wp-json\/wp\/v2\/product_brand?post=170550"},{"taxonomy":"product_cat","embeddable":true,"href":"https:\/\/shezamme.com\/en\/wp-json\/wp\/v2\/product_cat?post=170550"},{"taxonomy":"product_tag","embeddable":true,"href":"https:\/\/shezamme.com\/en\/wp-json\/wp\/v2\/product_tag?post=170550"}],"curies":[{"name":"wp","href":"https:\/\/api.w.org\/{rel}","templated":true}]}}