{"id":1622,"date":"2022-07-30T21:14:31","date_gmt":"2022-07-30T19:14:31","guid":{"rendered":"https:\/\/staging1.waw.pl\/?post_type=product&#038;p=1622"},"modified":"2025-03-24T23:28:49","modified_gmt":"2025-03-24T22:28:49","slug":"adidas-yeezy-boost-350-v2-light","status":"publish","type":"product","link":"https:\/\/shezamme.com\/en\/sklep\/buty\/yeezy\/yeezy-350\/adidas-yeezy-boost-350-v2-light\/","title":{"rendered":"Adidas Yeezy Boost 350 V2 &#8222;Light&#8221;"},"content":{"rendered":"<h2>Yeezy Boost 350 V2 &#8222;Light&#8221; \u2013 innowacja zmieniaj\u0105ca kolor<\/h2>\n<p>Yeezy Boost 350 V2 &#8222;Light&#8221; to model, kt\u00f3ry zaskakuje swoj\u0105 wyj\u0105tkow\u0105 technologi\u0105 zmiany koloru pod wp\u0142ywem promieni UV. Jasnokremowa cholewka subtelnie przechodzi w delikatne r\u00f3\u017cowe odcienie, dodaj\u0105c butom unikalnego charakteru. Wykonana z elastycznego Primeknitu, gwarantuje przewiewno\u015b\u0107 i komfort, idealnie dopasowuj\u0105c si\u0119 do stopy.<\/p>\n<h2>Styl i technologia w ka\u017cdym detalu<\/h2>\n<p>P\u00f3\u0142przezroczysty pasek boczny, kt\u00f3ry r\u00f3wnie\u017c reaguje na \u015bwiat\u0142o UV, podkre\u015bla nowoczesny design modelu &#8222;Light&#8221;. Podeszwa z technologi\u0105 Boost zapewnia doskona\u0142\u0105 amortyzacj\u0119 i spr\u0119\u017cysto\u015b\u0107, a klasyczne sznurowad\u0142a dbaj\u0105 o idealne dopasowanie. To buty, kt\u00f3re \u0142\u0105cz\u0105 innowacyjno\u015b\u0107 z minimalistyczn\u0105 estetyk\u0105.<\/p>","protected":false},"excerpt":{"rendered":"<h2>Yeezy Boost 350 V2 &#8222;Light&#8221; \u2013 dynamiczny design zmieniaj\u0105cy kolor<\/h2>\n<p>Yeezy Boost 350 V2 &#8222;Light&#8221; wyr\u00f3\u017cnia si\u0119 innowacyjn\u0105 cholewk\u0105, kt\u00f3ra pod wp\u0142ywem promieni UV zmienia kolor z jasnokremowego na subtelnie r\u00f3\u017cowy. Primeknit zapewnia idealne dopasowanie i wygod\u0119, a technologia Boost w podeszwie gwarantuje doskona\u0142\u0105 amortyzacj\u0119. To nowoczesne po\u0142\u0105czenie stylu i technologii, kt\u00f3re reaguje na \u015bwiat\u0142o, tworz\u0105c unikalny efekt.<\/p>","protected":false},"featured_media":1635,"template":"","meta":{"_acf_changed":false,"_yoast_wpseo_focuskw":"Adidas Yeezy Boost 350 V2 \"Light\"","_yoast_wpseo_title":"","_yoast_wpseo_metadesc":""},"pwb-brand":[748,750],"product_brand":[],"product_cat":[16,63,193],"product_tag":[1008,1009],"class_list":{"0":"post-1622","1":"product","2":"type-product","3":"status-publish","4":"has-post-thumbnail","6":"pwb-brand-adidas","7":"pwb-brand-yeezy","8":"product_cat-buty","9":"product_cat-yeezy","10":"product_cat-yeezy-350","11":"product_tag-kobieta","12":"product_tag-mezczyzna","14":"first","15":"onbackorder","16":"taxable","17":"shipping-taxable","18":"purchasable","19":"product-type-variable","20":"has-default-attributes"},"acf":[],"yoast_head":"<!-- This site is optimized with the Yoast SEO plugin v27.3 - https:\/\/yoast.com\/product\/yoast-seo-wordpress\/ -->\n<title>Adidas Yeezy Boost 350 V2 &quot;Light&quot; - SHEZAMME<\/title>\n<meta name=\"description\" content=\"Adidas Yeezy Boost 350 V2 &quot;Light&quot; | Luksusowe i autentyczne przedmioty w jednym miejscu. B\u0105d\u017a na bie\u017c\u0105co i sprawd\u017a nasz\u0105 ofert\u0119 ju\u017c teraz\" \/>\n<meta name=\"robots\" content=\"index, follow, max-snippet:-1, max-image-preview:large, max-video-preview:-1\" \/>\n<link rel=\"canonical\" href=\"https:\/\/shezamme.com\/en\/sklep\/sneakers-2\/yeezy\/yeezy-350\/adidas-yeezy-boost-350-v2-light\/\" \/>\n<meta property=\"og:locale\" content=\"en_US\" \/>\n<meta property=\"og:type\" content=\"article\" \/>\n<meta property=\"og:title\" content=\"Adidas Yeezy Boost 350 V2 &quot;Light&quot; - SHEZAMME\" \/>\n<meta property=\"og:description\" content=\"Adidas Yeezy Boost 350 V2 &quot;Light&quot; | Luksusowe i autentyczne przedmioty w jednym miejscu. B\u0105d\u017a na bie\u017c\u0105co i sprawd\u017a nasz\u0105 ofert\u0119 ju\u017c teraz\" \/>\n<meta property=\"og:url\" content=\"https:\/\/shezamme.com\/en\/sklep\/sneakers-2\/yeezy\/yeezy-350\/adidas-yeezy-boost-350-v2-light\/\" \/>\n<meta property=\"og:site_name\" content=\"SHEZAMME - Yeezy, Jordan, Supreme i inne oryginalne rzeczy\" \/>\n<meta property=\"article:publisher\" content=\"https:\/\/www.facebook.com\/SHEZAMME\/\" \/>\n<meta property=\"article:modified_time\" content=\"2025-03-24T22:28:49+00:00\" \/>\n<meta property=\"og:image\" content=\"https:\/\/shezamme.com\/wp-content\/uploads\/2022\/07\/ylight2.jpg\" \/>\n\t<meta property=\"og:image:width\" content=\"1125\" \/>\n\t<meta property=\"og:image:height\" content=\"996\" \/>\n\t<meta property=\"og:image:type\" content=\"image\/jpeg\" \/>\n<meta name=\"twitter:card\" content=\"summary_large_image\" \/>\n<meta name=\"twitter:site\" content=\"@SHEZAMME\" \/>\n<meta name=\"twitter:label1\" content=\"Est. reading time\" \/>\n\t<meta name=\"twitter:data1\" content=\"1 minute\" \/>\n<script type=\"application\/ld+json\" class=\"yoast-schema-graph\">{\"@context\":\"https:\\\/\\\/schema.org\",\"@graph\":[{\"@type\":\"WebPage\",\"@id\":\"https:\\\/\\\/shezamme.com\\\/sklep\\\/buty\\\/yeezy\\\/yeezy-350\\\/adidas-yeezy-boost-350-v2-light\\\/\",\"url\":\"https:\\\/\\\/shezamme.com\\\/sklep\\\/buty\\\/yeezy\\\/yeezy-350\\\/adidas-yeezy-boost-350-v2-light\\\/\",\"name\":\"Adidas Yeezy Boost 350 V2 \\\"Light\\\" - SHEZAMME\",\"isPartOf\":{\"@id\":\"https:\\\/\\\/shezamme.com\\\/#website\"},\"primaryImageOfPage\":{\"@id\":\"https:\\\/\\\/shezamme.com\\\/sklep\\\/buty\\\/yeezy\\\/yeezy-350\\\/adidas-yeezy-boost-350-v2-light\\\/#primaryimage\"},\"image\":{\"@id\":\"https:\\\/\\\/shezamme.com\\\/sklep\\\/buty\\\/yeezy\\\/yeezy-350\\\/adidas-yeezy-boost-350-v2-light\\\/#primaryimage\"},\"thumbnailUrl\":\"https:\\\/\\\/shezamme.com\\\/wp-content\\\/uploads\\\/2022\\\/07\\\/ylight2.jpg\",\"datePublished\":\"2022-07-30T19:14:31+00:00\",\"dateModified\":\"2025-03-24T22:28:49+00:00\",\"description\":\"Adidas Yeezy Boost 350 V2 \\\"Light\\\" | Luksusowe i autentyczne przedmioty w jednym miejscu. B\u0105d\u017a na bie\u017c\u0105co i sprawd\u017a nasz\u0105 ofert\u0119 ju\u017c teraz\",\"breadcrumb\":{\"@id\":\"https:\\\/\\\/shezamme.com\\\/sklep\\\/buty\\\/yeezy\\\/yeezy-350\\\/adidas-yeezy-boost-350-v2-light\\\/#breadcrumb\"},\"inLanguage\":\"en-US\",\"potentialAction\":[{\"@type\":\"ReadAction\",\"target\":[\"https:\\\/\\\/shezamme.com\\\/sklep\\\/buty\\\/yeezy\\\/yeezy-350\\\/adidas-yeezy-boost-350-v2-light\\\/\"]}]},{\"@type\":\"ImageObject\",\"inLanguage\":\"en-US\",\"@id\":\"https:\\\/\\\/shezamme.com\\\/sklep\\\/buty\\\/yeezy\\\/yeezy-350\\\/adidas-yeezy-boost-350-v2-light\\\/#primaryimage\",\"url\":\"https:\\\/\\\/shezamme.com\\\/wp-content\\\/uploads\\\/2022\\\/07\\\/ylight2.jpg\",\"contentUrl\":\"https:\\\/\\\/shezamme.com\\\/wp-content\\\/uploads\\\/2022\\\/07\\\/ylight2.jpg\",\"width\":1125,\"height\":996,\"caption\":\"Adidas Yeezy Boost 350 V2 \\\"Light\\\"\"},{\"@type\":\"BreadcrumbList\",\"@id\":\"https:\\\/\\\/shezamme.com\\\/sklep\\\/buty\\\/yeezy\\\/yeezy-350\\\/adidas-yeezy-boost-350-v2-light\\\/#breadcrumb\",\"itemListElement\":[{\"@type\":\"ListItem\",\"position\":1,\"name\":\"Strona g\u0142\u00f3wna\",\"item\":\"https:\\\/\\\/shezamme.com\\\/\"},{\"@type\":\"ListItem\",\"position\":2,\"name\":\"Sklep\",\"item\":\"https:\\\/\\\/shezamme.com\\\/en\\\/sklep\\\/\"},{\"@type\":\"ListItem\",\"position\":3,\"name\":\"Adidas Yeezy Boost 350 V2 &#8220;Light&#8221;\"}]},{\"@type\":\"WebSite\",\"@id\":\"https:\\\/\\\/shezamme.com\\\/#website\",\"url\":\"https:\\\/\\\/shezamme.com\\\/\",\"name\":\"SHEZAMME - Sneakersy, Streetwear i luksusowe marki\",\"description\":\"Oryginalne i ekskluzywne przedmioty w jednym miejscu. Sprawd\u017a nasze produkty ju\u017c teraz i b\u0105d\u017a na bie\u017c\u0105co z wszystkimi premierami.\",\"publisher\":{\"@id\":\"https:\\\/\\\/shezamme.com\\\/#organization\"},\"potentialAction\":[{\"@type\":\"SearchAction\",\"target\":{\"@type\":\"EntryPoint\",\"urlTemplate\":\"https:\\\/\\\/shezamme.com\\\/?s={search_term_string}\"},\"query-input\":{\"@type\":\"PropertyValueSpecification\",\"valueRequired\":true,\"valueName\":\"search_term_string\"}}],\"inLanguage\":\"en-US\"},{\"@type\":\"Organization\",\"@id\":\"https:\\\/\\\/shezamme.com\\\/#organization\",\"name\":\"SHEZAMME - Sneakersy, Streetwear i luksusowe marki\",\"url\":\"https:\\\/\\\/shezamme.com\\\/\",\"logo\":{\"@type\":\"ImageObject\",\"inLanguage\":\"en-US\",\"@id\":\"https:\\\/\\\/shezamme.com\\\/#\\\/schema\\\/logo\\\/image\\\/\",\"url\":\"https:\\\/\\\/shezamme.com\\\/wp-content\\\/uploads\\\/2023\\\/02\\\/0x0.png\",\"contentUrl\":\"https:\\\/\\\/shezamme.com\\\/wp-content\\\/uploads\\\/2023\\\/02\\\/0x0.png\",\"width\":2000,\"height\":2000,\"caption\":\"SHEZAMME - Sneakersy, Streetwear i luksusowe marki\"},\"image\":{\"@id\":\"https:\\\/\\\/shezamme.com\\\/#\\\/schema\\\/logo\\\/image\\\/\"},\"sameAs\":[\"https:\\\/\\\/www.facebook.com\\\/SHEZAMME\\\/\",\"https:\\\/\\\/x.com\\\/SHEZAMME\",\"https:\\\/\\\/www.instagram.com\\\/shezamme\\\/\",\"https:\\\/\\\/www.youtube.com\\\/channel\\\/UCsTJxi_9fODHdO_1bmJbqvQ\",\"https:\\\/\\\/www.tiktok.com\\\/shezamme.com\"]}]}<\/script>\n<!-- \/ Yoast SEO plugin. -->","yoast_head_json":{"title":"Adidas Yeezy Boost 350 V2 \"Light\" - SHEZAMME","description":"Adidas Yeezy Boost 350 V2 \"Light\" | Luksusowe i autentyczne przedmioty w jednym miejscu. B\u0105d\u017a na bie\u017c\u0105co i sprawd\u017a nasz\u0105 ofert\u0119 ju\u017c teraz","robots":{"index":"index","follow":"follow","max-snippet":"max-snippet:-1","max-image-preview":"max-image-preview:large","max-video-preview":"max-video-preview:-1"},"canonical":"https:\/\/shezamme.com\/en\/sklep\/sneakers-2\/yeezy\/yeezy-350\/adidas-yeezy-boost-350-v2-light\/","og_locale":"en_US","og_type":"article","og_title":"Adidas Yeezy Boost 350 V2 \"Light\" - SHEZAMME","og_description":"Adidas Yeezy Boost 350 V2 \"Light\" | Luksusowe i autentyczne przedmioty w jednym miejscu. B\u0105d\u017a na bie\u017c\u0105co i sprawd\u017a nasz\u0105 ofert\u0119 ju\u017c teraz","og_url":"https:\/\/shezamme.com\/en\/sklep\/sneakers-2\/yeezy\/yeezy-350\/adidas-yeezy-boost-350-v2-light\/","og_site_name":"SHEZAMME - Yeezy, Jordan, Supreme i inne oryginalne rzeczy","article_publisher":"https:\/\/www.facebook.com\/SHEZAMME\/","article_modified_time":"2025-03-24T22:28:49+00:00","og_image":[{"width":1125,"height":996,"url":"https:\/\/shezamme.com\/wp-content\/uploads\/2022\/07\/ylight2.jpg","type":"image\/jpeg"}],"twitter_card":"summary_large_image","twitter_site":"@SHEZAMME","twitter_misc":{"Est. reading time":"1 minute"},"schema":{"@context":"https:\/\/schema.org","@graph":[{"@type":"WebPage","@id":"https:\/\/shezamme.com\/sklep\/buty\/yeezy\/yeezy-350\/adidas-yeezy-boost-350-v2-light\/","url":"https:\/\/shezamme.com\/sklep\/buty\/yeezy\/yeezy-350\/adidas-yeezy-boost-350-v2-light\/","name":"Adidas Yeezy Boost 350 V2 \"Light\" - SHEZAMME","isPartOf":{"@id":"https:\/\/shezamme.com\/#website"},"primaryImageOfPage":{"@id":"https:\/\/shezamme.com\/sklep\/buty\/yeezy\/yeezy-350\/adidas-yeezy-boost-350-v2-light\/#primaryimage"},"image":{"@id":"https:\/\/shezamme.com\/sklep\/buty\/yeezy\/yeezy-350\/adidas-yeezy-boost-350-v2-light\/#primaryimage"},"thumbnailUrl":"https:\/\/shezamme.com\/wp-content\/uploads\/2022\/07\/ylight2.jpg","datePublished":"2022-07-30T19:14:31+00:00","dateModified":"2025-03-24T22:28:49+00:00","description":"Adidas Yeezy Boost 350 V2 \"Light\" | Luksusowe i autentyczne przedmioty w jednym miejscu. B\u0105d\u017a na bie\u017c\u0105co i sprawd\u017a nasz\u0105 ofert\u0119 ju\u017c teraz","breadcrumb":{"@id":"https:\/\/shezamme.com\/sklep\/buty\/yeezy\/yeezy-350\/adidas-yeezy-boost-350-v2-light\/#breadcrumb"},"inLanguage":"en-US","potentialAction":[{"@type":"ReadAction","target":["https:\/\/shezamme.com\/sklep\/buty\/yeezy\/yeezy-350\/adidas-yeezy-boost-350-v2-light\/"]}]},{"@type":"ImageObject","inLanguage":"en-US","@id":"https:\/\/shezamme.com\/sklep\/buty\/yeezy\/yeezy-350\/adidas-yeezy-boost-350-v2-light\/#primaryimage","url":"https:\/\/shezamme.com\/wp-content\/uploads\/2022\/07\/ylight2.jpg","contentUrl":"https:\/\/shezamme.com\/wp-content\/uploads\/2022\/07\/ylight2.jpg","width":1125,"height":996,"caption":"Adidas Yeezy Boost 350 V2 \"Light\""},{"@type":"BreadcrumbList","@id":"https:\/\/shezamme.com\/sklep\/buty\/yeezy\/yeezy-350\/adidas-yeezy-boost-350-v2-light\/#breadcrumb","itemListElement":[{"@type":"ListItem","position":1,"name":"Strona g\u0142\u00f3wna","item":"https:\/\/shezamme.com\/"},{"@type":"ListItem","position":2,"name":"Sklep","item":"https:\/\/shezamme.com\/en\/sklep\/"},{"@type":"ListItem","position":3,"name":"Adidas Yeezy Boost 350 V2 &#8220;Light&#8221;"}]},{"@type":"WebSite","@id":"https:\/\/shezamme.com\/#website","url":"https:\/\/shezamme.com\/","name":"SHEZAMME - Sneakers, Streetwear and luxury brands","description":"Original and exclusive items in one place. Check out our products now and stay up to date with all launches.","publisher":{"@id":"https:\/\/shezamme.com\/#organization"},"potentialAction":[{"@type":"SearchAction","target":{"@type":"EntryPoint","urlTemplate":"https:\/\/shezamme.com\/?s={search_term_string}"},"query-input":{"@type":"PropertyValueSpecification","valueRequired":true,"valueName":"search_term_string"}}],"inLanguage":"en-US"},{"@type":"Organization","@id":"https:\/\/shezamme.com\/#organization","name":"SHEZAMME - Sneakers, Streetwear and luxury brands","url":"https:\/\/shezamme.com\/","logo":{"@type":"ImageObject","inLanguage":"en-US","@id":"https:\/\/shezamme.com\/#\/schema\/logo\/image\/","url":"https:\/\/shezamme.com\/wp-content\/uploads\/2023\/02\/0x0.png","contentUrl":"https:\/\/shezamme.com\/wp-content\/uploads\/2023\/02\/0x0.png","width":2000,"height":2000,"caption":"SHEZAMME - Sneakersy, Streetwear i luksusowe marki"},"image":{"@id":"https:\/\/shezamme.com\/#\/schema\/logo\/image\/"},"sameAs":["https:\/\/www.facebook.com\/SHEZAMME\/","https:\/\/x.com\/SHEZAMME","https:\/\/www.instagram.com\/shezamme\/","https:\/\/www.youtube.com\/channel\/UCsTJxi_9fODHdO_1bmJbqvQ","https:\/\/www.tiktok.com\/shezamme.com"]}]}},"brands":[{"id":748,"name":"Adidas","slug":"adidas"},{"id":750,"name":"Yeezy","slug":"yeezy"}],"_links":{"self":[{"href":"https:\/\/shezamme.com\/en\/wp-json\/wp\/v2\/product\/1622","targetHints":{"allow":["GET"]}}],"collection":[{"href":"https:\/\/shezamme.com\/en\/wp-json\/wp\/v2\/product"}],"about":[{"href":"https:\/\/shezamme.com\/en\/wp-json\/wp\/v2\/types\/product"}],"wp:featuredmedia":[{"embeddable":true,"href":"https:\/\/shezamme.com\/en\/wp-json\/wp\/v2\/media\/1635"}],"wp:attachment":[{"href":"https:\/\/shezamme.com\/en\/wp-json\/wp\/v2\/media?parent=1622"}],"wp:term":[{"taxonomy":"pwb-brand","embeddable":true,"href":"https:\/\/shezamme.com\/en\/wp-json\/wp\/v2\/pwb-brand?post=1622"},{"taxonomy":"product_brand","embeddable":true,"href":"https:\/\/shezamme.com\/en\/wp-json\/wp\/v2\/product_brand?post=1622"},{"taxonomy":"product_cat","embeddable":true,"href":"https:\/\/shezamme.com\/en\/wp-json\/wp\/v2\/product_cat?post=1622"},{"taxonomy":"product_tag","embeddable":true,"href":"https:\/\/shezamme.com\/en\/wp-json\/wp\/v2\/product_tag?post=1622"}],"curies":[{"name":"wp","href":"https:\/\/api.w.org\/{rel}","templated":true}]}}