{"id":1604,"date":"2022-07-30T21:14:29","date_gmt":"2022-07-30T19:14:29","guid":{"rendered":"https:\/\/staging1.waw.pl\/?post_type=product&#038;p=1604"},"modified":"2026-03-26T17:13:44","modified_gmt":"2026-03-26T16:13:44","slug":"mystery-box-2000-pln","status":"publish","type":"product","link":"https:\/\/shezamme.com\/en\/sklep\/akcesoria\/mysterybox-streetwear\/mystery-box-2000-pln\/","title":{"rendered":"Mystery Box Streetwear 2000 PLN"},"content":{"rendered":"<p>Mysterybox to idealne rozwi\u0105zanie dla os\u00f3b, kt\u00f3re chc\u0105 wprowadzi\u0107 do swojej garderoby odrobin\u0119 \u015bwie\u017co\u015bci i nie lubi\u0105 nudnych zakup\u00f3w. Zestawy te s\u0105 losowe, co oznacza, \u017ce w ka\u017cdym pude\u0142ku mo\u017cna znale\u017a\u0107 co\u015b zupe\u0142nie innego i zaskakuj\u0105cego. Taki spos\u00f3b zakup\u00f3w jest szczeg\u00f3lnie atrakcyjny dla mi\u0142o\u015bnik\u00f3w streetwearu, kt\u00f3rzy ceni\u0105 sobie nie tylko wygod\u0119, ale te\u017c unikalno\u015b\u0107 swojego stylu.<\/p>\n<p>Mysterybox o tematyce streetwear za 2000 z\u0142 to idealny wyb\u00f3r dla os\u00f3b, kt\u00f3re chc\u0105 skompletowa\u0107 naprawd\u0119 wyj\u0105tkowe i luksusowe outfit&#8217;y. W pude\u0142ku znajd\u0105 si\u0119 produkty wysokiej jako\u015bci, wykonane z najlepszych materia\u0142\u00f3w i zaprojektowane przez najlepszych projektant\u00f3w. W\u015br\u00f3d produkt\u00f3w mog\u0105 znale\u017a\u0107 si\u0119 takie marki jak Off-White, Fear of God, Balenciaga, Yeezy, czy Supreme.<\/p>\n<p>W Mysteryboxie o warto\u015bci 2000 z\u0142 zawsze znajduje si\u0119 co najmniej kilka produkt\u00f3w, w tym buty, koszulki, spodnie, bluzy oraz akcesoria. Wszystko to w stylu streetwear, kt\u00f3ry zyskuje coraz wi\u0119ksz\u0105 popularno\u015b\u0107 na ca\u0142ym \u015bwiecie. Produkty w Mysteryboxie s\u0105 w stanie nowym lub bardzo dobrym, co oznacza, \u017ce s\u0105 gotowe do noszenia bez konieczno\u015bci ich prania lub czyszczenia.<\/p>\n<p>Osoba, kt\u00f3ra kupi Mysterybox o tematyce streetwear za 2000 z\u0142, nigdy nie b\u0119dzie stratna, poniewa\u017c warto\u015b\u0107 zawarto\u015bci pude\u0142ka zawsze przewy\u017csza cen\u0119. To nie tylko \u015bwietna okazja, aby od\u015bwie\u017cy\u0107 swoj\u0105 garderob\u0119, ale te\u017c doskona\u0142y spos\u00f3b na znalezienie unikalnych i wyj\u0105tkowych produkt\u00f3w, kt\u00f3rych nie znajdziemy w zwyk\u0142ych sklepach.<\/p>\n<p>Warto te\u017c podkre\u015bli\u0107, \u017ce Mysterybox to doskona\u0142y pomys\u0142 na prezent dla ka\u017cdego fana streetwearu. Mo\u017cna by\u0107 pewnym, \u017ce osoba obdarowana takim zestawem b\u0119dzie zachwycona, a ka\u017cdy produkt z pude\u0142ka b\u0119dzie dla niej niespodziank\u0105 i \u017ar\u00f3d\u0142em wielkiej rado\u015bci.<\/p>","protected":false},"excerpt":{"rendered":"<p>MYSTERY BOX zawsze jest <strong>UNISEX<\/strong><\/p>\n<p><strong>MYSTERY BOX<\/strong>\u00a0&#8211; W pude\u0142ku mo\u017cemy znale\u017a\u0107 losowe rzeczy z asortymentu naszego sklepu oraz rzeczy, kt\u00f3re jeszcze nie trafi\u0142y na stron\u0119 internetow\u0105.<\/p>\n<p>W Mystery Boxie znajduj\u0105 si\u0119 mi\u0119dzy innymi takie marki jak:\u00a0<strong>Supreme, Misbhv, CDG, Palace, Bape, Uniqlo itp&#8230;<\/strong><\/p>\n<p>W Mystery Boxie\u00a0<strong>ALWAYS<\/strong>\u00a0znajduje si\u0119 przynajmniej jedna koszulka lub bluza.<\/p>\n<p>W Mystery Boxie\u00a0<strong>ALWAYS<\/strong>\u00a0there are items in condition: New, Very good.<\/p>\n<p>Osoba kupuj\u0105ca mysteryboxa\u00a0<strong>ALWAYS<\/strong>\u00a0wychodzi na\u00a0<strong>+<\/strong>, nigdy\u00a0<strong>NIE<\/strong>\u00a0jest stratna.<\/p>\n<p>MysteryBox nie podlega zwrotowi, poniewa\u017c jest specjalnie personalizowany pod klienta.<\/p>","protected":false},"featured_media":38994,"template":"","meta":{"_acf_changed":false,"_yoast_wpseo_focuskw":"Mystery Box","_yoast_wpseo_title":"","_yoast_wpseo_metadesc":"Mystery-Box 2000PLN STREETWEAR. Spr\u00f3buj szcz\u0119\u015bcia i traf takie marki jak: Supreme, Palace, Misbhv, Gucci oraz Balenciaga. Spr\u00f3buj ju\u017c teraz!"},"pwb-brand":[],"product_brand":[],"product_cat":[23,907],"product_tag":[1008,1009],"class_list":{"0":"post-1604","1":"product","2":"type-product","3":"status-publish","4":"has-post-thumbnail","6":"product_cat-akcesoria","7":"product_cat-mysterybox-streetwear","8":"product_tag-kobieta","9":"product_tag-mezczyzna","10":"pa_rozmiar-ubrania-l","11":"pa_rozmiar-ubrania-m","12":"pa_rozmiar-ubrania-s","13":"pa_rozmiar-ubrania-xl","14":"pa_rozmiar-ubrania-xs","16":"first","17":"instock","18":"taxable","19":"shipping-taxable","20":"purchasable","21":"product-type-variable"},"acf":[],"yoast_head":"<!-- This site is optimized with the Yoast SEO plugin v27.3 - https:\/\/yoast.com\/product\/yoast-seo-wordpress\/ -->\n<title>Mystery Box Streetwear 2000 PLN - SHEZAMME<\/title>\n<meta name=\"description\" content=\"Mystery-Box 2000PLN STREETWEAR. Spr\u00f3buj szcz\u0119\u015bcia i traf takie marki jak: Supreme, Palace, Misbhv, Gucci oraz Balenciaga. Spr\u00f3buj ju\u017c teraz!\" \/>\n<meta name=\"robots\" content=\"index, follow, max-snippet:-1, max-image-preview:large, max-video-preview:-1\" \/>\n<link rel=\"canonical\" href=\"https:\/\/shezamme.com\/en\/sklep\/accesories\/mysterybox-streetwear\/mystery-box-2000-pln\/\" \/>\n<meta property=\"og:locale\" content=\"en_US\" \/>\n<meta property=\"og:type\" content=\"article\" \/>\n<meta property=\"og:title\" content=\"Mystery Box Streetwear 2000 PLN - SHEZAMME\" \/>\n<meta property=\"og:description\" content=\"Mystery-Box 2000PLN STREETWEAR. Spr\u00f3buj szcz\u0119\u015bcia i traf takie marki jak: Supreme, Palace, Misbhv, Gucci oraz Balenciaga. Spr\u00f3buj ju\u017c teraz!\" \/>\n<meta property=\"og:url\" content=\"https:\/\/shezamme.com\/en\/sklep\/accesories\/mysterybox-streetwear\/mystery-box-2000-pln\/\" \/>\n<meta property=\"og:site_name\" content=\"SHEZAMME - Yeezy, Jordan, Supreme i inne oryginalne rzeczy\" \/>\n<meta property=\"article:publisher\" content=\"https:\/\/www.facebook.com\/SHEZAMME\/\" \/>\n<meta property=\"article:modified_time\" content=\"2026-03-26T16:13:44+00:00\" \/>\n<meta property=\"og:image\" content=\"https:\/\/shezamme.com\/wp-content\/uploads\/2024\/01\/shezamme_mysteryb_regular_2000_240219-1.webp\" \/>\n\t<meta property=\"og:image:width\" content=\"1080\" \/>\n\t<meta property=\"og:image:height\" content=\"1080\" \/>\n\t<meta property=\"og:image:type\" content=\"image\/webp\" \/>\n<meta name=\"twitter:card\" content=\"summary_large_image\" \/>\n<meta name=\"twitter:site\" content=\"@SHEZAMME\" \/>\n<meta name=\"twitter:label1\" content=\"Est. reading time\" \/>\n\t<meta name=\"twitter:data1\" content=\"1 minute\" \/>\n<script type=\"application\/ld+json\" class=\"yoast-schema-graph\">{\"@context\":\"https:\\\/\\\/schema.org\",\"@graph\":[{\"@type\":\"WebPage\",\"@id\":\"https:\\\/\\\/shezamme.com\\\/sklep\\\/akcesoria\\\/mysterybox-streetwear\\\/mystery-box-2000-pln\\\/\",\"url\":\"https:\\\/\\\/shezamme.com\\\/sklep\\\/akcesoria\\\/mysterybox-streetwear\\\/mystery-box-2000-pln\\\/\",\"name\":\"Mystery Box Streetwear 2000 PLN - SHEZAMME\",\"isPartOf\":{\"@id\":\"https:\\\/\\\/shezamme.com\\\/#website\"},\"primaryImageOfPage\":{\"@id\":\"https:\\\/\\\/shezamme.com\\\/sklep\\\/akcesoria\\\/mysterybox-streetwear\\\/mystery-box-2000-pln\\\/#primaryimage\"},\"image\":{\"@id\":\"https:\\\/\\\/shezamme.com\\\/sklep\\\/akcesoria\\\/mysterybox-streetwear\\\/mystery-box-2000-pln\\\/#primaryimage\"},\"thumbnailUrl\":\"https:\\\/\\\/shezamme.com\\\/wp-content\\\/uploads\\\/2024\\\/01\\\/shezamme_mysteryb_regular_2000_240219-1.webp\",\"datePublished\":\"2022-07-30T19:14:29+00:00\",\"dateModified\":\"2026-03-26T16:13:44+00:00\",\"description\":\"Mystery-Box 2000PLN STREETWEAR. Spr\u00f3buj szcz\u0119\u015bcia i traf takie marki jak: Supreme, Palace, Misbhv, Gucci oraz Balenciaga. Spr\u00f3buj ju\u017c teraz!\",\"breadcrumb\":{\"@id\":\"https:\\\/\\\/shezamme.com\\\/sklep\\\/akcesoria\\\/mysterybox-streetwear\\\/mystery-box-2000-pln\\\/#breadcrumb\"},\"inLanguage\":\"en-US\",\"potentialAction\":[{\"@type\":\"ReadAction\",\"target\":[\"https:\\\/\\\/shezamme.com\\\/sklep\\\/akcesoria\\\/mysterybox-streetwear\\\/mystery-box-2000-pln\\\/\"]}]},{\"@type\":\"ImageObject\",\"inLanguage\":\"en-US\",\"@id\":\"https:\\\/\\\/shezamme.com\\\/sklep\\\/akcesoria\\\/mysterybox-streetwear\\\/mystery-box-2000-pln\\\/#primaryimage\",\"url\":\"https:\\\/\\\/shezamme.com\\\/wp-content\\\/uploads\\\/2024\\\/01\\\/shezamme_mysteryb_regular_2000_240219-1.webp\",\"contentUrl\":\"https:\\\/\\\/shezamme.com\\\/wp-content\\\/uploads\\\/2024\\\/01\\\/shezamme_mysteryb_regular_2000_240219-1.webp\",\"width\":1080,\"height\":1080,\"caption\":\"mysterybox streetwear 2000z\u0142\"},{\"@type\":\"BreadcrumbList\",\"@id\":\"https:\\\/\\\/shezamme.com\\\/sklep\\\/akcesoria\\\/mysterybox-streetwear\\\/mystery-box-2000-pln\\\/#breadcrumb\",\"itemListElement\":[{\"@type\":\"ListItem\",\"position\":1,\"name\":\"Strona g\u0142\u00f3wna\",\"item\":\"https:\\\/\\\/shezamme.com\\\/\"},{\"@type\":\"ListItem\",\"position\":2,\"name\":\"Sklep\",\"item\":\"https:\\\/\\\/shezamme.com\\\/en\\\/sklep\\\/\"},{\"@type\":\"ListItem\",\"position\":3,\"name\":\"Mystery Box Streetwear 2000 PLN\"}]},{\"@type\":\"WebSite\",\"@id\":\"https:\\\/\\\/shezamme.com\\\/#website\",\"url\":\"https:\\\/\\\/shezamme.com\\\/\",\"name\":\"SHEZAMME - Sneakersy, Streetwear i luksusowe marki\",\"description\":\"Oryginalne i ekskluzywne przedmioty w jednym miejscu. Sprawd\u017a nasze produkty ju\u017c teraz i b\u0105d\u017a na bie\u017c\u0105co z wszystkimi premierami.\",\"publisher\":{\"@id\":\"https:\\\/\\\/shezamme.com\\\/#organization\"},\"potentialAction\":[{\"@type\":\"SearchAction\",\"target\":{\"@type\":\"EntryPoint\",\"urlTemplate\":\"https:\\\/\\\/shezamme.com\\\/?s={search_term_string}\"},\"query-input\":{\"@type\":\"PropertyValueSpecification\",\"valueRequired\":true,\"valueName\":\"search_term_string\"}}],\"inLanguage\":\"en-US\"},{\"@type\":\"Organization\",\"@id\":\"https:\\\/\\\/shezamme.com\\\/#organization\",\"name\":\"SHEZAMME - Sneakersy, Streetwear i luksusowe marki\",\"url\":\"https:\\\/\\\/shezamme.com\\\/\",\"logo\":{\"@type\":\"ImageObject\",\"inLanguage\":\"en-US\",\"@id\":\"https:\\\/\\\/shezamme.com\\\/#\\\/schema\\\/logo\\\/image\\\/\",\"url\":\"https:\\\/\\\/shezamme.com\\\/wp-content\\\/uploads\\\/2023\\\/02\\\/0x0.png\",\"contentUrl\":\"https:\\\/\\\/shezamme.com\\\/wp-content\\\/uploads\\\/2023\\\/02\\\/0x0.png\",\"width\":2000,\"height\":2000,\"caption\":\"SHEZAMME - Sneakersy, Streetwear i luksusowe marki\"},\"image\":{\"@id\":\"https:\\\/\\\/shezamme.com\\\/#\\\/schema\\\/logo\\\/image\\\/\"},\"sameAs\":[\"https:\\\/\\\/www.facebook.com\\\/SHEZAMME\\\/\",\"https:\\\/\\\/x.com\\\/SHEZAMME\",\"https:\\\/\\\/www.instagram.com\\\/shezamme\\\/\",\"https:\\\/\\\/www.youtube.com\\\/channel\\\/UCsTJxi_9fODHdO_1bmJbqvQ\",\"https:\\\/\\\/www.tiktok.com\\\/shezamme.com\"]}]}<\/script>\n<!-- \/ Yoast SEO plugin. -->","yoast_head_json":{"title":"Mystery Box Streetwear 2000 PLN - SHEZAMME","description":"Mystery-Box 2000PLN STREETWEAR. Spr\u00f3buj szcz\u0119\u015bcia i traf takie marki jak: Supreme, Palace, Misbhv, Gucci oraz Balenciaga. Spr\u00f3buj ju\u017c teraz!","robots":{"index":"index","follow":"follow","max-snippet":"max-snippet:-1","max-image-preview":"max-image-preview:large","max-video-preview":"max-video-preview:-1"},"canonical":"https:\/\/shezamme.com\/en\/sklep\/accesories\/mysterybox-streetwear\/mystery-box-2000-pln\/","og_locale":"en_US","og_type":"article","og_title":"Mystery Box Streetwear 2000 PLN - SHEZAMME","og_description":"Mystery-Box 2000PLN STREETWEAR. Spr\u00f3buj szcz\u0119\u015bcia i traf takie marki jak: Supreme, Palace, Misbhv, Gucci oraz Balenciaga. Spr\u00f3buj ju\u017c teraz!","og_url":"https:\/\/shezamme.com\/en\/sklep\/accesories\/mysterybox-streetwear\/mystery-box-2000-pln\/","og_site_name":"SHEZAMME - Yeezy, Jordan, Supreme i inne oryginalne rzeczy","article_publisher":"https:\/\/www.facebook.com\/SHEZAMME\/","article_modified_time":"2026-03-26T16:13:44+00:00","og_image":[{"width":1080,"height":1080,"url":"https:\/\/shezamme.com\/wp-content\/uploads\/2024\/01\/shezamme_mysteryb_regular_2000_240219-1.webp","type":"image\/webp"}],"twitter_card":"summary_large_image","twitter_site":"@SHEZAMME","twitter_misc":{"Est. reading time":"1 minute"},"schema":{"@context":"https:\/\/schema.org","@graph":[{"@type":"WebPage","@id":"https:\/\/shezamme.com\/sklep\/akcesoria\/mysterybox-streetwear\/mystery-box-2000-pln\/","url":"https:\/\/shezamme.com\/sklep\/akcesoria\/mysterybox-streetwear\/mystery-box-2000-pln\/","name":"Mystery Box Streetwear 2000 PLN - SHEZAMME","isPartOf":{"@id":"https:\/\/shezamme.com\/#website"},"primaryImageOfPage":{"@id":"https:\/\/shezamme.com\/sklep\/akcesoria\/mysterybox-streetwear\/mystery-box-2000-pln\/#primaryimage"},"image":{"@id":"https:\/\/shezamme.com\/sklep\/akcesoria\/mysterybox-streetwear\/mystery-box-2000-pln\/#primaryimage"},"thumbnailUrl":"https:\/\/shezamme.com\/wp-content\/uploads\/2024\/01\/shezamme_mysteryb_regular_2000_240219-1.webp","datePublished":"2022-07-30T19:14:29+00:00","dateModified":"2026-03-26T16:13:44+00:00","description":"Mystery-Box 2000PLN STREETWEAR. Spr\u00f3buj szcz\u0119\u015bcia i traf takie marki jak: Supreme, Palace, Misbhv, Gucci oraz Balenciaga. Spr\u00f3buj ju\u017c teraz!","breadcrumb":{"@id":"https:\/\/shezamme.com\/sklep\/akcesoria\/mysterybox-streetwear\/mystery-box-2000-pln\/#breadcrumb"},"inLanguage":"en-US","potentialAction":[{"@type":"ReadAction","target":["https:\/\/shezamme.com\/sklep\/akcesoria\/mysterybox-streetwear\/mystery-box-2000-pln\/"]}]},{"@type":"ImageObject","inLanguage":"en-US","@id":"https:\/\/shezamme.com\/sklep\/akcesoria\/mysterybox-streetwear\/mystery-box-2000-pln\/#primaryimage","url":"https:\/\/shezamme.com\/wp-content\/uploads\/2024\/01\/shezamme_mysteryb_regular_2000_240219-1.webp","contentUrl":"https:\/\/shezamme.com\/wp-content\/uploads\/2024\/01\/shezamme_mysteryb_regular_2000_240219-1.webp","width":1080,"height":1080,"caption":"mysterybox streetwear 2000z\u0142"},{"@type":"BreadcrumbList","@id":"https:\/\/shezamme.com\/sklep\/akcesoria\/mysterybox-streetwear\/mystery-box-2000-pln\/#breadcrumb","itemListElement":[{"@type":"ListItem","position":1,"name":"Strona g\u0142\u00f3wna","item":"https:\/\/shezamme.com\/"},{"@type":"ListItem","position":2,"name":"Sklep","item":"https:\/\/shezamme.com\/en\/sklep\/"},{"@type":"ListItem","position":3,"name":"Mystery Box Streetwear 2000 PLN"}]},{"@type":"WebSite","@id":"https:\/\/shezamme.com\/#website","url":"https:\/\/shezamme.com\/","name":"SHEZAMME - Sneakers, Streetwear and luxury brands","description":"Original and exclusive items in one place. Check out our products now and stay up to date with all launches.","publisher":{"@id":"https:\/\/shezamme.com\/#organization"},"potentialAction":[{"@type":"SearchAction","target":{"@type":"EntryPoint","urlTemplate":"https:\/\/shezamme.com\/?s={search_term_string}"},"query-input":{"@type":"PropertyValueSpecification","valueRequired":true,"valueName":"search_term_string"}}],"inLanguage":"en-US"},{"@type":"Organization","@id":"https:\/\/shezamme.com\/#organization","name":"SHEZAMME - Sneakers, Streetwear and luxury brands","url":"https:\/\/shezamme.com\/","logo":{"@type":"ImageObject","inLanguage":"en-US","@id":"https:\/\/shezamme.com\/#\/schema\/logo\/image\/","url":"https:\/\/shezamme.com\/wp-content\/uploads\/2023\/02\/0x0.png","contentUrl":"https:\/\/shezamme.com\/wp-content\/uploads\/2023\/02\/0x0.png","width":2000,"height":2000,"caption":"SHEZAMME - Sneakersy, Streetwear i luksusowe marki"},"image":{"@id":"https:\/\/shezamme.com\/#\/schema\/logo\/image\/"},"sameAs":["https:\/\/www.facebook.com\/SHEZAMME\/","https:\/\/x.com\/SHEZAMME","https:\/\/www.instagram.com\/shezamme\/","https:\/\/www.youtube.com\/channel\/UCsTJxi_9fODHdO_1bmJbqvQ","https:\/\/www.tiktok.com\/shezamme.com"]}]}},"brands":[],"_links":{"self":[{"href":"https:\/\/shezamme.com\/en\/wp-json\/wp\/v2\/product\/1604","targetHints":{"allow":["GET"]}}],"collection":[{"href":"https:\/\/shezamme.com\/en\/wp-json\/wp\/v2\/product"}],"about":[{"href":"https:\/\/shezamme.com\/en\/wp-json\/wp\/v2\/types\/product"}],"wp:featuredmedia":[{"embeddable":true,"href":"https:\/\/shezamme.com\/en\/wp-json\/wp\/v2\/media\/38994"}],"wp:attachment":[{"href":"https:\/\/shezamme.com\/en\/wp-json\/wp\/v2\/media?parent=1604"}],"wp:term":[{"taxonomy":"pwb-brand","embeddable":true,"href":"https:\/\/shezamme.com\/en\/wp-json\/wp\/v2\/pwb-brand?post=1604"},{"taxonomy":"product_brand","embeddable":true,"href":"https:\/\/shezamme.com\/en\/wp-json\/wp\/v2\/product_brand?post=1604"},{"taxonomy":"product_cat","embeddable":true,"href":"https:\/\/shezamme.com\/en\/wp-json\/wp\/v2\/product_cat?post=1604"},{"taxonomy":"product_tag","embeddable":true,"href":"https:\/\/shezamme.com\/en\/wp-json\/wp\/v2\/product_tag?post=1604"}],"curies":[{"name":"wp","href":"https:\/\/api.w.org\/{rel}","templated":true}]}}