{"id":1495,"date":"2022-07-30T21:13:43","date_gmt":"2022-07-30T19:13:43","guid":{"rendered":"https:\/\/staging1.waw.pl\/?post_type=product&#038;p=1495"},"modified":"2026-02-02T22:07:01","modified_gmt":"2026-02-02T21:07:01","slug":"supreme-mary-j-blige","status":"publish","type":"product","link":"https:\/\/shezamme.com\/en\/sklep\/naklejki\/supreme-mary-j-blige\/","title":{"rendered":"Supreme Mary J. Blige"},"content":{"rendered":"<p>Naklejka Supreme Mary J. Blige to oryginalna naklejka ze znakiem charakterystycznym marki Supreme oraz wizerunkiem ameryka\u0144skiej piosenkarki i aktorki Mary J. Blige. Naklejka ta jest cz\u0119\u015bci\u0105 kolekcji akcesori\u00f3w i gad\u017cet\u00f3w inspirowanych kultur\u0105 hip-hop i streetwear.<\/p>\n<p>Mary J. Blige to jedna z najwa\u017cniejszych postaci muzyki R&#038;B i soul. Za swoj\u0105 karier\u0119 zdoby\u0142a wiele nagr\u00f3d, w tym 9 nagr\u00f3d Grammy. Jej muzyka ma silne zwi\u0105zki z kultur\u0105 hip-hop, a jej wp\u0142yw na scen\u0119 muzyczn\u0105 jest ogromny.<\/p>\n<p>Naklejka Supreme Mary J. Blige jest wykonana z wysokiej jako\u015bci materia\u0142\u00f3w, co gwarantuje jej trwa\u0142o\u015b\u0107 i odporno\u015b\u0107 na warunki zewn\u0119trzne. Mo\u017cna j\u0105 przyklei\u0107 praktycznie na ka\u017cdej powierzchni, dzi\u0119ki czemu idealnie nadaje si\u0119 do personalizacji ubra\u0144, plecak\u00f3w, laptop\u00f3w i innych przedmiot\u00f3w.<\/p>\n<p>Naklejka Supreme Mary J. Blige to \u015bwietny spos\u00f3b na wyra\u017cenie swojego zainteresowania kultur\u0105 hip-hop i streetwear. Dzi\u0119ki swojemu unikalnemu designowi i znanym postaciom przedstawionym na naklejce, jest to gad\u017cet, kt\u00f3ry przyci\u0105gnie uwag\u0119 ka\u017cdego fana kultury hip-hopowej i streetwearowej.<\/p>\n<p>W sklepie z akcesoriami streetwearowymi mo\u017cna znale\u017a\u0107 wiele innych oryginalnych gad\u017cet\u00f3w, w tym naklejki z logiem marki Supreme oraz z r\u00f3\u017cnymi wzorami i wizerunkami postaci kultury hip-hop. Naklejki te s\u0105 cz\u0119sto poszukiwane przez mi\u0142o\u015bnik\u00f3w streetwearu i kolekcjoner\u00f3w, kt\u00f3rzy chc\u0105 wyr\u00f3\u017cni\u0107 si\u0119 z t\u0142umu i wyrazi\u0107 swoj\u0105 indywidualno\u015b\u0107.<\/p>","protected":false},"excerpt":{"rendered":"<p>Supreme Mary J. Blige<br \/>\nW sezonie jesienno-zimowym 2019 Supreme New York wyprodukowa\u0142a naklejk\u0119 z wizerunkiem Mary J. Blige.<\/p>","protected":false},"featured_media":1519,"template":"","meta":{"_acf_changed":false},"pwb-brand":[753],"product_brand":[],"product_cat":[272],"product_tag":[],"class_list":{"0":"post-1495","1":"product","2":"type-product","3":"status-publish","4":"has-post-thumbnail","6":"pwb-brand-supreme","7":"product_cat-naklejki","9":"first","10":"outofstock","11":"taxable","12":"shipping-taxable","13":"purchasable","14":"product-type-variable","15":"has-default-attributes"},"acf":[],"yoast_head":"<!-- This site is optimized with the Yoast SEO plugin v27.2 - https:\/\/yoast.com\/product\/yoast-seo-wordpress\/ -->\n<title>Supreme Mary J. Blige - SHEZAMME<\/title>\n<meta name=\"description\" content=\"Supreme Mary J. Blige | Luksusowe i autentyczne przedmioty w jednym miejscu. B\u0105d\u017a na bie\u017c\u0105co i sprawd\u017a nasz\u0105 ofert\u0119 ju\u017c teraz\" \/>\n<meta name=\"robots\" content=\"index, follow, max-snippet:-1, max-image-preview:large, max-video-preview:-1\" \/>\n<link rel=\"canonical\" href=\"https:\/\/shezamme.com\/en\/sklep\/stickers\/supreme-mary-j-blige\/\" \/>\n<meta property=\"og:locale\" content=\"en_US\" \/>\n<meta property=\"og:type\" content=\"article\" \/>\n<meta property=\"og:title\" content=\"Supreme Mary J. Blige - SHEZAMME\" \/>\n<meta property=\"og:description\" content=\"Supreme Mary J. Blige | Luksusowe i autentyczne przedmioty w jednym miejscu. B\u0105d\u017a na bie\u017c\u0105co i sprawd\u017a nasz\u0105 ofert\u0119 ju\u017c teraz\" \/>\n<meta property=\"og:url\" content=\"https:\/\/shezamme.com\/en\/sklep\/stickers\/supreme-mary-j-blige\/\" \/>\n<meta property=\"og:site_name\" content=\"SHEZAMME - Yeezy, Jordan, Supreme i inne oryginalne rzeczy\" \/>\n<meta property=\"article:publisher\" content=\"https:\/\/www.facebook.com\/SHEZAMME\/\" \/>\n<meta property=\"article:modified_time\" content=\"2026-02-02T21:07:01+00:00\" \/>\n<meta property=\"og:image\" content=\"https:\/\/shezamme.com\/wp-content\/uploads\/2022\/07\/MaryJBlige_9888ba83-e153-4fa8-8f69-e06db77eafb5_1024x1024@2x.jpg\" \/>\n\t<meta property=\"og:image:width\" content=\"1920\" \/>\n\t<meta property=\"og:image:height\" content=\"1920\" \/>\n\t<meta property=\"og:image:type\" content=\"image\/jpeg\" \/>\n<meta name=\"twitter:card\" content=\"summary_large_image\" \/>\n<meta name=\"twitter:site\" content=\"@SHEZAMME\" \/>\n<meta name=\"twitter:label1\" content=\"Est. reading time\" \/>\n\t<meta name=\"twitter:data1\" content=\"1 minute\" \/>\n<script type=\"application\/ld+json\" class=\"yoast-schema-graph\">{\"@context\":\"https:\/\/schema.org\",\"@graph\":[{\"@type\":\"WebPage\",\"@id\":\"https:\/\/shezamme.com\/sklep\/naklejki\/supreme-mary-j-blige\/\",\"url\":\"https:\/\/shezamme.com\/sklep\/naklejki\/supreme-mary-j-blige\/\",\"name\":\"Supreme Mary J. Blige - SHEZAMME\",\"isPartOf\":{\"@id\":\"https:\/\/shezamme.com\/#website\"},\"primaryImageOfPage\":{\"@id\":\"https:\/\/shezamme.com\/sklep\/naklejki\/supreme-mary-j-blige\/#primaryimage\"},\"image\":{\"@id\":\"https:\/\/shezamme.com\/sklep\/naklejki\/supreme-mary-j-blige\/#primaryimage\"},\"thumbnailUrl\":\"https:\/\/shezamme.com\/wp-content\/uploads\/2022\/07\/MaryJBlige_9888ba83-e153-4fa8-8f69-e06db77eafb5_1024x1024@2x.jpg\",\"datePublished\":\"2022-07-30T19:13:43+00:00\",\"dateModified\":\"2026-02-02T21:07:01+00:00\",\"description\":\"Supreme Mary J. Blige | Luksusowe i autentyczne przedmioty w jednym miejscu. B\u0105d\u017a na bie\u017c\u0105co i sprawd\u017a nasz\u0105 ofert\u0119 ju\u017c teraz\",\"breadcrumb\":{\"@id\":\"https:\/\/shezamme.com\/sklep\/naklejki\/supreme-mary-j-blige\/#breadcrumb\"},\"inLanguage\":\"en-US\",\"potentialAction\":[{\"@type\":\"ReadAction\",\"target\":[\"https:\/\/shezamme.com\/sklep\/naklejki\/supreme-mary-j-blige\/\"]}]},{\"@type\":\"ImageObject\",\"inLanguage\":\"en-US\",\"@id\":\"https:\/\/shezamme.com\/sklep\/naklejki\/supreme-mary-j-blige\/#primaryimage\",\"url\":\"https:\/\/shezamme.com\/wp-content\/uploads\/2022\/07\/MaryJBlige_9888ba83-e153-4fa8-8f69-e06db77eafb5_1024x1024@2x.jpg\",\"contentUrl\":\"https:\/\/shezamme.com\/wp-content\/uploads\/2022\/07\/MaryJBlige_9888ba83-e153-4fa8-8f69-e06db77eafb5_1024x1024@2x.jpg\",\"width\":1920,\"height\":1920,\"caption\":\"Supreme Mary J. Blige\"},{\"@type\":\"BreadcrumbList\",\"@id\":\"https:\/\/shezamme.com\/sklep\/naklejki\/supreme-mary-j-blige\/#breadcrumb\",\"itemListElement\":[{\"@type\":\"ListItem\",\"position\":1,\"name\":\"Strona g\u0142\u00f3wna\",\"item\":\"https:\/\/shezamme.com\/\"},{\"@type\":\"ListItem\",\"position\":2,\"name\":\"Sklep\",\"item\":\"https:\/\/shezamme.com\/sklep\/\"},{\"@type\":\"ListItem\",\"position\":3,\"name\":\"Supreme Mary J. Blige\"}]},{\"@type\":\"WebSite\",\"@id\":\"https:\/\/shezamme.com\/#website\",\"url\":\"https:\/\/shezamme.com\/\",\"name\":\"SHEZAMME - Sneakersy, Streetwear i luksusowe marki\",\"description\":\"Oryginalne i ekskluzywne przedmioty w jednym miejscu. Sprawd\u017a nasze produkty ju\u017c teraz i b\u0105d\u017a na bie\u017c\u0105co z wszystkimi premierami.\",\"publisher\":{\"@id\":\"https:\/\/shezamme.com\/#organization\"},\"potentialAction\":[{\"@type\":\"SearchAction\",\"target\":{\"@type\":\"EntryPoint\",\"urlTemplate\":\"https:\/\/shezamme.com\/?s={search_term_string}\"},\"query-input\":{\"@type\":\"PropertyValueSpecification\",\"valueRequired\":true,\"valueName\":\"search_term_string\"}}],\"inLanguage\":\"en-US\"},{\"@type\":\"Organization\",\"@id\":\"https:\/\/shezamme.com\/#organization\",\"name\":\"SHEZAMME - Sneakersy, Streetwear i luksusowe marki\",\"url\":\"https:\/\/shezamme.com\/\",\"logo\":{\"@type\":\"ImageObject\",\"inLanguage\":\"en-US\",\"@id\":\"https:\/\/shezamme.com\/#\/schema\/logo\/image\/\",\"url\":\"https:\/\/shezamme.com\/wp-content\/uploads\/2023\/02\/0x0.png\",\"contentUrl\":\"https:\/\/shezamme.com\/wp-content\/uploads\/2023\/02\/0x0.png\",\"width\":2000,\"height\":2000,\"caption\":\"SHEZAMME - Sneakersy, Streetwear i luksusowe marki\"},\"image\":{\"@id\":\"https:\/\/shezamme.com\/#\/schema\/logo\/image\/\"},\"sameAs\":[\"https:\/\/www.facebook.com\/SHEZAMME\/\",\"https:\/\/x.com\/SHEZAMME\",\"https:\/\/www.instagram.com\/shezamme\/\",\"https:\/\/www.youtube.com\/channel\/UCsTJxi_9fODHdO_1bmJbqvQ\",\"https:\/\/www.tiktok.com\/shezamme.com\"]}]}<\/script>\n<!-- \/ Yoast SEO plugin. -->","yoast_head_json":{"title":"Supreme Mary J. Blige - SHEZAMME","description":"Supreme Mary J. Blige | Luksusowe i autentyczne przedmioty w jednym miejscu. B\u0105d\u017a na bie\u017c\u0105co i sprawd\u017a nasz\u0105 ofert\u0119 ju\u017c teraz","robots":{"index":"index","follow":"follow","max-snippet":"max-snippet:-1","max-image-preview":"max-image-preview:large","max-video-preview":"max-video-preview:-1"},"canonical":"https:\/\/shezamme.com\/en\/sklep\/stickers\/supreme-mary-j-blige\/","og_locale":"en_US","og_type":"article","og_title":"Supreme Mary J. Blige - SHEZAMME","og_description":"Supreme Mary J. Blige | Luksusowe i autentyczne przedmioty w jednym miejscu. B\u0105d\u017a na bie\u017c\u0105co i sprawd\u017a nasz\u0105 ofert\u0119 ju\u017c teraz","og_url":"https:\/\/shezamme.com\/en\/sklep\/stickers\/supreme-mary-j-blige\/","og_site_name":"SHEZAMME - Yeezy, Jordan, Supreme i inne oryginalne rzeczy","article_publisher":"https:\/\/www.facebook.com\/SHEZAMME\/","article_modified_time":"2026-02-02T21:07:01+00:00","og_image":[{"width":1920,"height":1920,"url":"https:\/\/shezamme.com\/wp-content\/uploads\/2022\/07\/MaryJBlige_9888ba83-e153-4fa8-8f69-e06db77eafb5_1024x1024@2x.jpg","type":"image\/jpeg"}],"twitter_card":"summary_large_image","twitter_site":"@SHEZAMME","twitter_misc":{"Est. reading time":"1 minute"},"schema":{"@context":"https:\/\/schema.org","@graph":[{"@type":"WebPage","@id":"https:\/\/shezamme.com\/sklep\/naklejki\/supreme-mary-j-blige\/","url":"https:\/\/shezamme.com\/sklep\/naklejki\/supreme-mary-j-blige\/","name":"Supreme Mary J. Blige - SHEZAMME","isPartOf":{"@id":"https:\/\/shezamme.com\/#website"},"primaryImageOfPage":{"@id":"https:\/\/shezamme.com\/sklep\/naklejki\/supreme-mary-j-blige\/#primaryimage"},"image":{"@id":"https:\/\/shezamme.com\/sklep\/naklejki\/supreme-mary-j-blige\/#primaryimage"},"thumbnailUrl":"https:\/\/shezamme.com\/wp-content\/uploads\/2022\/07\/MaryJBlige_9888ba83-e153-4fa8-8f69-e06db77eafb5_1024x1024@2x.jpg","datePublished":"2022-07-30T19:13:43+00:00","dateModified":"2026-02-02T21:07:01+00:00","description":"Supreme Mary J. Blige | Luksusowe i autentyczne przedmioty w jednym miejscu. B\u0105d\u017a na bie\u017c\u0105co i sprawd\u017a nasz\u0105 ofert\u0119 ju\u017c teraz","breadcrumb":{"@id":"https:\/\/shezamme.com\/sklep\/naklejki\/supreme-mary-j-blige\/#breadcrumb"},"inLanguage":"en-US","potentialAction":[{"@type":"ReadAction","target":["https:\/\/shezamme.com\/sklep\/naklejki\/supreme-mary-j-blige\/"]}]},{"@type":"ImageObject","inLanguage":"en-US","@id":"https:\/\/shezamme.com\/sklep\/naklejki\/supreme-mary-j-blige\/#primaryimage","url":"https:\/\/shezamme.com\/wp-content\/uploads\/2022\/07\/MaryJBlige_9888ba83-e153-4fa8-8f69-e06db77eafb5_1024x1024@2x.jpg","contentUrl":"https:\/\/shezamme.com\/wp-content\/uploads\/2022\/07\/MaryJBlige_9888ba83-e153-4fa8-8f69-e06db77eafb5_1024x1024@2x.jpg","width":1920,"height":1920,"caption":"Supreme Mary J. Blige"},{"@type":"BreadcrumbList","@id":"https:\/\/shezamme.com\/sklep\/naklejki\/supreme-mary-j-blige\/#breadcrumb","itemListElement":[{"@type":"ListItem","position":1,"name":"Strona g\u0142\u00f3wna","item":"https:\/\/shezamme.com\/"},{"@type":"ListItem","position":2,"name":"Sklep","item":"https:\/\/shezamme.com\/sklep\/"},{"@type":"ListItem","position":3,"name":"Supreme Mary J. Blige"}]},{"@type":"WebSite","@id":"https:\/\/shezamme.com\/#website","url":"https:\/\/shezamme.com\/","name":"SHEZAMME - Sneakers, Streetwear and luxury brands","description":"Original and exclusive items in one place. Check out our products now and stay up to date with all launches.","publisher":{"@id":"https:\/\/shezamme.com\/#organization"},"potentialAction":[{"@type":"SearchAction","target":{"@type":"EntryPoint","urlTemplate":"https:\/\/shezamme.com\/?s={search_term_string}"},"query-input":{"@type":"PropertyValueSpecification","valueRequired":true,"valueName":"search_term_string"}}],"inLanguage":"en-US"},{"@type":"Organization","@id":"https:\/\/shezamme.com\/#organization","name":"SHEZAMME - Sneakers, Streetwear and luxury brands","url":"https:\/\/shezamme.com\/","logo":{"@type":"ImageObject","inLanguage":"en-US","@id":"https:\/\/shezamme.com\/#\/schema\/logo\/image\/","url":"https:\/\/shezamme.com\/wp-content\/uploads\/2023\/02\/0x0.png","contentUrl":"https:\/\/shezamme.com\/wp-content\/uploads\/2023\/02\/0x0.png","width":2000,"height":2000,"caption":"SHEZAMME - Sneakersy, Streetwear i luksusowe marki"},"image":{"@id":"https:\/\/shezamme.com\/#\/schema\/logo\/image\/"},"sameAs":["https:\/\/www.facebook.com\/SHEZAMME\/","https:\/\/x.com\/SHEZAMME","https:\/\/www.instagram.com\/shezamme\/","https:\/\/www.youtube.com\/channel\/UCsTJxi_9fODHdO_1bmJbqvQ","https:\/\/www.tiktok.com\/shezamme.com"]}]}},"brands":[{"id":753,"name":"supreme","slug":"supreme"}],"_links":{"self":[{"href":"https:\/\/shezamme.com\/en\/wp-json\/wp\/v2\/product\/1495","targetHints":{"allow":["GET"]}}],"collection":[{"href":"https:\/\/shezamme.com\/en\/wp-json\/wp\/v2\/product"}],"about":[{"href":"https:\/\/shezamme.com\/en\/wp-json\/wp\/v2\/types\/product"}],"wp:featuredmedia":[{"embeddable":true,"href":"https:\/\/shezamme.com\/en\/wp-json\/wp\/v2\/media\/1519"}],"wp:attachment":[{"href":"https:\/\/shezamme.com\/en\/wp-json\/wp\/v2\/media?parent=1495"}],"wp:term":[{"taxonomy":"pwb-brand","embeddable":true,"href":"https:\/\/shezamme.com\/en\/wp-json\/wp\/v2\/pwb-brand?post=1495"},{"taxonomy":"product_brand","embeddable":true,"href":"https:\/\/shezamme.com\/en\/wp-json\/wp\/v2\/product_brand?post=1495"},{"taxonomy":"product_cat","embeddable":true,"href":"https:\/\/shezamme.com\/en\/wp-json\/wp\/v2\/product_cat?post=1495"},{"taxonomy":"product_tag","embeddable":true,"href":"https:\/\/shezamme.com\/en\/wp-json\/wp\/v2\/product_tag?post=1495"}],"curies":[{"name":"wp","href":"https:\/\/api.w.org\/{rel}","templated":true}]}}