{"id":1491,"date":"2022-07-30T21:13:42","date_gmt":"2022-07-30T19:13:42","guid":{"rendered":"https:\/\/staging1.waw.pl\/?post_type=product&#038;p=1491"},"modified":"2024-08-09T06:19:46","modified_gmt":"2024-08-09T04:19:46","slug":"supreme-hysteric-glamour-youre-gonna-die","status":"publish","type":"product","link":"https:\/\/shezamme.com\/en\/sklep\/naklejki\/supreme-hysteric-glamour-youre-gonna-die\/","title":{"rendered":"Supreme Hysteric Glamour You&#8217;re Gonna Die"},"content":{"rendered":"<p>Supreme Hysteric Glamour You&#8217;re Gonna Die to kolekcjonerski produkt dla fan\u00f3w streetwearu i kultury pop. Ten wyj\u0105tkowy produkt \u0142\u0105czy kreatywno\u015b\u0107 dw\u00f3ch popularnych marek, a jego wyj\u0105tkowe wzornictwo i styl sprawiaj\u0105, \u017ce wyr\u00f3\u017cnia si\u0119 na tle innych produkt\u00f3w.<\/p>\n<p>Na przedniej cz\u0119\u015bci koszulki widnieje wydrukowany napis &#8222;You&#8217;re Gonna Die&#8221; w charakterystycznym stylu Hysteric Glamour, kt\u00f3ry stanowi o\u015b tego wzoru. Ca\u0142o\u015b\u0107 dope\u0142nia niewielki nadruk logo Supreme na piersi, co dodaje produktowi dodatkowej warto\u015bci i presti\u017cu.<\/p>\n<p>Koszulka jest wykonana z wysokiej jako\u015bci materia\u0142\u00f3w, co gwarantuje jej wytrzyma\u0142o\u015b\u0107 i trwa\u0142o\u015b\u0107, a jednocze\u015bnie zapewnia komfort u\u017cytkowania i dobry wygl\u0105d. Materia\u0142 jest mi\u0119kki i przyjemny w dotyku, dzi\u0119ki czemu koszulka jest wyj\u0105tkowo wygodna w noszeniu.<\/p>\n<p>Supreme Hysteric Glamour You&#8217;re Gonna Die to produkt, kt\u00f3ry z pewno\u015bci\u0105 przypadnie do gustu mi\u0142o\u015bnikom unikalnych i wyj\u0105tkowych ubra\u0144. \u015awietnie sprawdzi si\u0119 jako dodatek do casualowego stroju, ale te\u017c jako element kolekcjonerski, kt\u00f3ry warto b\u0119dzie doda\u0107 do swojej kolekcji streetwearowej.<\/p>","protected":false},"excerpt":{"rendered":"<p>Supreme Hysteric Glamour You&#8217;re Gonna Die<br \/>\nW sezonie jesienno-zimowym 2017 Supreme New York wyda\u0142a 2 naklejki we wsp\u00f3\u0142pracy z Hysteric Glamour. Naklejka to s\u0142owa \u201eYou&#8217;re Gonna Die\u201d<\/p>","protected":false},"featured_media":1517,"template":"","meta":{"_acf_changed":false,"_yoast_wpseo_focuskw":"Supreme Hysteric Glamour You're Gonna Die","_yoast_wpseo_title":"","_yoast_wpseo_metadesc":""},"pwb-brand":[753],"product_brand":[],"product_cat":[272],"product_tag":[],"class_list":{"0":"post-1491","1":"product","2":"type-product","3":"status-publish","4":"has-post-thumbnail","6":"pwb-brand-supreme","7":"product_cat-naklejki","9":"first","10":"outofstock","11":"taxable","12":"shipping-taxable","13":"purchasable","14":"product-type-variable","15":"has-default-attributes"},"acf":[],"yoast_head":"<!-- This site is optimized with the Yoast SEO plugin v27.2 - https:\/\/yoast.com\/product\/yoast-seo-wordpress\/ -->\n<title>Supreme Hysteric Glamour You&#039;re Gonna Die - SHEZAMME<\/title>\n<meta name=\"description\" content=\"Supreme Hysteric Glamour You&#039;re Gonna Die | Luksusowe i autentyczne przedmioty w jednym miejscu. B\u0105d\u017a na bie\u017c\u0105co i sprawd\u017a nasz\u0105 ofert\u0119 ju\u017c teraz\" \/>\n<meta name=\"robots\" content=\"index, follow, max-snippet:-1, max-image-preview:large, max-video-preview:-1\" \/>\n<link rel=\"canonical\" href=\"https:\/\/shezamme.com\/en\/sklep\/stickers\/supreme-hysteric-glamour-youre-gonna-die\/\" \/>\n<meta property=\"og:locale\" content=\"en_US\" \/>\n<meta property=\"og:type\" content=\"article\" \/>\n<meta property=\"og:title\" content=\"Supreme Hysteric Glamour You&#039;re Gonna Die - SHEZAMME\" \/>\n<meta property=\"og:description\" content=\"Supreme Hysteric Glamour You&#039;re Gonna Die | Luksusowe i autentyczne przedmioty w jednym miejscu. B\u0105d\u017a na bie\u017c\u0105co i sprawd\u017a nasz\u0105 ofert\u0119 ju\u017c teraz\" \/>\n<meta property=\"og:url\" content=\"https:\/\/shezamme.com\/en\/sklep\/stickers\/supreme-hysteric-glamour-youre-gonna-die\/\" \/>\n<meta property=\"og:site_name\" content=\"SHEZAMME - Yeezy, Jordan, Supreme i inne oryginalne rzeczy\" \/>\n<meta property=\"article:publisher\" content=\"https:\/\/www.facebook.com\/SHEZAMME\/\" \/>\n<meta property=\"article:modified_time\" content=\"2024-08-09T04:19:46+00:00\" \/>\n<meta property=\"og:image\" content=\"https:\/\/shezamme.com\/wp-content\/uploads\/2022\/07\/YGDMini_1024x1024@2x.jpg\" \/>\n\t<meta property=\"og:image:width\" content=\"1265\" \/>\n\t<meta property=\"og:image:height\" content=\"1265\" \/>\n\t<meta property=\"og:image:type\" content=\"image\/jpeg\" \/>\n<meta name=\"twitter:card\" content=\"summary_large_image\" \/>\n<meta name=\"twitter:site\" content=\"@SHEZAMME\" \/>\n<meta name=\"twitter:label1\" content=\"Est. reading time\" \/>\n\t<meta name=\"twitter:data1\" content=\"1 minute\" \/>\n<script type=\"application\/ld+json\" class=\"yoast-schema-graph\">{\"@context\":\"https:\/\/schema.org\",\"@graph\":[{\"@type\":\"WebPage\",\"@id\":\"https:\/\/shezamme.com\/sklep\/naklejki\/supreme-hysteric-glamour-youre-gonna-die\/\",\"url\":\"https:\/\/shezamme.com\/sklep\/naklejki\/supreme-hysteric-glamour-youre-gonna-die\/\",\"name\":\"Supreme Hysteric Glamour You're Gonna Die - SHEZAMME\",\"isPartOf\":{\"@id\":\"https:\/\/shezamme.com\/#website\"},\"primaryImageOfPage\":{\"@id\":\"https:\/\/shezamme.com\/sklep\/naklejki\/supreme-hysteric-glamour-youre-gonna-die\/#primaryimage\"},\"image\":{\"@id\":\"https:\/\/shezamme.com\/sklep\/naklejki\/supreme-hysteric-glamour-youre-gonna-die\/#primaryimage\"},\"thumbnailUrl\":\"https:\/\/shezamme.com\/wp-content\/uploads\/2022\/07\/YGDMini_1024x1024@2x.jpg\",\"datePublished\":\"2022-07-30T19:13:42+00:00\",\"dateModified\":\"2024-08-09T04:19:46+00:00\",\"description\":\"Supreme Hysteric Glamour You're Gonna Die | Luksusowe i autentyczne przedmioty w jednym miejscu. B\u0105d\u017a na bie\u017c\u0105co i sprawd\u017a nasz\u0105 ofert\u0119 ju\u017c teraz\",\"breadcrumb\":{\"@id\":\"https:\/\/shezamme.com\/sklep\/naklejki\/supreme-hysteric-glamour-youre-gonna-die\/#breadcrumb\"},\"inLanguage\":\"en-US\",\"potentialAction\":[{\"@type\":\"ReadAction\",\"target\":[\"https:\/\/shezamme.com\/sklep\/naklejki\/supreme-hysteric-glamour-youre-gonna-die\/\"]}]},{\"@type\":\"ImageObject\",\"inLanguage\":\"en-US\",\"@id\":\"https:\/\/shezamme.com\/sklep\/naklejki\/supreme-hysteric-glamour-youre-gonna-die\/#primaryimage\",\"url\":\"https:\/\/shezamme.com\/wp-content\/uploads\/2022\/07\/YGDMini_1024x1024@2x.jpg\",\"contentUrl\":\"https:\/\/shezamme.com\/wp-content\/uploads\/2022\/07\/YGDMini_1024x1024@2x.jpg\",\"width\":1265,\"height\":1265,\"caption\":\"Supreme Hysteric Glamour You&#8217;re Gonna Die\"},{\"@type\":\"BreadcrumbList\",\"@id\":\"https:\/\/shezamme.com\/sklep\/naklejki\/supreme-hysteric-glamour-youre-gonna-die\/#breadcrumb\",\"itemListElement\":[{\"@type\":\"ListItem\",\"position\":1,\"name\":\"Strona g\u0142\u00f3wna\",\"item\":\"https:\/\/shezamme.com\/\"},{\"@type\":\"ListItem\",\"position\":2,\"name\":\"Sklep\",\"item\":\"https:\/\/shezamme.com\/sklep\/\"},{\"@type\":\"ListItem\",\"position\":3,\"name\":\"Supreme Hysteric Glamour You&#8217;re Gonna Die\"}]},{\"@type\":\"WebSite\",\"@id\":\"https:\/\/shezamme.com\/#website\",\"url\":\"https:\/\/shezamme.com\/\",\"name\":\"SHEZAMME - Sneakersy, Streetwear i luksusowe marki\",\"description\":\"Oryginalne i ekskluzywne przedmioty w jednym miejscu. Sprawd\u017a nasze produkty ju\u017c teraz i b\u0105d\u017a na bie\u017c\u0105co z wszystkimi premierami.\",\"publisher\":{\"@id\":\"https:\/\/shezamme.com\/#organization\"},\"potentialAction\":[{\"@type\":\"SearchAction\",\"target\":{\"@type\":\"EntryPoint\",\"urlTemplate\":\"https:\/\/shezamme.com\/?s={search_term_string}\"},\"query-input\":{\"@type\":\"PropertyValueSpecification\",\"valueRequired\":true,\"valueName\":\"search_term_string\"}}],\"inLanguage\":\"en-US\"},{\"@type\":\"Organization\",\"@id\":\"https:\/\/shezamme.com\/#organization\",\"name\":\"SHEZAMME - Sneakersy, Streetwear i luksusowe marki\",\"url\":\"https:\/\/shezamme.com\/\",\"logo\":{\"@type\":\"ImageObject\",\"inLanguage\":\"en-US\",\"@id\":\"https:\/\/shezamme.com\/#\/schema\/logo\/image\/\",\"url\":\"https:\/\/shezamme.com\/wp-content\/uploads\/2023\/02\/0x0.png\",\"contentUrl\":\"https:\/\/shezamme.com\/wp-content\/uploads\/2023\/02\/0x0.png\",\"width\":2000,\"height\":2000,\"caption\":\"SHEZAMME - Sneakersy, Streetwear i luksusowe marki\"},\"image\":{\"@id\":\"https:\/\/shezamme.com\/#\/schema\/logo\/image\/\"},\"sameAs\":[\"https:\/\/www.facebook.com\/SHEZAMME\/\",\"https:\/\/x.com\/SHEZAMME\",\"https:\/\/www.instagram.com\/shezamme\/\",\"https:\/\/www.youtube.com\/channel\/UCsTJxi_9fODHdO_1bmJbqvQ\",\"https:\/\/www.tiktok.com\/shezamme.com\"]}]}<\/script>\n<!-- \/ Yoast SEO plugin. -->","yoast_head_json":{"title":"Supreme Hysteric Glamour You're Gonna Die - SHEZAMME","description":"Supreme Hysteric Glamour You're Gonna Die | Luksusowe i autentyczne przedmioty w jednym miejscu. B\u0105d\u017a na bie\u017c\u0105co i sprawd\u017a nasz\u0105 ofert\u0119 ju\u017c teraz","robots":{"index":"index","follow":"follow","max-snippet":"max-snippet:-1","max-image-preview":"max-image-preview:large","max-video-preview":"max-video-preview:-1"},"canonical":"https:\/\/shezamme.com\/en\/sklep\/stickers\/supreme-hysteric-glamour-youre-gonna-die\/","og_locale":"en_US","og_type":"article","og_title":"Supreme Hysteric Glamour You're Gonna Die - SHEZAMME","og_description":"Supreme Hysteric Glamour You're Gonna Die | Luksusowe i autentyczne przedmioty w jednym miejscu. B\u0105d\u017a na bie\u017c\u0105co i sprawd\u017a nasz\u0105 ofert\u0119 ju\u017c teraz","og_url":"https:\/\/shezamme.com\/en\/sklep\/stickers\/supreme-hysteric-glamour-youre-gonna-die\/","og_site_name":"SHEZAMME - Yeezy, Jordan, Supreme i inne oryginalne rzeczy","article_publisher":"https:\/\/www.facebook.com\/SHEZAMME\/","article_modified_time":"2024-08-09T04:19:46+00:00","og_image":[{"width":1265,"height":1265,"url":"https:\/\/shezamme.com\/wp-content\/uploads\/2022\/07\/YGDMini_1024x1024@2x.jpg","type":"image\/jpeg"}],"twitter_card":"summary_large_image","twitter_site":"@SHEZAMME","twitter_misc":{"Est. reading time":"1 minute"},"schema":{"@context":"https:\/\/schema.org","@graph":[{"@type":"WebPage","@id":"https:\/\/shezamme.com\/sklep\/naklejki\/supreme-hysteric-glamour-youre-gonna-die\/","url":"https:\/\/shezamme.com\/sklep\/naklejki\/supreme-hysteric-glamour-youre-gonna-die\/","name":"Supreme Hysteric Glamour You're Gonna Die - SHEZAMME","isPartOf":{"@id":"https:\/\/shezamme.com\/#website"},"primaryImageOfPage":{"@id":"https:\/\/shezamme.com\/sklep\/naklejki\/supreme-hysteric-glamour-youre-gonna-die\/#primaryimage"},"image":{"@id":"https:\/\/shezamme.com\/sklep\/naklejki\/supreme-hysteric-glamour-youre-gonna-die\/#primaryimage"},"thumbnailUrl":"https:\/\/shezamme.com\/wp-content\/uploads\/2022\/07\/YGDMini_1024x1024@2x.jpg","datePublished":"2022-07-30T19:13:42+00:00","dateModified":"2024-08-09T04:19:46+00:00","description":"Supreme Hysteric Glamour You're Gonna Die | Luksusowe i autentyczne przedmioty w jednym miejscu. B\u0105d\u017a na bie\u017c\u0105co i sprawd\u017a nasz\u0105 ofert\u0119 ju\u017c teraz","breadcrumb":{"@id":"https:\/\/shezamme.com\/sklep\/naklejki\/supreme-hysteric-glamour-youre-gonna-die\/#breadcrumb"},"inLanguage":"en-US","potentialAction":[{"@type":"ReadAction","target":["https:\/\/shezamme.com\/sklep\/naklejki\/supreme-hysteric-glamour-youre-gonna-die\/"]}]},{"@type":"ImageObject","inLanguage":"en-US","@id":"https:\/\/shezamme.com\/sklep\/naklejki\/supreme-hysteric-glamour-youre-gonna-die\/#primaryimage","url":"https:\/\/shezamme.com\/wp-content\/uploads\/2022\/07\/YGDMini_1024x1024@2x.jpg","contentUrl":"https:\/\/shezamme.com\/wp-content\/uploads\/2022\/07\/YGDMini_1024x1024@2x.jpg","width":1265,"height":1265,"caption":"Supreme Hysteric Glamour You&#8217;re Gonna Die"},{"@type":"BreadcrumbList","@id":"https:\/\/shezamme.com\/sklep\/naklejki\/supreme-hysteric-glamour-youre-gonna-die\/#breadcrumb","itemListElement":[{"@type":"ListItem","position":1,"name":"Strona g\u0142\u00f3wna","item":"https:\/\/shezamme.com\/"},{"@type":"ListItem","position":2,"name":"Sklep","item":"https:\/\/shezamme.com\/sklep\/"},{"@type":"ListItem","position":3,"name":"Supreme Hysteric Glamour You&#8217;re Gonna Die"}]},{"@type":"WebSite","@id":"https:\/\/shezamme.com\/#website","url":"https:\/\/shezamme.com\/","name":"SHEZAMME - Sneakers, Streetwear and luxury brands","description":"Original and exclusive items in one place. Check out our products now and stay up to date with all launches.","publisher":{"@id":"https:\/\/shezamme.com\/#organization"},"potentialAction":[{"@type":"SearchAction","target":{"@type":"EntryPoint","urlTemplate":"https:\/\/shezamme.com\/?s={search_term_string}"},"query-input":{"@type":"PropertyValueSpecification","valueRequired":true,"valueName":"search_term_string"}}],"inLanguage":"en-US"},{"@type":"Organization","@id":"https:\/\/shezamme.com\/#organization","name":"SHEZAMME - Sneakers, Streetwear and luxury brands","url":"https:\/\/shezamme.com\/","logo":{"@type":"ImageObject","inLanguage":"en-US","@id":"https:\/\/shezamme.com\/#\/schema\/logo\/image\/","url":"https:\/\/shezamme.com\/wp-content\/uploads\/2023\/02\/0x0.png","contentUrl":"https:\/\/shezamme.com\/wp-content\/uploads\/2023\/02\/0x0.png","width":2000,"height":2000,"caption":"SHEZAMME - Sneakersy, Streetwear i luksusowe marki"},"image":{"@id":"https:\/\/shezamme.com\/#\/schema\/logo\/image\/"},"sameAs":["https:\/\/www.facebook.com\/SHEZAMME\/","https:\/\/x.com\/SHEZAMME","https:\/\/www.instagram.com\/shezamme\/","https:\/\/www.youtube.com\/channel\/UCsTJxi_9fODHdO_1bmJbqvQ","https:\/\/www.tiktok.com\/shezamme.com"]}]}},"brands":[{"id":753,"name":"supreme","slug":"supreme"}],"_links":{"self":[{"href":"https:\/\/shezamme.com\/en\/wp-json\/wp\/v2\/product\/1491","targetHints":{"allow":["GET"]}}],"collection":[{"href":"https:\/\/shezamme.com\/en\/wp-json\/wp\/v2\/product"}],"about":[{"href":"https:\/\/shezamme.com\/en\/wp-json\/wp\/v2\/types\/product"}],"wp:featuredmedia":[{"embeddable":true,"href":"https:\/\/shezamme.com\/en\/wp-json\/wp\/v2\/media\/1517"}],"wp:attachment":[{"href":"https:\/\/shezamme.com\/en\/wp-json\/wp\/v2\/media?parent=1491"}],"wp:term":[{"taxonomy":"pwb-brand","embeddable":true,"href":"https:\/\/shezamme.com\/en\/wp-json\/wp\/v2\/pwb-brand?post=1491"},{"taxonomy":"product_brand","embeddable":true,"href":"https:\/\/shezamme.com\/en\/wp-json\/wp\/v2\/product_brand?post=1491"},{"taxonomy":"product_cat","embeddable":true,"href":"https:\/\/shezamme.com\/en\/wp-json\/wp\/v2\/product_cat?post=1491"},{"taxonomy":"product_tag","embeddable":true,"href":"https:\/\/shezamme.com\/en\/wp-json\/wp\/v2\/product_tag?post=1491"}],"curies":[{"name":"wp","href":"https:\/\/api.w.org\/{rel}","templated":true}]}}